{"id":8833,"date":"2017-11-16T01:52:02","date_gmt":"2017-11-16T01:52:02","guid":{"rendered":"http:\/\/cbf.ca\/fr\/?page_id=8833"},"modified":"2018-05-17T21:16:20","modified_gmt":"2018-05-17T21:16:20","slug":"scent-free-policy","status":"publish","type":"page","link":"https:\/\/cbf.ca\/fr\/politiques-de-la-fcb\/scent-free-policy\/","title":{"rendered":"Tournois sans parfum"},"content":{"rendered":"<p><span id=\"result_box\" lang=\"fr\">En raison de l&rsquo;augmentation du nombre de joueurs qui ont d\u00e9velopp\u00e9 des allergies\u00a0aux produits\u00a0parfum\u00e9s et\u00a0qui de ce fait se retrouvent en situation stressante lors des tournois, la F\u00e9d\u00e9ration canadienne de bridge a adopt\u00e9 une politique de tournois sans parfum. Ceci concerne les\u00a0joueurs portant des\u00a0parfums, des lotions apr\u00e8s-rasage et d&rsquo;autres produits\u00a0parfum\u00e9s.<\/span><\/p>\n<p><span id=\"result_box\" lang=\"fr\">Tous les joueurs et kibitzers sont tenus de respecter cette politique et de s&rsquo;abstenir de porter des produits parfum\u00e9s lorsqu&rsquo;ils participent \u00e0 un tournoi\u00a0de la\u00a0CBF.<\/span><\/p>\n<p>&nbsp;<\/p>\n","protected":false},"excerpt":{"rendered":"<p>En raison de l&rsquo;augmentation du nombre de joueurs qui ont d\u00e9velopp\u00e9 des allergies\u00a0aux produits\u00a0parfum\u00e9s et\u00a0qui de ce fait se retrouvent en situation stressante lors des tournois, la F\u00e9d\u00e9ration canadienne de bridge a adopt\u00e9 une politique de tournois sans parfum. Ceci concerne les\u00a0joueurs portant des\u00a0parfums, des lotions apr\u00e8s-rasage et d&rsquo;autres produits\u00a0parfum\u00e9s. Tous les joueurs et kibitzers<br><a class=\"moretag signature-animation\" href=\"https:\/\/cbf.ca\/fr\/politiques-de-la-fcb\/scent-free-policy\/\">CONTINUER LA LECTURE<\/a>","protected":false},"author":1,"featured_media":0,"parent":3408,"menu_order":0,"comment_status":"closed","ping_status":"closed","template":"","meta":{"footnotes":""},"yoast_head":"<!-- This site is optimized with the Yoast SEO plugin v22.3 - https:\/\/yoast.com\/wordpress\/plugins\/seo\/ -->\n<title>Tournois sans parfum - Canadian Bridge Federation<\/title>\n<meta name=\"robots\" content=\"index, follow, max-snippet:-1, max-image-preview:large, max-video-preview:-1\" \/>\n<link rel=\"canonical\" href=\"https:\/\/cbf.ca\/fr\/politiques-de-la-fcb\/scent-free-policy\/\" \/>\n<meta property=\"og:locale\" content=\"fr_FR\" \/>\n<meta property=\"og:type\" content=\"article\" \/>\n<meta property=\"og:title\" content=\"Tournois sans parfum - Canadian Bridge Federation\" \/>\n<meta property=\"og:description\" content=\"En raison de l&rsquo;augmentation du nombre de joueurs qui ont d\u00e9velopp\u00e9 des allergies\u00a0aux produits\u00a0parfum\u00e9s et\u00a0qui de ce fait se retrouvent en situation stressante lors des tournois, la F\u00e9d\u00e9ration canadienne de bridge a adopt\u00e9 une politique de tournois sans parfum. Ceci concerne les\u00a0joueurs portant des\u00a0parfums, des lotions apr\u00e8s-rasage et d&rsquo;autres produits\u00a0parfum\u00e9s. Tous les joueurs et kibitzers\" \/>\n<meta property=\"og:url\" content=\"https:\/\/cbf.ca\/fr\/politiques-de-la-fcb\/scent-free-policy\/\" \/>\n<meta property=\"og:site_name\" content=\"Canadian Bridge Federation\" \/>\n<meta property=\"article:publisher\" content=\"https:\/\/www.facebook.com\/Canadian.Bridge.Federation\/\" \/>\n<meta property=\"article:modified_time\" content=\"2018-05-17T21:16:20+00:00\" \/>\n<script type=\"application\/ld+json\" class=\"yoast-schema-graph\">{\"@context\":\"https:\/\/schema.org\",\"@graph\":[{\"@type\":\"WebPage\",\"@id\":\"https:\/\/cbf.ca\/fr\/politiques-de-la-fcb\/scent-free-policy\/\",\"url\":\"https:\/\/cbf.ca\/fr\/politiques-de-la-fcb\/scent-free-policy\/\",\"name\":\"Tournois sans parfum - Canadian Bridge Federation\",\"isPartOf\":{\"@id\":\"https:\/\/cbf.ca\/#website\"},\"datePublished\":\"2017-11-16T01:52:02+00:00\",\"dateModified\":\"2018-05-17T21:16:20+00:00\",\"breadcrumb\":{\"@id\":\"https:\/\/cbf.ca\/fr\/politiques-de-la-fcb\/scent-free-policy\/#breadcrumb\"},\"inLanguage\":\"fr-FR\",\"potentialAction\":[{\"@type\":\"ReadAction\",\"target\":[\"https:\/\/cbf.ca\/fr\/politiques-de-la-fcb\/scent-free-policy\/\"]}]},{\"@type\":\"BreadcrumbList\",\"@id\":\"https:\/\/cbf.ca\/fr\/politiques-de-la-fcb\/scent-free-policy\/#breadcrumb\",\"itemListElement\":[{\"@type\":\"ListItem\",\"position\":1,\"name\":\"Home\",\"item\":\"https:\/\/cbf.ca\/\"},{\"@type\":\"ListItem\",\"position\":2,\"name\":\"Politiques de la FCB\",\"item\":\"https:\/\/cbf.ca\/fr\/politiques-de-la-fcb\/\"},{\"@type\":\"ListItem\",\"position\":3,\"name\":\"Tournois sans parfum\"}]},{\"@type\":\"WebSite\",\"@id\":\"https:\/\/cbf.ca\/#website\",\"url\":\"https:\/\/cbf.ca\/\",\"name\":\"Canadian Bridge Federation\",\"description\":\"F\u00e9d\u00e9ration canadienne de bridge\",\"potentialAction\":[{\"@type\":\"SearchAction\",\"target\":{\"@type\":\"EntryPoint\",\"urlTemplate\":\"https:\/\/cbf.ca\/?s={search_term_string}\"},\"query-input\":\"required name=search_term_string\"}],\"inLanguage\":\"fr-FR\"}]}<\/script>\n<!-- \/ Yoast SEO plugin. -->","yoast_head_json":{"title":"Tournois sans parfum - Canadian Bridge Federation","robots":{"index":"index","follow":"follow","max-snippet":"max-snippet:-1","max-image-preview":"max-image-preview:large","max-video-preview":"max-video-preview:-1"},"canonical":"https:\/\/cbf.ca\/fr\/politiques-de-la-fcb\/scent-free-policy\/","og_locale":"fr_FR","og_type":"article","og_title":"Tournois sans parfum - Canadian Bridge Federation","og_description":"En raison de l&rsquo;augmentation du nombre de joueurs qui ont d\u00e9velopp\u00e9 des allergies\u00a0aux produits\u00a0parfum\u00e9s et\u00a0qui de ce fait se retrouvent en situation stressante lors des tournois, la F\u00e9d\u00e9ration canadienne de bridge a adopt\u00e9 une politique de tournois sans parfum. Ceci concerne les\u00a0joueurs portant des\u00a0parfums, des lotions apr\u00e8s-rasage et d&rsquo;autres produits\u00a0parfum\u00e9s. Tous les joueurs et kibitzers","og_url":"https:\/\/cbf.ca\/fr\/politiques-de-la-fcb\/scent-free-policy\/","og_site_name":"Canadian Bridge Federation","article_publisher":"https:\/\/www.facebook.com\/Canadian.Bridge.Federation\/","article_modified_time":"2018-05-17T21:16:20+00:00","schema":{"@context":"https:\/\/schema.org","@graph":[{"@type":"WebPage","@id":"https:\/\/cbf.ca\/fr\/politiques-de-la-fcb\/scent-free-policy\/","url":"https:\/\/cbf.ca\/fr\/politiques-de-la-fcb\/scent-free-policy\/","name":"Tournois sans parfum - Canadian Bridge Federation","isPartOf":{"@id":"https:\/\/cbf.ca\/#website"},"datePublished":"2017-11-16T01:52:02+00:00","dateModified":"2018-05-17T21:16:20+00:00","breadcrumb":{"@id":"https:\/\/cbf.ca\/fr\/politiques-de-la-fcb\/scent-free-policy\/#breadcrumb"},"inLanguage":"fr-FR","potentialAction":[{"@type":"ReadAction","target":["https:\/\/cbf.ca\/fr\/politiques-de-la-fcb\/scent-free-policy\/"]}]},{"@type":"BreadcrumbList","@id":"https:\/\/cbf.ca\/fr\/politiques-de-la-fcb\/scent-free-policy\/#breadcrumb","itemListElement":[{"@type":"ListItem","position":1,"name":"Home","item":"https:\/\/cbf.ca\/"},{"@type":"ListItem","position":2,"name":"Politiques de la FCB","item":"https:\/\/cbf.ca\/fr\/politiques-de-la-fcb\/"},{"@type":"ListItem","position":3,"name":"Tournois sans parfum"}]},{"@type":"WebSite","@id":"https:\/\/cbf.ca\/#website","url":"https:\/\/cbf.ca\/","name":"Canadian Bridge Federation","description":"F\u00e9d\u00e9ration canadienne de bridge","potentialAction":[{"@type":"SearchAction","target":{"@type":"EntryPoint","urlTemplate":"https:\/\/cbf.ca\/?s={search_term_string}"},"query-input":"required name=search_term_string"}],"inLanguage":"fr-FR"}]}},"_links":{"self":[{"href":"https:\/\/cbf.ca\/fr\/wp-json\/wp\/v2\/pages\/8833"}],"collection":[{"href":"https:\/\/cbf.ca\/fr\/wp-json\/wp\/v2\/pages"}],"about":[{"href":"https:\/\/cbf.ca\/fr\/wp-json\/wp\/v2\/types\/page"}],"author":[{"embeddable":true,"href":"https:\/\/cbf.ca\/fr\/wp-json\/wp\/v2\/users\/1"}],"replies":[{"embeddable":true,"href":"https:\/\/cbf.ca\/fr\/wp-json\/wp\/v2\/comments?post=8833"}],"version-history":[{"count":3,"href":"https:\/\/cbf.ca\/fr\/wp-json\/wp\/v2\/pages\/8833\/revisions"}],"predecessor-version":[{"id":8843,"href":"https:\/\/cbf.ca\/fr\/wp-json\/wp\/v2\/pages\/8833\/revisions\/8843"}],"up":[{"embeddable":true,"href":"https:\/\/cbf.ca\/fr\/wp-json\/wp\/v2\/pages\/3408"}],"wp:attachment":[{"href":"https:\/\/cbf.ca\/fr\/wp-json\/wp\/v2\/media?parent=8833"}],"curies":[{"name":"wp","href":"https:\/\/api.w.org\/{rel}","templated":true}]}}