{"id":8462,"date":"2017-03-23T17:24:02","date_gmt":"2017-03-23T17:24:02","guid":{"rendered":"http:\/\/cbf.ca\/fr\/?page_id=8462"},"modified":"2019-06-12T19:49:31","modified_gmt":"2019-06-12T19:49:31","slug":"day-bridge-benefitting-alzheimers-societies-canada","status":"publish","type":"page","link":"https:\/\/cbf.ca\/fr\/gerants-de-clubs\/day-bridge-benefitting-alzheimers-societies-canada\/","title":{"rendered":"Jour du bridge pour les Soci\u00e9t\u00e9s Alzheimer au Canada"},"content":{"rendered":"<p>Une fois de plus, la FCB et\u00a0la\u00a0Soci\u00e9t\u00e9\u00a0Alzheimer du\u00a0Canada font \u00e9quipe\u00a0pour promouvoir\u00a0La plus longue journ\u00e9e du bridge. Notre \u00e9v\u00e9nement est bas\u00e9 sur celui tenu aux \u00c9tats-Unis par l&rsquo;ACBL et l&rsquo;association\u00a0Alzheimer. Nous voulons vous pr\u00e9senter la version canadienne de cet \u00e9v\u00e9nement et veiller \u00e0 ce que tout l&rsquo;argent recueilli au Canada reste au Canada pour aider les personnes souffrant de cette maladie dans nos communaut\u00e9s.<\/p>\n<p>Cette ann\u00e9e, les clubs peuvent choisir leur journ\u00e9e entre le\u00a016\u00a0et le 23 juin 2019, pour organiser des parties visant \u00e0 recueillir des fonds. Pour vous inscrire, veuillez remplir le formulaire en ligne ci-dessous (ou vous pouvez envoyer par les informations demand\u00e9es par courriel \u00e0 <a href=\"mailto:ina@cbf.ca\">ina@cbf.ca<\/a>).<\/p>\n<p>Le Jour de bridge peut \u00eatre une journ\u00e9e amusante et un moyen de faire conna\u00eetre votre club et le travail de la F\u00e9d\u00e9ration canadienne de bridge (voir le Guide ci-dessous).<\/p>\n<p>Plusieurs joueurs voudront faire des dons sp\u00e9ciaux \u00e0 la Soci\u00e9t\u00e9 Alzheimer, lesquels peuvent \u00eatre faits de trois fa\u00e7ons:<\/p>\n<ol>\n<li>Directement sur le site web Alzheimer \u00e0:\u00a0<a href=\"https:\/\/alzheimer.ca\/fr\/Home\">www.alzheimer.ca<\/a>. Veuillez enregistrer ces dons afin que nous puissions les inclure dans les totaux du Canada.<\/li>\n<li>Faire un ch\u00e8que \u00e0 l&rsquo;ordre de la soci\u00e9t\u00e9 Alzheimer de votre choix. T\u00e9l\u00e9charger le formulaire de dons que nous avons fourni et envoyez-le \u00e0 notre soci\u00e9t\u00e9 locale. Les adresses de chaque soci\u00e9t\u00e9 provinciale se retrouve \u00e0:\u00a0<a href=\"https:\/\/alzheimer.ca\/fr\/Home\/provincial-office-directory\">https:\/\/alzheimer.ca\/en\/Home\/provincial-office-directory<\/a>.<\/li>\n<li>Faire un ch\u00e8que au Fonds de charit\u00e9 de la F\u00e9d\u00e9ration canadienne de bridge. Nous \u00e9mettrons un re\u00e7u d&rsquo;imp\u00f4t et enverrons le montant correspondant \u00e0 votre soci\u00e9t\u00e9 Alzheimer provinciale.<strong>\u00a0<\/strong><\/li>\n<\/ol>\n<p><strong>Vous devez remettre votre rapport de fin de mois \u00e0 l&rsquo;ACBL. Assurez-vous de bien conserver les sommes dues pour les frais de sanction \u00e0 remettre \u00e0 l&rsquo;ACBL \u2013 cet argent sera ensuite renvoy\u00e9 au Canada et \u00e0 nos propres soci\u00e9t\u00e9s Alzheimer.<\/strong><\/p>\n<p><strong><u>Frais de sanction<\/u>:<\/strong><\/p>\n<p>Les frais de sanction sont payables \u00e0 l&rsquo;ACBL. L&rsquo;ACBL prend en charge et renvoie tous les frais de sanction \u00e0 la FCB-FC. Nous envoyons ensuite ces fonds aux soci\u00e9t\u00e9s Alzheimer provinciales.\u00a0 Les frais de sanction pour 2019 sont:<\/p>\n<p><strong><u>Parties r\u00e9guli\u00e8res de 18+ planchettes<\/u><\/strong>:<\/p>\n<p>1,00$ US par table PLUS 1.00$ US par personne pour un total de 5,00$ US (6,20$ CDN) par table.<\/p>\n<p><strong><u>Parties raccourcies de 12 \u00e0 17 planchettes<\/u><\/strong><\/p>\n<p>0,58$ US par table PLUS 0,75$ US par personne pour un total de 3,58$ US (4,44$ CDN) par table.<\/p>\n<p><em>Bas\u00e9 sur un taux de change de 1,24<\/em><\/p>\n<p>&nbsp;<\/p>\n<p>D&rsquo;autres informations sont disponibles sur le site de l&rsquo;ACBL:<br \/>\n<a href=\"https:\/\/www.acbl.org\/clubs_page\/special-events\/the-longest-day\/non-registration-participation-instruction-for-the-longest-day\/\">https:\/\/www.acbl.org\/clubs_page\/special-events\/the-longest-day\/non-registration-participation-instruction-for-the-longest-day\/<\/a>.<\/p>\n<p><strong>ASSUREZ-VOUS DE VOUS INSCRIRE SUR LE SITE DE LA FCB \u2013 NOUS VOULONS QUE TOUS LES CLUBS CANADIENS SOIENT INSCRITS AU CANADA.<\/strong><\/p>\n<p>Nous esp\u00e9rons que vous y participerez et nous aiderez \u00e0 faire de cette journ\u00e9e un succ\u00e8s retentissant!<\/p>\n<ul>\n<li><a href=\"http:\/\/cbf.ca\/club-managers-section\/alzheimer-event\/day-bridge-registration-online-form\/\">Formulaire d&rsquo;inscription du club en ligne<\/a><\/li>\n<li><a href=\"https:\/\/cbf.ca\/wp-content\/uploads\/2019\/04\/Day-of-Bridge-Guide-2019_April09.pdf\" target=\"_blank\">Guide du Jour du bridge<\/a><\/li>\n<li><a href=\"https:\/\/www.acbl.org\/clubs_page\/special-events\/the-longest-day\/\" target=\"_blank\">Instructions CBLscore<\/a><\/li>\n<li><a href=\"https:\/\/cbf.ca\/wp-content\/uploads\/2019\/03\/2019Check_report_Form.docx\">Formulaire de rapport pour les dons<\/a><\/li>\n<li><a href=\"https:\/\/cbf.ca\/wp-content\/uploads\/2019\/03\/Club-Fundraising-summary.xlsx\" target=\"_blank\">R\u00e9sum\u00e9 de la collecte de fonds au club<\/a><\/li>\n<li><a href=\"https:\/\/alzheimer.ca\/en\/Home\/provincial-office-directory\">Soci\u00e9t\u00e9s Alzheimer locales<\/a><\/li>\n<\/ul>\n<ul>\n<li><a href=\"https:\/\/cbf.ca\/wp-content\/uploads\/2019\/04\/Poster_V2.pdf\" target=\"_blank\">Poster<\/a><\/li>\n<li><a href=\"https:\/\/cbf.ca\/wp-content\/uploads\/2019\/03\/10-warning-signs-Alzheimers.pdf\" target=\"_blank\">10 signes avantcoureurs<\/a><\/li>\n<li><a href=\"https:\/\/cbf.ca\/wp-content\/uploads\/2019\/03\/10-warning-signs-Alzheimers.pdf\" target=\"_blank\"> Warning Signs<\/a><\/li>\n<li><a href=\"https:\/\/cbf.ca\/wp-content\/uploads\/2019\/03\/Fact-Sheet-Care-for-the-Caregiver-July-2013.pdf\" target=\"_blank\">Fiche de renseignement pour l&rsquo;aidant<\/a><\/li>\n<li><a href=\"https:\/\/cbf.ca\/wp-content\/uploads\/2019\/03\/Dementia-Communication.jpg\" target=\"_blank\">La communication avec les personnes atteintes<\/a><\/li>\n<li><a href=\"https:\/\/cbf.ca\/wp-content\/uploads\/2019\/06\/A-DAY-OF-BRIDGE-BENEFITTING-ALZHEIMER-CLUB-LIST.pdf\" target=\"_blank\">Liste des clubs participants<\/a>.<\/li>\n<\/ul>\n<p>(documents en anglais)<\/p>\n<p>Svp visiter le site de la <a href=\"https:\/\/alzheimer.ca\/fr\/Home\" target=\"_blank\">Soci\u00e9t\u00e9 Alzheimer Canada<\/a> pour des informations en fran\u00e7ais.<\/p>\n<p>&nbsp;<\/p>\n","protected":false},"excerpt":{"rendered":"<p>Une fois de plus, la FCB et\u00a0la\u00a0Soci\u00e9t\u00e9\u00a0Alzheimer du\u00a0Canada font \u00e9quipe\u00a0pour promouvoir\u00a0La plus longue journ\u00e9e du bridge. Notre \u00e9v\u00e9nement est bas\u00e9 sur celui tenu aux \u00c9tats-Unis par l&rsquo;ACBL et l&rsquo;association\u00a0Alzheimer. Nous voulons vous pr\u00e9senter la version canadienne de cet \u00e9v\u00e9nement et veiller \u00e0 ce que tout l&rsquo;argent recueilli au Canada reste au Canada pour aider les<br><a class=\"moretag signature-animation\" href=\"https:\/\/cbf.ca\/fr\/gerants-de-clubs\/day-bridge-benefitting-alzheimers-societies-canada\/\">CONTINUER LA LECTURE<\/a>","protected":false},"author":1,"featured_media":0,"parent":3765,"menu_order":0,"comment_status":"closed","ping_status":"closed","template":"","meta":{"footnotes":""},"yoast_head":"<!-- This site is optimized with the Yoast SEO plugin v22.3 - https:\/\/yoast.com\/wordpress\/plugins\/seo\/ -->\n<title>Jour du bridge pour les Soci\u00e9t\u00e9s Alzheimer au Canada - Canadian Bridge Federation<\/title>\n<meta name=\"robots\" content=\"index, follow, max-snippet:-1, max-image-preview:large, max-video-preview:-1\" \/>\n<link rel=\"canonical\" href=\"https:\/\/cbf.ca\/fr\/gerants-de-clubs\/day-bridge-benefitting-alzheimers-societies-canada\/\" \/>\n<meta property=\"og:locale\" content=\"fr_FR\" \/>\n<meta property=\"og:type\" content=\"article\" \/>\n<meta property=\"og:title\" content=\"Jour du bridge pour les Soci\u00e9t\u00e9s Alzheimer au Canada - Canadian Bridge Federation\" \/>\n<meta property=\"og:description\" content=\"Une fois de plus, la FCB et\u00a0la\u00a0Soci\u00e9t\u00e9\u00a0Alzheimer du\u00a0Canada font \u00e9quipe\u00a0pour promouvoir\u00a0La plus longue journ\u00e9e du bridge. Notre \u00e9v\u00e9nement est bas\u00e9 sur celui tenu aux \u00c9tats-Unis par l&rsquo;ACBL et l&rsquo;association\u00a0Alzheimer. Nous voulons vous pr\u00e9senter la version canadienne de cet \u00e9v\u00e9nement et veiller \u00e0 ce que tout l&rsquo;argent recueilli au Canada reste au Canada pour aider les\" \/>\n<meta property=\"og:url\" content=\"https:\/\/cbf.ca\/fr\/gerants-de-clubs\/day-bridge-benefitting-alzheimers-societies-canada\/\" \/>\n<meta property=\"og:site_name\" content=\"Canadian Bridge Federation\" \/>\n<meta property=\"article:publisher\" content=\"https:\/\/www.facebook.com\/Canadian.Bridge.Federation\/\" \/>\n<meta property=\"article:modified_time\" content=\"2019-06-12T19:49:31+00:00\" \/>\n<meta name=\"twitter:label1\" content=\"Dur\u00e9e de lecture estim\u00e9e\" \/>\n\t<meta name=\"twitter:data1\" content=\"3 minutes\" \/>\n<script type=\"application\/ld+json\" class=\"yoast-schema-graph\">{\"@context\":\"https:\/\/schema.org\",\"@graph\":[{\"@type\":\"WebPage\",\"@id\":\"https:\/\/cbf.ca\/fr\/gerants-de-clubs\/day-bridge-benefitting-alzheimers-societies-canada\/\",\"url\":\"https:\/\/cbf.ca\/fr\/gerants-de-clubs\/day-bridge-benefitting-alzheimers-societies-canada\/\",\"name\":\"Jour du bridge pour les Soci\u00e9t\u00e9s Alzheimer au Canada - Canadian Bridge Federation\",\"isPartOf\":{\"@id\":\"https:\/\/cbf.ca\/#website\"},\"datePublished\":\"2017-03-23T17:24:02+00:00\",\"dateModified\":\"2019-06-12T19:49:31+00:00\",\"breadcrumb\":{\"@id\":\"https:\/\/cbf.ca\/fr\/gerants-de-clubs\/day-bridge-benefitting-alzheimers-societies-canada\/#breadcrumb\"},\"inLanguage\":\"fr-FR\",\"potentialAction\":[{\"@type\":\"ReadAction\",\"target\":[\"https:\/\/cbf.ca\/fr\/gerants-de-clubs\/day-bridge-benefitting-alzheimers-societies-canada\/\"]}]},{\"@type\":\"BreadcrumbList\",\"@id\":\"https:\/\/cbf.ca\/fr\/gerants-de-clubs\/day-bridge-benefitting-alzheimers-societies-canada\/#breadcrumb\",\"itemListElement\":[{\"@type\":\"ListItem\",\"position\":1,\"name\":\"Home\",\"item\":\"https:\/\/cbf.ca\/\"},{\"@type\":\"ListItem\",\"position\":2,\"name\":\"G\u00e9rants de clubs\",\"item\":\"https:\/\/cbf.ca\/fr\/gerants-de-clubs\/\"},{\"@type\":\"ListItem\",\"position\":3,\"name\":\"Jour du bridge pour les Soci\u00e9t\u00e9s Alzheimer au Canada\"}]},{\"@type\":\"WebSite\",\"@id\":\"https:\/\/cbf.ca\/#website\",\"url\":\"https:\/\/cbf.ca\/\",\"name\":\"Canadian Bridge Federation\",\"description\":\"F\u00e9d\u00e9ration canadienne de bridge\",\"potentialAction\":[{\"@type\":\"SearchAction\",\"target\":{\"@type\":\"EntryPoint\",\"urlTemplate\":\"https:\/\/cbf.ca\/?s={search_term_string}\"},\"query-input\":\"required name=search_term_string\"}],\"inLanguage\":\"fr-FR\"}]}<\/script>\n<!-- \/ Yoast SEO plugin. -->","yoast_head_json":{"title":"Jour du bridge pour les Soci\u00e9t\u00e9s Alzheimer au Canada - Canadian Bridge Federation","robots":{"index":"index","follow":"follow","max-snippet":"max-snippet:-1","max-image-preview":"max-image-preview:large","max-video-preview":"max-video-preview:-1"},"canonical":"https:\/\/cbf.ca\/fr\/gerants-de-clubs\/day-bridge-benefitting-alzheimers-societies-canada\/","og_locale":"fr_FR","og_type":"article","og_title":"Jour du bridge pour les Soci\u00e9t\u00e9s Alzheimer au Canada - Canadian Bridge Federation","og_description":"Une fois de plus, la FCB et\u00a0la\u00a0Soci\u00e9t\u00e9\u00a0Alzheimer du\u00a0Canada font \u00e9quipe\u00a0pour promouvoir\u00a0La plus longue journ\u00e9e du bridge. Notre \u00e9v\u00e9nement est bas\u00e9 sur celui tenu aux \u00c9tats-Unis par l&rsquo;ACBL et l&rsquo;association\u00a0Alzheimer. Nous voulons vous pr\u00e9senter la version canadienne de cet \u00e9v\u00e9nement et veiller \u00e0 ce que tout l&rsquo;argent recueilli au Canada reste au Canada pour aider les","og_url":"https:\/\/cbf.ca\/fr\/gerants-de-clubs\/day-bridge-benefitting-alzheimers-societies-canada\/","og_site_name":"Canadian Bridge Federation","article_publisher":"https:\/\/www.facebook.com\/Canadian.Bridge.Federation\/","article_modified_time":"2019-06-12T19:49:31+00:00","twitter_misc":{"Dur\u00e9e de lecture estim\u00e9e":"3 minutes"},"schema":{"@context":"https:\/\/schema.org","@graph":[{"@type":"WebPage","@id":"https:\/\/cbf.ca\/fr\/gerants-de-clubs\/day-bridge-benefitting-alzheimers-societies-canada\/","url":"https:\/\/cbf.ca\/fr\/gerants-de-clubs\/day-bridge-benefitting-alzheimers-societies-canada\/","name":"Jour du bridge pour les Soci\u00e9t\u00e9s Alzheimer au Canada - Canadian Bridge Federation","isPartOf":{"@id":"https:\/\/cbf.ca\/#website"},"datePublished":"2017-03-23T17:24:02+00:00","dateModified":"2019-06-12T19:49:31+00:00","breadcrumb":{"@id":"https:\/\/cbf.ca\/fr\/gerants-de-clubs\/day-bridge-benefitting-alzheimers-societies-canada\/#breadcrumb"},"inLanguage":"fr-FR","potentialAction":[{"@type":"ReadAction","target":["https:\/\/cbf.ca\/fr\/gerants-de-clubs\/day-bridge-benefitting-alzheimers-societies-canada\/"]}]},{"@type":"BreadcrumbList","@id":"https:\/\/cbf.ca\/fr\/gerants-de-clubs\/day-bridge-benefitting-alzheimers-societies-canada\/#breadcrumb","itemListElement":[{"@type":"ListItem","position":1,"name":"Home","item":"https:\/\/cbf.ca\/"},{"@type":"ListItem","position":2,"name":"G\u00e9rants de clubs","item":"https:\/\/cbf.ca\/fr\/gerants-de-clubs\/"},{"@type":"ListItem","position":3,"name":"Jour du bridge pour les Soci\u00e9t\u00e9s Alzheimer au Canada"}]},{"@type":"WebSite","@id":"https:\/\/cbf.ca\/#website","url":"https:\/\/cbf.ca\/","name":"Canadian Bridge Federation","description":"F\u00e9d\u00e9ration canadienne de bridge","potentialAction":[{"@type":"SearchAction","target":{"@type":"EntryPoint","urlTemplate":"https:\/\/cbf.ca\/?s={search_term_string}"},"query-input":"required name=search_term_string"}],"inLanguage":"fr-FR"}]}},"_links":{"self":[{"href":"https:\/\/cbf.ca\/fr\/wp-json\/wp\/v2\/pages\/8462"}],"collection":[{"href":"https:\/\/cbf.ca\/fr\/wp-json\/wp\/v2\/pages"}],"about":[{"href":"https:\/\/cbf.ca\/fr\/wp-json\/wp\/v2\/types\/page"}],"author":[{"embeddable":true,"href":"https:\/\/cbf.ca\/fr\/wp-json\/wp\/v2\/users\/1"}],"replies":[{"embeddable":true,"href":"https:\/\/cbf.ca\/fr\/wp-json\/wp\/v2\/comments?post=8462"}],"version-history":[{"count":38,"href":"https:\/\/cbf.ca\/fr\/wp-json\/wp\/v2\/pages\/8462\/revisions"}],"predecessor-version":[{"id":11866,"href":"https:\/\/cbf.ca\/fr\/wp-json\/wp\/v2\/pages\/8462\/revisions\/11866"}],"up":[{"embeddable":true,"href":"https:\/\/cbf.ca\/fr\/wp-json\/wp\/v2\/pages\/3765"}],"wp:attachment":[{"href":"https:\/\/cbf.ca\/fr\/wp-json\/wp\/v2\/media?parent=8462"}],"curies":[{"name":"wp","href":"https:\/\/api.w.org\/{rel}","templated":true}]}}