{"id":6171,"date":"2017-01-24T05:24:43","date_gmt":"2017-01-24T05:24:43","guid":{"rendered":"http:\/\/cbf.ca\/fr\/?page_id=6171"},"modified":"2022-12-30T03:54:03","modified_gmt":"2022-12-29T23:54:03","slug":"jean-castonguay","status":"publish","type":"page","link":"https:\/\/cbf.ca\/fr\/fcb-temple-de-la-renommee\/prix-pour-services-remarquables\/jean-castonguay\/","title":{"rendered":"Jean Castonguay"},"content":{"rendered":"<div style=\"text-align: justify;\"><a class=\"lightbox\" href=\"http:\/\/cbf.ca\/wp-content\/uploads\/2016\/12\/Jean-Castonguay.jpg\"><img loading=\"lazy\" decoding=\"async\" class=\"wp-image-5934 alignleft\" src=\"http:\/\/cbf.ca\/wp-content\/uploads\/2016\/12\/Jean-Castonguay.jpg\" alt=\"Jean-castonguay-fr\" width=\"265\" height=\"201\" srcset=\"https:\/\/cbf.ca\/wp-content\/uploads\/2016\/12\/Jean-Castonguay.jpg 1953w, https:\/\/cbf.ca\/wp-content\/uploads\/2016\/12\/Jean-Castonguay-150x114.jpg 150w, https:\/\/cbf.ca\/wp-content\/uploads\/2016\/12\/Jean-Castonguay-768x583.jpg 768w\" sizes=\"(max-width: 265px) 100vw, 265px\" \/><\/a>Jean a si\u00e9g\u00e9 au conseil d&rsquo;administration de la FCB, repr\u00e9sentant la zone II (Qu\u00e9bec et Est de l&rsquo;Ontario), de 2003 \u00e0 2014. Il a \u00e9t\u00e9 contraint de se retirer \u00e0 ce moment-l\u00e8, pour des raisons de sant\u00e9.<\/div>\n<div style=\"text-align: justify;\"><\/div>\n<div style=\"text-align: justify;\">Au moment de ce prix, Jean a \u00e9t\u00e9 le visage du bridge \u00e0 Montr\u00e9al pendant plus de 20 ans, ayant organis\u00e9 plusieurs tournois de bridge pour la FCB et l&rsquo;Unit\u00e9 151. Il a aussi dirig\u00e9 un club local de bridge \u00e0 Montr\u00e9al, et il a \u00e9t\u00e9 directeur de tournoi.<\/div>\n<div><\/div>\n","protected":false},"excerpt":{"rendered":"<p>Jean a si\u00e9g\u00e9 au conseil d&rsquo;administration de la FCB, repr\u00e9sentant la zone II (Qu\u00e9bec et Est de l&rsquo;Ontario), de 2003 \u00e0 2014. Il a \u00e9t\u00e9 contraint de se retirer \u00e0 ce moment-l\u00e8, pour des raisons de sant\u00e9. Au moment de ce prix, Jean a \u00e9t\u00e9 le visage du bridge \u00e0 Montr\u00e9al pendant plus de 20<br><a class=\"moretag signature-animation\" href=\"https:\/\/cbf.ca\/fr\/fcb-temple-de-la-renommee\/prix-pour-services-remarquables\/jean-castonguay\/\">CONTINUER LA LECTURE<\/a>","protected":false},"author":1,"featured_media":0,"parent":5896,"menu_order":0,"comment_status":"closed","ping_status":"closed","template":"","meta":{"footnotes":""},"yoast_head":"<!-- This site is optimized with the Yoast SEO plugin v22.3 - https:\/\/yoast.com\/wordpress\/plugins\/seo\/ -->\n<title>Jean Castonguay - Canadian Bridge Federation<\/title>\n<meta name=\"robots\" content=\"index, follow, max-snippet:-1, max-image-preview:large, max-video-preview:-1\" \/>\n<link rel=\"canonical\" href=\"https:\/\/cbf.ca\/fr\/fcb-temple-de-la-renommee\/prix-pour-services-remarquables\/jean-castonguay\/\" \/>\n<meta property=\"og:locale\" content=\"fr_FR\" \/>\n<meta property=\"og:type\" content=\"article\" \/>\n<meta property=\"og:title\" content=\"Jean Castonguay - Canadian Bridge Federation\" \/>\n<meta property=\"og:description\" content=\"Jean a si\u00e9g\u00e9 au conseil d&rsquo;administration de la FCB, repr\u00e9sentant la zone II (Qu\u00e9bec et Est de l&rsquo;Ontario), de 2003 \u00e0 2014. Il a \u00e9t\u00e9 contraint de se retirer \u00e0 ce moment-l\u00e8, pour des raisons de sant\u00e9. Au moment de ce prix, Jean a \u00e9t\u00e9 le visage du bridge \u00e0 Montr\u00e9al pendant plus de 20\" \/>\n<meta property=\"og:url\" content=\"https:\/\/cbf.ca\/fr\/fcb-temple-de-la-renommee\/prix-pour-services-remarquables\/jean-castonguay\/\" \/>\n<meta property=\"og:site_name\" content=\"Canadian Bridge Federation\" \/>\n<meta property=\"article:publisher\" content=\"https:\/\/www.facebook.com\/Canadian.Bridge.Federation\/\" \/>\n<meta property=\"article:modified_time\" content=\"2022-12-29T23:54:03+00:00\" \/>\n<meta property=\"og:image\" content=\"http:\/\/cbf.ca\/wp-content\/uploads\/2016\/12\/Jean-Castonguay.jpg\" \/>\n<script type=\"application\/ld+json\" class=\"yoast-schema-graph\">{\"@context\":\"https:\/\/schema.org\",\"@graph\":[{\"@type\":\"WebPage\",\"@id\":\"https:\/\/cbf.ca\/fr\/fcb-temple-de-la-renommee\/prix-pour-services-remarquables\/jean-castonguay\/\",\"url\":\"https:\/\/cbf.ca\/fr\/fcb-temple-de-la-renommee\/prix-pour-services-remarquables\/jean-castonguay\/\",\"name\":\"Jean Castonguay - Canadian Bridge Federation\",\"isPartOf\":{\"@id\":\"https:\/\/cbf.ca\/#website\"},\"primaryImageOfPage\":{\"@id\":\"https:\/\/cbf.ca\/fr\/fcb-temple-de-la-renommee\/prix-pour-services-remarquables\/jean-castonguay\/#primaryimage\"},\"image\":{\"@id\":\"https:\/\/cbf.ca\/fr\/fcb-temple-de-la-renommee\/prix-pour-services-remarquables\/jean-castonguay\/#primaryimage\"},\"thumbnailUrl\":\"http:\/\/cbf.ca\/wp-content\/uploads\/2016\/12\/Jean-Castonguay.jpg\",\"datePublished\":\"2017-01-24T05:24:43+00:00\",\"dateModified\":\"2022-12-29T23:54:03+00:00\",\"breadcrumb\":{\"@id\":\"https:\/\/cbf.ca\/fr\/fcb-temple-de-la-renommee\/prix-pour-services-remarquables\/jean-castonguay\/#breadcrumb\"},\"inLanguage\":\"fr-FR\",\"potentialAction\":[{\"@type\":\"ReadAction\",\"target\":[\"https:\/\/cbf.ca\/fr\/fcb-temple-de-la-renommee\/prix-pour-services-remarquables\/jean-castonguay\/\"]}]},{\"@type\":\"ImageObject\",\"inLanguage\":\"fr-FR\",\"@id\":\"https:\/\/cbf.ca\/fr\/fcb-temple-de-la-renommee\/prix-pour-services-remarquables\/jean-castonguay\/#primaryimage\",\"url\":\"http:\/\/cbf.ca\/wp-content\/uploads\/2016\/12\/Jean-Castonguay.jpg\",\"contentUrl\":\"http:\/\/cbf.ca\/wp-content\/uploads\/2016\/12\/Jean-Castonguay.jpg\"},{\"@type\":\"BreadcrumbList\",\"@id\":\"https:\/\/cbf.ca\/fr\/fcb-temple-de-la-renommee\/prix-pour-services-remarquables\/jean-castonguay\/#breadcrumb\",\"itemListElement\":[{\"@type\":\"ListItem\",\"position\":1,\"name\":\"Home\",\"item\":\"https:\/\/cbf.ca\/\"},{\"@type\":\"ListItem\",\"position\":2,\"name\":\"Temple de la renomm\u00e9e de la FCB\",\"item\":\"https:\/\/cbf.ca\/fr\/fcb-temple-de-la-renommee\/\"},{\"@type\":\"ListItem\",\"position\":3,\"name\":\"Prix d&#8217;excellence pour services remarquables\u00a0\",\"item\":\"https:\/\/cbf.ca\/fr\/fcb-temple-de-la-renommee\/prix-pour-services-remarquables\/\"},{\"@type\":\"ListItem\",\"position\":4,\"name\":\"Jean Castonguay\"}]},{\"@type\":\"WebSite\",\"@id\":\"https:\/\/cbf.ca\/#website\",\"url\":\"https:\/\/cbf.ca\/\",\"name\":\"Canadian Bridge Federation\",\"description\":\"F\u00e9d\u00e9ration canadienne de bridge\",\"potentialAction\":[{\"@type\":\"SearchAction\",\"target\":{\"@type\":\"EntryPoint\",\"urlTemplate\":\"https:\/\/cbf.ca\/?s={search_term_string}\"},\"query-input\":\"required name=search_term_string\"}],\"inLanguage\":\"fr-FR\"}]}<\/script>\n<!-- \/ Yoast SEO plugin. -->","yoast_head_json":{"title":"Jean Castonguay - Canadian Bridge Federation","robots":{"index":"index","follow":"follow","max-snippet":"max-snippet:-1","max-image-preview":"max-image-preview:large","max-video-preview":"max-video-preview:-1"},"canonical":"https:\/\/cbf.ca\/fr\/fcb-temple-de-la-renommee\/prix-pour-services-remarquables\/jean-castonguay\/","og_locale":"fr_FR","og_type":"article","og_title":"Jean Castonguay - Canadian Bridge Federation","og_description":"Jean a si\u00e9g\u00e9 au conseil d&rsquo;administration de la FCB, repr\u00e9sentant la zone II (Qu\u00e9bec et Est de l&rsquo;Ontario), de 2003 \u00e0 2014. Il a \u00e9t\u00e9 contraint de se retirer \u00e0 ce moment-l\u00e8, pour des raisons de sant\u00e9. Au moment de ce prix, Jean a \u00e9t\u00e9 le visage du bridge \u00e0 Montr\u00e9al pendant plus de 20","og_url":"https:\/\/cbf.ca\/fr\/fcb-temple-de-la-renommee\/prix-pour-services-remarquables\/jean-castonguay\/","og_site_name":"Canadian Bridge Federation","article_publisher":"https:\/\/www.facebook.com\/Canadian.Bridge.Federation\/","article_modified_time":"2022-12-29T23:54:03+00:00","og_image":[{"url":"http:\/\/cbf.ca\/wp-content\/uploads\/2016\/12\/Jean-Castonguay.jpg"}],"schema":{"@context":"https:\/\/schema.org","@graph":[{"@type":"WebPage","@id":"https:\/\/cbf.ca\/fr\/fcb-temple-de-la-renommee\/prix-pour-services-remarquables\/jean-castonguay\/","url":"https:\/\/cbf.ca\/fr\/fcb-temple-de-la-renommee\/prix-pour-services-remarquables\/jean-castonguay\/","name":"Jean Castonguay - Canadian Bridge Federation","isPartOf":{"@id":"https:\/\/cbf.ca\/#website"},"primaryImageOfPage":{"@id":"https:\/\/cbf.ca\/fr\/fcb-temple-de-la-renommee\/prix-pour-services-remarquables\/jean-castonguay\/#primaryimage"},"image":{"@id":"https:\/\/cbf.ca\/fr\/fcb-temple-de-la-renommee\/prix-pour-services-remarquables\/jean-castonguay\/#primaryimage"},"thumbnailUrl":"http:\/\/cbf.ca\/wp-content\/uploads\/2016\/12\/Jean-Castonguay.jpg","datePublished":"2017-01-24T05:24:43+00:00","dateModified":"2022-12-29T23:54:03+00:00","breadcrumb":{"@id":"https:\/\/cbf.ca\/fr\/fcb-temple-de-la-renommee\/prix-pour-services-remarquables\/jean-castonguay\/#breadcrumb"},"inLanguage":"fr-FR","potentialAction":[{"@type":"ReadAction","target":["https:\/\/cbf.ca\/fr\/fcb-temple-de-la-renommee\/prix-pour-services-remarquables\/jean-castonguay\/"]}]},{"@type":"ImageObject","inLanguage":"fr-FR","@id":"https:\/\/cbf.ca\/fr\/fcb-temple-de-la-renommee\/prix-pour-services-remarquables\/jean-castonguay\/#primaryimage","url":"http:\/\/cbf.ca\/wp-content\/uploads\/2016\/12\/Jean-Castonguay.jpg","contentUrl":"http:\/\/cbf.ca\/wp-content\/uploads\/2016\/12\/Jean-Castonguay.jpg"},{"@type":"BreadcrumbList","@id":"https:\/\/cbf.ca\/fr\/fcb-temple-de-la-renommee\/prix-pour-services-remarquables\/jean-castonguay\/#breadcrumb","itemListElement":[{"@type":"ListItem","position":1,"name":"Home","item":"https:\/\/cbf.ca\/"},{"@type":"ListItem","position":2,"name":"Temple de la renomm\u00e9e de la FCB","item":"https:\/\/cbf.ca\/fr\/fcb-temple-de-la-renommee\/"},{"@type":"ListItem","position":3,"name":"Prix d&#8217;excellence pour services remarquables\u00a0","item":"https:\/\/cbf.ca\/fr\/fcb-temple-de-la-renommee\/prix-pour-services-remarquables\/"},{"@type":"ListItem","position":4,"name":"Jean Castonguay"}]},{"@type":"WebSite","@id":"https:\/\/cbf.ca\/#website","url":"https:\/\/cbf.ca\/","name":"Canadian Bridge Federation","description":"F\u00e9d\u00e9ration canadienne de bridge","potentialAction":[{"@type":"SearchAction","target":{"@type":"EntryPoint","urlTemplate":"https:\/\/cbf.ca\/?s={search_term_string}"},"query-input":"required name=search_term_string"}],"inLanguage":"fr-FR"}]}},"_links":{"self":[{"href":"https:\/\/cbf.ca\/fr\/wp-json\/wp\/v2\/pages\/6171"}],"collection":[{"href":"https:\/\/cbf.ca\/fr\/wp-json\/wp\/v2\/pages"}],"about":[{"href":"https:\/\/cbf.ca\/fr\/wp-json\/wp\/v2\/types\/page"}],"author":[{"embeddable":true,"href":"https:\/\/cbf.ca\/fr\/wp-json\/wp\/v2\/users\/1"}],"replies":[{"embeddable":true,"href":"https:\/\/cbf.ca\/fr\/wp-json\/wp\/v2\/comments?post=6171"}],"version-history":[{"count":3,"href":"https:\/\/cbf.ca\/fr\/wp-json\/wp\/v2\/pages\/6171\/revisions"}],"predecessor-version":[{"id":24398,"href":"https:\/\/cbf.ca\/fr\/wp-json\/wp\/v2\/pages\/6171\/revisions\/24398"}],"up":[{"embeddable":true,"href":"https:\/\/cbf.ca\/fr\/wp-json\/wp\/v2\/pages\/5896"}],"wp:attachment":[{"href":"https:\/\/cbf.ca\/fr\/wp-json\/wp\/v2\/media?parent=6171"}],"curies":[{"name":"wp","href":"https:\/\/api.w.org\/{rel}","templated":true}]}}