{"id":5899,"date":"2016-12-19T06:58:11","date_gmt":"2016-12-19T02:58:11","guid":{"rendered":"http:\/\/cbf.ca\/fr\/?page_id=5899"},"modified":"2022-12-30T03:42:25","modified_gmt":"2022-12-29T23:42:25","slug":"jan-anderson","status":"publish","type":"page","link":"https:\/\/cbf.ca\/fr\/fcb-temple-de-la-renommee\/prix-pour-services-remarquables\/jan-anderson\/","title":{"rendered":"Jan Anderson"},"content":{"rendered":"<p><a href=\"https:\/\/cbf.ca\/wp-content\/uploads\/2016\/12\/Jan-Anderson.jpg\"><img loading=\"lazy\" decoding=\"async\" class=\"alignleft  wp-image-5878\" title=\"jan-anderson\" src=\"https:\/\/cbf.ca\/wp-content\/uploads\/2016\/12\/Jan-Anderson.jpg\" width=\"165\" height=\"207\" srcset=\"https:\/\/cbf.ca\/wp-content\/uploads\/2016\/12\/Jan-Anderson.jpg 910w, https:\/\/cbf.ca\/wp-content\/uploads\/2016\/12\/Jan-Anderson-120x150.jpg 120w, https:\/\/cbf.ca\/wp-content\/uploads\/2016\/12\/Jan-Anderson-768x964.jpg 768w\" sizes=\"(max-width: 165px) 100vw, 165px\" \/><\/a>En tant qu&rsquo;assistante ex\u00e9cutive et seule employ\u00e9e de la FCB, Jan a \u00e9t\u00e9 le visage de la FCB et le moteur qui a habilement assur\u00e9 le bon fonctionnement de ses op\u00e9rations pendant plus de 25 ans jusqu&rsquo;\u00e0 sa retraite en 2014.<\/p>\n","protected":false},"excerpt":{"rendered":"<p>En tant qu&rsquo;assistante ex\u00e9cutive et seule employ\u00e9e de la FCB, Jan a \u00e9t\u00e9 le visage de la FCB et le moteur qui a habilement assur\u00e9 le bon fonctionnement de ses op\u00e9rations pendant plus de 25 ans jusqu&rsquo;\u00e0 sa retraite en 2014.<br><a class=\"moretag signature-animation\" href=\"https:\/\/cbf.ca\/fr\/fcb-temple-de-la-renommee\/prix-pour-services-remarquables\/jan-anderson\/\">CONTINUER LA LECTURE<\/a>","protected":false},"author":1,"featured_media":0,"parent":5896,"menu_order":0,"comment_status":"closed","ping_status":"closed","template":"","meta":{"footnotes":""},"yoast_head":"<!-- This site is optimized with the Yoast SEO plugin v22.3 - https:\/\/yoast.com\/wordpress\/plugins\/seo\/ -->\n<title>Jan Anderson - Canadian Bridge Federation<\/title>\n<meta name=\"robots\" content=\"index, follow, max-snippet:-1, max-image-preview:large, max-video-preview:-1\" \/>\n<link rel=\"canonical\" href=\"https:\/\/cbf.ca\/fr\/fcb-temple-de-la-renommee\/prix-pour-services-remarquables\/jan-anderson\/\" \/>\n<meta property=\"og:locale\" content=\"fr_FR\" \/>\n<meta property=\"og:type\" content=\"article\" \/>\n<meta property=\"og:title\" content=\"Jan Anderson - Canadian Bridge Federation\" \/>\n<meta property=\"og:description\" content=\"En tant qu&rsquo;assistante ex\u00e9cutive et seule employ\u00e9e de la FCB, Jan a \u00e9t\u00e9 le visage de la FCB et le moteur qui a habilement assur\u00e9 le bon fonctionnement de ses op\u00e9rations pendant plus de 25 ans jusqu&rsquo;\u00e0 sa retraite en 2014.\" \/>\n<meta property=\"og:url\" content=\"https:\/\/cbf.ca\/fr\/fcb-temple-de-la-renommee\/prix-pour-services-remarquables\/jan-anderson\/\" \/>\n<meta property=\"og:site_name\" content=\"Canadian Bridge Federation\" \/>\n<meta property=\"article:publisher\" content=\"https:\/\/www.facebook.com\/Canadian.Bridge.Federation\/\" \/>\n<meta property=\"article:modified_time\" content=\"2022-12-29T23:42:25+00:00\" \/>\n<meta property=\"og:image\" content=\"https:\/\/cbf.ca\/wp-content\/uploads\/2016\/12\/Jan-Anderson.jpg\" \/>\n<meta name=\"twitter:label1\" content=\"Dur\u00e9e de lecture estim\u00e9e\" \/>\n\t<meta name=\"twitter:data1\" content=\"1 minute\" \/>\n<script type=\"application\/ld+json\" class=\"yoast-schema-graph\">{\"@context\":\"https:\/\/schema.org\",\"@graph\":[{\"@type\":\"WebPage\",\"@id\":\"https:\/\/cbf.ca\/fr\/fcb-temple-de-la-renommee\/prix-pour-services-remarquables\/jan-anderson\/\",\"url\":\"https:\/\/cbf.ca\/fr\/fcb-temple-de-la-renommee\/prix-pour-services-remarquables\/jan-anderson\/\",\"name\":\"Jan Anderson - Canadian Bridge Federation\",\"isPartOf\":{\"@id\":\"https:\/\/cbf.ca\/#website\"},\"primaryImageOfPage\":{\"@id\":\"https:\/\/cbf.ca\/fr\/fcb-temple-de-la-renommee\/prix-pour-services-remarquables\/jan-anderson\/#primaryimage\"},\"image\":{\"@id\":\"https:\/\/cbf.ca\/fr\/fcb-temple-de-la-renommee\/prix-pour-services-remarquables\/jan-anderson\/#primaryimage\"},\"thumbnailUrl\":\"https:\/\/cbf.ca\/wp-content\/uploads\/2016\/12\/Jan-Anderson.jpg\",\"datePublished\":\"2016-12-19T02:58:11+00:00\",\"dateModified\":\"2022-12-29T23:42:25+00:00\",\"breadcrumb\":{\"@id\":\"https:\/\/cbf.ca\/fr\/fcb-temple-de-la-renommee\/prix-pour-services-remarquables\/jan-anderson\/#breadcrumb\"},\"inLanguage\":\"fr-FR\",\"potentialAction\":[{\"@type\":\"ReadAction\",\"target\":[\"https:\/\/cbf.ca\/fr\/fcb-temple-de-la-renommee\/prix-pour-services-remarquables\/jan-anderson\/\"]}]},{\"@type\":\"ImageObject\",\"inLanguage\":\"fr-FR\",\"@id\":\"https:\/\/cbf.ca\/fr\/fcb-temple-de-la-renommee\/prix-pour-services-remarquables\/jan-anderson\/#primaryimage\",\"url\":\"https:\/\/cbf.ca\/wp-content\/uploads\/2016\/12\/Jan-Anderson.jpg\",\"contentUrl\":\"https:\/\/cbf.ca\/wp-content\/uploads\/2016\/12\/Jan-Anderson.jpg\",\"width\":910,\"height\":1142},{\"@type\":\"BreadcrumbList\",\"@id\":\"https:\/\/cbf.ca\/fr\/fcb-temple-de-la-renommee\/prix-pour-services-remarquables\/jan-anderson\/#breadcrumb\",\"itemListElement\":[{\"@type\":\"ListItem\",\"position\":1,\"name\":\"Home\",\"item\":\"https:\/\/cbf.ca\/\"},{\"@type\":\"ListItem\",\"position\":2,\"name\":\"Temple de la renomm\u00e9e de la FCB\",\"item\":\"https:\/\/cbf.ca\/fr\/fcb-temple-de-la-renommee\/\"},{\"@type\":\"ListItem\",\"position\":3,\"name\":\"Prix d&#8217;excellence pour services remarquables\u00a0\",\"item\":\"https:\/\/cbf.ca\/fr\/fcb-temple-de-la-renommee\/prix-pour-services-remarquables\/\"},{\"@type\":\"ListItem\",\"position\":4,\"name\":\"Jan Anderson\"}]},{\"@type\":\"WebSite\",\"@id\":\"https:\/\/cbf.ca\/#website\",\"url\":\"https:\/\/cbf.ca\/\",\"name\":\"Canadian Bridge Federation\",\"description\":\"F\u00e9d\u00e9ration canadienne de bridge\",\"potentialAction\":[{\"@type\":\"SearchAction\",\"target\":{\"@type\":\"EntryPoint\",\"urlTemplate\":\"https:\/\/cbf.ca\/?s={search_term_string}\"},\"query-input\":\"required name=search_term_string\"}],\"inLanguage\":\"fr-FR\"}]}<\/script>\n<!-- \/ Yoast SEO plugin. -->","yoast_head_json":{"title":"Jan Anderson - Canadian Bridge Federation","robots":{"index":"index","follow":"follow","max-snippet":"max-snippet:-1","max-image-preview":"max-image-preview:large","max-video-preview":"max-video-preview:-1"},"canonical":"https:\/\/cbf.ca\/fr\/fcb-temple-de-la-renommee\/prix-pour-services-remarquables\/jan-anderson\/","og_locale":"fr_FR","og_type":"article","og_title":"Jan Anderson - Canadian Bridge Federation","og_description":"En tant qu&rsquo;assistante ex\u00e9cutive et seule employ\u00e9e de la FCB, Jan a \u00e9t\u00e9 le visage de la FCB et le moteur qui a habilement assur\u00e9 le bon fonctionnement de ses op\u00e9rations pendant plus de 25 ans jusqu&rsquo;\u00e0 sa retraite en 2014.","og_url":"https:\/\/cbf.ca\/fr\/fcb-temple-de-la-renommee\/prix-pour-services-remarquables\/jan-anderson\/","og_site_name":"Canadian Bridge Federation","article_publisher":"https:\/\/www.facebook.com\/Canadian.Bridge.Federation\/","article_modified_time":"2022-12-29T23:42:25+00:00","og_image":[{"url":"https:\/\/cbf.ca\/wp-content\/uploads\/2016\/12\/Jan-Anderson.jpg"}],"twitter_misc":{"Dur\u00e9e de lecture estim\u00e9e":"1 minute"},"schema":{"@context":"https:\/\/schema.org","@graph":[{"@type":"WebPage","@id":"https:\/\/cbf.ca\/fr\/fcb-temple-de-la-renommee\/prix-pour-services-remarquables\/jan-anderson\/","url":"https:\/\/cbf.ca\/fr\/fcb-temple-de-la-renommee\/prix-pour-services-remarquables\/jan-anderson\/","name":"Jan Anderson - Canadian Bridge Federation","isPartOf":{"@id":"https:\/\/cbf.ca\/#website"},"primaryImageOfPage":{"@id":"https:\/\/cbf.ca\/fr\/fcb-temple-de-la-renommee\/prix-pour-services-remarquables\/jan-anderson\/#primaryimage"},"image":{"@id":"https:\/\/cbf.ca\/fr\/fcb-temple-de-la-renommee\/prix-pour-services-remarquables\/jan-anderson\/#primaryimage"},"thumbnailUrl":"https:\/\/cbf.ca\/wp-content\/uploads\/2016\/12\/Jan-Anderson.jpg","datePublished":"2016-12-19T02:58:11+00:00","dateModified":"2022-12-29T23:42:25+00:00","breadcrumb":{"@id":"https:\/\/cbf.ca\/fr\/fcb-temple-de-la-renommee\/prix-pour-services-remarquables\/jan-anderson\/#breadcrumb"},"inLanguage":"fr-FR","potentialAction":[{"@type":"ReadAction","target":["https:\/\/cbf.ca\/fr\/fcb-temple-de-la-renommee\/prix-pour-services-remarquables\/jan-anderson\/"]}]},{"@type":"ImageObject","inLanguage":"fr-FR","@id":"https:\/\/cbf.ca\/fr\/fcb-temple-de-la-renommee\/prix-pour-services-remarquables\/jan-anderson\/#primaryimage","url":"https:\/\/cbf.ca\/wp-content\/uploads\/2016\/12\/Jan-Anderson.jpg","contentUrl":"https:\/\/cbf.ca\/wp-content\/uploads\/2016\/12\/Jan-Anderson.jpg","width":910,"height":1142},{"@type":"BreadcrumbList","@id":"https:\/\/cbf.ca\/fr\/fcb-temple-de-la-renommee\/prix-pour-services-remarquables\/jan-anderson\/#breadcrumb","itemListElement":[{"@type":"ListItem","position":1,"name":"Home","item":"https:\/\/cbf.ca\/"},{"@type":"ListItem","position":2,"name":"Temple de la renomm\u00e9e de la FCB","item":"https:\/\/cbf.ca\/fr\/fcb-temple-de-la-renommee\/"},{"@type":"ListItem","position":3,"name":"Prix d&#8217;excellence pour services remarquables\u00a0","item":"https:\/\/cbf.ca\/fr\/fcb-temple-de-la-renommee\/prix-pour-services-remarquables\/"},{"@type":"ListItem","position":4,"name":"Jan Anderson"}]},{"@type":"WebSite","@id":"https:\/\/cbf.ca\/#website","url":"https:\/\/cbf.ca\/","name":"Canadian Bridge Federation","description":"F\u00e9d\u00e9ration canadienne de bridge","potentialAction":[{"@type":"SearchAction","target":{"@type":"EntryPoint","urlTemplate":"https:\/\/cbf.ca\/?s={search_term_string}"},"query-input":"required name=search_term_string"}],"inLanguage":"fr-FR"}]}},"_links":{"self":[{"href":"https:\/\/cbf.ca\/fr\/wp-json\/wp\/v2\/pages\/5899"}],"collection":[{"href":"https:\/\/cbf.ca\/fr\/wp-json\/wp\/v2\/pages"}],"about":[{"href":"https:\/\/cbf.ca\/fr\/wp-json\/wp\/v2\/types\/page"}],"author":[{"embeddable":true,"href":"https:\/\/cbf.ca\/fr\/wp-json\/wp\/v2\/users\/1"}],"replies":[{"embeddable":true,"href":"https:\/\/cbf.ca\/fr\/wp-json\/wp\/v2\/comments?post=5899"}],"version-history":[{"count":4,"href":"https:\/\/cbf.ca\/fr\/wp-json\/wp\/v2\/pages\/5899\/revisions"}],"predecessor-version":[{"id":24395,"href":"https:\/\/cbf.ca\/fr\/wp-json\/wp\/v2\/pages\/5899\/revisions\/24395"}],"up":[{"embeddable":true,"href":"https:\/\/cbf.ca\/fr\/wp-json\/wp\/v2\/pages\/5896"}],"wp:attachment":[{"href":"https:\/\/cbf.ca\/fr\/wp-json\/wp\/v2\/media?parent=5899"}],"curies":[{"name":"wp","href":"https:\/\/api.w.org\/{rel}","templated":true}]}}