{"id":5896,"date":"2016-12-19T07:04:58","date_gmt":"2016-12-19T03:04:58","guid":{"rendered":"http:\/\/cbf.ca\/fr\/?page_id=5896"},"modified":"2025-07-01T04:04:27","modified_gmt":"2025-07-01T00:04:27","slug":"prix-pour-services-remarquables","status":"publish","type":"page","link":"https:\/\/cbf.ca\/fr\/fcb-temple-de-la-renommee\/prix-pour-services-remarquables\/","title":{"rendered":"Prix d&rsquo;excellence pour services remarquables\u00a0"},"content":{"rendered":"<p><a href=\"https:\/\/cbf.ca\/wp-content\/uploads\/2016\/12\/Lifetime-Achievment-Award.jpg\"><img loading=\"lazy\" decoding=\"async\" class=\" wp-image-4435 alignright\" title=\"Lifetime Achievement Award\" src=\"https:\/\/cbf.ca\/wp-content\/uploads\/2016\/12\/Lifetime-Achievment-Award.jpg\" width=\"125\" height=\"243\" \/><\/a><\/p>\n<p style=\"text-align: left;\">.<\/p>\n<p style=\"text-align: left;\">Le Prix d&rsquo;excellence de la FCB pour services remarquables est accord\u00e9 \u00e0 des personnes en reconnaissance de leur long et remarquable service dans le milieu du bridge et \u00e0 la F\u00e9d\u00e9ration canadienne de bridge. Les candidats \u00e0 ce prix sont des administrateurs, des enseignants, des directeurs de tournois, et d&rsquo;autres personnes qui ont contribu\u00e9 de mani\u00e8re significative \u00e0 la promotion du bridge et \u00e0 son expansion au Canada.<\/p>\n<div style=\"overflow-x: auto;\">\n<table>\n<tbody>\n<tr>\n<td><a href=\"https:\/\/cbf.ca\/fr\/george-retek\/ \"><img loading=\"lazy\" decoding=\"async\" class=\" wp-image-2249 aligncenter\" src=\"https:\/\/cbf.ca\/wp-content\/uploads\/2016\/12\/George-Retek.jpg\" alt=\"George Retek\" width=\"175\" height=\"175\" \/><\/a>\n<h3 style=\"text-align: center;\"><strong><a href=\"https:\/\/cbf.ca\/fr\/george-retek\/\">George Retek<\/a><\/strong><\/h3>\n<\/td>\n<td><a href=\"https:\/\/cbf.ca\/fr\/jan-anderson\/ \"><img loading=\"lazy\" decoding=\"async\" class=\"aligncenter wp-image-5878\" src=\"https:\/\/cbf.ca\/wp-content\/uploads\/2016\/12\/Jan-Anderson.jpg\" width=\"144\" height=\"175\" \/><\/a>\n<h3 style=\"text-align: center;\"><a href=\"https:\/\/cbf.ca\/fr\/jan-anderson\/\"><strong>Jan Anderson<\/strong><\/a><\/h3>\n<\/td>\n<td><a href=\"https:\/\/cbf.ca\/fr\/richard-anderson\/ \"><img loading=\"lazy\" decoding=\"async\" class=\"aligncenter wp-image-5879\" src=\"https:\/\/cbf.ca\/wp-content\/uploads\/2016\/12\/Dick-Anderson.jpg\" width=\"144\" height=\"175\" srcset=\"https:\/\/cbf.ca\/wp-content\/uploads\/2016\/12\/Dick-Anderson.jpg 1202w, https:\/\/cbf.ca\/wp-content\/uploads\/2016\/12\/Dick-Anderson-124x150.jpg 124w, https:\/\/cbf.ca\/wp-content\/uploads\/2016\/12\/Dick-Anderson-768x932.jpg 768w\" sizes=\"(max-width: 144px) 100vw, 144px\" \/><\/a>\n<h3 style=\"text-align: center;\"><a href=\"https:\/\/cbf.ca\/fr\/richard-anderson\/\"><strong>Richard Anderson<\/strong><\/a><\/h3>\n<\/td>\n<\/tr>\n<tr>\n<td><a href=\"https:\/\/cbf.ca\/fr\/jean-castonguay\/ \"><img loading=\"lazy\" decoding=\"async\" class=\" wp-image-2249 aligncenter\" src=\"https:\/\/cbf.ca\/wp-content\/uploads\/2016\/12\/Jean-Castonguay.jpg\" alt=\"Jean Castonguay\" width=\"192\" height=\"145\" \/><\/a>\n<h3 style=\"text-align: center;\"><a href=\"https:\/\/cbf.ca\/fr\/jean-castonguay\/\"><strong>Jean Castonguay<\/strong><\/a><\/h3>\n<\/td>\n<td><a href=\"https:\/\/cbf.ca\/fr\/neil-kimelman \"><img loading=\"lazy\" decoding=\"async\" class=\" wp-image-2249 aligncenter\" src=\"https:\/\/cbf.ca\/wp-content\/uploads\/2025\/07\/NeilKimelman-2025-LAA-ceremony.jpg\" alt=\"Neil Kimelman\" width=\"149\" height=\"176\" \/><\/a>\n<h3 style=\"text-align: center;\"><a href=\"https:\/\/cbf.ca\/fr\/neil-kimelman\/\"><strong>Neil Kimelman<\/strong><\/a><\/h3>\n<\/td>\n<td><\/td>\n<\/tr>\n<\/tbody>\n<\/table>\n<\/div>\n","protected":false},"excerpt":{"rendered":"<p>. Le Prix d&rsquo;excellence de la FCB pour services remarquables est accord\u00e9 \u00e0 des personnes en reconnaissance de leur long et remarquable service dans le milieu du bridge et \u00e0 la F\u00e9d\u00e9ration canadienne de bridge. Les candidats \u00e0 ce prix sont des administrateurs, des enseignants, des directeurs de tournois, et d&rsquo;autres personnes qui ont contribu\u00e9<br><a class=\"moretag signature-animation\" href=\"https:\/\/cbf.ca\/fr\/fcb-temple-de-la-renommee\/prix-pour-services-remarquables\/\">CONTINUER LA LECTURE<\/a>","protected":false},"author":1,"featured_media":0,"parent":3737,"menu_order":0,"comment_status":"closed","ping_status":"closed","template":"","meta":{"footnotes":""},"yoast_head":"<!-- This site is optimized with the Yoast SEO plugin v22.3 - https:\/\/yoast.com\/wordpress\/plugins\/seo\/ -->\n<title>Prix d&#039;excellence pour services remarquables\u00a0 - Canadian Bridge Federation<\/title>\n<meta name=\"robots\" content=\"index, follow, max-snippet:-1, max-image-preview:large, max-video-preview:-1\" \/>\n<link rel=\"canonical\" href=\"https:\/\/cbf.ca\/fr\/fcb-temple-de-la-renommee\/prix-pour-services-remarquables\/\" \/>\n<meta property=\"og:locale\" content=\"fr_FR\" \/>\n<meta property=\"og:type\" content=\"article\" \/>\n<meta property=\"og:title\" content=\"Prix d&#039;excellence pour services remarquables\u00a0 - Canadian Bridge Federation\" \/>\n<meta property=\"og:description\" content=\". Le Prix d&rsquo;excellence de la FCB pour services remarquables est accord\u00e9 \u00e0 des personnes en reconnaissance de leur long et remarquable service dans le milieu du bridge et \u00e0 la F\u00e9d\u00e9ration canadienne de bridge. Les candidats \u00e0 ce prix sont des administrateurs, des enseignants, des directeurs de tournois, et d&rsquo;autres personnes qui ont contribu\u00e9\" \/>\n<meta property=\"og:url\" content=\"https:\/\/cbf.ca\/fr\/fcb-temple-de-la-renommee\/prix-pour-services-remarquables\/\" \/>\n<meta property=\"og:site_name\" content=\"Canadian Bridge Federation\" \/>\n<meta property=\"article:publisher\" content=\"https:\/\/www.facebook.com\/Canadian.Bridge.Federation\/\" \/>\n<meta property=\"article:modified_time\" content=\"2025-07-01T00:04:27+00:00\" \/>\n<meta property=\"og:image\" content=\"https:\/\/cbf.ca\/wp-content\/uploads\/2016\/12\/Lifetime-Achievment-Award.jpg\" \/>\n<meta name=\"twitter:label1\" content=\"Dur\u00e9e de lecture estim\u00e9e\" \/>\n\t<meta name=\"twitter:data1\" content=\"2 minutes\" \/>\n<script type=\"application\/ld+json\" class=\"yoast-schema-graph\">{\"@context\":\"https:\/\/schema.org\",\"@graph\":[{\"@type\":\"WebPage\",\"@id\":\"https:\/\/cbf.ca\/fr\/fcb-temple-de-la-renommee\/prix-pour-services-remarquables\/\",\"url\":\"https:\/\/cbf.ca\/fr\/fcb-temple-de-la-renommee\/prix-pour-services-remarquables\/\",\"name\":\"Prix d'excellence pour services remarquables\u00a0 - Canadian Bridge Federation\",\"isPartOf\":{\"@id\":\"https:\/\/cbf.ca\/#website\"},\"primaryImageOfPage\":{\"@id\":\"https:\/\/cbf.ca\/fr\/fcb-temple-de-la-renommee\/prix-pour-services-remarquables\/#primaryimage\"},\"image\":{\"@id\":\"https:\/\/cbf.ca\/fr\/fcb-temple-de-la-renommee\/prix-pour-services-remarquables\/#primaryimage\"},\"thumbnailUrl\":\"https:\/\/cbf.ca\/wp-content\/uploads\/2016\/12\/Lifetime-Achievment-Award.jpg\",\"datePublished\":\"2016-12-19T03:04:58+00:00\",\"dateModified\":\"2025-07-01T00:04:27+00:00\",\"breadcrumb\":{\"@id\":\"https:\/\/cbf.ca\/fr\/fcb-temple-de-la-renommee\/prix-pour-services-remarquables\/#breadcrumb\"},\"inLanguage\":\"fr-FR\",\"potentialAction\":[{\"@type\":\"ReadAction\",\"target\":[\"https:\/\/cbf.ca\/fr\/fcb-temple-de-la-renommee\/prix-pour-services-remarquables\/\"]}]},{\"@type\":\"ImageObject\",\"inLanguage\":\"fr-FR\",\"@id\":\"https:\/\/cbf.ca\/fr\/fcb-temple-de-la-renommee\/prix-pour-services-remarquables\/#primaryimage\",\"url\":\"https:\/\/cbf.ca\/wp-content\/uploads\/2016\/12\/Lifetime-Achievment-Award.jpg\",\"contentUrl\":\"https:\/\/cbf.ca\/wp-content\/uploads\/2016\/12\/Lifetime-Achievment-Award.jpg\",\"width\":1734,\"height\":3370},{\"@type\":\"BreadcrumbList\",\"@id\":\"https:\/\/cbf.ca\/fr\/fcb-temple-de-la-renommee\/prix-pour-services-remarquables\/#breadcrumb\",\"itemListElement\":[{\"@type\":\"ListItem\",\"position\":1,\"name\":\"Home\",\"item\":\"https:\/\/cbf.ca\/\"},{\"@type\":\"ListItem\",\"position\":2,\"name\":\"Temple de la renomm\u00e9e de la FCB\",\"item\":\"https:\/\/cbf.ca\/fr\/fcb-temple-de-la-renommee\/\"},{\"@type\":\"ListItem\",\"position\":3,\"name\":\"Prix d&#8217;excellence pour services remarquables\u00a0\"}]},{\"@type\":\"WebSite\",\"@id\":\"https:\/\/cbf.ca\/#website\",\"url\":\"https:\/\/cbf.ca\/\",\"name\":\"Canadian Bridge Federation\",\"description\":\"F\u00e9d\u00e9ration canadienne de bridge\",\"potentialAction\":[{\"@type\":\"SearchAction\",\"target\":{\"@type\":\"EntryPoint\",\"urlTemplate\":\"https:\/\/cbf.ca\/?s={search_term_string}\"},\"query-input\":\"required name=search_term_string\"}],\"inLanguage\":\"fr-FR\"}]}<\/script>\n<!-- \/ Yoast SEO plugin. -->","yoast_head_json":{"title":"Prix d'excellence pour services remarquables\u00a0 - Canadian Bridge Federation","robots":{"index":"index","follow":"follow","max-snippet":"max-snippet:-1","max-image-preview":"max-image-preview:large","max-video-preview":"max-video-preview:-1"},"canonical":"https:\/\/cbf.ca\/fr\/fcb-temple-de-la-renommee\/prix-pour-services-remarquables\/","og_locale":"fr_FR","og_type":"article","og_title":"Prix d'excellence pour services remarquables\u00a0 - Canadian Bridge Federation","og_description":". Le Prix d&rsquo;excellence de la FCB pour services remarquables est accord\u00e9 \u00e0 des personnes en reconnaissance de leur long et remarquable service dans le milieu du bridge et \u00e0 la F\u00e9d\u00e9ration canadienne de bridge. Les candidats \u00e0 ce prix sont des administrateurs, des enseignants, des directeurs de tournois, et d&rsquo;autres personnes qui ont contribu\u00e9","og_url":"https:\/\/cbf.ca\/fr\/fcb-temple-de-la-renommee\/prix-pour-services-remarquables\/","og_site_name":"Canadian Bridge Federation","article_publisher":"https:\/\/www.facebook.com\/Canadian.Bridge.Federation\/","article_modified_time":"2025-07-01T00:04:27+00:00","og_image":[{"url":"https:\/\/cbf.ca\/wp-content\/uploads\/2016\/12\/Lifetime-Achievment-Award.jpg"}],"twitter_misc":{"Dur\u00e9e de lecture estim\u00e9e":"2 minutes"},"schema":{"@context":"https:\/\/schema.org","@graph":[{"@type":"WebPage","@id":"https:\/\/cbf.ca\/fr\/fcb-temple-de-la-renommee\/prix-pour-services-remarquables\/","url":"https:\/\/cbf.ca\/fr\/fcb-temple-de-la-renommee\/prix-pour-services-remarquables\/","name":"Prix d'excellence pour services remarquables\u00a0 - Canadian Bridge Federation","isPartOf":{"@id":"https:\/\/cbf.ca\/#website"},"primaryImageOfPage":{"@id":"https:\/\/cbf.ca\/fr\/fcb-temple-de-la-renommee\/prix-pour-services-remarquables\/#primaryimage"},"image":{"@id":"https:\/\/cbf.ca\/fr\/fcb-temple-de-la-renommee\/prix-pour-services-remarquables\/#primaryimage"},"thumbnailUrl":"https:\/\/cbf.ca\/wp-content\/uploads\/2016\/12\/Lifetime-Achievment-Award.jpg","datePublished":"2016-12-19T03:04:58+00:00","dateModified":"2025-07-01T00:04:27+00:00","breadcrumb":{"@id":"https:\/\/cbf.ca\/fr\/fcb-temple-de-la-renommee\/prix-pour-services-remarquables\/#breadcrumb"},"inLanguage":"fr-FR","potentialAction":[{"@type":"ReadAction","target":["https:\/\/cbf.ca\/fr\/fcb-temple-de-la-renommee\/prix-pour-services-remarquables\/"]}]},{"@type":"ImageObject","inLanguage":"fr-FR","@id":"https:\/\/cbf.ca\/fr\/fcb-temple-de-la-renommee\/prix-pour-services-remarquables\/#primaryimage","url":"https:\/\/cbf.ca\/wp-content\/uploads\/2016\/12\/Lifetime-Achievment-Award.jpg","contentUrl":"https:\/\/cbf.ca\/wp-content\/uploads\/2016\/12\/Lifetime-Achievment-Award.jpg","width":1734,"height":3370},{"@type":"BreadcrumbList","@id":"https:\/\/cbf.ca\/fr\/fcb-temple-de-la-renommee\/prix-pour-services-remarquables\/#breadcrumb","itemListElement":[{"@type":"ListItem","position":1,"name":"Home","item":"https:\/\/cbf.ca\/"},{"@type":"ListItem","position":2,"name":"Temple de la renomm\u00e9e de la FCB","item":"https:\/\/cbf.ca\/fr\/fcb-temple-de-la-renommee\/"},{"@type":"ListItem","position":3,"name":"Prix d&#8217;excellence pour services remarquables\u00a0"}]},{"@type":"WebSite","@id":"https:\/\/cbf.ca\/#website","url":"https:\/\/cbf.ca\/","name":"Canadian Bridge Federation","description":"F\u00e9d\u00e9ration canadienne de bridge","potentialAction":[{"@type":"SearchAction","target":{"@type":"EntryPoint","urlTemplate":"https:\/\/cbf.ca\/?s={search_term_string}"},"query-input":"required name=search_term_string"}],"inLanguage":"fr-FR"}]}},"_links":{"self":[{"href":"https:\/\/cbf.ca\/fr\/wp-json\/wp\/v2\/pages\/5896"}],"collection":[{"href":"https:\/\/cbf.ca\/fr\/wp-json\/wp\/v2\/pages"}],"about":[{"href":"https:\/\/cbf.ca\/fr\/wp-json\/wp\/v2\/types\/page"}],"author":[{"embeddable":true,"href":"https:\/\/cbf.ca\/fr\/wp-json\/wp\/v2\/users\/1"}],"replies":[{"embeddable":true,"href":"https:\/\/cbf.ca\/fr\/wp-json\/wp\/v2\/comments?post=5896"}],"version-history":[{"count":18,"href":"https:\/\/cbf.ca\/fr\/wp-json\/wp\/v2\/pages\/5896\/revisions"}],"predecessor-version":[{"id":33067,"href":"https:\/\/cbf.ca\/fr\/wp-json\/wp\/v2\/pages\/5896\/revisions\/33067"}],"up":[{"embeddable":true,"href":"https:\/\/cbf.ca\/fr\/wp-json\/wp\/v2\/pages\/3737"}],"wp:attachment":[{"href":"https:\/\/cbf.ca\/fr\/wp-json\/wp\/v2\/media?parent=5896"}],"curies":[{"name":"wp","href":"https:\/\/api.w.org\/{rel}","templated":true}]}}