{"id":5858,"date":"2016-12-17T22:43:48","date_gmt":"2016-12-17T18:43:48","guid":{"rendered":"http:\/\/cbf.ca\/fr\/?page_id=5858"},"modified":"2022-12-30T03:39:06","modified_gmt":"2022-12-29T23:39:06","slug":"george-retek","status":"publish","type":"page","link":"https:\/\/cbf.ca\/fr\/fcb-temple-de-la-renommee\/prix-pour-services-remarquables\/george-retek\/","title":{"rendered":"George Retek"},"content":{"rendered":"<p style=\"text-align: justify;\"><a class=\"lightbox\" href=\"https:\/\/cbf.ca\/wp-content\/uploads\/2016\/12\/George-Retek.jpg\"><img loading=\"lazy\" decoding=\"async\" class=\"size-full wp-image-5932 alignleft\" src=\"https:\/\/cbf.ca\/wp-content\/uploads\/2016\/12\/George-Retek.jpg\" alt=\"george-retek\" width=\"180\" height=\"180\" srcset=\"https:\/\/cbf.ca\/wp-content\/uploads\/2016\/12\/George-Retek.jpg 1536w, https:\/\/cbf.ca\/wp-content\/uploads\/2016\/12\/George-Retek-150x150.jpg 150w, https:\/\/cbf.ca\/wp-content\/uploads\/2016\/12\/George-Retek-768x768.jpg 768w, https:\/\/cbf.ca\/wp-content\/uploads\/2016\/12\/George-Retek-160x160.jpg 160w\" sizes=\"(max-width: 180px) 100vw, 180px\" \/><\/a>George Retek a \u00e9t\u00e9 le premier r\u00e9cipiendaire du Prix de la FCB pour services remarquables\u00a0en reconnaissance de ses 33 ans de service au bridge canadien.<\/p>\n<p style=\"text-align: justify;\">Retek, qui a servi comme membre du Conseil ex\u00e9cutif de la WBF pendant 23 ans, est le seul canadien membre du Comit\u00e9 d\u2019honneur de la WBF, le plus grand honneur que la WBF conf\u00e8re \u00e0 un membre. Il a amen\u00e9 les Championnats mondiaux \u00e0 Montr\u00e9al en 2002, et a servi comme pr\u00e9sident du comit\u00e9 organisateur. C\u2019est la seule fois o\u00f9 un Championnat mondial de bridge a eu lieu au Canada. George Retek, qui a repr\u00e9sent\u00e9 pendant 33 ans le district 1 au Conseil d\u2019administration de l\u2019ACBL avant de se retirer en 2012, a \u00e9t\u00e9 \u00e9lu Pr\u00e9sident de l\u2019ACBL en 2002.<\/p>\n","protected":false},"excerpt":{"rendered":"<p>George Retek a \u00e9t\u00e9 le premier r\u00e9cipiendaire du Prix de la FCB pour services remarquables\u00a0en reconnaissance de ses 33 ans de service au bridge canadien. Retek, qui a servi comme membre du Conseil ex\u00e9cutif de la WBF pendant 23 ans, est le seul canadien membre du Comit\u00e9 d\u2019honneur de la WBF, le plus grand honneur<br><a class=\"moretag signature-animation\" href=\"https:\/\/cbf.ca\/fr\/fcb-temple-de-la-renommee\/prix-pour-services-remarquables\/george-retek\/\">CONTINUER LA LECTURE<\/a>","protected":false},"author":1,"featured_media":0,"parent":5896,"menu_order":0,"comment_status":"closed","ping_status":"closed","template":"","meta":{"footnotes":""},"yoast_head":"<!-- This site is optimized with the Yoast SEO plugin v22.3 - https:\/\/yoast.com\/wordpress\/plugins\/seo\/ -->\n<title>George Retek - Canadian Bridge Federation<\/title>\n<meta name=\"robots\" content=\"index, follow, max-snippet:-1, max-image-preview:large, max-video-preview:-1\" \/>\n<link rel=\"canonical\" href=\"https:\/\/cbf.ca\/fr\/fcb-temple-de-la-renommee\/prix-pour-services-remarquables\/george-retek\/\" \/>\n<meta property=\"og:locale\" content=\"fr_FR\" \/>\n<meta property=\"og:type\" content=\"article\" \/>\n<meta property=\"og:title\" content=\"George Retek - Canadian Bridge Federation\" \/>\n<meta property=\"og:description\" content=\"George Retek a \u00e9t\u00e9 le premier r\u00e9cipiendaire du Prix de la FCB pour services remarquables\u00a0en reconnaissance de ses 33 ans de service au bridge canadien. Retek, qui a servi comme membre du Conseil ex\u00e9cutif de la WBF pendant 23 ans, est le seul canadien membre du Comit\u00e9 d\u2019honneur de la WBF, le plus grand honneur\" \/>\n<meta property=\"og:url\" content=\"https:\/\/cbf.ca\/fr\/fcb-temple-de-la-renommee\/prix-pour-services-remarquables\/george-retek\/\" \/>\n<meta property=\"og:site_name\" content=\"Canadian Bridge Federation\" \/>\n<meta property=\"article:publisher\" content=\"https:\/\/www.facebook.com\/Canadian.Bridge.Federation\/\" \/>\n<meta property=\"article:modified_time\" content=\"2022-12-29T23:39:06+00:00\" \/>\n<meta property=\"og:image\" content=\"https:\/\/cbf.ca\/wp-content\/uploads\/2016\/12\/George-Retek.jpg\" \/>\n<meta name=\"twitter:label1\" content=\"Dur\u00e9e de lecture estim\u00e9e\" \/>\n\t<meta name=\"twitter:data1\" content=\"1 minute\" \/>\n<script type=\"application\/ld+json\" class=\"yoast-schema-graph\">{\"@context\":\"https:\/\/schema.org\",\"@graph\":[{\"@type\":\"WebPage\",\"@id\":\"https:\/\/cbf.ca\/fr\/fcb-temple-de-la-renommee\/prix-pour-services-remarquables\/george-retek\/\",\"url\":\"https:\/\/cbf.ca\/fr\/fcb-temple-de-la-renommee\/prix-pour-services-remarquables\/george-retek\/\",\"name\":\"George Retek - Canadian Bridge Federation\",\"isPartOf\":{\"@id\":\"https:\/\/cbf.ca\/#website\"},\"primaryImageOfPage\":{\"@id\":\"https:\/\/cbf.ca\/fr\/fcb-temple-de-la-renommee\/prix-pour-services-remarquables\/george-retek\/#primaryimage\"},\"image\":{\"@id\":\"https:\/\/cbf.ca\/fr\/fcb-temple-de-la-renommee\/prix-pour-services-remarquables\/george-retek\/#primaryimage\"},\"thumbnailUrl\":\"https:\/\/cbf.ca\/wp-content\/uploads\/2016\/12\/George-Retek.jpg\",\"datePublished\":\"2016-12-17T18:43:48+00:00\",\"dateModified\":\"2022-12-29T23:39:06+00:00\",\"breadcrumb\":{\"@id\":\"https:\/\/cbf.ca\/fr\/fcb-temple-de-la-renommee\/prix-pour-services-remarquables\/george-retek\/#breadcrumb\"},\"inLanguage\":\"fr-FR\",\"potentialAction\":[{\"@type\":\"ReadAction\",\"target\":[\"https:\/\/cbf.ca\/fr\/fcb-temple-de-la-renommee\/prix-pour-services-remarquables\/george-retek\/\"]}]},{\"@type\":\"ImageObject\",\"inLanguage\":\"fr-FR\",\"@id\":\"https:\/\/cbf.ca\/fr\/fcb-temple-de-la-renommee\/prix-pour-services-remarquables\/george-retek\/#primaryimage\",\"url\":\"https:\/\/cbf.ca\/wp-content\/uploads\/2016\/12\/George-Retek.jpg\",\"contentUrl\":\"https:\/\/cbf.ca\/wp-content\/uploads\/2016\/12\/George-Retek.jpg\",\"width\":1536,\"height\":1536},{\"@type\":\"BreadcrumbList\",\"@id\":\"https:\/\/cbf.ca\/fr\/fcb-temple-de-la-renommee\/prix-pour-services-remarquables\/george-retek\/#breadcrumb\",\"itemListElement\":[{\"@type\":\"ListItem\",\"position\":1,\"name\":\"Home\",\"item\":\"https:\/\/cbf.ca\/\"},{\"@type\":\"ListItem\",\"position\":2,\"name\":\"Temple de la renomm\u00e9e de la FCB\",\"item\":\"https:\/\/cbf.ca\/fr\/fcb-temple-de-la-renommee\/\"},{\"@type\":\"ListItem\",\"position\":3,\"name\":\"Prix d&#8217;excellence pour services remarquables\u00a0\",\"item\":\"https:\/\/cbf.ca\/fr\/fcb-temple-de-la-renommee\/prix-pour-services-remarquables\/\"},{\"@type\":\"ListItem\",\"position\":4,\"name\":\"George Retek\"}]},{\"@type\":\"WebSite\",\"@id\":\"https:\/\/cbf.ca\/#website\",\"url\":\"https:\/\/cbf.ca\/\",\"name\":\"Canadian Bridge Federation\",\"description\":\"F\u00e9d\u00e9ration canadienne de bridge\",\"potentialAction\":[{\"@type\":\"SearchAction\",\"target\":{\"@type\":\"EntryPoint\",\"urlTemplate\":\"https:\/\/cbf.ca\/?s={search_term_string}\"},\"query-input\":\"required name=search_term_string\"}],\"inLanguage\":\"fr-FR\"}]}<\/script>\n<!-- \/ Yoast SEO plugin. -->","yoast_head_json":{"title":"George Retek - Canadian Bridge Federation","robots":{"index":"index","follow":"follow","max-snippet":"max-snippet:-1","max-image-preview":"max-image-preview:large","max-video-preview":"max-video-preview:-1"},"canonical":"https:\/\/cbf.ca\/fr\/fcb-temple-de-la-renommee\/prix-pour-services-remarquables\/george-retek\/","og_locale":"fr_FR","og_type":"article","og_title":"George Retek - Canadian Bridge Federation","og_description":"George Retek a \u00e9t\u00e9 le premier r\u00e9cipiendaire du Prix de la FCB pour services remarquables\u00a0en reconnaissance de ses 33 ans de service au bridge canadien. Retek, qui a servi comme membre du Conseil ex\u00e9cutif de la WBF pendant 23 ans, est le seul canadien membre du Comit\u00e9 d\u2019honneur de la WBF, le plus grand honneur","og_url":"https:\/\/cbf.ca\/fr\/fcb-temple-de-la-renommee\/prix-pour-services-remarquables\/george-retek\/","og_site_name":"Canadian Bridge Federation","article_publisher":"https:\/\/www.facebook.com\/Canadian.Bridge.Federation\/","article_modified_time":"2022-12-29T23:39:06+00:00","og_image":[{"url":"https:\/\/cbf.ca\/wp-content\/uploads\/2016\/12\/George-Retek.jpg"}],"twitter_misc":{"Dur\u00e9e de lecture estim\u00e9e":"1 minute"},"schema":{"@context":"https:\/\/schema.org","@graph":[{"@type":"WebPage","@id":"https:\/\/cbf.ca\/fr\/fcb-temple-de-la-renommee\/prix-pour-services-remarquables\/george-retek\/","url":"https:\/\/cbf.ca\/fr\/fcb-temple-de-la-renommee\/prix-pour-services-remarquables\/george-retek\/","name":"George Retek - Canadian Bridge Federation","isPartOf":{"@id":"https:\/\/cbf.ca\/#website"},"primaryImageOfPage":{"@id":"https:\/\/cbf.ca\/fr\/fcb-temple-de-la-renommee\/prix-pour-services-remarquables\/george-retek\/#primaryimage"},"image":{"@id":"https:\/\/cbf.ca\/fr\/fcb-temple-de-la-renommee\/prix-pour-services-remarquables\/george-retek\/#primaryimage"},"thumbnailUrl":"https:\/\/cbf.ca\/wp-content\/uploads\/2016\/12\/George-Retek.jpg","datePublished":"2016-12-17T18:43:48+00:00","dateModified":"2022-12-29T23:39:06+00:00","breadcrumb":{"@id":"https:\/\/cbf.ca\/fr\/fcb-temple-de-la-renommee\/prix-pour-services-remarquables\/george-retek\/#breadcrumb"},"inLanguage":"fr-FR","potentialAction":[{"@type":"ReadAction","target":["https:\/\/cbf.ca\/fr\/fcb-temple-de-la-renommee\/prix-pour-services-remarquables\/george-retek\/"]}]},{"@type":"ImageObject","inLanguage":"fr-FR","@id":"https:\/\/cbf.ca\/fr\/fcb-temple-de-la-renommee\/prix-pour-services-remarquables\/george-retek\/#primaryimage","url":"https:\/\/cbf.ca\/wp-content\/uploads\/2016\/12\/George-Retek.jpg","contentUrl":"https:\/\/cbf.ca\/wp-content\/uploads\/2016\/12\/George-Retek.jpg","width":1536,"height":1536},{"@type":"BreadcrumbList","@id":"https:\/\/cbf.ca\/fr\/fcb-temple-de-la-renommee\/prix-pour-services-remarquables\/george-retek\/#breadcrumb","itemListElement":[{"@type":"ListItem","position":1,"name":"Home","item":"https:\/\/cbf.ca\/"},{"@type":"ListItem","position":2,"name":"Temple de la renomm\u00e9e de la FCB","item":"https:\/\/cbf.ca\/fr\/fcb-temple-de-la-renommee\/"},{"@type":"ListItem","position":3,"name":"Prix d&#8217;excellence pour services remarquables\u00a0","item":"https:\/\/cbf.ca\/fr\/fcb-temple-de-la-renommee\/prix-pour-services-remarquables\/"},{"@type":"ListItem","position":4,"name":"George Retek"}]},{"@type":"WebSite","@id":"https:\/\/cbf.ca\/#website","url":"https:\/\/cbf.ca\/","name":"Canadian Bridge Federation","description":"F\u00e9d\u00e9ration canadienne de bridge","potentialAction":[{"@type":"SearchAction","target":{"@type":"EntryPoint","urlTemplate":"https:\/\/cbf.ca\/?s={search_term_string}"},"query-input":"required name=search_term_string"}],"inLanguage":"fr-FR"}]}},"_links":{"self":[{"href":"https:\/\/cbf.ca\/fr\/wp-json\/wp\/v2\/pages\/5858"}],"collection":[{"href":"https:\/\/cbf.ca\/fr\/wp-json\/wp\/v2\/pages"}],"about":[{"href":"https:\/\/cbf.ca\/fr\/wp-json\/wp\/v2\/types\/page"}],"author":[{"embeddable":true,"href":"https:\/\/cbf.ca\/fr\/wp-json\/wp\/v2\/users\/1"}],"replies":[{"embeddable":true,"href":"https:\/\/cbf.ca\/fr\/wp-json\/wp\/v2\/comments?post=5858"}],"version-history":[{"count":8,"href":"https:\/\/cbf.ca\/fr\/wp-json\/wp\/v2\/pages\/5858\/revisions"}],"predecessor-version":[{"id":24394,"href":"https:\/\/cbf.ca\/fr\/wp-json\/wp\/v2\/pages\/5858\/revisions\/24394"}],"up":[{"embeddable":true,"href":"https:\/\/cbf.ca\/fr\/wp-json\/wp\/v2\/pages\/5896"}],"wp:attachment":[{"href":"https:\/\/cbf.ca\/fr\/wp-json\/wp\/v2\/media?parent=5858"}],"curies":[{"name":"wp","href":"https:\/\/api.w.org\/{rel}","templated":true}]}}