{"id":4578,"date":"2014-11-28T01:26:44","date_gmt":"2014-11-27T21:26:44","guid":{"rendered":"http:\/\/cbf.ca\/fr\/?page_id=4578"},"modified":"2025-10-25T09:34:24","modified_gmt":"2025-10-25T05:34:24","slug":"membres-connexion","status":"publish","type":"page","link":"https:\/\/cbf.ca\/fr\/membres-connexion\/","title":{"rendered":"Connexion des membres"},"content":{"rendered":"<p><strong><span style=\"color: #800080;\">NOTE: TOUTES LES SECTIONS DU SITE DE LA FCB SONT ACCESSIBLES \u00c0 TOUS, INCLUANT LA SECTION &lsquo;MAGAZINE&rsquo;. IL N&rsquo;EST DONC PAS N\u00c9CESSAIRE DE DEMANDER D&rsquo;ACC\u00c8S POUR NAVIGUER SUR LE SITE.<br \/>\n<\/span><\/strong><span style=\"color: #800080;\">LA CONNEXION EST REQUISE UNIQUEMENT POUR CONSULTER LES INFORMATIONS \u00c0 VOTRE DOSSIER, DONT LA DATE DE RENOUVELLEMENT DE VOTRE ADH\u00c9SION.<\/span><\/p>\n<p style=\"text-align: justify;\"><em><strong>SI VOUS \u00caTES MEMBRE DE LA FCB ET QUE VOUS NE VOUS \u00caTES JAMAIS CONNECT\u00c9 OU QUE VOUS N&rsquo;AVEZ JAMAIS RE\u00c7U DE COURRIEL D&rsquo;ACTIVATION DE CONNEXION,\u00a0<\/strong>nous n&rsquo;avons probablement pas votre courriel dans notre dossier. Dans ce cas, veuillez remplir le formulaire \u00e0 la page <span style=\"text-decoration: underline;\"><a style=\"text-decoration: underline;\" href=\"http:\/\/cbf.ca\/fr\/section-exclusive-aux-membres\/demande-dacces-au-site-web\/\">Membres\/Demande d&rsquo;acc\u00e8s.<\/a><\/span> Une fois votre adh\u00e9sion \u00e0 la FCB v\u00e9rifi\u00e9e, vous recevrez un lien pour configurer votre mot de passe pour la connexion. Une connexion est requise pour acc\u00e9der aux d\u00e9tails de votre dossier.<\/em><\/p>\n<p style=\"text-align: justify;\"><em><strong>SI VOUS \u00caTES MEMBRE DE LA FCB ET QUE VOUS AVEZ DEJ\u00c0 RE\u00c7U UN COURRIEL D&rsquo;ACTIVATION DE CONNEXION<\/strong><\/em>, <span style=\"color: #800080;\">MAIS<\/span> que l&rsquo;activation du lien a expir\u00e9 ou que vous avez oubli\u00e9 votre mot de passe, veuillez compl\u00e9ter les cases suivantes et cliquer sur &lsquo;Login&rsquo; pour vous connecter, ou sur &lsquo;Forgot your password?&rsquo; pour r\u00e9initialiser votre mot de passe selon le cas.<\/p>\n<p style=\"text-align: justify;\"><strong>Pour voir votre profil FCB, veuillez d&rsquo;abord vous connecter, et ensuite aller \u00e0 la page <span style=\"text-decoration: underline;\"><a href=\"http:\/\/cbf.ca\/fr\/section-exclusive-aux-membres\/details-de-mon-compte\/\" target=\"_blank\" rel=\"noopener\">Membres\/D\u00e9tails de mon compte<\/a><\/span>. <\/strong>Vous verrez d&rsquo;abord vos informations g\u00e9n\u00e9rales. Cliquer sur \u2018View Profile \/ Edit Profile\u2019 pour voir votre date de renouvellement (au coin sup\u00e9rieur gauche) et les informations \u00e0 votre dossier.<\/p>\n<p style=\"text-align: justify;\"><strong><em>Note: si vous voyez &lsquo;Log out&rsquo; sous cette ligne, c&rsquo;est que vous \u00eates connect\u00e9.<\/em><\/strong><\/p>\n<p style=\"text-align: justify;\"><script src=\"https:\/\/memberservices.membee.com\/feeds\/Login\/LoginFrameScript.ashx?clientid=1042&#038;appid=1279&#038;destURL=https%3A%2F%2Fcbf.ca%2Ffr%2Fwp-json%2Fwp%2Fv2%2Fpages%2F4578\" type=\"text\/javascript\"><\/script><\/p>\n","protected":false},"excerpt":{"rendered":"<p>NOTE: TOUTES LES SECTIONS DU SITE DE LA FCB SONT ACCESSIBLES \u00c0 TOUS, INCLUANT LA SECTION &lsquo;MAGAZINE&rsquo;. IL N&rsquo;EST DONC PAS N\u00c9CESSAIRE DE DEMANDER D&rsquo;ACC\u00c8S POUR NAVIGUER SUR LE SITE. LA CONNEXION EST REQUISE UNIQUEMENT POUR CONSULTER LES INFORMATIONS \u00c0 VOTRE DOSSIER, DONT LA DATE DE RENOUVELLEMENT DE VOTRE ADH\u00c9SION. SI VOUS \u00caTES MEMBRE DE<br><a class=\"moretag signature-animation\" href=\"https:\/\/cbf.ca\/fr\/membres-connexion\/\">CONTINUER LA LECTURE<\/a>","protected":false},"author":1,"featured_media":0,"parent":0,"menu_order":0,"comment_status":"closed","ping_status":"closed","template":"","meta":{"footnotes":""},"yoast_head":"<!-- This site is optimized with the Yoast SEO plugin v22.3 - https:\/\/yoast.com\/wordpress\/plugins\/seo\/ -->\n<title>Connexion des membres - Canadian Bridge Federation<\/title>\n<meta name=\"robots\" content=\"index, follow, max-snippet:-1, max-image-preview:large, max-video-preview:-1\" \/>\n<link rel=\"canonical\" href=\"https:\/\/cbf.ca\/fr\/membres-connexion\/\" \/>\n<meta property=\"og:locale\" content=\"fr_FR\" \/>\n<meta property=\"og:type\" content=\"article\" \/>\n<meta property=\"og:title\" content=\"Connexion des membres - Canadian Bridge Federation\" \/>\n<meta property=\"og:description\" content=\"NOTE: TOUTES LES SECTIONS DU SITE DE LA FCB SONT ACCESSIBLES \u00c0 TOUS, INCLUANT LA SECTION &lsquo;MAGAZINE&rsquo;. IL N&rsquo;EST DONC PAS N\u00c9CESSAIRE DE DEMANDER D&rsquo;ACC\u00c8S POUR NAVIGUER SUR LE SITE. LA CONNEXION EST REQUISE UNIQUEMENT POUR CONSULTER LES INFORMATIONS \u00c0 VOTRE DOSSIER, DONT LA DATE DE RENOUVELLEMENT DE VOTRE ADH\u00c9SION. SI VOUS \u00caTES MEMBRE DE\" \/>\n<meta property=\"og:url\" content=\"https:\/\/cbf.ca\/fr\/membres-connexion\/\" \/>\n<meta property=\"og:site_name\" content=\"Canadian Bridge Federation\" \/>\n<meta property=\"article:publisher\" content=\"https:\/\/www.facebook.com\/Canadian.Bridge.Federation\/\" \/>\n<meta property=\"article:modified_time\" content=\"2025-10-25T05:34:24+00:00\" \/>\n<meta name=\"twitter:label1\" content=\"Dur\u00e9e de lecture estim\u00e9e\" \/>\n\t<meta name=\"twitter:data1\" content=\"2 minutes\" \/>\n<script type=\"application\/ld+json\" class=\"yoast-schema-graph\">{\"@context\":\"https:\/\/schema.org\",\"@graph\":[{\"@type\":\"WebPage\",\"@id\":\"https:\/\/cbf.ca\/fr\/membres-connexion\/\",\"url\":\"https:\/\/cbf.ca\/fr\/membres-connexion\/\",\"name\":\"Connexion des membres - Canadian Bridge Federation\",\"isPartOf\":{\"@id\":\"https:\/\/cbf.ca\/#website\"},\"datePublished\":\"2014-11-27T21:26:44+00:00\",\"dateModified\":\"2025-10-25T05:34:24+00:00\",\"breadcrumb\":{\"@id\":\"https:\/\/cbf.ca\/fr\/membres-connexion\/#breadcrumb\"},\"inLanguage\":\"fr-FR\",\"potentialAction\":[{\"@type\":\"ReadAction\",\"target\":[\"https:\/\/cbf.ca\/fr\/membres-connexion\/\"]}]},{\"@type\":\"BreadcrumbList\",\"@id\":\"https:\/\/cbf.ca\/fr\/membres-connexion\/#breadcrumb\",\"itemListElement\":[{\"@type\":\"ListItem\",\"position\":1,\"name\":\"Home\",\"item\":\"https:\/\/cbf.ca\/\"},{\"@type\":\"ListItem\",\"position\":2,\"name\":\"Connexion des membres\"}]},{\"@type\":\"WebSite\",\"@id\":\"https:\/\/cbf.ca\/#website\",\"url\":\"https:\/\/cbf.ca\/\",\"name\":\"Canadian Bridge Federation\",\"description\":\"F\u00e9d\u00e9ration canadienne de bridge\",\"potentialAction\":[{\"@type\":\"SearchAction\",\"target\":{\"@type\":\"EntryPoint\",\"urlTemplate\":\"https:\/\/cbf.ca\/?s={search_term_string}\"},\"query-input\":\"required name=search_term_string\"}],\"inLanguage\":\"fr-FR\"}]}<\/script>\n<!-- \/ Yoast SEO plugin. -->","yoast_head_json":{"title":"Connexion des membres - Canadian Bridge Federation","robots":{"index":"index","follow":"follow","max-snippet":"max-snippet:-1","max-image-preview":"max-image-preview:large","max-video-preview":"max-video-preview:-1"},"canonical":"https:\/\/cbf.ca\/fr\/membres-connexion\/","og_locale":"fr_FR","og_type":"article","og_title":"Connexion des membres - Canadian Bridge Federation","og_description":"NOTE: TOUTES LES SECTIONS DU SITE DE LA FCB SONT ACCESSIBLES \u00c0 TOUS, INCLUANT LA SECTION &lsquo;MAGAZINE&rsquo;. IL N&rsquo;EST DONC PAS N\u00c9CESSAIRE DE DEMANDER D&rsquo;ACC\u00c8S POUR NAVIGUER SUR LE SITE. LA CONNEXION EST REQUISE UNIQUEMENT POUR CONSULTER LES INFORMATIONS \u00c0 VOTRE DOSSIER, DONT LA DATE DE RENOUVELLEMENT DE VOTRE ADH\u00c9SION. SI VOUS \u00caTES MEMBRE DE","og_url":"https:\/\/cbf.ca\/fr\/membres-connexion\/","og_site_name":"Canadian Bridge Federation","article_publisher":"https:\/\/www.facebook.com\/Canadian.Bridge.Federation\/","article_modified_time":"2025-10-25T05:34:24+00:00","twitter_misc":{"Dur\u00e9e de lecture estim\u00e9e":"2 minutes"},"schema":{"@context":"https:\/\/schema.org","@graph":[{"@type":"WebPage","@id":"https:\/\/cbf.ca\/fr\/membres-connexion\/","url":"https:\/\/cbf.ca\/fr\/membres-connexion\/","name":"Connexion des membres - Canadian Bridge Federation","isPartOf":{"@id":"https:\/\/cbf.ca\/#website"},"datePublished":"2014-11-27T21:26:44+00:00","dateModified":"2025-10-25T05:34:24+00:00","breadcrumb":{"@id":"https:\/\/cbf.ca\/fr\/membres-connexion\/#breadcrumb"},"inLanguage":"fr-FR","potentialAction":[{"@type":"ReadAction","target":["https:\/\/cbf.ca\/fr\/membres-connexion\/"]}]},{"@type":"BreadcrumbList","@id":"https:\/\/cbf.ca\/fr\/membres-connexion\/#breadcrumb","itemListElement":[{"@type":"ListItem","position":1,"name":"Home","item":"https:\/\/cbf.ca\/"},{"@type":"ListItem","position":2,"name":"Connexion des membres"}]},{"@type":"WebSite","@id":"https:\/\/cbf.ca\/#website","url":"https:\/\/cbf.ca\/","name":"Canadian Bridge Federation","description":"F\u00e9d\u00e9ration canadienne de bridge","potentialAction":[{"@type":"SearchAction","target":{"@type":"EntryPoint","urlTemplate":"https:\/\/cbf.ca\/?s={search_term_string}"},"query-input":"required name=search_term_string"}],"inLanguage":"fr-FR"}]}},"_links":{"self":[{"href":"https:\/\/cbf.ca\/fr\/wp-json\/wp\/v2\/pages\/4578"}],"collection":[{"href":"https:\/\/cbf.ca\/fr\/wp-json\/wp\/v2\/pages"}],"about":[{"href":"https:\/\/cbf.ca\/fr\/wp-json\/wp\/v2\/types\/page"}],"author":[{"embeddable":true,"href":"https:\/\/cbf.ca\/fr\/wp-json\/wp\/v2\/users\/1"}],"replies":[{"embeddable":true,"href":"https:\/\/cbf.ca\/fr\/wp-json\/wp\/v2\/comments?post=4578"}],"version-history":[{"count":29,"href":"https:\/\/cbf.ca\/fr\/wp-json\/wp\/v2\/pages\/4578\/revisions"}],"predecessor-version":[{"id":35057,"href":"https:\/\/cbf.ca\/fr\/wp-json\/wp\/v2\/pages\/4578\/revisions\/35057"}],"wp:attachment":[{"href":"https:\/\/cbf.ca\/fr\/wp-json\/wp\/v2\/media?parent=4578"}],"curies":[{"name":"wp","href":"https:\/\/api.w.org\/{rel}","templated":true}]}}