{"id":4551,"date":"2014-12-05T16:52:30","date_gmt":"2014-12-05T12:52:30","guid":{"rendered":"http:\/\/cbf.ca\/fr\/?page_id=4551"},"modified":"2023-02-04T22:31:39","modified_gmt":"2023-02-04T18:31:39","slug":"courses-aux-points-de-maitre","status":"publish","type":"page","link":"https:\/\/cbf.ca\/fr\/evenements\/courses-aux-points-de-maitre\/","title":{"rendered":"Courses aux points de ma\u00eetre"},"content":{"rendered":"<p>Les membres de l&rsquo;ACBL obtiennent des points de ma\u00eetre en fonction de leur performance aux comp\u00e9titions aux parties sanctionn\u00e9es par l&rsquo;ACBL. Le nombre de points de ma\u00eetre accumul\u00e9s les place dans des cat\u00e9gories \u00e9chelonn\u00e9es en 16 rangs &#8211; le Non Ma\u00eetre (0-5 points) au Grand Ma\u00eetre de Vie (10,000 points) &#8211; comme ils re\u00e7oivent masterpoints bas\u00e9 sur leur performance \u00e0 ACBL des jeux sanctionn\u00e9s.<\/p>\n<p>Les membres de la FCB participent d&rsquo;office \u00e0 trois courses de Points de Ma\u00eetre administr\u00e9es par la FCB. Ces courses sont:<\/p>\n<p><span style=\"text-decoration: underline;\"><a style=\"text-decoration: underline;\" title=\"Troph\u00e9e Richmond\" href=\"https:\/\/cbf.ca\/fr\/evenements\/courses-aux-points-de-maitre\/richmond-trophy-2\/\" target=\"_blank\" rel=\"noopener\">Troph\u00e9e Richmond<\/a><\/span>: ce troph\u00e9e est d\u00e9cern\u00e9 annuellement au joueur canadien qui a remport\u00e9 le plus de points de ma\u00eetre au cours d&rsquo;une ann\u00e9e civile.<\/p>\n<p><a href=\"http:\/\/cbf.ca\/fr\/section-exclusive-aux-membres\/courses-aux-points-de-maitre\/mini-richmond-trophy-race\/\"><span style=\"text-decoration: underline;\"><span style=\"text-decoration: underline;\">R\u00e9compenses Mini-Richmond<\/span><\/span>:<\/a>\u00a0ces prix r\u00e9compensent les membres de la FCB qui ont remport\u00e9 le plus de points de ma\u00eetre dans l&rsquo;ann\u00e9e civile, dans chacune des cat\u00e9gories de points de ma\u00eetre, incluant la cat\u00e9gorie des ma\u00eetres \u00e0 vie Diamant (5 000 &#8211; 7 500 PM).<\/p>\n<p><span style=\"text-decoration: underline;\"><a style=\"text-decoration: underline;\" title=\"Troph\u00e9e Jude Goodwin\" href=\"http:\/\/cbf.ca\/fr\/jude-goodwin-trophy-race\/\">Troph\u00e9e Jude Goodwin<\/a><\/span>: ce troph\u00e9e est remis \u00e0 la femme canadienne qui gagne le plus de points de ma\u00eetre au cours d\u2019une ann\u00e9e civile.<\/p>\n","protected":false},"excerpt":{"rendered":"<p>Les membres de l&rsquo;ACBL obtiennent des points de ma\u00eetre en fonction de leur performance aux comp\u00e9titions aux parties sanctionn\u00e9es par l&rsquo;ACBL. Le nombre de points de ma\u00eetre accumul\u00e9s les place dans des cat\u00e9gories \u00e9chelonn\u00e9es en 16 rangs &#8211; le Non Ma\u00eetre (0-5 points) au Grand Ma\u00eetre de Vie (10,000 points) &#8211; comme ils re\u00e7oivent masterpoints<br><a class=\"moretag signature-animation\" href=\"https:\/\/cbf.ca\/fr\/evenements\/courses-aux-points-de-maitre\/\">CONTINUER LA LECTURE<\/a>","protected":false},"author":1,"featured_media":0,"parent":3451,"menu_order":0,"comment_status":"closed","ping_status":"closed","template":"","meta":{"footnotes":""},"yoast_head":"<!-- This site is optimized with the Yoast SEO plugin v22.3 - https:\/\/yoast.com\/wordpress\/plugins\/seo\/ -->\n<title>Courses aux points de ma\u00eetre - Canadian Bridge Federation<\/title>\n<meta name=\"robots\" content=\"index, follow, max-snippet:-1, max-image-preview:large, max-video-preview:-1\" \/>\n<link rel=\"canonical\" href=\"https:\/\/cbf.ca\/fr\/evenements\/courses-aux-points-de-maitre\/\" \/>\n<meta property=\"og:locale\" content=\"fr_FR\" \/>\n<meta property=\"og:type\" content=\"article\" \/>\n<meta property=\"og:title\" content=\"Courses aux points de ma\u00eetre - Canadian Bridge Federation\" \/>\n<meta property=\"og:description\" content=\"Les membres de l&rsquo;ACBL obtiennent des points de ma\u00eetre en fonction de leur performance aux comp\u00e9titions aux parties sanctionn\u00e9es par l&rsquo;ACBL. Le nombre de points de ma\u00eetre accumul\u00e9s les place dans des cat\u00e9gories \u00e9chelonn\u00e9es en 16 rangs &#8211; le Non Ma\u00eetre (0-5 points) au Grand Ma\u00eetre de Vie (10,000 points) &#8211; comme ils re\u00e7oivent masterpoints\" \/>\n<meta property=\"og:url\" content=\"https:\/\/cbf.ca\/fr\/evenements\/courses-aux-points-de-maitre\/\" \/>\n<meta property=\"og:site_name\" content=\"Canadian Bridge Federation\" \/>\n<meta property=\"article:publisher\" content=\"https:\/\/www.facebook.com\/Canadian.Bridge.Federation\/\" \/>\n<meta property=\"article:modified_time\" content=\"2023-02-04T18:31:39+00:00\" \/>\n<meta name=\"twitter:label1\" content=\"Dur\u00e9e de lecture estim\u00e9e\" \/>\n\t<meta name=\"twitter:data1\" content=\"1 minute\" \/>\n<script type=\"application\/ld+json\" class=\"yoast-schema-graph\">{\"@context\":\"https:\/\/schema.org\",\"@graph\":[{\"@type\":\"WebPage\",\"@id\":\"https:\/\/cbf.ca\/fr\/evenements\/courses-aux-points-de-maitre\/\",\"url\":\"https:\/\/cbf.ca\/fr\/evenements\/courses-aux-points-de-maitre\/\",\"name\":\"Courses aux points de ma\u00eetre - Canadian Bridge Federation\",\"isPartOf\":{\"@id\":\"https:\/\/cbf.ca\/#website\"},\"datePublished\":\"2014-12-05T12:52:30+00:00\",\"dateModified\":\"2023-02-04T18:31:39+00:00\",\"breadcrumb\":{\"@id\":\"https:\/\/cbf.ca\/fr\/evenements\/courses-aux-points-de-maitre\/#breadcrumb\"},\"inLanguage\":\"fr-FR\",\"potentialAction\":[{\"@type\":\"ReadAction\",\"target\":[\"https:\/\/cbf.ca\/fr\/evenements\/courses-aux-points-de-maitre\/\"]}]},{\"@type\":\"BreadcrumbList\",\"@id\":\"https:\/\/cbf.ca\/fr\/evenements\/courses-aux-points-de-maitre\/#breadcrumb\",\"itemListElement\":[{\"@type\":\"ListItem\",\"position\":1,\"name\":\"Home\",\"item\":\"https:\/\/cbf.ca\/\"},{\"@type\":\"ListItem\",\"position\":2,\"name\":\"\u00c9v\u00e9nements\",\"item\":\"https:\/\/cbf.ca\/fr\/evenements\/\"},{\"@type\":\"ListItem\",\"position\":3,\"name\":\"Courses aux points de ma\u00eetre\"}]},{\"@type\":\"WebSite\",\"@id\":\"https:\/\/cbf.ca\/#website\",\"url\":\"https:\/\/cbf.ca\/\",\"name\":\"Canadian Bridge Federation\",\"description\":\"F\u00e9d\u00e9ration canadienne de bridge\",\"potentialAction\":[{\"@type\":\"SearchAction\",\"target\":{\"@type\":\"EntryPoint\",\"urlTemplate\":\"https:\/\/cbf.ca\/?s={search_term_string}\"},\"query-input\":\"required name=search_term_string\"}],\"inLanguage\":\"fr-FR\"}]}<\/script>\n<!-- \/ Yoast SEO plugin. -->","yoast_head_json":{"title":"Courses aux points de ma\u00eetre - Canadian Bridge Federation","robots":{"index":"index","follow":"follow","max-snippet":"max-snippet:-1","max-image-preview":"max-image-preview:large","max-video-preview":"max-video-preview:-1"},"canonical":"https:\/\/cbf.ca\/fr\/evenements\/courses-aux-points-de-maitre\/","og_locale":"fr_FR","og_type":"article","og_title":"Courses aux points de ma\u00eetre - Canadian Bridge Federation","og_description":"Les membres de l&rsquo;ACBL obtiennent des points de ma\u00eetre en fonction de leur performance aux comp\u00e9titions aux parties sanctionn\u00e9es par l&rsquo;ACBL. Le nombre de points de ma\u00eetre accumul\u00e9s les place dans des cat\u00e9gories \u00e9chelonn\u00e9es en 16 rangs &#8211; le Non Ma\u00eetre (0-5 points) au Grand Ma\u00eetre de Vie (10,000 points) &#8211; comme ils re\u00e7oivent masterpoints","og_url":"https:\/\/cbf.ca\/fr\/evenements\/courses-aux-points-de-maitre\/","og_site_name":"Canadian Bridge Federation","article_publisher":"https:\/\/www.facebook.com\/Canadian.Bridge.Federation\/","article_modified_time":"2023-02-04T18:31:39+00:00","twitter_misc":{"Dur\u00e9e de lecture estim\u00e9e":"1 minute"},"schema":{"@context":"https:\/\/schema.org","@graph":[{"@type":"WebPage","@id":"https:\/\/cbf.ca\/fr\/evenements\/courses-aux-points-de-maitre\/","url":"https:\/\/cbf.ca\/fr\/evenements\/courses-aux-points-de-maitre\/","name":"Courses aux points de ma\u00eetre - Canadian Bridge Federation","isPartOf":{"@id":"https:\/\/cbf.ca\/#website"},"datePublished":"2014-12-05T12:52:30+00:00","dateModified":"2023-02-04T18:31:39+00:00","breadcrumb":{"@id":"https:\/\/cbf.ca\/fr\/evenements\/courses-aux-points-de-maitre\/#breadcrumb"},"inLanguage":"fr-FR","potentialAction":[{"@type":"ReadAction","target":["https:\/\/cbf.ca\/fr\/evenements\/courses-aux-points-de-maitre\/"]}]},{"@type":"BreadcrumbList","@id":"https:\/\/cbf.ca\/fr\/evenements\/courses-aux-points-de-maitre\/#breadcrumb","itemListElement":[{"@type":"ListItem","position":1,"name":"Home","item":"https:\/\/cbf.ca\/"},{"@type":"ListItem","position":2,"name":"\u00c9v\u00e9nements","item":"https:\/\/cbf.ca\/fr\/evenements\/"},{"@type":"ListItem","position":3,"name":"Courses aux points de ma\u00eetre"}]},{"@type":"WebSite","@id":"https:\/\/cbf.ca\/#website","url":"https:\/\/cbf.ca\/","name":"Canadian Bridge Federation","description":"F\u00e9d\u00e9ration canadienne de bridge","potentialAction":[{"@type":"SearchAction","target":{"@type":"EntryPoint","urlTemplate":"https:\/\/cbf.ca\/?s={search_term_string}"},"query-input":"required name=search_term_string"}],"inLanguage":"fr-FR"}]}},"_links":{"self":[{"href":"https:\/\/cbf.ca\/fr\/wp-json\/wp\/v2\/pages\/4551"}],"collection":[{"href":"https:\/\/cbf.ca\/fr\/wp-json\/wp\/v2\/pages"}],"about":[{"href":"https:\/\/cbf.ca\/fr\/wp-json\/wp\/v2\/types\/page"}],"author":[{"embeddable":true,"href":"https:\/\/cbf.ca\/fr\/wp-json\/wp\/v2\/users\/1"}],"replies":[{"embeddable":true,"href":"https:\/\/cbf.ca\/fr\/wp-json\/wp\/v2\/comments?post=4551"}],"version-history":[{"count":9,"href":"https:\/\/cbf.ca\/fr\/wp-json\/wp\/v2\/pages\/4551\/revisions"}],"predecessor-version":[{"id":25086,"href":"https:\/\/cbf.ca\/fr\/wp-json\/wp\/v2\/pages\/4551\/revisions\/25086"}],"up":[{"embeddable":true,"href":"https:\/\/cbf.ca\/fr\/wp-json\/wp\/v2\/pages\/3451"}],"wp:attachment":[{"href":"https:\/\/cbf.ca\/fr\/wp-json\/wp\/v2\/media?parent=4551"}],"curies":[{"name":"wp","href":"https:\/\/api.w.org\/{rel}","templated":true}]}}