{"id":4537,"date":"2021-01-30T20:19:46","date_gmt":"2021-01-30T16:19:46","guid":{"rendered":"http:\/\/cbf.ca\/fr\/?page_id=4537"},"modified":"2026-03-01T03:12:11","modified_gmt":"2026-02-28T23:12:11","slug":"bridge-canada-magazine","status":"publish","type":"page","link":"https:\/\/cbf.ca\/fr\/bridge-canada-magazine\/","title":{"rendered":"Magazine Bridge Canada"},"content":{"rendered":"<p>Bridge Canada est le magazine officiel de la FCB, publi\u00e9 quatre fois par ann\u00e9e en format num\u00e9rique. Il contient des articles \u00e9crits par des joueurs canadiens de bridge pour des joueurs de tous les niveaux, l&rsquo;analyse et les commentaires des experts au Concours canadien d&rsquo;ench\u00e8res, et des informations sur les \u00e9v\u00e9nements de bridge.<\/p>\n<p>Le magazine Bridge Canada est maintenant disponible \u00e0 toutes et \u00e0 tous. <em data-rich-text-format-boundary=\"true\">Toutefois, si vous n&rsquo;\u00eates pas membre de la FCB, nous vous invitons \u00e0 y adh\u00e9rer pour contribuer \u00e0 la poursuite de la production du magazine et aux diverses activit\u00e9s de la FCB. Pour adh\u00e9rer, cliquez sur le bouton rouge \u00abJoindre la FCB\u00bb sur la page principale, ou allez au menu \u00abMembres\u00bb, et compl\u00e9tez le formulaire. Les frais d&rsquo;adh\u00e9sion sont seulement 25$ par ann\u00e9e, 65$ pour 3 ans.<\/em><\/p>\n<p>L&rsquo;\u00e9diteur en chef est Neil Kimelman. Les propositions de contenu sont les bienvenues, et veuillez les envoyer \u00e0\u00a0<span style=\"text-decoration: underline;\"><a style=\"text-decoration: underline;\" href=\"mailto:editor@cbf.ca\" target=\"_blank\" rel=\"noopener\">editor@cbf.ca<\/a><\/span>. Il est pr\u00e9f\u00e9rable d&rsquo;envoyer d&rsquo;abord un courriel sur le sujet que vous proposez.<\/p>\n<p>\u00c9diteur de production: Goodwin Creative Ltd, <a href=\"mailto:admin@goodwincreative.ca\">admin@goodwincreative.ca<\/a>.<\/p>\n<table>\n<tbody>\n<tr>\n<td valign=\"top\" width=\"320\"><strong>Dernier num\u00e9ro &#8211; Format livre<\/strong>Une nouvelle m\u00e9thode sera en vigueur avec l&rsquo;\u00e9dition de juin 2026 du magazine.<\/td>\n<td valign=\"top\" width=\"320\"><strong>Dernier num\u00e9ro &#8211; Format pdf<\/strong><br \/>\n<a href=\"https:\/\/cbf.ca\/Magazine\/BCCanadaFrenchMarch2026-Final.pdf\" target=\"_blank\" rel=\"noopener\"><img loading=\"lazy\" decoding=\"async\" class=\"alignnone wp-image-7681 \" src=\"https:\/\/cbf.ca\/wp-content\/uploads\/2026\/02\/March2026-Cover-Fr.png\" width=\"264\" height=\"364\" \/><\/a><\/td>\n<td valign=\"top\" width=\"320\"><strong>Num\u00e9ros ant\u00e9rieurs<\/strong><br \/>\n<a href=\"https:\/\/cbf.ca\/fr\/bridge-canada-magazine\/magazine-bridge-canada-numeros-2020-aujourdhui\/\" target=\"_blank\" rel=\"noopener\"><img loading=\"lazy\" decoding=\"async\" class=\"alignnone wp-image-7681 \" src=\"https:\/\/cbf.ca\/wp-content\/uploads\/2025\/11\/2025-December-Cover-French.png\" alt=\"\" width=\"255\" height=\"300\" \/><\/a><\/td>\n<\/tr>\n<\/tbody>\n<\/table>\n<p>Note: le magazine en format pdf peut \u00eatre t\u00e9l\u00e9charg\u00e9 sur votre ordinateur. Pour ce faire, cliquer sur la fl\u00e8che dans le coin droit sup\u00e9rieur de l&rsquo;\u00e9cran, et sauvegarder le fichier t\u00e9l\u00e9charg\u00e9 dans un r\u00e9pertoire de votre ordinateur. Vous pourrez aussi imprimer les pages de votre choix \u00e0 partir de ce fichier pdf.<\/p>\n","protected":false},"excerpt":{"rendered":"<p>Bridge Canada est le magazine officiel de la FCB, publi\u00e9 quatre fois par ann\u00e9e en format num\u00e9rique. Il contient des articles \u00e9crits par des joueurs canadiens de bridge pour des joueurs de tous les niveaux, l&rsquo;analyse et les commentaires des experts au Concours canadien d&rsquo;ench\u00e8res, et des informations sur les \u00e9v\u00e9nements de bridge. Le magazine<br><a class=\"moretag signature-animation\" href=\"https:\/\/cbf.ca\/fr\/bridge-canada-magazine\/\">CONTINUER LA LECTURE<\/a>","protected":false},"author":1,"featured_media":0,"parent":0,"menu_order":0,"comment_status":"closed","ping_status":"closed","template":"","meta":{"footnotes":""},"yoast_head":"<!-- This site is optimized with the Yoast SEO plugin v22.3 - https:\/\/yoast.com\/wordpress\/plugins\/seo\/ -->\n<title>Magazine Bridge Canada - Canadian Bridge Federation<\/title>\n<meta name=\"robots\" content=\"index, follow, max-snippet:-1, max-image-preview:large, max-video-preview:-1\" \/>\n<link rel=\"canonical\" href=\"https:\/\/cbf.ca\/fr\/bridge-canada-magazine\/\" \/>\n<meta property=\"og:locale\" content=\"fr_FR\" \/>\n<meta property=\"og:type\" content=\"article\" \/>\n<meta property=\"og:title\" content=\"Magazine Bridge Canada - Canadian Bridge Federation\" \/>\n<meta property=\"og:description\" content=\"Bridge Canada est le magazine officiel de la FCB, publi\u00e9 quatre fois par ann\u00e9e en format num\u00e9rique. Il contient des articles \u00e9crits par des joueurs canadiens de bridge pour des joueurs de tous les niveaux, l&rsquo;analyse et les commentaires des experts au Concours canadien d&rsquo;ench\u00e8res, et des informations sur les \u00e9v\u00e9nements de bridge. Le magazine\" \/>\n<meta property=\"og:url\" content=\"https:\/\/cbf.ca\/fr\/bridge-canada-magazine\/\" \/>\n<meta property=\"og:site_name\" content=\"Canadian Bridge Federation\" \/>\n<meta property=\"article:publisher\" content=\"https:\/\/www.facebook.com\/Canadian.Bridge.Federation\/\" \/>\n<meta property=\"article:modified_time\" content=\"2026-02-28T23:12:11+00:00\" \/>\n<meta property=\"og:image\" content=\"https:\/\/cbf.ca\/wp-content\/uploads\/2026\/02\/March2026-Cover-Fr.png\" \/>\n<meta name=\"twitter:label1\" content=\"Dur\u00e9e de lecture estim\u00e9e\" \/>\n\t<meta name=\"twitter:data1\" content=\"2 minutes\" \/>\n<script type=\"application\/ld+json\" class=\"yoast-schema-graph\">{\"@context\":\"https:\/\/schema.org\",\"@graph\":[{\"@type\":\"WebPage\",\"@id\":\"https:\/\/cbf.ca\/fr\/bridge-canada-magazine\/\",\"url\":\"https:\/\/cbf.ca\/fr\/bridge-canada-magazine\/\",\"name\":\"Magazine Bridge Canada - Canadian Bridge Federation\",\"isPartOf\":{\"@id\":\"https:\/\/cbf.ca\/#website\"},\"primaryImageOfPage\":{\"@id\":\"https:\/\/cbf.ca\/fr\/bridge-canada-magazine\/#primaryimage\"},\"image\":{\"@id\":\"https:\/\/cbf.ca\/fr\/bridge-canada-magazine\/#primaryimage\"},\"thumbnailUrl\":\"https:\/\/cbf.ca\/wp-content\/uploads\/2026\/02\/March2026-Cover-Fr.png\",\"datePublished\":\"2021-01-30T16:19:46+00:00\",\"dateModified\":\"2026-02-28T23:12:11+00:00\",\"breadcrumb\":{\"@id\":\"https:\/\/cbf.ca\/fr\/bridge-canada-magazine\/#breadcrumb\"},\"inLanguage\":\"fr-FR\",\"potentialAction\":[{\"@type\":\"ReadAction\",\"target\":[\"https:\/\/cbf.ca\/fr\/bridge-canada-magazine\/\"]}]},{\"@type\":\"ImageObject\",\"inLanguage\":\"fr-FR\",\"@id\":\"https:\/\/cbf.ca\/fr\/bridge-canada-magazine\/#primaryimage\",\"url\":\"https:\/\/cbf.ca\/wp-content\/uploads\/2026\/02\/March2026-Cover-Fr.png\",\"contentUrl\":\"https:\/\/cbf.ca\/wp-content\/uploads\/2026\/02\/March2026-Cover-Fr.png\",\"width\":594,\"height\":837},{\"@type\":\"BreadcrumbList\",\"@id\":\"https:\/\/cbf.ca\/fr\/bridge-canada-magazine\/#breadcrumb\",\"itemListElement\":[{\"@type\":\"ListItem\",\"position\":1,\"name\":\"Home\",\"item\":\"https:\/\/cbf.ca\/\"},{\"@type\":\"ListItem\",\"position\":2,\"name\":\"Magazine Bridge Canada\"}]},{\"@type\":\"WebSite\",\"@id\":\"https:\/\/cbf.ca\/#website\",\"url\":\"https:\/\/cbf.ca\/\",\"name\":\"Canadian Bridge Federation\",\"description\":\"F\u00e9d\u00e9ration canadienne de bridge\",\"potentialAction\":[{\"@type\":\"SearchAction\",\"target\":{\"@type\":\"EntryPoint\",\"urlTemplate\":\"https:\/\/cbf.ca\/?s={search_term_string}\"},\"query-input\":\"required name=search_term_string\"}],\"inLanguage\":\"fr-FR\"}]}<\/script>\n<!-- \/ Yoast SEO plugin. -->","yoast_head_json":{"title":"Magazine Bridge Canada - Canadian Bridge Federation","robots":{"index":"index","follow":"follow","max-snippet":"max-snippet:-1","max-image-preview":"max-image-preview:large","max-video-preview":"max-video-preview:-1"},"canonical":"https:\/\/cbf.ca\/fr\/bridge-canada-magazine\/","og_locale":"fr_FR","og_type":"article","og_title":"Magazine Bridge Canada - Canadian Bridge Federation","og_description":"Bridge Canada est le magazine officiel de la FCB, publi\u00e9 quatre fois par ann\u00e9e en format num\u00e9rique. Il contient des articles \u00e9crits par des joueurs canadiens de bridge pour des joueurs de tous les niveaux, l&rsquo;analyse et les commentaires des experts au Concours canadien d&rsquo;ench\u00e8res, et des informations sur les \u00e9v\u00e9nements de bridge. Le magazine","og_url":"https:\/\/cbf.ca\/fr\/bridge-canada-magazine\/","og_site_name":"Canadian Bridge Federation","article_publisher":"https:\/\/www.facebook.com\/Canadian.Bridge.Federation\/","article_modified_time":"2026-02-28T23:12:11+00:00","og_image":[{"url":"https:\/\/cbf.ca\/wp-content\/uploads\/2026\/02\/March2026-Cover-Fr.png"}],"twitter_misc":{"Dur\u00e9e de lecture estim\u00e9e":"2 minutes"},"schema":{"@context":"https:\/\/schema.org","@graph":[{"@type":"WebPage","@id":"https:\/\/cbf.ca\/fr\/bridge-canada-magazine\/","url":"https:\/\/cbf.ca\/fr\/bridge-canada-magazine\/","name":"Magazine Bridge Canada - Canadian Bridge Federation","isPartOf":{"@id":"https:\/\/cbf.ca\/#website"},"primaryImageOfPage":{"@id":"https:\/\/cbf.ca\/fr\/bridge-canada-magazine\/#primaryimage"},"image":{"@id":"https:\/\/cbf.ca\/fr\/bridge-canada-magazine\/#primaryimage"},"thumbnailUrl":"https:\/\/cbf.ca\/wp-content\/uploads\/2026\/02\/March2026-Cover-Fr.png","datePublished":"2021-01-30T16:19:46+00:00","dateModified":"2026-02-28T23:12:11+00:00","breadcrumb":{"@id":"https:\/\/cbf.ca\/fr\/bridge-canada-magazine\/#breadcrumb"},"inLanguage":"fr-FR","potentialAction":[{"@type":"ReadAction","target":["https:\/\/cbf.ca\/fr\/bridge-canada-magazine\/"]}]},{"@type":"ImageObject","inLanguage":"fr-FR","@id":"https:\/\/cbf.ca\/fr\/bridge-canada-magazine\/#primaryimage","url":"https:\/\/cbf.ca\/wp-content\/uploads\/2026\/02\/March2026-Cover-Fr.png","contentUrl":"https:\/\/cbf.ca\/wp-content\/uploads\/2026\/02\/March2026-Cover-Fr.png","width":594,"height":837},{"@type":"BreadcrumbList","@id":"https:\/\/cbf.ca\/fr\/bridge-canada-magazine\/#breadcrumb","itemListElement":[{"@type":"ListItem","position":1,"name":"Home","item":"https:\/\/cbf.ca\/"},{"@type":"ListItem","position":2,"name":"Magazine Bridge Canada"}]},{"@type":"WebSite","@id":"https:\/\/cbf.ca\/#website","url":"https:\/\/cbf.ca\/","name":"Canadian Bridge Federation","description":"F\u00e9d\u00e9ration canadienne de bridge","potentialAction":[{"@type":"SearchAction","target":{"@type":"EntryPoint","urlTemplate":"https:\/\/cbf.ca\/?s={search_term_string}"},"query-input":"required name=search_term_string"}],"inLanguage":"fr-FR"}]}},"_links":{"self":[{"href":"https:\/\/cbf.ca\/fr\/wp-json\/wp\/v2\/pages\/4537"}],"collection":[{"href":"https:\/\/cbf.ca\/fr\/wp-json\/wp\/v2\/pages"}],"about":[{"href":"https:\/\/cbf.ca\/fr\/wp-json\/wp\/v2\/types\/page"}],"author":[{"embeddable":true,"href":"https:\/\/cbf.ca\/fr\/wp-json\/wp\/v2\/users\/1"}],"replies":[{"embeddable":true,"href":"https:\/\/cbf.ca\/fr\/wp-json\/wp\/v2\/comments?post=4537"}],"version-history":[{"count":205,"href":"https:\/\/cbf.ca\/fr\/wp-json\/wp\/v2\/pages\/4537\/revisions"}],"predecessor-version":[{"id":37813,"href":"https:\/\/cbf.ca\/fr\/wp-json\/wp\/v2\/pages\/4537\/revisions\/37813"}],"wp:attachment":[{"href":"https:\/\/cbf.ca\/fr\/wp-json\/wp\/v2\/media?parent=4537"}],"curies":[{"name":"wp","href":"https:\/\/api.w.org\/{rel}","templated":true}]}}