{"id":4317,"date":"2015-01-07T20:14:57","date_gmt":"2015-01-07T16:14:57","guid":{"rendered":"http:\/\/cbf.ca\/fr\/?page_id=4317"},"modified":"2025-12-13T09:12:11","modified_gmt":"2025-12-13T05:12:11","slug":"proces-verbaux-et-rapports","status":"publish","type":"page","link":"https:\/\/cbf.ca\/fr\/fonds-et-charite\/fonds-caritatif-de-la-fcb\/proces-verbaux-et-rapports\/","title":{"rendered":"FCFCB &#8211; Proc\u00e8s-verbaux et rapports"},"content":{"rendered":"<div style=\"overflow-x: auto;\">\n<h2>Fonds caritatif de la FCB<\/h2>\n<p><a href=\"https:\/\/cbf.ca\/fr\/fonds-et-charite\/fonds-caritatif-de-la-fcb\/\" target=\"_blank\" rel=\"noopener\">Description &#8211; Lignes directrices &#8211; Demande de subvention &#8211; Pr\u00e9sident<\/a><\/p>\n<h2>Proc\u00e8s-verbaux et rapports financiers<\/h2>\n<p><strong><span style=\"text-decoration: underline;\">Note<\/span>:<\/strong> tous les d<a class=\"components-button components-snackbar__action is-tertiary\" href=\"https:\/\/cbf.ca\/fr\/fonds-et-charite\/fonds-caritatif-de-la-fcb\/proces-verbaux-et-rapports\/\">View Page<\/a>ocuments sur cette page sont en anglais.<\/p>\n<table style=\"height: 837px;\" width=\"620\">\n<thead>\n<tr>\n<td><strong>Ann\u00e9e<\/strong><\/td>\n<td><strong>Proc\u00e8s-Verbaux<\/strong><\/td>\n<td><strong>Rapports financiers<\/strong><\/td>\n<\/tr>\n<\/thead>\n<tbody>\n<tr>\n<td>2024<\/td>\n<td><a href=\"https:\/\/cbf.ca\/wp-content\/uploads\/2025\/12\/CBFCF_AGM-Minutes-2024.pdf\" target=\"_blank\" rel=\"noopener\">R\u00e9union des administrateurs<\/a><\/td>\n<td><a href=\"https:\/\/cbf.ca\/wp-content\/uploads\/2025\/12\/CBF-Charity-2024_Financial-statements.pdf\" target=\"_blank\" rel=\"noopener\">\u00c9tats financiers<\/a><\/td>\n<\/tr>\n<tr>\n<td>2022<\/td>\n<td><a href=\"https:\/\/cbf.ca\/wp-content\/uploads\/2023\/05\/CBFCF-AGM-2022_V2.docx\" target=\"_blank\" rel=\"noopener\">R\u00e9union des administrateurs<\/a><\/td>\n<td style=\"text-align: left;\"><a href=\"https:\/\/cbf.ca\/wp-content\/uploads\/2024\/01\/CBFCF2022FS-2.pdf\" target=\"_blank\" rel=\"noopener\">\u00c9tats financiers<\/a> \/ <a href=\"https:\/\/cbf.ca\/wp-content\/uploads\/2023\/07\/CBFCF-2022-signed-Financial-Position.pdf\" target=\"_blank\" rel=\"noopener\">\u00c9tats sign\u00e9s<\/a><\/td>\n<\/tr>\n<tr>\n<td>2021<\/td>\n<td><a href=\"https:\/\/cbf.ca\/wp-content\/uploads\/2021\/05\/2021-CBFCF-Trustees-Meeting-Minutes.pdf\" target=\"_blank\" rel=\"noopener\">R\u00e9union des administrateurs<\/a><\/td>\n<td><a href=\"https:\/\/cbf.ca\/wp-content\/uploads\/2022\/03\/CBFCF-2021.pdf\" target=\"_blank\" rel=\"noopener\">\u00c9tats financiers<\/a>\/ <a href=\"https:\/\/cbf.ca\/wp-content\/uploads\/2023\/07\/CBFCF-2021-signed-financial-position.pdf\" target=\"_blank\" rel=\"noopener\">\u00c9tats sign\u00e9s<\/a><\/td>\n<\/tr>\n<tr>\n<td>2020<\/td>\n<td><a href=\"https:\/\/cbf.ca\/wp-content\/uploads\/2021\/05\/2020-CBFCF-Trustees-Meeting-Minutes.pdf\">R\u00e9union des administrateurs<\/a><\/td>\n<td><a href=\"https:\/\/cbf.ca\/wp-content\/uploads\/2021\/05\/2020-CBFCF-Financial-Statements.pdf\">\u00c9tats financiers<\/a><\/td>\n<\/tr>\n<tr>\n<td>2019<\/td>\n<td><a href=\"https:\/\/cbf.ca\/wp-content\/uploads\/Minutes\/2019-CBFCF-Trustees-Meeting-Minutes.pdf\">R\u00e9union des administrateurs<\/a><\/td>\n<td><a href=\"https:\/\/cbf.ca\/wp-content\/uploads\/FStatements\/2019-CBFCF-FS.pdf\">\u00c9tats financiers<\/a><\/td>\n<\/tr>\n<tr>\n<td>2018<\/td>\n<td><a href=\"https:\/\/cbf.ca\/wp-content\/uploads\/Minutes\/2018-Trustee-Meeting-Minutes.pdf\">R\u00e9union des administrateurs<\/a><\/td>\n<td><a href=\"https:\/\/cbf.ca\/wp-content\/uploads\/FStatements\/2018-CBFCF-FS.pdf\">\u00c9tats financiers<\/a><\/td>\n<\/tr>\n<tr>\n<td>2017<\/td>\n<td><a href=\"https:\/\/cbf.ca\/wp-content\/uploads\/Minutes\/2017-CBFCF-Trustees-Meeting.pdf\">R\u00e9union des administrateurs<\/a><\/td>\n<td><a href=\"https:\/\/cbf.ca\/wp-content\/uploads\/FStatements\/2017-CBFCF-FS.pdf\">\u00c9tats financiers<\/a><\/td>\n<\/tr>\n<tr>\n<td>2016<\/td>\n<td><a href=\"https:\/\/cbf.ca\/wp-content\/uploads\/Minutes\/2016-CBFCF-Trustee-Meeting.pdf\">R\u00e9union des administrateurs<\/a><br \/>\n<a href=\"https:\/\/cbf.ca\/wp-content\/uploads\/Minutes\/2016-CBCF-Email-Motion.pdf\">Motions par courriel<\/a><\/td>\n<td><a href=\"https:\/\/cbf.ca\/wp-content\/uploads\/FStatements\/2016-CBFCF-FS.pdf\">\u00c9tats financiers<\/a><\/td>\n<\/tr>\n<tr>\n<td>2015<\/td>\n<td><a href=\"https:\/\/cbf.ca\/wp-content\/uploads\/Minutes\/2015-CBFCF-Trustee-Meeting.pdf\">R\u00e9union des administrateurs<\/a><\/td>\n<td><a href=\"https:\/\/cbf.ca\/wp-content\/uploads\/FStatements\/2015-CBFCF-FS.pdf\">\u00c9tats financiers<\/a><\/td>\n<\/tr>\n<tr>\n<td>2014<\/td>\n<td><a href=\"https:\/\/cbf.ca\/wp-content\/uploads\/Minutes\/2014-CBFCF-Trustee-Meeting.pdf\">R\u00e9union des administrateurs<\/a><br \/>\n<a href=\"https:\/\/cbf.ca\/wp-content\/uploads\/Minutes\/2014-CBFCF-Email-Motions.pdf\">Motions par courriel<\/a><\/td>\n<td><a href=\"https:\/\/cbf.ca\/wp-content\/uploads\/FStatements\/2014-CBFCF-FS.pdf\">\u00c9tats financiers<\/a><\/td>\n<\/tr>\n<tr>\n<td>2013<\/td>\n<td><a href=\"https:\/\/cbf.ca\/wp-content\/uploads\/2014\/11\/13CHMIN.pdf\">R\u00e9union des administrateurs<\/a><\/td>\n<td><a href=\"https:\/\/cbf.ca\/wp-content\/uploads\/2014\/11\/2013CBFCFauditedstatement.pdf\">\u00c9tats financiers<\/a><\/td>\n<\/tr>\n<tr>\n<td>2012<\/td>\n<td><a href=\"https:\/\/cbf.ca\/wp-content\/uploads\/2014\/11\/12CHMIN.pdf\">R\u00e9union des administrateurs<\/a><\/td>\n<td><a href=\"https:\/\/cbf.ca\/wp-content\/uploads\/2014\/11\/12Charityauditedstatement.pdf\">\u00c9tats financiers<\/a><\/td>\n<\/tr>\n<tr>\n<td>2011<\/td>\n<td><a href=\"https:\/\/cbf.ca\/wp-content\/uploads\/2014\/11\/11CHMIN.pdf\">R\u00e9union des administrateurs<\/a><\/td>\n<td><a href=\"https:\/\/cbf.ca\/wp-content\/uploads\/2014\/11\/11Charityauditedsatement.pdf\">\u00c9tats financiers<\/a><\/td>\n<\/tr>\n<tr>\n<td>2010<\/td>\n<td><a href=\"https:\/\/cbf.ca\/wp-content\/uploads\/2014\/11\/10CHMIN.pdf\">R\u00e9union des administrateurs<\/a><\/td>\n<td><a href=\"https:\/\/cbf.ca\/wp-content\/uploads\/2014\/11\/10auditedcharitystatement.pdf\">\u00c9tats financiers<\/a><\/td>\n<\/tr>\n<tr>\n<td>2009<\/td>\n<td><a href=\"https:\/\/cbf.ca\/wp-content\/uploads\/2014\/11\/09CHMIN.pdf\">R\u00e9union des administrateurs<\/a><\/td>\n<td><a href=\"https:\/\/cbf.ca\/wp-content\/uploads\/2014\/11\/09Charityauditedstatement.pdf\">\u00c9tats financiers<\/a><\/td>\n<\/tr>\n<tr>\n<td>2008<\/td>\n<td><a href=\"https:\/\/cbf.ca\/wp-content\/uploads\/2014\/11\/08CHMIN.pdf\">R\u00e9union des administrateurs<\/a><\/td>\n<td><a href=\"https:\/\/cbf.ca\/wp-content\/uploads\/2014\/11\/08Charityauditedstatement.pdf\">\u00c9tats financiers<\/a><\/td>\n<\/tr>\n<tr>\n<td>2007<\/td>\n<td><a href=\"https:\/\/cbf.ca\/wp-content\/uploads\/2014\/11\/07CHMIN.pdf\">R\u00e9union des administrateurs<\/a><\/td>\n<td><a href=\"https:\/\/cbf.ca\/wp-content\/uploads\/2014\/11\/07CBFCFAuditedStatement.pdf\">\u00c9tats financiers<\/a><\/td>\n<\/tr>\n<tr>\n<td>2006<\/td>\n<td><a href=\"https:\/\/cbf.ca\/wp-content\/uploads\/2014\/11\/06CHMIN.pdf\">R\u00e9union des administrateurs<\/a><\/td>\n<td><a href=\"https:\/\/cbf.ca\/wp-content\/uploads\/2014\/11\/06charityaudited.pdf\">\u00c9tats financiers<\/a><\/td>\n<\/tr>\n<tr>\n<td>2005<\/td>\n<td><a href=\"https:\/\/cbf.ca\/wp-content\/uploads\/2014\/11\/05CHMIN.pdf\">R\u00e9union des administrateurs<\/a><\/td>\n<td><a href=\"https:\/\/cbf.ca\/wp-content\/uploads\/2014\/11\/05charityaudited.pdf\">\u00c9tats financiers<\/a><\/td>\n<\/tr>\n<tr>\n<td>2004<\/td>\n<td><a href=\"https:\/\/cbf.ca\/wp-content\/uploads\/2014\/11\/04CHMIN.pdf\">R\u00e9union des administrateurs<\/a><\/td>\n<td><a href=\"https:\/\/cbf.ca\/wp-content\/uploads\/2014\/11\/04auditedcharitystatement.pdf\">\u00c9tats financiers<\/a><\/td>\n<\/tr>\n<tr>\n<td>2003<\/td>\n<td><a href=\"https:\/\/cbf.ca\/wp-content\/uploads\/2014\/11\/03CHMIN.pdf\">R\u00e9union des administrateurs<\/a><\/td>\n<td><a href=\"https:\/\/cbf.ca\/wp-content\/uploads\/2014\/11\/03auditedcharitystatement.pdf\">\u00c9tats financiers<\/a><\/td>\n<\/tr>\n<tr>\n<td>2002<\/td>\n<td><a href=\"https:\/\/cbf.ca\/wp-content\/uploads\/2014\/11\/02CHMIN.pdf\">R\u00e9union des administrateurs<\/a><\/td>\n<td><a href=\"https:\/\/cbf.ca\/wp-content\/uploads\/2014\/11\/02FINSTA.pdf\">\u00c9tats financiers<\/a><\/td>\n<\/tr>\n<tr>\n<td>2001<\/td>\n<td><a href=\"https:\/\/cbf.ca\/wp-content\/uploads\/2014\/11\/01CHMIN.pdf\">R\u00e9union des administrateurs<\/a><\/td>\n<td><a href=\"https:\/\/cbf.ca\/wp-content\/uploads\/2014\/11\/01charityaudited.pdf\">\u00c9tats financiers<\/a><\/td>\n<\/tr>\n<tr>\n<td>2000<\/td>\n<td><a href=\"https:\/\/cbf.ca\/wp-content\/uploads\/2014\/11\/00CHMIN.pdf\">R\u00e9union des administrateurs<\/a><\/td>\n<td><a href=\"https:\/\/cbf.ca\/wp-content\/uploads\/2014\/11\/00charityaudited.pdf\">\u00c9tats financiers<\/a><\/td>\n<\/tr>\n<tr>\n<td>1999<\/td>\n<td>R\u00e9union des administrateurs<\/td>\n<td><a href=\"https:\/\/cbf.ca\/wp-content\/uploads\/2014\/09\/99charityaudited.pdf\">\u00c9tats financiers<\/a><\/td>\n<\/tr>\n<tr>\n<td>1998<\/td>\n<td><a href=\"https:\/\/cbf.ca\/wp-content\/uploads\/2014\/11\/98CHMIN.pdf\">R\u00e9union des administrateurs<\/a><\/td>\n<td><a href=\"https:\/\/cbf.ca\/wp-content\/uploads\/2014\/09\/98CFFINSTA.pdf\">\u00c9tats financiers<\/a><\/td>\n<\/tr>\n<\/tbody>\n<\/table>\n<\/div>\n","protected":false},"excerpt":{"rendered":"<p>Fonds caritatif de la FCB Description &#8211; Lignes directrices &#8211; Demande de subvention &#8211; Pr\u00e9sident Proc\u00e8s-verbaux et rapports financiers Note: tous les dView Pageocuments sur cette page sont en anglais. Ann\u00e9e Proc\u00e8s-Verbaux Rapports financiers 2024 R\u00e9union des administrateurs \u00c9tats financiers 2022 R\u00e9union des administrateurs \u00c9tats financiers \/ \u00c9tats sign\u00e9s 2021 R\u00e9union des administrateurs \u00c9tats financiers\/<br><a class=\"moretag signature-animation\" href=\"https:\/\/cbf.ca\/fr\/fonds-et-charite\/fonds-caritatif-de-la-fcb\/proces-verbaux-et-rapports\/\">CONTINUER LA LECTURE<\/a>","protected":false},"author":1,"featured_media":0,"parent":3761,"menu_order":0,"comment_status":"closed","ping_status":"closed","template":"","meta":{"footnotes":""},"yoast_head":"<!-- This site is optimized with the Yoast SEO plugin v22.3 - https:\/\/yoast.com\/wordpress\/plugins\/seo\/ -->\n<title>FCFCB - Proc\u00e8s-verbaux et rapports - Canadian Bridge Federation<\/title>\n<meta name=\"robots\" content=\"index, follow, max-snippet:-1, max-image-preview:large, max-video-preview:-1\" \/>\n<link rel=\"canonical\" href=\"https:\/\/cbf.ca\/fr\/fonds-et-charite\/fonds-caritatif-de-la-fcb\/proces-verbaux-et-rapports\/\" \/>\n<meta property=\"og:locale\" content=\"fr_FR\" \/>\n<meta property=\"og:type\" content=\"article\" \/>\n<meta property=\"og:title\" content=\"FCFCB - Proc\u00e8s-verbaux et rapports - Canadian Bridge Federation\" \/>\n<meta property=\"og:description\" content=\"Fonds caritatif de la FCB Description &#8211; Lignes directrices &#8211; Demande de subvention &#8211; Pr\u00e9sident Proc\u00e8s-verbaux et rapports financiers Note: tous les dView Pageocuments sur cette page sont en anglais. Ann\u00e9e Proc\u00e8s-Verbaux Rapports financiers 2024 R\u00e9union des administrateurs \u00c9tats financiers 2022 R\u00e9union des administrateurs \u00c9tats financiers \/ \u00c9tats sign\u00e9s 2021 R\u00e9union des administrateurs \u00c9tats financiers\/\" \/>\n<meta property=\"og:url\" content=\"https:\/\/cbf.ca\/fr\/fonds-et-charite\/fonds-caritatif-de-la-fcb\/proces-verbaux-et-rapports\/\" \/>\n<meta property=\"og:site_name\" content=\"Canadian Bridge Federation\" \/>\n<meta property=\"article:publisher\" content=\"https:\/\/www.facebook.com\/Canadian.Bridge.Federation\/\" \/>\n<meta property=\"article:modified_time\" content=\"2025-12-13T05:12:11+00:00\" \/>\n<meta name=\"twitter:label1\" content=\"Dur\u00e9e de lecture estim\u00e9e\" \/>\n\t<meta name=\"twitter:data1\" content=\"1 minute\" \/>\n<script type=\"application\/ld+json\" class=\"yoast-schema-graph\">{\"@context\":\"https:\/\/schema.org\",\"@graph\":[{\"@type\":\"WebPage\",\"@id\":\"https:\/\/cbf.ca\/fr\/fonds-et-charite\/fonds-caritatif-de-la-fcb\/proces-verbaux-et-rapports\/\",\"url\":\"https:\/\/cbf.ca\/fr\/fonds-et-charite\/fonds-caritatif-de-la-fcb\/proces-verbaux-et-rapports\/\",\"name\":\"FCFCB - Proc\u00e8s-verbaux et rapports - Canadian Bridge Federation\",\"isPartOf\":{\"@id\":\"https:\/\/cbf.ca\/#website\"},\"datePublished\":\"2015-01-07T16:14:57+00:00\",\"dateModified\":\"2025-12-13T05:12:11+00:00\",\"breadcrumb\":{\"@id\":\"https:\/\/cbf.ca\/fr\/fonds-et-charite\/fonds-caritatif-de-la-fcb\/proces-verbaux-et-rapports\/#breadcrumb\"},\"inLanguage\":\"fr-FR\",\"potentialAction\":[{\"@type\":\"ReadAction\",\"target\":[\"https:\/\/cbf.ca\/fr\/fonds-et-charite\/fonds-caritatif-de-la-fcb\/proces-verbaux-et-rapports\/\"]}]},{\"@type\":\"BreadcrumbList\",\"@id\":\"https:\/\/cbf.ca\/fr\/fonds-et-charite\/fonds-caritatif-de-la-fcb\/proces-verbaux-et-rapports\/#breadcrumb\",\"itemListElement\":[{\"@type\":\"ListItem\",\"position\":1,\"name\":\"Home\",\"item\":\"https:\/\/cbf.ca\/\"},{\"@type\":\"ListItem\",\"position\":2,\"name\":\"Fonds et Charit\u00e9\",\"item\":\"https:\/\/cbf.ca\/fr\/fonds-et-charite\/\"},{\"@type\":\"ListItem\",\"position\":3,\"name\":\"Fonds caritatif de la FCB\",\"item\":\"https:\/\/cbf.ca\/fr\/fonds-et-charite\/fonds-caritatif-de-la-fcb\/\"},{\"@type\":\"ListItem\",\"position\":4,\"name\":\"FCFCB &#8211; Proc\u00e8s-verbaux et rapports\"}]},{\"@type\":\"WebSite\",\"@id\":\"https:\/\/cbf.ca\/#website\",\"url\":\"https:\/\/cbf.ca\/\",\"name\":\"Canadian Bridge Federation\",\"description\":\"F\u00e9d\u00e9ration canadienne de bridge\",\"potentialAction\":[{\"@type\":\"SearchAction\",\"target\":{\"@type\":\"EntryPoint\",\"urlTemplate\":\"https:\/\/cbf.ca\/?s={search_term_string}\"},\"query-input\":\"required name=search_term_string\"}],\"inLanguage\":\"fr-FR\"}]}<\/script>\n<!-- \/ Yoast SEO plugin. -->","yoast_head_json":{"title":"FCFCB - Proc\u00e8s-verbaux et rapports - Canadian Bridge Federation","robots":{"index":"index","follow":"follow","max-snippet":"max-snippet:-1","max-image-preview":"max-image-preview:large","max-video-preview":"max-video-preview:-1"},"canonical":"https:\/\/cbf.ca\/fr\/fonds-et-charite\/fonds-caritatif-de-la-fcb\/proces-verbaux-et-rapports\/","og_locale":"fr_FR","og_type":"article","og_title":"FCFCB - Proc\u00e8s-verbaux et rapports - Canadian Bridge Federation","og_description":"Fonds caritatif de la FCB Description &#8211; Lignes directrices &#8211; Demande de subvention &#8211; Pr\u00e9sident Proc\u00e8s-verbaux et rapports financiers Note: tous les dView Pageocuments sur cette page sont en anglais. Ann\u00e9e Proc\u00e8s-Verbaux Rapports financiers 2024 R\u00e9union des administrateurs \u00c9tats financiers 2022 R\u00e9union des administrateurs \u00c9tats financiers \/ \u00c9tats sign\u00e9s 2021 R\u00e9union des administrateurs \u00c9tats financiers\/","og_url":"https:\/\/cbf.ca\/fr\/fonds-et-charite\/fonds-caritatif-de-la-fcb\/proces-verbaux-et-rapports\/","og_site_name":"Canadian Bridge Federation","article_publisher":"https:\/\/www.facebook.com\/Canadian.Bridge.Federation\/","article_modified_time":"2025-12-13T05:12:11+00:00","twitter_misc":{"Dur\u00e9e de lecture estim\u00e9e":"1 minute"},"schema":{"@context":"https:\/\/schema.org","@graph":[{"@type":"WebPage","@id":"https:\/\/cbf.ca\/fr\/fonds-et-charite\/fonds-caritatif-de-la-fcb\/proces-verbaux-et-rapports\/","url":"https:\/\/cbf.ca\/fr\/fonds-et-charite\/fonds-caritatif-de-la-fcb\/proces-verbaux-et-rapports\/","name":"FCFCB - Proc\u00e8s-verbaux et rapports - Canadian Bridge Federation","isPartOf":{"@id":"https:\/\/cbf.ca\/#website"},"datePublished":"2015-01-07T16:14:57+00:00","dateModified":"2025-12-13T05:12:11+00:00","breadcrumb":{"@id":"https:\/\/cbf.ca\/fr\/fonds-et-charite\/fonds-caritatif-de-la-fcb\/proces-verbaux-et-rapports\/#breadcrumb"},"inLanguage":"fr-FR","potentialAction":[{"@type":"ReadAction","target":["https:\/\/cbf.ca\/fr\/fonds-et-charite\/fonds-caritatif-de-la-fcb\/proces-verbaux-et-rapports\/"]}]},{"@type":"BreadcrumbList","@id":"https:\/\/cbf.ca\/fr\/fonds-et-charite\/fonds-caritatif-de-la-fcb\/proces-verbaux-et-rapports\/#breadcrumb","itemListElement":[{"@type":"ListItem","position":1,"name":"Home","item":"https:\/\/cbf.ca\/"},{"@type":"ListItem","position":2,"name":"Fonds et Charit\u00e9","item":"https:\/\/cbf.ca\/fr\/fonds-et-charite\/"},{"@type":"ListItem","position":3,"name":"Fonds caritatif de la FCB","item":"https:\/\/cbf.ca\/fr\/fonds-et-charite\/fonds-caritatif-de-la-fcb\/"},{"@type":"ListItem","position":4,"name":"FCFCB &#8211; Proc\u00e8s-verbaux et rapports"}]},{"@type":"WebSite","@id":"https:\/\/cbf.ca\/#website","url":"https:\/\/cbf.ca\/","name":"Canadian Bridge Federation","description":"F\u00e9d\u00e9ration canadienne de bridge","potentialAction":[{"@type":"SearchAction","target":{"@type":"EntryPoint","urlTemplate":"https:\/\/cbf.ca\/?s={search_term_string}"},"query-input":"required name=search_term_string"}],"inLanguage":"fr-FR"}]}},"_links":{"self":[{"href":"https:\/\/cbf.ca\/fr\/wp-json\/wp\/v2\/pages\/4317"}],"collection":[{"href":"https:\/\/cbf.ca\/fr\/wp-json\/wp\/v2\/pages"}],"about":[{"href":"https:\/\/cbf.ca\/fr\/wp-json\/wp\/v2\/types\/page"}],"author":[{"embeddable":true,"href":"https:\/\/cbf.ca\/fr\/wp-json\/wp\/v2\/users\/1"}],"replies":[{"embeddable":true,"href":"https:\/\/cbf.ca\/fr\/wp-json\/wp\/v2\/comments?post=4317"}],"version-history":[{"count":37,"href":"https:\/\/cbf.ca\/fr\/wp-json\/wp\/v2\/pages\/4317\/revisions"}],"predecessor-version":[{"id":35943,"href":"https:\/\/cbf.ca\/fr\/wp-json\/wp\/v2\/pages\/4317\/revisions\/35943"}],"up":[{"embeddable":true,"href":"https:\/\/cbf.ca\/fr\/wp-json\/wp\/v2\/pages\/3761"}],"wp:attachment":[{"href":"https:\/\/cbf.ca\/fr\/wp-json\/wp\/v2\/media?parent=4317"}],"curies":[{"name":"wp","href":"https:\/\/api.w.org\/{rel}","templated":true}]}}