{"id":4215,"date":"2015-05-01T02:46:08","date_gmt":"2015-04-30T22:46:08","guid":{"rendered":"http:\/\/cbf.ca\/fr\/?page_id=4215"},"modified":"2024-04-27T21:04:25","modified_gmt":"2024-04-27T17:04:25","slug":"joindre-la-fcb-2-ans","status":"publish","type":"page","link":"https:\/\/cbf.ca\/fr\/section-membres\/avantages-membres-fcb\/joindre-la-fcb\/joindre-la-fcb-2-ans\/","title":{"rendered":"Joindre la FCB (adh\u00e9sion de 2 ans)"},"content":{"rendered":"<p>Le formulaire suivant vous permet d&rsquo;adh\u00e9rer pour deux ans \u00e0 la FCB &#8211; 50 $<\/p>\n<p>Vous pouvez aussi adh\u00e9rer pour 1 an ou 3 ans, en suivant le lien appropri\u00e9 ci-dessous:<\/p>\n<ul>\n<li><a href=\"https:\/\/cbf.ca\/fr\/joindre-la-fcb\/\">Adh\u00e9sion d&rsquo;un an<\/a> &#8211; 25$<\/li>\n<li><a href=\"https:\/\/cbf.ca\/fr\/section-exclusive-aux-membres\/avantages-membres-fcb\/joindre-la-fcb\/joindre-la-fcb-3\/\" target=\"_blank\" rel=\"noopener\">Adh\u00e9sion de 3 ans<\/a> &#8211; 65$<\/li>\n<\/ul>\n<h3><span style=\"text-decoration: underline;\">Adh\u00e9sion de 2 ans<\/span><\/h3>\n<p><script src=\"https:\/\/widgets.cbf.ca\/feeds\/Profile\/ProfileScript.ashx?cid=1042&#038;pid=3801\" type=\"text\/javascript\"><\/script><\/p>\n","protected":false},"excerpt":{"rendered":"<p>Le formulaire suivant vous permet d&rsquo;adh\u00e9rer pour deux ans \u00e0 la FCB &#8211; 50 $ Vous pouvez aussi adh\u00e9rer pour 1 an ou 3 ans, en suivant le lien appropri\u00e9 ci-dessous: Adh\u00e9sion d&rsquo;un an &#8211; 25$ Adh\u00e9sion de 3 ans &#8211; 65$ Adh\u00e9sion de 2 ans<br><a class=\"moretag signature-animation\" href=\"https:\/\/cbf.ca\/fr\/section-membres\/avantages-membres-fcb\/joindre-la-fcb\/joindre-la-fcb-2-ans\/\">CONTINUER LA LECTURE<\/a>","protected":false},"author":1,"featured_media":0,"parent":4208,"menu_order":0,"comment_status":"closed","ping_status":"closed","template":"","meta":{"footnotes":""},"yoast_head":"<!-- This site is optimized with the Yoast SEO plugin v22.3 - https:\/\/yoast.com\/wordpress\/plugins\/seo\/ -->\n<title>Joindre la FCB (adh\u00e9sion de 2 ans) - Canadian Bridge Federation<\/title>\n<meta name=\"robots\" content=\"index, follow, max-snippet:-1, max-image-preview:large, max-video-preview:-1\" \/>\n<link rel=\"canonical\" href=\"https:\/\/cbf.ca\/fr\/section-membres\/avantages-membres-fcb\/joindre-la-fcb\/joindre-la-fcb-2-ans\/\" \/>\n<meta property=\"og:locale\" content=\"fr_FR\" \/>\n<meta property=\"og:type\" content=\"article\" \/>\n<meta property=\"og:title\" content=\"Joindre la FCB (adh\u00e9sion de 2 ans) - Canadian Bridge Federation\" \/>\n<meta property=\"og:description\" content=\"Le formulaire suivant vous permet d&rsquo;adh\u00e9rer pour deux ans \u00e0 la FCB &#8211; 50 $ Vous pouvez aussi adh\u00e9rer pour 1 an ou 3 ans, en suivant le lien appropri\u00e9 ci-dessous: Adh\u00e9sion d&rsquo;un an &#8211; 25$ Adh\u00e9sion de 3 ans &#8211; 65$ Adh\u00e9sion de 2 ans\" \/>\n<meta property=\"og:url\" content=\"https:\/\/cbf.ca\/fr\/section-membres\/avantages-membres-fcb\/joindre-la-fcb\/joindre-la-fcb-2-ans\/\" \/>\n<meta property=\"og:site_name\" content=\"Canadian Bridge Federation\" \/>\n<meta property=\"article:publisher\" content=\"https:\/\/www.facebook.com\/Canadian.Bridge.Federation\/\" \/>\n<meta property=\"article:modified_time\" content=\"2024-04-27T17:04:25+00:00\" \/>\n<meta name=\"twitter:label1\" content=\"Dur\u00e9e de lecture estim\u00e9e\" \/>\n\t<meta name=\"twitter:data1\" content=\"1 minute\" \/>\n<script type=\"application\/ld+json\" class=\"yoast-schema-graph\">{\"@context\":\"https:\/\/schema.org\",\"@graph\":[{\"@type\":\"WebPage\",\"@id\":\"https:\/\/cbf.ca\/fr\/section-membres\/avantages-membres-fcb\/joindre-la-fcb\/joindre-la-fcb-2-ans\/\",\"url\":\"https:\/\/cbf.ca\/fr\/section-membres\/avantages-membres-fcb\/joindre-la-fcb\/joindre-la-fcb-2-ans\/\",\"name\":\"Joindre la FCB (adh\u00e9sion de 2 ans) - Canadian Bridge Federation\",\"isPartOf\":{\"@id\":\"https:\/\/cbf.ca\/#website\"},\"datePublished\":\"2015-04-30T22:46:08+00:00\",\"dateModified\":\"2024-04-27T17:04:25+00:00\",\"breadcrumb\":{\"@id\":\"https:\/\/cbf.ca\/fr\/section-membres\/avantages-membres-fcb\/joindre-la-fcb\/joindre-la-fcb-2-ans\/#breadcrumb\"},\"inLanguage\":\"fr-FR\",\"potentialAction\":[{\"@type\":\"ReadAction\",\"target\":[\"https:\/\/cbf.ca\/fr\/section-membres\/avantages-membres-fcb\/joindre-la-fcb\/joindre-la-fcb-2-ans\/\"]}]},{\"@type\":\"BreadcrumbList\",\"@id\":\"https:\/\/cbf.ca\/fr\/section-membres\/avantages-membres-fcb\/joindre-la-fcb\/joindre-la-fcb-2-ans\/#breadcrumb\",\"itemListElement\":[{\"@type\":\"ListItem\",\"position\":1,\"name\":\"Home\",\"item\":\"https:\/\/cbf.ca\/\"},{\"@type\":\"ListItem\",\"position\":2,\"name\":\"Section membres\",\"item\":\"https:\/\/cbf.ca\/fr\/section-membres\/\"},{\"@type\":\"ListItem\",\"position\":3,\"name\":\"Avantages des membres de la FCB\",\"item\":\"https:\/\/cbf.ca\/fr\/section-membres\/avantages-membres-fcb\/\"},{\"@type\":\"ListItem\",\"position\":4,\"name\":\"Joindre la FCB\",\"item\":\"https:\/\/cbf.ca\/fr\/section-membres\/avantages-membres-fcb\/joindre-la-fcb\/\"},{\"@type\":\"ListItem\",\"position\":5,\"name\":\"Joindre la FCB (adh\u00e9sion de 2 ans)\"}]},{\"@type\":\"WebSite\",\"@id\":\"https:\/\/cbf.ca\/#website\",\"url\":\"https:\/\/cbf.ca\/\",\"name\":\"Canadian Bridge Federation\",\"description\":\"F\u00e9d\u00e9ration canadienne de bridge\",\"potentialAction\":[{\"@type\":\"SearchAction\",\"target\":{\"@type\":\"EntryPoint\",\"urlTemplate\":\"https:\/\/cbf.ca\/?s={search_term_string}\"},\"query-input\":\"required name=search_term_string\"}],\"inLanguage\":\"fr-FR\"}]}<\/script>\n<!-- \/ Yoast SEO plugin. -->","yoast_head_json":{"title":"Joindre la FCB (adh\u00e9sion de 2 ans) - Canadian Bridge Federation","robots":{"index":"index","follow":"follow","max-snippet":"max-snippet:-1","max-image-preview":"max-image-preview:large","max-video-preview":"max-video-preview:-1"},"canonical":"https:\/\/cbf.ca\/fr\/section-membres\/avantages-membres-fcb\/joindre-la-fcb\/joindre-la-fcb-2-ans\/","og_locale":"fr_FR","og_type":"article","og_title":"Joindre la FCB (adh\u00e9sion de 2 ans) - Canadian Bridge Federation","og_description":"Le formulaire suivant vous permet d&rsquo;adh\u00e9rer pour deux ans \u00e0 la FCB &#8211; 50 $ Vous pouvez aussi adh\u00e9rer pour 1 an ou 3 ans, en suivant le lien appropri\u00e9 ci-dessous: Adh\u00e9sion d&rsquo;un an &#8211; 25$ Adh\u00e9sion de 3 ans &#8211; 65$ Adh\u00e9sion de 2 ans","og_url":"https:\/\/cbf.ca\/fr\/section-membres\/avantages-membres-fcb\/joindre-la-fcb\/joindre-la-fcb-2-ans\/","og_site_name":"Canadian Bridge Federation","article_publisher":"https:\/\/www.facebook.com\/Canadian.Bridge.Federation\/","article_modified_time":"2024-04-27T17:04:25+00:00","twitter_misc":{"Dur\u00e9e de lecture estim\u00e9e":"1 minute"},"schema":{"@context":"https:\/\/schema.org","@graph":[{"@type":"WebPage","@id":"https:\/\/cbf.ca\/fr\/section-membres\/avantages-membres-fcb\/joindre-la-fcb\/joindre-la-fcb-2-ans\/","url":"https:\/\/cbf.ca\/fr\/section-membres\/avantages-membres-fcb\/joindre-la-fcb\/joindre-la-fcb-2-ans\/","name":"Joindre la FCB (adh\u00e9sion de 2 ans) - Canadian Bridge Federation","isPartOf":{"@id":"https:\/\/cbf.ca\/#website"},"datePublished":"2015-04-30T22:46:08+00:00","dateModified":"2024-04-27T17:04:25+00:00","breadcrumb":{"@id":"https:\/\/cbf.ca\/fr\/section-membres\/avantages-membres-fcb\/joindre-la-fcb\/joindre-la-fcb-2-ans\/#breadcrumb"},"inLanguage":"fr-FR","potentialAction":[{"@type":"ReadAction","target":["https:\/\/cbf.ca\/fr\/section-membres\/avantages-membres-fcb\/joindre-la-fcb\/joindre-la-fcb-2-ans\/"]}]},{"@type":"BreadcrumbList","@id":"https:\/\/cbf.ca\/fr\/section-membres\/avantages-membres-fcb\/joindre-la-fcb\/joindre-la-fcb-2-ans\/#breadcrumb","itemListElement":[{"@type":"ListItem","position":1,"name":"Home","item":"https:\/\/cbf.ca\/"},{"@type":"ListItem","position":2,"name":"Section membres","item":"https:\/\/cbf.ca\/fr\/section-membres\/"},{"@type":"ListItem","position":3,"name":"Avantages des membres de la FCB","item":"https:\/\/cbf.ca\/fr\/section-membres\/avantages-membres-fcb\/"},{"@type":"ListItem","position":4,"name":"Joindre la FCB","item":"https:\/\/cbf.ca\/fr\/section-membres\/avantages-membres-fcb\/joindre-la-fcb\/"},{"@type":"ListItem","position":5,"name":"Joindre la FCB (adh\u00e9sion de 2 ans)"}]},{"@type":"WebSite","@id":"https:\/\/cbf.ca\/#website","url":"https:\/\/cbf.ca\/","name":"Canadian Bridge Federation","description":"F\u00e9d\u00e9ration canadienne de bridge","potentialAction":[{"@type":"SearchAction","target":{"@type":"EntryPoint","urlTemplate":"https:\/\/cbf.ca\/?s={search_term_string}"},"query-input":"required name=search_term_string"}],"inLanguage":"fr-FR"}]}},"_links":{"self":[{"href":"https:\/\/cbf.ca\/fr\/wp-json\/wp\/v2\/pages\/4215"}],"collection":[{"href":"https:\/\/cbf.ca\/fr\/wp-json\/wp\/v2\/pages"}],"about":[{"href":"https:\/\/cbf.ca\/fr\/wp-json\/wp\/v2\/types\/page"}],"author":[{"embeddable":true,"href":"https:\/\/cbf.ca\/fr\/wp-json\/wp\/v2\/users\/1"}],"replies":[{"embeddable":true,"href":"https:\/\/cbf.ca\/fr\/wp-json\/wp\/v2\/comments?post=4215"}],"version-history":[{"count":17,"href":"https:\/\/cbf.ca\/fr\/wp-json\/wp\/v2\/pages\/4215\/revisions"}],"predecessor-version":[{"id":28718,"href":"https:\/\/cbf.ca\/fr\/wp-json\/wp\/v2\/pages\/4215\/revisions\/28718"}],"up":[{"embeddable":true,"href":"https:\/\/cbf.ca\/fr\/wp-json\/wp\/v2\/pages\/4208"}],"wp:attachment":[{"href":"https:\/\/cbf.ca\/fr\/wp-json\/wp\/v2\/media?parent=4215"}],"curies":[{"name":"wp","href":"https:\/\/api.w.org\/{rel}","templated":true}]}}