{"id":4208,"date":"2014-11-24T22:15:36","date_gmt":"2014-11-24T18:15:36","guid":{"rendered":"http:\/\/cbf.ca\/fr\/join-the-cbf\/"},"modified":"2025-10-08T20:19:19","modified_gmt":"2025-10-08T16:19:19","slug":"joindre-la-fcb","status":"publish","type":"page","link":"https:\/\/cbf.ca\/fr\/section-membres\/avantages-membres-fcb\/joindre-la-fcb\/","title":{"rendered":"Joindre la FCB"},"content":{"rendered":"<p><span style=\"line-height: 1.5;\"><strong>La cotisation \u00e0 la FCB est <span style=\"text-decoration: underline;\">25$ par ann\u00e9e<\/span>. <\/strong>Veuillez compl\u00e9ter le formulaire ci-dessous pour compl\u00e9ter votre adh\u00e9sion.<br \/>\n<\/span><span style=\"line-height: 1.5;\"><strong>Joueurs de 25 ans et moins<\/strong>: la cotisation est 10 $ par ann\u00e9e. Ceci s\u2019applique au moment de joindre ou de renouveler l\u2019adh\u00e9sion sur le site de la FCB. Le code promo est JUNIOR.<br \/>\n<\/span><\/p>\n<p>Vous pouvez aussi souscrire pour <strong>2 ans<\/strong> ou <strong>3 ans<\/strong> en suivant le lien appropri\u00e9 ci-dessous:<\/p>\n<ul>\n<li><span style=\"text-decoration: underline;\"><a style=\"text-decoration: underline;\" href=\"https:\/\/cbf.ca\/fr\/joindre-la-fcb\/joindre-la-fcb-2-ans\/\"><strong>Adh\u00e9sion de 2 ans<\/strong><\/a><\/span> &#8211; 50 $<\/li>\n<li><a href=\"https:\/\/cbf.ca\/fr\/section-exclusive-aux-membres\/avantages-membres-fcb\/joindre-la-fcb\/joindre-la-fcb-3\/\" target=\"_blank\" rel=\"noopener\"><span style=\"text-decoration: underline;\"><strong>Adh\u00e9sion de 3 ans<\/strong><\/span><\/a> &#8211; 65 $<\/li>\n<\/ul>\n<p>POUR RENOUVELER VOTRE ADH\u00c9SION, ALLER \u00c0\u00a0 LA PAGE <span style=\"text-decoration: underline;\"><a style=\"text-decoration: underline;\" href=\"https:\/\/cbf.ca\/fr\/section-exclusive-aux-membres\/renouvellement-de-ladhesion\/#id=167&amp;cid=1042&amp;wid=7501\" target=\"_blank\" rel=\"noopener\">RENOUVELLEMENT DE L&rsquo;ADH\u00c9SION<\/a><\/span> AU MENU MEMBRES.<\/p>\n<h3><span style=\"text-decoration: underline;\">Adh\u00e9sion d&rsquo;un an<\/span><\/h3>\n<p><script src=\"https:\/\/widgets.cbf.ca\/feeds\/Profile\/ProfileScript.ashx?cid=1042&#038;pid=3601\" type=\"text\/javascript\"><\/script><\/p>\n","protected":false},"excerpt":{"rendered":"<p>La cotisation \u00e0 la FCB est 25$ par ann\u00e9e. Veuillez compl\u00e9ter le formulaire ci-dessous pour compl\u00e9ter votre adh\u00e9sion. Joueurs de 25 ans et moins: la cotisation est 10 $ par ann\u00e9e. Ceci s\u2019applique au moment de joindre ou de renouveler l\u2019adh\u00e9sion sur le site de la FCB. Le code promo est JUNIOR. Vous pouvez aussi<br><a class=\"moretag signature-animation\" href=\"https:\/\/cbf.ca\/fr\/section-membres\/avantages-membres-fcb\/joindre-la-fcb\/\">CONTINUER LA LECTURE<\/a>","protected":false},"author":1,"featured_media":0,"parent":3424,"menu_order":0,"comment_status":"closed","ping_status":"closed","template":"","meta":{"footnotes":""},"yoast_head":"<!-- This site is optimized with the Yoast SEO plugin v22.3 - https:\/\/yoast.com\/wordpress\/plugins\/seo\/ -->\n<title>Joindre la FCB - Canadian Bridge Federation<\/title>\n<meta name=\"robots\" content=\"index, follow, max-snippet:-1, max-image-preview:large, max-video-preview:-1\" \/>\n<link rel=\"canonical\" href=\"https:\/\/cbf.ca\/fr\/section-membres\/avantages-membres-fcb\/joindre-la-fcb\/\" \/>\n<meta property=\"og:locale\" content=\"fr_FR\" \/>\n<meta property=\"og:type\" content=\"article\" \/>\n<meta property=\"og:title\" content=\"Joindre la FCB - Canadian Bridge Federation\" \/>\n<meta property=\"og:description\" content=\"La cotisation \u00e0 la FCB est 25$ par ann\u00e9e. Veuillez compl\u00e9ter le formulaire ci-dessous pour compl\u00e9ter votre adh\u00e9sion. Joueurs de 25 ans et moins: la cotisation est 10 $ par ann\u00e9e. Ceci s\u2019applique au moment de joindre ou de renouveler l\u2019adh\u00e9sion sur le site de la FCB. Le code promo est JUNIOR. Vous pouvez aussi\" \/>\n<meta property=\"og:url\" content=\"https:\/\/cbf.ca\/fr\/section-membres\/avantages-membres-fcb\/joindre-la-fcb\/\" \/>\n<meta property=\"og:site_name\" content=\"Canadian Bridge Federation\" \/>\n<meta property=\"article:publisher\" content=\"https:\/\/www.facebook.com\/Canadian.Bridge.Federation\/\" \/>\n<meta property=\"article:modified_time\" content=\"2025-10-08T16:19:19+00:00\" \/>\n<meta name=\"twitter:label1\" content=\"Dur\u00e9e de lecture estim\u00e9e\" \/>\n\t<meta name=\"twitter:data1\" content=\"1 minute\" \/>\n<script type=\"application\/ld+json\" class=\"yoast-schema-graph\">{\"@context\":\"https:\/\/schema.org\",\"@graph\":[{\"@type\":\"WebPage\",\"@id\":\"https:\/\/cbf.ca\/fr\/section-membres\/avantages-membres-fcb\/joindre-la-fcb\/\",\"url\":\"https:\/\/cbf.ca\/fr\/section-membres\/avantages-membres-fcb\/joindre-la-fcb\/\",\"name\":\"Joindre la FCB - Canadian Bridge Federation\",\"isPartOf\":{\"@id\":\"https:\/\/cbf.ca\/#website\"},\"datePublished\":\"2014-11-24T18:15:36+00:00\",\"dateModified\":\"2025-10-08T16:19:19+00:00\",\"breadcrumb\":{\"@id\":\"https:\/\/cbf.ca\/fr\/section-membres\/avantages-membres-fcb\/joindre-la-fcb\/#breadcrumb\"},\"inLanguage\":\"fr-FR\",\"potentialAction\":[{\"@type\":\"ReadAction\",\"target\":[\"https:\/\/cbf.ca\/fr\/section-membres\/avantages-membres-fcb\/joindre-la-fcb\/\"]}]},{\"@type\":\"BreadcrumbList\",\"@id\":\"https:\/\/cbf.ca\/fr\/section-membres\/avantages-membres-fcb\/joindre-la-fcb\/#breadcrumb\",\"itemListElement\":[{\"@type\":\"ListItem\",\"position\":1,\"name\":\"Home\",\"item\":\"https:\/\/cbf.ca\/\"},{\"@type\":\"ListItem\",\"position\":2,\"name\":\"Section membres\",\"item\":\"https:\/\/cbf.ca\/fr\/section-membres\/\"},{\"@type\":\"ListItem\",\"position\":3,\"name\":\"Avantages des membres de la FCB\",\"item\":\"https:\/\/cbf.ca\/fr\/section-membres\/avantages-membres-fcb\/\"},{\"@type\":\"ListItem\",\"position\":4,\"name\":\"Joindre la FCB\"}]},{\"@type\":\"WebSite\",\"@id\":\"https:\/\/cbf.ca\/#website\",\"url\":\"https:\/\/cbf.ca\/\",\"name\":\"Canadian Bridge Federation\",\"description\":\"F\u00e9d\u00e9ration canadienne de bridge\",\"potentialAction\":[{\"@type\":\"SearchAction\",\"target\":{\"@type\":\"EntryPoint\",\"urlTemplate\":\"https:\/\/cbf.ca\/?s={search_term_string}\"},\"query-input\":\"required name=search_term_string\"}],\"inLanguage\":\"fr-FR\"}]}<\/script>\n<!-- \/ Yoast SEO plugin. -->","yoast_head_json":{"title":"Joindre la FCB - Canadian Bridge Federation","robots":{"index":"index","follow":"follow","max-snippet":"max-snippet:-1","max-image-preview":"max-image-preview:large","max-video-preview":"max-video-preview:-1"},"canonical":"https:\/\/cbf.ca\/fr\/section-membres\/avantages-membres-fcb\/joindre-la-fcb\/","og_locale":"fr_FR","og_type":"article","og_title":"Joindre la FCB - Canadian Bridge Federation","og_description":"La cotisation \u00e0 la FCB est 25$ par ann\u00e9e. Veuillez compl\u00e9ter le formulaire ci-dessous pour compl\u00e9ter votre adh\u00e9sion. Joueurs de 25 ans et moins: la cotisation est 10 $ par ann\u00e9e. Ceci s\u2019applique au moment de joindre ou de renouveler l\u2019adh\u00e9sion sur le site de la FCB. Le code promo est JUNIOR. Vous pouvez aussi","og_url":"https:\/\/cbf.ca\/fr\/section-membres\/avantages-membres-fcb\/joindre-la-fcb\/","og_site_name":"Canadian Bridge Federation","article_publisher":"https:\/\/www.facebook.com\/Canadian.Bridge.Federation\/","article_modified_time":"2025-10-08T16:19:19+00:00","twitter_misc":{"Dur\u00e9e de lecture estim\u00e9e":"1 minute"},"schema":{"@context":"https:\/\/schema.org","@graph":[{"@type":"WebPage","@id":"https:\/\/cbf.ca\/fr\/section-membres\/avantages-membres-fcb\/joindre-la-fcb\/","url":"https:\/\/cbf.ca\/fr\/section-membres\/avantages-membres-fcb\/joindre-la-fcb\/","name":"Joindre la FCB - Canadian Bridge Federation","isPartOf":{"@id":"https:\/\/cbf.ca\/#website"},"datePublished":"2014-11-24T18:15:36+00:00","dateModified":"2025-10-08T16:19:19+00:00","breadcrumb":{"@id":"https:\/\/cbf.ca\/fr\/section-membres\/avantages-membres-fcb\/joindre-la-fcb\/#breadcrumb"},"inLanguage":"fr-FR","potentialAction":[{"@type":"ReadAction","target":["https:\/\/cbf.ca\/fr\/section-membres\/avantages-membres-fcb\/joindre-la-fcb\/"]}]},{"@type":"BreadcrumbList","@id":"https:\/\/cbf.ca\/fr\/section-membres\/avantages-membres-fcb\/joindre-la-fcb\/#breadcrumb","itemListElement":[{"@type":"ListItem","position":1,"name":"Home","item":"https:\/\/cbf.ca\/"},{"@type":"ListItem","position":2,"name":"Section membres","item":"https:\/\/cbf.ca\/fr\/section-membres\/"},{"@type":"ListItem","position":3,"name":"Avantages des membres de la FCB","item":"https:\/\/cbf.ca\/fr\/section-membres\/avantages-membres-fcb\/"},{"@type":"ListItem","position":4,"name":"Joindre la FCB"}]},{"@type":"WebSite","@id":"https:\/\/cbf.ca\/#website","url":"https:\/\/cbf.ca\/","name":"Canadian Bridge Federation","description":"F\u00e9d\u00e9ration canadienne de bridge","potentialAction":[{"@type":"SearchAction","target":{"@type":"EntryPoint","urlTemplate":"https:\/\/cbf.ca\/?s={search_term_string}"},"query-input":"required name=search_term_string"}],"inLanguage":"fr-FR"}]}},"_links":{"self":[{"href":"https:\/\/cbf.ca\/fr\/wp-json\/wp\/v2\/pages\/4208"}],"collection":[{"href":"https:\/\/cbf.ca\/fr\/wp-json\/wp\/v2\/pages"}],"about":[{"href":"https:\/\/cbf.ca\/fr\/wp-json\/wp\/v2\/types\/page"}],"author":[{"embeddable":true,"href":"https:\/\/cbf.ca\/fr\/wp-json\/wp\/v2\/users\/1"}],"replies":[{"embeddable":true,"href":"https:\/\/cbf.ca\/fr\/wp-json\/wp\/v2\/comments?post=4208"}],"version-history":[{"count":41,"href":"https:\/\/cbf.ca\/fr\/wp-json\/wp\/v2\/pages\/4208\/revisions"}],"predecessor-version":[{"id":31617,"href":"https:\/\/cbf.ca\/fr\/wp-json\/wp\/v2\/pages\/4208\/revisions\/31617"}],"up":[{"embeddable":true,"href":"https:\/\/cbf.ca\/fr\/wp-json\/wp\/v2\/pages\/3424"}],"wp:attachment":[{"href":"https:\/\/cbf.ca\/fr\/wp-json\/wp\/v2\/media?parent=4208"}],"curies":[{"name":"wp","href":"https:\/\/api.w.org\/{rel}","templated":true}]}}