{"id":4193,"date":"2014-12-05T23:03:17","date_gmt":"2014-12-05T23:03:17","guid":{"rendered":"http:\/\/cbf.ca\/fr\/?page_id=4193"},"modified":"2018-12-12T03:14:29","modified_gmt":"2018-12-12T03:14:29","slug":"conditions-du-site-internet","status":"publish","type":"page","link":"https:\/\/cbf.ca\/fr\/conditions-du-site-internet\/","title":{"rendered":"CONDITIONS DU SITE INTERNET"},"content":{"rendered":"<h2><strong>D\u00e9claration de Confidentialit\u00e9<\/strong><\/h2>\n<p>Nous respectons votre vie priv\u00e9e! Toutes les informations collect\u00e9es sur ce site seront gard\u00e9es strictement confidentielles et ne seront pas vendues, r\u00e9utilis\u00e9s, lou\u00e9es, divulgu\u00e9es ou pr\u00eat\u00e9es!<\/p>\n<p>Toute information que vous fournissez sera conserv\u00e9e avec le plus grand soin et ne sera pas utilis\u00e9e \u00e0 des fins que vous n\u2019avez pas autoris\u00e9es. Si vous avez des questions, n&rsquo;h\u00e9sitez pas \u00e0 nous appeler ou \u00e0 nous envoyer un courriel.<\/p>\n<h2><strong>Conditions g\u00e9n\u00e9rales du site web<\/strong><\/h2>\n<p><strong>Clause de non-responsabilit\u00e9<\/strong><\/p>\n<p>Nous nous effor\u00e7ons de garder toutes les informations contenues dans ce site Web de la FCB \u00e0 jour. Toutefois, les prix, annonces, articles et autres informations sont sujettes \u00e0 modification et sont publi\u00e9es uniquement \u00e0 des fins d&rsquo;information. La FCB n&rsquo;assume aucune responsabilit\u00e9 pour toute erreur ou omission remarqu\u00e9e sur ce site Web. S&rsquo;il vous pla\u00eet, v\u00e9rifiez toutes les informations par courriel ou par t\u00e9l\u00e9phone.<\/p>\n<p><strong>Marques de commerce<\/strong><\/p>\n<p>Les publications, produits, contenus ou services mentionn\u00e9s aux pr\u00e9sentes ou sur le site sont des marques exclusives de la FCB, dont l\u2019aspect et\u00a0le style du site, la combinaison de couleurs FCB.ca, la mise en page et tous les autres \u00e9l\u00e9ments graphiques. Toute utilisation des marques de commerce de la FCB est strictement interdite sans l&rsquo;autorisation expresse de la FCB. Les autres noms de produits et de soci\u00e9t\u00e9s mentionn\u00e9s sur le site peuvent \u00eatre des marques commerciales de leurs propri\u00e9taires respectifs.<\/p>\n<p><strong>Liens vers des sites web de tierce partie<\/strong><\/p>\n<p>Ce site web contient des hyperliens vers des sites web exploit\u00e9s par des parties autres que la FCB. La FCB ne contr\u00f4le pas ces sites et n&rsquo;est pas responsable de leur contenu. L\u2019inclusion d&rsquo;hyperliens vers de tels sites web par la FCB n&rsquo;implique pas un endossement du mat\u00e9riel sur ces sites web ni aucune association avec leurs exploitants.<\/p>\n<p><strong>Limitations de responsabilit\u00e9<\/strong><\/p>\n<p>Ni la FCB, ni aucun de ses administrateurs, employ\u00e9s ou autres repr\u00e9sentants ne seront tenus responsables de dommages \u00e9tant li\u00e9s \u00e0 l&rsquo;utilisation de ce site ou en d\u00e9coulant. Il s&rsquo;agit d&rsquo;une limitation de responsabilit\u00e9 compl\u00e8te, qui s&rsquo;applique \u00e0 tous les dommages de toute nature, y compris (sans s&rsquo;y limiter) les dommages-int\u00e9r\u00eats compensatoires, directs, indirects ou cons\u00e9cutifs, pertes de donn\u00e9es, de revenus ou de profits, pertes ou dommages mat\u00e9riels et les r\u00e9clamations de tierces parties.<\/p>\n<p><strong>Webmestre<\/strong><\/p>\n<p>N&rsquo;h\u00e9sitez pas \u00e0 communiquer avec nous si vous avez des questions techniques ou commentaires concernant ce site Web \u00e0\u00a0<a href=\"mailto:webmaster@cbf.ca\">webmaster@cbf.ca<\/a>.<\/p>\n","protected":false},"excerpt":{"rendered":"<p>D\u00e9claration de Confidentialit\u00e9 Nous respectons votre vie priv\u00e9e! Toutes les informations collect\u00e9es sur ce site seront gard\u00e9es strictement confidentielles et ne seront pas vendues, r\u00e9utilis\u00e9s, lou\u00e9es, divulgu\u00e9es ou pr\u00eat\u00e9es! Toute information que vous fournissez sera conserv\u00e9e avec le plus grand soin et ne sera pas utilis\u00e9e \u00e0 des fins que vous n\u2019avez pas autoris\u00e9es. Si<br><a class=\"moretag signature-animation\" href=\"https:\/\/cbf.ca\/fr\/conditions-du-site-internet\/\">CONTINUER LA LECTURE<\/a>","protected":false},"author":1,"featured_media":0,"parent":0,"menu_order":0,"comment_status":"closed","ping_status":"closed","template":"","meta":{"footnotes":""},"yoast_head":"<!-- This site is optimized with the Yoast SEO plugin v22.3 - https:\/\/yoast.com\/wordpress\/plugins\/seo\/ -->\n<title>CONDITIONS DU SITE INTERNET - Canadian Bridge Federation<\/title>\n<meta name=\"robots\" content=\"index, follow, max-snippet:-1, max-image-preview:large, max-video-preview:-1\" \/>\n<link rel=\"canonical\" href=\"https:\/\/cbf.ca\/fr\/conditions-du-site-internet\/\" \/>\n<meta property=\"og:locale\" content=\"fr_FR\" \/>\n<meta property=\"og:type\" content=\"article\" \/>\n<meta property=\"og:title\" content=\"CONDITIONS DU SITE INTERNET - Canadian Bridge Federation\" \/>\n<meta property=\"og:description\" content=\"D\u00e9claration de Confidentialit\u00e9 Nous respectons votre vie priv\u00e9e! Toutes les informations collect\u00e9es sur ce site seront gard\u00e9es strictement confidentielles et ne seront pas vendues, r\u00e9utilis\u00e9s, lou\u00e9es, divulgu\u00e9es ou pr\u00eat\u00e9es! Toute information que vous fournissez sera conserv\u00e9e avec le plus grand soin et ne sera pas utilis\u00e9e \u00e0 des fins que vous n\u2019avez pas autoris\u00e9es. Si\" \/>\n<meta property=\"og:url\" content=\"https:\/\/cbf.ca\/fr\/conditions-du-site-internet\/\" \/>\n<meta property=\"og:site_name\" content=\"Canadian Bridge Federation\" \/>\n<meta property=\"article:publisher\" content=\"https:\/\/www.facebook.com\/Canadian.Bridge.Federation\/\" \/>\n<meta property=\"article:modified_time\" content=\"2018-12-12T03:14:29+00:00\" \/>\n<meta name=\"twitter:label1\" content=\"Dur\u00e9e de lecture estim\u00e9e\" \/>\n\t<meta name=\"twitter:data1\" content=\"2 minutes\" \/>\n<script type=\"application\/ld+json\" class=\"yoast-schema-graph\">{\"@context\":\"https:\/\/schema.org\",\"@graph\":[{\"@type\":\"WebPage\",\"@id\":\"https:\/\/cbf.ca\/fr\/conditions-du-site-internet\/\",\"url\":\"https:\/\/cbf.ca\/fr\/conditions-du-site-internet\/\",\"name\":\"CONDITIONS DU SITE INTERNET - Canadian Bridge Federation\",\"isPartOf\":{\"@id\":\"https:\/\/cbf.ca\/#website\"},\"datePublished\":\"2014-12-05T23:03:17+00:00\",\"dateModified\":\"2018-12-12T03:14:29+00:00\",\"breadcrumb\":{\"@id\":\"https:\/\/cbf.ca\/fr\/conditions-du-site-internet\/#breadcrumb\"},\"inLanguage\":\"fr-FR\",\"potentialAction\":[{\"@type\":\"ReadAction\",\"target\":[\"https:\/\/cbf.ca\/fr\/conditions-du-site-internet\/\"]}]},{\"@type\":\"BreadcrumbList\",\"@id\":\"https:\/\/cbf.ca\/fr\/conditions-du-site-internet\/#breadcrumb\",\"itemListElement\":[{\"@type\":\"ListItem\",\"position\":1,\"name\":\"Home\",\"item\":\"https:\/\/cbf.ca\/\"},{\"@type\":\"ListItem\",\"position\":2,\"name\":\"CONDITIONS DU SITE INTERNET\"}]},{\"@type\":\"WebSite\",\"@id\":\"https:\/\/cbf.ca\/#website\",\"url\":\"https:\/\/cbf.ca\/\",\"name\":\"Canadian Bridge Federation\",\"description\":\"F\u00e9d\u00e9ration canadienne de bridge\",\"potentialAction\":[{\"@type\":\"SearchAction\",\"target\":{\"@type\":\"EntryPoint\",\"urlTemplate\":\"https:\/\/cbf.ca\/?s={search_term_string}\"},\"query-input\":\"required name=search_term_string\"}],\"inLanguage\":\"fr-FR\"}]}<\/script>\n<!-- \/ Yoast SEO plugin. -->","yoast_head_json":{"title":"CONDITIONS DU SITE INTERNET - Canadian Bridge Federation","robots":{"index":"index","follow":"follow","max-snippet":"max-snippet:-1","max-image-preview":"max-image-preview:large","max-video-preview":"max-video-preview:-1"},"canonical":"https:\/\/cbf.ca\/fr\/conditions-du-site-internet\/","og_locale":"fr_FR","og_type":"article","og_title":"CONDITIONS DU SITE INTERNET - Canadian Bridge Federation","og_description":"D\u00e9claration de Confidentialit\u00e9 Nous respectons votre vie priv\u00e9e! Toutes les informations collect\u00e9es sur ce site seront gard\u00e9es strictement confidentielles et ne seront pas vendues, r\u00e9utilis\u00e9s, lou\u00e9es, divulgu\u00e9es ou pr\u00eat\u00e9es! Toute information que vous fournissez sera conserv\u00e9e avec le plus grand soin et ne sera pas utilis\u00e9e \u00e0 des fins que vous n\u2019avez pas autoris\u00e9es. Si","og_url":"https:\/\/cbf.ca\/fr\/conditions-du-site-internet\/","og_site_name":"Canadian Bridge Federation","article_publisher":"https:\/\/www.facebook.com\/Canadian.Bridge.Federation\/","article_modified_time":"2018-12-12T03:14:29+00:00","twitter_misc":{"Dur\u00e9e de lecture estim\u00e9e":"2 minutes"},"schema":{"@context":"https:\/\/schema.org","@graph":[{"@type":"WebPage","@id":"https:\/\/cbf.ca\/fr\/conditions-du-site-internet\/","url":"https:\/\/cbf.ca\/fr\/conditions-du-site-internet\/","name":"CONDITIONS DU SITE INTERNET - Canadian Bridge Federation","isPartOf":{"@id":"https:\/\/cbf.ca\/#website"},"datePublished":"2014-12-05T23:03:17+00:00","dateModified":"2018-12-12T03:14:29+00:00","breadcrumb":{"@id":"https:\/\/cbf.ca\/fr\/conditions-du-site-internet\/#breadcrumb"},"inLanguage":"fr-FR","potentialAction":[{"@type":"ReadAction","target":["https:\/\/cbf.ca\/fr\/conditions-du-site-internet\/"]}]},{"@type":"BreadcrumbList","@id":"https:\/\/cbf.ca\/fr\/conditions-du-site-internet\/#breadcrumb","itemListElement":[{"@type":"ListItem","position":1,"name":"Home","item":"https:\/\/cbf.ca\/"},{"@type":"ListItem","position":2,"name":"CONDITIONS DU SITE INTERNET"}]},{"@type":"WebSite","@id":"https:\/\/cbf.ca\/#website","url":"https:\/\/cbf.ca\/","name":"Canadian Bridge Federation","description":"F\u00e9d\u00e9ration canadienne de bridge","potentialAction":[{"@type":"SearchAction","target":{"@type":"EntryPoint","urlTemplate":"https:\/\/cbf.ca\/?s={search_term_string}"},"query-input":"required name=search_term_string"}],"inLanguage":"fr-FR"}]}},"_links":{"self":[{"href":"https:\/\/cbf.ca\/fr\/wp-json\/wp\/v2\/pages\/4193"}],"collection":[{"href":"https:\/\/cbf.ca\/fr\/wp-json\/wp\/v2\/pages"}],"about":[{"href":"https:\/\/cbf.ca\/fr\/wp-json\/wp\/v2\/types\/page"}],"author":[{"embeddable":true,"href":"https:\/\/cbf.ca\/fr\/wp-json\/wp\/v2\/users\/1"}],"replies":[{"embeddable":true,"href":"https:\/\/cbf.ca\/fr\/wp-json\/wp\/v2\/comments?post=4193"}],"version-history":[{"count":4,"href":"https:\/\/cbf.ca\/fr\/wp-json\/wp\/v2\/pages\/4193\/revisions"}],"predecessor-version":[{"id":10593,"href":"https:\/\/cbf.ca\/fr\/wp-json\/wp\/v2\/pages\/4193\/revisions\/10593"}],"wp:attachment":[{"href":"https:\/\/cbf.ca\/fr\/wp-json\/wp\/v2\/media?parent=4193"}],"curies":[{"name":"wp","href":"https:\/\/api.w.org\/{rel}","templated":true}]}}