{"id":3909,"date":"2015-01-20T00:52:32","date_gmt":"2015-01-19T20:52:32","guid":{"rendered":"http:\/\/cbf.ca\/fr\/adhesion-a-la-fcb\/existing-cbf-members\/"},"modified":"2025-10-25T09:38:28","modified_gmt":"2025-10-25T05:38:28","slug":"demande-dacces-au-site-web","status":"publish","type":"page","link":"https:\/\/cbf.ca\/fr\/demande-dacces-au-site-web\/","title":{"rendered":"Demande d\u2019acc\u00e8s"},"content":{"rendered":"<p style=\"text-align: justify;\"><strong><span style=\"color: #800080;\">NOTE: TOUTES LES SECTIONS DU SITE DE LA FCB SONT ACCESSIBLES \u00c0 TOUS, INCLUANT LA SECTION &lsquo;MAGAZINE&rsquo;. IL N&rsquo;EST DONC PAS N\u00c9CESSAIRE DE DEMANDER D&rsquo;ACC\u00c8S OU DE SE CONNEXTER POUR NAVIGUER SUR LE SITE.<br \/>\n<\/span><\/strong><span style=\"color: #800080;\">L&rsquo;ACC\u00c8S EST REQUIS UNIQUEMENT POUR ACC\u00c9DER AUX D\u00c9TAILS DE VOTRE COMPTE, ET CONSULTER VOS INFORMATIONS, DONT LA DATE DE RENOUVELLEMENT DE VOTRE ADH\u00c9SION.<\/span><\/p>\n<p><strong><em>CE FORMULAIRE EST SEULEMENT POUR LES MEMBRES EN R\u00c8GLE DE LA FCB QUI N&rsquo;ONT JAMAIS RE\u00c7U DE COURRIEL POUR ACTIVER LEUR CONNEXION, <\/em><\/strong><em>ce qui indique que nous n&rsquo;avons pas votre courriel au dossier. COMPL\u00c9TEZ LE FORMULAIRE CI-DESSOUS, et apr\u00e8s v\u00e9rification de votre adh\u00e9sion \u00e0 la FCB, un courriel vous sera envoy\u00e9 pour configurer votre mot de passe. Une connexion est requise pour acc\u00e9der aux d\u00e9tails de votre dossier.<\/em><\/p>\n<p style=\"text-align: justify;\"><em><strong>SI VOUS VOUS \u00caTES D\u00c9J\u00c0 CONNECT\u00c9 AUPARAVANT ou AVEZ D\u00c9J\u00c0 RE\u00c7U UN COURRIEL D&rsquo;ACTIVATION, <span style=\"color: #800080;\">MAIS <\/span><\/strong>que vous avez oubli\u00e9 votre mot de de passe ou que le lien d&rsquo;activation a expir\u00e9, svp allez \u00e0 la page &lsquo;<a href=\"https:\/\/cbf.ca\/fr\/membres-connexion\/\" target=\"_blank\" rel=\"noopener\">Membres \/ Connexion des membres<\/a>&lsquo; et cliquez sur &lsquo;Forgot your password?&rsquo; au bas de la page.<\/em><\/p>\n<p>Si vous n&rsquo;\u00eates pas certain de votre statut aupr\u00e8s de la FCB, svp contacter la FCB \u00e0 <a href=\"mailto:membership@cbf.ca\" target=\"_blank\" rel=\"noreferrer noopener\">membership@cbf.ca.<\/a><br \/>\nSi vous n&rsquo;\u00eates pas membre de la FCB pr\u00e9sentement, vous \u00eates invit\u00e9 \u00e0 adh\u00e9rer comme nouveau membre (<span style=\"text-decoration: underline;\"><a href=\"https:\/\/cbf.ca\/fr\/section-exclusive-aux-membres\/joindre-la-fcb\/\" target=\"_blank\" rel=\"noopener\">cliquer ici<\/a><\/span>). Les citoyens et r\u00e9sidents canadiens sont \u00e9ligibles \u00e0 joindre la FCB.<\/p>\n<h2><strong>Demande d&rsquo;acc\u00e8s des membres<\/strong><\/h2>\n<p><strong>VEUILLEZ TRANSMETTRE 1 FOIS SEULEMENT. ET NE PAS UTILISER CE FORMULAIRE SI VOUS ETES D\u00c9J\u00c0 CONNECT\u00c9.<\/strong><br \/>\n<span class=\"hps\">Vos informations seront transmises au bureau de la FCB, et un courriel d&rsquo;adh\u00e9sion sera achemin\u00e9 \u00e0 votre adresse courriel.<\/span><\/p>\n<noscript class=\"ninja-forms-noscript-message\">\n\tRemarque\u00a0: JavaScript est requis pour ce contenu.<\/noscript>\n<div id=\"nf-form-74-cont\" class=\"nf-form-cont\" aria-live=\"polite\" aria-labelledby=\"nf-form-title-74\" aria-describedby=\"nf-form-errors-74\" role=\"form\">\n\n    <div class=\"nf-loading-spinner\"><\/div>\n\n<\/div>\n        <!-- That data is being printed as a workaround to page builders reordering the order of the scripts loaded-->\n        <script>var formDisplay=1;var nfForms=nfForms||[];var form=[];form.id='74';form.settings={\"objectType\":\"Form Setting\",\"editActive\":true,\"date_updated\":\"2022-01-10 04:20:35\",\"show_title\":\"0\",\"logged_in\":\"0\",\"append_page\":\"3909\",\"ajax\":\"1\",\"clear_complete\":\"1\",\"hide_complete\":\"1\",\"sub_limit_number\":\"\",\"sub_limit_msg\":\"\",\"status\":\"\",\"not_logged_in_msg\":\"\",\"last_sub\":\"3\",\"title\":\"Demande Acc\\u00e8s\",\"allow_public_link\":0,\"embed_form\":\"\",\"default_label_pos\":\"above\",\"wrapper_class\":\"\",\"element_class\":\"\",\"key\":\"\",\"add_submit\":1,\"changeEmailErrorMsg\":\"Veuillez saisir une adresse de messagerie valide. Ex\\u00a0: jean.dupont@gmail.com\",\"changeDateErrorMsg\":\"Veuillez saisir une date valide\\u00a0!\",\"confirmFieldErrorMsg\":\"Ces champs doivent correspondre\\u00a0!\",\"fieldNumberNumMinError\":\"Erreur de nombre min.\",\"fieldNumberNumMaxError\":\"Erreur de nombre max.\",\"fieldNumberIncrementBy\":\"Veuillez incr\\u00e9menter par \",\"formErrorsCorrectErrors\":\"Veuillez corriger les erreurs avant d\\u2019envoyer ce formulaire.\",\"validateRequiredField\":\"Ce champ est obligatoire.\",\"honeypotHoneypotError\":\"Erreur Honeypot\",\"fieldsMarkedRequired\":\"Fields marked with an * are required\",\"currency\":\"\",\"unique_field_error\":\"A form with this value has already been submitted.\",\"calculations\":[],\"formContentData\":[\"textbox_432\",\"textbox_433\",\"email_434\",\"textbox_435\",\"submit_438\"],\"drawerDisabled\":false,\"form_title_heading_level\":\"3\",\"ninjaForms\":\"Ninja Forms\",\"fieldTextareaRTEInsertLink\":\"Ins\\u00e9rer un lien\",\"fieldTextareaRTEInsertMedia\":\"Ins\\u00e9rer un m\\u00e9dia\",\"fieldTextareaRTESelectAFile\":\"S\\u00e9lectionner un fichier\",\"formHoneypot\":\"Si vous \\u00eates un \\u00eatre humain et que vous voyez ce champ, veuillez le laisser vide.\",\"fileUploadOldCodeFileUploadInProgress\":\"T\\u00e9l\\u00e9versement du fichier en cours.\",\"fileUploadOldCodeFileUpload\":\"T\\u00c9L\\u00c9VERSEMENT DE FICHIER\",\"currencySymbol\":\"&#36;\",\"thousands_sep\":\"\\u00a0\",\"decimal_point\":\",\",\"siteLocale\":\"fr_FR\",\"dateFormat\":\"d\\\/m\\\/Y\",\"startOfWeek\":\"1\",\"of\":\"de\",\"previousMonth\":\"Mois pr\\u00e9c\\u00e9dent\",\"nextMonth\":\"Mois suivant\",\"months\":[\"Janvier\",\"F\\u00e9vrier\",\"Mars\",\"Avril\",\"Mai\",\"Juin\",\"Juillet\",\"Ao\\u00fbt\",\"Septembre\",\"Octobre\",\"Novembre\",\"D\\u00e9cembre\"],\"monthsShort\":[\"Jan\",\"F\\u00e9v\",\"Mar\",\"Avr\",\"Mai\",\"Juin\",\"Juil\",\"Ao\\u00fb\",\"Sep\",\"Oct\",\"Nov\",\"D\\u00e9c\"],\"weekdays\":[\"Dimanche\",\"Lundi\",\"Mardi\",\"Mercredi\",\"Jeudi\",\"Vendredi\",\"Samedi\"],\"weekdaysShort\":[\"Dim\",\"Lun\",\"Mar\",\"Mer\",\"Jeu\",\"Ven\",\"Sam\"],\"weekdaysMin\":[\"Di\",\"Lu\",\"Ma\",\"Me\",\"Je\",\"Ve\",\"Sa\"],\"recaptchaConsentMissing\":\"reCaptcha validation couldn&#039;t load.\",\"recaptchaMissingCookie\":\"reCaptcha v3 validation couldn&#039;t load the cookie needed to submit the form.\",\"recaptchaConsentEvent\":\"Accept reCaptcha cookies before sending the form.\",\"currency_symbol\":\"\",\"beforeForm\":\"\",\"beforeFields\":\"\",\"afterFields\":\"\",\"afterForm\":\"\"};form.fields=[{\"objectType\":\"Field\",\"objectDomain\":\"fields\",\"editActive\":false,\"order\":0,\"idAttribute\":\"id\",\"type\":\"textbox\",\"fav_id\":95,\"def_id\":0,\"label\":\"Pr\\u00e9nom\",\"label_pos\":\"above\",\"mask\":\"\",\"datepicker\":0,\"first_name\":\"\",\"last_name\":\"\",\"from_name\":1,\"user_address_1\":\"\",\"user_address_2\":\"\",\"user_city\":\"\",\"user_zip\":\"\",\"user_phone\":\"\",\"user_email\":\"\",\"user_info_field_group\":1,\"user_state\":0,\"user_info_field_group_name\":\"\",\"user_info_field_group_custom\":\"\",\"input_limit\":\"\",\"input_limit_type\":\"char\",\"input_limit_msg\":\"character(s) left\",\"show_help\":0,\"help_text\":\"\",\"show_desc\":0,\"desc_pos\":\"none\",\"desc_text\":\"\",\"calc_auto_include\":0,\"admin_label\":\"Sender Name\",\"num_sort\":0,\"placeholder\":\"\",\"disable_input\":0,\"autocomplete_off\":0,\"element_class\":\"regform half\",\"required\":1,\"key\":\"textbox_432\",\"default\":\"\",\"container_class\":\"\",\"manual_key\":false,\"custom_mask\":\"\",\"custom_name_attribute\":\"\",\"personally_identifiable\":\"\",\"value\":\"\",\"drawerDisabled\":false,\"id\":432,\"beforeField\":\"\",\"afterField\":\"\",\"parentType\":\"textbox\",\"element_templates\":[\"textbox\",\"input\"],\"old_classname\":\"\",\"wrap_template\":\"wrap\"},{\"objectType\":\"Field\",\"objectDomain\":\"fields\",\"editActive\":false,\"order\":1,\"idAttribute\":\"id\",\"type\":\"textbox\",\"fav_id\":95,\"def_id\":0,\"label\":\"Nom de famille\",\"label_pos\":\"above\",\"mask\":\"\",\"datepicker\":0,\"first_name\":\"\",\"last_name\":\"\",\"from_name\":1,\"user_address_1\":\"\",\"user_address_2\":\"\",\"user_city\":\"\",\"user_zip\":\"\",\"user_phone\":\"\",\"user_email\":\"\",\"user_info_field_group\":1,\"user_state\":0,\"user_info_field_group_name\":\"\",\"user_info_field_group_custom\":\"\",\"input_limit\":\"\",\"input_limit_type\":\"char\",\"input_limit_msg\":\"character(s) left\",\"show_help\":0,\"help_text\":\"\",\"show_desc\":0,\"desc_pos\":\"none\",\"desc_text\":\"\",\"calc_auto_include\":0,\"admin_label\":\"Sender Name\",\"num_sort\":0,\"placeholder\":\"\",\"disable_input\":0,\"autocomplete_off\":0,\"element_class\":\"regform half\",\"required\":1,\"key\":\"textbox_433\",\"default\":\"\",\"container_class\":\"\",\"manual_key\":false,\"custom_mask\":\"\",\"custom_name_attribute\":\"\",\"personally_identifiable\":\"\",\"value\":\"\",\"id\":433,\"beforeField\":\"\",\"afterField\":\"\",\"parentType\":\"textbox\",\"element_templates\":[\"textbox\",\"input\"],\"old_classname\":\"\",\"wrap_template\":\"wrap\"},{\"objectType\":\"Field\",\"objectDomain\":\"fields\",\"editActive\":false,\"order\":2,\"idAttribute\":\"id\",\"type\":\"email\",\"fav_id\":0,\"def_id\":0,\"label\":\"Courriel\",\"label_pos\":\"above\",\"mask\":\"\",\"datepicker\":0,\"first_name\":\"\",\"last_name\":\"\",\"from_name\":0,\"user_address_1\":\"\",\"user_address_2\":\"\",\"user_city\":\"\",\"user_zip\":\"\",\"user_phone\":\"\",\"user_email\":\"\",\"user_info_field_group\":1,\"user_state\":0,\"user_info_field_group_name\":\"\",\"user_info_field_group_custom\":\"\",\"input_limit\":\"\",\"input_limit_type\":\"char\",\"input_limit_msg\":\"character(s) left\",\"show_help\":0,\"help_text\":\"\",\"show_desc\":0,\"desc_pos\":\"none\",\"desc_text\":\"\",\"calc_auto_include\":0,\"admin_label\":\"Sender Email\",\"num_sort\":0,\"placeholder\":\"\",\"disable_input\":0,\"autocomplete_off\":0,\"element_class\":\"regform half\",\"required\":1,\"key\":\"email_434\",\"default\":\"\",\"container_class\":\"\",\"custom_name_attribute\":\"email\",\"personally_identifiable\":1,\"value\":\"\",\"manual_key\":true,\"drawerDisabled\":false,\"id\":434,\"beforeField\":\"\",\"afterField\":\"\",\"parentType\":\"email\",\"element_templates\":[\"email\",\"input\"],\"old_classname\":\"\",\"wrap_template\":\"wrap\"},{\"objectType\":\"Field\",\"objectDomain\":\"fields\",\"editActive\":false,\"order\":3,\"idAttribute\":\"id\",\"type\":\"textbox\",\"fav_id\":0,\"def_id\":0,\"label\":\"# ACBL\",\"input_limit_msg\":\"character(s) left\",\"label_pos\":\"above\",\"mask\":\"\",\"datepicker\":0,\"first_name\":\"\",\"last_name\":\"\",\"user_address_1\":\"\",\"user_address_2\":\"\",\"user_city\":\"\",\"user_zip\":\"\",\"user_phone\":\"\",\"user_email\":\"\",\"user_info_field_group\":1,\"user_state\":0,\"user_info_field_group_name\":\"\",\"user_info_field_group_custom\":\"\",\"input_limit\":\"\",\"input_limit_type\":\"char\",\"show_help\":0,\"help_text\":\"\",\"show_desc\":0,\"desc_pos\":\"none\",\"desc_text\":\"\",\"calc_auto_include\":0,\"admin_label\":\"\",\"num_sort\":0,\"placeholder\":\"\",\"disable_input\":0,\"autocomplete_off\":0,\"element_class\":\"regform half\",\"required\":0,\"key\":\"textbox_435\",\"default\":\"\",\"container_class\":\"\",\"manual_key\":false,\"custom_mask\":\"\",\"custom_name_attribute\":\"\",\"personally_identifiable\":\"\",\"value\":\"\",\"id\":435,\"beforeField\":\"\",\"afterField\":\"\",\"parentType\":\"textbox\",\"element_templates\":[\"textbox\",\"input\"],\"old_classname\":\"\",\"wrap_template\":\"wrap\"},{\"objectType\":\"Field\",\"objectDomain\":\"fields\",\"editActive\":false,\"order\":5,\"idAttribute\":\"id\",\"type\":\"submit\",\"label\":\"Transmettre votre demande\",\"input_limit_msg\":\"character(s) left\",\"timer-text\":\"Please wait %n seconds\",\"countdown\":20,\"element_class\":\"btn bluth red full\",\"key\":\"submit_438\",\"processing_label\":\"Processing\",\"container_class\":\"\",\"admin_label\":\"\",\"id\":438,\"beforeField\":\"\",\"afterField\":\"\",\"value\":\"\",\"label_pos\":\"above\",\"parentType\":\"textbox\",\"element_templates\":[\"submit\",\"button\",\"input\"],\"old_classname\":\"\",\"wrap_template\":\"wrap-no-label\"}];nfForms.push(form);<\/script>\n        ","protected":false},"excerpt":{"rendered":"<p>NOTE: TOUTES LES SECTIONS DU SITE DE LA FCB SONT ACCESSIBLES \u00c0 TOUS, INCLUANT LA SECTION &lsquo;MAGAZINE&rsquo;. IL N&rsquo;EST DONC PAS N\u00c9CESSAIRE DE DEMANDER D&rsquo;ACC\u00c8S OU DE SE CONNEXTER POUR NAVIGUER SUR LE SITE. L&rsquo;ACC\u00c8S EST REQUIS UNIQUEMENT POUR ACC\u00c9DER AUX D\u00c9TAILS DE VOTRE COMPTE, ET CONSULTER VOS INFORMATIONS, DONT LA DATE DE RENOUVELLEMENT DE<br><a class=\"moretag signature-animation\" href=\"https:\/\/cbf.ca\/fr\/demande-dacces-au-site-web\/\">CONTINUER LA LECTURE<\/a>","protected":false},"author":1,"featured_media":0,"parent":0,"menu_order":0,"comment_status":"closed","ping_status":"closed","template":"","meta":{"footnotes":""},"yoast_head":"<!-- This site is optimized with the Yoast SEO plugin v22.3 - https:\/\/yoast.com\/wordpress\/plugins\/seo\/ -->\n<title>Demande d\u2019acc\u00e8s - Canadian Bridge Federation<\/title>\n<meta name=\"robots\" content=\"index, follow, max-snippet:-1, max-image-preview:large, max-video-preview:-1\" \/>\n<link rel=\"canonical\" href=\"https:\/\/cbf.ca\/fr\/demande-dacces-au-site-web\/\" \/>\n<meta property=\"og:locale\" content=\"fr_FR\" \/>\n<meta property=\"og:type\" content=\"article\" \/>\n<meta property=\"og:title\" content=\"Demande d\u2019acc\u00e8s - Canadian Bridge Federation\" \/>\n<meta property=\"og:description\" content=\"NOTE: TOUTES LES SECTIONS DU SITE DE LA FCB SONT ACCESSIBLES \u00c0 TOUS, INCLUANT LA SECTION &lsquo;MAGAZINE&rsquo;. IL N&rsquo;EST DONC PAS N\u00c9CESSAIRE DE DEMANDER D&rsquo;ACC\u00c8S OU DE SE CONNEXTER POUR NAVIGUER SUR LE SITE. L&rsquo;ACC\u00c8S EST REQUIS UNIQUEMENT POUR ACC\u00c9DER AUX D\u00c9TAILS DE VOTRE COMPTE, ET CONSULTER VOS INFORMATIONS, DONT LA DATE DE RENOUVELLEMENT DE\" \/>\n<meta property=\"og:url\" content=\"https:\/\/cbf.ca\/fr\/demande-dacces-au-site-web\/\" \/>\n<meta property=\"og:site_name\" content=\"Canadian Bridge Federation\" \/>\n<meta property=\"article:publisher\" content=\"https:\/\/www.facebook.com\/Canadian.Bridge.Federation\/\" \/>\n<meta property=\"article:modified_time\" content=\"2025-10-25T05:38:28+00:00\" \/>\n<meta name=\"twitter:label1\" content=\"Dur\u00e9e de lecture estim\u00e9e\" \/>\n\t<meta name=\"twitter:data1\" content=\"2 minutes\" \/>\n<script type=\"application\/ld+json\" class=\"yoast-schema-graph\">{\"@context\":\"https:\/\/schema.org\",\"@graph\":[{\"@type\":\"WebPage\",\"@id\":\"https:\/\/cbf.ca\/fr\/demande-dacces-au-site-web\/\",\"url\":\"https:\/\/cbf.ca\/fr\/demande-dacces-au-site-web\/\",\"name\":\"Demande d\u2019acc\u00e8s - Canadian Bridge Federation\",\"isPartOf\":{\"@id\":\"https:\/\/cbf.ca\/#website\"},\"datePublished\":\"2015-01-19T20:52:32+00:00\",\"dateModified\":\"2025-10-25T05:38:28+00:00\",\"breadcrumb\":{\"@id\":\"https:\/\/cbf.ca\/fr\/demande-dacces-au-site-web\/#breadcrumb\"},\"inLanguage\":\"fr-FR\",\"potentialAction\":[{\"@type\":\"ReadAction\",\"target\":[\"https:\/\/cbf.ca\/fr\/demande-dacces-au-site-web\/\"]}]},{\"@type\":\"BreadcrumbList\",\"@id\":\"https:\/\/cbf.ca\/fr\/demande-dacces-au-site-web\/#breadcrumb\",\"itemListElement\":[{\"@type\":\"ListItem\",\"position\":1,\"name\":\"Home\",\"item\":\"https:\/\/cbf.ca\/\"},{\"@type\":\"ListItem\",\"position\":2,\"name\":\"Demande d\u2019acc\u00e8s\"}]},{\"@type\":\"WebSite\",\"@id\":\"https:\/\/cbf.ca\/#website\",\"url\":\"https:\/\/cbf.ca\/\",\"name\":\"Canadian Bridge Federation\",\"description\":\"F\u00e9d\u00e9ration canadienne de bridge\",\"potentialAction\":[{\"@type\":\"SearchAction\",\"target\":{\"@type\":\"EntryPoint\",\"urlTemplate\":\"https:\/\/cbf.ca\/?s={search_term_string}\"},\"query-input\":\"required name=search_term_string\"}],\"inLanguage\":\"fr-FR\"}]}<\/script>\n<!-- \/ Yoast SEO plugin. -->","yoast_head_json":{"title":"Demande d\u2019acc\u00e8s - Canadian Bridge Federation","robots":{"index":"index","follow":"follow","max-snippet":"max-snippet:-1","max-image-preview":"max-image-preview:large","max-video-preview":"max-video-preview:-1"},"canonical":"https:\/\/cbf.ca\/fr\/demande-dacces-au-site-web\/","og_locale":"fr_FR","og_type":"article","og_title":"Demande d\u2019acc\u00e8s - Canadian Bridge Federation","og_description":"NOTE: TOUTES LES SECTIONS DU SITE DE LA FCB SONT ACCESSIBLES \u00c0 TOUS, INCLUANT LA SECTION &lsquo;MAGAZINE&rsquo;. IL N&rsquo;EST DONC PAS N\u00c9CESSAIRE DE DEMANDER D&rsquo;ACC\u00c8S OU DE SE CONNEXTER POUR NAVIGUER SUR LE SITE. L&rsquo;ACC\u00c8S EST REQUIS UNIQUEMENT POUR ACC\u00c9DER AUX D\u00c9TAILS DE VOTRE COMPTE, ET CONSULTER VOS INFORMATIONS, DONT LA DATE DE RENOUVELLEMENT DE","og_url":"https:\/\/cbf.ca\/fr\/demande-dacces-au-site-web\/","og_site_name":"Canadian Bridge Federation","article_publisher":"https:\/\/www.facebook.com\/Canadian.Bridge.Federation\/","article_modified_time":"2025-10-25T05:38:28+00:00","twitter_misc":{"Dur\u00e9e de lecture estim\u00e9e":"2 minutes"},"schema":{"@context":"https:\/\/schema.org","@graph":[{"@type":"WebPage","@id":"https:\/\/cbf.ca\/fr\/demande-dacces-au-site-web\/","url":"https:\/\/cbf.ca\/fr\/demande-dacces-au-site-web\/","name":"Demande d\u2019acc\u00e8s - Canadian Bridge Federation","isPartOf":{"@id":"https:\/\/cbf.ca\/#website"},"datePublished":"2015-01-19T20:52:32+00:00","dateModified":"2025-10-25T05:38:28+00:00","breadcrumb":{"@id":"https:\/\/cbf.ca\/fr\/demande-dacces-au-site-web\/#breadcrumb"},"inLanguage":"fr-FR","potentialAction":[{"@type":"ReadAction","target":["https:\/\/cbf.ca\/fr\/demande-dacces-au-site-web\/"]}]},{"@type":"BreadcrumbList","@id":"https:\/\/cbf.ca\/fr\/demande-dacces-au-site-web\/#breadcrumb","itemListElement":[{"@type":"ListItem","position":1,"name":"Home","item":"https:\/\/cbf.ca\/"},{"@type":"ListItem","position":2,"name":"Demande d\u2019acc\u00e8s"}]},{"@type":"WebSite","@id":"https:\/\/cbf.ca\/#website","url":"https:\/\/cbf.ca\/","name":"Canadian Bridge Federation","description":"F\u00e9d\u00e9ration canadienne de bridge","potentialAction":[{"@type":"SearchAction","target":{"@type":"EntryPoint","urlTemplate":"https:\/\/cbf.ca\/?s={search_term_string}"},"query-input":"required name=search_term_string"}],"inLanguage":"fr-FR"}]}},"_links":{"self":[{"href":"https:\/\/cbf.ca\/fr\/wp-json\/wp\/v2\/pages\/3909"}],"collection":[{"href":"https:\/\/cbf.ca\/fr\/wp-json\/wp\/v2\/pages"}],"about":[{"href":"https:\/\/cbf.ca\/fr\/wp-json\/wp\/v2\/types\/page"}],"author":[{"embeddable":true,"href":"https:\/\/cbf.ca\/fr\/wp-json\/wp\/v2\/users\/1"}],"replies":[{"embeddable":true,"href":"https:\/\/cbf.ca\/fr\/wp-json\/wp\/v2\/comments?post=3909"}],"version-history":[{"count":56,"href":"https:\/\/cbf.ca\/fr\/wp-json\/wp\/v2\/pages\/3909\/revisions"}],"predecessor-version":[{"id":35060,"href":"https:\/\/cbf.ca\/fr\/wp-json\/wp\/v2\/pages\/3909\/revisions\/35060"}],"wp:attachment":[{"href":"https:\/\/cbf.ca\/fr\/wp-json\/wp\/v2\/media?parent=3909"}],"curies":[{"name":"wp","href":"https:\/\/api.w.org\/{rel}","templated":true}]}}