{"id":3907,"date":"2014-12-04T16:57:38","date_gmt":"2014-12-04T12:57:38","guid":{"rendered":"http:\/\/cbf.ca\/fr\/mini-richmond-trophy-race\/"},"modified":"2025-03-15T07:06:12","modified_gmt":"2025-03-15T03:06:12","slug":"mini-richmond-trophy-race","status":"publish","type":"page","link":"https:\/\/cbf.ca\/fr\/evenements\/courses-aux-points-de-maitre\/mini-richmond-trophy-race\/","title":{"rendered":"Prix Mini-Richmond"},"content":{"rendered":"<div class=\"row\"><div class=\"col-md-8 col-sm-8\"><p>Les prix Mini-Richmond ont \u00e9t\u00e9 introduits en 2012. Ces prix r\u00e9compensent les <strong><em>membres de la FCB<\/em><\/strong> qui ont remport\u00e9 le plus de points de ma\u00eetre dans l&rsquo;ann\u00e9e civile, dans chacune des cat\u00e9gories de points de ma\u00eetre, de la cat\u00e9gorie 0-5 points \u00e0 la\u00a0cat\u00e9gorie des ma\u00eetres \u00e0 vie Diamant 5000-7500 points. Le laur\u00e9at de chaque cat\u00e9gorie, dans chacune des six zones de la FCB, re\u00e7oit une \u00e9pinglette sp\u00e9ciale. De plus, les laur\u00e9ats globaux nationaux\u00a0re\u00e7oivent un certificat reconnaissant leur r\u00e9ussite.<\/p>\n<p>\u00c0 l\u2019exception des points gagn\u00e9s dans le jeu en ligne, les points de ma\u00eetre gagn\u00e9s dans toutes les comp\u00e9titions de l\u2019ACBL et de la\u00a0FCB sont comptabilis\u00e9s dans le total. (CNTC &#8211; toutes cat\u00e9gories, CWTC, CSTC, COPC, CIPC, les parties ma\u00eetre-non ma\u00eetre canadiennes et les parties pancanadiennes du Fonds des Olympiades).<\/p>\n<\/div><div class=\"col-md-4 col-sm-4\">\n<p><a class=\"lightbox\" href=\"https:\/\/cbf.ca\/wp-content\/uploads\/2014\/12\/Mini-Richmond-Pin.jpg\"><img loading=\"lazy\" decoding=\"async\" class=\"alignnone size-full wp-image-1488\" src=\"https:\/\/cbf.ca\/wp-content\/uploads\/2014\/12\/Mini-Richmond-Pin.jpg\" alt=\"Mini Richmond Pin, Canadian Bridge Federation\" width=\"315\" height=\"260\" \/><\/a><\/p>\n<\/div><\/div>\n<p><a href=\"http:\/\/web2.acbl.org\/as400\/mpraces\/mpAwards\/2025\/Richmond%20Trophy%20CanadaWide.htm\" class=\"btn bluth red btn- \" target=\"_self\">Cliquer ici <\/a>\u00a0 \u00a0<strong>pour le classement 2025<\/strong><\/p>\n<h3><strong>Classement 2025 par zone<\/strong><\/h3>\n<table style=\"height: 74px;\" width=\"305\">\n<tbody>\n<tr>\n<td><a href=\"http:\/\/web2.acbl.org\/as400\/mpraces\/mpAwards\/2025\/Richmond%20Trophy%20Zone%201.htm\" target=\"_blank\" rel=\"noopener\">Zone 1<\/a><\/td>\n<td><a href=\"http:\/\/web2.acbl.org\/as400\/mpraces\/mpAwards\/2025\/Richmond%20Trophy%20Zone%202.htm\" target=\"_blank\" rel=\"noopener\">Zone 2<\/a><\/td>\n<td><a href=\"http:\/\/web2.acbl.org\/as400\/mpraces\/mpAwards\/2025\/Richmond%20Trophy%20Zone%203.htm\" target=\"_blank\" rel=\"noopener\">Zone 3<\/a><\/td>\n<\/tr>\n<tr>\n<td><a href=\"http:\/\/web2.acbl.org\/as400\/mpraces\/mpAwards\/2025\/Richmond%20Trophy%20Zone%204.htm\" target=\"_blank\" rel=\"noopener\">Zone 4<\/a><\/td>\n<td><a href=\"http:\/\/web2.acbl.org\/as400\/mpraces\/mpAwards\/2025\/Richmond%20Trophy%20Zone%205.htm\" target=\"_blank\" rel=\"noopener\">Zone 5<\/a><\/td>\n<td><a href=\"http:\/\/web2.acbl.org\/as400\/mpraces\/mpAwards\/2025\/Richmond%20Trophy%20Zone%206.htm\" target=\"_blank\" rel=\"noopener\">Zone 6<\/a><\/td>\n<\/tr>\n<\/tbody>\n<\/table>\n<h3><\/h3>\n<table>\n<tbody>\n<tr>\n<td colspan=\"2\">\n<h3><strong>Gagants des ann\u00e9es pr\u00e9c\u00e9dentes<\/strong><\/h3>\n<\/td>\n<\/tr>\n<tr>\n<td>2024<\/td>\n<td><a href=\"http:\/\/web2.acbl.org\/as400\/mpraces\/mpAwards\/2024\/Richmond%20Trophy%20CanadaWide.htm\" target=\"_blank\" rel=\"noopener\">All zones<\/a><br \/>\n<a href=\"http:\/\/web2.acbl.org\/as400\/mpraces\/mpAwards\/2024\/Richmond%20Trophy%20Zone%201.htm\" target=\"_blank\" rel=\"noopener\">Zone 1<\/a>\u00a0&#8211;\u00a0<a href=\"http:\/\/web2.acbl.org\/as400\/mpraces\/mpAwards\/2024\/Richmond%20Trophy%20Zone%202.htm\" target=\"_blank\" rel=\"noopener\">Zone 2<\/a>\u00a0&#8211;\u00a0<a href=\"http:\/\/web2.acbl.org\/as400\/mpraces\/mpAwards\/2024\/Richmond%20Trophy%20Zone%203.htm\" target=\"_blank\" rel=\"noopener\">Zone 3<\/a>\u00a0&#8211;\u00a0<a href=\"http:\/\/web2.acbl.org\/as400\/mpraces\/mpAwards\/2024\/Richmond%20Trophy%20Zone%204.htm\" target=\"_blank\" rel=\"noopener\">Zone 4<\/a>\u00a0&#8211;\u00a0<a href=\"http:\/\/web2.acbl.org\/as400\/mpraces\/mpAwards\/2024\/Richmond%20Trophy%20Zone%205.htm\" target=\"_blank\" rel=\"noopener\">Zone 5<\/a>\u00a0&#8211;\u00a0<a href=\"http:\/\/web2.acbl.org\/as400\/mpraces\/mpAwards\/2024\/Richmond%20Trophy%20Zone%206.htm\" target=\"_blank\" rel=\"noopener\">Zone 6<\/a><\/td>\n<\/tr>\n<tr>\n<td>2023<\/td>\n<td><a href=\"http:\/\/web2.acbl.org\/as400\/mpraces\/mpAwards\/2023\/Richmond%20Trophy%20CanadaWide.htm\" target=\"_blank\" rel=\"noopener\">All zones<\/a><br \/>\n<a href=\"http:\/\/web2.acbl.org\/as400\/mpraces\/mpAwards\/2023\/Richmond%20Trophy%20Zone%201.htm\">Zone 1<\/a>\u00a0&#8211;\u00a0<a href=\"http:\/\/web2.acbl.org\/as400\/mpraces\/mpAwards\/2023\/Richmond%20Trophy%20Zone%202.htm\" target=\"_blank\" rel=\"noopener\">Zone 2<\/a>\u00a0&#8211;\u00a0<a href=\"http:\/\/web2.acbl.org\/as400\/mpraces\/mpAwards\/2023\/Richmond%20Trophy%20Zone%203.htm\" target=\"_blank\" rel=\"noopener\">Zone 3<\/a>\u00a0&#8211;\u00a0<a href=\"http:\/\/web2.acbl.org\/as400\/mpraces\/mpAwards\/2023\/Richmond%20Trophy%20Zone%204.htm\" target=\"_blank\" rel=\"noopener\">Zone 4<\/a>\u00a0&#8211;\u00a0<a href=\"http:\/\/web2.acbl.org\/as400\/mpraces\/mpAwards\/2023\/Richmond%20Trophy%20Zone%205.htm\" target=\"_blank\" rel=\"noopener\">Zone 5<\/a>\u00a0&#8211;\u00a0<a href=\"http:\/\/web2.acbl.org\/as400\/mpraces\/mpAwards\/2023\/Richmond%20Trophy%20Zone%206.htm\" target=\"_blank\" rel=\"noopener\">Zone 6<\/a><\/td>\n<\/tr>\n<tr>\n<td>2022<\/td>\n<td><a href=\"https:\/\/cbf.ca\/wp-content\/uploads\/2023\/02\/Richmond-2022-All.pdf\" target=\"_blank\" rel=\"noopener\">Toutes les zones<\/a><br \/>\n<a href=\"https:\/\/cbf.ca\/wp-content\/uploads\/2023\/02\/Richmond-2022-Z1.pdf\" target=\"_blank\" rel=\"noopener\">Zone 1<\/a>\u00a0&#8211;\u00a0<a href=\"https:\/\/cbf.ca\/wp-content\/uploads\/2023\/02\/Richmond-2022-Z2.pdf\" target=\"_blank\" rel=\"noopener\">Zone 2<\/a>\u00a0&#8211;\u00a0<a href=\"https:\/\/cbf.ca\/wp-content\/uploads\/2023\/02\/Richmond-2022-Z3.pdf\" target=\"_blank\" rel=\"noopener\">Zone 3<\/a>\u00a0&#8211;\u00a0<a href=\"https:\/\/cbf.ca\/wp-content\/uploads\/2023\/02\/Richmond-2022-Z4.pdf\" target=\"_blank\" rel=\"noopener\">Zone 4<\/a>\u00a0&#8211;\u00a0<a href=\"https:\/\/cbf.ca\/wp-content\/uploads\/2023\/02\/Richmond-2022-Z5.pdf\" target=\"_blank\" rel=\"noopener\">Zone 5<\/a>\u00a0&#8211;\u00a0<a href=\"https:\/\/cbf.ca\/wp-content\/uploads\/2023\/02\/Richmond-2022-Z6.pdf\" target=\"_blank\" rel=\"noopener\">Zone 6<\/a><\/td>\n<\/tr>\n<tr>\n<td>2021<\/td>\n<td><a href=\"http:\/\/web2.acbl.org\/as400\/mpraces\/mpAwards\/2021\/Richmond%20Trophy%20CanadaWide.htm\" target=\"_blank\" rel=\"noopener\">Toutes les zones<\/a><br \/>\n<a href=\"http:\/\/web2.acbl.org\/as400\/mpraces\/mpAwards\/2021\/Richmond%20Trophy%20Zone%201.htm\">Zone 1<\/a>\u00a0&#8211;\u00a0<a href=\"http:\/\/web2.acbl.org\/as400\/mpraces\/mpAwards\/2021\/Richmond%20Trophy%20Zone%202.htm\" target=\"_blank\" rel=\"noopener\">Zone 2<\/a>\u00a0&#8211;\u00a0<a href=\"http:\/\/web2.acbl.org\/as400\/mpraces\/mpAwards\/2021\/Richmond%20Trophy%20Zone%203.htm\" target=\"_blank\" rel=\"noopener\">Zone 3<\/a>\u00a0&#8211;\u00a0<a href=\"http:\/\/web2.acbl.org\/as400\/mpraces\/mpAwards\/2021\/Richmond%20Trophy%20Zone%204.htm\" target=\"_blank\" rel=\"noopener\">Zone 4<\/a>\u00a0&#8211;\u00a0<a href=\"http:\/\/web2.acbl.org\/as400\/mpraces\/mpAwards\/2021\/Richmond%20Trophy%20Zone%205.htm\" target=\"_blank\" rel=\"noopener\">Zone 5<\/a>\u00a0&#8211;\u00a0<a href=\"http:\/\/web2.acbl.org\/as400\/mpraces\/mpAwards\/2021\/Richmond%20Trophy%20Zone%206.htm\" target=\"_blank\" rel=\"noopener\">Zone 6<\/a><\/td>\n<\/tr>\n<tr>\n<td>2020<\/td>\n<td><a href=\"http:\/\/web2.acbl.org\/as400\/mpraces\/mpAwards\/2020\/Richmond%20Trophy%20CanadaWide.htm\" target=\"_blank\" rel=\"noopener\">Toutes les zones<\/a><br \/>\n<a href=\"http:\/\/web2.acbl.org\/as400\/mpraces\/mpAwards\/2020\/Richmond%20Trophy%20Zone%201.htm\">Zone 1<\/a>\u00a0&#8211;\u00a0<a href=\"http:\/\/web2.acbl.org\/as400\/mpraces\/mpAwards\/2020\/Richmond%20Trophy%20Zone%202.htm\" target=\"_blank\" rel=\"noopener\">Zone 2<\/a>\u00a0&#8211;\u00a0<a href=\"http:\/\/web2.acbl.org\/as400\/mpraces\/mpAwards\/2020\/Richmond%20Trophy%20Zone%203.htm\" target=\"_blank\" rel=\"noopener\">Zone 3<\/a>\u00a0&#8211;\u00a0<a href=\"http:\/\/web2.acbl.org\/as400\/mpraces\/mpAwards\/2020\/Richmond%20Trophy%20Zone%204.htm\" target=\"_blank\" rel=\"noopener\">Zone 4<\/a>\u00a0&#8211;\u00a0<a href=\"http:\/\/web2.acbl.org\/as400\/mpraces\/mpAwards\/2020\/Richmond%20Trophy%20Zone%205.htm\" target=\"_blank\" rel=\"noopener\">Zone 5<\/a>\u00a0&#8211;\u00a0<a href=\"http:\/\/web2.acbl.org\/as400\/mpraces\/mpAwards\/2020\/Richmond%20Trophy%20Zone%206.htm\" target=\"_blank\" rel=\"noopener\">Zone 6<\/a><\/td>\n<\/tr>\n<tr>\n<td>2019<\/td>\n<td><a href=\"http:\/\/web2.acbl.org\/as400\/mpraces\/mpAwards\/2019\/Richmond%20Trophy%20CanadaWide.htm\" target=\"_blank\" rel=\"noopener\">Toutes les zones<\/a><br \/>\n<a href=\"http:\/\/web2.acbl.org\/as400\/mpraces\/mpAwards\/2019\/Richmond Trophy Zone 1.htm\">Zone 1<\/a> &#8211; <a href=\"http:\/\/web2.acbl.org\/as400\/mpraces\/mpAwards\/2019\/Richmond Trophy Zone 2.htm\" target=\"_blank\" rel=\"noopener\">Zone 2<\/a> &#8211; <a href=\"http:\/\/web2.acbl.org\/as400\/mpraces\/mpAwards\/2019\/Richmond Trophy Zone 3.htm\" target=\"_blank\" rel=\"noopener\">Zone 3<\/a> &#8211; <a href=\"http:\/\/web2.acbl.org\/as400\/mpraces\/mpAwards\/2019\/Richmond Trophy Zone 4.htm\" target=\"_blank\" rel=\"noopener\">Zone 4<\/a> &#8211; <a href=\"http:\/\/web2.acbl.org\/as400\/mpraces\/mpAwards\/2019\/Richmond Trophy Zone 5.htm\" target=\"_blank\" rel=\"noopener\">Zone 5<\/a> &#8211; <a href=\"http:\/\/web2.acbl.org\/as400\/mpraces\/mpAwards\/2019\/Richmond Trophy Zone 6.htm\" target=\"_blank\" rel=\"noopener\">Zone 6<\/a><\/td>\n<\/tr>\n<tr>\n<td>2018<\/td>\n<td><a href=\"http:\/\/web2.acbl.org\/as400\/mpraces\/mpAwards\/2018\/Richmond%20Trophy%20CanadaWide.htm\" target=\"_blank\" rel=\"noopener\">Toutes les zonees<\/a><br \/>\n<a href=\"http:\/\/web2.acbl.org\/as400\/mpraces\/mpAwards\/2018\/Richmond%20Trophy%20Zone%201.htm\">Zone 1<\/a> &#8211; <a href=\"http:\/\/web2.acbl.org\/as400\/mpraces\/mpAwards\/2018\/Richmond%20Trophy%20Zone%202.htm\" target=\"_blank\" rel=\"noopener\">Zone 2<\/a> &#8211; <a href=\"http:\/\/web2.acbl.org\/as400\/mpraces\/mpAwards\/2018\/Richmond%20Trophy%20Zone%203.htm\" target=\"_blank\" rel=\"noopener\">Zone 3<\/a> &#8211; <a href=\"http:\/\/web2.acbl.org\/as400\/mpraces\/mpAwards\/2018\/Richmond%20Trophy%20Zone%204.htm\" target=\"_blank\" rel=\"noopener\">Zone 4<\/a> &#8211; <a href=\"http:\/\/web2.acbl.org\/as400\/mpraces\/mpAwards\/2018\/Richmond%20Trophy%20Zone%205.htm\" target=\"_blank\" rel=\"noopener\">Zone 5<\/a> &#8211; <a href=\"http:\/\/web2.acbl.org\/as400\/mpraces\/mpAwards\/2018\/Richmond%20Trophy%20Zone%206.htm\" target=\"_blank\" rel=\"noopener\">Zone 6<\/a><\/td>\n<\/tr>\n<tr>\n<td>2017<\/td>\n<td><a href=\"http:\/\/web2.acbl.org\/as400\/mpraces\/mpAwards\/2018\/Richmond%20Trophy%20CanadaWide.htm\" target=\"_blank\" rel=\"noopener\">Toutes les zones<\/a><br \/>\n<a href=\"http:\/\/web2.acbl.org\/as400\/mpraces\/mpAwards\/2017\/Richmond%20Trophy%20Zone%201.htm\">Zone 1<\/a> &#8211; <a href=\"http:\/\/web2.acbl.org\/as400\/mpraces\/mpAwards\/2017\/Richmond%20Trophy%20Zone%202.htm\" target=\"_blank\" rel=\"noopener\">Zone 2<\/a> &#8211; <a href=\"http:\/\/web2.acbl.org\/as400\/mpraces\/mpAwards\/2017\/Richmond%20Trophy%20Zone%203.htm\" target=\"_blank\" rel=\"noopener\">Zone 3<\/a> &#8211; <a href=\"http:\/\/web2.acbl.org\/as400\/mpraces\/mpAwards\/2017\/Richmond%20Trophy%20Zone%204.htm\" target=\"_blank\" rel=\"noopener\">Zone 4<\/a> &#8211; <a href=\"http:\/\/web2.acbl.org\/as400\/mpraces\/mpAwards\/2017\/Richmond%20Trophy%20Zone%205.htm\" target=\"_blank\" rel=\"noopener\">Zone 5<\/a> &#8211; <a href=\"http:\/\/web2.acbl.org\/as400\/mpraces\/mpAwards\/2017\/Richmond%20Trophy%20Zone%206.htm\" target=\"_blank\" rel=\"noopener\">Zone 6<\/a><\/td>\n<\/tr>\n<tr>\n<td><a href=\"http:\/\/web2.acbl.org\/as400\/mpraces\/mpAwards\/2016\/Richmond%20Trophy%20CanadaWide.htm\" target=\"_blank\" rel=\"noopener\">2016<\/a><\/td>\n<td>Toutes les zones<\/td>\n<\/tr>\n<tr>\n<td><a href=\"http:\/\/web2.acbl.org\/as400\/mpraces\/mpAwards\/2015\/Richmond%20Trophy%20CanadaWide.htm\" target=\"_blank\" rel=\"noopener\">2015<\/a><\/td>\n<td>Toutes les zones<\/td>\n<\/tr>\n<tr>\n<td><a href=\"http:\/\/web2.acbl.org\/as400\/mpraces\/mpAwards\/2014\/Richmond%20Trophy%20CanadaWide.htm\" target=\"_blank\" rel=\"noopener\">2014<\/a><\/td>\n<td>Toutes les zones<\/td>\n<\/tr>\n<tr>\n<td><a href=\"http:\/\/web2.acbl.org\/as400\/mpraces\/mpAwards\/2013\/Richmond%20Trophy%20CanadaWide.htm\" target=\"_blank\" rel=\"noopener\">2013<\/a><\/td>\n<td>Toutes les zones<\/td>\n<\/tr>\n<tr>\n<td><a href=\"http:\/\/web2.acbl.org\/as400\/mpraces\/mpAwards\/2012\/Richmond%20Trophy%20CanadaWide.htm\" target=\"_blank\" rel=\"noopener\">2012<\/a><\/td>\n<td>Toutes les zones<\/td>\n<\/tr>\n<\/tbody>\n<\/table>\n","protected":false},"excerpt":{"rendered":"<p>\u00a0 \u00a0pour le classement 2025 Classement 2025 par zone Zone 1 Zone 2 Zone 3 Zone 4 Zone 5 Zone 6 Gagants des ann\u00e9es pr\u00e9c\u00e9dentes 2024 All zones Zone 1\u00a0&#8211;\u00a0Zone 2\u00a0&#8211;\u00a0Zone 3\u00a0&#8211;\u00a0Zone 4\u00a0&#8211;\u00a0Zone 5\u00a0&#8211;\u00a0Zone 6 2023 All zones Zone 1\u00a0&#8211;\u00a0Zone 2\u00a0&#8211;\u00a0Zone 3\u00a0&#8211;\u00a0Zone 4\u00a0&#8211;\u00a0Zone 5\u00a0&#8211;\u00a0Zone 6 2022 Toutes les zones Zone 1\u00a0&#8211;\u00a0Zone 2\u00a0&#8211;\u00a0Zone 3\u00a0&#8211;\u00a0Zone 4\u00a0&#8211;\u00a0Zone 5\u00a0&#8211;\u00a0Zone<br><a class=\"moretag signature-animation\" href=\"https:\/\/cbf.ca\/fr\/evenements\/courses-aux-points-de-maitre\/mini-richmond-trophy-race\/\">CONTINUER LA LECTURE<\/a>","protected":false},"author":1,"featured_media":0,"parent":4551,"menu_order":0,"comment_status":"closed","ping_status":"closed","template":"","meta":{"footnotes":""},"yoast_head":"<!-- This site is optimized with the Yoast SEO plugin v22.3 - https:\/\/yoast.com\/wordpress\/plugins\/seo\/ -->\n<title>Prix Mini-Richmond - Canadian Bridge Federation<\/title>\n<meta name=\"robots\" content=\"index, follow, max-snippet:-1, max-image-preview:large, max-video-preview:-1\" \/>\n<link rel=\"canonical\" href=\"https:\/\/cbf.ca\/fr\/evenements\/courses-aux-points-de-maitre\/mini-richmond-trophy-race\/\" \/>\n<meta property=\"og:locale\" content=\"fr_FR\" \/>\n<meta property=\"og:type\" content=\"article\" \/>\n<meta property=\"og:title\" content=\"Prix Mini-Richmond - Canadian Bridge Federation\" \/>\n<meta property=\"og:description\" content=\"\u00a0 \u00a0pour le classement 2025 Classement 2025 par zone Zone 1 Zone 2 Zone 3 Zone 4 Zone 5 Zone 6 Gagants des ann\u00e9es pr\u00e9c\u00e9dentes 2024 All zones Zone 1\u00a0&#8211;\u00a0Zone 2\u00a0&#8211;\u00a0Zone 3\u00a0&#8211;\u00a0Zone 4\u00a0&#8211;\u00a0Zone 5\u00a0&#8211;\u00a0Zone 6 2023 All zones Zone 1\u00a0&#8211;\u00a0Zone 2\u00a0&#8211;\u00a0Zone 3\u00a0&#8211;\u00a0Zone 4\u00a0&#8211;\u00a0Zone 5\u00a0&#8211;\u00a0Zone 6 2022 Toutes les zones Zone 1\u00a0&#8211;\u00a0Zone 2\u00a0&#8211;\u00a0Zone 3\u00a0&#8211;\u00a0Zone 4\u00a0&#8211;\u00a0Zone 5\u00a0&#8211;\u00a0Zone\" \/>\n<meta property=\"og:url\" content=\"https:\/\/cbf.ca\/fr\/evenements\/courses-aux-points-de-maitre\/mini-richmond-trophy-race\/\" \/>\n<meta property=\"og:site_name\" content=\"Canadian Bridge Federation\" \/>\n<meta property=\"article:publisher\" content=\"https:\/\/www.facebook.com\/Canadian.Bridge.Federation\/\" \/>\n<meta property=\"article:modified_time\" content=\"2025-03-15T03:06:12+00:00\" \/>\n<meta property=\"og:image\" content=\"https:\/\/cbf.ca\/wp-content\/uploads\/2014\/12\/Mini-Richmond-Pin.jpg\" \/>\n<meta name=\"twitter:label1\" content=\"Dur\u00e9e de lecture estim\u00e9e\" \/>\n\t<meta name=\"twitter:data1\" content=\"2 minutes\" \/>\n<script type=\"application\/ld+json\" class=\"yoast-schema-graph\">{\"@context\":\"https:\/\/schema.org\",\"@graph\":[{\"@type\":\"WebPage\",\"@id\":\"https:\/\/cbf.ca\/fr\/evenements\/courses-aux-points-de-maitre\/mini-richmond-trophy-race\/\",\"url\":\"https:\/\/cbf.ca\/fr\/evenements\/courses-aux-points-de-maitre\/mini-richmond-trophy-race\/\",\"name\":\"Prix Mini-Richmond - Canadian Bridge Federation\",\"isPartOf\":{\"@id\":\"https:\/\/cbf.ca\/#website\"},\"primaryImageOfPage\":{\"@id\":\"https:\/\/cbf.ca\/fr\/evenements\/courses-aux-points-de-maitre\/mini-richmond-trophy-race\/#primaryimage\"},\"image\":{\"@id\":\"https:\/\/cbf.ca\/fr\/evenements\/courses-aux-points-de-maitre\/mini-richmond-trophy-race\/#primaryimage\"},\"thumbnailUrl\":\"https:\/\/cbf.ca\/wp-content\/uploads\/2014\/12\/Mini-Richmond-Pin.jpg\",\"datePublished\":\"2014-12-04T12:57:38+00:00\",\"dateModified\":\"2025-03-15T03:06:12+00:00\",\"breadcrumb\":{\"@id\":\"https:\/\/cbf.ca\/fr\/evenements\/courses-aux-points-de-maitre\/mini-richmond-trophy-race\/#breadcrumb\"},\"inLanguage\":\"fr-FR\",\"potentialAction\":[{\"@type\":\"ReadAction\",\"target\":[\"https:\/\/cbf.ca\/fr\/evenements\/courses-aux-points-de-maitre\/mini-richmond-trophy-race\/\"]}]},{\"@type\":\"ImageObject\",\"inLanguage\":\"fr-FR\",\"@id\":\"https:\/\/cbf.ca\/fr\/evenements\/courses-aux-points-de-maitre\/mini-richmond-trophy-race\/#primaryimage\",\"url\":\"https:\/\/cbf.ca\/wp-content\/uploads\/2014\/12\/Mini-Richmond-Pin.jpg\",\"contentUrl\":\"https:\/\/cbf.ca\/wp-content\/uploads\/2014\/12\/Mini-Richmond-Pin.jpg\",\"width\":315,\"height\":260,\"caption\":\"Mini Richmond Pin, Canadian Bridge Federation\"},{\"@type\":\"BreadcrumbList\",\"@id\":\"https:\/\/cbf.ca\/fr\/evenements\/courses-aux-points-de-maitre\/mini-richmond-trophy-race\/#breadcrumb\",\"itemListElement\":[{\"@type\":\"ListItem\",\"position\":1,\"name\":\"Home\",\"item\":\"https:\/\/cbf.ca\/\"},{\"@type\":\"ListItem\",\"position\":2,\"name\":\"\u00c9v\u00e9nements\",\"item\":\"https:\/\/cbf.ca\/fr\/evenements\/\"},{\"@type\":\"ListItem\",\"position\":3,\"name\":\"Courses aux points de ma\u00eetre\",\"item\":\"https:\/\/cbf.ca\/fr\/evenements\/courses-aux-points-de-maitre\/\"},{\"@type\":\"ListItem\",\"position\":4,\"name\":\"Prix Mini-Richmond\"}]},{\"@type\":\"WebSite\",\"@id\":\"https:\/\/cbf.ca\/#website\",\"url\":\"https:\/\/cbf.ca\/\",\"name\":\"Canadian Bridge Federation\",\"description\":\"F\u00e9d\u00e9ration canadienne de bridge\",\"potentialAction\":[{\"@type\":\"SearchAction\",\"target\":{\"@type\":\"EntryPoint\",\"urlTemplate\":\"https:\/\/cbf.ca\/?s={search_term_string}\"},\"query-input\":\"required name=search_term_string\"}],\"inLanguage\":\"fr-FR\"}]}<\/script>\n<!-- \/ Yoast SEO plugin. -->","yoast_head_json":{"title":"Prix Mini-Richmond - Canadian Bridge Federation","robots":{"index":"index","follow":"follow","max-snippet":"max-snippet:-1","max-image-preview":"max-image-preview:large","max-video-preview":"max-video-preview:-1"},"canonical":"https:\/\/cbf.ca\/fr\/evenements\/courses-aux-points-de-maitre\/mini-richmond-trophy-race\/","og_locale":"fr_FR","og_type":"article","og_title":"Prix Mini-Richmond - Canadian Bridge Federation","og_description":"\u00a0 \u00a0pour le classement 2025 Classement 2025 par zone Zone 1 Zone 2 Zone 3 Zone 4 Zone 5 Zone 6 Gagants des ann\u00e9es pr\u00e9c\u00e9dentes 2024 All zones Zone 1\u00a0&#8211;\u00a0Zone 2\u00a0&#8211;\u00a0Zone 3\u00a0&#8211;\u00a0Zone 4\u00a0&#8211;\u00a0Zone 5\u00a0&#8211;\u00a0Zone 6 2023 All zones Zone 1\u00a0&#8211;\u00a0Zone 2\u00a0&#8211;\u00a0Zone 3\u00a0&#8211;\u00a0Zone 4\u00a0&#8211;\u00a0Zone 5\u00a0&#8211;\u00a0Zone 6 2022 Toutes les zones Zone 1\u00a0&#8211;\u00a0Zone 2\u00a0&#8211;\u00a0Zone 3\u00a0&#8211;\u00a0Zone 4\u00a0&#8211;\u00a0Zone 5\u00a0&#8211;\u00a0Zone","og_url":"https:\/\/cbf.ca\/fr\/evenements\/courses-aux-points-de-maitre\/mini-richmond-trophy-race\/","og_site_name":"Canadian Bridge Federation","article_publisher":"https:\/\/www.facebook.com\/Canadian.Bridge.Federation\/","article_modified_time":"2025-03-15T03:06:12+00:00","og_image":[{"url":"https:\/\/cbf.ca\/wp-content\/uploads\/2014\/12\/Mini-Richmond-Pin.jpg"}],"twitter_misc":{"Dur\u00e9e de lecture estim\u00e9e":"2 minutes"},"schema":{"@context":"https:\/\/schema.org","@graph":[{"@type":"WebPage","@id":"https:\/\/cbf.ca\/fr\/evenements\/courses-aux-points-de-maitre\/mini-richmond-trophy-race\/","url":"https:\/\/cbf.ca\/fr\/evenements\/courses-aux-points-de-maitre\/mini-richmond-trophy-race\/","name":"Prix Mini-Richmond - Canadian Bridge Federation","isPartOf":{"@id":"https:\/\/cbf.ca\/#website"},"primaryImageOfPage":{"@id":"https:\/\/cbf.ca\/fr\/evenements\/courses-aux-points-de-maitre\/mini-richmond-trophy-race\/#primaryimage"},"image":{"@id":"https:\/\/cbf.ca\/fr\/evenements\/courses-aux-points-de-maitre\/mini-richmond-trophy-race\/#primaryimage"},"thumbnailUrl":"https:\/\/cbf.ca\/wp-content\/uploads\/2014\/12\/Mini-Richmond-Pin.jpg","datePublished":"2014-12-04T12:57:38+00:00","dateModified":"2025-03-15T03:06:12+00:00","breadcrumb":{"@id":"https:\/\/cbf.ca\/fr\/evenements\/courses-aux-points-de-maitre\/mini-richmond-trophy-race\/#breadcrumb"},"inLanguage":"fr-FR","potentialAction":[{"@type":"ReadAction","target":["https:\/\/cbf.ca\/fr\/evenements\/courses-aux-points-de-maitre\/mini-richmond-trophy-race\/"]}]},{"@type":"ImageObject","inLanguage":"fr-FR","@id":"https:\/\/cbf.ca\/fr\/evenements\/courses-aux-points-de-maitre\/mini-richmond-trophy-race\/#primaryimage","url":"https:\/\/cbf.ca\/wp-content\/uploads\/2014\/12\/Mini-Richmond-Pin.jpg","contentUrl":"https:\/\/cbf.ca\/wp-content\/uploads\/2014\/12\/Mini-Richmond-Pin.jpg","width":315,"height":260,"caption":"Mini Richmond Pin, Canadian Bridge Federation"},{"@type":"BreadcrumbList","@id":"https:\/\/cbf.ca\/fr\/evenements\/courses-aux-points-de-maitre\/mini-richmond-trophy-race\/#breadcrumb","itemListElement":[{"@type":"ListItem","position":1,"name":"Home","item":"https:\/\/cbf.ca\/"},{"@type":"ListItem","position":2,"name":"\u00c9v\u00e9nements","item":"https:\/\/cbf.ca\/fr\/evenements\/"},{"@type":"ListItem","position":3,"name":"Courses aux points de ma\u00eetre","item":"https:\/\/cbf.ca\/fr\/evenements\/courses-aux-points-de-maitre\/"},{"@type":"ListItem","position":4,"name":"Prix Mini-Richmond"}]},{"@type":"WebSite","@id":"https:\/\/cbf.ca\/#website","url":"https:\/\/cbf.ca\/","name":"Canadian Bridge Federation","description":"F\u00e9d\u00e9ration canadienne de bridge","potentialAction":[{"@type":"SearchAction","target":{"@type":"EntryPoint","urlTemplate":"https:\/\/cbf.ca\/?s={search_term_string}"},"query-input":"required name=search_term_string"}],"inLanguage":"fr-FR"}]}},"_links":{"self":[{"href":"https:\/\/cbf.ca\/fr\/wp-json\/wp\/v2\/pages\/3907"}],"collection":[{"href":"https:\/\/cbf.ca\/fr\/wp-json\/wp\/v2\/pages"}],"about":[{"href":"https:\/\/cbf.ca\/fr\/wp-json\/wp\/v2\/types\/page"}],"author":[{"embeddable":true,"href":"https:\/\/cbf.ca\/fr\/wp-json\/wp\/v2\/users\/1"}],"replies":[{"embeddable":true,"href":"https:\/\/cbf.ca\/fr\/wp-json\/wp\/v2\/comments?post=3907"}],"version-history":[{"count":48,"href":"https:\/\/cbf.ca\/fr\/wp-json\/wp\/v2\/pages\/3907\/revisions"}],"predecessor-version":[{"id":31601,"href":"https:\/\/cbf.ca\/fr\/wp-json\/wp\/v2\/pages\/3907\/revisions\/31601"}],"up":[{"embeddable":true,"href":"https:\/\/cbf.ca\/fr\/wp-json\/wp\/v2\/pages\/4551"}],"wp:attachment":[{"href":"https:\/\/cbf.ca\/fr\/wp-json\/wp\/v2\/media?parent=3907"}],"curies":[{"name":"wp","href":"https:\/\/api.w.org\/{rel}","templated":true}]}}