{"id":3904,"date":"2014-12-04T16:27:25","date_gmt":"2014-12-04T12:27:25","guid":{"rendered":"http:\/\/cbf.ca\/fr\/richmond-trophy-2\/"},"modified":"2025-03-15T07:11:51","modified_gmt":"2025-03-15T03:11:51","slug":"richmond-trophy-2","status":"publish","type":"page","link":"https:\/\/cbf.ca\/fr\/evenements\/courses-aux-points-de-maitre\/richmond-trophy-2\/","title":{"rendered":"Troph\u00e9e Richmond"},"content":{"rendered":"<div class=\"row\"><div class=\"col-md-8 col-sm-8\"><p style=\"text-align: justify;\">Le Troph\u00e9e Richmond est d\u00e9cern\u00e9 <strong>annuellement au joueur canadien qui a remport\u00e9 le plus de points de ma\u00eetre. <\/strong>Le troph\u00e9e a \u00e9t\u00e9 donn\u00e9 par Dave G. Richmond en 1976 et attribu\u00e9 r\u00e9troactivement aux gagnants de 1974 et 1975.<\/p>\n<p style=\"text-align: justify;\"><span style=\"line-height: 1.5;\">Dave Richmond \u00e9tait une figure connue du bridge de Winnipeg. Il a \u00e9t\u00e9 \u00e9lu tr\u00e9sorier du Club de bridge de Winnipeg en 1951, devint le 2\u00e0me\u00a0ma\u00eetre \u00e0 vie de Winnipeg en 1958 et, cette m\u00eame ann\u00e9e, a assum\u00e9 la pr\u00e9sidence de l&rsquo;unit\u00e9 181. Sous sa direction, l&rsquo;unit\u00e9 s&rsquo;est \u00e9panouie et est pass\u00e9e d&rsquo;environ 80 membres \u00e0 plus de 500 membres. Il a parrain\u00e9 l&rsquo;entr\u00e9e de la Saskatchewan au District 14 et a aussi contribu\u00e9 \u00e0 l\u2019entr\u00e9e de Thunder Bay comme membre \u00e0 part enti\u00e8re du District. Il a servi deux mandats de trois ans comme pr\u00e9sident du District 14 et comme deuxi\u00e8me rempla\u00e7ant pendant six ans.<\/span><\/p>\n<p style=\"text-align: justify;\">Richmond \u00e9tait membre \u00e0 vie du \u00ab\u00a0National Goodwill Committee\u00a0\u00bb de l\u2019ACBL et membre du Conseil des gouverneurs de l\u2019ACBL pour le District 2. Ses plus grandes pr\u00e9occupations concernaient l\u2019aspect caritatif de l\u2019ACBL, et il a affirm\u00e9 qu\u2019il a obtenu sa plus grande satisfaction lorsque lui et son comit\u00e9 ont amen\u00e9 le \u00ab\u00a0Charity Shield\u00a0\u00bb \u00e0 l\u2019unit\u00e9 du Manitoba pour la premi\u00e8re fois au District 14. Le \u00ab\u00a0Charity Shield\u00a0\u00bb est revenu \u00e0 l\u2019unit\u00e9 du Manitoba deux ans plus tard.<\/p>\n<p style=\"text-align: justify;\"><span style=\"line-height: 1.5;\">Richmond et sa charmante \u00e9pouse Nettie ont pr\u00e9sid\u00e9 quatre r\u00e9gionaux. Des centaines de joueurs de bridge admiraient leur d\u00e9vouement et leur attention au moindre d\u00e9tail pour assurer le confort et le plaisir de tous les joueurs.<\/span><\/p>\n<\/div><div class=\"col-md-4 col-sm-4\">\n<p><a class=\"lightbox\" href=\"https:\/\/cbf.ca\/wp-content\/uploads\/2014\/12\/Richmond-Trophy.jpg\"><img loading=\"lazy\" decoding=\"async\" class=\"alignnone size-full wp-image-1487\" src=\"https:\/\/cbf.ca\/wp-content\/uploads\/2014\/12\/Richmond-Trophy.jpg\" alt=\"Richmond Trophy, Canadian Bridge Federation\" width=\"300\" height=\"367\" \/><\/a><\/p>\n<\/div><\/div>\n<p><a href=\"https:\/\/web3.acbl.org\/mpraces\/?year=2024&amp;country=CD&amp;race=RCH&amp;showDeceased=Y\" class=\"btn bluth red btn- \" target=\"_self\">Cliquer ici<\/a>\u00a0 <strong>pour le classement 2025<\/strong><\/p>\n<table style=\"height: 68px;\" width=\"584\">\n<tbody>\n<tr>\n<td colspan=\"3\">\n<h3><strong>Gagants des ann\u00e9es pr\u00e9c\u00e9dentes<\/strong><\/h3>\n<\/td>\n<td width=\"124\">\u00a0<\/td>\n<\/tr>\n<tr>\n<td width=\"80\"><a href=\"https:\/\/web3.acbl.org\/mpraces\/?year=2024&amp;country=CD&amp;race=RCH&amp;showDeceased=Y\" target=\"_blank\" rel=\"noopener\">2024<\/a><\/td>\n<td width=\"380\">Richard Chan, Markham, ON<\/td>\n<td width=\"124\">1 719<\/td>\n<\/tr>\n<tr>\n<td width=\"80\"><a href=\"https:\/\/web3.acbl.org\/mpraces\/?year=2023&amp;country=CD&amp;race=RCH&amp;showDeceased=Y\" target=\"_blank\" rel=\"noopener\">2023<\/a><\/td>\n<td width=\"380\">Richard Chan, Markham, ON<\/td>\n<td width=\"124\">1 524<\/td>\n<\/tr>\n<tr>\n<td width=\"80\"><a href=\"https:\/\/cbf.ca\/wp-content\/uploads\/2023\/02\/Richmond-2022.pdf\" target=\"_blank\" rel=\"noopener\">2022<\/a><\/td>\n<td width=\"380\">Richard Chan, Markham, ON<\/td>\n<td width=\"124\">1 580<\/td>\n<\/tr>\n<tr>\n<td width=\"80\"><a href=\"https:\/\/web3.acbl.org\/mpraces\/?year=2021&amp;country=CD&amp;race=RCH&amp;showDeceased=Y\" target=\"_blank\" rel=\"noopener\">2021<\/a><\/td>\n<td width=\"380\">Mel Norton, Burlington, ON<\/td>\n<td width=\"124\">1 214<\/td>\n<\/tr>\n<tr>\n<td width=\"80\"><a href=\"https:\/\/web3.acbl.org\/mpraces\/?year=2020&amp;country=CD&amp;race=RCH&amp;showDeceased=Y\" target=\"_blank\" rel=\"noopener\">2020<\/a><\/td>\n<td width=\"380\">Mel Norton, Burlington, ON<\/td>\n<td width=\"124\">1 011<\/td>\n<\/tr>\n<tr>\n<td width=\"80\"><a href=\"https:\/\/web3.acbl.org\/mpraces\/?year=2019&amp;country=CD&amp;race=RCH&amp;showDeceased=Y\" target=\"_blank\" rel=\"noopener\">2019<\/a><\/td>\n<td width=\"380\">David Grainger, Etobicoke, ON<\/td>\n<td width=\"124\">1 610<\/td>\n<\/tr>\n<tr>\n<td width=\"80\"><a href=\"https:\/\/web3.acbl.org\/mpraces\/?year=2018&amp;country=CD&amp;race=RCH&amp;showDeceased=Y\">2018<\/a><\/td>\n<td width=\"380\">David Grainger, Etobicoke, ON<\/td>\n<td width=\"124\">1 606<\/td>\n<\/tr>\n<tr>\n<td width=\"80\"><a href=\"https:\/\/web3.acbl.org\/mpraces\/?year=2017&amp;race=RCH&amp;showDeceased=Y\">2017<\/a><\/td>\n<td width=\"380\">Shan Huang, Melbourne FL<\/td>\n<td width=\"124\">2 252<\/td>\n<\/tr>\n<tr>\n<td width=\"80\"><a href=\"https:\/\/web3.acbl.org\/mpraces\/?year=2016&amp;race=RCH&amp;showDeceased=Y\">2016<\/a><\/td>\n<td width=\"380\">David Grainger, Etobicoke ON<\/td>\n<td width=\"124\">2 462<\/td>\n<\/tr>\n<tr>\n<td width=\"80\"><a href=\"https:\/\/web3.acbl.org\/mpraces\/?year=2015&amp;race=RCH&amp;showDeceased=Y\">2015<\/a><\/td>\n<td width=\"380\">Daniel Korbel, Hamilton ON<\/td>\n<td width=\"124\">2 372<\/td>\n<\/tr>\n<tr>\n<td width=\"80\"><a href=\"https:\/\/web3.acbl.org\/mpraces\/?year=2014&amp;race=RCH&amp;showDeceased=Y\">2014<\/a><\/td>\n<td width=\"380\">Shan Huang, Toronto ON<\/td>\n<td width=\"124\">1 589<\/td>\n<\/tr>\n<tr>\n<td width=\"80\"><a href=\"https:\/\/web3.acbl.org\/mpraces\/?year=2013&amp;race=RCH&amp;showDeceased=Y\">2013<\/a><\/td>\n<td width=\"380\">Shan Huang, Toronto ON<\/td>\n<td width=\"124\">1 377<\/td>\n<\/tr>\n<tr>\n<td width=\"80\">2012<\/td>\n<td width=\"380\">Hannah Moon, Prince Albert SK<\/td>\n<td width=\"124\">1 409<\/td>\n<\/tr>\n<tr>\n<td width=\"80\">2011<\/td>\n<td width=\"380\">David Granger, Bend OR<\/td>\n<td width=\"124\">1 308<\/td>\n<\/tr>\n<tr>\n<td width=\"80\">2010<\/td>\n<td width=\"380\">Hannah Moon, Prince Albert SK<\/td>\n<td width=\"124\">1 335<\/td>\n<\/tr>\n<tr>\n<td width=\"80\">2009<\/td>\n<td width=\"380\">Barry Harper, Regina SK<\/td>\n<td width=\"124\">1 462<\/td>\n<\/tr>\n<tr>\n<td width=\"80\">2008<\/td>\n<td width=\"380\">Allan Graves, Victoria CB<\/td>\n<td width=\"124\">1 421<\/td>\n<\/tr>\n<tr>\n<td width=\"80\">2007<\/td>\n<td width=\"380\">Cam Doner, Richmond CB<\/td>\n<td width=\"124\">1 425<\/td>\n<\/tr>\n<tr>\n<td width=\"80\">2006<\/td>\n<td width=\"380\">Barry Harper, Regina SK<\/td>\n<td width=\"124\">1 498<\/td>\n<\/tr>\n<tr>\n<td width=\"80\">2005<\/td>\n<td width=\"380\">Barry Harper, Regina SK<\/td>\n<td width=\"124\">1 582<\/td>\n<\/tr>\n<tr>\n<td width=\"80\">2004<\/td>\n<td width=\"380\">Ian Boyd, Calgary AB<\/td>\n<td width=\"124\">1 492<\/td>\n<\/tr>\n<tr>\n<td width=\"80\">2003<\/td>\n<td width=\"380\">Ken Gee, Regina, SK<\/td>\n<td width=\"124\">1 568<\/td>\n<\/tr>\n<tr>\n<td width=\"80\">2002<\/td>\n<td width=\"380\">Ken Gee, Regina, SK<\/td>\n<td width=\"124\">2 066<\/td>\n<\/tr>\n<tr>\n<td width=\"80\">2001<\/td>\n<td width=\"380\">Ken Gee, Regina, SK<\/td>\n<td width=\"124\">1 606<\/td>\n<\/tr>\n<tr>\n<td width=\"80\">2000<\/td>\n<td width=\"380\">Ken Gee, Regina, SK<\/td>\n<td width=\"124\">1 346<\/td>\n<\/tr>\n<tr>\n<td width=\"80\">1999<\/td>\n<td width=\"380\">Ken Gee, Regina, SK<\/td>\n<td width=\"124\">1 028<\/td>\n<\/tr>\n<tr>\n<td width=\"80\">1998<\/td>\n<td width=\"380\">Ken Gee, Regina, SK<\/td>\n<td width=\"124\">1 328<\/td>\n<\/tr>\n<tr>\n<td width=\"80\">1997<\/td>\n<td width=\"380\">Hans Jacob, Aurora, ON<\/td>\n<td width=\"124\">1 145<\/td>\n<\/tr>\n<tr>\n<td width=\"80\">1996<\/td>\n<td width=\"380\">Martin Caley, Montr\u00e9al, QC<\/td>\n<td width=\"124\">\u00a0 \u00a0772<\/td>\n<\/tr>\n<tr>\n<td width=\"80\">1995<\/td>\n<td width=\"380\">Ken Warren, Pickering, ON<\/td>\n<td width=\"124\">1 056<\/td>\n<\/tr>\n<tr>\n<td width=\"80\">1994<\/td>\n<td width=\"380\">Martin Caley, Montr\u00e9al, QC<\/td>\n<td width=\"124\">\u00a0\u00a0 791<\/td>\n<\/tr>\n<tr>\n<td width=\"80\">1993<\/td>\n<td width=\"380\">Cliff Campbell, Thunder Bay, ON<\/td>\n<td width=\"124\">\u00a0 \u00a0957<\/td>\n<\/tr>\n<tr>\n<td width=\"80\">1992<\/td>\n<td width=\"380\">Cliff Campbell, Thunder Bay, ON<\/td>\n<td width=\"124\">1 561<\/td>\n<\/tr>\n<tr>\n<td width=\"80\">1991<\/td>\n<td width=\"380\">Cameron Doner, Vancouver, CB<\/td>\n<td width=\"124\">\u00a0 \u00a0944<\/td>\n<\/tr>\n<tr>\n<td width=\"80\">1990<\/td>\n<td width=\"380\">Robert Crawford, Vancouver, CB<\/td>\n<td width=\"124\">1 399<\/td>\n<\/tr>\n<tr>\n<td width=\"80\">1989<\/td>\n<td width=\"380\">Gary Tomczyk, Parksville, CB<\/td>\n<td width=\"124\">1 214<\/td>\n<\/tr>\n<tr>\n<td width=\"80\">1988<\/td>\n<td width=\"380\">Robert Crawford, Vancouver, CB<\/td>\n<td width=\"124\">1 400<\/td>\n<\/tr>\n<tr>\n<td width=\"80\">1987<\/td>\n<td width=\"380\">Gary Tomczyk, Parksville, CB<\/td>\n<td width=\"124\">1 071<\/td>\n<\/tr>\n<tr>\n<td width=\"80\">1986<\/td>\n<td width=\"380\">Cliff Campbell, Thunder Bay, ON<\/td>\n<td width=\"124\">\u00a0\u00a0 493<\/td>\n<\/tr>\n<tr>\n<td width=\"80\">1985<\/td>\n<td width=\"380\">Cliff Campbell, Thunder Bay, ON<\/td>\n<td width=\"124\">\u00a0\u00a0 552<\/td>\n<\/tr>\n<tr>\n<td width=\"80\">1984<\/td>\n<td width=\"380\">Mark Molson, Montreal, QC<\/td>\n<td width=\"124\">\u00a0\u00a0 679<\/td>\n<\/tr>\n<tr>\n<td width=\"80\">1983<\/td>\n<td width=\"380\">Mark Molson, Montreal, QC<\/td>\n<td width=\"124\">\u00a0\u00a0 784<\/td>\n<\/tr>\n<tr>\n<td width=\"80\">1982<\/td>\n<td width=\"380\">Mark Molson, Montreal, QC<\/td>\n<td width=\"124\">\u00a0\u00a0 689<\/td>\n<\/tr>\n<tr>\n<td width=\"80\">1981<\/td>\n<td width=\"380\">George Mittelman, Toronto, ON<\/td>\n<td width=\"124\">\u00a0 \u00a0681<\/td>\n<\/tr>\n<tr>\n<td width=\"80\">1980<\/td>\n<td width=\"380\">Mark Molson, Montr\u00e9al, QC<\/td>\n<td width=\"124\">\u00a0\u00a0 599<\/td>\n<\/tr>\n<tr>\n<td width=\"80\">1979<\/td>\n<td width=\"380\">Mark Molson, Montr\u00e9al, QC<\/td>\n<td width=\"124\">\u00a0 \u00a0819<\/td>\n<\/tr>\n<tr>\n<td width=\"80\">1978<\/td>\n<td width=\"380\">Bruce Ferguson, Calgary, AB<\/td>\n<td width=\"124\">\u00a0 \u00a0610<\/td>\n<\/tr>\n<tr>\n<td width=\"80\">1977<\/td>\n<td width=\"380\">Bruce Ferguson, New Westminster, CB<\/td>\n<td width=\"124\">\u00a0 \u00a0671<\/td>\n<\/tr>\n<tr>\n<td width=\"80\">1976<\/td>\n<td width=\"380\">\u00a0Bruce Ferguson, New Westminster, CB<\/td>\n<td width=\"124\">\u00a0 \u00a0929<\/td>\n<\/tr>\n<tr>\n<td width=\"80\">1975<\/td>\n<td width=\"380\">Mike Schoenborn, Toronto,ON<\/td>\n<td width=\"124\">\u00a0 \u00a0524<\/td>\n<\/tr>\n<tr>\n<td width=\"80\">1974<\/td>\n<td width=\"380\">John Carruthers, Toronto, ON<\/td>\n<td width=\"124\">\u00a0 \u00a0522<\/td>\n<\/tr>\n<\/tbody>\n<\/table>\n\n\n\n","protected":false},"excerpt":{"rendered":"<p>\u00a0 pour le classement 2025 Gagants des ann\u00e9es pr\u00e9c\u00e9dentes \u00a0 2024 Richard Chan, Markham, ON 1 719 2023 Richard Chan, Markham, ON 1 524 2022 Richard Chan, Markham, ON 1 580 2021 Mel Norton, Burlington, ON 1 214 2020 Mel Norton, Burlington, ON 1 011 2019 David Grainger, Etobicoke, ON 1 610 2018 David Grainger,<br><a class=\"moretag signature-animation\" href=\"https:\/\/cbf.ca\/fr\/evenements\/courses-aux-points-de-maitre\/richmond-trophy-2\/\">CONTINUER LA LECTURE<\/a>","protected":false},"author":1,"featured_media":0,"parent":4551,"menu_order":0,"comment_status":"closed","ping_status":"closed","template":"","meta":{"footnotes":""},"yoast_head":"<!-- This site is optimized with the Yoast SEO plugin v22.3 - https:\/\/yoast.com\/wordpress\/plugins\/seo\/ -->\n<title>Troph\u00e9e Richmond - Canadian Bridge Federation<\/title>\n<meta name=\"robots\" content=\"index, follow, max-snippet:-1, max-image-preview:large, max-video-preview:-1\" \/>\n<link rel=\"canonical\" href=\"https:\/\/cbf.ca\/fr\/evenements\/courses-aux-points-de-maitre\/richmond-trophy-2\/\" \/>\n<meta property=\"og:locale\" content=\"fr_FR\" \/>\n<meta property=\"og:type\" content=\"article\" \/>\n<meta property=\"og:title\" content=\"Troph\u00e9e Richmond - Canadian Bridge Federation\" \/>\n<meta property=\"og:description\" content=\"\u00a0 pour le classement 2025 Gagants des ann\u00e9es pr\u00e9c\u00e9dentes \u00a0 2024 Richard Chan, Markham, ON 1 719 2023 Richard Chan, Markham, ON 1 524 2022 Richard Chan, Markham, ON 1 580 2021 Mel Norton, Burlington, ON 1 214 2020 Mel Norton, Burlington, ON 1 011 2019 David Grainger, Etobicoke, ON 1 610 2018 David Grainger,\" \/>\n<meta property=\"og:url\" content=\"https:\/\/cbf.ca\/fr\/evenements\/courses-aux-points-de-maitre\/richmond-trophy-2\/\" \/>\n<meta property=\"og:site_name\" content=\"Canadian Bridge Federation\" \/>\n<meta property=\"article:publisher\" content=\"https:\/\/www.facebook.com\/Canadian.Bridge.Federation\/\" \/>\n<meta property=\"article:modified_time\" content=\"2025-03-15T03:11:51+00:00\" \/>\n<meta property=\"og:image\" content=\"https:\/\/cbf.ca\/wp-content\/uploads\/2014\/12\/Richmond-Trophy.jpg\" \/>\n<meta name=\"twitter:label1\" content=\"Dur\u00e9e de lecture estim\u00e9e\" \/>\n\t<meta name=\"twitter:data1\" content=\"3 minutes\" \/>\n<script type=\"application\/ld+json\" class=\"yoast-schema-graph\">{\"@context\":\"https:\/\/schema.org\",\"@graph\":[{\"@type\":\"WebPage\",\"@id\":\"https:\/\/cbf.ca\/fr\/evenements\/courses-aux-points-de-maitre\/richmond-trophy-2\/\",\"url\":\"https:\/\/cbf.ca\/fr\/evenements\/courses-aux-points-de-maitre\/richmond-trophy-2\/\",\"name\":\"Troph\u00e9e Richmond - Canadian Bridge Federation\",\"isPartOf\":{\"@id\":\"https:\/\/cbf.ca\/#website\"},\"primaryImageOfPage\":{\"@id\":\"https:\/\/cbf.ca\/fr\/evenements\/courses-aux-points-de-maitre\/richmond-trophy-2\/#primaryimage\"},\"image\":{\"@id\":\"https:\/\/cbf.ca\/fr\/evenements\/courses-aux-points-de-maitre\/richmond-trophy-2\/#primaryimage\"},\"thumbnailUrl\":\"https:\/\/cbf.ca\/wp-content\/uploads\/2014\/12\/Richmond-Trophy.jpg\",\"datePublished\":\"2014-12-04T12:27:25+00:00\",\"dateModified\":\"2025-03-15T03:11:51+00:00\",\"breadcrumb\":{\"@id\":\"https:\/\/cbf.ca\/fr\/evenements\/courses-aux-points-de-maitre\/richmond-trophy-2\/#breadcrumb\"},\"inLanguage\":\"fr-FR\",\"potentialAction\":[{\"@type\":\"ReadAction\",\"target\":[\"https:\/\/cbf.ca\/fr\/evenements\/courses-aux-points-de-maitre\/richmond-trophy-2\/\"]}]},{\"@type\":\"ImageObject\",\"inLanguage\":\"fr-FR\",\"@id\":\"https:\/\/cbf.ca\/fr\/evenements\/courses-aux-points-de-maitre\/richmond-trophy-2\/#primaryimage\",\"url\":\"https:\/\/cbf.ca\/wp-content\/uploads\/2014\/12\/Richmond-Trophy.jpg\",\"contentUrl\":\"https:\/\/cbf.ca\/wp-content\/uploads\/2014\/12\/Richmond-Trophy.jpg\",\"width\":300,\"height\":367,\"caption\":\"Richmond Trophy, Canadian Bridge Federation\"},{\"@type\":\"BreadcrumbList\",\"@id\":\"https:\/\/cbf.ca\/fr\/evenements\/courses-aux-points-de-maitre\/richmond-trophy-2\/#breadcrumb\",\"itemListElement\":[{\"@type\":\"ListItem\",\"position\":1,\"name\":\"Home\",\"item\":\"https:\/\/cbf.ca\/\"},{\"@type\":\"ListItem\",\"position\":2,\"name\":\"\u00c9v\u00e9nements\",\"item\":\"https:\/\/cbf.ca\/fr\/evenements\/\"},{\"@type\":\"ListItem\",\"position\":3,\"name\":\"Courses aux points de ma\u00eetre\",\"item\":\"https:\/\/cbf.ca\/fr\/evenements\/courses-aux-points-de-maitre\/\"},{\"@type\":\"ListItem\",\"position\":4,\"name\":\"Troph\u00e9e Richmond\"}]},{\"@type\":\"WebSite\",\"@id\":\"https:\/\/cbf.ca\/#website\",\"url\":\"https:\/\/cbf.ca\/\",\"name\":\"Canadian Bridge Federation\",\"description\":\"F\u00e9d\u00e9ration canadienne de bridge\",\"potentialAction\":[{\"@type\":\"SearchAction\",\"target\":{\"@type\":\"EntryPoint\",\"urlTemplate\":\"https:\/\/cbf.ca\/?s={search_term_string}\"},\"query-input\":\"required name=search_term_string\"}],\"inLanguage\":\"fr-FR\"}]}<\/script>\n<!-- \/ Yoast SEO plugin. -->","yoast_head_json":{"title":"Troph\u00e9e Richmond - Canadian Bridge Federation","robots":{"index":"index","follow":"follow","max-snippet":"max-snippet:-1","max-image-preview":"max-image-preview:large","max-video-preview":"max-video-preview:-1"},"canonical":"https:\/\/cbf.ca\/fr\/evenements\/courses-aux-points-de-maitre\/richmond-trophy-2\/","og_locale":"fr_FR","og_type":"article","og_title":"Troph\u00e9e Richmond - Canadian Bridge Federation","og_description":"\u00a0 pour le classement 2025 Gagants des ann\u00e9es pr\u00e9c\u00e9dentes \u00a0 2024 Richard Chan, Markham, ON 1 719 2023 Richard Chan, Markham, ON 1 524 2022 Richard Chan, Markham, ON 1 580 2021 Mel Norton, Burlington, ON 1 214 2020 Mel Norton, Burlington, ON 1 011 2019 David Grainger, Etobicoke, ON 1 610 2018 David Grainger,","og_url":"https:\/\/cbf.ca\/fr\/evenements\/courses-aux-points-de-maitre\/richmond-trophy-2\/","og_site_name":"Canadian Bridge Federation","article_publisher":"https:\/\/www.facebook.com\/Canadian.Bridge.Federation\/","article_modified_time":"2025-03-15T03:11:51+00:00","og_image":[{"url":"https:\/\/cbf.ca\/wp-content\/uploads\/2014\/12\/Richmond-Trophy.jpg"}],"twitter_misc":{"Dur\u00e9e de lecture estim\u00e9e":"3 minutes"},"schema":{"@context":"https:\/\/schema.org","@graph":[{"@type":"WebPage","@id":"https:\/\/cbf.ca\/fr\/evenements\/courses-aux-points-de-maitre\/richmond-trophy-2\/","url":"https:\/\/cbf.ca\/fr\/evenements\/courses-aux-points-de-maitre\/richmond-trophy-2\/","name":"Troph\u00e9e Richmond - Canadian Bridge Federation","isPartOf":{"@id":"https:\/\/cbf.ca\/#website"},"primaryImageOfPage":{"@id":"https:\/\/cbf.ca\/fr\/evenements\/courses-aux-points-de-maitre\/richmond-trophy-2\/#primaryimage"},"image":{"@id":"https:\/\/cbf.ca\/fr\/evenements\/courses-aux-points-de-maitre\/richmond-trophy-2\/#primaryimage"},"thumbnailUrl":"https:\/\/cbf.ca\/wp-content\/uploads\/2014\/12\/Richmond-Trophy.jpg","datePublished":"2014-12-04T12:27:25+00:00","dateModified":"2025-03-15T03:11:51+00:00","breadcrumb":{"@id":"https:\/\/cbf.ca\/fr\/evenements\/courses-aux-points-de-maitre\/richmond-trophy-2\/#breadcrumb"},"inLanguage":"fr-FR","potentialAction":[{"@type":"ReadAction","target":["https:\/\/cbf.ca\/fr\/evenements\/courses-aux-points-de-maitre\/richmond-trophy-2\/"]}]},{"@type":"ImageObject","inLanguage":"fr-FR","@id":"https:\/\/cbf.ca\/fr\/evenements\/courses-aux-points-de-maitre\/richmond-trophy-2\/#primaryimage","url":"https:\/\/cbf.ca\/wp-content\/uploads\/2014\/12\/Richmond-Trophy.jpg","contentUrl":"https:\/\/cbf.ca\/wp-content\/uploads\/2014\/12\/Richmond-Trophy.jpg","width":300,"height":367,"caption":"Richmond Trophy, Canadian Bridge Federation"},{"@type":"BreadcrumbList","@id":"https:\/\/cbf.ca\/fr\/evenements\/courses-aux-points-de-maitre\/richmond-trophy-2\/#breadcrumb","itemListElement":[{"@type":"ListItem","position":1,"name":"Home","item":"https:\/\/cbf.ca\/"},{"@type":"ListItem","position":2,"name":"\u00c9v\u00e9nements","item":"https:\/\/cbf.ca\/fr\/evenements\/"},{"@type":"ListItem","position":3,"name":"Courses aux points de ma\u00eetre","item":"https:\/\/cbf.ca\/fr\/evenements\/courses-aux-points-de-maitre\/"},{"@type":"ListItem","position":4,"name":"Troph\u00e9e Richmond"}]},{"@type":"WebSite","@id":"https:\/\/cbf.ca\/#website","url":"https:\/\/cbf.ca\/","name":"Canadian Bridge Federation","description":"F\u00e9d\u00e9ration canadienne de bridge","potentialAction":[{"@type":"SearchAction","target":{"@type":"EntryPoint","urlTemplate":"https:\/\/cbf.ca\/?s={search_term_string}"},"query-input":"required name=search_term_string"}],"inLanguage":"fr-FR"}]}},"_links":{"self":[{"href":"https:\/\/cbf.ca\/fr\/wp-json\/wp\/v2\/pages\/3904"}],"collection":[{"href":"https:\/\/cbf.ca\/fr\/wp-json\/wp\/v2\/pages"}],"about":[{"href":"https:\/\/cbf.ca\/fr\/wp-json\/wp\/v2\/types\/page"}],"author":[{"embeddable":true,"href":"https:\/\/cbf.ca\/fr\/wp-json\/wp\/v2\/users\/1"}],"replies":[{"embeddable":true,"href":"https:\/\/cbf.ca\/fr\/wp-json\/wp\/v2\/comments?post=3904"}],"version-history":[{"count":38,"href":"https:\/\/cbf.ca\/fr\/wp-json\/wp\/v2\/pages\/3904\/revisions"}],"predecessor-version":[{"id":31603,"href":"https:\/\/cbf.ca\/fr\/wp-json\/wp\/v2\/pages\/3904\/revisions\/31603"}],"up":[{"embeddable":true,"href":"https:\/\/cbf.ca\/fr\/wp-json\/wp\/v2\/pages\/4551"}],"wp:attachment":[{"href":"https:\/\/cbf.ca\/fr\/wp-json\/wp\/v2\/media?parent=3904"}],"curies":[{"name":"wp","href":"https:\/\/api.w.org\/{rel}","templated":true}]}}