{"id":3895,"date":"2014-12-04T17:02:45","date_gmt":"2014-12-04T13:02:45","guid":{"rendered":"http:\/\/cbf.ca\/fr\/jude-goodwin-trophy-race\/"},"modified":"2025-03-15T06:42:19","modified_gmt":"2025-03-15T02:42:19","slug":"jude-goodwin-trophy-race","status":"publish","type":"page","link":"https:\/\/cbf.ca\/fr\/evenements\/courses-aux-points-de-maitre\/jude-goodwin-trophy-race\/","title":{"rendered":"Troph\u00e9e Jude Goodwin"},"content":{"rendered":"<div class=\"row\"><div class=\"col-md-8 col-sm-8\"><p>Le Troph\u00e9e Jude Goodwin est remis \u00e0 la femme canadienne qui gagne le plus de points de ma\u00eetre au cours d\u2019une ann\u00e9e civile.<\/p>\n<p style=\"text-align: justify;\"><span style=\"line-height: 1.5;\">Le troph\u00e9e a \u00e9t\u00e9 donn\u00e9 en 2002 par John Amstrong afin de reconna\u00eetre la contribution de Jude Goodwin aux publications canadiennes de bridge, autant imprim\u00e9 qu\u2019en ligne. Jude\u00a0est\u00a0r\u00e9dactrice en chef et \u00e9ditrice du magazine de la FCB depuis 1985, elle a lanc\u00e9 le site Web de la FCB en 1995 (c\u2019\u00e9tait alors le premier site national de bridge). Jude est bien connue pour ses caricatures du bridge publi\u00e9es originalement dans le bulletin de l\u2019ACBL et maintenant disponibles dans le\u00a0livre <em>Go Ahead Laugh<\/em>, publi\u00e9 par Master Point Press. Jude a \u00e9galement \u00e9crit un livre de bridge, <em>Teach me to Play, <\/em>et a \u00e9t\u00e9 pendant de nombreuses ann\u00e9es la r\u00e9dactrice du magazine du District 19.<\/span><\/p>\n<p><a href=\"https:\/\/web3.acbl.org\/mpraces\/?year=2024&amp;country=CD&amp;gender=F&amp;race=RCH&amp;showDeceased=Y\" class=\"btn bluth red btn- \" target=\"_self\">Cliquer ici<\/a> <strong>\u00a0 pour le classement 2025<\/strong><\/p>\n<\/div><div class=\"col-md-4 col-sm-4\">\n<p><a class=\"lightbox\" href=\"http:\/\/cbf.ca\/wp-content\/uploads\/2014\/12\/Jude-Goodwin-Trophy.jpg\"><img loading=\"lazy\" decoding=\"async\" class=\"alignnone wp-image-1486 \" src=\"http:\/\/cbf.ca\/wp-content\/uploads\/2014\/12\/Jude-Goodwin-Trophy.jpg\" alt=\"Jude Goodwin Trophy, Canadian Bridge Federation\" width=\"187\" height=\"305\" \/><\/a><\/p>\n<\/div><\/div>\n<table width=\"584\">\n<tbody>\n<tr>\n<td colspan=\"3\">\n<h3><strong>Gagants des ann\u00e9es pr\u00e9c\u00e9dentes<\/strong><\/h3>\n<\/td>\n<\/tr>\n<tr>\n<td width=\"80\"><a href=\"https:\/\/web3.acbl.org\/mpraces\/?year=2024&amp;country=CD&amp;gender=F&amp;race=RCH&amp;showDeceased=Y\" target=\"_blank\" rel=\"noopener\">2024<\/a><\/td>\n<td width=\"380\">Jessica Lin, Markham, ON<\/td>\n<td style=\"text-align: right;\" width=\"124\">611.49<\/td>\n<\/tr>\n<tr>\n<td width=\"80\"><a href=\"https:\/\/web3.acbl.org\/mpraces\/?year=2023&amp;country=CD&amp;gender=F&amp;race=RCH&amp;showDeceased=Y\" target=\"_blank\" rel=\"noopener\">2023<\/a><\/td>\n<td width=\"380\">Cindy Mahn, Kitchener, ON<\/td>\n<td style=\"text-align: right;\" width=\"124\">589.15<\/td>\n<\/tr>\n<tr>\n<td width=\"80\"><a href=\"https:\/\/web3.acbl.org\/mpraces\/?year=2022&amp;country=CD&amp;gender=F&amp;race=RCH&amp;showDeceased=Y\" target=\"_blank\" rel=\"noopener\">2022<\/a><\/td>\n<td width=\"380\">Cindy Mahn, Kitchener, ON<\/td>\n<td style=\"text-align: right;\" width=\"124\">440.45<\/td>\n<\/tr>\n<tr>\n<td width=\"80\"><a href=\"https:\/\/web3.acbl.org\/mpraces\/?year=2021&amp;country=CD&amp;gender=F&amp;race=RCH&amp;showDeceased=Y\" target=\"_blank\" rel=\"noopener\">2021<\/a><\/td>\n<td width=\"380\">Vera Carpenter, York, ON<\/td>\n<td style=\"text-align: right;\" width=\"124\">1 041.13<\/td>\n<\/tr>\n<tr>\n<td width=\"80\"><a href=\"https:\/\/web3.acbl.org\/mpraces\/?year=2020&amp;country=CD&amp;gender=F&amp;race=RCH&amp;showDeceased=Y\" target=\"_blank\" rel=\"noopener\">2020<\/a><\/td>\n<td width=\"380\">Elaine Sorensen, Winfield, CB<\/td>\n<td style=\"text-align: right;\" width=\"124\">448.21<\/td>\n<\/tr>\n<tr>\n<td width=\"80\"><a href=\"https:\/\/web3.acbl.org\/mpraces\/?year=2019&amp;country=CD&amp;gender=F&amp;race=RCH&amp;showDeceased=Y\">2019<\/a><\/td>\n<td width=\"380\">Judy Harris, Salmon Arm, CB<\/td>\n<td style=\"text-align: right;\" width=\"124\">535.86<\/td>\n<\/tr>\n<tr>\n<td width=\"80\"><a href=\"https:\/\/web3.acbl.org\/mpraces\/?year=2018&amp;country=CD&amp;gender=F&amp;race=RCH&amp;showDeceased=Y\">2018<\/a><\/td>\n<td width=\"380\">Heather Peckett, Nepean, ON<\/td>\n<td style=\"text-align: right;\" width=\"124\">686.68<\/td>\n<\/tr>\n<tr>\n<td width=\"80\"><a href=\"https:\/\/web3.acbl.org\/mpraces\/?year=2017&amp;country=CD&amp;gender=F&amp;race=RCH&amp;showDeceased=Y\">2017<\/a><\/td>\n<td width=\"380\">Heather Peckett, Nepean, ON<\/td>\n<td style=\"text-align: right;\" width=\"124\">607.03<\/td>\n<\/tr>\n<tr>\n<td width=\"80\"><a href=\"https:\/\/web3.acbl.org\/mpraces\/?year=2016&amp;country=CD&amp;gender=F&amp;race=RCH&amp;showDeceased=Y\">2016<\/a><\/td>\n<td width=\"380\">Heather Peckett, Nepean, ON<\/td>\n<td style=\"text-align: right;\" width=\"124\">754.70<\/td>\n<\/tr>\n<tr>\n<td width=\"80\"><a href=\"https:\/\/web3.acbl.org\/mpraces\/?year=2015&amp;country=CD&amp;gender=F&amp;race=RCH&amp;showDeceased=Y\">2015<\/a><\/td>\n<td width=\"380\">Hannah Moon, Prince Albert, SK<\/td>\n<td style=\"text-align: right;\" width=\"124\">832.93<\/td>\n<\/tr>\n<tr>\n<td width=\"80\"><a href=\"https:\/\/web3.acbl.org\/mpraces\/?year=2014&amp;country=CD&amp;gender=F&amp;race=RCH&amp;showDeceased=Y\">2014<\/a><\/td>\n<td width=\"380\">Hannah Moon, Prince Albert, SK<\/td>\n<td style=\"text-align: right;\" width=\"124\">707.98<\/td>\n<\/tr>\n<tr>\n<td width=\"80\"><a href=\"https:\/\/web3.acbl.org\/mpraces\/?year=2013&amp;country=CD&amp;gender=F&amp;race=RCH&amp;showDeceased=Y\">2013<\/a><\/td>\n<td width=\"380\">Hannah Moon, Prince Albert, SK<\/td>\n<td style=\"text-align: right;\" width=\"124\">897.37<\/td>\n<\/tr>\n<tr>\n<td width=\"80\">2012<\/td>\n<td width=\"380\">Hannah Moon, Prince Albert, SK<\/td>\n<td style=\"text-align: right;\" width=\"124\">1 408.79<\/td>\n<\/tr>\n<tr>\n<td width=\"80\">2011<\/td>\n<td width=\"380\">Fay Teal, Kitchener, ON<\/td>\n<td style=\"text-align: right;\" width=\"124\">866.83<\/td>\n<\/tr>\n<tr>\n<td width=\"80\">2010<\/td>\n<td width=\"380\">Hannah Moon, Prince Albert, SK<\/td>\n<td style=\"text-align: right;\" width=\"124\">1 334.95<\/td>\n<\/tr>\n<tr>\n<td width=\"80\">2009<\/td>\n<td width=\"380\">Rhonda Foster, Victoria, CB<\/td>\n<td style=\"text-align: right;\" width=\"124\">977.80<\/td>\n<\/tr>\n<tr>\n<td width=\"80\">2008<\/td>\n<td width=\"380\">Rhonda Foster, New Westminster, CB<\/td>\n<td style=\"text-align: right;\" width=\"124\">1 170.09<\/td>\n<\/tr>\n<tr>\n<td width=\"80\">2007<\/td>\n<td width=\"380\">Hannah Moon, Prince Albert, SK<\/td>\n<td style=\"text-align: right;\" width=\"124\">983.39<\/td>\n<\/tr>\n<tr>\n<td width=\"80\">2006<\/td>\n<td width=\"380\">Heather Peckett, Nepean, ON<\/td>\n<td style=\"text-align: right;\" width=\"124\">757.59<\/td>\n<\/tr>\n<tr>\n<td width=\"80\">2005<\/td>\n<td width=\"380\">Rhonda Foster, New Westminster, CB<\/td>\n<td style=\"text-align: right;\" width=\"124\">740.00<\/td>\n<\/tr>\n<tr>\n<td width=\"80\">2004<\/td>\n<td width=\"380\">Heather Peckett, Nepean, ON<\/td>\n<td style=\"text-align: right;\" width=\"124\">648.00<\/td>\n<\/tr>\n<tr>\n<td width=\"80\">2003<\/td>\n<td width=\"380\">Heather Peckett, Nepean, ON<\/td>\n<td style=\"text-align: right;\" width=\"124\">484.00<\/td>\n<\/tr>\n<tr>\n<td width=\"80\">2002<\/td>\n<td width=\"380\">Deanna Goh, Peterborough, ON<\/td>\n<td style=\"text-align: right;\" width=\"124\">642.00<\/td>\n<\/tr>\n<\/tbody>\n<\/table>\n","protected":false},"excerpt":{"rendered":"<p>Gagants des ann\u00e9es pr\u00e9c\u00e9dentes 2024 Jessica Lin, Markham, ON 611.49 2023 Cindy Mahn, Kitchener, ON 589.15 2022 Cindy Mahn, Kitchener, ON 440.45 2021 Vera Carpenter, York, ON 1 041.13 2020 Elaine Sorensen, Winfield, CB 448.21 2019 Judy Harris, Salmon Arm, CB 535.86 2018 Heather Peckett, Nepean, ON 686.68 2017 Heather Peckett, Nepean, ON 607.03 2016<br><a class=\"moretag signature-animation\" href=\"https:\/\/cbf.ca\/fr\/evenements\/courses-aux-points-de-maitre\/jude-goodwin-trophy-race\/\">CONTINUER LA LECTURE<\/a>","protected":false},"author":1,"featured_media":0,"parent":4551,"menu_order":0,"comment_status":"closed","ping_status":"closed","template":"","meta":{"footnotes":""},"yoast_head":"<!-- This site is optimized with the Yoast SEO plugin v22.3 - https:\/\/yoast.com\/wordpress\/plugins\/seo\/ -->\n<title>Troph\u00e9e Jude Goodwin - Canadian Bridge Federation<\/title>\n<meta name=\"robots\" content=\"index, follow, max-snippet:-1, max-image-preview:large, max-video-preview:-1\" \/>\n<link rel=\"canonical\" href=\"https:\/\/cbf.ca\/fr\/evenements\/courses-aux-points-de-maitre\/jude-goodwin-trophy-race\/\" \/>\n<meta property=\"og:locale\" content=\"fr_FR\" \/>\n<meta property=\"og:type\" content=\"article\" \/>\n<meta property=\"og:title\" content=\"Troph\u00e9e Jude Goodwin - Canadian Bridge Federation\" \/>\n<meta property=\"og:description\" content=\"Gagants des ann\u00e9es pr\u00e9c\u00e9dentes 2024 Jessica Lin, Markham, ON 611.49 2023 Cindy Mahn, Kitchener, ON 589.15 2022 Cindy Mahn, Kitchener, ON 440.45 2021 Vera Carpenter, York, ON 1 041.13 2020 Elaine Sorensen, Winfield, CB 448.21 2019 Judy Harris, Salmon Arm, CB 535.86 2018 Heather Peckett, Nepean, ON 686.68 2017 Heather Peckett, Nepean, ON 607.03 2016\" \/>\n<meta property=\"og:url\" content=\"https:\/\/cbf.ca\/fr\/evenements\/courses-aux-points-de-maitre\/jude-goodwin-trophy-race\/\" \/>\n<meta property=\"og:site_name\" content=\"Canadian Bridge Federation\" \/>\n<meta property=\"article:publisher\" content=\"https:\/\/www.facebook.com\/Canadian.Bridge.Federation\/\" \/>\n<meta property=\"article:modified_time\" content=\"2025-03-15T02:42:19+00:00\" \/>\n<meta property=\"og:image\" content=\"http:\/\/cbf.ca\/wp-content\/uploads\/2014\/12\/Jude-Goodwin-Trophy.jpg\" \/>\n<meta name=\"twitter:label1\" content=\"Dur\u00e9e de lecture estim\u00e9e\" \/>\n\t<meta name=\"twitter:data1\" content=\"2 minutes\" \/>\n<script type=\"application\/ld+json\" class=\"yoast-schema-graph\">{\"@context\":\"https:\/\/schema.org\",\"@graph\":[{\"@type\":\"WebPage\",\"@id\":\"https:\/\/cbf.ca\/fr\/evenements\/courses-aux-points-de-maitre\/jude-goodwin-trophy-race\/\",\"url\":\"https:\/\/cbf.ca\/fr\/evenements\/courses-aux-points-de-maitre\/jude-goodwin-trophy-race\/\",\"name\":\"Troph\u00e9e Jude Goodwin - Canadian Bridge Federation\",\"isPartOf\":{\"@id\":\"https:\/\/cbf.ca\/#website\"},\"primaryImageOfPage\":{\"@id\":\"https:\/\/cbf.ca\/fr\/evenements\/courses-aux-points-de-maitre\/jude-goodwin-trophy-race\/#primaryimage\"},\"image\":{\"@id\":\"https:\/\/cbf.ca\/fr\/evenements\/courses-aux-points-de-maitre\/jude-goodwin-trophy-race\/#primaryimage\"},\"thumbnailUrl\":\"http:\/\/cbf.ca\/wp-content\/uploads\/2014\/12\/Jude-Goodwin-Trophy.jpg\",\"datePublished\":\"2014-12-04T13:02:45+00:00\",\"dateModified\":\"2025-03-15T02:42:19+00:00\",\"breadcrumb\":{\"@id\":\"https:\/\/cbf.ca\/fr\/evenements\/courses-aux-points-de-maitre\/jude-goodwin-trophy-race\/#breadcrumb\"},\"inLanguage\":\"fr-FR\",\"potentialAction\":[{\"@type\":\"ReadAction\",\"target\":[\"https:\/\/cbf.ca\/fr\/evenements\/courses-aux-points-de-maitre\/jude-goodwin-trophy-race\/\"]}]},{\"@type\":\"ImageObject\",\"inLanguage\":\"fr-FR\",\"@id\":\"https:\/\/cbf.ca\/fr\/evenements\/courses-aux-points-de-maitre\/jude-goodwin-trophy-race\/#primaryimage\",\"url\":\"http:\/\/cbf.ca\/wp-content\/uploads\/2014\/12\/Jude-Goodwin-Trophy.jpg\",\"contentUrl\":\"http:\/\/cbf.ca\/wp-content\/uploads\/2014\/12\/Jude-Goodwin-Trophy.jpg\"},{\"@type\":\"BreadcrumbList\",\"@id\":\"https:\/\/cbf.ca\/fr\/evenements\/courses-aux-points-de-maitre\/jude-goodwin-trophy-race\/#breadcrumb\",\"itemListElement\":[{\"@type\":\"ListItem\",\"position\":1,\"name\":\"Home\",\"item\":\"https:\/\/cbf.ca\/\"},{\"@type\":\"ListItem\",\"position\":2,\"name\":\"\u00c9v\u00e9nements\",\"item\":\"https:\/\/cbf.ca\/fr\/evenements\/\"},{\"@type\":\"ListItem\",\"position\":3,\"name\":\"Courses aux points de ma\u00eetre\",\"item\":\"https:\/\/cbf.ca\/fr\/evenements\/courses-aux-points-de-maitre\/\"},{\"@type\":\"ListItem\",\"position\":4,\"name\":\"Troph\u00e9e Jude Goodwin\"}]},{\"@type\":\"WebSite\",\"@id\":\"https:\/\/cbf.ca\/#website\",\"url\":\"https:\/\/cbf.ca\/\",\"name\":\"Canadian Bridge Federation\",\"description\":\"F\u00e9d\u00e9ration canadienne de bridge\",\"potentialAction\":[{\"@type\":\"SearchAction\",\"target\":{\"@type\":\"EntryPoint\",\"urlTemplate\":\"https:\/\/cbf.ca\/?s={search_term_string}\"},\"query-input\":\"required name=search_term_string\"}],\"inLanguage\":\"fr-FR\"}]}<\/script>\n<!-- \/ Yoast SEO plugin. -->","yoast_head_json":{"title":"Troph\u00e9e Jude Goodwin - Canadian Bridge Federation","robots":{"index":"index","follow":"follow","max-snippet":"max-snippet:-1","max-image-preview":"max-image-preview:large","max-video-preview":"max-video-preview:-1"},"canonical":"https:\/\/cbf.ca\/fr\/evenements\/courses-aux-points-de-maitre\/jude-goodwin-trophy-race\/","og_locale":"fr_FR","og_type":"article","og_title":"Troph\u00e9e Jude Goodwin - Canadian Bridge Federation","og_description":"Gagants des ann\u00e9es pr\u00e9c\u00e9dentes 2024 Jessica Lin, Markham, ON 611.49 2023 Cindy Mahn, Kitchener, ON 589.15 2022 Cindy Mahn, Kitchener, ON 440.45 2021 Vera Carpenter, York, ON 1 041.13 2020 Elaine Sorensen, Winfield, CB 448.21 2019 Judy Harris, Salmon Arm, CB 535.86 2018 Heather Peckett, Nepean, ON 686.68 2017 Heather Peckett, Nepean, ON 607.03 2016","og_url":"https:\/\/cbf.ca\/fr\/evenements\/courses-aux-points-de-maitre\/jude-goodwin-trophy-race\/","og_site_name":"Canadian Bridge Federation","article_publisher":"https:\/\/www.facebook.com\/Canadian.Bridge.Federation\/","article_modified_time":"2025-03-15T02:42:19+00:00","og_image":[{"url":"http:\/\/cbf.ca\/wp-content\/uploads\/2014\/12\/Jude-Goodwin-Trophy.jpg"}],"twitter_misc":{"Dur\u00e9e de lecture estim\u00e9e":"2 minutes"},"schema":{"@context":"https:\/\/schema.org","@graph":[{"@type":"WebPage","@id":"https:\/\/cbf.ca\/fr\/evenements\/courses-aux-points-de-maitre\/jude-goodwin-trophy-race\/","url":"https:\/\/cbf.ca\/fr\/evenements\/courses-aux-points-de-maitre\/jude-goodwin-trophy-race\/","name":"Troph\u00e9e Jude Goodwin - Canadian Bridge Federation","isPartOf":{"@id":"https:\/\/cbf.ca\/#website"},"primaryImageOfPage":{"@id":"https:\/\/cbf.ca\/fr\/evenements\/courses-aux-points-de-maitre\/jude-goodwin-trophy-race\/#primaryimage"},"image":{"@id":"https:\/\/cbf.ca\/fr\/evenements\/courses-aux-points-de-maitre\/jude-goodwin-trophy-race\/#primaryimage"},"thumbnailUrl":"http:\/\/cbf.ca\/wp-content\/uploads\/2014\/12\/Jude-Goodwin-Trophy.jpg","datePublished":"2014-12-04T13:02:45+00:00","dateModified":"2025-03-15T02:42:19+00:00","breadcrumb":{"@id":"https:\/\/cbf.ca\/fr\/evenements\/courses-aux-points-de-maitre\/jude-goodwin-trophy-race\/#breadcrumb"},"inLanguage":"fr-FR","potentialAction":[{"@type":"ReadAction","target":["https:\/\/cbf.ca\/fr\/evenements\/courses-aux-points-de-maitre\/jude-goodwin-trophy-race\/"]}]},{"@type":"ImageObject","inLanguage":"fr-FR","@id":"https:\/\/cbf.ca\/fr\/evenements\/courses-aux-points-de-maitre\/jude-goodwin-trophy-race\/#primaryimage","url":"http:\/\/cbf.ca\/wp-content\/uploads\/2014\/12\/Jude-Goodwin-Trophy.jpg","contentUrl":"http:\/\/cbf.ca\/wp-content\/uploads\/2014\/12\/Jude-Goodwin-Trophy.jpg"},{"@type":"BreadcrumbList","@id":"https:\/\/cbf.ca\/fr\/evenements\/courses-aux-points-de-maitre\/jude-goodwin-trophy-race\/#breadcrumb","itemListElement":[{"@type":"ListItem","position":1,"name":"Home","item":"https:\/\/cbf.ca\/"},{"@type":"ListItem","position":2,"name":"\u00c9v\u00e9nements","item":"https:\/\/cbf.ca\/fr\/evenements\/"},{"@type":"ListItem","position":3,"name":"Courses aux points de ma\u00eetre","item":"https:\/\/cbf.ca\/fr\/evenements\/courses-aux-points-de-maitre\/"},{"@type":"ListItem","position":4,"name":"Troph\u00e9e Jude Goodwin"}]},{"@type":"WebSite","@id":"https:\/\/cbf.ca\/#website","url":"https:\/\/cbf.ca\/","name":"Canadian Bridge Federation","description":"F\u00e9d\u00e9ration canadienne de bridge","potentialAction":[{"@type":"SearchAction","target":{"@type":"EntryPoint","urlTemplate":"https:\/\/cbf.ca\/?s={search_term_string}"},"query-input":"required name=search_term_string"}],"inLanguage":"fr-FR"}]}},"_links":{"self":[{"href":"https:\/\/cbf.ca\/fr\/wp-json\/wp\/v2\/pages\/3895"}],"collection":[{"href":"https:\/\/cbf.ca\/fr\/wp-json\/wp\/v2\/pages"}],"about":[{"href":"https:\/\/cbf.ca\/fr\/wp-json\/wp\/v2\/types\/page"}],"author":[{"embeddable":true,"href":"https:\/\/cbf.ca\/fr\/wp-json\/wp\/v2\/users\/1"}],"replies":[{"embeddable":true,"href":"https:\/\/cbf.ca\/fr\/wp-json\/wp\/v2\/comments?post=3895"}],"version-history":[{"count":37,"href":"https:\/\/cbf.ca\/fr\/wp-json\/wp\/v2\/pages\/3895\/revisions"}],"predecessor-version":[{"id":31594,"href":"https:\/\/cbf.ca\/fr\/wp-json\/wp\/v2\/pages\/3895\/revisions\/31594"}],"up":[{"embeddable":true,"href":"https:\/\/cbf.ca\/fr\/wp-json\/wp\/v2\/pages\/4551"}],"wp:attachment":[{"href":"https:\/\/cbf.ca\/fr\/wp-json\/wp\/v2\/media?parent=3895"}],"curies":[{"name":"wp","href":"https:\/\/api.w.org\/{rel}","templated":true}]}}