{"id":38194,"date":"2026-03-22T19:08:11","date_gmt":"2026-03-22T15:08:11","guid":{"rendered":"https:\/\/cbf.ca\/mot-de-la-presidente-mars-2026\/"},"modified":"2026-03-22T19:47:19","modified_gmt":"2026-03-22T15:47:19","slug":"mot-de-la-presidente-mars-2026","status":"publish","type":"page","link":"https:\/\/cbf.ca\/fr\/mot-de-la-presidente-mars-2026\/","title":{"rendered":"Mot de la pr\u00e9sidente &#8211; Mars 2026"},"content":{"rendered":"<h2>MOT DE LA PR\u00c9SIDENTE &#8211; MARS 2026<\/h2>\n<h2>\u00ab\u2009La classique Maple Leaf des c\u00e9l\u00e9brit\u00e9s 2026\u2026 b\u00e2tir une communaut\u00e9 mondiale\u2009\u00bb<\/h2>\n<p>Cette premi\u00e8re \u00e9dition de \u00ab\u2009la classique Maple Leaf des c\u00e9l\u00e9brit\u00e9s 2026\u2009\u00bb est plus qu\u2019une simple collecte de fonds : il s\u2019agit d\u2019un \u00e9v\u00e9nement visant \u00e0 b\u00e2tir une communaut\u00e9 mondiale, auquel ont particip\u00e9 des joueurs de classe mondiale venus des quatre coins du globe qui ont donn\u00e9 de leur temps pour offrir une le\u00e7on en ligne ou pour jouer au jeu en ligne de la classique c\u00e9l\u00e9brit\u00e9 sur RealBridge, qui a eu lieu le 23 f\u00e9vrier. L\u2019heure du jeu, 13HE, a \u00e9t\u00e9 choisie avec soin afin que les joueurs europ\u00e9ens et internationaux puissent \u00e9galement y participer.<\/p>\n<p>Je tiens \u00e0 remercier les 100 g\u00e9n\u00e9reux donateurs et plus qui se sont engag\u00e9s avec enthousiasme aupr\u00e8s des joueurs pour aider \u00e0 cr\u00e9er une communaut\u00e9 entre les pays, ainsi que tous ceux qui ont soutenu cette initiative, y compris notre panel d\u2019experts, ceux qui ont fait passer le mot aux joueurs, et tous ceux qui ont ench\u00e9ri et particip\u00e9. J\u2019esp\u00e8re que vous avez pass\u00e9 un bon moment !<\/p>\n<p>Ces fonds contribueront \u00e0 assurer la p\u00e9rennit\u00e9 de la FCB en soutenant nos clubs, en encadrant nos joueurs en d\u00e9veloppement, en organisant nos s\u00e9lections pour les comp\u00e9titions mondiales et en g\u00e9rant notre programme junior.<\/p>\n<h2>Parties Maple Leaf en ligne du vendredi sur RealBridge \u2013 Open \u00e0 20h, et 0-499 \u00e0 19h50 HE<\/h2>\n<p>Ces parties en ligne du vendredi ont \u00e9t\u00e9 lanc\u00e9es dans le but d\u2019encourager le partage des b\u00e9n\u00e9fices entre les clubs canadiens. Nous nous effor\u00e7ons de d\u00e9velopper ces jeux afin de renforcer la communaut\u00e9 et de soutenir financi\u00e8rement nos clubs. Cr\u00e9ez un compte sur RealBridge et rejoignez-nous tous les vendredis !<\/p>\n<h2>\u00c9v\u00e9nements \u00e0 venir<\/h2>\n<ol>\n<li><strong>Championnats par \u00e9quipes B (&lt;3,500 PM) et C (&lt;1,000 PM)<\/strong>\u00a0\u2013 Tournois \u00e0 la ronde en ligne les <strong>21-22 mars. Encouragez vos amis \u00e0 s\u2019inscrire !<\/strong>!<\/li>\n<li>Les \u00e9liminatoires de tous les <strong>championnats par \u00e9quipes<\/strong> de la FCB auront lieu pendant le tournoi <strong>r\u00e9gional de Penticton Regional June 15-21.<br \/>\n<\/strong>Open, femmes, mixtes, s\u00e9niors, B et C<\/li>\n<\/ol>\n<ol start=\"3\">\n<li><strong>Championnats canadiens par paires Open<\/strong> et <strong>B <\/strong>\u2013 en ligne les <strong>25 et 26 avril.<\/strong><\/li>\n<li><strong>Ligue du printemps <\/strong>\u2013 <strong>les jeudis \u00e0 20h HE<\/strong>, ouvert aux <strong>non-membres de la FCB<br \/>\n<\/strong>Cat\u00e9gories Open et limit\u00e9e<\/li>\n<\/ol>\n<h2>Bienvenue aux membres du conseil d&rsquo;administration<\/h2>\n<p>Je tiens \u00e0 remercier Deb Harper et Mike Hargreaves pour leur contribution au CA de la FCB. Deb a toujours \u00e9t\u00e9 une voix calme de la raison. Les connaissances juridiques et l\u2019\u00e9loquence de Mike ont \u00e9t\u00e9 inestimables dans de nombreux domaines, et nous appr\u00e9cions \u00e9norm\u00e9ment ses contributions r\u00e9fl\u00e9chies.<\/p>\n<p><strong>Xavier Combey<\/strong> a succ\u00e9d\u00e9 \u00e0 Deb, en tant que repr\u00e9sentant de la zone 2, et ses contributions imm\u00e9diates pour nous aider \u00e0 mettre en \u0153uvre notre \u00ab\u2009<strong>coaching d\u2019experts sur la strat\u00e9gie d\u2019\u00e9quipe pour les joueurs en d\u00e9veloppement, 0-1 500 PM<\/strong>\u2009\u00bb et \u00e0 \u00e9laborer des plans pour <strong>nos championnats 2027 au Qu\u00e9bec<\/strong> l\u2019ont d\u00e9j\u00e0 rendu plus occup\u00e9 qu\u2019il ne l\u2019avait pr\u00e9vu\u2026 Bienvenue Xavier !<\/p>\n<p>Je tiens \u00e9galement \u00e0 souhaiter la bienvenue \u00e0 <strong>Paul Janicki<\/strong>, notre nouveau directeur. Paul poss\u00e8de une vaste exp\u00e9rience au sein du conseil d\u2019administration de l\u2019ACBL et du conseil ex\u00e9cutif de la F\u00e9d\u00e9ration mondiale de bridge. Paul a accept\u00e9 le poste de repr\u00e9sentant d\u00e9sign\u00e9 de la FCB au conseil ex\u00e9cutif de la WBF, \u00e0 compter de 2026.<\/p>\n<h2>Votre participation est importante.<br \/>\nAidez-nous \u00e0 continuer \u00e0 d\u00e9velopper ce jeu que nous aimons tous.<\/h2>\n<p>Cordialement,<br \/>\nShelley Burns<br \/>\nPr\u00e9sidente de la FCB<\/p>\n<p>\u00ab\u2009Construire une communaut\u00e9, une carte \u00e0 la fois\u2026\u2009\u00bb<\/p>\n","protected":false},"excerpt":{"rendered":"<p>MOT DE LA PR\u00c9SIDENTE &#8211; MARS 2026 \u00ab\u2009La classique Maple Leaf des c\u00e9l\u00e9brit\u00e9s 2026\u2026 b\u00e2tir une communaut\u00e9 mondiale\u2009\u00bb Cette premi\u00e8re \u00e9dition de \u00ab\u2009la classique Maple Leaf des c\u00e9l\u00e9brit\u00e9s 2026\u2009\u00bb est plus qu\u2019une simple collecte de fonds : il s\u2019agit d\u2019un \u00e9v\u00e9nement visant \u00e0 b\u00e2tir une communaut\u00e9 mondiale, auquel ont particip\u00e9 des joueurs de classe mondiale<br><a class=\"moretag signature-animation\" href=\"https:\/\/cbf.ca\/fr\/mot-de-la-presidente-mars-2026\/\">CONTINUER LA LECTURE<\/a>","protected":false},"author":1,"featured_media":0,"parent":0,"menu_order":0,"comment_status":"closed","ping_status":"closed","template":"","meta":{"footnotes":""},"yoast_head":"<!-- This site is optimized with the Yoast SEO plugin v22.3 - https:\/\/yoast.com\/wordpress\/plugins\/seo\/ -->\n<title>Mot de la pr\u00e9sidente - Mars 2026 - Canadian Bridge Federation<\/title>\n<meta name=\"robots\" content=\"index, follow, max-snippet:-1, max-image-preview:large, max-video-preview:-1\" \/>\n<link rel=\"canonical\" href=\"https:\/\/cbf.ca\/fr\/mot-de-la-presidente-mars-2026\/\" \/>\n<meta property=\"og:locale\" content=\"fr_FR\" \/>\n<meta property=\"og:type\" content=\"article\" \/>\n<meta property=\"og:title\" content=\"Mot de la pr\u00e9sidente - Mars 2026 - Canadian Bridge Federation\" \/>\n<meta property=\"og:description\" content=\"MOT DE LA PR\u00c9SIDENTE &#8211; MARS 2026 \u00ab\u2009La classique Maple Leaf des c\u00e9l\u00e9brit\u00e9s 2026\u2026 b\u00e2tir une communaut\u00e9 mondiale\u2009\u00bb Cette premi\u00e8re \u00e9dition de \u00ab\u2009la classique Maple Leaf des c\u00e9l\u00e9brit\u00e9s 2026\u2009\u00bb est plus qu\u2019une simple collecte de fonds : il s\u2019agit d\u2019un \u00e9v\u00e9nement visant \u00e0 b\u00e2tir une communaut\u00e9 mondiale, auquel ont particip\u00e9 des joueurs de classe mondiale\" \/>\n<meta property=\"og:url\" content=\"https:\/\/cbf.ca\/fr\/mot-de-la-presidente-mars-2026\/\" \/>\n<meta property=\"og:site_name\" content=\"Canadian Bridge Federation\" \/>\n<meta property=\"article:publisher\" content=\"https:\/\/www.facebook.com\/Canadian.Bridge.Federation\/\" \/>\n<meta property=\"article:modified_time\" content=\"2026-03-22T15:47:19+00:00\" \/>\n<meta name=\"twitter:label1\" content=\"Dur\u00e9e de lecture estim\u00e9e\" \/>\n\t<meta name=\"twitter:data1\" content=\"3 minutes\" \/>\n<script type=\"application\/ld+json\" class=\"yoast-schema-graph\">{\"@context\":\"https:\/\/schema.org\",\"@graph\":[{\"@type\":\"WebPage\",\"@id\":\"https:\/\/cbf.ca\/fr\/mot-de-la-presidente-mars-2026\/\",\"url\":\"https:\/\/cbf.ca\/fr\/mot-de-la-presidente-mars-2026\/\",\"name\":\"Mot de la pr\u00e9sidente - Mars 2026 - Canadian Bridge Federation\",\"isPartOf\":{\"@id\":\"https:\/\/cbf.ca\/#website\"},\"datePublished\":\"2026-03-22T15:08:11+00:00\",\"dateModified\":\"2026-03-22T15:47:19+00:00\",\"breadcrumb\":{\"@id\":\"https:\/\/cbf.ca\/fr\/mot-de-la-presidente-mars-2026\/#breadcrumb\"},\"inLanguage\":\"fr-FR\",\"potentialAction\":[{\"@type\":\"ReadAction\",\"target\":[\"https:\/\/cbf.ca\/fr\/mot-de-la-presidente-mars-2026\/\"]}]},{\"@type\":\"BreadcrumbList\",\"@id\":\"https:\/\/cbf.ca\/fr\/mot-de-la-presidente-mars-2026\/#breadcrumb\",\"itemListElement\":[{\"@type\":\"ListItem\",\"position\":1,\"name\":\"Home\",\"item\":\"https:\/\/cbf.ca\/\"},{\"@type\":\"ListItem\",\"position\":2,\"name\":\"Mot de la pr\u00e9sidente &#8211; Mars 2026\"}]},{\"@type\":\"WebSite\",\"@id\":\"https:\/\/cbf.ca\/#website\",\"url\":\"https:\/\/cbf.ca\/\",\"name\":\"Canadian Bridge Federation\",\"description\":\"F\u00e9d\u00e9ration canadienne de bridge\",\"potentialAction\":[{\"@type\":\"SearchAction\",\"target\":{\"@type\":\"EntryPoint\",\"urlTemplate\":\"https:\/\/cbf.ca\/?s={search_term_string}\"},\"query-input\":\"required name=search_term_string\"}],\"inLanguage\":\"fr-FR\"}]}<\/script>\n<!-- \/ Yoast SEO plugin. -->","yoast_head_json":{"title":"Mot de la pr\u00e9sidente - Mars 2026 - Canadian Bridge Federation","robots":{"index":"index","follow":"follow","max-snippet":"max-snippet:-1","max-image-preview":"max-image-preview:large","max-video-preview":"max-video-preview:-1"},"canonical":"https:\/\/cbf.ca\/fr\/mot-de-la-presidente-mars-2026\/","og_locale":"fr_FR","og_type":"article","og_title":"Mot de la pr\u00e9sidente - Mars 2026 - Canadian Bridge Federation","og_description":"MOT DE LA PR\u00c9SIDENTE &#8211; MARS 2026 \u00ab\u2009La classique Maple Leaf des c\u00e9l\u00e9brit\u00e9s 2026\u2026 b\u00e2tir une communaut\u00e9 mondiale\u2009\u00bb Cette premi\u00e8re \u00e9dition de \u00ab\u2009la classique Maple Leaf des c\u00e9l\u00e9brit\u00e9s 2026\u2009\u00bb est plus qu\u2019une simple collecte de fonds : il s\u2019agit d\u2019un \u00e9v\u00e9nement visant \u00e0 b\u00e2tir une communaut\u00e9 mondiale, auquel ont particip\u00e9 des joueurs de classe mondiale","og_url":"https:\/\/cbf.ca\/fr\/mot-de-la-presidente-mars-2026\/","og_site_name":"Canadian Bridge Federation","article_publisher":"https:\/\/www.facebook.com\/Canadian.Bridge.Federation\/","article_modified_time":"2026-03-22T15:47:19+00:00","twitter_misc":{"Dur\u00e9e de lecture estim\u00e9e":"3 minutes"},"schema":{"@context":"https:\/\/schema.org","@graph":[{"@type":"WebPage","@id":"https:\/\/cbf.ca\/fr\/mot-de-la-presidente-mars-2026\/","url":"https:\/\/cbf.ca\/fr\/mot-de-la-presidente-mars-2026\/","name":"Mot de la pr\u00e9sidente - Mars 2026 - Canadian Bridge Federation","isPartOf":{"@id":"https:\/\/cbf.ca\/#website"},"datePublished":"2026-03-22T15:08:11+00:00","dateModified":"2026-03-22T15:47:19+00:00","breadcrumb":{"@id":"https:\/\/cbf.ca\/fr\/mot-de-la-presidente-mars-2026\/#breadcrumb"},"inLanguage":"fr-FR","potentialAction":[{"@type":"ReadAction","target":["https:\/\/cbf.ca\/fr\/mot-de-la-presidente-mars-2026\/"]}]},{"@type":"BreadcrumbList","@id":"https:\/\/cbf.ca\/fr\/mot-de-la-presidente-mars-2026\/#breadcrumb","itemListElement":[{"@type":"ListItem","position":1,"name":"Home","item":"https:\/\/cbf.ca\/"},{"@type":"ListItem","position":2,"name":"Mot de la pr\u00e9sidente &#8211; Mars 2026"}]},{"@type":"WebSite","@id":"https:\/\/cbf.ca\/#website","url":"https:\/\/cbf.ca\/","name":"Canadian Bridge Federation","description":"F\u00e9d\u00e9ration canadienne de bridge","potentialAction":[{"@type":"SearchAction","target":{"@type":"EntryPoint","urlTemplate":"https:\/\/cbf.ca\/?s={search_term_string}"},"query-input":"required name=search_term_string"}],"inLanguage":"fr-FR"}]}},"_links":{"self":[{"href":"https:\/\/cbf.ca\/fr\/wp-json\/wp\/v2\/pages\/38194"}],"collection":[{"href":"https:\/\/cbf.ca\/fr\/wp-json\/wp\/v2\/pages"}],"about":[{"href":"https:\/\/cbf.ca\/fr\/wp-json\/wp\/v2\/types\/page"}],"author":[{"embeddable":true,"href":"https:\/\/cbf.ca\/fr\/wp-json\/wp\/v2\/users\/1"}],"replies":[{"embeddable":true,"href":"https:\/\/cbf.ca\/fr\/wp-json\/wp\/v2\/comments?post=38194"}],"version-history":[{"count":3,"href":"https:\/\/cbf.ca\/fr\/wp-json\/wp\/v2\/pages\/38194\/revisions"}],"predecessor-version":[{"id":38490,"href":"https:\/\/cbf.ca\/fr\/wp-json\/wp\/v2\/pages\/38194\/revisions\/38490"}],"wp:attachment":[{"href":"https:\/\/cbf.ca\/fr\/wp-json\/wp\/v2\/media?parent=38194"}],"curies":[{"name":"wp","href":"https:\/\/api.w.org\/{rel}","templated":true}]}}