{"id":3761,"date":"2014-09-03T23:33:41","date_gmt":"2014-09-03T19:33:41","guid":{"rendered":"http:\/\/cbf.ca\/?page_id=3761"},"modified":"2025-11-30T19:39:43","modified_gmt":"2025-11-30T15:39:43","slug":"fonds-caritatif-de-la-fcb","status":"publish","type":"page","link":"https:\/\/cbf.ca\/fr\/fonds-et-charite\/fonds-caritatif-de-la-fcb\/","title":{"rendered":"Fonds caritatif de la FCB"},"content":{"rendered":"<p><strong><br \/><a class=\"lightbox\" href=\"https:\/\/cbf.ca\/wp-content\/uploads\/Photos\/Charities\/GimOng.jpg\"><img loading=\"lazy\" decoding=\"async\" class=\"alignleft wp-image-987 \" src=\"https:\/\/cbf.ca\/wp-content\/uploads\/Photos\/Charities\/GimOng-354x450.jpg\" alt=\" Gim Ong CBFCF Chair\" width=\"200\" height=\"254\" \/><\/a>Gim Ong<\/strong> &#8211; Pr\u00e9sident du Fonds caritatif de la FCB<br \/>32 Sandusky Drive<br \/>Winnipeg\u00a0 MB\u00a0\u00a0 R3T 5W4<br \/><strong>Courriel: <a href=\"mailto:gimcong@hotmail.com%20\">gimcong@hotmail.com<\/a><br \/>T\u00e9l\u00e9phone: 204-775-5114<\/strong><\/p>\n<p>Le Fonds caritatif de la FCB a \u00e9t\u00e9 cr\u00e9\u00e9 pour administrer les fonds recueillis lors des sessions caritatives tenues dans les clubs partout au Canada, et pour s\u2019assurer que ces fonds sont utilis\u00e9s exclusivement pour soutenir des \u0153uvres de bienfaisance canadiennes, nationales et r\u00e9gionales.\u00a0<\/p>\n<p>Les administrateurs du FCFCB se rencontrent une fois l\u2019an pour \u00e9tablir le th\u00e8me pour le\u00a0choix des organismes (i.e. organisations qui aident les a\u00een\u00e9s \u00e0 mieux vivre, organisations qui aident les enfants, etc.). Un m\u00eame montant est attribu\u00e9 \u00e0 chaque administrateur pour les \u0153uvres locales de sa zone. De plus, les administrateurs peuvent d\u00e9cider d\u2019allouer un montant \u00e0 une \u0153uvre nationale.<\/p>\n<p><span style=\"color: #008000;\"><strong><em>Nous encourageons nos membres \u00e0 nous aider \u00e0 identifier des b\u00e9n\u00e9ficiaires potentiels du FCFCB.<\/em><\/strong><\/span><\/p>\n<div class=\"panel-group\" id=\"1\"><div class=\"panel panel-default\"><div class=\"panel-heading bluth \"><div class=\"panel-title\"><a class=\"accordion-toggle \" data-toggle=\"collapse\" data-parent=\"#1\" href=\"#46_1\"><strong>R\u00e8gles gouvernant les sessions caritatives dans les clubs<\/strong> <\/a><\/div><\/div><div id=\"46_1\" class=\"accordion-body collapse in\"><div class=\"panel-collapse\"><div class=\"panel-body\">\n<h2>R\u00e8gles gouvernant les sessions caritatives dans les clubs<\/h2>\n<p>Les r\u00e8gles et r\u00e8glements de l\u2019ACBL qui s\u2019appliquent \u00e9noncent que la premi\u00e8re session caritative d\u2019un club doit \u00eatre organis\u00e9e au b\u00e9n\u00e9fice du Fonds caritatif de la FCB. Par la suite, chaque seconde session de charit\u00e9 tenue au club doit l\u2019\u00eatre au b\u00e9n\u00e9fice du Fonds caritatif de la FCB (i.e. apr\u00e8s la partie initiale, un club peut alterner le b\u00e9n\u00e9fice de ses parties caritatives entre le Fonds caritatif de la FCB et des organismes caritatifs locaux).<\/p>\n<p>Le montant de 4$ par table et toutes les recettes du Fonds caritatif de la FCB doivent \u00eatre remises au bureau de la FCB.<\/p>\n<\/div><\/div><\/div><\/div><\/div>\n<div class=\"panel-group\" id=\"2\"><div class=\"panel panel-default\"><div class=\"panel-heading bluth \"><div class=\"panel-title\"><a class=\"accordion-toggle \" data-toggle=\"collapse\" data-parent=\"#2\" href=\"#46_2\">Lignes directrices pour les dons du Fonds caritatif de la FCB <\/a><\/div><\/div><div id=\"46_2\" class=\"accordion-body collapse\"><div class=\"panel-collapse\"><div class=\"panel-body\">\n<h2>Lignes directrices pour les dons du Fonds caritatif de la FCB<\/h2>\n<ul>\n<li>Le FCFCB soutient des activit\u00e9s caritatives qui sont au b\u00e9n\u00e9fice des canadiens.<\/li>\n<li>Les dons sont faits uniquement \u00e0 des organismes \u00e0 but non-lucratif locaux, provinciaux, nationaux ou internationaux ayant un programme reconnu par les administrateurs du FCFCB comme \u00e9tant significatif pour la sant\u00e9 et le bien-\u00eatre de la communaut\u00e9. Ces organisations <strong>DOIVENT<\/strong> avoir un num\u00e9ro d\u2019enregistrement comme organisme de bienfaisance de l\u2019Agence de revenu du Canada.<\/li>\n<li>Les administrateurs du FCFCB recherchent des demandes de subventions pour des projets sp\u00e9cifiques ayant un budget et un \u00e9ch\u00e9ancier.<\/li>\n<li>Les dons peuvent \u00eatre faits pour des motifs d\u00e9finis ou g\u00e9n\u00e9raux, et pour des projets couvrant un laps de temps d\u00e9fini. (Les projets sur plusieurs ann\u00e9es sont sujets \u00e0 une revue p\u00e9riodique de la part des administrateurs.)<\/li>\n<li>La pr\u00e9f\u00e9rence est donn\u00e9e aux organismes qui\u00a0:\n<ul>\n<li>contribuent \u00e0 une meilleure qualit\u00e9 de vie,<\/li>\n<li>encouragent l\u2019utilisation efficace des ressources humaines et communautaires,<\/li>\n<li>rendent un service r\u00e9pondant \u00e0 un besoin g\u00e9n\u00e9ralis\u00e9,<\/li>\n<li>d\u00e9montrent de nouvelles techniques et approches,<\/li>\n<li>s\u2019attaquent aux causes initiales d\u2019un probl\u00e8me plut\u00f4t qu\u2019\u00e0 ses sympt\u00f4mes,<\/li>\n<li>sont au b\u00e9n\u00e9fice de tous les individus, sans pr\u00e9f\u00e9rence bas\u00e9e sur la race, le sexe, la religion, la croyance, l\u2019orientation sexuelle, etc.,<\/li>\n<li>ont un num\u00e9ro d\u2019enregistrement d\u2019organisme de bienfaisance,<\/li>\n<li>sont d\u2019accord pour reconna\u00eetre publiquement le don.<\/li>\n<\/ul>\n<\/li>\n<\/ul>\n<p style=\"padding-left: 80px;\">Des projets d&rsquo;investissement peuvent \u00eatre consid\u00e9r\u00e9s si le besoin est d\u00e9montr\u00e9. Les projets pilote ou de d\u00e9monstration doivent inclure un plan cr\u00e9dible et r\u00e9aliste de leur viabilit\u00e9 \u00e0 long terme.<\/p>\n<ul>\n<li>Les dons ne sont g\u00e9n\u00e9ralement pas effectu\u00e9s\u00a0:<\/li>\n<\/ul>\n<ol>\n<li style=\"list-style-type: none;\">\n<ul>\n<li>\u00e0 des organismes religieux pour des activit\u00e9s religieuses directes ou indirectes,<\/li>\n<li>\u00e0 des organisations politiques pour des activit\u00e9s politiques directes ou indirectes,<\/li>\n<li>pour \u00e9tablir ou ajouter \u00e0 un fonds de dotation,<\/li>\n<li>pour soutenir les d\u00e9penses d\u2019exploitation d\u2019organismes ou des programmes \u00e9tablis ou pour leur soutien,<\/li>\n<li>pour dupliquer d&rsquo;autres fonds provenant de sources gouvernementales.<\/li>\n<\/ul>\n<\/li>\n<\/ol>\n<\/div><\/div><\/div><\/div><\/div>\n<div class=\"panel-group\" id=\"3\"><div class=\"panel panel-default\"><div class=\"panel-heading bluth \"><div class=\"panel-title\"><a class=\"accordion-toggle \" data-toggle=\"collapse\" data-parent=\"#3\" href=\"#46_3\"><strong>Demande de subvention <\/strong> <\/a><\/div><\/div><div id=\"46_3\" class=\"accordion-body collapse\"><div class=\"panel-collapse\"><div class=\"panel-body\">\n<h2>Demande de subvention<\/h2>\n<p>Votre demande doit contenir les items suivants\u00a0:<\/p>\n<ul>\n<li>Nom de l\u2019organisme de bienfaisance et le num\u00e9ro d\u2019enregistrement<\/li>\n<li>Nom de la personne contact pour l\u2019organisme de bienfaisance<\/li>\n<li>Adresse postale compl\u00e8te et num\u00e9ro de t\u00e9l\u00e9phone du contact<\/li>\n<li>Adresse courriel si disponible<\/li>\n<li>Les grandes lignes du ou des projets sp\u00e9cifiques pour lesquels du financement est demand\u00e9<\/li>\n<li>Une indication du montant d\u00e9sir\u00e9<\/li>\n<li>Une indication de la mani\u00e8re par laquelle vous reconnaitrez publiquement la subvention.<\/li>\n<\/ul>\n<p>Postez ou envoyez par courriel les informations ci-dessus au <span style=\"text-decoration: underline;\"><a style=\"text-decoration: underline;\" href=\"https:\/\/cbf.ca\/fr\/contactez-nous\/\">bureau de la FCB<\/a><\/span> ou au <span style=\"text-decoration: underline;\"><a style=\"text-decoration: underline;\" href=\"https:\/\/cbf.ca\/fr\/charite\/fonds-caritatif-de-la-fcb\/contacter-le-fcfcb\/\">Pr\u00e9sident du\u00a0Fonds caritatif<\/a><\/span>.<\/p>\n<\/div><\/div><\/div><\/div><\/div>\n<div class=\"panel-group\" id=\"4\"><div class=\"panel panel-default\"><div class=\"panel-heading bluth \"><div class=\"panel-title\"><a class=\"accordion-toggle \" data-toggle=\"collapse\" data-parent=\"#4\" href=\"#46_4\"><strong>Historique des dons <\/strong><\/a><\/div><\/div><div id=\"46_4\" class=\"accordion-body collapse\"><div class=\"panel-collapse\"><div class=\"panel-body\">\n<h2>Historique des dons<\/h2>\n<p>\u00c0 ce jour, le Fonds caritatif de la FCB (FCFCB) a remis plus de <strong>1 337 248$<\/strong> \u00e0 de nombreuses \u0153uvres partout au Canada. Pour l\u2019historique des dons du FCFCB,\u00a0<span style=\"text-decoration: underline;\"><a style=\"text-decoration: underline;\" href=\"https:\/\/cbf.ca\/charity\/cbf-charitable-foundation\/donations\/\" target=\"_blank\" rel=\"noopener\">cliquer ici<\/a><\/span>.Votre demande doit contenir les items suivants\u00a0:<\/p>\n<ul>\n<li>Nom de l\u2019organisme de bienfaisance et le num\u00e9ro d\u2019enregistrement<\/li>\n<li>Nom de la personne contact pour l\u2019organisme de bienfaisance<\/li>\n<li>Adresse postale compl\u00e8te et num\u00e9ro de t\u00e9l\u00e9phone du contact<\/li>\n<li>Adresse courriel si disponible<\/li>\n<li>Les grandes lignes du ou des projets sp\u00e9cifiques pour lesquels du financement est demand\u00e9<\/li>\n<li>Une indication du montant d\u00e9sir\u00e9<\/li>\n<li>Une indication de la mani\u00e8re par laquelle vous reconnaitrez publiquement la subvention.<\/li>\n<\/ul>\n<p>Postez ou envoyez par courriel les informations ci-dessus au <span style=\"text-decoration: underline;\"><a style=\"text-decoration: underline;\" href=\"https:\/\/cbf.ca\/fr\/contactez-nous\/\">bureau de la FCB<\/a><\/span> ou au <span style=\"text-decoration: underline;\"><a style=\"text-decoration: underline;\" href=\"https:\/\/cbf.ca\/fr\/charite\/fonds-caritatif-de-la-fcb\/contacter-le-fcfcb\/\">Pr\u00e9sident du\u00a0Fonds caritatif<\/a><\/span>.<\/p>\n<\/div><\/div><\/div><\/div><\/div>\n<div class=\"panel-group\" id=\"5\"><div class=\"panel panel-default\"><div class=\"panel-heading bluth \"><div class=\"panel-title\"><a class=\"accordion-toggle \" data-toggle=\"collapse\" data-parent=\"#5\" href=\"#46_5\"><strong>Pr\u00e9sident.e.s - Actuel et pr\u00e9c\u00e9dents <\/strong><\/a><\/div><\/div><div id=\"46_5\" class=\"accordion-body collapse\"><div class=\"panel-collapse\"><div class=\"panel-body\">\n<h2>Pr\u00e9sident.e.s &#8211; Actuel et pr\u00e9c\u00e9dents<\/h2>\n<table style=\"height: 250px;\" width=\"537\">\n<tbody>\n<tr>\n<td>2007 \u2013 Aujourd\u2019hui<\/td>\n<td>Gim Ong, Winnipeg<\/td>\n<\/tr>\n<tr>\n<td>1997<\/td>\n<td>George Holland, Lower Sackville<\/td>\n<\/tr>\n<tr>\n<td>1991 &#8211; 1996<\/td>\n<td>Katie Thorpe, Toronto<\/td>\n<\/tr>\n<tr>\n<td>1990<\/td>\n<td>Wolf LeBovic, Toronto<\/td>\n<\/tr>\n<tr>\n<td>1986 &#8211; 1989<\/td>\n<td>Moise Deschamps, Ottawa<\/td>\n<\/tr>\n<tr>\n<td>1976 &#8211; 1985<\/td>\n<td>Maurice Gauthier, Montreal<\/td>\n<\/tr>\n<tr>\n<td>1969 &#8211; 1975<\/td>\n<td>Douglas J. Cannell, Winnipeg<\/td>\n<\/tr>\n<tr>\n<td>1963 &#8211; 1968<\/td>\n<td>Eric R. Murray, Toronto<\/td>\n<\/tr>\n<\/tbody>\n<\/table>\n<\/div><\/div><\/div><\/div><\/div>\n\n\n\n","protected":false},"excerpt":{"rendered":"<p>Gim Ong &#8211; Pr\u00e9sident du Fonds caritatif de la FCB32 Sandusky DriveWinnipeg\u00a0 MB\u00a0\u00a0 R3T 5W4Courriel: gimcong@hotmail.comT\u00e9l\u00e9phone: 204-775-5114 Le Fonds caritatif de la FCB a \u00e9t\u00e9 cr\u00e9\u00e9 pour administrer les fonds recueillis lors des sessions caritatives tenues dans les clubs partout au Canada, et pour s\u2019assurer que ces fonds sont utilis\u00e9s exclusivement pour soutenir des \u0153uvres<br><a class=\"moretag signature-animation\" href=\"https:\/\/cbf.ca\/fr\/fonds-et-charite\/fonds-caritatif-de-la-fcb\/\">CONTINUER LA LECTURE<\/a>","protected":false},"author":1,"featured_media":0,"parent":17800,"menu_order":0,"comment_status":"closed","ping_status":"closed","template":"","meta":{"footnotes":""},"yoast_head":"<!-- This site is optimized with the Yoast SEO plugin v22.3 - https:\/\/yoast.com\/wordpress\/plugins\/seo\/ -->\n<title>Fonds caritatif de la FCB - Canadian Bridge Federation<\/title>\n<meta name=\"robots\" content=\"index, follow, max-snippet:-1, max-image-preview:large, max-video-preview:-1\" \/>\n<link rel=\"canonical\" href=\"https:\/\/cbf.ca\/fr\/fonds-et-charite\/fonds-caritatif-de-la-fcb\/\" \/>\n<meta property=\"og:locale\" content=\"fr_FR\" \/>\n<meta property=\"og:type\" content=\"article\" \/>\n<meta property=\"og:title\" content=\"Fonds caritatif de la FCB - Canadian Bridge Federation\" \/>\n<meta property=\"og:description\" content=\"Gim Ong &#8211; Pr\u00e9sident du Fonds caritatif de la FCB32 Sandusky DriveWinnipeg\u00a0 MB\u00a0\u00a0 R3T 5W4Courriel: gimcong@hotmail.comT\u00e9l\u00e9phone: 204-775-5114 Le Fonds caritatif de la FCB a \u00e9t\u00e9 cr\u00e9\u00e9 pour administrer les fonds recueillis lors des sessions caritatives tenues dans les clubs partout au Canada, et pour s\u2019assurer que ces fonds sont utilis\u00e9s exclusivement pour soutenir des \u0153uvres\" \/>\n<meta property=\"og:url\" content=\"https:\/\/cbf.ca\/fr\/fonds-et-charite\/fonds-caritatif-de-la-fcb\/\" \/>\n<meta property=\"og:site_name\" content=\"Canadian Bridge Federation\" \/>\n<meta property=\"article:publisher\" content=\"https:\/\/www.facebook.com\/Canadian.Bridge.Federation\/\" \/>\n<meta property=\"article:modified_time\" content=\"2025-11-30T15:39:43+00:00\" \/>\n<meta property=\"og:image\" content=\"https:\/\/cbf.ca\/wp-content\/uploads\/Photos\/Charities\/GimOng-354x450.jpg\" \/>\n<meta name=\"twitter:label1\" content=\"Dur\u00e9e de lecture estim\u00e9e\" \/>\n\t<meta name=\"twitter:data1\" content=\"4 minutes\" \/>\n<script type=\"application\/ld+json\" class=\"yoast-schema-graph\">{\"@context\":\"https:\/\/schema.org\",\"@graph\":[{\"@type\":\"WebPage\",\"@id\":\"https:\/\/cbf.ca\/fr\/fonds-et-charite\/fonds-caritatif-de-la-fcb\/\",\"url\":\"https:\/\/cbf.ca\/fr\/fonds-et-charite\/fonds-caritatif-de-la-fcb\/\",\"name\":\"Fonds caritatif de la FCB - Canadian Bridge Federation\",\"isPartOf\":{\"@id\":\"https:\/\/cbf.ca\/#website\"},\"primaryImageOfPage\":{\"@id\":\"https:\/\/cbf.ca\/fr\/fonds-et-charite\/fonds-caritatif-de-la-fcb\/#primaryimage\"},\"image\":{\"@id\":\"https:\/\/cbf.ca\/fr\/fonds-et-charite\/fonds-caritatif-de-la-fcb\/#primaryimage\"},\"thumbnailUrl\":\"https:\/\/cbf.ca\/wp-content\/uploads\/Photos\/Charities\/GimOng-354x450.jpg\",\"datePublished\":\"2014-09-03T19:33:41+00:00\",\"dateModified\":\"2025-11-30T15:39:43+00:00\",\"breadcrumb\":{\"@id\":\"https:\/\/cbf.ca\/fr\/fonds-et-charite\/fonds-caritatif-de-la-fcb\/#breadcrumb\"},\"inLanguage\":\"fr-FR\",\"potentialAction\":[{\"@type\":\"ReadAction\",\"target\":[\"https:\/\/cbf.ca\/fr\/fonds-et-charite\/fonds-caritatif-de-la-fcb\/\"]}]},{\"@type\":\"ImageObject\",\"inLanguage\":\"fr-FR\",\"@id\":\"https:\/\/cbf.ca\/fr\/fonds-et-charite\/fonds-caritatif-de-la-fcb\/#primaryimage\",\"url\":\"https:\/\/cbf.ca\/wp-content\/uploads\/Photos\/Charities\/GimOng.jpg\",\"contentUrl\":\"https:\/\/cbf.ca\/wp-content\/uploads\/Photos\/Charities\/GimOng.jpg\",\"width\":354,\"height\":474,\"caption\":\"Gim Ong CBFCF Chair\"},{\"@type\":\"BreadcrumbList\",\"@id\":\"https:\/\/cbf.ca\/fr\/fonds-et-charite\/fonds-caritatif-de-la-fcb\/#breadcrumb\",\"itemListElement\":[{\"@type\":\"ListItem\",\"position\":1,\"name\":\"Home\",\"item\":\"https:\/\/cbf.ca\/\"},{\"@type\":\"ListItem\",\"position\":2,\"name\":\"Fonds et Charit\u00e9\",\"item\":\"https:\/\/cbf.ca\/fr\/fonds-et-charite\/\"},{\"@type\":\"ListItem\",\"position\":3,\"name\":\"Fonds caritatif de la FCB\"}]},{\"@type\":\"WebSite\",\"@id\":\"https:\/\/cbf.ca\/#website\",\"url\":\"https:\/\/cbf.ca\/\",\"name\":\"Canadian Bridge Federation\",\"description\":\"F\u00e9d\u00e9ration canadienne de bridge\",\"potentialAction\":[{\"@type\":\"SearchAction\",\"target\":{\"@type\":\"EntryPoint\",\"urlTemplate\":\"https:\/\/cbf.ca\/?s={search_term_string}\"},\"query-input\":\"required name=search_term_string\"}],\"inLanguage\":\"fr-FR\"}]}<\/script>\n<!-- \/ Yoast SEO plugin. -->","yoast_head_json":{"title":"Fonds caritatif de la FCB - Canadian Bridge Federation","robots":{"index":"index","follow":"follow","max-snippet":"max-snippet:-1","max-image-preview":"max-image-preview:large","max-video-preview":"max-video-preview:-1"},"canonical":"https:\/\/cbf.ca\/fr\/fonds-et-charite\/fonds-caritatif-de-la-fcb\/","og_locale":"fr_FR","og_type":"article","og_title":"Fonds caritatif de la FCB - Canadian Bridge Federation","og_description":"Gim Ong &#8211; Pr\u00e9sident du Fonds caritatif de la FCB32 Sandusky DriveWinnipeg\u00a0 MB\u00a0\u00a0 R3T 5W4Courriel: gimcong@hotmail.comT\u00e9l\u00e9phone: 204-775-5114 Le Fonds caritatif de la FCB a \u00e9t\u00e9 cr\u00e9\u00e9 pour administrer les fonds recueillis lors des sessions caritatives tenues dans les clubs partout au Canada, et pour s\u2019assurer que ces fonds sont utilis\u00e9s exclusivement pour soutenir des \u0153uvres","og_url":"https:\/\/cbf.ca\/fr\/fonds-et-charite\/fonds-caritatif-de-la-fcb\/","og_site_name":"Canadian Bridge Federation","article_publisher":"https:\/\/www.facebook.com\/Canadian.Bridge.Federation\/","article_modified_time":"2025-11-30T15:39:43+00:00","og_image":[{"url":"https:\/\/cbf.ca\/wp-content\/uploads\/Photos\/Charities\/GimOng-354x450.jpg"}],"twitter_misc":{"Dur\u00e9e de lecture estim\u00e9e":"4 minutes"},"schema":{"@context":"https:\/\/schema.org","@graph":[{"@type":"WebPage","@id":"https:\/\/cbf.ca\/fr\/fonds-et-charite\/fonds-caritatif-de-la-fcb\/","url":"https:\/\/cbf.ca\/fr\/fonds-et-charite\/fonds-caritatif-de-la-fcb\/","name":"Fonds caritatif de la FCB - Canadian Bridge Federation","isPartOf":{"@id":"https:\/\/cbf.ca\/#website"},"primaryImageOfPage":{"@id":"https:\/\/cbf.ca\/fr\/fonds-et-charite\/fonds-caritatif-de-la-fcb\/#primaryimage"},"image":{"@id":"https:\/\/cbf.ca\/fr\/fonds-et-charite\/fonds-caritatif-de-la-fcb\/#primaryimage"},"thumbnailUrl":"https:\/\/cbf.ca\/wp-content\/uploads\/Photos\/Charities\/GimOng-354x450.jpg","datePublished":"2014-09-03T19:33:41+00:00","dateModified":"2025-11-30T15:39:43+00:00","breadcrumb":{"@id":"https:\/\/cbf.ca\/fr\/fonds-et-charite\/fonds-caritatif-de-la-fcb\/#breadcrumb"},"inLanguage":"fr-FR","potentialAction":[{"@type":"ReadAction","target":["https:\/\/cbf.ca\/fr\/fonds-et-charite\/fonds-caritatif-de-la-fcb\/"]}]},{"@type":"ImageObject","inLanguage":"fr-FR","@id":"https:\/\/cbf.ca\/fr\/fonds-et-charite\/fonds-caritatif-de-la-fcb\/#primaryimage","url":"https:\/\/cbf.ca\/wp-content\/uploads\/Photos\/Charities\/GimOng.jpg","contentUrl":"https:\/\/cbf.ca\/wp-content\/uploads\/Photos\/Charities\/GimOng.jpg","width":354,"height":474,"caption":"Gim Ong CBFCF Chair"},{"@type":"BreadcrumbList","@id":"https:\/\/cbf.ca\/fr\/fonds-et-charite\/fonds-caritatif-de-la-fcb\/#breadcrumb","itemListElement":[{"@type":"ListItem","position":1,"name":"Home","item":"https:\/\/cbf.ca\/"},{"@type":"ListItem","position":2,"name":"Fonds et Charit\u00e9","item":"https:\/\/cbf.ca\/fr\/fonds-et-charite\/"},{"@type":"ListItem","position":3,"name":"Fonds caritatif de la FCB"}]},{"@type":"WebSite","@id":"https:\/\/cbf.ca\/#website","url":"https:\/\/cbf.ca\/","name":"Canadian Bridge Federation","description":"F\u00e9d\u00e9ration canadienne de bridge","potentialAction":[{"@type":"SearchAction","target":{"@type":"EntryPoint","urlTemplate":"https:\/\/cbf.ca\/?s={search_term_string}"},"query-input":"required name=search_term_string"}],"inLanguage":"fr-FR"}]}},"_links":{"self":[{"href":"https:\/\/cbf.ca\/fr\/wp-json\/wp\/v2\/pages\/3761"}],"collection":[{"href":"https:\/\/cbf.ca\/fr\/wp-json\/wp\/v2\/pages"}],"about":[{"href":"https:\/\/cbf.ca\/fr\/wp-json\/wp\/v2\/types\/page"}],"author":[{"embeddable":true,"href":"https:\/\/cbf.ca\/fr\/wp-json\/wp\/v2\/users\/1"}],"replies":[{"embeddable":true,"href":"https:\/\/cbf.ca\/fr\/wp-json\/wp\/v2\/comments?post=3761"}],"version-history":[{"count":44,"href":"https:\/\/cbf.ca\/fr\/wp-json\/wp\/v2\/pages\/3761\/revisions"}],"predecessor-version":[{"id":35606,"href":"https:\/\/cbf.ca\/fr\/wp-json\/wp\/v2\/pages\/3761\/revisions\/35606"}],"up":[{"embeddable":true,"href":"https:\/\/cbf.ca\/fr\/wp-json\/wp\/v2\/pages\/17800"}],"wp:attachment":[{"href":"https:\/\/cbf.ca\/fr\/wp-json\/wp\/v2\/media?parent=3761"}],"curies":[{"name":"wp","href":"https:\/\/api.w.org\/{rel}","templated":true}]}}