{"id":3757,"date":"2014-09-22T17:23:10","date_gmt":"2014-09-22T13:23:10","guid":{"rendered":"http:\/\/cbf.ca\/?page_id=3757"},"modified":"2023-09-17T05:43:25","modified_gmt":"2023-09-17T01:43:25","slug":"la-vie-derin-berry","status":"publish","type":"page","link":"https:\/\/cbf.ca\/fr\/fonds-commemoratif-erin-berry\/la-vie-derin-berry\/","title":{"rendered":"La vie d&rsquo;Erin Berry"},"content":{"rendered":"<p><a class=\"lightbox\" href=\"https:\/\/cbf.ca\/wp-content\/uploads\/Photos\/Charities\/Erin1.jpg\"><img loading=\"lazy\" decoding=\"async\" class=\"alignleft wp-image-1015 size-full\" src=\"https:\/\/cbf.ca\/wp-content\/uploads\/Photos\/Charities\/Erin1.jpg\" alt=\"Erin Colleen Berry\" width=\"172\" height=\"241\"\/><\/a><\/p>\n<p>Erin Colleen Berry est n\u00e9e le 2 f\u00e9vrier 1981 \u00e0 Cold Lake en Alberta. Elle a aussi habit\u00e9 \u00e0 Sydney en Nouvelle-\u00c9cosse et \u00e0 Moncton au Nouveau-Brunswick, avant de d\u00e9m\u00e9nager en Saskatchewan pour habiter \u00e0 Moose Jaw et ensuite \u00e0 R\u00e9gina. Elle \u00e9tait une \u00e9tudiante dou\u00e9e, avec des int\u00e9r\u00eats marqu\u00e9s&nbsp;pour les maths, l\u2019\u00e9criture, la musique et le th\u00e9\u00e2tre.<\/p>\n<p>Erin \u00e9tait une passionn\u00e9e de bridge. Elle est devenu ma\u00eetre \u00e0 vie en ao\u00fbt 1997 \u00e0 l\u2019\u00e2ge de 16 ans. Elle partageait sa passion du bridge avec sa m\u00e8re Carole.<\/p>\n<p>En juin 1997, Erin a particip\u00e9 au&nbsp;<em>World Scholar Games<\/em> au&nbsp;Rhode Island.&nbsp;C\u2019est l\u00e0 qu\u2019elle a rencontr\u00e9 son ami Aaron Pabst, qui est \u00e9galement mort tragiquement au cours du m\u00eame accident de voiture qui a enlev\u00e9 la vie \u00e0 Erin le 30 janvier 1998, seulement trois jours avant son 17\u00e8 anniversaire.<\/p>\n<p>Bien qu\u2019Erin n\u2019ait jamais particip\u00e9 \u00e0 un camp junior ou aux s\u00e9lections juniors, son int\u00e9r\u00eat pour le bridge junior grandissait. \u00c0 l\u2019automne de 1997, elle a pris part aux s\u00e9lections pour choisir l\u2019\u00e9quipe qui repr\u00e9senterait le Canada au Festival international des jeunes en Hollande. Erin s\u2019\u00e9tait d\u00e9j\u00e0 inscrite \u00e0 l\u2019ACBL pour participer au Camp Junior de 1998 et pr\u00e9voyait jouer dans les s\u00e9lections juniors canadiennes en Ao\u00fbt.<\/p>\n","protected":false},"excerpt":{"rendered":"<p>Erin Colleen Berry est n\u00e9e le 2 f\u00e9vrier 1981 \u00e0 Cold Lake en Alberta. Elle a aussi habit\u00e9 \u00e0 Sydney en Nouvelle-\u00c9cosse et \u00e0 Moncton au Nouveau-Brunswick, avant de d\u00e9m\u00e9nager en Saskatchewan pour habiter \u00e0 Moose Jaw et ensuite \u00e0 R\u00e9gina. Elle \u00e9tait une \u00e9tudiante dou\u00e9e, avec des int\u00e9r\u00eats marqu\u00e9s&nbsp;pour les maths, l\u2019\u00e9criture, la musique<br><a class=\"moretag signature-animation\" href=\"https:\/\/cbf.ca\/fr\/fonds-commemoratif-erin-berry\/la-vie-derin-berry\/\">CONTINUER LA LECTURE<\/a>","protected":false},"author":1,"featured_media":0,"parent":3755,"menu_order":0,"comment_status":"closed","ping_status":"closed","template":"","meta":{"footnotes":""},"yoast_head":"<!-- This site is optimized with the Yoast SEO plugin v22.3 - https:\/\/yoast.com\/wordpress\/plugins\/seo\/ -->\n<title>La vie d&#039;Erin Berry - Canadian Bridge Federation<\/title>\n<meta name=\"robots\" content=\"index, follow, max-snippet:-1, max-image-preview:large, max-video-preview:-1\" \/>\n<link rel=\"canonical\" href=\"https:\/\/cbf.ca\/fr\/fonds-commemoratif-erin-berry\/la-vie-derin-berry\/\" \/>\n<meta property=\"og:locale\" content=\"fr_FR\" \/>\n<meta property=\"og:type\" content=\"article\" \/>\n<meta property=\"og:title\" content=\"La vie d&#039;Erin Berry - Canadian Bridge Federation\" \/>\n<meta property=\"og:description\" content=\"Erin Colleen Berry est n\u00e9e le 2 f\u00e9vrier 1981 \u00e0 Cold Lake en Alberta. Elle a aussi habit\u00e9 \u00e0 Sydney en Nouvelle-\u00c9cosse et \u00e0 Moncton au Nouveau-Brunswick, avant de d\u00e9m\u00e9nager en Saskatchewan pour habiter \u00e0 Moose Jaw et ensuite \u00e0 R\u00e9gina. Elle \u00e9tait une \u00e9tudiante dou\u00e9e, avec des int\u00e9r\u00eats marqu\u00e9s&nbsp;pour les maths, l\u2019\u00e9criture, la musique\" \/>\n<meta property=\"og:url\" content=\"https:\/\/cbf.ca\/fr\/fonds-commemoratif-erin-berry\/la-vie-derin-berry\/\" \/>\n<meta property=\"og:site_name\" content=\"Canadian Bridge Federation\" \/>\n<meta property=\"article:publisher\" content=\"https:\/\/www.facebook.com\/Canadian.Bridge.Federation\/\" \/>\n<meta property=\"article:modified_time\" content=\"2023-09-17T01:43:25+00:00\" \/>\n<meta property=\"og:image\" content=\"https:\/\/cbf.ca\/wp-content\/uploads\/Photos\/Charities\/Erin1.jpg\" \/>\n<meta name=\"twitter:label1\" content=\"Dur\u00e9e de lecture estim\u00e9e\" \/>\n\t<meta name=\"twitter:data1\" content=\"2 minutes\" \/>\n<script type=\"application\/ld+json\" class=\"yoast-schema-graph\">{\"@context\":\"https:\/\/schema.org\",\"@graph\":[{\"@type\":\"WebPage\",\"@id\":\"https:\/\/cbf.ca\/fr\/fonds-commemoratif-erin-berry\/la-vie-derin-berry\/\",\"url\":\"https:\/\/cbf.ca\/fr\/fonds-commemoratif-erin-berry\/la-vie-derin-berry\/\",\"name\":\"La vie d'Erin Berry - Canadian Bridge Federation\",\"isPartOf\":{\"@id\":\"https:\/\/cbf.ca\/#website\"},\"primaryImageOfPage\":{\"@id\":\"https:\/\/cbf.ca\/fr\/fonds-commemoratif-erin-berry\/la-vie-derin-berry\/#primaryimage\"},\"image\":{\"@id\":\"https:\/\/cbf.ca\/fr\/fonds-commemoratif-erin-berry\/la-vie-derin-berry\/#primaryimage\"},\"thumbnailUrl\":\"https:\/\/cbf.ca\/wp-content\/uploads\/Photos\/Charities\/Erin1.jpg\",\"datePublished\":\"2014-09-22T13:23:10+00:00\",\"dateModified\":\"2023-09-17T01:43:25+00:00\",\"breadcrumb\":{\"@id\":\"https:\/\/cbf.ca\/fr\/fonds-commemoratif-erin-berry\/la-vie-derin-berry\/#breadcrumb\"},\"inLanguage\":\"fr-FR\",\"potentialAction\":[{\"@type\":\"ReadAction\",\"target\":[\"https:\/\/cbf.ca\/fr\/fonds-commemoratif-erin-berry\/la-vie-derin-berry\/\"]}]},{\"@type\":\"ImageObject\",\"inLanguage\":\"fr-FR\",\"@id\":\"https:\/\/cbf.ca\/fr\/fonds-commemoratif-erin-berry\/la-vie-derin-berry\/#primaryimage\",\"url\":\"https:\/\/cbf.ca\/wp-content\/uploads\/Photos\/Charities\/Erin1.jpg\",\"contentUrl\":\"https:\/\/cbf.ca\/wp-content\/uploads\/Photos\/Charities\/Erin1.jpg\",\"width\":172,\"height\":241,\"caption\":\"Erin Colleen Berry\"},{\"@type\":\"BreadcrumbList\",\"@id\":\"https:\/\/cbf.ca\/fr\/fonds-commemoratif-erin-berry\/la-vie-derin-berry\/#breadcrumb\",\"itemListElement\":[{\"@type\":\"ListItem\",\"position\":1,\"name\":\"Home\",\"item\":\"https:\/\/cbf.ca\/\"},{\"@type\":\"ListItem\",\"position\":2,\"name\":\"Fonds comm\u00e9moratif Erin Berry\",\"item\":\"https:\/\/cbf.ca\/fr\/fonds-commemoratif-erin-berry\/\"},{\"@type\":\"ListItem\",\"position\":3,\"name\":\"La vie d&#8217;Erin Berry\"}]},{\"@type\":\"WebSite\",\"@id\":\"https:\/\/cbf.ca\/#website\",\"url\":\"https:\/\/cbf.ca\/\",\"name\":\"Canadian Bridge Federation\",\"description\":\"F\u00e9d\u00e9ration canadienne de bridge\",\"potentialAction\":[{\"@type\":\"SearchAction\",\"target\":{\"@type\":\"EntryPoint\",\"urlTemplate\":\"https:\/\/cbf.ca\/?s={search_term_string}\"},\"query-input\":\"required name=search_term_string\"}],\"inLanguage\":\"fr-FR\"}]}<\/script>\n<!-- \/ Yoast SEO plugin. -->","yoast_head_json":{"title":"La vie d'Erin Berry - Canadian Bridge Federation","robots":{"index":"index","follow":"follow","max-snippet":"max-snippet:-1","max-image-preview":"max-image-preview:large","max-video-preview":"max-video-preview:-1"},"canonical":"https:\/\/cbf.ca\/fr\/fonds-commemoratif-erin-berry\/la-vie-derin-berry\/","og_locale":"fr_FR","og_type":"article","og_title":"La vie d'Erin Berry - Canadian Bridge Federation","og_description":"Erin Colleen Berry est n\u00e9e le 2 f\u00e9vrier 1981 \u00e0 Cold Lake en Alberta. Elle a aussi habit\u00e9 \u00e0 Sydney en Nouvelle-\u00c9cosse et \u00e0 Moncton au Nouveau-Brunswick, avant de d\u00e9m\u00e9nager en Saskatchewan pour habiter \u00e0 Moose Jaw et ensuite \u00e0 R\u00e9gina. Elle \u00e9tait une \u00e9tudiante dou\u00e9e, avec des int\u00e9r\u00eats marqu\u00e9s&nbsp;pour les maths, l\u2019\u00e9criture, la musique","og_url":"https:\/\/cbf.ca\/fr\/fonds-commemoratif-erin-berry\/la-vie-derin-berry\/","og_site_name":"Canadian Bridge Federation","article_publisher":"https:\/\/www.facebook.com\/Canadian.Bridge.Federation\/","article_modified_time":"2023-09-17T01:43:25+00:00","og_image":[{"url":"https:\/\/cbf.ca\/wp-content\/uploads\/Photos\/Charities\/Erin1.jpg"}],"twitter_misc":{"Dur\u00e9e de lecture estim\u00e9e":"2 minutes"},"schema":{"@context":"https:\/\/schema.org","@graph":[{"@type":"WebPage","@id":"https:\/\/cbf.ca\/fr\/fonds-commemoratif-erin-berry\/la-vie-derin-berry\/","url":"https:\/\/cbf.ca\/fr\/fonds-commemoratif-erin-berry\/la-vie-derin-berry\/","name":"La vie d'Erin Berry - Canadian Bridge Federation","isPartOf":{"@id":"https:\/\/cbf.ca\/#website"},"primaryImageOfPage":{"@id":"https:\/\/cbf.ca\/fr\/fonds-commemoratif-erin-berry\/la-vie-derin-berry\/#primaryimage"},"image":{"@id":"https:\/\/cbf.ca\/fr\/fonds-commemoratif-erin-berry\/la-vie-derin-berry\/#primaryimage"},"thumbnailUrl":"https:\/\/cbf.ca\/wp-content\/uploads\/Photos\/Charities\/Erin1.jpg","datePublished":"2014-09-22T13:23:10+00:00","dateModified":"2023-09-17T01:43:25+00:00","breadcrumb":{"@id":"https:\/\/cbf.ca\/fr\/fonds-commemoratif-erin-berry\/la-vie-derin-berry\/#breadcrumb"},"inLanguage":"fr-FR","potentialAction":[{"@type":"ReadAction","target":["https:\/\/cbf.ca\/fr\/fonds-commemoratif-erin-berry\/la-vie-derin-berry\/"]}]},{"@type":"ImageObject","inLanguage":"fr-FR","@id":"https:\/\/cbf.ca\/fr\/fonds-commemoratif-erin-berry\/la-vie-derin-berry\/#primaryimage","url":"https:\/\/cbf.ca\/wp-content\/uploads\/Photos\/Charities\/Erin1.jpg","contentUrl":"https:\/\/cbf.ca\/wp-content\/uploads\/Photos\/Charities\/Erin1.jpg","width":172,"height":241,"caption":"Erin Colleen Berry"},{"@type":"BreadcrumbList","@id":"https:\/\/cbf.ca\/fr\/fonds-commemoratif-erin-berry\/la-vie-derin-berry\/#breadcrumb","itemListElement":[{"@type":"ListItem","position":1,"name":"Home","item":"https:\/\/cbf.ca\/"},{"@type":"ListItem","position":2,"name":"Fonds comm\u00e9moratif Erin Berry","item":"https:\/\/cbf.ca\/fr\/fonds-commemoratif-erin-berry\/"},{"@type":"ListItem","position":3,"name":"La vie d&#8217;Erin Berry"}]},{"@type":"WebSite","@id":"https:\/\/cbf.ca\/#website","url":"https:\/\/cbf.ca\/","name":"Canadian Bridge Federation","description":"F\u00e9d\u00e9ration canadienne de bridge","potentialAction":[{"@type":"SearchAction","target":{"@type":"EntryPoint","urlTemplate":"https:\/\/cbf.ca\/?s={search_term_string}"},"query-input":"required name=search_term_string"}],"inLanguage":"fr-FR"}]}},"_links":{"self":[{"href":"https:\/\/cbf.ca\/fr\/wp-json\/wp\/v2\/pages\/3757"}],"collection":[{"href":"https:\/\/cbf.ca\/fr\/wp-json\/wp\/v2\/pages"}],"about":[{"href":"https:\/\/cbf.ca\/fr\/wp-json\/wp\/v2\/types\/page"}],"author":[{"embeddable":true,"href":"https:\/\/cbf.ca\/fr\/wp-json\/wp\/v2\/users\/1"}],"replies":[{"embeddable":true,"href":"https:\/\/cbf.ca\/fr\/wp-json\/wp\/v2\/comments?post=3757"}],"version-history":[{"count":6,"href":"https:\/\/cbf.ca\/fr\/wp-json\/wp\/v2\/pages\/3757\/revisions"}],"predecessor-version":[{"id":27280,"href":"https:\/\/cbf.ca\/fr\/wp-json\/wp\/v2\/pages\/3757\/revisions\/27280"}],"up":[{"embeddable":true,"href":"https:\/\/cbf.ca\/fr\/wp-json\/wp\/v2\/pages\/3755"}],"wp:attachment":[{"href":"https:\/\/cbf.ca\/fr\/wp-json\/wp\/v2\/media?parent=3757"}],"curies":[{"name":"wp","href":"https:\/\/api.w.org\/{rel}","templated":true}]}}