{"id":3755,"date":"2014-09-03T23:36:17","date_gmt":"2014-09-03T19:36:17","guid":{"rendered":"http:\/\/cbf.ca\/?page_id=3755"},"modified":"2025-12-23T08:37:36","modified_gmt":"2025-12-23T04:37:36","slug":"fonds-commemoratif-erin-berry","status":"publish","type":"page","link":"https:\/\/cbf.ca\/fr\/fonds-commemoratif-erin-berry\/","title":{"rendered":"Fonds comm\u00e9moratif Erin Berry"},"content":{"rendered":"<p>\u00c9rin Berry, une \u00e9tudiante dou\u00e9e et une joueuse de bridge, est d\u00e9c\u00e9d\u00e9e tragiquement le 30 janvier 1998 dans un accident de voiture, trois jours avant son 17\u00e8 anniversaire. En m\u00e9moire d\u2019Erin, son p\u00e8re Larry Berry a mis sur pied en 2001 le Fonds comm\u00e9moratif Erin Berry, avec un d\u00e9p\u00f4t initial de 80 000$.<\/p>\n<h2>LA VIE D&rsquo;\u00c9RIN BERRY<\/h2>\n<p><a class=\"lightbox\" href=\"https:\/\/cbf.ca\/wp-content\/uploads\/Photos\/Charities\/Erin1.jpg\"><img loading=\"lazy\" decoding=\"async\" class=\"alignleft wp-image-1015 size-full\" src=\"https:\/\/cbf.ca\/wp-content\/uploads\/Photos\/Charities\/Erin1.jpg\" alt=\"Erin Colleen Berry\" width=\"172\" height=\"241\" \/><\/a><\/p>\n<p>Erin Colleen Berry est n\u00e9e le 2 f\u00e9vrier 1981 \u00e0 Cold Lake en Alberta. Elle a aussi habit\u00e9 \u00e0 Sydney en Nouvelle-\u00c9cosse et \u00e0 Moncton au Nouveau-Brunswick, avant de d\u00e9m\u00e9nager en Saskatchewan pour habiter \u00e0 Moose Jaw et ensuite \u00e0 R\u00e9gina. Elle \u00e9tait une \u00e9tudiante dou\u00e9e, avec des int\u00e9r\u00eats marqu\u00e9s\u00a0pour les maths, l\u2019\u00e9criture, la musique et le th\u00e9\u00e2tre.<\/p>\n<p>Erin \u00e9tait une passionn\u00e9e de bridge. Elle est devenu ma\u00eetre \u00e0 vie en ao\u00fbt 1997 \u00e0 l\u2019\u00e2ge de 16 ans. Elle partageait sa passion du bridge avec sa m\u00e8re Carole.<\/p>\n<p>En juin 1997, Erin a particip\u00e9 au\u00a0<em>World Scholar Games<\/em> au\u00a0Rhode Island.\u00a0C\u2019est l\u00e0 qu\u2019elle a rencontr\u00e9 son ami Aaron Pabst, qui est \u00e9galement mort tragiquement au cours du m\u00eame accident de voiture qui a enlev\u00e9 la vie \u00e0 Erin le 30 janvier 1998, seulement trois jours avant son 17\u00e8 anniversaire.<\/p>\n<p>Bien qu\u2019Erin n\u2019ait jamais particip\u00e9 \u00e0 un camp junior ou aux s\u00e9lections juniors, son int\u00e9r\u00eat pour le bridge junior grandissait. \u00c0 l\u2019automne de 1997, elle a pris part aux s\u00e9lections pour choisir l\u2019\u00e9quipe qui repr\u00e9senterait le Canada au Festival international des jeunes en Hollande. Erin s\u2019\u00e9tait d\u00e9j\u00e0 inscrite \u00e0 l\u2019ACBL pour participer au Camp Junior de 1998 et pr\u00e9voyait jouer dans les s\u00e9lections juniors canadiennes en ao\u00fbt.<\/p>\n<h2>FONDS COMM\u00c9MORATIF \u00c9RIN BERRY<\/h2>\n<p>Le fonds est administr\u00e9 par la F\u00e9d\u00e9ration canadienne de bridge dans le but d\u2019aider les membres juniors de la FCB, \u00e2g\u00e9s de 19 ans ou moins, \u00e0 d\u00e9frayer les d\u00e9penses encourues pour participer \u00e0 des \u00e9v\u00e9nements de bridge. Les personnes qualifi\u00e9es pourront recevoir une subvention couvrant jusqu\u2019\u00e0 75% des frais encourus pour l\u2019activit\u00e9 de bridge. Pour l\u2019historique des dons du Fonds comm\u00e9moratif, <span style=\"text-decoration: underline;\"><a href=\"https:\/\/cbf.ca\/wp-content\/uploads\/2019\/10\/Erin-Berry-Grants_2019-et-avant_1.pdf\" target=\"_blank\" rel=\"noopener\"><span style=\"text-decoration: underline;\">cliquer ici<\/span><\/a><\/span>.<\/p>\n<p>Les administrateurs du fonds sont nomm\u00e9s chaque ann\u00e9e par le Pr\u00e9sident de la FCB. Pour s\u2019assurer que le fonds dure de nombreuses ann\u00e9es, les int\u00e9r\u00eats annuels du fonds, et jusqu\u2019\u00e0 5% du capital, seront disponibles pour distribution \u00e0 chaque ann\u00e9e.<\/p>\n<h2>Demande de subvention<\/h2>\n<p>Pour faire une demande au Fonds comm\u00e9moratif Erin Berry, il faut soumettre un formulaire au Secr\u00e9taire ex\u00e9cutif\/Tr\u00e9sorier de la FCB avant la r\u00e9union annuelle des administrateurs du fonds, g\u00e9n\u00e9ralement tenue en mai de chaque ann\u00e9e. La demande doit contenir les renseignements suivants\u00a0:<\/p>\n<ul>\n<li>Nom du candidat, adresse civique et num\u00e9ro d\u2019ACBL.<\/li>\n<li>Date de naissance du candidat et photocopie de son certificat de naissance.<\/li>\n<li>Description de l\u2019activit\u00e9 pour laquelle une bourse est demand\u00e9e \u2013 avec d\u00e9tails des dates, co\u00fbts, etc.<\/li>\n<li>Budget des d\u00e9penses pour cette activit\u00e9.<\/li>\n<\/ul>\n<p>Parmi les activit\u00e9s admissibles au financement, il y a\u00a0:<\/p>\n<ul>\n<li>Les camps de bridge<\/li>\n<li>Les s\u00e9lections pour les Juniors canadiens<\/li>\n<li>Les Championnats canadiens de bridge<\/li>\n<li>Les NABC (National American Bridge Championships) pour les jeunes<\/li>\n<li>Les Championnats mondiaux pour les jeunes<\/li>\n<li>Le Championnat mondial par \u00e9quipes pour les jeunes<\/li>\n<li>FISU (Championnat mondial universitaire de bridge)<\/li>\n<\/ul>\n<h2>Subventions accord\u00e9es<\/h2>\n<p style=\"padding-left: 30px;\">Subventions accord\u00e9es depuis 2005:\u00a0<span style=\"text-decoration: underline;\"><a style=\"text-decoration: underline;\" href=\"https:\/\/cbf.ca\/wp-content\/uploads\/2025\/12\/Erin-Berry-Grants-1.pdf\" target=\"_blank\" rel=\"noopener\">Cliquer ici<\/a><\/span>\u00a0(mis \u00e0 jour en d\u00e9cembre 2025)<\/p>\n","protected":false},"excerpt":{"rendered":"<p>\u00c9rin Berry, une \u00e9tudiante dou\u00e9e et une joueuse de bridge, est d\u00e9c\u00e9d\u00e9e tragiquement le 30 janvier 1998 dans un accident de voiture, trois jours avant son 17\u00e8 anniversaire. En m\u00e9moire d\u2019Erin, son p\u00e8re Larry Berry a mis sur pied en 2001 le Fonds comm\u00e9moratif Erin Berry, avec un d\u00e9p\u00f4t initial de 80 000$. LA VIE<br><a class=\"moretag signature-animation\" href=\"https:\/\/cbf.ca\/fr\/fonds-commemoratif-erin-berry\/\">CONTINUER LA LECTURE<\/a>","protected":false},"author":1,"featured_media":0,"parent":0,"menu_order":0,"comment_status":"closed","ping_status":"closed","template":"","meta":{"footnotes":""},"yoast_head":"<!-- This site is optimized with the Yoast SEO plugin v22.3 - https:\/\/yoast.com\/wordpress\/plugins\/seo\/ -->\n<title>Fonds comm\u00e9moratif Erin Berry - Canadian Bridge Federation<\/title>\n<meta name=\"robots\" content=\"index, follow, max-snippet:-1, max-image-preview:large, max-video-preview:-1\" \/>\n<link rel=\"canonical\" href=\"https:\/\/cbf.ca\/fr\/fonds-commemoratif-erin-berry\/\" \/>\n<meta property=\"og:locale\" content=\"fr_FR\" \/>\n<meta property=\"og:type\" content=\"article\" \/>\n<meta property=\"og:title\" content=\"Fonds comm\u00e9moratif Erin Berry - Canadian Bridge Federation\" \/>\n<meta property=\"og:description\" content=\"\u00c9rin Berry, une \u00e9tudiante dou\u00e9e et une joueuse de bridge, est d\u00e9c\u00e9d\u00e9e tragiquement le 30 janvier 1998 dans un accident de voiture, trois jours avant son 17\u00e8 anniversaire. En m\u00e9moire d\u2019Erin, son p\u00e8re Larry Berry a mis sur pied en 2001 le Fonds comm\u00e9moratif Erin Berry, avec un d\u00e9p\u00f4t initial de 80 000$. LA VIE\" \/>\n<meta property=\"og:url\" content=\"https:\/\/cbf.ca\/fr\/fonds-commemoratif-erin-berry\/\" \/>\n<meta property=\"og:site_name\" content=\"Canadian Bridge Federation\" \/>\n<meta property=\"article:publisher\" content=\"https:\/\/www.facebook.com\/Canadian.Bridge.Federation\/\" \/>\n<meta property=\"article:modified_time\" content=\"2025-12-23T04:37:36+00:00\" \/>\n<meta property=\"og:image\" content=\"https:\/\/cbf.ca\/wp-content\/uploads\/Photos\/Charities\/Erin1.jpg\" \/>\n<meta name=\"twitter:label1\" content=\"Dur\u00e9e de lecture estim\u00e9e\" \/>\n\t<meta name=\"twitter:data1\" content=\"3 minutes\" \/>\n<script type=\"application\/ld+json\" class=\"yoast-schema-graph\">{\"@context\":\"https:\/\/schema.org\",\"@graph\":[{\"@type\":\"WebPage\",\"@id\":\"https:\/\/cbf.ca\/fr\/fonds-commemoratif-erin-berry\/\",\"url\":\"https:\/\/cbf.ca\/fr\/fonds-commemoratif-erin-berry\/\",\"name\":\"Fonds comm\u00e9moratif Erin Berry - Canadian Bridge Federation\",\"isPartOf\":{\"@id\":\"https:\/\/cbf.ca\/#website\"},\"primaryImageOfPage\":{\"@id\":\"https:\/\/cbf.ca\/fr\/fonds-commemoratif-erin-berry\/#primaryimage\"},\"image\":{\"@id\":\"https:\/\/cbf.ca\/fr\/fonds-commemoratif-erin-berry\/#primaryimage\"},\"thumbnailUrl\":\"https:\/\/cbf.ca\/wp-content\/uploads\/Photos\/Charities\/Erin1.jpg\",\"datePublished\":\"2014-09-03T19:36:17+00:00\",\"dateModified\":\"2025-12-23T04:37:36+00:00\",\"breadcrumb\":{\"@id\":\"https:\/\/cbf.ca\/fr\/fonds-commemoratif-erin-berry\/#breadcrumb\"},\"inLanguage\":\"fr-FR\",\"potentialAction\":[{\"@type\":\"ReadAction\",\"target\":[\"https:\/\/cbf.ca\/fr\/fonds-commemoratif-erin-berry\/\"]}]},{\"@type\":\"ImageObject\",\"inLanguage\":\"fr-FR\",\"@id\":\"https:\/\/cbf.ca\/fr\/fonds-commemoratif-erin-berry\/#primaryimage\",\"url\":\"https:\/\/cbf.ca\/wp-content\/uploads\/Photos\/Charities\/Erin1.jpg\",\"contentUrl\":\"https:\/\/cbf.ca\/wp-content\/uploads\/Photos\/Charities\/Erin1.jpg\",\"width\":172,\"height\":241,\"caption\":\"Erin Colleen Berry\"},{\"@type\":\"BreadcrumbList\",\"@id\":\"https:\/\/cbf.ca\/fr\/fonds-commemoratif-erin-berry\/#breadcrumb\",\"itemListElement\":[{\"@type\":\"ListItem\",\"position\":1,\"name\":\"Home\",\"item\":\"https:\/\/cbf.ca\/\"},{\"@type\":\"ListItem\",\"position\":2,\"name\":\"Fonds comm\u00e9moratif Erin Berry\"}]},{\"@type\":\"WebSite\",\"@id\":\"https:\/\/cbf.ca\/#website\",\"url\":\"https:\/\/cbf.ca\/\",\"name\":\"Canadian Bridge Federation\",\"description\":\"F\u00e9d\u00e9ration canadienne de bridge\",\"potentialAction\":[{\"@type\":\"SearchAction\",\"target\":{\"@type\":\"EntryPoint\",\"urlTemplate\":\"https:\/\/cbf.ca\/?s={search_term_string}\"},\"query-input\":\"required name=search_term_string\"}],\"inLanguage\":\"fr-FR\"}]}<\/script>\n<!-- \/ Yoast SEO plugin. -->","yoast_head_json":{"title":"Fonds comm\u00e9moratif Erin Berry - Canadian Bridge Federation","robots":{"index":"index","follow":"follow","max-snippet":"max-snippet:-1","max-image-preview":"max-image-preview:large","max-video-preview":"max-video-preview:-1"},"canonical":"https:\/\/cbf.ca\/fr\/fonds-commemoratif-erin-berry\/","og_locale":"fr_FR","og_type":"article","og_title":"Fonds comm\u00e9moratif Erin Berry - Canadian Bridge Federation","og_description":"\u00c9rin Berry, une \u00e9tudiante dou\u00e9e et une joueuse de bridge, est d\u00e9c\u00e9d\u00e9e tragiquement le 30 janvier 1998 dans un accident de voiture, trois jours avant son 17\u00e8 anniversaire. En m\u00e9moire d\u2019Erin, son p\u00e8re Larry Berry a mis sur pied en 2001 le Fonds comm\u00e9moratif Erin Berry, avec un d\u00e9p\u00f4t initial de 80 000$. LA VIE","og_url":"https:\/\/cbf.ca\/fr\/fonds-commemoratif-erin-berry\/","og_site_name":"Canadian Bridge Federation","article_publisher":"https:\/\/www.facebook.com\/Canadian.Bridge.Federation\/","article_modified_time":"2025-12-23T04:37:36+00:00","og_image":[{"url":"https:\/\/cbf.ca\/wp-content\/uploads\/Photos\/Charities\/Erin1.jpg"}],"twitter_misc":{"Dur\u00e9e de lecture estim\u00e9e":"3 minutes"},"schema":{"@context":"https:\/\/schema.org","@graph":[{"@type":"WebPage","@id":"https:\/\/cbf.ca\/fr\/fonds-commemoratif-erin-berry\/","url":"https:\/\/cbf.ca\/fr\/fonds-commemoratif-erin-berry\/","name":"Fonds comm\u00e9moratif Erin Berry - Canadian Bridge Federation","isPartOf":{"@id":"https:\/\/cbf.ca\/#website"},"primaryImageOfPage":{"@id":"https:\/\/cbf.ca\/fr\/fonds-commemoratif-erin-berry\/#primaryimage"},"image":{"@id":"https:\/\/cbf.ca\/fr\/fonds-commemoratif-erin-berry\/#primaryimage"},"thumbnailUrl":"https:\/\/cbf.ca\/wp-content\/uploads\/Photos\/Charities\/Erin1.jpg","datePublished":"2014-09-03T19:36:17+00:00","dateModified":"2025-12-23T04:37:36+00:00","breadcrumb":{"@id":"https:\/\/cbf.ca\/fr\/fonds-commemoratif-erin-berry\/#breadcrumb"},"inLanguage":"fr-FR","potentialAction":[{"@type":"ReadAction","target":["https:\/\/cbf.ca\/fr\/fonds-commemoratif-erin-berry\/"]}]},{"@type":"ImageObject","inLanguage":"fr-FR","@id":"https:\/\/cbf.ca\/fr\/fonds-commemoratif-erin-berry\/#primaryimage","url":"https:\/\/cbf.ca\/wp-content\/uploads\/Photos\/Charities\/Erin1.jpg","contentUrl":"https:\/\/cbf.ca\/wp-content\/uploads\/Photos\/Charities\/Erin1.jpg","width":172,"height":241,"caption":"Erin Colleen Berry"},{"@type":"BreadcrumbList","@id":"https:\/\/cbf.ca\/fr\/fonds-commemoratif-erin-berry\/#breadcrumb","itemListElement":[{"@type":"ListItem","position":1,"name":"Home","item":"https:\/\/cbf.ca\/"},{"@type":"ListItem","position":2,"name":"Fonds comm\u00e9moratif Erin Berry"}]},{"@type":"WebSite","@id":"https:\/\/cbf.ca\/#website","url":"https:\/\/cbf.ca\/","name":"Canadian Bridge Federation","description":"F\u00e9d\u00e9ration canadienne de bridge","potentialAction":[{"@type":"SearchAction","target":{"@type":"EntryPoint","urlTemplate":"https:\/\/cbf.ca\/?s={search_term_string}"},"query-input":"required name=search_term_string"}],"inLanguage":"fr-FR"}]}},"_links":{"self":[{"href":"https:\/\/cbf.ca\/fr\/wp-json\/wp\/v2\/pages\/3755"}],"collection":[{"href":"https:\/\/cbf.ca\/fr\/wp-json\/wp\/v2\/pages"}],"about":[{"href":"https:\/\/cbf.ca\/fr\/wp-json\/wp\/v2\/types\/page"}],"author":[{"embeddable":true,"href":"https:\/\/cbf.ca\/fr\/wp-json\/wp\/v2\/users\/1"}],"replies":[{"embeddable":true,"href":"https:\/\/cbf.ca\/fr\/wp-json\/wp\/v2\/comments?post=3755"}],"version-history":[{"count":34,"href":"https:\/\/cbf.ca\/fr\/wp-json\/wp\/v2\/pages\/3755\/revisions"}],"predecessor-version":[{"id":36224,"href":"https:\/\/cbf.ca\/fr\/wp-json\/wp\/v2\/pages\/3755\/revisions\/36224"}],"wp:attachment":[{"href":"https:\/\/cbf.ca\/fr\/wp-json\/wp\/v2\/media?parent=3755"}],"curies":[{"name":"wp","href":"https:\/\/api.w.org\/{rel}","templated":true}]}}