{"id":3737,"date":"2014-09-03T23:30:40","date_gmt":"2014-09-03T19:30:40","guid":{"rendered":"http:\/\/cbf.ca\/fr\/hall-of-fame\/"},"modified":"2026-01-14T07:38:04","modified_gmt":"2026-01-14T03:38:04","slug":"fcb-temple-de-la-renommee","status":"publish","type":"page","link":"https:\/\/cbf.ca\/fr\/fcb-temple-de-la-renommee\/","title":{"rendered":"Temple de la renomm\u00e9e de la FCB"},"content":{"rendered":"<div id=\"attachment_831\" style=\"width: 235px\" class=\"wp-caption alignright\"><a class=\"lightbox\" href=\"https:\/\/cbf.ca\/wp-content\/uploads\/2014\/09\/Halloffamememento.png\"><img loading=\"lazy\" decoding=\"async\" aria-describedby=\"caption-attachment-831\" class=\"wp-image-831 size-full\" src=\"https:\/\/cbf.ca\/wp-content\/uploads\/2014\/09\/Halloffamememento.png\" alt=\"CBF Hall of Fame Memento\" width=\"225\" height=\"230\" \/><\/a><p id=\"caption-attachment-831\" class=\"wp-caption-text\">Memento du Temple de la Renomm\u00e9e<\/p><\/div>\n<h2>Temple de la renomm\u00e9e de la FCB<\/h2>\n<p>Le Temple de la renomm\u00e9e du Canada a \u00e9t\u00e9 cr\u00e9\u00e9 par la FCB en 2010 pour reconna\u00eetre les r\u00e9alisations et le bilan remarquable de joueurs canadiens. En outre, le Temple de la renomm\u00e9e reconna\u00eet \u00e9galement d\u2019autres canadiens, tels que les enseignants, les auteurs et les administrateurs qui ont apport\u00e9 d\u2019importantes contributions \u00e0 l\u2019avancement du bridge et dont les r\u00e9alisations et le service ont \u00e9t\u00e9 pr\u00e9cieux pour le bridge canadien.<\/p>\n<p>Afin de permettre que les r\u00e9alisations d\u2019une personne puissent \u00eatre mises en perspective avec celles de ses pairs, les nomin\u00e9s pour le Temple de la renomm\u00e9e\u00a0du Canada doivent avoir au moins 60 ans. Les personnes d\u00e9c\u00e9d\u00e9es sont exempt\u00e9es de cette obligation.<\/p>\n<h2><strong>COMIT\u00c9 DU TEMPLE DE LA RENOMM\u00c9E<\/strong><\/h2>\n<p>Le Comit\u00e9 du Temple de la renomm\u00e9e (CTR) supervise le programme du Temple de la renomm\u00e9e en collaboration avec le Conseil d\u2019administration de la FCB.<\/p>\n<p>Le CTR est r\u00e9gi par les <span style=\"text-decoration: underline;\"><a style=\"text-decoration: underline;\" href=\"https:\/\/cbf.ca\/wp-content\/uploads\/2018\/07\/CBF-Hall-of-Fame-R\u00e8gles-de-fonctionnement_Mai-2018.pdf\" target=\"_blank\" rel=\"noopener\">R\u00e8gles de fonctionnement du Temple de la renomm\u00e9e<\/a><\/span> approuv\u00e9es par le Conseil d\u2019administration de la FCB.<\/p>\n<p>Toute personne peut d\u00e9signer un candidat pour le Temple de la renomm\u00e9e du Canada. Les\u00a0candidatures et la documentation en appui doivent \u00eatre soumises au pr\u00e9sident du Comit\u00e9 du Temple de la renomm\u00e9e du Canada.<\/p>\n<table style=\"height: 434px;\" width=\"720\">\n<thead>\n<tr>\n<td colspan=\"3\"><strong>MEMBRES DU TEMPLE DE LA RENOMM\u00c9E<\/strong><\/td>\n<\/tr>\n<\/thead>\n<tbody>\n<tr>\n<td width=\"230\"><a href=\"https:\/\/cbf.ca\/fr\/anderson-william\/\" target=\"_blank\" rel=\"noopener\">Anderson, William<\/a><\/td>\n<td width=\"230\"><a href=\"https:\/\/cbf.ca\/fr\/baran-boris\/\" target=\"_blank\" rel=\"noopener\">Baran, Boris<\/a><\/td>\n<td width=\"230\"><a href=\"https:\/\/cbf.ca\/fr\/gloria-silverman-bart\/\" target=\"_blank\" rel=\"noopener\">Bart, Gloria Silverman<\/a><\/td>\n<\/tr>\n<tr>\n<td><a href=\"https:\/\/cbf.ca\/fr\/francine-cimon\/\" target=\"_blank\" rel=\"noopener\">Cimon, Francine<\/a><\/td>\n<td><a href=\"https:\/\/cbf.ca\/fr\/ralph-cohen\/\" target=\"_blank\" rel=\"noopener\">Cohen, Ralph<\/a><\/td>\n<td><a href=\"https:\/\/cbf.ca\/fr\/john-carruthers\/\" target=\"_blank\" rel=\"noopener\">Carruthers, John<\/a><\/td>\n<\/tr>\n<tr>\n<td><a href=\"https:\/\/cbf.ca\/fr\/jurek-jurek-jurek\/\" target=\"_blank\" rel=\"noopener\">Czyzowicz, Jurek<\/a><\/td>\n<td><a href=\"https:\/\/cbf.ca\/fr\/doug-drew\/\" target=\"_blank\" rel=\"noopener\">Drew, Doug<\/a><\/td>\n<td><a href=\"https:\/\/cbf.ca\/fr\/joan-eaton-temple-renommee\/\" target=\"_blank\" rel=\"noopener\">Eaton, Joan<\/a><\/td>\n<\/tr>\n<tr>\n<td><a href=\"https:\/\/cbf.ca\/fr\/elliott-bruce\/\" target=\"_blank\" rel=\"noopener\">Elliott, Bruce<\/a><\/td>\n<td><a href=\"https:\/\/cbf.ca\/fr\/fergani-kamel\/\" target=\"_blank\" rel=\"noopener\">Fergani, Kamel<\/a><\/td>\n<td><a href=\"https:\/\/cbf.ca\/fr\/gartaganis-judith\/\" target=\"_blank\" rel=\"noopener\">Gartaganis, Judith<\/a><\/td>\n<\/tr>\n<tr>\n<td><a href=\"https:\/\/cbf.ca\/fr\/gartaganis-nicholas\/\" target=\"_blank\" rel=\"noopener\">Gartaganis, Nicholas<\/a><\/td>\n<td><a href=\"https:\/\/cbf.ca\/fr\/gold-sam\/\" target=\"_blank\" rel=\"noopener\">Gold, Sam<\/a><\/td>\n<td><a href=\"https:\/\/cbf.ca\/fr\/agnes-gordon-1906-1967\/\" target=\"_blank\" rel=\"noopener\">Gordon, Agnes<\/a><\/td>\n<\/tr>\n<tr>\n<td><a href=\"https:\/\/cbf.ca\/fr\/gordon-diana\/\" target=\"_blank\" rel=\"noopener\">Gordon, Diana<\/a><\/td>\n<td><a href=\"https:\/\/cbf.ca\/fr\/bruce-gowdy\/\" target=\"_blank\" rel=\"noopener\">Gowdy, Bruce<\/a><\/td>\n<td><a href=\"https:\/\/cbf.ca\/fr\/audrey-grant\/\" target=\"_blank\" rel=\"noopener\">Grant, Audrey<\/a><\/td>\n<\/tr>\n<tr>\n<td><a href=\"https:\/\/cbf.ca\/fr\/graves-allan\/\" target=\"_blank\" rel=\"noopener\">Graves, Allan<\/a><\/td>\n<td><a href=\"https:\/\/cbf.ca\/fr\/hanna-nader\/\" target=\"_blank\" rel=\"noopener\">Hanna, Nader<\/a><\/td>\n<td><a href=\"https:\/\/cbf.ca\/fr\/jacob-dan\/\" target=\"_blank\" rel=\"noopener\">Jacob, Dan<\/a><\/td>\n<\/tr>\n<tr>\n<td><a href=\"https:\/\/cbf.ca\/fr\/kehela-sami\/\" target=\"_blank\" rel=\"noopener\">Kehela, Sami<\/a><\/td>\n<td><a href=\"https:\/\/cbf.ca\/fr\/eric-kokish\/\" target=\"_blank\" rel=\"noopener\">Kokish, Eric<\/a><\/td>\n<td><a href=\"https:\/\/cbf.ca\/fr\/robert-lebi\/\" target=\"_blank\" rel=\"noopener\">Lebi, Robert<\/a><\/td>\n<\/tr>\n<tr>\n<td><a href=\"https:\/\/cbf.ca\/fr\/george-mittelman\/\" target=\"_blank\" rel=\"noopener\">Mittelman, George<\/a><\/td>\n<td><a href=\"https:\/\/cbf.ca\/fr\/molson-mark\/\" target=\"_blank\" rel=\"noopener\">Molson, Mark<\/a><\/td>\n<td><a href=\"https:\/\/cbf.ca\/fr\/eric-murray\/\" target=\"_blank\" rel=\"noopener\">Murray, Eric R<\/a><\/td>\n<\/tr>\n<tr>\n<td><a href=\"https:\/\/cbf.ca\/fr\/peter-nagy\/\" target=\"_blank\" rel=\"noopener\">Nagy, Peter<\/a><\/td>\n<td><a href=\"https:\/\/cbf.ca\/fr\/paul-mary\/\" target=\"_blank\" rel=\"noopener\">Paul, Mary<\/a><\/td>\n<td><a href=\"https:\/\/cbf.ca\/fr\/reus-sharyn\/\" target=\"_blank\" rel=\"noopener\">Reus, Sharyn<\/a><\/td>\n<\/tr>\n<tr>\n<td><a href=\"https:\/\/cbf.ca\/fr\/michael-roche\/\" target=\"_blank\" rel=\"noopener\">Roche, Michael<\/a><\/td>\n<td><a href=\"https:\/\/cbf.ca\/fr\/percy-sheardon\/\" target=\"_blank\" rel=\"noopener\">Sheardown, Percy<\/a><\/td>\n<td><a href=\"https:\/\/cbf.ca\/fr\/joey-silver\/\" target=\"_blank\" rel=\"noopener\">Silver, Joey<\/a><\/td>\n<\/tr>\n<tr>\n<td><a href=\"https:\/\/cbf.ca\/fr\/thorpe-katie\/\" target=\"_blank\" rel=\"noopener\">Thorpe, Katie<\/a><\/td>\n<td><\/td>\n<td><\/td>\n<\/tr>\n<\/tbody>\n<\/table>\n<p>.<\/p>\n<table style=\"height: 434px;\" width=\"720\">\n<thead>\n<tr>\n<td colspan=\"3\"><strong>MEMBRES DU TEMPLE DE LA RENOMM\u00c9E &#8211; PAR ANN\u00c9E D&rsquo;INTRONISATION<\/strong><\/td>\n<\/tr>\n<\/thead>\n<tbody>\n<tr>\n<td width=\"230\"><\/td>\n<td width=\"230\"><\/td>\n<td width=\"230\">2025 <a href=\"https:\/\/cbf.ca\/fr\/gloria-silverman-bart\/\" target=\"_blank\" rel=\"noopener\">Gloria Silverman Bart<\/a><\/td>\n<\/tr>\n<tr>\n<td width=\"230\">2025 <a href=\"https:\/\/cbf.ca\/fr\/joan-eaton-temple-renommee\/\" target=\"_blank\" rel=\"noopener\">Joan Eaton<\/a><\/td>\n<td width=\"230\">2024 <a href=\"https:\/\/cbf.ca\/fr\/michael-roche\/\" target=\"_blank\" rel=\"noopener\">Michael Roche<\/a><\/td>\n<td width=\"230\">2023 <a href=\"https:\/\/cbf.ca\/fr\/jurek-jurek-jurek\/\" target=\"_blank\" rel=\"noopener\">Jurek Czyzowicz<\/a><\/td>\n<\/tr>\n<tr>\n<td>2023 <a href=\"https:\/\/cbf.ca\/fr\/jacob-dan\/\" target=\"_blank\" rel=\"noopener\">Dan Jacob<\/a><\/td>\n<td>2019 <a href=\"https:\/\/cbf.ca\/fr\/hanna-nader\/\" target=\"_blank\" rel=\"noopener\">Nader Hanna<\/a><\/td>\n<td>2019 <a href=\"https:\/\/cbf.ca\/fr\/robert-lebi\/\" target=\"_blank\" rel=\"noopener\">Robert Lebi<\/a><\/td>\n<\/tr>\n<tr>\n<td>2018 <a href=\"https:\/\/cbf.ca\/fr\/fergani-kamel\/\" target=\"_blank\" rel=\"noopener\">Kamel Fergani<\/a><\/td>\n<td>2018 <a href=\"https:\/\/cbf.ca\/fr\/reus-sharyn\/\" target=\"_blank\" rel=\"noopener\">Sharyn Reus<\/a><\/td>\n<td>2017 <a href=\"https:\/\/cbf.ca\/fr\/gartaganis-judith\/\" target=\"_blank\" rel=\"noopener\">Judith Gartaganis<\/a><\/td>\n<\/tr>\n<tr>\n<td>2017 <a href=\"https:\/\/cbf.ca\/fr\/gartaganis-nicholas\/\" target=\"_blank\" rel=\"noopener\">Nicholas Gartaganis<\/a><\/td>\n<td>2016 <a href=\"https:\/\/cbf.ca\/fr\/paul-mary\/\" target=\"_blank\" rel=\"noopener\">Mary Paul<\/a><\/td>\n<td>2016 <a href=\"https:\/\/cbf.ca\/fr\/thorpe-katie\/\" target=\"_blank\" rel=\"noopener\">Katie Thorpe<\/a><\/td>\n<\/tr>\n<tr>\n<td>2015 <a href=\"https:\/\/cbf.ca\/fr\/john-carruthers\/\" target=\"_blank\" rel=\"noopener\">John Carruthers<\/a><\/td>\n<td>2015 <a href=\"https:\/\/cbf.ca\/fr\/graves-allan\/\" target=\"_blank\" rel=\"noopener\">Allan Graves<\/a><\/td>\n<td>2014 <a href=\"https:\/\/cbf.ca\/fr\/agnes-gordon-1906-1967\/\" target=\"_blank\" rel=\"noopener\">Agnes Gordon<\/a><\/td>\n<\/tr>\n<tr>\n<td>2014 <a href=\"https:\/\/cbf.ca\/fr\/bruce-gowdy\/\" target=\"_blank\" rel=\"noopener\">Bruce Gowdy<\/a><\/td>\n<td>2013 <a href=\"https:\/\/cbf.ca\/fr\/francine-cimon\/\" target=\"_blank\" rel=\"noopener\">Francine Cimon<\/a><\/td>\n<td>2013 <a href=\"https:\/\/cbf.ca\/fr\/audrey-grant\/\" target=\"_blank\" rel=\"noopener\">Audrey Grant<\/a><\/td>\n<\/tr>\n<tr>\n<td>2013 <a href=\"https:\/\/cbf.ca\/fr\/joey-silver\/\" target=\"_blank\" rel=\"noopener\">Joey Silver<\/a><\/td>\n<td>2012 <a href=\"https:\/\/cbf.ca\/fr\/anderson-william\/\" target=\"_blank\" rel=\"noopener\">William Anderson<\/a><\/td>\n<td>2012 <a href=\"https:\/\/cbf.ca\/fr\/baran-boris\/\" target=\"_blank\" rel=\"noopener\">Boris Baran<\/a><\/td>\n<\/tr>\n<tr>\n<td>2012 <a href=\"https:\/\/cbf.ca\/fr\/molson-mark\/\" target=\"_blank\" rel=\"noopener\">Mark Molson<\/a><\/td>\n<td>2012 <a href=\"https:\/\/cbf.ca\/fr\/peter-nagy\/\" target=\"_blank\" rel=\"noopener\">Peter Nagy<\/a><\/td>\n<td>2011 <a href=\"https:\/\/cbf.ca\/fr\/ralph-cohen\/\" target=\"_blank\" rel=\"noopener\">Ralph Cohen<\/a><\/td>\n<\/tr>\n<tr>\n<td>2011 <a href=\"https:\/\/cbf.ca\/fr\/doug-drew\/\" target=\"_blank\" rel=\"noopener\">Doug Drew<\/a><\/td>\n<td>2011 <a href=\"https:\/\/cbf.ca\/fr\/gordon-diana\/\" target=\"_blank\" rel=\"noopener\">Diana Gordon<\/a><\/td>\n<td>2011 <a href=\"https:\/\/cbf.ca\/fr\/eric-kokish\/\" target=\"_blank\" rel=\"noopener\">Eric Kokish<\/a><\/td>\n<\/tr>\n<tr>\n<td>2011 <a href=\"https:\/\/cbf.ca\/fr\/george-mittelman\/\" target=\"_blank\" rel=\"noopener\">George Mittelman<\/a><\/td>\n<td>2010 \u00a0<a href=\"https:\/\/cbf.ca\/fr\/gold-sam\/\" target=\"_blank\" rel=\"noopener\">Sam Gold<\/a><\/td>\n<td>2010 \u00a0<a href=\"https:\/\/cbf.ca\/fr\/elliott-bruce\/\" target=\"_blank\" rel=\"noopener\">Bruce Elliott<\/a><\/td>\n<\/tr>\n<tr>\n<td>2010 <a href=\"https:\/\/cbf.ca\/fr\/kehela-sami\/\" target=\"_blank\" rel=\"noopener\">Sami Kehala<\/a><\/td>\n<td>2010 <a href=\"https:\/\/cbf.ca\/fr\/eric-murray\/\" target=\"_blank\" rel=\"noopener\">Eric R Murray<\/a><\/td>\n<td>2010 <a href=\"https:\/\/cbf.ca\/fr\/percy-sheardon\/\" target=\"_blank\" rel=\"noopener\">Percy Sheardown<\/a><\/td>\n<\/tr>\n<\/tbody>\n<\/table>\n","protected":false},"excerpt":{"rendered":"<p>Temple de la renomm\u00e9e de la FCB Le Temple de la renomm\u00e9e du Canada a \u00e9t\u00e9 cr\u00e9\u00e9 par la FCB en 2010 pour reconna\u00eetre les r\u00e9alisations et le bilan remarquable de joueurs canadiens. En outre, le Temple de la renomm\u00e9e reconna\u00eet \u00e9galement d\u2019autres canadiens, tels que les enseignants, les auteurs et les administrateurs qui ont<br><a class=\"moretag signature-animation\" href=\"https:\/\/cbf.ca\/fr\/fcb-temple-de-la-renommee\/\">CONTINUER LA LECTURE<\/a>","protected":false},"author":1,"featured_media":0,"parent":0,"menu_order":0,"comment_status":"closed","ping_status":"closed","template":"","meta":{"footnotes":""},"yoast_head":"<!-- This site is optimized with the Yoast SEO plugin v22.3 - https:\/\/yoast.com\/wordpress\/plugins\/seo\/ -->\n<title>Temple de la renomm\u00e9e de la FCB - Canadian Bridge Federation<\/title>\n<meta name=\"robots\" content=\"index, follow, max-snippet:-1, max-image-preview:large, max-video-preview:-1\" \/>\n<link rel=\"canonical\" href=\"https:\/\/cbf.ca\/fr\/fcb-temple-de-la-renommee\/\" \/>\n<meta property=\"og:locale\" content=\"fr_FR\" \/>\n<meta property=\"og:type\" content=\"article\" \/>\n<meta property=\"og:title\" content=\"Temple de la renomm\u00e9e de la FCB - Canadian Bridge Federation\" \/>\n<meta property=\"og:description\" content=\"Temple de la renomm\u00e9e de la FCB Le Temple de la renomm\u00e9e du Canada a \u00e9t\u00e9 cr\u00e9\u00e9 par la FCB en 2010 pour reconna\u00eetre les r\u00e9alisations et le bilan remarquable de joueurs canadiens. En outre, le Temple de la renomm\u00e9e reconna\u00eet \u00e9galement d\u2019autres canadiens, tels que les enseignants, les auteurs et les administrateurs qui ont\" \/>\n<meta property=\"og:url\" content=\"https:\/\/cbf.ca\/fr\/fcb-temple-de-la-renommee\/\" \/>\n<meta property=\"og:site_name\" content=\"Canadian Bridge Federation\" \/>\n<meta property=\"article:publisher\" content=\"https:\/\/www.facebook.com\/Canadian.Bridge.Federation\/\" \/>\n<meta property=\"article:modified_time\" content=\"2026-01-14T03:38:04+00:00\" \/>\n<meta property=\"og:image\" content=\"https:\/\/cbf.ca\/wp-content\/uploads\/2014\/09\/Halloffamememento.png\" \/>\n<meta name=\"twitter:label1\" content=\"Dur\u00e9e de lecture estim\u00e9e\" \/>\n\t<meta name=\"twitter:data1\" content=\"2 minutes\" \/>\n<script type=\"application\/ld+json\" class=\"yoast-schema-graph\">{\"@context\":\"https:\/\/schema.org\",\"@graph\":[{\"@type\":\"WebPage\",\"@id\":\"https:\/\/cbf.ca\/fr\/fcb-temple-de-la-renommee\/\",\"url\":\"https:\/\/cbf.ca\/fr\/fcb-temple-de-la-renommee\/\",\"name\":\"Temple de la renomm\u00e9e de la FCB - Canadian Bridge Federation\",\"isPartOf\":{\"@id\":\"https:\/\/cbf.ca\/#website\"},\"primaryImageOfPage\":{\"@id\":\"https:\/\/cbf.ca\/fr\/fcb-temple-de-la-renommee\/#primaryimage\"},\"image\":{\"@id\":\"https:\/\/cbf.ca\/fr\/fcb-temple-de-la-renommee\/#primaryimage\"},\"thumbnailUrl\":\"https:\/\/cbf.ca\/wp-content\/uploads\/2014\/09\/Halloffamememento.png\",\"datePublished\":\"2014-09-03T19:30:40+00:00\",\"dateModified\":\"2026-01-14T03:38:04+00:00\",\"breadcrumb\":{\"@id\":\"https:\/\/cbf.ca\/fr\/fcb-temple-de-la-renommee\/#breadcrumb\"},\"inLanguage\":\"fr-FR\",\"potentialAction\":[{\"@type\":\"ReadAction\",\"target\":[\"https:\/\/cbf.ca\/fr\/fcb-temple-de-la-renommee\/\"]}]},{\"@type\":\"ImageObject\",\"inLanguage\":\"fr-FR\",\"@id\":\"https:\/\/cbf.ca\/fr\/fcb-temple-de-la-renommee\/#primaryimage\",\"url\":\"https:\/\/cbf.ca\/wp-content\/uploads\/2014\/09\/Halloffamememento.png\",\"contentUrl\":\"https:\/\/cbf.ca\/wp-content\/uploads\/2014\/09\/Halloffamememento.png\",\"width\":225,\"height\":230,\"caption\":\"CBF Hall of Fame Memento\"},{\"@type\":\"BreadcrumbList\",\"@id\":\"https:\/\/cbf.ca\/fr\/fcb-temple-de-la-renommee\/#breadcrumb\",\"itemListElement\":[{\"@type\":\"ListItem\",\"position\":1,\"name\":\"Home\",\"item\":\"https:\/\/cbf.ca\/\"},{\"@type\":\"ListItem\",\"position\":2,\"name\":\"Temple de la renomm\u00e9e de la FCB\"}]},{\"@type\":\"WebSite\",\"@id\":\"https:\/\/cbf.ca\/#website\",\"url\":\"https:\/\/cbf.ca\/\",\"name\":\"Canadian Bridge Federation\",\"description\":\"F\u00e9d\u00e9ration canadienne de bridge\",\"potentialAction\":[{\"@type\":\"SearchAction\",\"target\":{\"@type\":\"EntryPoint\",\"urlTemplate\":\"https:\/\/cbf.ca\/?s={search_term_string}\"},\"query-input\":\"required name=search_term_string\"}],\"inLanguage\":\"fr-FR\"}]}<\/script>\n<!-- \/ Yoast SEO plugin. -->","yoast_head_json":{"title":"Temple de la renomm\u00e9e de la FCB - Canadian Bridge Federation","robots":{"index":"index","follow":"follow","max-snippet":"max-snippet:-1","max-image-preview":"max-image-preview:large","max-video-preview":"max-video-preview:-1"},"canonical":"https:\/\/cbf.ca\/fr\/fcb-temple-de-la-renommee\/","og_locale":"fr_FR","og_type":"article","og_title":"Temple de la renomm\u00e9e de la FCB - Canadian Bridge Federation","og_description":"Temple de la renomm\u00e9e de la FCB Le Temple de la renomm\u00e9e du Canada a \u00e9t\u00e9 cr\u00e9\u00e9 par la FCB en 2010 pour reconna\u00eetre les r\u00e9alisations et le bilan remarquable de joueurs canadiens. En outre, le Temple de la renomm\u00e9e reconna\u00eet \u00e9galement d\u2019autres canadiens, tels que les enseignants, les auteurs et les administrateurs qui ont","og_url":"https:\/\/cbf.ca\/fr\/fcb-temple-de-la-renommee\/","og_site_name":"Canadian Bridge Federation","article_publisher":"https:\/\/www.facebook.com\/Canadian.Bridge.Federation\/","article_modified_time":"2026-01-14T03:38:04+00:00","og_image":[{"url":"https:\/\/cbf.ca\/wp-content\/uploads\/2014\/09\/Halloffamememento.png"}],"twitter_misc":{"Dur\u00e9e de lecture estim\u00e9e":"2 minutes"},"schema":{"@context":"https:\/\/schema.org","@graph":[{"@type":"WebPage","@id":"https:\/\/cbf.ca\/fr\/fcb-temple-de-la-renommee\/","url":"https:\/\/cbf.ca\/fr\/fcb-temple-de-la-renommee\/","name":"Temple de la renomm\u00e9e de la FCB - Canadian Bridge Federation","isPartOf":{"@id":"https:\/\/cbf.ca\/#website"},"primaryImageOfPage":{"@id":"https:\/\/cbf.ca\/fr\/fcb-temple-de-la-renommee\/#primaryimage"},"image":{"@id":"https:\/\/cbf.ca\/fr\/fcb-temple-de-la-renommee\/#primaryimage"},"thumbnailUrl":"https:\/\/cbf.ca\/wp-content\/uploads\/2014\/09\/Halloffamememento.png","datePublished":"2014-09-03T19:30:40+00:00","dateModified":"2026-01-14T03:38:04+00:00","breadcrumb":{"@id":"https:\/\/cbf.ca\/fr\/fcb-temple-de-la-renommee\/#breadcrumb"},"inLanguage":"fr-FR","potentialAction":[{"@type":"ReadAction","target":["https:\/\/cbf.ca\/fr\/fcb-temple-de-la-renommee\/"]}]},{"@type":"ImageObject","inLanguage":"fr-FR","@id":"https:\/\/cbf.ca\/fr\/fcb-temple-de-la-renommee\/#primaryimage","url":"https:\/\/cbf.ca\/wp-content\/uploads\/2014\/09\/Halloffamememento.png","contentUrl":"https:\/\/cbf.ca\/wp-content\/uploads\/2014\/09\/Halloffamememento.png","width":225,"height":230,"caption":"CBF Hall of Fame Memento"},{"@type":"BreadcrumbList","@id":"https:\/\/cbf.ca\/fr\/fcb-temple-de-la-renommee\/#breadcrumb","itemListElement":[{"@type":"ListItem","position":1,"name":"Home","item":"https:\/\/cbf.ca\/"},{"@type":"ListItem","position":2,"name":"Temple de la renomm\u00e9e de la FCB"}]},{"@type":"WebSite","@id":"https:\/\/cbf.ca\/#website","url":"https:\/\/cbf.ca\/","name":"Canadian Bridge Federation","description":"F\u00e9d\u00e9ration canadienne de bridge","potentialAction":[{"@type":"SearchAction","target":{"@type":"EntryPoint","urlTemplate":"https:\/\/cbf.ca\/?s={search_term_string}"},"query-input":"required name=search_term_string"}],"inLanguage":"fr-FR"}]}},"_links":{"self":[{"href":"https:\/\/cbf.ca\/fr\/wp-json\/wp\/v2\/pages\/3737"}],"collection":[{"href":"https:\/\/cbf.ca\/fr\/wp-json\/wp\/v2\/pages"}],"about":[{"href":"https:\/\/cbf.ca\/fr\/wp-json\/wp\/v2\/types\/page"}],"author":[{"embeddable":true,"href":"https:\/\/cbf.ca\/fr\/wp-json\/wp\/v2\/users\/1"}],"replies":[{"embeddable":true,"href":"https:\/\/cbf.ca\/fr\/wp-json\/wp\/v2\/comments?post=3737"}],"version-history":[{"count":55,"href":"https:\/\/cbf.ca\/fr\/wp-json\/wp\/v2\/pages\/3737\/revisions"}],"predecessor-version":[{"id":37102,"href":"https:\/\/cbf.ca\/fr\/wp-json\/wp\/v2\/pages\/3737\/revisions\/37102"}],"wp:attachment":[{"href":"https:\/\/cbf.ca\/fr\/wp-json\/wp\/v2\/media?parent=3737"}],"curies":[{"name":"wp","href":"https:\/\/api.w.org\/{rel}","templated":true}]}}