{"id":36869,"date":"2026-01-09T19:54:15","date_gmt":"2026-01-09T15:54:15","guid":{"rendered":"https:\/\/cbf.ca\/?page_id=36869"},"modified":"2026-01-09T20:03:57","modified_gmt":"2026-01-09T16:03:57","slug":"36869-2","status":"publish","type":"page","link":"https:\/\/cbf.ca\/fr\/36869-2\/","title":{"rendered":"\u00c9v\u00e9nements du mois !  Janvier 2026"},"content":{"rendered":"\n<!-- CBF Flyer with clickable button hotspots -->\n<div class=\"cbf-flyer\">\n  <!-- The image -->\n  <img decoding=\"async\"\n    class=\"cbf-flyer__img\"\n    src=\"https:\/\/cbf.ca\/wp-content\/uploads\/2026\/01\/Jan-FR-NEWS.png\"\n    alt=\"Du bridge passionnant \u2014 \u00c9v\u00e9nements du mois\"\n  \/>\n\n  <!-- Hotspots (overlay links) -->\n  <a\n    class=\"cbf-hotspot cbf-hotspot--imp\"\n    href=\"https:\/\/cbf.ca\/fr\/paires-imp-online-0-499-avec-analyse-en-direct-par-expert\/\"\n    target=\"_blank\"\n    rel=\"noopener\"\n    aria-label=\"Paires IMP 0-499 \u2014 En savoir plus\"\n    title=\"En savoir plus\"><\/a>\n\n  <a\n    class=\"cbf-hotspot cbf-hotspot--auction\"\n    href=\"https:\/\/cbf.ca\/fr\/classique-des-celebrites-2026\/\"\n    target=\"_blank\"\n    rel=\"noopener\"\n    aria-label=\"Ench\u00e9rir sur des c\u00e9l\u00e9brit\u00e9s \u2014 Commencez les ench\u00e8res\"\n    title=\"Commencez les ench\u00e8res\"><\/a>\n\n  <a\n    class=\"cbf-hotspot cbf-hotspot--kibitz\"\n    href=\"https:\/\/kibitz.realbridge.online\"\n    target=\"_blank\"\n    rel=\"noopener\"\n    aria-label=\"\u00c9quipes canadiennes \u2014 Kibitz\"\n    title=\"Kibitz\"><\/a>\n<\/div>\n\n<style>\n  \/* Container *\/\n  .cbf-flyer {\n    position: relative;\n    width: min(900px, 100%); \/* adjust max width if you want *\/\n    margin: 0 auto;\n  }\n\n  \/* Image *\/\n  .cbf-flyer__img {\n    width: 100%;\n    height: auto;\n    display: block;\n  }\n\n  \/* Hotspots *\/\n  .cbf-hotspot {\n    position: absolute;\n    display: block;\n    \/* optional: helps on iOS *\/\n    -webkit-tap-highlight-color: rgba(0,0,0,0);\n  }\n\n  \/*\n    Coordinates are % of the image (responsive).\n    Based on your PNG size: 1365 x 2048\n  *\/\n\n  \/* En savoir plus (IMP button) *\/\n  .cbf-hotspot--imp {\n    left: 4.40%;\n    top: 45.56%;\n    width: 25.64%;\n    height: 4.39%;\n  }\n\n  \/* Commencez les ench\u00e8res (Auction button) *\/\n  .cbf-hotspot--auction {\n    left: 2.93%;\n    top: 64.50%;\n    width: 48.35%;\n    height: 4.64%;\n  }\n\n  \/* Kibitz (Trials button) *\/\n  .cbf-hotspot--kibitz {\n    left: 69.82%;\n    top: 89.55%;\n    width: 21.98%;\n    height: 4.35%;\n  }\n\n  \/* DEBUG (optional): uncomment to see the clickable boxes *\/\n  \/*\n  .cbf-hotspot { outline: 2px dashed rgba(255, 0, 0, 0.6); }\n  *\/\n<\/style>\n\n","protected":false},"excerpt":{"rendered":"<br><a class=\"moretag signature-animation\" href=\"https:\/\/cbf.ca\/fr\/36869-2\/\">CONTINUER LA LECTURE<\/a>","protected":false},"author":1,"featured_media":0,"parent":0,"menu_order":0,"comment_status":"closed","ping_status":"closed","template":"","meta":{"footnotes":""},"yoast_head":"<!-- This site is optimized with the Yoast SEO plugin v22.3 - https:\/\/yoast.com\/wordpress\/plugins\/seo\/ -->\n<title>\u00c9v\u00e9nements du mois ! Janvier 2026 - Canadian Bridge Federation<\/title>\n<meta name=\"robots\" content=\"index, follow, max-snippet:-1, max-image-preview:large, max-video-preview:-1\" \/>\n<link rel=\"canonical\" href=\"https:\/\/cbf.ca\/fr\/36869-2\/\" \/>\n<meta property=\"og:locale\" content=\"fr_FR\" \/>\n<meta property=\"og:type\" content=\"article\" \/>\n<meta property=\"og:title\" content=\"\u00c9v\u00e9nements du mois ! Janvier 2026 - Canadian Bridge Federation\" \/>\n<meta property=\"og:url\" content=\"https:\/\/cbf.ca\/fr\/36869-2\/\" \/>\n<meta property=\"og:site_name\" content=\"Canadian Bridge Federation\" \/>\n<meta property=\"article:publisher\" content=\"https:\/\/www.facebook.com\/Canadian.Bridge.Federation\/\" \/>\n<meta property=\"article:modified_time\" content=\"2026-01-09T16:03:57+00:00\" \/>\n<meta name=\"twitter:label1\" content=\"Dur\u00e9e de lecture estim\u00e9e\" \/>\n\t<meta name=\"twitter:data1\" content=\"1 minute\" \/>\n<script type=\"application\/ld+json\" class=\"yoast-schema-graph\">{\"@context\":\"https:\/\/schema.org\",\"@graph\":[{\"@type\":\"WebPage\",\"@id\":\"https:\/\/cbf.ca\/fr\/36869-2\/\",\"url\":\"https:\/\/cbf.ca\/fr\/36869-2\/\",\"name\":\"\u00c9v\u00e9nements du mois ! Janvier 2026 - Canadian Bridge Federation\",\"isPartOf\":{\"@id\":\"https:\/\/cbf.ca\/#website\"},\"datePublished\":\"2026-01-09T15:54:15+00:00\",\"dateModified\":\"2026-01-09T16:03:57+00:00\",\"breadcrumb\":{\"@id\":\"https:\/\/cbf.ca\/fr\/36869-2\/#breadcrumb\"},\"inLanguage\":\"fr-FR\",\"potentialAction\":[{\"@type\":\"ReadAction\",\"target\":[\"https:\/\/cbf.ca\/fr\/36869-2\/\"]}]},{\"@type\":\"BreadcrumbList\",\"@id\":\"https:\/\/cbf.ca\/fr\/36869-2\/#breadcrumb\",\"itemListElement\":[{\"@type\":\"ListItem\",\"position\":1,\"name\":\"Home\",\"item\":\"https:\/\/cbf.ca\/\"},{\"@type\":\"ListItem\",\"position\":2,\"name\":\"\u00c9v\u00e9nements du mois ! Janvier 2026\"}]},{\"@type\":\"WebSite\",\"@id\":\"https:\/\/cbf.ca\/#website\",\"url\":\"https:\/\/cbf.ca\/\",\"name\":\"Canadian Bridge Federation\",\"description\":\"F\u00e9d\u00e9ration canadienne de bridge\",\"potentialAction\":[{\"@type\":\"SearchAction\",\"target\":{\"@type\":\"EntryPoint\",\"urlTemplate\":\"https:\/\/cbf.ca\/?s={search_term_string}\"},\"query-input\":\"required name=search_term_string\"}],\"inLanguage\":\"fr-FR\"}]}<\/script>\n<!-- \/ Yoast SEO plugin. -->","yoast_head_json":{"title":"\u00c9v\u00e9nements du mois ! Janvier 2026 - Canadian Bridge Federation","robots":{"index":"index","follow":"follow","max-snippet":"max-snippet:-1","max-image-preview":"max-image-preview:large","max-video-preview":"max-video-preview:-1"},"canonical":"https:\/\/cbf.ca\/fr\/36869-2\/","og_locale":"fr_FR","og_type":"article","og_title":"\u00c9v\u00e9nements du mois ! Janvier 2026 - Canadian Bridge Federation","og_url":"https:\/\/cbf.ca\/fr\/36869-2\/","og_site_name":"Canadian Bridge Federation","article_publisher":"https:\/\/www.facebook.com\/Canadian.Bridge.Federation\/","article_modified_time":"2026-01-09T16:03:57+00:00","twitter_misc":{"Dur\u00e9e de lecture estim\u00e9e":"1 minute"},"schema":{"@context":"https:\/\/schema.org","@graph":[{"@type":"WebPage","@id":"https:\/\/cbf.ca\/fr\/36869-2\/","url":"https:\/\/cbf.ca\/fr\/36869-2\/","name":"\u00c9v\u00e9nements du mois ! Janvier 2026 - Canadian Bridge Federation","isPartOf":{"@id":"https:\/\/cbf.ca\/#website"},"datePublished":"2026-01-09T15:54:15+00:00","dateModified":"2026-01-09T16:03:57+00:00","breadcrumb":{"@id":"https:\/\/cbf.ca\/fr\/36869-2\/#breadcrumb"},"inLanguage":"fr-FR","potentialAction":[{"@type":"ReadAction","target":["https:\/\/cbf.ca\/fr\/36869-2\/"]}]},{"@type":"BreadcrumbList","@id":"https:\/\/cbf.ca\/fr\/36869-2\/#breadcrumb","itemListElement":[{"@type":"ListItem","position":1,"name":"Home","item":"https:\/\/cbf.ca\/"},{"@type":"ListItem","position":2,"name":"\u00c9v\u00e9nements du mois ! Janvier 2026"}]},{"@type":"WebSite","@id":"https:\/\/cbf.ca\/#website","url":"https:\/\/cbf.ca\/","name":"Canadian Bridge Federation","description":"F\u00e9d\u00e9ration canadienne de bridge","potentialAction":[{"@type":"SearchAction","target":{"@type":"EntryPoint","urlTemplate":"https:\/\/cbf.ca\/?s={search_term_string}"},"query-input":"required name=search_term_string"}],"inLanguage":"fr-FR"}]}},"_links":{"self":[{"href":"https:\/\/cbf.ca\/fr\/wp-json\/wp\/v2\/pages\/36869"}],"collection":[{"href":"https:\/\/cbf.ca\/fr\/wp-json\/wp\/v2\/pages"}],"about":[{"href":"https:\/\/cbf.ca\/fr\/wp-json\/wp\/v2\/types\/page"}],"author":[{"embeddable":true,"href":"https:\/\/cbf.ca\/fr\/wp-json\/wp\/v2\/users\/1"}],"replies":[{"embeddable":true,"href":"https:\/\/cbf.ca\/fr\/wp-json\/wp\/v2\/comments?post=36869"}],"version-history":[{"count":2,"href":"https:\/\/cbf.ca\/fr\/wp-json\/wp\/v2\/pages\/36869\/revisions"}],"predecessor-version":[{"id":36875,"href":"https:\/\/cbf.ca\/fr\/wp-json\/wp\/v2\/pages\/36869\/revisions\/36875"}],"wp:attachment":[{"href":"https:\/\/cbf.ca\/fr\/wp-json\/wp\/v2\/media?parent=36869"}],"curies":[{"name":"wp","href":"https:\/\/api.w.org\/{rel}","templated":true}]}}