{"id":35734,"date":"2025-11-11T20:15:10","date_gmt":"2025-11-11T16:15:10","guid":{"rendered":"https:\/\/cbf.ca\/?page_id=35734"},"modified":"2025-12-07T04:10:58","modified_gmt":"2025-12-07T00:10:58","slug":"35734-2","status":"publish","type":"page","link":"https:\/\/cbf.ca\/fr\/35734-2\/","title":{"rendered":"Qualifications pour les Championnats canadiens : paires et \u00e9quipes"},"content":{"rendered":"\n<style>\n  .cbf-gold {\n    color: #A27C28;\n    font-weight: 600;\n  }\n<\/style>\n\n\n<section class=\"cbf-section cbf-qualifiers\" id=\"cbc-qualifiers-2026\">\n\n  <h1 class=\"cbf-section-title\">\n Qualifications pour les Championnats canadiens : paires et \u00e9quipes\n  <\/h1>\n\n  <p class=\"cbf-lead\">\n     <strong>Tous les joueurs doivent obtenir ou acheter leur qualification pour participer aux Championnats canadiens: CNTC-A, CSTC, CWTC, CMTC, COPC.<\/strong> Une qualification distincte est requise pour le COPC et les \u00c9quipes. <strong>Un joueur se qualifie en tant qu\u2019individu.<\/strong> Une qualification en \u00e9quipe est valide pour tout championnat par \u00e9quipe.  \n  <\/p>\n\n  <p>\n La FCB tiendra des parties en ligne \u00e0 l\u2019automne 2025 qui serviront de qualification pour le  <strong class=\"cbf-gold\"> COPCPaires) et les \u00e9v\u00e9nements par \u00e9quipe que sont le CNTC-A, CSTC, CWTC, CMTC!<\/strong> Vous pouvez \u00e9galement vous qualifier dans un match de club sanctionn\u00e9 (points suppl\u00e9mentaires), pour \u00eatre admissible \u00e0 jouer au tournoi \u00e0 la ronde des Championnats canadiens 2026 qui se tiendra en ligne en janvier et f\u00e9vrier 2026, selon les \u00e9v\u00e9nements. \n  <\/p>\n\n  <p>\n Les matchs de qualification pour le Championnat canadien en paires (COPC) se d\u00e9rouleront sur\n<strong>RealBridge<\/strong> dans le cadre des parties Maple Leaf aux dates indiqu\u00e9es ci-dessous.\nLes matchs de qualification pour les \u00e9v\u00e9nements par \u00e9quipe se d\u00e9rouleront sur\nBBO ou RealBridge, selon la date. Veuillez noter que tous les matchs de qualification jou\u00e9s sur RealBridge n\u00e9cessiteront que le joueur dispose d&rsquo;un compte RealBridge.  \n  <\/p>\n\n<!-- START GRID WRAPPER -->\n<div class=\"cbf-qualifier-grid\">\n\n  <!-- Card 1 \u2013 COPC Pairs -->\n  <article class=\"cbf-card\">\n    <h2 class=\"cbf-card-title\">\n Qualifications Paires: COPC\n<span class=\"cbf-pill cbf-pill-realbridge\">RealBridge<\/span>\n    <\/h2>\n\n    <!-- TABLE ONLY INSIDE THIS WRAPPER -->\n    <div class=\"cbf-table-wrapper\">\n      <table class=\"cbf-table\">\n        <thead>\n          <tr>\n            <th>Date<\/th>\n<th>Heure (HE)<\/th>\n          <\/tr>\n        <\/thead>\n        <tbody>\n          <tr>\n            <td>Vendredi 19 septembre<\/td>\n<td>19h00<\/td>\n          <\/tr>\n          <tr>\n            <td>Vendredi 17 octobre<\/td>\n<td>19h00<\/td>\n          <\/tr>\n          <tr>\n            <td>Vendredi 21 novembre<\/td>\n<td>19h00<\/td>\n          <\/tr>\n          <tr>\n            <td>Vendredi 19 d\u00e9cembre<\/td>\n<td>19h00<\/td>\n          <\/tr>\n        <\/tbody>\n      <\/table>\n    <\/div>\n\n    <!-- TEXT + BUTTON BELOW THE TABLE -->\n    <p class=\"cbf-note\">\n      <strong>RealBridge:<\/strong>\npour les instructions pour cr\u00e9er un compte RealBridge, cliquer sur le bouton suivant :\n    <\/p>\n\n    <a class=\"cbf-button cbf-button--realbridge\" href=\"https:\/\/cbf.ca\/fr\/parties-maple-leaf-en-ligne\/\" target=\"_blank\" rel=\"noopener\">\n Cr\u00e9er un compte RealBridge \u2192\n    <\/a>\n  <\/article>\n\n <!-- Card 2 \u2013 Team Qualification schedule -->\n<article class=\"cbf-card\">\n  <h2 class=\"cbf-card-title\">\n Qualification par \u00e9quipe\n<span class=\"cbf-pill cbf-pill-teams\">\u00c9quipes<\/span>\n  <\/h2>\n\n  <div class=\"cbf-table-wrapper\">\n    <table class=\"cbf-table cbf-table--teams\">\n      <thead>\n        <tr>\n          <th>Date<\/th>\n<th>Heure (HE)<\/th>\n<th>Plateforme<\/th>\n        <\/tr>\n      <\/thead>\n      <tbody>\n        <tr>\n          <td>Mardi 14 octobre<\/td>\n<td>20h00<\/td>\n<td>BBO<\/td>\n        <\/tr>\n        <tr>\n          <td>Lundi 27 octobre<\/td>\n<td>20h00<\/td>\n<td>BBO<\/td>\n        <\/tr>\n        <tr>\n          <td>Dimanche 9 novembre<\/td>\n<td>14h00<\/td>\n<td>BBO<\/td>\n        <\/tr>\n        <tr>\n          <td>Dimanche 7 d\u00e9cembre<\/td>\n<td>14h00<\/td>\n<td>BBO<\/td>\n        <\/tr>\n        <tr>\n          <td>Mardi 16 d\u00e9cembre<\/td>\n<td>20h00<\/td>\n<td>BBO<\/td>\n        <\/tr>\n        <tr>\n          <td>Lundi 29 d\u00e9cembre<\/td>\n<td>13h00<\/td>\n<td>RealBridge<\/td>\n        <\/tr>\n      <\/tbody>\n    <\/table>\n  <\/div>\n\n<div class=\"cbf-warning\">\n  <strong>NOTE :<\/strong>\npr\u00e9inscription requise pour participer au match du 29 d\u00e9cembre sur RealBridge.\n<a class=\"cbf-button cbf-button--realbridge\" href=\"https:\/\/cbf.ca\/fr\/evenements\/calendrier-des-evenements\/#id=10193&#038;cid=1042&#038;wid=1101\" target=\"_blank\" rel=\"noopener\">Cliquer ici pour l&rsquo;inscription \u2192<\/a> \n\n  \n\n\n\n<\/div>\n\n\n<\/article>\n\n  <!-- Card 3 \u2013 RealBridge Team Qualifier -->\n\n<article class=\"cbf-card cbf-card--realbridge\">\n  <h2 class=\"cbf-card-title\">Qualification du 29 d\u00e9cembre sur RealBridge<\/h2>\n\n  <ul class=\"cbf-bullet-list\">\n    <li>8 $ par joueur. Le paiement est fait lors de la connexion sur RealBridge le 29 d\u00e9cembre, et non pas lors de l\u2019inscription.<\/li>\n    <li>\u00c9quipes de 4 seulement.<\/li>\n    <li>Au moins 6 \u00e9quipes doivent s\u2019inscrire pour que la partie puisse avoir lieu.<\/li>\n    <li>Un compte RealBridge est requis.<\/li>\n  <\/ul>\n<\/article>\n<\/div><!--END .cbf-qualifier-grid -->\n\n\n  <!-- BBO HOW TO REGISTER -->\n<article class=\"cbf-card cbf-card--accent cbf-card--split\">\n  <header class=\"cbf-card-header\">\n    <div>\n      <h2 class=\"cbf-card-title\">Qualification pour les \u00e9v\u00e9nements par \u00e9quipe sur BBO \u2013 Comment s\u2019inscrire<\/h2>\n    <\/div>\n  <\/header>\n\n  <ol class=\"cbf-step-list cbf-step-list--boxed\">\n    <li>\n Nos parties apparaissent sur BBO 2 heures avant leur d\u00e9but.\n    <\/li>\n    <li>\n  Sur BBO, allez dans <strong>Comp\u00e9titif > Tous les tournois<\/strong> et cherchez <strong>CBF<\/strong>.\n    <\/li>\n    <li>\n Chaque paire s\u2019inscrit s\u00e9par\u00e9ment et est plac\u00e9e dans la salle d\u2019attente <em>(S\u00e9lectionner les co\u00e9quipiers).<\/em>\n    <\/li>\n    <li>\n Une fois les deux paires inscrites, l\u2019un des deux invitants doit inviter l\u2019autre paire.\n    <\/li>\n    <li>\n L\u2019\u00e9quipe enti\u00e8re appara\u00eet alors sous Inscriptions.\n    <\/li>\n  <\/ol>\n<\/article>\n\n\n<!-- Qualifying Criteria -->\n<section class=\"cbf-criteria\">\n\n  <div class=\"cbf-criteria-header\">\n    <h3 class=\"cbf-criteria-title\">Crit\u00e8res de qualification<\/h3>\n    <p class=\"cbf-criteria-intro\">\n Pour se qualifier pour un \u00e9v\u00e9nement par \u00e9quipe du Championnat canadien, un joueur doit remplir <strong>au moins une<\/strong> des conditions suivantes:\n    <\/p>\n  <\/div>\n\n  <div class=\"cbf-criteria-grid\">\n\n    <!-- Box 1 -->\n    <div class=\"cbf-criteria-box\">\n      <h2 class=\"cbf-criteria-box-title\">\n        <span class=\"cbf-circle\">1<\/span>\nGagner au moins la moiti\u00e9 de ses matchs\n      <\/h2>\n      <p>\n L&rsquo;\u00e9quipe gagne au moins la moiti\u00e9 de ses matchs, comptant une victoire d&rsquo;un IMP comme une victoire\net un match nul comme un-demi match gagn\u00e9.\n      <\/p>\n    <\/div>\n\n    <!-- Box 2 -->\n    <div class=\"cbf-criteria-box\">\n      <h2 class=\"cbf-criteria-box-title\">\n        <span class=\"cbf-circle\">2<\/span>\nSe classer parmi les 50% meilleures \u00e9quipes\n      <\/h2>\n      <p>\n L&rsquo;\u00e9quipe se classe dans les 50 % meilleurs \u00e9quipes inscrites, selon le syst\u00e8me de notation utilis\u00e9, m\u00eame si elle ne remplit pas la premi\u00e8re condition.\n      <\/p>\n    <\/div>\n\n  <\/div>\n\n<\/section>\n\n\n<\/section>\n","protected":false},"excerpt":{"rendered":"<p>Qualifications pour les Championnats canadiens : paires et \u00e9quipes Tous les joueurs doivent obtenir ou acheter leur qualification pour participer aux Championnats canadiens: CNTC-A, CSTC, CWTC, CMTC, COPC. Une qualification distincte est requise pour le COPC et les \u00c9quipes. Un joueur se qualifie en tant qu\u2019individu. Une qualification en \u00e9quipe est valide pour tout championnat<br><a class=\"moretag signature-animation\" href=\"https:\/\/cbf.ca\/fr\/35734-2\/\">CONTINUER LA LECTURE<\/a>","protected":false},"author":1,"featured_media":0,"parent":0,"menu_order":0,"comment_status":"closed","ping_status":"closed","template":"","meta":{"footnotes":""},"yoast_head":"<!-- This site is optimized with the Yoast SEO plugin v22.3 - https:\/\/yoast.com\/wordpress\/plugins\/seo\/ -->\n<title>Qualifications pour les Championnats canadiens : paires et \u00e9quipes - Canadian Bridge Federation<\/title>\n<meta name=\"robots\" content=\"index, follow, max-snippet:-1, max-image-preview:large, max-video-preview:-1\" \/>\n<link rel=\"canonical\" href=\"https:\/\/cbf.ca\/fr\/35734-2\/\" \/>\n<meta property=\"og:locale\" content=\"fr_FR\" \/>\n<meta property=\"og:type\" content=\"article\" \/>\n<meta property=\"og:title\" content=\"Qualifications pour les Championnats canadiens : paires et \u00e9quipes - Canadian Bridge Federation\" \/>\n<meta property=\"og:description\" content=\"Qualifications pour les Championnats canadiens : paires et \u00e9quipes Tous les joueurs doivent obtenir ou acheter leur qualification pour participer aux Championnats canadiens: CNTC-A, CSTC, CWTC, CMTC, COPC. Une qualification distincte est requise pour le COPC et les \u00c9quipes. Un joueur se qualifie en tant qu\u2019individu. Une qualification en \u00e9quipe est valide pour tout championnat\" \/>\n<meta property=\"og:url\" content=\"https:\/\/cbf.ca\/fr\/35734-2\/\" \/>\n<meta property=\"og:site_name\" content=\"Canadian Bridge Federation\" \/>\n<meta property=\"article:publisher\" content=\"https:\/\/www.facebook.com\/Canadian.Bridge.Federation\/\" \/>\n<meta property=\"article:modified_time\" content=\"2025-12-07T00:10:58+00:00\" \/>\n<meta name=\"twitter:label1\" content=\"Dur\u00e9e de lecture estim\u00e9e\" \/>\n\t<meta name=\"twitter:data1\" content=\"3 minutes\" \/>\n<script type=\"application\/ld+json\" class=\"yoast-schema-graph\">{\"@context\":\"https:\/\/schema.org\",\"@graph\":[{\"@type\":\"WebPage\",\"@id\":\"https:\/\/cbf.ca\/fr\/35734-2\/\",\"url\":\"https:\/\/cbf.ca\/fr\/35734-2\/\",\"name\":\"Qualifications pour les Championnats canadiens : paires et \u00e9quipes - Canadian Bridge Federation\",\"isPartOf\":{\"@id\":\"https:\/\/cbf.ca\/#website\"},\"datePublished\":\"2025-11-11T16:15:10+00:00\",\"dateModified\":\"2025-12-07T00:10:58+00:00\",\"breadcrumb\":{\"@id\":\"https:\/\/cbf.ca\/fr\/35734-2\/#breadcrumb\"},\"inLanguage\":\"fr-FR\",\"potentialAction\":[{\"@type\":\"ReadAction\",\"target\":[\"https:\/\/cbf.ca\/fr\/35734-2\/\"]}]},{\"@type\":\"BreadcrumbList\",\"@id\":\"https:\/\/cbf.ca\/fr\/35734-2\/#breadcrumb\",\"itemListElement\":[{\"@type\":\"ListItem\",\"position\":1,\"name\":\"Home\",\"item\":\"https:\/\/cbf.ca\/\"},{\"@type\":\"ListItem\",\"position\":2,\"name\":\"Qualifications pour les Championnats canadiens : paires et \u00e9quipes\"}]},{\"@type\":\"WebSite\",\"@id\":\"https:\/\/cbf.ca\/#website\",\"url\":\"https:\/\/cbf.ca\/\",\"name\":\"Canadian Bridge Federation\",\"description\":\"F\u00e9d\u00e9ration canadienne de bridge\",\"potentialAction\":[{\"@type\":\"SearchAction\",\"target\":{\"@type\":\"EntryPoint\",\"urlTemplate\":\"https:\/\/cbf.ca\/?s={search_term_string}\"},\"query-input\":\"required name=search_term_string\"}],\"inLanguage\":\"fr-FR\"}]}<\/script>\n<!-- \/ Yoast SEO plugin. -->","yoast_head_json":{"title":"Qualifications pour les Championnats canadiens : paires et \u00e9quipes - Canadian Bridge Federation","robots":{"index":"index","follow":"follow","max-snippet":"max-snippet:-1","max-image-preview":"max-image-preview:large","max-video-preview":"max-video-preview:-1"},"canonical":"https:\/\/cbf.ca\/fr\/35734-2\/","og_locale":"fr_FR","og_type":"article","og_title":"Qualifications pour les Championnats canadiens : paires et \u00e9quipes - Canadian Bridge Federation","og_description":"Qualifications pour les Championnats canadiens : paires et \u00e9quipes Tous les joueurs doivent obtenir ou acheter leur qualification pour participer aux Championnats canadiens: CNTC-A, CSTC, CWTC, CMTC, COPC. Une qualification distincte est requise pour le COPC et les \u00c9quipes. Un joueur se qualifie en tant qu\u2019individu. Une qualification en \u00e9quipe est valide pour tout championnat","og_url":"https:\/\/cbf.ca\/fr\/35734-2\/","og_site_name":"Canadian Bridge Federation","article_publisher":"https:\/\/www.facebook.com\/Canadian.Bridge.Federation\/","article_modified_time":"2025-12-07T00:10:58+00:00","twitter_misc":{"Dur\u00e9e de lecture estim\u00e9e":"3 minutes"},"schema":{"@context":"https:\/\/schema.org","@graph":[{"@type":"WebPage","@id":"https:\/\/cbf.ca\/fr\/35734-2\/","url":"https:\/\/cbf.ca\/fr\/35734-2\/","name":"Qualifications pour les Championnats canadiens : paires et \u00e9quipes - Canadian Bridge Federation","isPartOf":{"@id":"https:\/\/cbf.ca\/#website"},"datePublished":"2025-11-11T16:15:10+00:00","dateModified":"2025-12-07T00:10:58+00:00","breadcrumb":{"@id":"https:\/\/cbf.ca\/fr\/35734-2\/#breadcrumb"},"inLanguage":"fr-FR","potentialAction":[{"@type":"ReadAction","target":["https:\/\/cbf.ca\/fr\/35734-2\/"]}]},{"@type":"BreadcrumbList","@id":"https:\/\/cbf.ca\/fr\/35734-2\/#breadcrumb","itemListElement":[{"@type":"ListItem","position":1,"name":"Home","item":"https:\/\/cbf.ca\/"},{"@type":"ListItem","position":2,"name":"Qualifications pour les Championnats canadiens : paires et \u00e9quipes"}]},{"@type":"WebSite","@id":"https:\/\/cbf.ca\/#website","url":"https:\/\/cbf.ca\/","name":"Canadian Bridge Federation","description":"F\u00e9d\u00e9ration canadienne de bridge","potentialAction":[{"@type":"SearchAction","target":{"@type":"EntryPoint","urlTemplate":"https:\/\/cbf.ca\/?s={search_term_string}"},"query-input":"required name=search_term_string"}],"inLanguage":"fr-FR"}]}},"_links":{"self":[{"href":"https:\/\/cbf.ca\/fr\/wp-json\/wp\/v2\/pages\/35734"}],"collection":[{"href":"https:\/\/cbf.ca\/fr\/wp-json\/wp\/v2\/pages"}],"about":[{"href":"https:\/\/cbf.ca\/fr\/wp-json\/wp\/v2\/types\/page"}],"author":[{"embeddable":true,"href":"https:\/\/cbf.ca\/fr\/wp-json\/wp\/v2\/users\/1"}],"replies":[{"embeddable":true,"href":"https:\/\/cbf.ca\/fr\/wp-json\/wp\/v2\/comments?post=35734"}],"version-history":[{"count":12,"href":"https:\/\/cbf.ca\/fr\/wp-json\/wp\/v2\/pages\/35734\/revisions"}],"predecessor-version":[{"id":35843,"href":"https:\/\/cbf.ca\/fr\/wp-json\/wp\/v2\/pages\/35734\/revisions\/35843"}],"wp:attachment":[{"href":"https:\/\/cbf.ca\/fr\/wp-json\/wp\/v2\/media?parent=35734"}],"curies":[{"name":"wp","href":"https:\/\/api.w.org\/{rel}","templated":true}]}}