{"id":35086,"date":"2025-11-02T17:24:30","date_gmt":"2025-11-02T13:24:30","guid":{"rendered":"https:\/\/cbf.ca\/gerants-de-clubs\/evenements-en-personne\/"},"modified":"2026-04-01T20:59:32","modified_gmt":"2026-04-01T16:59:32","slug":"face-to-face-special-event-schedule-canadian-clubs","status":"publish","type":"page","link":"https:\/\/cbf.ca\/fr\/gerants-de-clubs\/face-to-face-special-event-schedule-canadian-clubs\/","title":{"rendered":"\u00c9v\u00e9nements en personne &#8211; Clubs canadiens"},"content":{"rendered":"\n<h2 class=\"wp-block-heading\">\u00c9v\u00e9nements en personne &#8211; Clubs canadiens<\/h2>\n\n\n\n<p>(L&rsquo;ACBL collecte les frais r\u00e9guliers de 1,25 US par table pour les parties sanctionn\u00e9es de bridge.)<\/p>\n\n\n\n<figure class=\"wp-block-table\"><table><tbody><tr><td><strong>Mois<\/strong><\/td><td><strong>\u00c9v\u00e9nement<\/strong><\/td><td><strong>Frais additionnels<\/strong><\/td><\/tr><tr><td>Avril<\/td><td>Championnat de charit\u00e9 dans les clubs<\/td><td>4 $ \/ table<\/td><\/tr><tr><td>Avril<\/td><td>Ma\u00eetres-Novices Helen Shield *<\/td><td>4 $ \/ table<\/td><\/tr><tr><td>Septembre<\/td><td>Parties Fonds international<\/td><td>4 $ \/ table<\/td><\/tr><tr><td>Sept.-D\u00e9c.<\/td><td>COPC\/CNTC Sessions de qualification dans les clubs *<\/td><td>4 $ \/ table<\/td><\/tr><tr><td>Oct.<\/td><td>Parties Maitres-Novices Erin Berry *<\/td><td>4 $ \/ table<\/td><\/tr><\/tbody><\/table><\/figure>\n\n\n<p><strong>* Inscription aupr\u00e8s de la FCB requise. <\/strong><strong>D\u00e9tails et formulaires sur la page de ces \u00e9v\u00e9nements sour &lsquo;G\u00e9rants de clubs. Pour information : <a href=\"mailto:admin@cbf.ca\">admin@cbf.ca<\/a>. <\/strong><\/p>\n<p>D\u00e9tails et formulaires sur la page de ces \u00e9v\u00e9nements sous &lsquo;G\u00e9rants de clubs&rsquo;.<\/p>\n<p>Note: Pendant les mois d\u00e9sign\u00e9s (Avril \/ Sept.), les clubs peuvent tenir autant de parties Charit\u00e9 et Fonds international qu&rsquo;ils le d\u00e9sirent. Les b\u00e9n\u00e9fices des parties Charit\u00e9 sont partag\u00e9es entre l&rsquo;organisme choisi par le club (i.e. Banque alimentaire) et le Fonds caritatif de la FCB.<\/p>\n<p><em>Les montants des frais additionnels pour ces parties sp\u00e9ciales doivent \u00eatre envoy\u00e9s directement \u00e0 la FCB, par ch\u00e8que ou virement. Les rapports peuvent \u00eatre imprim\u00e9s de ACBLScore, mais les instructions qui y sont ne sont pas \u00e0 jour. <\/em>Svp envoyer votre paiement \u00e0 :<\/p>\n<p style=\"padding-left: 40px;\">Ch\u00e8ques payables \u00e0 : <br \/>F\u00e9d\u00e9ration canadienne de bridge, PO Box 24142, Evergreen RPO, Calgary, AB T2Y 0J9<br \/>Virement: treasurer@cbf.ca<\/p>\n<p>Pour les autres parties sp\u00e9ciales, i.e. Fonds Junior, Fonds \u00c9ducation, STAC et ACBL-wide, l&rsquo;ACBL facturera directement les clubs.<\/p>\n\n\n<p>.<\/p>\n","protected":false},"excerpt":{"rendered":"<p>\u00c9v\u00e9nements en personne &#8211; Clubs canadiens (L&rsquo;ACBL collecte les frais r\u00e9guliers de 1,25 US par table pour les parties sanctionn\u00e9es de bridge.) Mois \u00c9v\u00e9nement Frais additionnels Avril Championnat de charit\u00e9 dans les clubs 4 $ \/ table Avril Ma\u00eetres-Novices Helen Shield * 4 $ \/ table Septembre Parties Fonds international 4 $ \/ table Sept.-D\u00e9c.<br><a class=\"moretag signature-animation\" href=\"https:\/\/cbf.ca\/fr\/gerants-de-clubs\/face-to-face-special-event-schedule-canadian-clubs\/\">CONTINUER LA LECTURE<\/a>","protected":false},"author":1,"featured_media":0,"parent":3765,"menu_order":0,"comment_status":"closed","ping_status":"closed","template":"","meta":{"footnotes":""},"yoast_head":"<!-- This site is optimized with the Yoast SEO plugin v22.3 - https:\/\/yoast.com\/wordpress\/plugins\/seo\/ -->\n<title>\u00c9v\u00e9nements en personne - Clubs canadiens - Canadian Bridge Federation<\/title>\n<meta name=\"robots\" content=\"index, follow, max-snippet:-1, max-image-preview:large, max-video-preview:-1\" \/>\n<link rel=\"canonical\" href=\"https:\/\/cbf.ca\/fr\/gerants-de-clubs\/face-to-face-special-event-schedule-canadian-clubs\/\" \/>\n<meta property=\"og:locale\" content=\"fr_FR\" \/>\n<meta property=\"og:type\" content=\"article\" \/>\n<meta property=\"og:title\" content=\"\u00c9v\u00e9nements en personne - Clubs canadiens - Canadian Bridge Federation\" \/>\n<meta property=\"og:description\" content=\"\u00c9v\u00e9nements en personne &#8211; Clubs canadiens (L&rsquo;ACBL collecte les frais r\u00e9guliers de 1,25 US par table pour les parties sanctionn\u00e9es de bridge.) Mois \u00c9v\u00e9nement Frais additionnels Avril Championnat de charit\u00e9 dans les clubs 4 $ \/ table Avril Ma\u00eetres-Novices Helen Shield * 4 $ \/ table Septembre Parties Fonds international 4 $ \/ table Sept.-D\u00e9c.\" \/>\n<meta property=\"og:url\" content=\"https:\/\/cbf.ca\/fr\/gerants-de-clubs\/face-to-face-special-event-schedule-canadian-clubs\/\" \/>\n<meta property=\"og:site_name\" content=\"Canadian Bridge Federation\" \/>\n<meta property=\"article:publisher\" content=\"https:\/\/www.facebook.com\/Canadian.Bridge.Federation\/\" \/>\n<meta property=\"article:modified_time\" content=\"2026-04-01T16:59:32+00:00\" \/>\n<meta name=\"twitter:label1\" content=\"Dur\u00e9e de lecture estim\u00e9e\" \/>\n\t<meta name=\"twitter:data1\" content=\"2 minutes\" \/>\n<script type=\"application\/ld+json\" class=\"yoast-schema-graph\">{\"@context\":\"https:\/\/schema.org\",\"@graph\":[{\"@type\":\"WebPage\",\"@id\":\"https:\/\/cbf.ca\/fr\/gerants-de-clubs\/face-to-face-special-event-schedule-canadian-clubs\/\",\"url\":\"https:\/\/cbf.ca\/fr\/gerants-de-clubs\/face-to-face-special-event-schedule-canadian-clubs\/\",\"name\":\"\u00c9v\u00e9nements en personne - Clubs canadiens - Canadian Bridge Federation\",\"isPartOf\":{\"@id\":\"https:\/\/cbf.ca\/#website\"},\"datePublished\":\"2025-11-02T13:24:30+00:00\",\"dateModified\":\"2026-04-01T16:59:32+00:00\",\"breadcrumb\":{\"@id\":\"https:\/\/cbf.ca\/fr\/gerants-de-clubs\/face-to-face-special-event-schedule-canadian-clubs\/#breadcrumb\"},\"inLanguage\":\"fr-FR\",\"potentialAction\":[{\"@type\":\"ReadAction\",\"target\":[\"https:\/\/cbf.ca\/fr\/gerants-de-clubs\/face-to-face-special-event-schedule-canadian-clubs\/\"]}]},{\"@type\":\"BreadcrumbList\",\"@id\":\"https:\/\/cbf.ca\/fr\/gerants-de-clubs\/face-to-face-special-event-schedule-canadian-clubs\/#breadcrumb\",\"itemListElement\":[{\"@type\":\"ListItem\",\"position\":1,\"name\":\"Home\",\"item\":\"https:\/\/cbf.ca\/\"},{\"@type\":\"ListItem\",\"position\":2,\"name\":\"G\u00e9rants de clubs\",\"item\":\"https:\/\/cbf.ca\/fr\/gerants-de-clubs\/\"},{\"@type\":\"ListItem\",\"position\":3,\"name\":\"\u00c9v\u00e9nements en personne &#8211; Clubs canadiens\"}]},{\"@type\":\"WebSite\",\"@id\":\"https:\/\/cbf.ca\/#website\",\"url\":\"https:\/\/cbf.ca\/\",\"name\":\"Canadian Bridge Federation\",\"description\":\"F\u00e9d\u00e9ration canadienne de bridge\",\"potentialAction\":[{\"@type\":\"SearchAction\",\"target\":{\"@type\":\"EntryPoint\",\"urlTemplate\":\"https:\/\/cbf.ca\/?s={search_term_string}\"},\"query-input\":\"required name=search_term_string\"}],\"inLanguage\":\"fr-FR\"}]}<\/script>\n<!-- \/ Yoast SEO plugin. -->","yoast_head_json":{"title":"\u00c9v\u00e9nements en personne - Clubs canadiens - Canadian Bridge Federation","robots":{"index":"index","follow":"follow","max-snippet":"max-snippet:-1","max-image-preview":"max-image-preview:large","max-video-preview":"max-video-preview:-1"},"canonical":"https:\/\/cbf.ca\/fr\/gerants-de-clubs\/face-to-face-special-event-schedule-canadian-clubs\/","og_locale":"fr_FR","og_type":"article","og_title":"\u00c9v\u00e9nements en personne - Clubs canadiens - Canadian Bridge Federation","og_description":"\u00c9v\u00e9nements en personne &#8211; Clubs canadiens (L&rsquo;ACBL collecte les frais r\u00e9guliers de 1,25 US par table pour les parties sanctionn\u00e9es de bridge.) Mois \u00c9v\u00e9nement Frais additionnels Avril Championnat de charit\u00e9 dans les clubs 4 $ \/ table Avril Ma\u00eetres-Novices Helen Shield * 4 $ \/ table Septembre Parties Fonds international 4 $ \/ table Sept.-D\u00e9c.","og_url":"https:\/\/cbf.ca\/fr\/gerants-de-clubs\/face-to-face-special-event-schedule-canadian-clubs\/","og_site_name":"Canadian Bridge Federation","article_publisher":"https:\/\/www.facebook.com\/Canadian.Bridge.Federation\/","article_modified_time":"2026-04-01T16:59:32+00:00","twitter_misc":{"Dur\u00e9e de lecture estim\u00e9e":"2 minutes"},"schema":{"@context":"https:\/\/schema.org","@graph":[{"@type":"WebPage","@id":"https:\/\/cbf.ca\/fr\/gerants-de-clubs\/face-to-face-special-event-schedule-canadian-clubs\/","url":"https:\/\/cbf.ca\/fr\/gerants-de-clubs\/face-to-face-special-event-schedule-canadian-clubs\/","name":"\u00c9v\u00e9nements en personne - Clubs canadiens - Canadian Bridge Federation","isPartOf":{"@id":"https:\/\/cbf.ca\/#website"},"datePublished":"2025-11-02T13:24:30+00:00","dateModified":"2026-04-01T16:59:32+00:00","breadcrumb":{"@id":"https:\/\/cbf.ca\/fr\/gerants-de-clubs\/face-to-face-special-event-schedule-canadian-clubs\/#breadcrumb"},"inLanguage":"fr-FR","potentialAction":[{"@type":"ReadAction","target":["https:\/\/cbf.ca\/fr\/gerants-de-clubs\/face-to-face-special-event-schedule-canadian-clubs\/"]}]},{"@type":"BreadcrumbList","@id":"https:\/\/cbf.ca\/fr\/gerants-de-clubs\/face-to-face-special-event-schedule-canadian-clubs\/#breadcrumb","itemListElement":[{"@type":"ListItem","position":1,"name":"Home","item":"https:\/\/cbf.ca\/"},{"@type":"ListItem","position":2,"name":"G\u00e9rants de clubs","item":"https:\/\/cbf.ca\/fr\/gerants-de-clubs\/"},{"@type":"ListItem","position":3,"name":"\u00c9v\u00e9nements en personne &#8211; Clubs canadiens"}]},{"@type":"WebSite","@id":"https:\/\/cbf.ca\/#website","url":"https:\/\/cbf.ca\/","name":"Canadian Bridge Federation","description":"F\u00e9d\u00e9ration canadienne de bridge","potentialAction":[{"@type":"SearchAction","target":{"@type":"EntryPoint","urlTemplate":"https:\/\/cbf.ca\/?s={search_term_string}"},"query-input":"required name=search_term_string"}],"inLanguage":"fr-FR"}]}},"_links":{"self":[{"href":"https:\/\/cbf.ca\/fr\/wp-json\/wp\/v2\/pages\/35086"}],"collection":[{"href":"https:\/\/cbf.ca\/fr\/wp-json\/wp\/v2\/pages"}],"about":[{"href":"https:\/\/cbf.ca\/fr\/wp-json\/wp\/v2\/types\/page"}],"author":[{"embeddable":true,"href":"https:\/\/cbf.ca\/fr\/wp-json\/wp\/v2\/users\/1"}],"replies":[{"embeddable":true,"href":"https:\/\/cbf.ca\/fr\/wp-json\/wp\/v2\/comments?post=35086"}],"version-history":[{"count":29,"href":"https:\/\/cbf.ca\/fr\/wp-json\/wp\/v2\/pages\/35086\/revisions"}],"predecessor-version":[{"id":38489,"href":"https:\/\/cbf.ca\/fr\/wp-json\/wp\/v2\/pages\/35086\/revisions\/38489"}],"up":[{"embeddable":true,"href":"https:\/\/cbf.ca\/fr\/wp-json\/wp\/v2\/pages\/3765"}],"wp:attachment":[{"href":"https:\/\/cbf.ca\/fr\/wp-json\/wp\/v2\/media?parent=35086"}],"curies":[{"name":"wp","href":"https:\/\/api.w.org\/{rel}","templated":true}]}}