{"id":3476,"date":"2014-09-13T23:01:31","date_gmt":"2014-09-13T19:01:31","guid":{"rendered":"http:\/\/cbf.ca\/?page_id=3476"},"modified":"2024-11-23T21:02:18","modified_gmt":"2024-11-23T17:02:18","slug":"paires-imp-cipc","status":"publish","type":"page","link":"https:\/\/cbf.ca\/fr\/evenements\/championnats-canadiens-de-bridge\/paires-imp-cipc\/","title":{"rendered":"CHAMPIONNAT CANADIEN DE PAIRES IMP (CIPC)"},"content":{"rendered":"<div id=\"attachment_1863\" style=\"width: 271px\" class=\"wp-caption alignright\"><a class=\"lightbox\" href=\"http:\/\/cbf.ca\/wp-content\/uploads\/2014\/09\/CIPC-Plaque.jpg\"><img loading=\"lazy\" decoding=\"async\" aria-describedby=\"caption-attachment-1863\" class=\"wp-image-1863 \" src=\"http:\/\/cbf.ca\/wp-content\/uploads\/2014\/09\/CIPC-Plaque.jpg\" alt=\"Plaque du CIPC\" width=\"261\" height=\"361\" \/><\/a><p id=\"caption-attachment-1863\" class=\"wp-caption-text\">Plaque du CIPC<\/p><\/div>\n<p>Le CIPC est une comp\u00e9tition de quatre s\u00e9ances, qui se d\u00e9roule pendant les Championnats canadiens. Les participants doivent \u00eatre membres en r\u00e8gle de la FCB. Il n&rsquo;y a pas de pr\u00e9-qualification de club pour cette comp\u00e9tition.<\/p>\n<p><strong>LE CIPC EST ANNUL\u00c9 EN 2025.<\/strong><\/p>\n<p><a href=\"https:\/\/cbf.ca\/BWeek\/25files\/index.shtml\" class=\"btn bluth red btn- \" target=\"_self\"> Cliquer ici <\/a>\u00a0 <strong>Site des Championnats 2025<\/strong><\/p>\n<h2><strong>LES GAGNANTS DU CIPC<\/strong><\/h2>\n<h2>Cliquez sur l\u2019ann\u00e9e pour acc\u00e9der aux archives du championnat.<\/h2>\n<table width=\"447\">\n<tbody>\n<tr>\n<td width=\"61\"><\/td>\n<td width=\"386\"><\/td>\n<\/tr>\n<tr>\n<td width=\"61\"><a href=\"https:\/\/cbf.ca\/BWeek\/24files\/standings.shtml\">2024<\/a><\/td>\n<td width=\"386\">Pas de comp\u00e9tition<\/td>\n<\/tr>\n<tr>\n<td><a href=\"https:\/\/cbf.ca\/BWeek\/23files\/standings.shtml\">2023<\/a><\/td>\n<td>1. Marielle Brentnall &#8211; Raymond Hornby<br \/>\n2. Barry Senensky &#8211; Barbara Schnier<br \/>\n3. Kelvin Raywood &#8211; Shelley Burns<\/td>\n<\/tr>\n<tr>\n<td><a href=\"https:\/\/cbf.ca\/BWeek\/19files\/standings.shtml\">2022<\/a><\/td>\n<td>1. Mark Caplan &#8211; Eiji Kujirai<br \/>\n2. Yanping Zhang &#8211; Wenmin Chen<br \/>\n3. Daniel Bertrand &#8211; Allan Simon<\/td>\n<\/tr>\n<tr>\n<td><a href=\"https:\/\/cbf.ca\/BWeek\/19files\/standings.shtml\">2019<\/a><\/td>\n<td>1. David Caplan &#8211; Mark Caplan<br \/>\n2. Daniel Bertrand &#8211; Abdul Fakih<\/td>\n<\/tr>\n<tr>\n<td><a href=\"https:\/\/cbf.ca\/BWeek\/18files\/\">2018<\/a><\/td>\n<td>1. George Mittelman\u00a0&#8211; Ken Bercuson<br \/>\n2. Doug Baxter\u00a0&#8211; David Lindop<\/td>\n<\/tr>\n<tr>\n<td><a href=\"https:\/\/cbf.ca\/BWeek\/17files\/\">2017<\/a><\/td>\n<td>1. Jacques Cloutier &#8211; Kevin Paul Gregoire<br \/>\n2. Raymond Hornby &#8211; Marielle Brentnall<\/td>\n<\/tr>\n<tr>\n<td><a href=\"https:\/\/cbf.ca\/BWeek\/16files\/\">2016<\/a><\/td>\n<td>1. Naveed Ather &#8211; Howard Binsky<br \/>\n2. Gray McMullin &#8211; Bryan Maksymetz<\/td>\n<\/tr>\n<tr>\n<td><a href=\"https:\/\/cbf.ca\/BWeek\/15files\/\">2015<\/a><\/td>\n<td>1. Jonathan Steinberg &#8211;\u00a0Michael Kenny<br \/>\n2. Gray McMullin &#8211; Larry Hicks<\/td>\n<\/tr>\n<tr>\n<td><a href=\"https:\/\/cbf.ca\/BWeek\/14files\/\">2014<\/a><\/td>\n<td>1. Piotr Klimowicz &#8211; Dan Jacob<br \/>\n2. Ina Demme &#8211; Bill Kertes<\/td>\n<\/tr>\n<tr>\n<td><a href=\"https:\/\/www.cbf.ca\/BWeek\/13files\/\">2013<\/a><\/td>\n<td>1. Uday Maitra &#8211; Lino D&rsquo;Souza<br \/>\n2. Edmund Fok &#8211; Wendy Liu<\/td>\n<\/tr>\n<tr>\n<td><a href=\"https:\/\/cbf.ca\/BWeek\/12files\/\">2012<\/a><\/td>\n<td>1. Michael Gamble &#8211; Ranald Davidson<br \/>\n2. Serge Chevalier &#8211; Jean La Traverse<\/td>\n<\/tr>\n<tr>\n<td><a href=\"https:\/\/www.cbf.ca\/BWeek\/11files\/\">2011<\/a><\/td>\n<td>1. Kelvin Raywood &#8211; Gray McMullin<br \/>\n2. Julie Smith &#8211; Susan Peters<\/td>\n<\/tr>\n<tr>\n<td><a href=\"https:\/\/www.cbf.ca\/BWeek\/10files\/\">2010<\/a><\/td>\n<td>1. Weidong Shen &#8211; Richard Chan<br \/>\n2. Bill Kertes &#8211; Bruce Gowdy<\/td>\n<\/tr>\n<tr>\n<td><a href=\"https:\/\/www.cbf.ca\/BWeek\/09files\/\">2009<\/a><\/td>\n<td>1. Gerry McCully &#8211; Doug Deschner<br \/>\n2. Neil Kimelman &#8211; Marielle Brentnall<\/td>\n<\/tr>\n<tr>\n<td><a href=\"https:\/\/www.cbf.ca\/BWeek\/08files\/\">2008<\/a><\/td>\n<td>1. Bing Le &#8211; Richard Chan<br \/>\n2. Andrew Lee &#8211; Zoran Peca<\/td>\n<\/tr>\n<tr>\n<td><a href=\"https:\/\/www.cbf.ca\/BWeek\/07files\/\">2007<\/a><\/td>\n<td>1. Linda Connell &#8211; Peggy McGregor<br \/>\n2. Bob Todd &#8211; David McLellan<\/td>\n<\/tr>\n<tr>\n<td><a href=\"https:\/\/www.cbf.ca\/BWeek\/BWeek06.html\">2006<\/a><\/td>\n<td>1. Robert Hanly &#8211; David Hamer<br \/>\n2. James Cole &#8211; D Cole<\/td>\n<\/tr>\n<tr>\n<td><a href=\"https:\/\/www.cbf.ca\/BWeek\/BWeek05.html\">2005<\/a><\/td>\n<td>1. Thomas Gandolfo &#8211; Robert Crosby<br \/>\n2. Andre Chartrand &#8211; Serge Chevalier<\/td>\n<\/tr>\n<tr>\n<td><a href=\"https:\/\/www.cbf.ca\/BWeek\/BWeek04.html\">2004<\/a><\/td>\n<td>1. Judith Gartaganis \u2013 Piotr Klimowicz<br \/>\n2. Gordon Campbell \u2013 Nicholas Gartaganis<\/td>\n<\/tr>\n<\/tbody>\n<\/table>\n","protected":false},"excerpt":{"rendered":"<p>Le CIPC est une comp\u00e9tition de quatre s\u00e9ances, qui se d\u00e9roule pendant les Championnats canadiens. Les participants doivent \u00eatre membres en r\u00e8gle de la FCB. Il n&rsquo;y a pas de pr\u00e9-qualification de club pour cette comp\u00e9tition. LE CIPC EST ANNUL\u00c9 EN 2025. \u00a0 Site des Championnats 2025 LES GAGNANTS DU CIPC Cliquez sur l\u2019ann\u00e9e pour<br><a class=\"moretag signature-animation\" href=\"https:\/\/cbf.ca\/fr\/evenements\/championnats-canadiens-de-bridge\/paires-imp-cipc\/\">CONTINUER LA LECTURE<\/a>","protected":false},"author":1,"featured_media":0,"parent":3462,"menu_order":6,"comment_status":"closed","ping_status":"closed","template":"","meta":{"footnotes":""},"yoast_head":"<!-- This site is optimized with the Yoast SEO plugin v22.3 - https:\/\/yoast.com\/wordpress\/plugins\/seo\/ -->\n<title>CHAMPIONNAT CANADIEN DE PAIRES IMP (CIPC) - Canadian Bridge Federation<\/title>\n<meta name=\"robots\" content=\"index, follow, max-snippet:-1, max-image-preview:large, max-video-preview:-1\" \/>\n<link rel=\"canonical\" href=\"https:\/\/cbf.ca\/fr\/evenements\/championnats-canadiens-de-bridge\/paires-imp-cipc\/\" \/>\n<meta property=\"og:locale\" content=\"fr_FR\" \/>\n<meta property=\"og:type\" content=\"article\" \/>\n<meta property=\"og:title\" content=\"CHAMPIONNAT CANADIEN DE PAIRES IMP (CIPC) - Canadian Bridge Federation\" \/>\n<meta property=\"og:description\" content=\"Le CIPC est une comp\u00e9tition de quatre s\u00e9ances, qui se d\u00e9roule pendant les Championnats canadiens. Les participants doivent \u00eatre membres en r\u00e8gle de la FCB. Il n&rsquo;y a pas de pr\u00e9-qualification de club pour cette comp\u00e9tition. LE CIPC EST ANNUL\u00c9 EN 2025. \u00a0 Site des Championnats 2025 LES GAGNANTS DU CIPC Cliquez sur l\u2019ann\u00e9e pour\" \/>\n<meta property=\"og:url\" content=\"https:\/\/cbf.ca\/fr\/evenements\/championnats-canadiens-de-bridge\/paires-imp-cipc\/\" \/>\n<meta property=\"og:site_name\" content=\"Canadian Bridge Federation\" \/>\n<meta property=\"article:publisher\" content=\"https:\/\/www.facebook.com\/Canadian.Bridge.Federation\/\" \/>\n<meta property=\"article:modified_time\" content=\"2024-11-23T17:02:18+00:00\" \/>\n<meta property=\"og:image\" content=\"http:\/\/cbf.ca\/wp-content\/uploads\/2014\/09\/CIPC-Plaque.jpg\" \/>\n<meta name=\"twitter:label1\" content=\"Dur\u00e9e de lecture estim\u00e9e\" \/>\n\t<meta name=\"twitter:data1\" content=\"2 minutes\" \/>\n<script type=\"application\/ld+json\" class=\"yoast-schema-graph\">{\"@context\":\"https:\/\/schema.org\",\"@graph\":[{\"@type\":\"WebPage\",\"@id\":\"https:\/\/cbf.ca\/fr\/evenements\/championnats-canadiens-de-bridge\/paires-imp-cipc\/\",\"url\":\"https:\/\/cbf.ca\/fr\/evenements\/championnats-canadiens-de-bridge\/paires-imp-cipc\/\",\"name\":\"CHAMPIONNAT CANADIEN DE PAIRES IMP (CIPC) - Canadian Bridge Federation\",\"isPartOf\":{\"@id\":\"https:\/\/cbf.ca\/#website\"},\"primaryImageOfPage\":{\"@id\":\"https:\/\/cbf.ca\/fr\/evenements\/championnats-canadiens-de-bridge\/paires-imp-cipc\/#primaryimage\"},\"image\":{\"@id\":\"https:\/\/cbf.ca\/fr\/evenements\/championnats-canadiens-de-bridge\/paires-imp-cipc\/#primaryimage\"},\"thumbnailUrl\":\"http:\/\/cbf.ca\/wp-content\/uploads\/2014\/09\/CIPC-Plaque.jpg\",\"datePublished\":\"2014-09-13T19:01:31+00:00\",\"dateModified\":\"2024-11-23T17:02:18+00:00\",\"breadcrumb\":{\"@id\":\"https:\/\/cbf.ca\/fr\/evenements\/championnats-canadiens-de-bridge\/paires-imp-cipc\/#breadcrumb\"},\"inLanguage\":\"fr-FR\",\"potentialAction\":[{\"@type\":\"ReadAction\",\"target\":[\"https:\/\/cbf.ca\/fr\/evenements\/championnats-canadiens-de-bridge\/paires-imp-cipc\/\"]}]},{\"@type\":\"ImageObject\",\"inLanguage\":\"fr-FR\",\"@id\":\"https:\/\/cbf.ca\/fr\/evenements\/championnats-canadiens-de-bridge\/paires-imp-cipc\/#primaryimage\",\"url\":\"http:\/\/cbf.ca\/wp-content\/uploads\/2014\/09\/CIPC-Plaque.jpg\",\"contentUrl\":\"http:\/\/cbf.ca\/wp-content\/uploads\/2014\/09\/CIPC-Plaque.jpg\"},{\"@type\":\"BreadcrumbList\",\"@id\":\"https:\/\/cbf.ca\/fr\/evenements\/championnats-canadiens-de-bridge\/paires-imp-cipc\/#breadcrumb\",\"itemListElement\":[{\"@type\":\"ListItem\",\"position\":1,\"name\":\"Home\",\"item\":\"https:\/\/cbf.ca\/\"},{\"@type\":\"ListItem\",\"position\":2,\"name\":\"\u00c9v\u00e9nements\",\"item\":\"https:\/\/cbf.ca\/fr\/evenements\/\"},{\"@type\":\"ListItem\",\"position\":3,\"name\":\"Championnats canadiens de bridge\",\"item\":\"https:\/\/cbf.ca\/fr\/evenements\/championnats-canadiens-de-bridge\/\"},{\"@type\":\"ListItem\",\"position\":4,\"name\":\"CHAMPIONNAT CANADIEN DE PAIRES IMP (CIPC)\"}]},{\"@type\":\"WebSite\",\"@id\":\"https:\/\/cbf.ca\/#website\",\"url\":\"https:\/\/cbf.ca\/\",\"name\":\"Canadian Bridge Federation\",\"description\":\"F\u00e9d\u00e9ration canadienne de bridge\",\"potentialAction\":[{\"@type\":\"SearchAction\",\"target\":{\"@type\":\"EntryPoint\",\"urlTemplate\":\"https:\/\/cbf.ca\/?s={search_term_string}\"},\"query-input\":\"required name=search_term_string\"}],\"inLanguage\":\"fr-FR\"}]}<\/script>\n<!-- \/ Yoast SEO plugin. -->","yoast_head_json":{"title":"CHAMPIONNAT CANADIEN DE PAIRES IMP (CIPC) - Canadian Bridge Federation","robots":{"index":"index","follow":"follow","max-snippet":"max-snippet:-1","max-image-preview":"max-image-preview:large","max-video-preview":"max-video-preview:-1"},"canonical":"https:\/\/cbf.ca\/fr\/evenements\/championnats-canadiens-de-bridge\/paires-imp-cipc\/","og_locale":"fr_FR","og_type":"article","og_title":"CHAMPIONNAT CANADIEN DE PAIRES IMP (CIPC) - Canadian Bridge Federation","og_description":"Le CIPC est une comp\u00e9tition de quatre s\u00e9ances, qui se d\u00e9roule pendant les Championnats canadiens. Les participants doivent \u00eatre membres en r\u00e8gle de la FCB. Il n&rsquo;y a pas de pr\u00e9-qualification de club pour cette comp\u00e9tition. LE CIPC EST ANNUL\u00c9 EN 2025. \u00a0 Site des Championnats 2025 LES GAGNANTS DU CIPC Cliquez sur l\u2019ann\u00e9e pour","og_url":"https:\/\/cbf.ca\/fr\/evenements\/championnats-canadiens-de-bridge\/paires-imp-cipc\/","og_site_name":"Canadian Bridge Federation","article_publisher":"https:\/\/www.facebook.com\/Canadian.Bridge.Federation\/","article_modified_time":"2024-11-23T17:02:18+00:00","og_image":[{"url":"http:\/\/cbf.ca\/wp-content\/uploads\/2014\/09\/CIPC-Plaque.jpg"}],"twitter_misc":{"Dur\u00e9e de lecture estim\u00e9e":"2 minutes"},"schema":{"@context":"https:\/\/schema.org","@graph":[{"@type":"WebPage","@id":"https:\/\/cbf.ca\/fr\/evenements\/championnats-canadiens-de-bridge\/paires-imp-cipc\/","url":"https:\/\/cbf.ca\/fr\/evenements\/championnats-canadiens-de-bridge\/paires-imp-cipc\/","name":"CHAMPIONNAT CANADIEN DE PAIRES IMP (CIPC) - Canadian Bridge Federation","isPartOf":{"@id":"https:\/\/cbf.ca\/#website"},"primaryImageOfPage":{"@id":"https:\/\/cbf.ca\/fr\/evenements\/championnats-canadiens-de-bridge\/paires-imp-cipc\/#primaryimage"},"image":{"@id":"https:\/\/cbf.ca\/fr\/evenements\/championnats-canadiens-de-bridge\/paires-imp-cipc\/#primaryimage"},"thumbnailUrl":"http:\/\/cbf.ca\/wp-content\/uploads\/2014\/09\/CIPC-Plaque.jpg","datePublished":"2014-09-13T19:01:31+00:00","dateModified":"2024-11-23T17:02:18+00:00","breadcrumb":{"@id":"https:\/\/cbf.ca\/fr\/evenements\/championnats-canadiens-de-bridge\/paires-imp-cipc\/#breadcrumb"},"inLanguage":"fr-FR","potentialAction":[{"@type":"ReadAction","target":["https:\/\/cbf.ca\/fr\/evenements\/championnats-canadiens-de-bridge\/paires-imp-cipc\/"]}]},{"@type":"ImageObject","inLanguage":"fr-FR","@id":"https:\/\/cbf.ca\/fr\/evenements\/championnats-canadiens-de-bridge\/paires-imp-cipc\/#primaryimage","url":"http:\/\/cbf.ca\/wp-content\/uploads\/2014\/09\/CIPC-Plaque.jpg","contentUrl":"http:\/\/cbf.ca\/wp-content\/uploads\/2014\/09\/CIPC-Plaque.jpg"},{"@type":"BreadcrumbList","@id":"https:\/\/cbf.ca\/fr\/evenements\/championnats-canadiens-de-bridge\/paires-imp-cipc\/#breadcrumb","itemListElement":[{"@type":"ListItem","position":1,"name":"Home","item":"https:\/\/cbf.ca\/"},{"@type":"ListItem","position":2,"name":"\u00c9v\u00e9nements","item":"https:\/\/cbf.ca\/fr\/evenements\/"},{"@type":"ListItem","position":3,"name":"Championnats canadiens de bridge","item":"https:\/\/cbf.ca\/fr\/evenements\/championnats-canadiens-de-bridge\/"},{"@type":"ListItem","position":4,"name":"CHAMPIONNAT CANADIEN DE PAIRES IMP (CIPC)"}]},{"@type":"WebSite","@id":"https:\/\/cbf.ca\/#website","url":"https:\/\/cbf.ca\/","name":"Canadian Bridge Federation","description":"F\u00e9d\u00e9ration canadienne de bridge","potentialAction":[{"@type":"SearchAction","target":{"@type":"EntryPoint","urlTemplate":"https:\/\/cbf.ca\/?s={search_term_string}"},"query-input":"required name=search_term_string"}],"inLanguage":"fr-FR"}]}},"_links":{"self":[{"href":"https:\/\/cbf.ca\/fr\/wp-json\/wp\/v2\/pages\/3476"}],"collection":[{"href":"https:\/\/cbf.ca\/fr\/wp-json\/wp\/v2\/pages"}],"about":[{"href":"https:\/\/cbf.ca\/fr\/wp-json\/wp\/v2\/types\/page"}],"author":[{"embeddable":true,"href":"https:\/\/cbf.ca\/fr\/wp-json\/wp\/v2\/users\/1"}],"replies":[{"embeddable":true,"href":"https:\/\/cbf.ca\/fr\/wp-json\/wp\/v2\/comments?post=3476"}],"version-history":[{"count":40,"href":"https:\/\/cbf.ca\/fr\/wp-json\/wp\/v2\/pages\/3476\/revisions"}],"predecessor-version":[{"id":30400,"href":"https:\/\/cbf.ca\/fr\/wp-json\/wp\/v2\/pages\/3476\/revisions\/30400"}],"up":[{"embeddable":true,"href":"https:\/\/cbf.ca\/fr\/wp-json\/wp\/v2\/pages\/3462"}],"wp:attachment":[{"href":"https:\/\/cbf.ca\/fr\/wp-json\/wp\/v2\/media?parent=3476"}],"curies":[{"name":"wp","href":"https:\/\/api.w.org\/{rel}","templated":true}]}}