{"id":3474,"date":"2014-09-13T23:01:09","date_gmt":"2014-09-13T19:01:09","guid":{"rendered":"http:\/\/cbf.ca\/?page_id=3474"},"modified":"2026-04-03T21:24:17","modified_gmt":"2026-04-03T17:24:17","slug":"paires-open-copc","status":"publish","type":"page","link":"https:\/\/cbf.ca\/fr\/evenements\/championnats-canadiens-de-bridge\/paires-open-copc\/","title":{"rendered":"CHAMPIONNAT CANADIEN DES PAIRES OPEN (COPC)"},"content":{"rendered":"<div id=\"attachment_764\" style=\"width: 168px\" class=\"wp-caption alignright\"><a class=\"lightbox\" href=\"https:\/\/cbf.ca\/wp-content\/uploads\/2014\/09\/JimDonaldsonTrophy.png\"><img loading=\"lazy\" decoding=\"async\" aria-describedby=\"caption-attachment-764\" class=\"wp-image-764 size-full\" src=\"https:\/\/cbf.ca\/wp-content\/uploads\/2014\/09\/JimDonaldsonTrophy.png\" alt=\"Troph\u00e9e Jim Donaldson\" width=\"158\" height=\"218\" \/><\/a><p id=\"caption-attachment-764\" class=\"wp-caption-text\">Troph\u00e9e Jim Donaldson<\/p><\/div>\n<p style=\"text-align: justify;\">Le COPC est notre championnat national par paires. Les participants doivent \u00eatre membres en r\u00e8gle de la FCB et avoir obtenu une qualification. La qualification s&rsquo;applique en tant que joueur, donc un joueur peut jouer dans le COPC avec tout autre joueur qualifi\u00e9.\u00a0<\/p>\n<p style=\"text-align: justify;\">Les joueurs peuvent se qualifier dans une partie de club d\u00e9sign\u00e9e (entre le 1er septembre et le 31 d\u00e9cembre) <strong><u>OU<\/u><\/strong> avoir particip\u00e9 \u00e0 un \u00e9v\u00e9nement d\u00e9sign\u00e9 de la FCB en ligne (derni\u00e8re sur RealBridge le 10 avril).<\/p>\n<p><strong>Le COPC est un \u00e9v\u00e9nement qui se d\u00e9roule sur 2 jours, 2 sessions par jour. Cette ann\u00e9e, il se d\u00e9roulera en ligne sur RealBridge, les 25 et 25 avrit 2026. Nouveau cette ann\u00e9e : COPC-B <\/strong>pour les joueurs ayant moins de 2500 points. Voir toutes les informations et tous les d\u00e9tails sur la page sp\u00e9cifique au COPC 2026 : <a href=\"https:\/\/cbf.ca\/fr\/evenements\/copc-paires-2026\/\" target=\"_blank\" rel=\"noreferrer noopener\"><strong>COPC 2026<\/strong><\/a>.<\/p>\n<ul>\n<li><strong>Jour 1:<\/strong> Toutes les paires jouent pour se qualifier pour la finale du lendemain.<\/li>\n<li><strong>Jour 2:<\/strong> Finale pour d\u00e9terminer les champions canadiens par paires.<\/li>\n<\/ul>\n<p><a href=\"https:\/\/cbf.ca\/BWeek\/26files\/index.shtml\" class=\"btn bluth red btn- \" target=\"_self\"> Cliquer ici <\/a>\u00a0 <strong>Site des Championnats 2026 : R\u00e8glements \u2013 Informations &#8211; \u00c9quipes \u2013 R\u00e9sultats \u2013 et plus<\/strong><\/p>\n\n\n<p>Le<strong> Troph\u00e9e Jim Donaldson<\/strong> est remis \u00e0 la paire gagnante, et un prix en esp\u00e8ces est remis aux paires des deux premi\u00e8res positions.&nbsp;Jim Donaldson, un joueur de la Colombie-Britannique qui est tragiquement d\u00e9c\u00e9d\u00e9 d\u2019un cancer, dans la quarantaine, \u00e9tait un vrai sportif, un adversaire courtois et d&rsquo;une grande&nbsp;\u00e9thique. Selon Allan Graves, \u00ab&nbsp;il \u00e9tait sans aucun doute un des dix meilleurs talents canadiens de tous les temps&nbsp;\u00bb.<\/p>\n\n\n<h2><strong>LES GAGNANTS DU COPC<\/strong><\/h2>\n<h2>Cliquer sur l\u2019ann\u00e9e pour acc\u00e9der aux archives du championnat.<\/h2>\n<table width=\"447\">\n<tbody>\n<tr>\n<td width=\"61\">\u00a0<\/td>\n<td width=\"386\">\u00a0<\/td>\n<\/tr>\n<tr>\n<td width=\"61\"><a href=\"https:\/\/cbf.ca\/BWeek\/25files\/standings.shtml\" target=\"_blank\" rel=\"noreferrer noopener\">2025<\/a><\/td>\n<td width=\"386\">1. Fengming Chen &#8211; Marie Duval<br \/>2. David Lindop &#8211; Doug Baxter<br \/>3. Kole Meng &#8211; Terry Du<\/td>\n<\/tr>\n<tr>\n<td width=\"61\"><a href=\"https:\/\/cbf.ca\/BWeek\/24files\/standings.shtml\" target=\"_blank\" rel=\"noopener\">2024<\/a><\/td>\n<td width=\"386\">1. Xiaojing Deng &#8211; Jeffrey Smith<br \/>2. Michael Gamble &#8211; Jason Feldman<br \/>3. Julie Smith &#8211; Judy Harris<\/td>\n<\/tr>\n<tr>\n<td><a href=\"https:\/\/cbf.ca\/BWeek\/23files\/standings.shtml\" target=\"_blank\" rel=\"noopener\">2023<\/a><\/td>\n<td>1. Jiawei Luo &#8211; Fengming Chen<br \/>2. David McLellan &#8211; Cliff Campbell<br \/>3. Lino D&rsquo;Souza &#8211; Terrence Rego<\/td>\n<\/tr>\n<tr>\n<td><a href=\"https:\/\/cbf.ca\/BWeek\/19files\/standings.shtml\" target=\"_blank\" rel=\"noopener\">2022<\/a><\/td>\n<td>1. Terry Du &#8211; Kole Meng<br \/>2. Robert Kuz &#8211; Stephen Mackay<br \/>3. Neil Kimelman &#8211; Paul Thurston<\/td>\n<\/tr>\n<tr>\n<td><a href=\"https:\/\/cbf.ca\/BWeek\/19files\/standings.shtml\" target=\"_blank\" rel=\"noopener\">2019<\/a><\/td>\n<td>11. David Caplan &#8211; Mark Caplan<br \/>2. Sheldon Spier &#8211; Michael Ainsley<\/td>\n<\/tr>\n<tr>\n<td><a href=\"https:\/\/cbf.ca\/BWeek\/18files\/\" target=\"_blank\" rel=\"noopener\">2018<\/a><\/td>\n<td>1. Marc Lachapelle\u00a0&#8211; Xavier Combey<br \/>2. Terry Du &#8211; Kole Meng<\/td>\n<\/tr>\n<tr>\n<td><a href=\"https:\/\/cbf.ca\/BWeek\/17files\/\" target=\"_blank\" rel=\"noopener\">2017<\/a><\/td>\n<td>1. Jurek Czyzowicz &#8211; Dan Jacob<br \/>2. Stephen Cooper &#8211; Boris Baran<\/td>\n<\/tr>\n<tr>\n<td><a href=\"https:\/\/cbf.ca\/BWeek\/16files\/\" target=\"_blank\" rel=\"noopener\">2016<\/a><\/td>\n<td>1. Ken Scholes &#8211; Peter Harold<br \/>2. Morrie Kleinplatz &#8211; Stephan Cooper<\/td>\n<\/tr>\n<tr>\n<td><a href=\"https:\/\/cbf.ca\/BWeek\/15files\/\" target=\"_blank\" rel=\"noopener\">2015<\/a><\/td>\n<td>1. Jurek Czyzowicz &#8211; Dan Jacob<br \/>2. Brad Bart &#8211; Neil Kimelman<\/td>\n<\/tr>\n<tr>\n<td><a href=\"https:\/\/cbf.ca\/BWeek\/14files\/\" target=\"_blank\" rel=\"noopener\">2014<\/a><\/td>\n<td>1. Piotr Klimowicz &#8211; Dan Jacob<br \/>2. Charles Martineau &#8211; Andre Chartrand<\/td>\n<\/tr>\n<tr>\n<td><a href=\"https:\/\/www.cbf.ca\/BWeek\/13files\/\" target=\"_blank\" rel=\"noopener\">2013<\/a><\/td>\n<td>1. Jordan Cohen &#8211; Stephen Cooper<br \/>2. Bryan Maksymetz &#8211; Gray McMullin<\/td>\n<\/tr>\n<tr>\n<td><a href=\"https:\/\/cbf.ca\/BWeek\/12files\/\" target=\"_blank\" rel=\"noopener\">2012<\/a><\/td>\n<td>1. Lino D&rsquo;Souza &#8211; Uday Maitra<br \/>2. Fred Hoffer &#8211; Don Piafsky<\/td>\n<\/tr>\n<tr>\n<td><a href=\"https:\/\/www.cbf.ca\/BWeek\/11files\/\" target=\"_blank\" rel=\"noopener\">2011<\/a><\/td>\n<td>1. David Smith &#8211; Doran Flock<br \/>2. Daniel Korbel &#8211; Danny Miles<\/td>\n<\/tr>\n<tr>\n<td><a href=\"https:\/\/www.cbf.ca\/BWeek\/10files\/\" target=\"_blank\" rel=\"noopener\">2010<\/a><\/td>\n<td>1. Naveed Ather &#8211; Lino D&rsquo;Souza<br \/>2. Daniel Lavee &#8211; Samantha Nystrom<\/td>\n<\/tr>\n<tr>\n<td><a href=\"https:\/\/www.cbf.ca\/BWeek\/09files\/\" target=\"_blank\" rel=\"noopener\">2009<\/a><\/td>\n<td>1. Bob Todd &#8211; Douglas Fisher<br \/>2. Michael Yuen &#8211; Maurice De La Salle<\/td>\n<\/tr>\n<tr>\n<td><a href=\"https:\/\/www.cbf.ca\/BWeek\/08files\/\" target=\"_blank\" rel=\"noopener\">2008<\/a><\/td>\n<td>1. Cameron Doner &#8211; Bradley Bart<br \/>2. Judith Gartaganis &#8211; Nicholas Gartaganis<\/td>\n<\/tr>\n<tr>\n<td><a href=\"https:\/\/www.cbf.ca\/BWeek\/07files\/\" target=\"_blank\" rel=\"noopener\">2007<\/a><\/td>\n<td>1. Kamel Fergani &#8211; Pierre Daigneault<br \/>2. Thomas Gandolfo &#8211; Maurice De La Salle<\/td>\n<\/tr>\n<tr>\n<td><a href=\"https:\/\/www.cbf.ca\/BWeek\/BWeek06.html\" target=\"_blank\" rel=\"noopener\">2006<\/a><\/td>\n<td>1. Rashid Khan &#8211; Bradley Bart<br \/>2. Jerry Richardson &#8211; William Koski<\/td>\n<\/tr>\n<tr>\n<td><a href=\"https:\/\/www.cbf.ca\/BWeek\/BWeek05.html\" target=\"_blank\" rel=\"noopener\">2005<\/a><\/td>\n<td>1. Waldemar Frukacz &#8211; Pierre Daigneault<br \/>2. Ken Scholes &#8211; Peter Herold<\/td>\n<\/tr>\n<tr>\n<td><a href=\"https:\/\/www.cbf.ca\/BWeek\/BWeek04.html\" target=\"_blank\" rel=\"noopener\">2004<\/a><\/td>\n<td>1. Jurek Czyzowicz &#8211; Darren Wolpert<br \/>2. Stephen Cooper &#8211; Jordan Cohen<\/td>\n<\/tr>\n<tr>\n<td><strong><a href=\"https:\/\/www.cbf.ca\/BWeek\/BWeek03.html\" target=\"_blank\" rel=\"noopener\">2003<\/a><\/strong><\/td>\n<td>1. John Rayner &#8211; John Duquette<br \/>2. Carole Berry &#8211; John Gillespie<\/td>\n<\/tr>\n<tr>\n<td><strong><a href=\"https:\/\/www.cbf.ca\/BWeek\/BWeek02.html\" target=\"_blank\" rel=\"noopener\">2002<\/a><\/strong><\/td>\n<td>1. David McLellan &#8211; William Treble<br \/>2. Charles Roberts &#8211; Glenn Cossey<\/td>\n<\/tr>\n<tr>\n<td><strong><a href=\"https:\/\/www.cbf.ca\/BWeek\/BWeek01.html\" target=\"_blank\" rel=\"noopener\">2001<\/a><\/strong><\/td>\n<td>1. Jean Castonguay &#8211; Andre Chartrand<br \/>2. Barbara Saltsman &#8211; Nancy Koffler<\/td>\n<\/tr>\n<tr>\n<td><strong><a href=\"https:\/\/www.cbf.ca\/BWeek\/00results\/\" target=\"_blank\" rel=\"noopener\">2000<\/a><\/strong><\/td>\n<td>1. David McLellan &#8211; William Treble<br \/>2. Gloria Silverman &#8211; Andy Altay<\/td>\n<\/tr>\n<tr>\n<td><strong><a href=\"https:\/\/www.cbf.ca\/BWeek\/99results\/99CNC.html\" target=\"_blank\" rel=\"noopener\">1999<\/a><\/strong><\/td>\n<td>1. Dan Jacob &#8211; Lawrence Hicks<br \/>2. Paul Janicki &#8211; Detlef Ladewig<\/td>\n<\/tr>\n<tr>\n<td><strong><a href=\"https:\/\/www.cbf.ca\/BWeek\/98results\/98CNC.html\" target=\"_blank\" rel=\"noopener\">1998<\/a><\/strong><\/td>\n<td>1. Douglas Heron &amp; Alex Heron Jr.<br \/>2. Ken Scholes &#8211; Peter Herold<\/td>\n<\/tr>\n<tr>\n<td>1997<\/td>\n<td>1. Michael Betts &#8211; Randy Bennett<br \/>2. Felipe Hernandez &#8211; Michael Neagu<\/td>\n<\/tr>\n<tr>\n<td>1996<\/td>\n<td>1. Dave Willis &#8211; John Valliant<br \/>2. Nicolas L\u2019Ecuyer &#8211; Darren Wolpert<\/td>\n<\/tr>\n<tr>\n<td>1995<\/td>\n<td>1. Jim Reigle -Pierre Treuil<\/td>\n<\/tr>\n<tr>\n<td>1994<\/td>\n<td>1. Dick Anderson &#8211; Peter Basarsky<\/td>\n<\/tr>\n<tr>\n<td>1993<\/td>\n<td>1. Pierre Treuil &#8211; John Zaluski<\/td>\n<\/tr>\n<tr>\n<td>1992<\/td>\n<td>1. Pierre Treuil &#8211; John Zaluski<\/td>\n<\/tr>\n<tr>\n<td>1991<\/td>\n<td>1. Michael Cafferata &#8211; Ken Warren<\/td>\n<\/tr>\n<tr>\n<td>1990<\/td>\n<td>1. Katie Thorpe &#8211; John Carruthers<\/td>\n<\/tr>\n<tr>\n<td>1989<\/td>\n<td>1. Ron Borg \u2013 Michael Strebinger<\/td>\n<\/tr>\n<tr>\n<td>1988<\/td>\n<td>1. John Valliant \u2013 David Willis<\/td>\n<\/tr>\n<tr>\n<td>1987<\/td>\n<td>1. Maurice de la Salle &#8211; Mark Chalfin<\/td>\n<\/tr>\n<tr>\n<td>1986<\/td>\n<td>1. Gary Whiteman &#8211; Ken Warren<\/td>\n<\/tr>\n<tr>\n<td>1985<\/td>\n<td>1. Boris Baran \u2013 Mark Molson<\/td>\n<\/tr>\n<\/tbody>\n<\/table>","protected":false},"excerpt":{"rendered":"<p>Le COPC est notre championnat national par paires. Les participants doivent \u00eatre membres en r\u00e8gle de la FCB et avoir obtenu une qualification. La qualification s&rsquo;applique en tant que joueur, donc un joueur peut jouer dans le COPC avec tout autre joueur qualifi\u00e9.\u00a0 Les joueurs peuvent se qualifier dans une partie de club d\u00e9sign\u00e9e (entre<br><a class=\"moretag signature-animation\" href=\"https:\/\/cbf.ca\/fr\/evenements\/championnats-canadiens-de-bridge\/paires-open-copc\/\">CONTINUER LA LECTURE<\/a>","protected":false},"author":1,"featured_media":0,"parent":3462,"menu_order":5,"comment_status":"closed","ping_status":"closed","template":"","meta":{"footnotes":""},"yoast_head":"<!-- This site is optimized with the Yoast SEO plugin v22.3 - https:\/\/yoast.com\/wordpress\/plugins\/seo\/ -->\n<title>CHAMPIONNAT CANADIEN DES PAIRES OPEN (COPC) - Canadian Bridge Federation<\/title>\n<meta name=\"robots\" content=\"index, follow, max-snippet:-1, max-image-preview:large, max-video-preview:-1\" \/>\n<link rel=\"canonical\" href=\"https:\/\/cbf.ca\/fr\/evenements\/championnats-canadiens-de-bridge\/paires-open-copc\/\" \/>\n<meta property=\"og:locale\" content=\"fr_FR\" \/>\n<meta property=\"og:type\" content=\"article\" \/>\n<meta property=\"og:title\" content=\"CHAMPIONNAT CANADIEN DES PAIRES OPEN (COPC) - Canadian Bridge Federation\" \/>\n<meta property=\"og:description\" content=\"Le COPC est notre championnat national par paires. Les participants doivent \u00eatre membres en r\u00e8gle de la FCB et avoir obtenu une qualification. La qualification s&rsquo;applique en tant que joueur, donc un joueur peut jouer dans le COPC avec tout autre joueur qualifi\u00e9.\u00a0 Les joueurs peuvent se qualifier dans une partie de club d\u00e9sign\u00e9e (entre\" \/>\n<meta property=\"og:url\" content=\"https:\/\/cbf.ca\/fr\/evenements\/championnats-canadiens-de-bridge\/paires-open-copc\/\" \/>\n<meta property=\"og:site_name\" content=\"Canadian Bridge Federation\" \/>\n<meta property=\"article:publisher\" content=\"https:\/\/www.facebook.com\/Canadian.Bridge.Federation\/\" \/>\n<meta property=\"article:modified_time\" content=\"2026-04-03T17:24:17+00:00\" \/>\n<meta property=\"og:image\" content=\"https:\/\/cbf.ca\/wp-content\/uploads\/2014\/09\/JimDonaldsonTrophy.png\" \/>\n<meta name=\"twitter:label1\" content=\"Dur\u00e9e de lecture estim\u00e9e\" \/>\n\t<meta name=\"twitter:data1\" content=\"4 minutes\" \/>\n<script type=\"application\/ld+json\" class=\"yoast-schema-graph\">{\"@context\":\"https:\/\/schema.org\",\"@graph\":[{\"@type\":\"WebPage\",\"@id\":\"https:\/\/cbf.ca\/fr\/evenements\/championnats-canadiens-de-bridge\/paires-open-copc\/\",\"url\":\"https:\/\/cbf.ca\/fr\/evenements\/championnats-canadiens-de-bridge\/paires-open-copc\/\",\"name\":\"CHAMPIONNAT CANADIEN DES PAIRES OPEN (COPC) - Canadian Bridge Federation\",\"isPartOf\":{\"@id\":\"https:\/\/cbf.ca\/#website\"},\"primaryImageOfPage\":{\"@id\":\"https:\/\/cbf.ca\/fr\/evenements\/championnats-canadiens-de-bridge\/paires-open-copc\/#primaryimage\"},\"image\":{\"@id\":\"https:\/\/cbf.ca\/fr\/evenements\/championnats-canadiens-de-bridge\/paires-open-copc\/#primaryimage\"},\"thumbnailUrl\":\"https:\/\/cbf.ca\/wp-content\/uploads\/2014\/09\/JimDonaldsonTrophy.png\",\"datePublished\":\"2014-09-13T19:01:09+00:00\",\"dateModified\":\"2026-04-03T17:24:17+00:00\",\"breadcrumb\":{\"@id\":\"https:\/\/cbf.ca\/fr\/evenements\/championnats-canadiens-de-bridge\/paires-open-copc\/#breadcrumb\"},\"inLanguage\":\"fr-FR\",\"potentialAction\":[{\"@type\":\"ReadAction\",\"target\":[\"https:\/\/cbf.ca\/fr\/evenements\/championnats-canadiens-de-bridge\/paires-open-copc\/\"]}]},{\"@type\":\"ImageObject\",\"inLanguage\":\"fr-FR\",\"@id\":\"https:\/\/cbf.ca\/fr\/evenements\/championnats-canadiens-de-bridge\/paires-open-copc\/#primaryimage\",\"url\":\"https:\/\/cbf.ca\/wp-content\/uploads\/2014\/09\/JimDonaldsonTrophy.png\",\"contentUrl\":\"https:\/\/cbf.ca\/wp-content\/uploads\/2014\/09\/JimDonaldsonTrophy.png\",\"width\":158,\"height\":218,\"caption\":\"Jim Donaldson Trophy\"},{\"@type\":\"BreadcrumbList\",\"@id\":\"https:\/\/cbf.ca\/fr\/evenements\/championnats-canadiens-de-bridge\/paires-open-copc\/#breadcrumb\",\"itemListElement\":[{\"@type\":\"ListItem\",\"position\":1,\"name\":\"Home\",\"item\":\"https:\/\/cbf.ca\/\"},{\"@type\":\"ListItem\",\"position\":2,\"name\":\"\u00c9v\u00e9nements\",\"item\":\"https:\/\/cbf.ca\/fr\/evenements\/\"},{\"@type\":\"ListItem\",\"position\":3,\"name\":\"Championnats canadiens de bridge\",\"item\":\"https:\/\/cbf.ca\/fr\/evenements\/championnats-canadiens-de-bridge\/\"},{\"@type\":\"ListItem\",\"position\":4,\"name\":\"CHAMPIONNAT CANADIEN DES PAIRES OPEN (COPC)\"}]},{\"@type\":\"WebSite\",\"@id\":\"https:\/\/cbf.ca\/#website\",\"url\":\"https:\/\/cbf.ca\/\",\"name\":\"Canadian Bridge Federation\",\"description\":\"F\u00e9d\u00e9ration canadienne de bridge\",\"potentialAction\":[{\"@type\":\"SearchAction\",\"target\":{\"@type\":\"EntryPoint\",\"urlTemplate\":\"https:\/\/cbf.ca\/?s={search_term_string}\"},\"query-input\":\"required name=search_term_string\"}],\"inLanguage\":\"fr-FR\"}]}<\/script>\n<!-- \/ Yoast SEO plugin. -->","yoast_head_json":{"title":"CHAMPIONNAT CANADIEN DES PAIRES OPEN (COPC) - Canadian Bridge Federation","robots":{"index":"index","follow":"follow","max-snippet":"max-snippet:-1","max-image-preview":"max-image-preview:large","max-video-preview":"max-video-preview:-1"},"canonical":"https:\/\/cbf.ca\/fr\/evenements\/championnats-canadiens-de-bridge\/paires-open-copc\/","og_locale":"fr_FR","og_type":"article","og_title":"CHAMPIONNAT CANADIEN DES PAIRES OPEN (COPC) - Canadian Bridge Federation","og_description":"Le COPC est notre championnat national par paires. Les participants doivent \u00eatre membres en r\u00e8gle de la FCB et avoir obtenu une qualification. La qualification s&rsquo;applique en tant que joueur, donc un joueur peut jouer dans le COPC avec tout autre joueur qualifi\u00e9.\u00a0 Les joueurs peuvent se qualifier dans une partie de club d\u00e9sign\u00e9e (entre","og_url":"https:\/\/cbf.ca\/fr\/evenements\/championnats-canadiens-de-bridge\/paires-open-copc\/","og_site_name":"Canadian Bridge Federation","article_publisher":"https:\/\/www.facebook.com\/Canadian.Bridge.Federation\/","article_modified_time":"2026-04-03T17:24:17+00:00","og_image":[{"url":"https:\/\/cbf.ca\/wp-content\/uploads\/2014\/09\/JimDonaldsonTrophy.png"}],"twitter_misc":{"Dur\u00e9e de lecture estim\u00e9e":"4 minutes"},"schema":{"@context":"https:\/\/schema.org","@graph":[{"@type":"WebPage","@id":"https:\/\/cbf.ca\/fr\/evenements\/championnats-canadiens-de-bridge\/paires-open-copc\/","url":"https:\/\/cbf.ca\/fr\/evenements\/championnats-canadiens-de-bridge\/paires-open-copc\/","name":"CHAMPIONNAT CANADIEN DES PAIRES OPEN (COPC) - Canadian Bridge Federation","isPartOf":{"@id":"https:\/\/cbf.ca\/#website"},"primaryImageOfPage":{"@id":"https:\/\/cbf.ca\/fr\/evenements\/championnats-canadiens-de-bridge\/paires-open-copc\/#primaryimage"},"image":{"@id":"https:\/\/cbf.ca\/fr\/evenements\/championnats-canadiens-de-bridge\/paires-open-copc\/#primaryimage"},"thumbnailUrl":"https:\/\/cbf.ca\/wp-content\/uploads\/2014\/09\/JimDonaldsonTrophy.png","datePublished":"2014-09-13T19:01:09+00:00","dateModified":"2026-04-03T17:24:17+00:00","breadcrumb":{"@id":"https:\/\/cbf.ca\/fr\/evenements\/championnats-canadiens-de-bridge\/paires-open-copc\/#breadcrumb"},"inLanguage":"fr-FR","potentialAction":[{"@type":"ReadAction","target":["https:\/\/cbf.ca\/fr\/evenements\/championnats-canadiens-de-bridge\/paires-open-copc\/"]}]},{"@type":"ImageObject","inLanguage":"fr-FR","@id":"https:\/\/cbf.ca\/fr\/evenements\/championnats-canadiens-de-bridge\/paires-open-copc\/#primaryimage","url":"https:\/\/cbf.ca\/wp-content\/uploads\/2014\/09\/JimDonaldsonTrophy.png","contentUrl":"https:\/\/cbf.ca\/wp-content\/uploads\/2014\/09\/JimDonaldsonTrophy.png","width":158,"height":218,"caption":"Jim Donaldson Trophy"},{"@type":"BreadcrumbList","@id":"https:\/\/cbf.ca\/fr\/evenements\/championnats-canadiens-de-bridge\/paires-open-copc\/#breadcrumb","itemListElement":[{"@type":"ListItem","position":1,"name":"Home","item":"https:\/\/cbf.ca\/"},{"@type":"ListItem","position":2,"name":"\u00c9v\u00e9nements","item":"https:\/\/cbf.ca\/fr\/evenements\/"},{"@type":"ListItem","position":3,"name":"Championnats canadiens de bridge","item":"https:\/\/cbf.ca\/fr\/evenements\/championnats-canadiens-de-bridge\/"},{"@type":"ListItem","position":4,"name":"CHAMPIONNAT CANADIEN DES PAIRES OPEN (COPC)"}]},{"@type":"WebSite","@id":"https:\/\/cbf.ca\/#website","url":"https:\/\/cbf.ca\/","name":"Canadian Bridge Federation","description":"F\u00e9d\u00e9ration canadienne de bridge","potentialAction":[{"@type":"SearchAction","target":{"@type":"EntryPoint","urlTemplate":"https:\/\/cbf.ca\/?s={search_term_string}"},"query-input":"required name=search_term_string"}],"inLanguage":"fr-FR"}]}},"_links":{"self":[{"href":"https:\/\/cbf.ca\/fr\/wp-json\/wp\/v2\/pages\/3474"}],"collection":[{"href":"https:\/\/cbf.ca\/fr\/wp-json\/wp\/v2\/pages"}],"about":[{"href":"https:\/\/cbf.ca\/fr\/wp-json\/wp\/v2\/types\/page"}],"author":[{"embeddable":true,"href":"https:\/\/cbf.ca\/fr\/wp-json\/wp\/v2\/users\/1"}],"replies":[{"embeddable":true,"href":"https:\/\/cbf.ca\/fr\/wp-json\/wp\/v2\/comments?post=3474"}],"version-history":[{"count":56,"href":"https:\/\/cbf.ca\/fr\/wp-json\/wp\/v2\/pages\/3474\/revisions"}],"predecessor-version":[{"id":38529,"href":"https:\/\/cbf.ca\/fr\/wp-json\/wp\/v2\/pages\/3474\/revisions\/38529"}],"up":[{"embeddable":true,"href":"https:\/\/cbf.ca\/fr\/wp-json\/wp\/v2\/pages\/3462"}],"wp:attachment":[{"href":"https:\/\/cbf.ca\/fr\/wp-json\/wp\/v2\/media?parent=3474"}],"curies":[{"name":"wp","href":"https:\/\/api.w.org\/{rel}","templated":true}]}}