{"id":3472,"date":"2014-09-13T23:00:24","date_gmt":"2014-09-13T19:00:24","guid":{"rendered":"http:\/\/cbf.ca\/?page_id=3472"},"modified":"2025-10-14T17:46:07","modified_gmt":"2025-10-14T13:46:07","slug":"equipes-seniors-cstc","status":"publish","type":"page","link":"https:\/\/cbf.ca\/fr\/evenements\/championnats-canadiens-de-bridge\/equipes-seniors-cstc\/","title":{"rendered":"CHAMPIONNAT CANADIEN DES \u00c9QUIPES SENIOR (CSTC)"},"content":{"rendered":"<p><a class=\"lightbox\" href=\"https:\/\/cbf.ca\/wp-content\/uploads\/2014\/09\/CSTC-Plaque-e1420759559986.jpg\"><img loading=\"lazy\" decoding=\"async\" class=\"alignright wp-image-1758\" src=\"https:\/\/cbf.ca\/wp-content\/uploads\/2014\/09\/CSTC-Plaque-e1420759559986.jpg\" alt=\"CSTC Sam Gold Plaque\" width=\"217\" height=\"271\" \/><\/a>Pour participer \u00e0 un \u00e9v\u00e9nement Senior de la F\u00e9d\u00e9ration mondiale de bridge (FMB). un joueur doit avoir atteint l&rsquo;\u00e2ge minimum requis sp\u00e9cifi\u00e9 dans le code d&rsquo;\u00e9ligibilit\u00e9 de la FMB, fix\u00e9 \u00e0 65 ans au 1er janvier 2026.<\/p>\n<p><span style=\"color: #993366;\">NOTE : <\/span><span style=\"color: #993366;\"> Toutes les personnes doivent obtenir (ou acheter) leur qualification pour participer au Championnat des \u00e9quipes CNTC-A, CSTC, CWTC, CMTC<\/span>, <span style=\"color: #993366;\"><span style=\"color: #000000;\">pour \u00eatre admissible \u00e0 jouer au tournoi \u00e0 la ronde des ces championnats. Des parties de qualification sont tenues dans les clubs sanctionn\u00e9s, de septembre \u00e0 d\u00e9cembre. L<\/span><span style=\"color: #000000;\">a FCB tiendra des parties en ligne \u00e0 l&rsquo;automne 2025 qui serviront de qualification pour ces \u00e9v\u00e9nements en \u00e9quipes. [<a href=\"https:\/\/cbf.ca\/fr\/evenements\/parties-fcb-qualifications-ccb-en-ligne\/\" target=\"_blank\" rel=\"noreferrer noopener\">Parties FCB &#8211; Qualifications CCB<\/a>]. Un joueur se qualifie en tant qu&rsquo;individu. Une qualification en \u00e9quipe est valide pour tout championnat par \u00e9quipes.<\/span><\/span><\/p>\n<p>Les participants doivent \u00eatre membres en r\u00e8gle de la FCB. Les \u00e9quipes doivent <strong>s\u2019inscrire au pr\u00e9alable <\/strong>pour le Championnat canadien, et payer les frais d&rsquo;inscription <em>non remboursables<\/em> pour le tournoi \u00e0 la ronde au plus tard \u00e0 la date limite indiqu\u00e9e dans la documentation. Il n&rsquo;y a pas de pr\u00e9-qualification en club pour participer \u00e0 ce championnat.<\/p>\n<p style=\"text-align: justify;\"><span style=\"line-height: 1.5;\">Apr\u00e8s ratification par le CA de la FCB, l\u2019\u00e9quipe gagnante re\u00e7oit une subvention pour repr\u00e9senter le Canada au Championnat mondial des \u00e9quipes seniors de l\u2019ann\u00e9e en cours.<\/span><\/p>\n<p><a href=\"https:\/\/cbf.ca\/BWeek\/26files\/index.shtml\" class=\"btn bluth red btn- \" target=\"_self\"> Cliquer ici <\/a> <strong>\u00a0Site des Championnats canadiens de bridge 2026 :<\/strong><\/p>\n<p style=\"padding-left: 40px;\">&#8211; R\u00e8glements g\u00e9raux et R\u00e8glements compl\u00e9mentaires<br \/>&#8211; Dates, Endroit, C\u00e9dule, \u00c9quipes, R\u00e9sultats, et plus<\/p>\n<h2><strong>LES GAGNANTS DU CSTC<\/strong><\/h2>\n<h3>Cliquez sur l\u2019ann\u00e9e pour acc\u00e9der aux archives du championnat.<\/h3>\n\n\n<figure class=\"wp-block-table\"><table><tbody><tr><td><a href=\"https:\/\/cbf.ca\/BWeek\/25files\/standings.shtml\" target=\"_blank\" rel=\"noreferrer noopener\"><strong>2025<\/strong><\/a><\/td><td>Dan Jacob, Piotr Klimowicz, Michel Lorber, Zygmunt Marcinski<\/td><\/tr><tr><td><a href=\"https:\/\/cbf.ca\/BWeek\/24files\/standings.shtml\" target=\"_blank\" rel=\"noreferrer noopener\"><strong>2024<\/strong><\/a><\/td><td>Dan Jacob, Piotr Klimowicz, Gord McOrmond, Mike Hargreaves, John Carruthers, Robert Lebi<\/td><\/tr><tr><td><a href=\"https:\/\/cbf.ca\/BWeek\/23files\/standings.shtml\" target=\"_blank\" rel=\"noreferrer noopener\"><strong>2023<\/strong><\/a><\/td><td>Nader Hanna, John Rayner, Vince Oddy, Roy Dalton, Doug Baxter, David Lindop<\/td><\/tr><tr><td><a href=\"https:\/\/cbf.ca\/BWeek\/22files\/standings.shtml\" target=\"_blank\" rel=\"noreferrer noopener\"><strong>2022<\/strong><\/a><\/td><td>Robert Kuz, William Treble, Barry Senensky, Jordan Cohen, Stephen Cooper, Morrie Kleinplatz<\/td><\/tr><tr><td><a href=\"https:\/\/cbf.ca\/BWeek\/21files\/standings.shtml\" target=\"_blank\" rel=\"noreferrer noopener\"><strong>2021<\/strong><\/a><\/td><td>Kamel Fergani, Zygmunt Marcinski, Gordon Campbell, Nicholas Gartaganis, Jurek Czyzowicz, Dan Jacob<\/td><\/tr><tr><td><a href=\"https:\/\/cbf.ca\/BWeek\/20files\/standings.shtml\"><strong>2020<\/strong><\/a>&nbsp; <\/td><td>Kamel Fergani, Zygmunt Marcinski, Gordon Campbell, Nicholas Gartaganis<\/td><\/tr><tr><td><a href=\"https:\/\/cbf.ca\/BWeek\/19files\/standings.shtml\"><strong>2019<\/strong><\/a><\/td><td>Nader Hanna, John Rayner, John Carruthers, Martin Kirr<\/td><\/tr><tr><td><a href=\"https:\/\/cbf.ca\/BWeek\/18files\/standings.shtml\"><strong>2018<\/strong><\/a>&nbsp; <\/td><td>Nader Hanna, John Rayner,&nbsp;John Carruthers,&nbsp;Joey Silver,&nbsp;Michael Roche,&nbsp;Michael Hargreaves<\/td><\/tr><tr><td><strong><\/strong><strong><a href=\"https:\/\/cbf.ca\/BWeek\/17files\/standings.shtml\">2017<\/a><\/strong><\/td><td>David Turner, Fred Lerner, John Gowdy, Michael Schoenborn<\/td><\/tr><tr><td><strong><\/strong><strong><a href=\"https:\/\/cbf.ca\/BWeek\/16files\/\" target=\"_blank\" rel=\"noreferrer noopener\">2016<\/a><\/strong><\/td><td>John Carruthers, Joey Silver, George Mittelman, Robert Lebi, Pierre Daigneault, Boris Baran<\/td><\/tr><tr><td><strong><\/strong><strong><a href=\"https:\/\/cbf.ca\/BWeek\/15files\/\" target=\"_blank\" rel=\"noreferrer noopener\">2015<\/a><\/strong><\/td><td>John Carruthers, Joey Silver, Katie Thorpe, Martin Kirr, Michael Roche, John Rayner<\/td><\/tr><tr><td><strong><\/strong><strong><a href=\"https:\/\/cbf.ca\/BWeek\/14files\/\" target=\"_blank\" rel=\"noreferrer noopener\">2014<\/a><\/strong><\/td><td>Doran Flock, Dave Smith, Michael Schoenborn, Fred Lerner<\/td><\/tr><tr><td><a href=\"https:\/\/www.cbf.ca\/BWeek\/13files\/\" target=\"_blank\" rel=\"noreferrer noopener\"><strong>2013<\/strong><\/a><\/td><td>Robert Lebi, David Lindop, Jurek Czyzowicz, Dan Jacob<\/td><\/tr><tr><td><a href=\"https:\/\/cbf.ca\/BWeek\/12files\/\" target=\"_blank\" rel=\"noreferrer noopener\"><strong>2012<\/strong><\/a><\/td><td>Joseph Silver, John Guoba, Martin Kirr, John Carruthers<\/td><\/tr><tr><td><a href=\"https:\/\/www.cbf.ca\/BWeek\/11files\/\"><strong>2011<\/strong><\/a><\/td><td>Boris Baran, Michael Schoenborn, Dan Jacob, Jurek Czyzowicz, Fred Hoffer, Don Piafsky<\/td><\/tr><tr><td><a href=\"https:\/\/www.cbf.ca\/BWeek\/10files\/\"><strong>2010<\/strong><\/a><\/td><td>Eric Murray, John Gowdy, Michael Schoenborn, Boris Baran, Joey Silver, John Carruthers<\/td><\/tr><tr><td><a href=\"https:\/\/www.cbf.ca\/BWeek\/09files\/\"><strong>2009<\/strong><\/a><\/td><td>Arno Hobart, Martin Kirr, Michael Schoenborn, Boris Baran<\/td><\/tr><tr><td><a href=\"https:\/\/www.cbf.ca\/BWeek\/08files\/\"><strong>2008<\/strong><\/a><\/td><td>Bill Bowman , Ed Zaluski, Stephen Brown, John Bowman, Jurek Czyzowicz<\/td><\/tr><tr><td><a href=\"https:\/\/www.cbf.ca\/BWeek\/07files\/\"><strong>2007<\/strong><\/a><\/td><td>John Carruthers, Eric Murray, Don Piafsky, Joseph Silve, Boris Baran , Fred Hoffer<\/td><\/tr><tr><td><a href=\"https:\/\/www.cbf.ca\/BWeek\/BWeek06.html\"><strong>2006<\/strong><\/a><\/td><td>Michael Schleifer, Carole Klein, Richard Lesage, Peter Clark<\/td><\/tr><tr><td><a href=\"https:\/\/www.cbf.ca\/BWeek\/BWeek05.html\"><strong>2005<\/strong><\/a><\/td><td>Michael Cummings, David Lindop, John Bowman, Bill Bowman<\/td><\/tr><tr><td><a href=\"https:\/\/www.cbf.ca\/BWeek\/BWeek04.html\"><strong>2004<\/strong><\/a><\/td><td>Andre Lalibert\u00e9, Fred Hoffer, Jon Robinson, Don Piafsky<\/td><\/tr><tr><td><a href=\"https:\/\/www.cbf.ca\/BWeek\/00results\/index.html\"><strong>2000<\/strong><\/a><\/td><td>Fred Hoffer, Andre Lalibert\u00e9, Jonathan Robinson, Peter Schwartz<\/td><\/tr><\/tbody><\/table><\/figure>\n","protected":false},"excerpt":{"rendered":"<p>Pour participer \u00e0 un \u00e9v\u00e9nement Senior de la F\u00e9d\u00e9ration mondiale de bridge (FMB). un joueur doit avoir atteint l&rsquo;\u00e2ge minimum requis sp\u00e9cifi\u00e9 dans le code d&rsquo;\u00e9ligibilit\u00e9 de la FMB, fix\u00e9 \u00e0 65 ans au 1er janvier 2026. NOTE : Toutes les personnes doivent obtenir (ou acheter) leur qualification pour participer au Championnat des \u00e9quipes CNTC-A,<br><a class=\"moretag signature-animation\" href=\"https:\/\/cbf.ca\/fr\/evenements\/championnats-canadiens-de-bridge\/equipes-seniors-cstc\/\">CONTINUER LA LECTURE<\/a>","protected":false},"author":1,"featured_media":0,"parent":3462,"menu_order":4,"comment_status":"closed","ping_status":"closed","template":"","meta":{"footnotes":""},"yoast_head":"<!-- This site is optimized with the Yoast SEO plugin v22.3 - https:\/\/yoast.com\/wordpress\/plugins\/seo\/ -->\n<title>CHAMPIONNAT CANADIEN DES \u00c9QUIPES SENIOR (CSTC) - Canadian Bridge Federation<\/title>\n<meta name=\"robots\" content=\"index, follow, max-snippet:-1, max-image-preview:large, max-video-preview:-1\" \/>\n<link rel=\"canonical\" href=\"https:\/\/cbf.ca\/fr\/evenements\/championnats-canadiens-de-bridge\/equipes-seniors-cstc\/\" \/>\n<meta property=\"og:locale\" content=\"fr_FR\" \/>\n<meta property=\"og:type\" content=\"article\" \/>\n<meta property=\"og:title\" content=\"CHAMPIONNAT CANADIEN DES \u00c9QUIPES SENIOR (CSTC) - Canadian Bridge Federation\" \/>\n<meta property=\"og:description\" content=\"Pour participer \u00e0 un \u00e9v\u00e9nement Senior de la F\u00e9d\u00e9ration mondiale de bridge (FMB). un joueur doit avoir atteint l&rsquo;\u00e2ge minimum requis sp\u00e9cifi\u00e9 dans le code d&rsquo;\u00e9ligibilit\u00e9 de la FMB, fix\u00e9 \u00e0 65 ans au 1er janvier 2026. NOTE : Toutes les personnes doivent obtenir (ou acheter) leur qualification pour participer au Championnat des \u00e9quipes CNTC-A,\" \/>\n<meta property=\"og:url\" content=\"https:\/\/cbf.ca\/fr\/evenements\/championnats-canadiens-de-bridge\/equipes-seniors-cstc\/\" \/>\n<meta property=\"og:site_name\" content=\"Canadian Bridge Federation\" \/>\n<meta property=\"article:publisher\" content=\"https:\/\/www.facebook.com\/Canadian.Bridge.Federation\/\" \/>\n<meta property=\"article:modified_time\" content=\"2025-10-14T13:46:07+00:00\" \/>\n<meta property=\"og:image\" content=\"https:\/\/cbf.ca\/wp-content\/uploads\/2014\/09\/CSTC-Plaque-e1420759559986.jpg\" \/>\n<meta name=\"twitter:label1\" content=\"Dur\u00e9e de lecture estim\u00e9e\" \/>\n\t<meta name=\"twitter:data1\" content=\"3 minutes\" \/>\n<script type=\"application\/ld+json\" class=\"yoast-schema-graph\">{\"@context\":\"https:\/\/schema.org\",\"@graph\":[{\"@type\":\"WebPage\",\"@id\":\"https:\/\/cbf.ca\/fr\/evenements\/championnats-canadiens-de-bridge\/equipes-seniors-cstc\/\",\"url\":\"https:\/\/cbf.ca\/fr\/evenements\/championnats-canadiens-de-bridge\/equipes-seniors-cstc\/\",\"name\":\"CHAMPIONNAT CANADIEN DES \u00c9QUIPES SENIOR (CSTC) - Canadian Bridge Federation\",\"isPartOf\":{\"@id\":\"https:\/\/cbf.ca\/#website\"},\"primaryImageOfPage\":{\"@id\":\"https:\/\/cbf.ca\/fr\/evenements\/championnats-canadiens-de-bridge\/equipes-seniors-cstc\/#primaryimage\"},\"image\":{\"@id\":\"https:\/\/cbf.ca\/fr\/evenements\/championnats-canadiens-de-bridge\/equipes-seniors-cstc\/#primaryimage\"},\"thumbnailUrl\":\"https:\/\/cbf.ca\/wp-content\/uploads\/2014\/09\/CSTC-Plaque-e1420759559986.jpg\",\"datePublished\":\"2014-09-13T19:00:24+00:00\",\"dateModified\":\"2025-10-14T13:46:07+00:00\",\"breadcrumb\":{\"@id\":\"https:\/\/cbf.ca\/fr\/evenements\/championnats-canadiens-de-bridge\/equipes-seniors-cstc\/#breadcrumb\"},\"inLanguage\":\"fr-FR\",\"potentialAction\":[{\"@type\":\"ReadAction\",\"target\":[\"https:\/\/cbf.ca\/fr\/evenements\/championnats-canadiens-de-bridge\/equipes-seniors-cstc\/\"]}]},{\"@type\":\"ImageObject\",\"inLanguage\":\"fr-FR\",\"@id\":\"https:\/\/cbf.ca\/fr\/evenements\/championnats-canadiens-de-bridge\/equipes-seniors-cstc\/#primaryimage\",\"url\":\"https:\/\/cbf.ca\/wp-content\/uploads\/2014\/09\/CSTC-Plaque-e1420759559986.jpg\",\"contentUrl\":\"https:\/\/cbf.ca\/wp-content\/uploads\/2014\/09\/CSTC-Plaque-e1420759559986.jpg\",\"width\":1200,\"height\":1497,\"caption\":\"CSTC Sam Gold Plaque\"},{\"@type\":\"BreadcrumbList\",\"@id\":\"https:\/\/cbf.ca\/fr\/evenements\/championnats-canadiens-de-bridge\/equipes-seniors-cstc\/#breadcrumb\",\"itemListElement\":[{\"@type\":\"ListItem\",\"position\":1,\"name\":\"Home\",\"item\":\"https:\/\/cbf.ca\/\"},{\"@type\":\"ListItem\",\"position\":2,\"name\":\"\u00c9v\u00e9nements\",\"item\":\"https:\/\/cbf.ca\/fr\/evenements\/\"},{\"@type\":\"ListItem\",\"position\":3,\"name\":\"Championnats canadiens de bridge\",\"item\":\"https:\/\/cbf.ca\/fr\/evenements\/championnats-canadiens-de-bridge\/\"},{\"@type\":\"ListItem\",\"position\":4,\"name\":\"CHAMPIONNAT CANADIEN DES \u00c9QUIPES SENIOR (CSTC)\"}]},{\"@type\":\"WebSite\",\"@id\":\"https:\/\/cbf.ca\/#website\",\"url\":\"https:\/\/cbf.ca\/\",\"name\":\"Canadian Bridge Federation\",\"description\":\"F\u00e9d\u00e9ration canadienne de bridge\",\"potentialAction\":[{\"@type\":\"SearchAction\",\"target\":{\"@type\":\"EntryPoint\",\"urlTemplate\":\"https:\/\/cbf.ca\/?s={search_term_string}\"},\"query-input\":\"required name=search_term_string\"}],\"inLanguage\":\"fr-FR\"}]}<\/script>\n<!-- \/ Yoast SEO plugin. -->","yoast_head_json":{"title":"CHAMPIONNAT CANADIEN DES \u00c9QUIPES SENIOR (CSTC) - Canadian Bridge Federation","robots":{"index":"index","follow":"follow","max-snippet":"max-snippet:-1","max-image-preview":"max-image-preview:large","max-video-preview":"max-video-preview:-1"},"canonical":"https:\/\/cbf.ca\/fr\/evenements\/championnats-canadiens-de-bridge\/equipes-seniors-cstc\/","og_locale":"fr_FR","og_type":"article","og_title":"CHAMPIONNAT CANADIEN DES \u00c9QUIPES SENIOR (CSTC) - Canadian Bridge Federation","og_description":"Pour participer \u00e0 un \u00e9v\u00e9nement Senior de la F\u00e9d\u00e9ration mondiale de bridge (FMB). un joueur doit avoir atteint l&rsquo;\u00e2ge minimum requis sp\u00e9cifi\u00e9 dans le code d&rsquo;\u00e9ligibilit\u00e9 de la FMB, fix\u00e9 \u00e0 65 ans au 1er janvier 2026. NOTE : Toutes les personnes doivent obtenir (ou acheter) leur qualification pour participer au Championnat des \u00e9quipes CNTC-A,","og_url":"https:\/\/cbf.ca\/fr\/evenements\/championnats-canadiens-de-bridge\/equipes-seniors-cstc\/","og_site_name":"Canadian Bridge Federation","article_publisher":"https:\/\/www.facebook.com\/Canadian.Bridge.Federation\/","article_modified_time":"2025-10-14T13:46:07+00:00","og_image":[{"url":"https:\/\/cbf.ca\/wp-content\/uploads\/2014\/09\/CSTC-Plaque-e1420759559986.jpg"}],"twitter_misc":{"Dur\u00e9e de lecture estim\u00e9e":"3 minutes"},"schema":{"@context":"https:\/\/schema.org","@graph":[{"@type":"WebPage","@id":"https:\/\/cbf.ca\/fr\/evenements\/championnats-canadiens-de-bridge\/equipes-seniors-cstc\/","url":"https:\/\/cbf.ca\/fr\/evenements\/championnats-canadiens-de-bridge\/equipes-seniors-cstc\/","name":"CHAMPIONNAT CANADIEN DES \u00c9QUIPES SENIOR (CSTC) - Canadian Bridge Federation","isPartOf":{"@id":"https:\/\/cbf.ca\/#website"},"primaryImageOfPage":{"@id":"https:\/\/cbf.ca\/fr\/evenements\/championnats-canadiens-de-bridge\/equipes-seniors-cstc\/#primaryimage"},"image":{"@id":"https:\/\/cbf.ca\/fr\/evenements\/championnats-canadiens-de-bridge\/equipes-seniors-cstc\/#primaryimage"},"thumbnailUrl":"https:\/\/cbf.ca\/wp-content\/uploads\/2014\/09\/CSTC-Plaque-e1420759559986.jpg","datePublished":"2014-09-13T19:00:24+00:00","dateModified":"2025-10-14T13:46:07+00:00","breadcrumb":{"@id":"https:\/\/cbf.ca\/fr\/evenements\/championnats-canadiens-de-bridge\/equipes-seniors-cstc\/#breadcrumb"},"inLanguage":"fr-FR","potentialAction":[{"@type":"ReadAction","target":["https:\/\/cbf.ca\/fr\/evenements\/championnats-canadiens-de-bridge\/equipes-seniors-cstc\/"]}]},{"@type":"ImageObject","inLanguage":"fr-FR","@id":"https:\/\/cbf.ca\/fr\/evenements\/championnats-canadiens-de-bridge\/equipes-seniors-cstc\/#primaryimage","url":"https:\/\/cbf.ca\/wp-content\/uploads\/2014\/09\/CSTC-Plaque-e1420759559986.jpg","contentUrl":"https:\/\/cbf.ca\/wp-content\/uploads\/2014\/09\/CSTC-Plaque-e1420759559986.jpg","width":1200,"height":1497,"caption":"CSTC Sam Gold Plaque"},{"@type":"BreadcrumbList","@id":"https:\/\/cbf.ca\/fr\/evenements\/championnats-canadiens-de-bridge\/equipes-seniors-cstc\/#breadcrumb","itemListElement":[{"@type":"ListItem","position":1,"name":"Home","item":"https:\/\/cbf.ca\/"},{"@type":"ListItem","position":2,"name":"\u00c9v\u00e9nements","item":"https:\/\/cbf.ca\/fr\/evenements\/"},{"@type":"ListItem","position":3,"name":"Championnats canadiens de bridge","item":"https:\/\/cbf.ca\/fr\/evenements\/championnats-canadiens-de-bridge\/"},{"@type":"ListItem","position":4,"name":"CHAMPIONNAT CANADIEN DES \u00c9QUIPES SENIOR (CSTC)"}]},{"@type":"WebSite","@id":"https:\/\/cbf.ca\/#website","url":"https:\/\/cbf.ca\/","name":"Canadian Bridge Federation","description":"F\u00e9d\u00e9ration canadienne de bridge","potentialAction":[{"@type":"SearchAction","target":{"@type":"EntryPoint","urlTemplate":"https:\/\/cbf.ca\/?s={search_term_string}"},"query-input":"required name=search_term_string"}],"inLanguage":"fr-FR"}]}},"_links":{"self":[{"href":"https:\/\/cbf.ca\/fr\/wp-json\/wp\/v2\/pages\/3472"}],"collection":[{"href":"https:\/\/cbf.ca\/fr\/wp-json\/wp\/v2\/pages"}],"about":[{"href":"https:\/\/cbf.ca\/fr\/wp-json\/wp\/v2\/types\/page"}],"author":[{"embeddable":true,"href":"https:\/\/cbf.ca\/fr\/wp-json\/wp\/v2\/users\/1"}],"replies":[{"embeddable":true,"href":"https:\/\/cbf.ca\/fr\/wp-json\/wp\/v2\/comments?post=3472"}],"version-history":[{"count":84,"href":"https:\/\/cbf.ca\/fr\/wp-json\/wp\/v2\/pages\/3472\/revisions"}],"predecessor-version":[{"id":34788,"href":"https:\/\/cbf.ca\/fr\/wp-json\/wp\/v2\/pages\/3472\/revisions\/34788"}],"up":[{"embeddable":true,"href":"https:\/\/cbf.ca\/fr\/wp-json\/wp\/v2\/pages\/3462"}],"wp:attachment":[{"href":"https:\/\/cbf.ca\/fr\/wp-json\/wp\/v2\/media?parent=3472"}],"curies":[{"name":"wp","href":"https:\/\/api.w.org\/{rel}","templated":true}]}}