{"id":3470,"date":"2014-09-13T23:01:53","date_gmt":"2014-09-13T19:01:53","guid":{"rendered":"http:\/\/cbf.ca\/?page_id=3470"},"modified":"2025-10-14T07:31:56","modified_gmt":"2025-10-14T03:31:56","slug":"equipes-open-classe-c-cntc-c","status":"publish","type":"page","link":"https:\/\/cbf.ca\/fr\/evenements\/championnats-canadiens-de-bridge\/equipes-open-classe-c-cntc-c\/","title":{"rendered":"CHAMPIONNAT CANADIEN DES \u00c9QUIPES C (CNTC-C)"},"content":{"rendered":"<p style=\"text-align: justify;\"><a class=\"lightbox\" href=\"https:\/\/cbf.ca\/wp-content\/uploads\/2014\/09\/CNTC-C-Plaque_web.jpg\"><img loading=\"lazy\" decoding=\"async\" class=\"alignright wp-image-1308 \" src=\"https:\/\/cbf.ca\/wp-content\/uploads\/2014\/09\/CNTC-C-Plaque_web.jpg\" alt=\"Plaque du CNTC-C\" width=\"224\" height=\"296\" \/><\/a>Le CNTC-C est une comp\u00e9tition par \u00e9quipes pour les membres de la FCB qui ont moins de 1000 points de ma\u00eetre au 1<sup>er <\/sup>septembre de l\u2019ann\u00e9e o\u00f9 les \u00e9preuves d\u00e9butent dans les clubs. Le premier CNTC-C a eu lieu en 2012.<\/p>\n<p style=\"text-align: justify;\">Aucune qualification au niveau du club n&rsquo;est requise pour participer aux CNTC-B et CNTC-C 2026.<\/p>\n<p style=\"text-align: justify;\">Les participants doivent \u00eatre membres en r\u00e8gle de la FCB. Les \u00e9quipes doivent <strong>s\u2019inscrire au pr\u00e9alable <\/strong>pour le Championnat canadien, et payer les <strong><span style=\"font-weight: normal;\">frais d&rsquo;inscription<\/span> <\/strong><em>non remboursables<\/em> pour le tournoi \u00e0 la ronde au plus tard \u00e0 la date limite indiqu\u00e9e dans la documentation.<\/p>\n<p style=\"text-align: justify;\">L\u2019\u00e9quipe gagnante re\u00e7oit un prix en esp\u00e8ces<b> <\/b>ainsi que des points de ma\u00eetre Or.<\/p>\n<p style=\"text-align: justify;\"><strong><a href=\"https:\/\/cbf.ca\/BWeek\/26files\/index.shtml\" class=\"btn bluth red btn- \" target=\"_self\"> Cliquer ici <\/a>\u00a0 Site des Championnats 2026<\/strong><\/p>\n<p style=\"padding-left: 40px;\">\u2013 R\u00e8glements g\u00e9raux et R\u00e8glements compl\u00e9mentaires<br \/>\u2013 Dates, Endroit, C\u00e9dule, \u00c9quipes, R\u00e9sultats, et plus<\/p>\n<h2><strong>LES GAGNANTS DU CNTC-C<\/strong><\/h2>\n<h3>Cliquez sur l\u2019ann\u00e9e pour acc\u00e9der aux archives du championnat.<\/h3>\n\n\n<figure class=\"wp-block-table\"><table><tbody><tr><td><a href=\"https:\/\/cbf.ca\/BWeek\/25files\/standings.shtml\" target=\"_blank\" rel=\"noreferrer noopener\"><strong>2025<\/strong><\/a><\/td><td>Charles Faille, Fr\u00e9d\u00e9rick Faille, Francis Savaria, Dominique B\u00e9land<\/td><\/tr><tr><td><a href=\"https:\/\/cbf.ca\/BWeek\/24files\/standings.shtml\" target=\"_blank\" rel=\"noreferrer noopener\"><strong>2024<\/strong><\/a><\/td><td>Phyllis Minielly, Sharon McDonald, Fred Smith, Linda Smith<\/td><\/tr><tr><td><a href=\"https:\/\/cbf.ca\/BWeek\/23files\/standings.shtml\" target=\"_blank\" rel=\"noreferrer noopener\"><strong>2023<\/strong><\/a><\/td><td>Simon-Pierre Goulet, Charles Faille, Fr\u00e9d\u00e9ric B\u00e9langer, Francis Savaria<\/td><\/tr><tr><td><a href=\"https:\/\/cbf.ca\/BWeek\/22files\/standings.shtml\" target=\"_blank\" rel=\"noreferrer noopener\"><strong>2022<\/strong><\/a><\/td><td>John Hindle, Jeff Gosman, Dave West, Brian Macri<\/td><\/tr><tr><td><a href=\"https:\/\/cbf.ca\/BWeek\/21files\/standings.shtml\" target=\"_blank\" rel=\"noreferrer noopener\"><strong>2021<\/strong><\/a><\/td><td>Daniel Chen, Jun Wei, Yanping Zhang, Henry Zhang<\/td><\/tr><tr><td><a href=\"https:\/\/cbf.ca\/BWeek\/20files\/standings.shtml\"><strong>2020<\/strong><\/a>&nbsp; <\/td><td>Pas de comp\u00e9tition<\/td><\/tr><tr><td><a href=\"https:\/\/cbf.ca\/BWeek\/19files\/standings.shtml\"><strong>2019<\/strong><\/a><\/td><td>Jack Qi, Lucy Zhong, Morris Chen, Qiang Hua, Cyril Tsou, Vincent Yung<\/td><\/tr><tr><td><a href=\"https:\/\/cbf.ca\/BWeek\/18files\/standings.shtml\"><strong>2018<\/strong><\/a>&nbsp; <\/td><td>Yunjiang Dong, Ashot Harutyunyan,&nbsp;Shih-Chieh Fuh,&nbsp;Xiang Chen Zhu<\/td><\/tr><tr><td><strong><\/strong><strong><a href=\"https:\/\/cbf.ca\/BWeek\/17files\/standings.shtml\">2017<\/a><\/strong><\/td><td>Freddie Mykytyshyn, Jason Walpole, Kevin Tomanek, Brian Robinson<\/td><\/tr><tr><td><strong><\/strong><strong><a href=\"https:\/\/cbf.ca\/BWeek\/16files\/\" target=\"_blank\" rel=\"noreferrer noopener\">2016<\/a><\/strong><\/td><td>Denis Ouellette, Gilles Benoit, Danielle Tremblay, Denise Roy-Letourneau<\/td><\/tr><tr><td><strong><\/strong><strong><a href=\"https:\/\/cbf.ca\/BWeek\/15files\/\" target=\"_blank\" rel=\"noreferrer noopener\">2015<\/a><\/strong><\/td><td>Carole Castonguay, Jacques Dionne, Linda Martin, Jos\u00e9e Roberge<\/td><\/tr><tr><td><strong><\/strong><strong><a href=\"https:\/\/cbf.ca\/BWeek\/14files\/\" target=\"_blank\" rel=\"noreferrer noopener\">2014<\/a><\/strong><\/td><td>Gerry Boudrias, Don Reble, Michael Harvey, Charles Hitschfeld<\/td><\/tr><tr><td><a href=\"https:\/\/www.cbf.ca\/BWeek\/13files\/\" target=\"_blank\" rel=\"noreferrer noopener\"><strong>2013<\/strong><\/a><\/td><td>Richard Watson, Hui-Zhi Song, Catherine Kinsella, Steve Roberts, Scott Franklin<\/td><\/tr><tr><td><a href=\"https:\/\/cbf.ca\/BWeek\/12files\/\" target=\"_blank\" rel=\"noreferrer noopener\"><strong>2012<\/strong><\/a><\/td><td>Yves Decelles, Sylvie L\u00e9vesque, Chantal Dub\u00e9, Josette L\u00e9vesque<\/td><\/tr><\/tbody><\/table><\/figure>\n","protected":false},"excerpt":{"rendered":"<p>Le CNTC-C est une comp\u00e9tition par \u00e9quipes pour les membres de la FCB qui ont moins de 1000 points de ma\u00eetre au 1er septembre de l\u2019ann\u00e9e o\u00f9 les \u00e9preuves d\u00e9butent dans les clubs. Le premier CNTC-C a eu lieu en 2012. Aucune qualification au niveau du club n&rsquo;est requise pour participer aux CNTC-B et CNTC-C<br><a class=\"moretag signature-animation\" href=\"https:\/\/cbf.ca\/fr\/evenements\/championnats-canadiens-de-bridge\/equipes-open-classe-c-cntc-c\/\">CONTINUER LA LECTURE<\/a>","protected":false},"author":1,"featured_media":0,"parent":3462,"menu_order":3,"comment_status":"closed","ping_status":"closed","template":"","meta":{"footnotes":""},"yoast_head":"<!-- This site is optimized with the Yoast SEO plugin v22.3 - https:\/\/yoast.com\/wordpress\/plugins\/seo\/ -->\n<title>CHAMPIONNAT CANADIEN DES \u00c9QUIPES C (CNTC-C) - Canadian Bridge Federation<\/title>\n<meta name=\"robots\" content=\"index, follow, max-snippet:-1, max-image-preview:large, max-video-preview:-1\" \/>\n<link rel=\"canonical\" href=\"https:\/\/cbf.ca\/fr\/evenements\/championnats-canadiens-de-bridge\/equipes-open-classe-c-cntc-c\/\" \/>\n<meta property=\"og:locale\" content=\"fr_FR\" \/>\n<meta property=\"og:type\" content=\"article\" \/>\n<meta property=\"og:title\" content=\"CHAMPIONNAT CANADIEN DES \u00c9QUIPES C (CNTC-C) - Canadian Bridge Federation\" \/>\n<meta property=\"og:description\" content=\"Le CNTC-C est une comp\u00e9tition par \u00e9quipes pour les membres de la FCB qui ont moins de 1000 points de ma\u00eetre au 1er septembre de l\u2019ann\u00e9e o\u00f9 les \u00e9preuves d\u00e9butent dans les clubs. Le premier CNTC-C a eu lieu en 2012. Aucune qualification au niveau du club n&rsquo;est requise pour participer aux CNTC-B et CNTC-C\" \/>\n<meta property=\"og:url\" content=\"https:\/\/cbf.ca\/fr\/evenements\/championnats-canadiens-de-bridge\/equipes-open-classe-c-cntc-c\/\" \/>\n<meta property=\"og:site_name\" content=\"Canadian Bridge Federation\" \/>\n<meta property=\"article:publisher\" content=\"https:\/\/www.facebook.com\/Canadian.Bridge.Federation\/\" \/>\n<meta property=\"article:modified_time\" content=\"2025-10-14T03:31:56+00:00\" \/>\n<meta property=\"og:image\" content=\"https:\/\/cbf.ca\/wp-content\/uploads\/2014\/09\/CNTC-C-Plaque_web.jpg\" \/>\n<meta name=\"twitter:label1\" content=\"Dur\u00e9e de lecture estim\u00e9e\" \/>\n\t<meta name=\"twitter:data1\" content=\"2 minutes\" \/>\n<script type=\"application\/ld+json\" class=\"yoast-schema-graph\">{\"@context\":\"https:\/\/schema.org\",\"@graph\":[{\"@type\":\"WebPage\",\"@id\":\"https:\/\/cbf.ca\/fr\/evenements\/championnats-canadiens-de-bridge\/equipes-open-classe-c-cntc-c\/\",\"url\":\"https:\/\/cbf.ca\/fr\/evenements\/championnats-canadiens-de-bridge\/equipes-open-classe-c-cntc-c\/\",\"name\":\"CHAMPIONNAT CANADIEN DES \u00c9QUIPES C (CNTC-C) - Canadian Bridge Federation\",\"isPartOf\":{\"@id\":\"https:\/\/cbf.ca\/#website\"},\"primaryImageOfPage\":{\"@id\":\"https:\/\/cbf.ca\/fr\/evenements\/championnats-canadiens-de-bridge\/equipes-open-classe-c-cntc-c\/#primaryimage\"},\"image\":{\"@id\":\"https:\/\/cbf.ca\/fr\/evenements\/championnats-canadiens-de-bridge\/equipes-open-classe-c-cntc-c\/#primaryimage\"},\"thumbnailUrl\":\"https:\/\/cbf.ca\/wp-content\/uploads\/2014\/09\/CNTC-C-Plaque_web.jpg\",\"datePublished\":\"2014-09-13T19:01:53+00:00\",\"dateModified\":\"2025-10-14T03:31:56+00:00\",\"breadcrumb\":{\"@id\":\"https:\/\/cbf.ca\/fr\/evenements\/championnats-canadiens-de-bridge\/equipes-open-classe-c-cntc-c\/#breadcrumb\"},\"inLanguage\":\"fr-FR\",\"potentialAction\":[{\"@type\":\"ReadAction\",\"target\":[\"https:\/\/cbf.ca\/fr\/evenements\/championnats-canadiens-de-bridge\/equipes-open-classe-c-cntc-c\/\"]}]},{\"@type\":\"ImageObject\",\"inLanguage\":\"fr-FR\",\"@id\":\"https:\/\/cbf.ca\/fr\/evenements\/championnats-canadiens-de-bridge\/equipes-open-classe-c-cntc-c\/#primaryimage\",\"url\":\"https:\/\/cbf.ca\/wp-content\/uploads\/2014\/09\/CNTC-C-Plaque_web.jpg\",\"contentUrl\":\"https:\/\/cbf.ca\/wp-content\/uploads\/2014\/09\/CNTC-C-Plaque_web.jpg\"},{\"@type\":\"BreadcrumbList\",\"@id\":\"https:\/\/cbf.ca\/fr\/evenements\/championnats-canadiens-de-bridge\/equipes-open-classe-c-cntc-c\/#breadcrumb\",\"itemListElement\":[{\"@type\":\"ListItem\",\"position\":1,\"name\":\"Home\",\"item\":\"https:\/\/cbf.ca\/\"},{\"@type\":\"ListItem\",\"position\":2,\"name\":\"\u00c9v\u00e9nements\",\"item\":\"https:\/\/cbf.ca\/fr\/evenements\/\"},{\"@type\":\"ListItem\",\"position\":3,\"name\":\"Championnats canadiens de bridge\",\"item\":\"https:\/\/cbf.ca\/fr\/evenements\/championnats-canadiens-de-bridge\/\"},{\"@type\":\"ListItem\",\"position\":4,\"name\":\"CHAMPIONNAT CANADIEN DES \u00c9QUIPES C (CNTC-C)\"}]},{\"@type\":\"WebSite\",\"@id\":\"https:\/\/cbf.ca\/#website\",\"url\":\"https:\/\/cbf.ca\/\",\"name\":\"Canadian Bridge Federation\",\"description\":\"F\u00e9d\u00e9ration canadienne de bridge\",\"potentialAction\":[{\"@type\":\"SearchAction\",\"target\":{\"@type\":\"EntryPoint\",\"urlTemplate\":\"https:\/\/cbf.ca\/?s={search_term_string}\"},\"query-input\":\"required name=search_term_string\"}],\"inLanguage\":\"fr-FR\"}]}<\/script>\n<!-- \/ Yoast SEO plugin. -->","yoast_head_json":{"title":"CHAMPIONNAT CANADIEN DES \u00c9QUIPES C (CNTC-C) - Canadian Bridge Federation","robots":{"index":"index","follow":"follow","max-snippet":"max-snippet:-1","max-image-preview":"max-image-preview:large","max-video-preview":"max-video-preview:-1"},"canonical":"https:\/\/cbf.ca\/fr\/evenements\/championnats-canadiens-de-bridge\/equipes-open-classe-c-cntc-c\/","og_locale":"fr_FR","og_type":"article","og_title":"CHAMPIONNAT CANADIEN DES \u00c9QUIPES C (CNTC-C) - Canadian Bridge Federation","og_description":"Le CNTC-C est une comp\u00e9tition par \u00e9quipes pour les membres de la FCB qui ont moins de 1000 points de ma\u00eetre au 1er septembre de l\u2019ann\u00e9e o\u00f9 les \u00e9preuves d\u00e9butent dans les clubs. Le premier CNTC-C a eu lieu en 2012. Aucune qualification au niveau du club n&rsquo;est requise pour participer aux CNTC-B et CNTC-C","og_url":"https:\/\/cbf.ca\/fr\/evenements\/championnats-canadiens-de-bridge\/equipes-open-classe-c-cntc-c\/","og_site_name":"Canadian Bridge Federation","article_publisher":"https:\/\/www.facebook.com\/Canadian.Bridge.Federation\/","article_modified_time":"2025-10-14T03:31:56+00:00","og_image":[{"url":"https:\/\/cbf.ca\/wp-content\/uploads\/2014\/09\/CNTC-C-Plaque_web.jpg"}],"twitter_misc":{"Dur\u00e9e de lecture estim\u00e9e":"2 minutes"},"schema":{"@context":"https:\/\/schema.org","@graph":[{"@type":"WebPage","@id":"https:\/\/cbf.ca\/fr\/evenements\/championnats-canadiens-de-bridge\/equipes-open-classe-c-cntc-c\/","url":"https:\/\/cbf.ca\/fr\/evenements\/championnats-canadiens-de-bridge\/equipes-open-classe-c-cntc-c\/","name":"CHAMPIONNAT CANADIEN DES \u00c9QUIPES C (CNTC-C) - Canadian Bridge Federation","isPartOf":{"@id":"https:\/\/cbf.ca\/#website"},"primaryImageOfPage":{"@id":"https:\/\/cbf.ca\/fr\/evenements\/championnats-canadiens-de-bridge\/equipes-open-classe-c-cntc-c\/#primaryimage"},"image":{"@id":"https:\/\/cbf.ca\/fr\/evenements\/championnats-canadiens-de-bridge\/equipes-open-classe-c-cntc-c\/#primaryimage"},"thumbnailUrl":"https:\/\/cbf.ca\/wp-content\/uploads\/2014\/09\/CNTC-C-Plaque_web.jpg","datePublished":"2014-09-13T19:01:53+00:00","dateModified":"2025-10-14T03:31:56+00:00","breadcrumb":{"@id":"https:\/\/cbf.ca\/fr\/evenements\/championnats-canadiens-de-bridge\/equipes-open-classe-c-cntc-c\/#breadcrumb"},"inLanguage":"fr-FR","potentialAction":[{"@type":"ReadAction","target":["https:\/\/cbf.ca\/fr\/evenements\/championnats-canadiens-de-bridge\/equipes-open-classe-c-cntc-c\/"]}]},{"@type":"ImageObject","inLanguage":"fr-FR","@id":"https:\/\/cbf.ca\/fr\/evenements\/championnats-canadiens-de-bridge\/equipes-open-classe-c-cntc-c\/#primaryimage","url":"https:\/\/cbf.ca\/wp-content\/uploads\/2014\/09\/CNTC-C-Plaque_web.jpg","contentUrl":"https:\/\/cbf.ca\/wp-content\/uploads\/2014\/09\/CNTC-C-Plaque_web.jpg"},{"@type":"BreadcrumbList","@id":"https:\/\/cbf.ca\/fr\/evenements\/championnats-canadiens-de-bridge\/equipes-open-classe-c-cntc-c\/#breadcrumb","itemListElement":[{"@type":"ListItem","position":1,"name":"Home","item":"https:\/\/cbf.ca\/"},{"@type":"ListItem","position":2,"name":"\u00c9v\u00e9nements","item":"https:\/\/cbf.ca\/fr\/evenements\/"},{"@type":"ListItem","position":3,"name":"Championnats canadiens de bridge","item":"https:\/\/cbf.ca\/fr\/evenements\/championnats-canadiens-de-bridge\/"},{"@type":"ListItem","position":4,"name":"CHAMPIONNAT CANADIEN DES \u00c9QUIPES C (CNTC-C)"}]},{"@type":"WebSite","@id":"https:\/\/cbf.ca\/#website","url":"https:\/\/cbf.ca\/","name":"Canadian Bridge Federation","description":"F\u00e9d\u00e9ration canadienne de bridge","potentialAction":[{"@type":"SearchAction","target":{"@type":"EntryPoint","urlTemplate":"https:\/\/cbf.ca\/?s={search_term_string}"},"query-input":"required name=search_term_string"}],"inLanguage":"fr-FR"}]}},"_links":{"self":[{"href":"https:\/\/cbf.ca\/fr\/wp-json\/wp\/v2\/pages\/3470"}],"collection":[{"href":"https:\/\/cbf.ca\/fr\/wp-json\/wp\/v2\/pages"}],"about":[{"href":"https:\/\/cbf.ca\/fr\/wp-json\/wp\/v2\/types\/page"}],"author":[{"embeddable":true,"href":"https:\/\/cbf.ca\/fr\/wp-json\/wp\/v2\/users\/1"}],"replies":[{"embeddable":true,"href":"https:\/\/cbf.ca\/fr\/wp-json\/wp\/v2\/comments?post=3470"}],"version-history":[{"count":69,"href":"https:\/\/cbf.ca\/fr\/wp-json\/wp\/v2\/pages\/3470\/revisions"}],"predecessor-version":[{"id":34764,"href":"https:\/\/cbf.ca\/fr\/wp-json\/wp\/v2\/pages\/3470\/revisions\/34764"}],"up":[{"embeddable":true,"href":"https:\/\/cbf.ca\/fr\/wp-json\/wp\/v2\/pages\/3462"}],"wp:attachment":[{"href":"https:\/\/cbf.ca\/fr\/wp-json\/wp\/v2\/media?parent=3470"}],"curies":[{"name":"wp","href":"https:\/\/api.w.org\/{rel}","templated":true}]}}