{"id":3468,"date":"2014-09-13T23:00:01","date_gmt":"2014-09-13T19:00:01","guid":{"rendered":"http:\/\/cbf.ca\/?page_id=3468"},"modified":"2025-10-14T07:20:13","modified_gmt":"2025-10-14T03:20:13","slug":"equipes-open-classe-b-cntc-b","status":"publish","type":"page","link":"https:\/\/cbf.ca\/fr\/evenements\/championnats-canadiens-de-bridge\/equipes-open-classe-b-cntc-b\/","title":{"rendered":"CHAMPIONNAT CANADIEN DES \u00c9QUIPES-B (CNTC-B)"},"content":{"rendered":"<div class=\"row\"><div class=\"col-md-8 col-sm-8\"><p>Le CNTC-B est une comp\u00e9tition par \u00e9quipes pour les membres de la FCB qui ont moins de <strong>3500 points<\/strong> de ma\u00eetre au 1<sup>er<\/sup> septembre de l\u2019ann\u00e9e o\u00f9 les \u00e9preuves d\u00e9butent dans les clubs. Le premier CNTC-B a eu lieu en 2001. De 2001 \u00e0 2019, la limite pour cette cat\u00e9gorie \u00e9tait de 2500 points de ma\u00eetre.<\/p>\n<p style=\"text-align: justify;\">Aucune qualification au niveau du club n&rsquo;est requise pour participer aux CNTC-B et CNTC-C 2026.<\/p>\n<p style=\"text-align: justify;\">Les participants doivent \u00eatre membres en r\u00e8gle de la FCB. Les \u00e9quipes doivent <strong>s\u2019inscrire au pr\u00e9alable <\/strong>pour le Championnat canadien, et payer les <strong><span style=\"font-weight: normal;\">frais d&rsquo;inscription<\/span> <\/strong><em>non remboursables<\/em> pour le tournoi \u00e0 la ronde au plus tard \u00e0 la date limite indiqu\u00e9e dans la documentation.<\/p>\n<p style=\"text-align: justify;\"><strong><a href=\"https:\/\/cbf.ca\/BWeek\/26files\/index.shtml\" class=\"btn bluth red btn- \" target=\"_self\"> Cliquer ici <\/a>\u00a0 Site des Championnats 2026<\/strong><\/p>\n<p style=\"padding-left: 40px;\">\u2013 R\u00e8glements g\u00e9raux et R\u00e8glements compl\u00e9mentaires<br \/>\u2013 Dates, Endroit, C\u00e9dule, \u00c9quipes, R\u00e9sultats, et plus<\/p>\n<p>Le<strong> Troph\u00e9e Jan Anderson<\/strong> est remis \u00e0 l\u2019\u00e9quipe gagnante, en plus d&rsquo;un prix en esp\u00e8ces et des points de ma\u00eetre Or. Le troph\u00e9e Jan Anderson fut offert par John Armstrong en 2011 pour reconna\u00eetre la contribution de Jan au bridge canadien et \u00e0 la FCB. Jan a commenc\u00e9 \u00e0 travailler comme b\u00e9n\u00e9vole en 1983, et est devenue la seule employ\u00e9e de la FCB en 1989, agissant comme coordonnatrice et adjointe ex\u00e9cutive jusqu\u2019\u00e0 sa retraite en 2014.<\/p>\n<\/div>\n<div class=\"col-md-4 col-sm-4\">\n<p><div id=\"attachment_785\" style=\"width: 157px\" class=\"wp-caption alignnone\"><a class=\"lightbox\" href=\"https:\/\/cbf.ca\/wp-content\/uploads\/2014\/09\/JanAndersonTrophy.png\"><img loading=\"lazy\" decoding=\"async\" aria-describedby=\"caption-attachment-785\" class=\"size-full wp-image-785\" src=\"https:\/\/cbf.ca\/wp-content\/uploads\/2014\/09\/JanAndersonTrophy.png\" alt=\"Troph\u00e9e Jan Anderson\" width=\"147\" height=\"196\" \/><\/a><p id=\"caption-attachment-785\" class=\"wp-caption-text\">Troph\u00e9e Jan Anderson<\/p><\/div><br \/>\n<div id=\"attachment_784\" style=\"width: 157px\" class=\"wp-caption alignnone\"><a class=\"lightbox\" href=\"https:\/\/cbf.ca\/wp-content\/uploads\/2014\/09\/OldCNTCBTrophy.png\"><img loading=\"lazy\" decoding=\"async\" aria-describedby=\"caption-attachment-784\" class=\"wp-image-784\" src=\"https:\/\/cbf.ca\/wp-content\/uploads\/2014\/09\/OldCNTCBTrophy.png\" alt=\"Ancien Troph\u00e9e CNTC-B (2001-2010)\" width=\"147\" height=\"195\" \/><\/a><p id=\"caption-attachment-784\" class=\"wp-caption-text\">Ancien Troph\u00e9e CNTC-B <br \/>2001 &#8211; 2010<\/p><\/div><\/p>\n<\/div><\/div>\n<h2><strong>LES GAGNANTS DU CNTC-B<\/strong><\/h2>\n<h3>Cliquer sur l\u2019ann\u00e9e pour acc\u00e9der aux archives du championnat.<\/h3>\n\n\n<figure class=\"wp-block-table\"><table><tbody><tr><td><a href=\"https:\/\/cbf.ca\/BWeek\/25files\/standings.shtml\" target=\"_blank\" rel=\"noreferrer noopener\"><strong>2025<\/strong><\/a><\/td><td>Sheila Xu, Mingqiang Bao, Lai Qing Luo, Mingmin Zhu, Kelvin Shu, Jerry Lan<\/td><\/tr><tr><td><a href=\"https:\/\/cbf.ca\/BWeek\/24files\/standings.shtml\" target=\"_blank\" rel=\"noreferrer noopener\"><strong>2024<\/strong><\/a><\/td><td>Xiaodong Zhao, Runan Du, Yipeng Mai, Qi Ju<\/td><\/tr><tr><td><a href=\"https:\/\/cbf.ca\/BWeek\/23files\/standings.shtml\" target=\"_blank\" rel=\"noreferrer noopener\"><strong>2023<\/strong><\/a><\/td><td>Roger Chu, Jim Wu, Yimei Cao, Fan Yang<\/td><\/tr><tr><td><a href=\"https:\/\/cbf.ca\/BWeek\/22files\/standings.shtml\" target=\"_blank\" rel=\"noreferrer noopener\"><strong>2022<\/strong><\/a><\/td><td>Alex Heron, Paul Erikson, Laurie Shapka, Ian Gatenby<\/td><\/tr><tr><td><a href=\"https:\/\/cbf.ca\/BWeek\/21files\/standings.shtml\" target=\"_blank\" rel=\"noreferrer noopener\"><strong>2021<\/strong><\/a><\/td><td>Peter Peng, Mike Peng, Adrian Record, Bob Griffiths, Gil Sitarenios,Jorry Chu<\/td><\/tr><tr><td><a href=\"https:\/\/cbf.ca\/BWeek\/20files\/standings.shtml\"><strong>2020<\/strong><\/a>&nbsp;<\/td><td>No competition<\/td><\/tr><tr><td><a href=\"https:\/\/cbf.ca\/BWeek\/19files\/standings.shtml\"><strong>2019<\/strong><\/a><\/td><td>David Huang, David Hu, Diana Jing, Amy Gao, Yue Su, Barry Yamanouchi<\/td><\/tr><tr><td><a href=\"https:\/\/cbf.ca\/BWeek\/18files\/standings.shtml\"><strong>2018<\/strong><\/a>&nbsp;<\/td><td>Jean Trudelle, Philippe Champagne, \u00c9ric Reiher, St\u00e9phane Reiher, Roger Martin, Danielle Boyer<\/td><\/tr><tr><td><strong><a href=\"https:\/\/cbf.ca\/BWeek\/17files\/standings.shtml\">2017<\/a><\/strong><\/td><td>Bryant Town, Jason Dufault, Marek Foff, Garry Karst<\/td><\/tr><tr><td><a href=\"https:\/\/cbf.ca\/BWeek\/16files\/\" target=\"_blank\" rel=\"noreferrer noopener\"><strong>2016<\/strong><\/a><\/td><td>John McWhinnie, Doug Barnes, Petr Deluca, Mike Fernane<\/td><\/tr><tr><td><a href=\"https:\/\/cbf.ca\/BWeek\/15files\/\" target=\"_blank\" rel=\"noreferrer noopener\"><strong>2015<\/strong><\/a><\/td><td>Robert Tremblay, Gerard Turcotte, Alain Turcotte, Louise Menard<\/td><\/tr><tr><td><a href=\"https:\/\/cbf.ca\/BWeek\/14files\/\" target=\"_blank\" rel=\"noreferrer noopener\"><strong>2014<\/strong><\/a><\/td><td>Glenn Cossey, Cindy Cossey, Nazir Ahmad, Laurie Shapka Thiel<\/td><\/tr><tr><td><strong><a href=\"https:\/\/www.cbf.ca\/BWeek\/13files\/\" target=\"_blank\" rel=\"noreferrer noopener\">2013<\/a><\/strong><\/td><td>Miroslav Kovacevic, Aleksandar Vujic, John Cook, Craig MacIntosh, David Cohen, Ken Collins<\/td><\/tr><tr><td><a href=\"https:\/\/cbf.ca\/BWeek\/12files\/\" target=\"_blank\" rel=\"noreferrer noopener\"><strong>2012<\/strong><\/a><\/td><td>Andr\u00e9 Renaud, Robert Tremblay, Carl Levesque, Gerard Turcotte<\/td><\/tr><tr><td><a href=\"https:\/\/www.cbf.ca\/BWeek\/11files\/\"><strong>2011<\/strong><\/a><\/td><td>Glenn Cossey, Don McCarthy, Nazir Ahmad,Larry Custead<\/td><\/tr><tr><td><a href=\"https:\/\/www.cbf.ca\/BWeek\/10files\/\"><strong>2010<\/strong><\/a><\/td><td>Kelvin Raywood, Eric Pan, Brian Liu, Jack Lee, Kai Zhou, Zoran Pecca<\/td><\/tr><tr><td><a href=\"https:\/\/www.cbf.ca\/BWeek\/09files\/\"><strong>2009<\/strong><\/a><\/td><td>Don Shatilla, Mark Churchman, Derrick Furber, Aline Vance<\/td><\/tr><tr><td><a href=\"https:\/\/www.cbf.ca\/BWeek\/08files\/\"><strong>2008<\/strong><\/a><\/td><td>Calvin McLeod, Richard Gaucher, Scott Rosom, James Dulmag<\/td><\/tr><tr><td><a href=\"https:\/\/www.cbf.ca\/BWeek\/07files\/\"><strong>2007<\/strong><\/a><\/td><td>Robert Neudorf, Barb Lillie, Marielle Brentnall, Jerry Cohen<\/td><\/tr><tr><td><a href=\"https:\/\/www.cbf.ca\/BWeek\/BWeek06.html\"><strong>2006<\/strong><\/a><\/td><td>David Quan, Gary Youngs, Eric Lee, Nick Won, Zuwei Shan, Bing Le<\/td><\/tr><tr><td><a href=\"https:\/\/www.cbf.ca\/BWeek\/BWeek05.html\"><strong>2005<\/strong><\/a><\/td><td>Marielle Brentnall, Jerry Cohen, Barb Lillie, Robert Neudorf<\/td><\/tr><tr><td><a href=\"https:\/\/www.cbf.ca\/BWeek\/BWeek04.html\"><strong>2004<\/strong><\/a><\/td><td>Larry Custead, Mark Churchman, Don Shatilla, Derrick Furber, Hash Mohamed, Ilya Kuzkin<\/td><\/tr><tr><td><a href=\"https:\/\/www.cbf.ca\/BWeek\/BWeek03.html\"><strong>2003<\/strong><\/a><\/td><td>William Ge, Philip Chen, Gary Ge, Runlu Wang, Shi Yan<\/td><\/tr><tr><td><a href=\"https:\/\/www.cbf.ca\/BWeek\/BWeek02.html\"><strong>2002<\/strong><\/a><\/td><td>John Pulles, Ron Pegg, Jay Anderson, Brent Moulding<\/td><\/tr><tr><td><a href=\"https:\/\/www.cbf.ca\/BWeek\/BWeek01.html\"><strong>2001<\/strong><\/a><\/td><td>Andrew Petrick, Daniel Korbel, Jose Tharayil, Carole-Ann Ball, W. James Ball, Danny Miles<\/td><\/tr><\/tbody><\/table><\/figure>\n\n\n\n\n","protected":false},"excerpt":{"rendered":"<p>LES GAGNANTS DU CNTC-B Cliquer sur l\u2019ann\u00e9e pour acc\u00e9der aux archives du championnat. 2025 Sheila Xu, Mingqiang Bao, Lai Qing Luo, Mingmin Zhu, Kelvin Shu, Jerry Lan 2024 Xiaodong Zhao, Runan Du, Yipeng Mai, Qi Ju 2023 Roger Chu, Jim Wu, Yimei Cao, Fan Yang 2022 Alex Heron, Paul Erikson, Laurie Shapka, Ian Gatenby 2021<br><a class=\"moretag signature-animation\" href=\"https:\/\/cbf.ca\/fr\/evenements\/championnats-canadiens-de-bridge\/equipes-open-classe-b-cntc-b\/\">CONTINUER LA LECTURE<\/a>","protected":false},"author":1,"featured_media":0,"parent":3462,"menu_order":2,"comment_status":"closed","ping_status":"closed","template":"","meta":{"footnotes":""},"yoast_head":"<!-- This site is optimized with the Yoast SEO plugin v22.3 - https:\/\/yoast.com\/wordpress\/plugins\/seo\/ -->\n<title>CHAMPIONNAT CANADIEN DES \u00c9QUIPES-B (CNTC-B) - Canadian Bridge Federation<\/title>\n<meta name=\"robots\" content=\"index, follow, max-snippet:-1, max-image-preview:large, max-video-preview:-1\" \/>\n<link rel=\"canonical\" href=\"https:\/\/cbf.ca\/fr\/evenements\/championnats-canadiens-de-bridge\/equipes-open-classe-b-cntc-b\/\" \/>\n<meta property=\"og:locale\" content=\"fr_FR\" \/>\n<meta property=\"og:type\" content=\"article\" \/>\n<meta property=\"og:title\" content=\"CHAMPIONNAT CANADIEN DES \u00c9QUIPES-B (CNTC-B) - Canadian Bridge Federation\" \/>\n<meta property=\"og:description\" content=\"LES GAGNANTS DU CNTC-B Cliquer sur l\u2019ann\u00e9e pour acc\u00e9der aux archives du championnat. 2025 Sheila Xu, Mingqiang Bao, Lai Qing Luo, Mingmin Zhu, Kelvin Shu, Jerry Lan 2024 Xiaodong Zhao, Runan Du, Yipeng Mai, Qi Ju 2023 Roger Chu, Jim Wu, Yimei Cao, Fan Yang 2022 Alex Heron, Paul Erikson, Laurie Shapka, Ian Gatenby 2021\" \/>\n<meta property=\"og:url\" content=\"https:\/\/cbf.ca\/fr\/evenements\/championnats-canadiens-de-bridge\/equipes-open-classe-b-cntc-b\/\" \/>\n<meta property=\"og:site_name\" content=\"Canadian Bridge Federation\" \/>\n<meta property=\"article:publisher\" content=\"https:\/\/www.facebook.com\/Canadian.Bridge.Federation\/\" \/>\n<meta property=\"article:modified_time\" content=\"2025-10-14T03:20:13+00:00\" \/>\n<meta property=\"og:image\" content=\"https:\/\/cbf.ca\/wp-content\/uploads\/2014\/09\/JanAndersonTrophy.png\" \/>\n<meta name=\"twitter:label1\" content=\"Dur\u00e9e de lecture estim\u00e9e\" \/>\n\t<meta name=\"twitter:data1\" content=\"3 minutes\" \/>\n<script type=\"application\/ld+json\" class=\"yoast-schema-graph\">{\"@context\":\"https:\/\/schema.org\",\"@graph\":[{\"@type\":\"WebPage\",\"@id\":\"https:\/\/cbf.ca\/fr\/evenements\/championnats-canadiens-de-bridge\/equipes-open-classe-b-cntc-b\/\",\"url\":\"https:\/\/cbf.ca\/fr\/evenements\/championnats-canadiens-de-bridge\/equipes-open-classe-b-cntc-b\/\",\"name\":\"CHAMPIONNAT CANADIEN DES \u00c9QUIPES-B (CNTC-B) - Canadian Bridge Federation\",\"isPartOf\":{\"@id\":\"https:\/\/cbf.ca\/#website\"},\"primaryImageOfPage\":{\"@id\":\"https:\/\/cbf.ca\/fr\/evenements\/championnats-canadiens-de-bridge\/equipes-open-classe-b-cntc-b\/#primaryimage\"},\"image\":{\"@id\":\"https:\/\/cbf.ca\/fr\/evenements\/championnats-canadiens-de-bridge\/equipes-open-classe-b-cntc-b\/#primaryimage\"},\"thumbnailUrl\":\"https:\/\/cbf.ca\/wp-content\/uploads\/2014\/09\/JanAndersonTrophy.png\",\"datePublished\":\"2014-09-13T19:00:01+00:00\",\"dateModified\":\"2025-10-14T03:20:13+00:00\",\"breadcrumb\":{\"@id\":\"https:\/\/cbf.ca\/fr\/evenements\/championnats-canadiens-de-bridge\/equipes-open-classe-b-cntc-b\/#breadcrumb\"},\"inLanguage\":\"fr-FR\",\"potentialAction\":[{\"@type\":\"ReadAction\",\"target\":[\"https:\/\/cbf.ca\/fr\/evenements\/championnats-canadiens-de-bridge\/equipes-open-classe-b-cntc-b\/\"]}]},{\"@type\":\"ImageObject\",\"inLanguage\":\"fr-FR\",\"@id\":\"https:\/\/cbf.ca\/fr\/evenements\/championnats-canadiens-de-bridge\/equipes-open-classe-b-cntc-b\/#primaryimage\",\"url\":\"https:\/\/cbf.ca\/wp-content\/uploads\/2014\/09\/JanAndersonTrophy.png\",\"contentUrl\":\"https:\/\/cbf.ca\/wp-content\/uploads\/2014\/09\/JanAndersonTrophy.png\",\"width\":147,\"height\":196,\"caption\":\"Jan Anderson Trophy\"},{\"@type\":\"BreadcrumbList\",\"@id\":\"https:\/\/cbf.ca\/fr\/evenements\/championnats-canadiens-de-bridge\/equipes-open-classe-b-cntc-b\/#breadcrumb\",\"itemListElement\":[{\"@type\":\"ListItem\",\"position\":1,\"name\":\"Home\",\"item\":\"https:\/\/cbf.ca\/\"},{\"@type\":\"ListItem\",\"position\":2,\"name\":\"\u00c9v\u00e9nements\",\"item\":\"https:\/\/cbf.ca\/fr\/evenements\/\"},{\"@type\":\"ListItem\",\"position\":3,\"name\":\"Championnats canadiens de bridge\",\"item\":\"https:\/\/cbf.ca\/fr\/evenements\/championnats-canadiens-de-bridge\/\"},{\"@type\":\"ListItem\",\"position\":4,\"name\":\"CHAMPIONNAT CANADIEN DES \u00c9QUIPES-B (CNTC-B)\"}]},{\"@type\":\"WebSite\",\"@id\":\"https:\/\/cbf.ca\/#website\",\"url\":\"https:\/\/cbf.ca\/\",\"name\":\"Canadian Bridge Federation\",\"description\":\"F\u00e9d\u00e9ration canadienne de bridge\",\"potentialAction\":[{\"@type\":\"SearchAction\",\"target\":{\"@type\":\"EntryPoint\",\"urlTemplate\":\"https:\/\/cbf.ca\/?s={search_term_string}\"},\"query-input\":\"required name=search_term_string\"}],\"inLanguage\":\"fr-FR\"}]}<\/script>\n<!-- \/ Yoast SEO plugin. -->","yoast_head_json":{"title":"CHAMPIONNAT CANADIEN DES \u00c9QUIPES-B (CNTC-B) - Canadian Bridge Federation","robots":{"index":"index","follow":"follow","max-snippet":"max-snippet:-1","max-image-preview":"max-image-preview:large","max-video-preview":"max-video-preview:-1"},"canonical":"https:\/\/cbf.ca\/fr\/evenements\/championnats-canadiens-de-bridge\/equipes-open-classe-b-cntc-b\/","og_locale":"fr_FR","og_type":"article","og_title":"CHAMPIONNAT CANADIEN DES \u00c9QUIPES-B (CNTC-B) - Canadian Bridge Federation","og_description":"LES GAGNANTS DU CNTC-B Cliquer sur l\u2019ann\u00e9e pour acc\u00e9der aux archives du championnat. 2025 Sheila Xu, Mingqiang Bao, Lai Qing Luo, Mingmin Zhu, Kelvin Shu, Jerry Lan 2024 Xiaodong Zhao, Runan Du, Yipeng Mai, Qi Ju 2023 Roger Chu, Jim Wu, Yimei Cao, Fan Yang 2022 Alex Heron, Paul Erikson, Laurie Shapka, Ian Gatenby 2021","og_url":"https:\/\/cbf.ca\/fr\/evenements\/championnats-canadiens-de-bridge\/equipes-open-classe-b-cntc-b\/","og_site_name":"Canadian Bridge Federation","article_publisher":"https:\/\/www.facebook.com\/Canadian.Bridge.Federation\/","article_modified_time":"2025-10-14T03:20:13+00:00","og_image":[{"url":"https:\/\/cbf.ca\/wp-content\/uploads\/2014\/09\/JanAndersonTrophy.png"}],"twitter_misc":{"Dur\u00e9e de lecture estim\u00e9e":"3 minutes"},"schema":{"@context":"https:\/\/schema.org","@graph":[{"@type":"WebPage","@id":"https:\/\/cbf.ca\/fr\/evenements\/championnats-canadiens-de-bridge\/equipes-open-classe-b-cntc-b\/","url":"https:\/\/cbf.ca\/fr\/evenements\/championnats-canadiens-de-bridge\/equipes-open-classe-b-cntc-b\/","name":"CHAMPIONNAT CANADIEN DES \u00c9QUIPES-B (CNTC-B) - Canadian Bridge Federation","isPartOf":{"@id":"https:\/\/cbf.ca\/#website"},"primaryImageOfPage":{"@id":"https:\/\/cbf.ca\/fr\/evenements\/championnats-canadiens-de-bridge\/equipes-open-classe-b-cntc-b\/#primaryimage"},"image":{"@id":"https:\/\/cbf.ca\/fr\/evenements\/championnats-canadiens-de-bridge\/equipes-open-classe-b-cntc-b\/#primaryimage"},"thumbnailUrl":"https:\/\/cbf.ca\/wp-content\/uploads\/2014\/09\/JanAndersonTrophy.png","datePublished":"2014-09-13T19:00:01+00:00","dateModified":"2025-10-14T03:20:13+00:00","breadcrumb":{"@id":"https:\/\/cbf.ca\/fr\/evenements\/championnats-canadiens-de-bridge\/equipes-open-classe-b-cntc-b\/#breadcrumb"},"inLanguage":"fr-FR","potentialAction":[{"@type":"ReadAction","target":["https:\/\/cbf.ca\/fr\/evenements\/championnats-canadiens-de-bridge\/equipes-open-classe-b-cntc-b\/"]}]},{"@type":"ImageObject","inLanguage":"fr-FR","@id":"https:\/\/cbf.ca\/fr\/evenements\/championnats-canadiens-de-bridge\/equipes-open-classe-b-cntc-b\/#primaryimage","url":"https:\/\/cbf.ca\/wp-content\/uploads\/2014\/09\/JanAndersonTrophy.png","contentUrl":"https:\/\/cbf.ca\/wp-content\/uploads\/2014\/09\/JanAndersonTrophy.png","width":147,"height":196,"caption":"Jan Anderson Trophy"},{"@type":"BreadcrumbList","@id":"https:\/\/cbf.ca\/fr\/evenements\/championnats-canadiens-de-bridge\/equipes-open-classe-b-cntc-b\/#breadcrumb","itemListElement":[{"@type":"ListItem","position":1,"name":"Home","item":"https:\/\/cbf.ca\/"},{"@type":"ListItem","position":2,"name":"\u00c9v\u00e9nements","item":"https:\/\/cbf.ca\/fr\/evenements\/"},{"@type":"ListItem","position":3,"name":"Championnats canadiens de bridge","item":"https:\/\/cbf.ca\/fr\/evenements\/championnats-canadiens-de-bridge\/"},{"@type":"ListItem","position":4,"name":"CHAMPIONNAT CANADIEN DES \u00c9QUIPES-B (CNTC-B)"}]},{"@type":"WebSite","@id":"https:\/\/cbf.ca\/#website","url":"https:\/\/cbf.ca\/","name":"Canadian Bridge Federation","description":"F\u00e9d\u00e9ration canadienne de bridge","potentialAction":[{"@type":"SearchAction","target":{"@type":"EntryPoint","urlTemplate":"https:\/\/cbf.ca\/?s={search_term_string}"},"query-input":"required name=search_term_string"}],"inLanguage":"fr-FR"}]}},"_links":{"self":[{"href":"https:\/\/cbf.ca\/fr\/wp-json\/wp\/v2\/pages\/3468"}],"collection":[{"href":"https:\/\/cbf.ca\/fr\/wp-json\/wp\/v2\/pages"}],"about":[{"href":"https:\/\/cbf.ca\/fr\/wp-json\/wp\/v2\/types\/page"}],"author":[{"embeddable":true,"href":"https:\/\/cbf.ca\/fr\/wp-json\/wp\/v2\/users\/1"}],"replies":[{"embeddable":true,"href":"https:\/\/cbf.ca\/fr\/wp-json\/wp\/v2\/comments?post=3468"}],"version-history":[{"count":67,"href":"https:\/\/cbf.ca\/fr\/wp-json\/wp\/v2\/pages\/3468\/revisions"}],"predecessor-version":[{"id":34753,"href":"https:\/\/cbf.ca\/fr\/wp-json\/wp\/v2\/pages\/3468\/revisions\/34753"}],"up":[{"embeddable":true,"href":"https:\/\/cbf.ca\/fr\/wp-json\/wp\/v2\/pages\/3462"}],"wp:attachment":[{"href":"https:\/\/cbf.ca\/fr\/wp-json\/wp\/v2\/media?parent=3468"}],"curies":[{"name":"wp","href":"https:\/\/api.w.org\/{rel}","templated":true}]}}