{"id":3466,"date":"2014-09-13T22:59:38","date_gmt":"2014-09-13T18:59:38","guid":{"rendered":"http:\/\/cbf.ca\/?page_id=3466"},"modified":"2026-01-04T03:38:04","modified_gmt":"2026-01-03T23:38:04","slug":"equipes-open-classe-a-cntc-a","status":"publish","type":"page","link":"https:\/\/cbf.ca\/fr\/evenements\/championnats-canadiens-de-bridge\/equipes-open-classe-a-cntc-a\/","title":{"rendered":"CHAMPIONNAT CANADIEN DES \u00c9QUIPES OPEN (CNTC-A)"},"content":{"rendered":"<div class=\"row\"><div class=\"col-md-8 col-sm-8\"><p style=\"text-align: justify;\">Le CNTC-A est l&rsquo;\u00e9v\u00e9nement phare des Championnats canadiens de bridge.<\/p>\n<p style=\"text-align: justify;\">Un peu d&rsquo;historique. En 1968 et 1971, des s\u00e9ries \u00e9liminatoires ont eu lieu pour s\u00e9lectionner l&rsquo;\u00e9quipe du Canada pour les\u00a0Olympiades mondiales par \u00e9quipes. Le premier CNTC a \u00e9t\u00e9 tenu \u00e0 Toronto en 1977, avec chaque province repr\u00e9sent\u00e9e par un champion provincial. Le format de l&rsquo;\u00e9v\u00e9nement a chang\u00e9 en 1980, et les \u00e9quipes devaient alors se qualifier aux niveaux du club, de l\u2019unit\u00e9 et de la zone avant d\u2019atteindre le Championnat canadien. En 2001, les Finales d\u2019unit\u00e9 ont \u00e9t\u00e9 \u00e9limin\u00e9es, tandis que les Finales de zone ont \u00e9t\u00e9 \u00e9limin\u00e9es en 2009.<\/p>\n<p><span style=\"color: #993366;\">NOTE: Toutes les personnes doivent obtenir (ou acheter) leur qualification pour participer au Championnat des \u00e9quipes CNTC-A, CSTC, CWTC, CMTC<\/span>, <span style=\"color: #993366;\"><span style=\"color: #000000;\">pour \u00eatre admissible \u00e0 jouer au tournoi \u00e0 la ronde des ces championnats. Des parties de qualification sont tenues dans les clubs sanctionn\u00e9s, de septembre \u00e0 d\u00e9cembre. L<\/span><span style=\"color: #000000;\">a FCB tiendra des parties en ligne \u00e0 l&rsquo;automne 2025 qui serviront de qualification pour ces \u00e9v\u00e9nements en \u00e9quipes. [<a href=\"https:\/\/cbf.ca\/fr\/evenements\/parties-fcb-qualifications-ccb-en-ligne\/\" target=\"_blank\" rel=\"noreferrer noopener\">Parties FCB &#8211; Qualifications CCB<\/a>]. Un joueur se qualifie en tant qu&rsquo;individu. Une qualification en \u00e9quipe est valide pour tout championnat par \u00e9quipes.<\/span><\/span><\/p>\n<p style=\"text-align: justify;\">Les participants doivent \u00eatre membres en r\u00e8gle de la FCB. Les \u00e9quipes doivent <strong>s\u2019inscrire au pr\u00e9alable <\/strong>pour le Championnat canadien, et payer les frais d&rsquo;inscription <em>non remboursables<\/em> pour le tournoi \u00e0 la ronde au plus tard \u00e0 la date limite indiqu\u00e9e dans la documentation.<\/p>\n<p><a href=\"https:\/\/cbf.ca\/BWeek\/26files\/index.shtml\" class=\"btn bluth red btn- \" target=\"_self\"> Cliquer ici <\/a> <strong>\u00a0Site des Championnats canadiens de bridge 2026 : R\u00e8glements &#8211; \u00c9quipes &#8211; R\u00e9sultats &#8211; et plus<\/strong><\/p>\n<p style=\"text-align: justify;\">Les gagnants du CNTC-A re\u00e7oivent le Troph\u00e9e Mark Molson, cr\u00e9\u00e9 en 2011. Membre du Temple de la renomm\u00e9e de la FCB, <a href=\"https:\/\/cbf.ca\/fr\/molson-mark\/\">Mark Molson<\/a>\u00a0est d\u00e9c\u00e9d\u00e9 en 2006 \u00e0 l\u2019\u00e2ge de 56 ans; il a \u00e9t\u00e9 un grand joueur canadien qui, parmi ses nombreuses r\u00e9alisations, a remport\u00e9 le CNTC sept fois. Avant 2011, les gagnants du CNTC-A recevaient le Troph\u00e9e Sam Gold. <a href=\"https:\/\/cbf.ca\/fr\/gold-sam\/\">Sam Gold<\/a>\u00a0est un autre membre du Temple de la renomm\u00e9e qui a \u00e9t\u00e9 le deuxi\u00e8me joueur canadien a obtenir le statut de Ma\u00eetre \u00e0 vie, et a \u00e9t\u00e9 \u00ab Mr. Bridge \u00bb pour plusieurs g\u00e9n\u00e9rations de qu\u00e9b\u00e9cois.<\/p>\n<p style=\"text-align: justify;\">Apr\u00e8s ratification par le Conseil d\u2019administration de la FCB, l\u2019\u00e9quipe gagnante re\u00e7oit une subvention pour repr\u00e9senter le Canada au Championnat du monde par \u00e9quipes open de cette ann\u00e9e-l\u00e0. Le <a href=\"https:\/\/cbf.ca\/fr\/evenements\/championnats-mondiaux-de-bridge\/\">Troph\u00e9e Eric R. Murray<\/a>\u00a0est attribu\u00e9 \u00e0 l\u2019\u00e9quipe repr\u00e9sentant le Canada dans les \u00e9quipes open des Championnats mondiaux de bridge (anciennement Olympiade mondiale), tandis que le <a href=\"https:\/\/cbf.ca\/fr\/evenements\/championnats-mondiaux-de-bridge\/\">Troph\u00e9e Percy Sheardown<\/a>\u00a0est attribu\u00e9 \u00e0 l\u2019\u00e9quipe repr\u00e9sentant le Canada au Bermuda Bowl.<\/p>\n<\/div><div class=\"col-md-4 col-sm-4\">\n<p><div id=\"attachment_1101\" style=\"width: 147px\" class=\"wp-caption alignnone\"><a class=\"lightbox\" href=\"https:\/\/cbf.ca\/wp-content\/uploads\/2014\/09\/MarkMolsonTrophy2.png\"><img loading=\"lazy\" decoding=\"async\" aria-describedby=\"caption-attachment-1101\" class=\" wp-image-1101\" src=\"https:\/\/cbf.ca\/wp-content\/uploads\/2014\/09\/MarkMolsonTrophy2.png\" alt=\"Troph\u00e9e Mark Molson\" width=\"137\" height=\"183\" \/><\/a><p id=\"caption-attachment-1101\" class=\"wp-caption-text\">Troph\u00e9e Mark Molson<\/p><\/div><\/p>\n<p>\u00a0<\/p>\n<p><div id=\"attachment_1100\" style=\"width: 155px\" class=\"wp-caption alignnone\"><a class=\"lightbox\" href=\"http:\/\/cbf.ca\/wp-content\/uploads\/2014\/09\/SamGoldTrophy2.png\"><img loading=\"lazy\" decoding=\"async\" aria-describedby=\"caption-attachment-1100\" class=\"size-full wp-image-1100\" src=\"https:\/\/cbf.ca\/wp-content\/uploads\/2014\/09\/SamGoldTrophy2.png\" alt=\" Troph\u00e9e Sam Gold\" width=\"145\" height=\"113\" \/><\/a><p id=\"caption-attachment-1100\" class=\"wp-caption-text\">Troph\u00e9e Sam Gold<\/p><\/div><\/p>\n<\/div><\/div>\n<h2><strong>LES GAGNANTS DU CNTC-A<\/strong><\/h2>\n<h3>Cliquer sur l\u2019ann\u00e9e pour acc\u00e9der aux archives du championnat.<\/h3>\n\n\n<figure class=\"wp-block-table\"><table><tbody><tr><td><a href=\"https:\/\/cbf.ca\/BWeek\/25files\/standings.shtml\" target=\"_blank\" rel=\"noreferrer noopener\"><strong>2025<\/strong><\/a><\/td><td>Jason Feldman, Daniel Miles, Daniel Lavee, Jacob Freeman, Jeff Smith, Fr\u00e9d\u00e9ric Pollack<\/td><\/tr><tr><td><a href=\"https:\/\/cbf.ca\/BWeek\/24files\/standings.shtml\" target=\"_blank\" rel=\"noreferrer noopener\"><strong>2024<\/strong><\/a><\/td><td>Brad Bart, Jeff Blond, Michael Roche, Daniel Lyder<\/td><\/tr><tr><td><a href=\"https:\/\/cbf.ca\/BWeek\/23files\/standings.shtml\" target=\"_blank\" rel=\"noreferrer noopener\"><strong>2023<\/strong><\/a><\/td><td>Jason Feldman, Darren Wolpert, Fred Gitelman, Mark Caplan, Daniel Lavee, Jacob Freeman<\/td><\/tr><tr><td><a href=\"https:\/\/cbf.ca\/BWeek\/22files\/standings.shtml\" target=\"_blank\" rel=\"noreferrer noopener\"><strong>2022<\/strong><\/a><\/td><td>Marc-Andr\u00e9 Fourcaudot, Kamel Fergani, Nicolas L&rsquo;\u00c9cuyer, Zygmunt Marcinski,<br \/>Michel Lorber , Nicholas Gartaganis<\/td><\/tr><tr><td><a href=\"https:\/\/cbf.ca\/BWeek\/21files\/standings.shtml\" target=\"_blank\" rel=\"noreferrer noopener\"><strong>2021<\/strong><\/a><\/td><td>Nicolas L&rsquo;\u00c9cuyer, Zygmunt Marcinski, Kamel Fergani, Marc-Andr\u00e9 Fourcaudot<\/td><\/tr><tr><td><strong><a href=\"https:\/\/cbf.ca\/BWeek\/20files\/standings.shtml\"><strong>2020<\/strong><\/a>&nbsp;<\/strong><\/td><td>Kai Zhou, Xin Guo Chen, Lu Gan, Alex Hong, Sidney Yang<\/td><\/tr><tr><td><strong><a href=\"https:\/\/cbf.ca\/BWeek\/19files\/standings.shtml\"><strong>2019<\/strong><\/a><\/strong><\/td><td>Nicolas L\u2019Ecuyer, Kamel Fergani, Marc-Andr\u00e9 Fourcaudot, Zygmunt Marcinski, Fr\u00e9d\u00e9ric Pollack<\/td><\/tr><tr><td><strong><\/strong><strong><\/strong><strong><\/strong><strong><a href=\"https:\/\/cbf.ca\/BWeek\/18files\/\" target=\"_blank\" rel=\"noreferrer noopener\">2018<\/a><\/strong><\/td><td>Judith Gartaganis, Nicholas Gartaganis, Jeff Smith, Paul Thurston, John Zaluski, Martin Caley<\/td><\/tr><tr><td><strong><\/strong><strong><a href=\"https:\/\/cbf.ca\/BWeek\/17files\/standings.shtml\">2017<\/a><\/strong><\/td><td>Bob Todd, Doug Fisher, Brad Bart, Danny Miles, Steve MacKay, Neil Kimelman<\/td><\/tr><tr><td><strong><\/strong><strong><a href=\"https:\/\/cbf.ca\/BWeek\/16files\/standings.shtml\" target=\"_blank\" rel=\"noreferrer noopener\">2016<\/a><\/strong><\/td><td>Judith Gartaganis, Nicholas Gartaganis, Nicolas L&rsquo;\u00c9cuyer, Zygmunt Marcinski, Kamel Fergani, Fr\u00e9d\u00e9ric Pollack&nbsp;<\/td><\/tr><tr><td><strong><\/strong><strong><a href=\"https:\/\/cbf.ca\/BWeek\/15files\/standings.shtml\">2015<\/a><\/strong><\/td><td>Daniel Miles, Jeffrey Smith, Daniel Korbel, Darren Wolpert, David Sabourin, Shan Huang<\/td><\/tr><tr><td><strong><\/strong><strong><a href=\"https:\/\/cbf.ca\/BWeek\/14files\/\" target=\"_blank\" rel=\"noreferrer noopener\">2014<\/a><\/strong><\/td><td>Gray McMullin, Bryan Maksymetz, Samantha Nystrom, Tom Walsh, Rock Shi Yan<\/td><\/tr><tr><td><strong><\/strong><strong><a href=\"https:\/\/www.cbf.ca\/BWeek\/13files\/\" target=\"_blank\" rel=\"noreferrer noopener\">2013<\/a><\/strong><\/td><td>Judith Gartaganis, Nicholas Gartaganis, Paul Thurston, Jeff Smith, Darren Wolpert, Daniel Korbel<\/td><\/tr><tr><td><strong><a href=\"https:\/\/cbf.ca\/BWeek\/12files\/\" target=\"_blank\" rel=\"noreferrer noopener\"><strong>2012<\/strong><\/a><\/strong><\/td><td>Nicolas L&rsquo;\u00c9cuyer, Vincent Demuy, Leslie Amoils, Danny Miles, Darren Wolpert, Daniel Korbel&nbsp;<\/td><\/tr><tr><td><strong><\/strong><strong><a href=\"https:\/\/www.cbf.ca\/BWeek\/11files\/\">2011<\/a><\/strong><\/td><td>John Rayner, Michael Roche, Michael Hargreaves, James McAvoy, David Lindop, Doug Baxter<\/td><\/tr><tr><td><strong><a href=\"https:\/\/www.cbf.ca\/BWeek\/10files\/\"><strong>2010<\/strong><\/a><\/strong><\/td><td>Judith Gartaganis, Nicholas Gartaganis, Gordon Campbell, Piotr Klimowicz<\/td><\/tr><tr><td><strong><\/strong><strong><a href=\"https:\/\/www.cbf.ca\/BWeek\/09files\/\">2009<\/a><\/strong><\/td><td>Nicolas L\u2019\u00c9cuyer, Kamel Fergani, Darren Wolpert, Jurek Czyzowicz, David Grainger, Daniel Korbel<\/td><\/tr><tr><td><strong><\/strong><strong><a href=\"https:\/\/www.cbf.ca\/BWeek\/08files\/\">2008<\/a><\/strong><\/td><td>Nicolas L&rsquo;\u00c9cuyer, Marc-Andr\u00e9 Fourcaudot, Kamel Fergani, Dan Jacob, Robert Lebi, Vincent Demuy<\/td><\/tr><tr><td><strong><a href=\"https:\/\/www.cbf.ca\/BWeek\/07files\/\"><strong>2007<\/strong><\/a><\/strong><\/td><td>Waldemar Frukacz, Piotr Klimowicz, Herv\u00e9 Chatagnier, Ren\u00e9 Pelletier, Jeffrey Smith, David Sabourin<\/td><\/tr><tr><td><strong><a href=\"https:\/\/www.cbf.ca\/BWeek\/BWeek06.html\"><strong>2006<\/strong><\/a><\/strong><\/td><td>Bryan Maksymetz, Dan Jacob, Doug Fraser, Michael Gamble, Robert Lebi, Sandra Fraser<\/td><\/tr><tr><td><strong><\/strong><strong><a href=\"https:\/\/www.cbf.ca\/BWeek\/BWeek05.html\">2005<\/a><\/strong><\/td><td>John Carruthers, Joseph Silver, George Mittelman, Arno Hobart, Boris Baran, Allan Graves<\/td><\/tr><tr><td><strong><a href=\"https:\/\/www.cbf.ca\/BWeek\/BWeek04.html\">2004<\/a><\/strong><\/td><td>Ray Jotcham, Lewis Richardson, Jim Priebe, Steve Mackay , David Lindop, Mike Cummings<\/td><\/tr><tr><td><strong><\/strong><strong><a href=\"https:\/\/www.cbf.ca\/BWeek\/BWeek03.html\">2003<\/a><\/strong><\/td><td>Kamel Fergani, Nicolas L&rsquo;\u00c9cuyer, Jurek Czyzowicz, Darren Wolpert, Gavin Wolpert, Vincent Demuy<\/td><\/tr><tr><td><strong><\/strong><strong><a href=\"https:\/\/www.cbf.ca\/BWeek\/BWeek02.html\">2002<\/a><\/strong><\/td><td>Bryan Maksymetz, Allan Graves, Gordon McOrmond, Dan Jacob<\/td><\/tr><tr><td><strong><\/strong><strong><a href=\"https:\/\/www.cbf.ca\/BWeek\/BWeek01.html\">2001<\/a><\/strong><\/td><td>Judith Gartaganis, Nicholas Gartaganis, Gordon Campbell, Keith Balcombe<\/td><\/tr><tr><td><strong><\/strong><strong><a href=\"https:\/\/www.cbf.ca\/BWeek\/00results\/index.html\">2000<\/a><\/strong><\/td><td>Kamel Fergani, Nicolas L&rsquo;\u00c9cuye, Doug Fraser, Jeffrey Blond, Darren Wolpert, Jurek Czyzowicz<\/td><\/tr><tr><td><strong><\/strong><strong><a href=\"https:\/\/www.cbf.ca\/BWeek\/99results\/99CNC.html\">1999<\/a><\/strong><\/td><td>Ted Horning (Honorary NPC), Robert Lebi, Nader Hanna, Drew Cannell, John Carruthers<\/td><\/tr><tr><td><strong><\/strong><strong><a href=\"https:\/\/www.cbf.ca\/BWeek\/98results\/98CNC.html\">1998<\/a><\/strong><\/td><td>Michael Hargreaves, Gord McOrmond, Allan Graves, Bryan Maksymetz, Joseph Silver<\/td><\/tr><tr><td><strong>1997<\/strong><\/td><td>Michael Hargreaves, Gord McOrmond, Allan Graves , Joseph Silver<\/td><\/tr><tr><td><strong>1996<\/strong><\/td><td>Nader Hanna, Doug Fraser, Michael Roche, Jim Green, Paul Thurston, Rick Delogu<\/td><\/tr><tr><td><strong>1995<\/strong><\/td><td>Joseph Silver, Fred Gitelman, Mark Molson, Boris Baran, George Mittelman, Eric Kokish<\/td><\/tr><tr><td><strong>1994<\/strong><\/td><td>Joseph Silver &#8211; Fred Gitelman &#8211; Mark Molson &#8211; Eric Kokish &#8211; George Mittelman<\/td><\/tr><tr><td><strong>1993<\/strong><\/td><td>Michael Cafferata &#8211; Michael Kenny &#8211; Mary Paul &#8211; David Colbert \u2013 Michael Roche &#8211; Christopher Hough<\/td><\/tr><tr><td><strong>1992<\/strong><\/td><td>Jim McAvoy &#8211; Duncan Smith &#8211; Michael Strebinger &#8211; Peter Herold &#8211; Jim Dickie &#8211; Bruce Ferguson<\/td><\/tr><tr><td><strong>1991<\/strong><\/td><td>Ed Bridson &#8211; John Gowdy &#8211; David Lindop &#8211; Geoff Hampson &#8211; Boris Baran &#8211; Mark Molson<\/td><\/tr><tr><td><strong>1990<\/strong><\/td><td>Doug Heron &#8211; David Willis &#8211; John Valliant &#8211; Mike Betts &#8211; Randy Bennett &#8211; Ed Zaluski<\/td><\/tr><tr><td><strong>1989<\/strong><\/td><td>Mark Molson &#8211; Boris Baran &#8211; George Mittelman &#8211; Arno Hobart &#8211; Marty Kirr &#8211; Billy Cohen<\/td><\/tr><tr><td><strong>1988<\/strong><\/td><td>Maurice Larochelle &#8211; Jean Bernier &#8211; Andre Lalibert\u00e9 &#8211; Jacques Lalibert\u00e9 &#8211; Raymond Fortin &#8211; Kamel Fergani<\/td><\/tr><tr><td><strong>1987<\/strong><\/td><td>Mark Molson &#8211; Boris Baran &#8211; John Guoba &#8211; John Carruthers &#8211; Eric Murray<\/td><\/tr><tr><td><strong>1986<\/strong><\/td><td>Laurie McIntyre (CNJ) &#8211; Michael Schoenborn &#8211; Harmon Edgar &#8211; Arno Hobart &#8211; Martin Kirr &#8211; Greg Carroll &#8211; David Turner<\/td><\/tr><tr><td><strong>1985<\/strong><\/td><td>Boris Baran &#8211; Mark Molson &#8211; Eric Kokish &#8211; George Mittelman &#8211; Pascal Menachi &#8211; Mark Stein<\/td><\/tr><tr><td><strong>1984<\/strong><\/td><td>Subhash Gupta &#8211; Doran Flock &#8211; Gordon Campbell &#8211; Mike Chomyn &#8211; Bryan Maksymetz &#8211; Drew Cannell<\/td><\/tr><tr><td><strong>1983<\/strong><\/td><td>Mark Molson &#8211; Boris Baran &#8211; Allan Graves &#8211; George Mittelman &#8211; John Guoba &#8211; John Carruthers<\/td><\/tr><tr><td><strong>1982<\/strong><\/td><td>Nicholas Gartaganis &#8211; Zygmunt Marcinski &#8211; Gordon Crispin &#8211; Voyteck Pomykalski<\/td><\/tr><tr><td><strong>1981<\/strong><\/td><td>Allan Graves &#8211; George Mittelman &#8211; Eric Kokish &#8211; Peter Nagy &#8211; Eric Murray &#8211; Sami Kehela<\/td><\/tr><tr><td><strong>1980<\/strong><\/td><td>Allan Graves &#8211; George Mittelman &#8211; Eric Kokish &#8211; Peter Nagy &#8211; Eric Murray &#8211; Sami Kehela<\/td><\/tr><tr><td><strong>1977<\/strong><\/td><td>Mary Paul &#8211; Maurice Paul &#8211; Don Cowan &#8211; Michael Cummings<\/td><\/tr><tr><td><strong>1971*<\/strong><\/td><td>Bruce Gowdy &#8211; Duncan Philips &#8211; Gerry Charney &#8211; Bill Crissey<\/td><\/tr><tr><td><strong>1968*<\/strong><\/td><td>Eric Murray &#8211; Sami Kehela &#8211; Percy Sheardown &#8211; Bruce Elliott &#8211; Al Lando (CNJ) &#8211; Wolf Lebovic (ACNJ)<\/td><\/tr><\/tbody><\/table><\/figure>\n\n\n\n\n","protected":false},"excerpt":{"rendered":"<p>LES GAGNANTS DU CNTC-A Cliquer sur l\u2019ann\u00e9e pour acc\u00e9der aux archives du championnat. 2025 Jason Feldman, Daniel Miles, Daniel Lavee, Jacob Freeman, Jeff Smith, Fr\u00e9d\u00e9ric Pollack 2024 Brad Bart, Jeff Blond, Michael Roche, Daniel Lyder 2023 Jason Feldman, Darren Wolpert, Fred Gitelman, Mark Caplan, Daniel Lavee, Jacob Freeman 2022 Marc-Andr\u00e9 Fourcaudot, Kamel Fergani, Nicolas L&rsquo;\u00c9cuyer,<br><a class=\"moretag signature-animation\" href=\"https:\/\/cbf.ca\/fr\/evenements\/championnats-canadiens-de-bridge\/equipes-open-classe-a-cntc-a\/\">CONTINUER LA LECTURE<\/a>","protected":false},"author":1,"featured_media":0,"parent":3462,"menu_order":1,"comment_status":"closed","ping_status":"closed","template":"","meta":{"footnotes":""},"yoast_head":"<!-- This site is optimized with the Yoast SEO plugin v22.3 - https:\/\/yoast.com\/wordpress\/plugins\/seo\/ -->\n<title>CHAMPIONNAT CANADIEN DES \u00c9QUIPES OPEN (CNTC-A) - Canadian Bridge Federation<\/title>\n<meta name=\"robots\" content=\"index, follow, max-snippet:-1, max-image-preview:large, max-video-preview:-1\" \/>\n<link rel=\"canonical\" href=\"https:\/\/cbf.ca\/fr\/evenements\/championnats-canadiens-de-bridge\/equipes-open-classe-a-cntc-a\/\" \/>\n<meta property=\"og:locale\" content=\"fr_FR\" \/>\n<meta property=\"og:type\" content=\"article\" \/>\n<meta property=\"og:title\" content=\"CHAMPIONNAT CANADIEN DES \u00c9QUIPES OPEN (CNTC-A) - Canadian Bridge Federation\" \/>\n<meta property=\"og:description\" content=\"LES GAGNANTS DU CNTC-A Cliquer sur l\u2019ann\u00e9e pour acc\u00e9der aux archives du championnat. 2025 Jason Feldman, Daniel Miles, Daniel Lavee, Jacob Freeman, Jeff Smith, Fr\u00e9d\u00e9ric Pollack 2024 Brad Bart, Jeff Blond, Michael Roche, Daniel Lyder 2023 Jason Feldman, Darren Wolpert, Fred Gitelman, Mark Caplan, Daniel Lavee, Jacob Freeman 2022 Marc-Andr\u00e9 Fourcaudot, Kamel Fergani, Nicolas L&rsquo;\u00c9cuyer,\" \/>\n<meta property=\"og:url\" content=\"https:\/\/cbf.ca\/fr\/evenements\/championnats-canadiens-de-bridge\/equipes-open-classe-a-cntc-a\/\" \/>\n<meta property=\"og:site_name\" content=\"Canadian Bridge Federation\" \/>\n<meta property=\"article:publisher\" content=\"https:\/\/www.facebook.com\/Canadian.Bridge.Federation\/\" \/>\n<meta property=\"article:modified_time\" content=\"2026-01-03T23:38:04+00:00\" \/>\n<meta property=\"og:image\" content=\"https:\/\/cbf.ca\/wp-content\/uploads\/2014\/09\/MarkMolsonTrophy2.png\" \/>\n<meta name=\"twitter:label1\" content=\"Dur\u00e9e de lecture estim\u00e9e\" \/>\n\t<meta name=\"twitter:data1\" content=\"5 minutes\" \/>\n<script type=\"application\/ld+json\" class=\"yoast-schema-graph\">{\"@context\":\"https:\/\/schema.org\",\"@graph\":[{\"@type\":\"WebPage\",\"@id\":\"https:\/\/cbf.ca\/fr\/evenements\/championnats-canadiens-de-bridge\/equipes-open-classe-a-cntc-a\/\",\"url\":\"https:\/\/cbf.ca\/fr\/evenements\/championnats-canadiens-de-bridge\/equipes-open-classe-a-cntc-a\/\",\"name\":\"CHAMPIONNAT CANADIEN DES \u00c9QUIPES OPEN (CNTC-A) - Canadian Bridge Federation\",\"isPartOf\":{\"@id\":\"https:\/\/cbf.ca\/#website\"},\"primaryImageOfPage\":{\"@id\":\"https:\/\/cbf.ca\/fr\/evenements\/championnats-canadiens-de-bridge\/equipes-open-classe-a-cntc-a\/#primaryimage\"},\"image\":{\"@id\":\"https:\/\/cbf.ca\/fr\/evenements\/championnats-canadiens-de-bridge\/equipes-open-classe-a-cntc-a\/#primaryimage\"},\"thumbnailUrl\":\"https:\/\/cbf.ca\/wp-content\/uploads\/2014\/09\/MarkMolsonTrophy2.png\",\"datePublished\":\"2014-09-13T18:59:38+00:00\",\"dateModified\":\"2026-01-03T23:38:04+00:00\",\"breadcrumb\":{\"@id\":\"https:\/\/cbf.ca\/fr\/evenements\/championnats-canadiens-de-bridge\/equipes-open-classe-a-cntc-a\/#breadcrumb\"},\"inLanguage\":\"fr-FR\",\"potentialAction\":[{\"@type\":\"ReadAction\",\"target\":[\"https:\/\/cbf.ca\/fr\/evenements\/championnats-canadiens-de-bridge\/equipes-open-classe-a-cntc-a\/\"]}]},{\"@type\":\"ImageObject\",\"inLanguage\":\"fr-FR\",\"@id\":\"https:\/\/cbf.ca\/fr\/evenements\/championnats-canadiens-de-bridge\/equipes-open-classe-a-cntc-a\/#primaryimage\",\"url\":\"https:\/\/cbf.ca\/wp-content\/uploads\/2014\/09\/MarkMolsonTrophy2.png\",\"contentUrl\":\"https:\/\/cbf.ca\/wp-content\/uploads\/2014\/09\/MarkMolsonTrophy2.png\",\"width\":147,\"height\":196,\"caption\":\"Mark Molson Trophy\"},{\"@type\":\"BreadcrumbList\",\"@id\":\"https:\/\/cbf.ca\/fr\/evenements\/championnats-canadiens-de-bridge\/equipes-open-classe-a-cntc-a\/#breadcrumb\",\"itemListElement\":[{\"@type\":\"ListItem\",\"position\":1,\"name\":\"Home\",\"item\":\"https:\/\/cbf.ca\/\"},{\"@type\":\"ListItem\",\"position\":2,\"name\":\"\u00c9v\u00e9nements\",\"item\":\"https:\/\/cbf.ca\/fr\/evenements\/\"},{\"@type\":\"ListItem\",\"position\":3,\"name\":\"Championnats canadiens de bridge\",\"item\":\"https:\/\/cbf.ca\/fr\/evenements\/championnats-canadiens-de-bridge\/\"},{\"@type\":\"ListItem\",\"position\":4,\"name\":\"CHAMPIONNAT CANADIEN DES \u00c9QUIPES OPEN (CNTC-A)\"}]},{\"@type\":\"WebSite\",\"@id\":\"https:\/\/cbf.ca\/#website\",\"url\":\"https:\/\/cbf.ca\/\",\"name\":\"Canadian Bridge Federation\",\"description\":\"F\u00e9d\u00e9ration canadienne de bridge\",\"potentialAction\":[{\"@type\":\"SearchAction\",\"target\":{\"@type\":\"EntryPoint\",\"urlTemplate\":\"https:\/\/cbf.ca\/?s={search_term_string}\"},\"query-input\":\"required name=search_term_string\"}],\"inLanguage\":\"fr-FR\"}]}<\/script>\n<!-- \/ Yoast SEO plugin. -->","yoast_head_json":{"title":"CHAMPIONNAT CANADIEN DES \u00c9QUIPES OPEN (CNTC-A) - Canadian Bridge Federation","robots":{"index":"index","follow":"follow","max-snippet":"max-snippet:-1","max-image-preview":"max-image-preview:large","max-video-preview":"max-video-preview:-1"},"canonical":"https:\/\/cbf.ca\/fr\/evenements\/championnats-canadiens-de-bridge\/equipes-open-classe-a-cntc-a\/","og_locale":"fr_FR","og_type":"article","og_title":"CHAMPIONNAT CANADIEN DES \u00c9QUIPES OPEN (CNTC-A) - Canadian Bridge Federation","og_description":"LES GAGNANTS DU CNTC-A Cliquer sur l\u2019ann\u00e9e pour acc\u00e9der aux archives du championnat. 2025 Jason Feldman, Daniel Miles, Daniel Lavee, Jacob Freeman, Jeff Smith, Fr\u00e9d\u00e9ric Pollack 2024 Brad Bart, Jeff Blond, Michael Roche, Daniel Lyder 2023 Jason Feldman, Darren Wolpert, Fred Gitelman, Mark Caplan, Daniel Lavee, Jacob Freeman 2022 Marc-Andr\u00e9 Fourcaudot, Kamel Fergani, Nicolas L&rsquo;\u00c9cuyer,","og_url":"https:\/\/cbf.ca\/fr\/evenements\/championnats-canadiens-de-bridge\/equipes-open-classe-a-cntc-a\/","og_site_name":"Canadian Bridge Federation","article_publisher":"https:\/\/www.facebook.com\/Canadian.Bridge.Federation\/","article_modified_time":"2026-01-03T23:38:04+00:00","og_image":[{"url":"https:\/\/cbf.ca\/wp-content\/uploads\/2014\/09\/MarkMolsonTrophy2.png"}],"twitter_misc":{"Dur\u00e9e de lecture estim\u00e9e":"5 minutes"},"schema":{"@context":"https:\/\/schema.org","@graph":[{"@type":"WebPage","@id":"https:\/\/cbf.ca\/fr\/evenements\/championnats-canadiens-de-bridge\/equipes-open-classe-a-cntc-a\/","url":"https:\/\/cbf.ca\/fr\/evenements\/championnats-canadiens-de-bridge\/equipes-open-classe-a-cntc-a\/","name":"CHAMPIONNAT CANADIEN DES \u00c9QUIPES OPEN (CNTC-A) - Canadian Bridge Federation","isPartOf":{"@id":"https:\/\/cbf.ca\/#website"},"primaryImageOfPage":{"@id":"https:\/\/cbf.ca\/fr\/evenements\/championnats-canadiens-de-bridge\/equipes-open-classe-a-cntc-a\/#primaryimage"},"image":{"@id":"https:\/\/cbf.ca\/fr\/evenements\/championnats-canadiens-de-bridge\/equipes-open-classe-a-cntc-a\/#primaryimage"},"thumbnailUrl":"https:\/\/cbf.ca\/wp-content\/uploads\/2014\/09\/MarkMolsonTrophy2.png","datePublished":"2014-09-13T18:59:38+00:00","dateModified":"2026-01-03T23:38:04+00:00","breadcrumb":{"@id":"https:\/\/cbf.ca\/fr\/evenements\/championnats-canadiens-de-bridge\/equipes-open-classe-a-cntc-a\/#breadcrumb"},"inLanguage":"fr-FR","potentialAction":[{"@type":"ReadAction","target":["https:\/\/cbf.ca\/fr\/evenements\/championnats-canadiens-de-bridge\/equipes-open-classe-a-cntc-a\/"]}]},{"@type":"ImageObject","inLanguage":"fr-FR","@id":"https:\/\/cbf.ca\/fr\/evenements\/championnats-canadiens-de-bridge\/equipes-open-classe-a-cntc-a\/#primaryimage","url":"https:\/\/cbf.ca\/wp-content\/uploads\/2014\/09\/MarkMolsonTrophy2.png","contentUrl":"https:\/\/cbf.ca\/wp-content\/uploads\/2014\/09\/MarkMolsonTrophy2.png","width":147,"height":196,"caption":"Mark Molson Trophy"},{"@type":"BreadcrumbList","@id":"https:\/\/cbf.ca\/fr\/evenements\/championnats-canadiens-de-bridge\/equipes-open-classe-a-cntc-a\/#breadcrumb","itemListElement":[{"@type":"ListItem","position":1,"name":"Home","item":"https:\/\/cbf.ca\/"},{"@type":"ListItem","position":2,"name":"\u00c9v\u00e9nements","item":"https:\/\/cbf.ca\/fr\/evenements\/"},{"@type":"ListItem","position":3,"name":"Championnats canadiens de bridge","item":"https:\/\/cbf.ca\/fr\/evenements\/championnats-canadiens-de-bridge\/"},{"@type":"ListItem","position":4,"name":"CHAMPIONNAT CANADIEN DES \u00c9QUIPES OPEN (CNTC-A)"}]},{"@type":"WebSite","@id":"https:\/\/cbf.ca\/#website","url":"https:\/\/cbf.ca\/","name":"Canadian Bridge Federation","description":"F\u00e9d\u00e9ration canadienne de bridge","potentialAction":[{"@type":"SearchAction","target":{"@type":"EntryPoint","urlTemplate":"https:\/\/cbf.ca\/?s={search_term_string}"},"query-input":"required name=search_term_string"}],"inLanguage":"fr-FR"}]}},"_links":{"self":[{"href":"https:\/\/cbf.ca\/fr\/wp-json\/wp\/v2\/pages\/3466"}],"collection":[{"href":"https:\/\/cbf.ca\/fr\/wp-json\/wp\/v2\/pages"}],"about":[{"href":"https:\/\/cbf.ca\/fr\/wp-json\/wp\/v2\/types\/page"}],"author":[{"embeddable":true,"href":"https:\/\/cbf.ca\/fr\/wp-json\/wp\/v2\/users\/1"}],"replies":[{"embeddable":true,"href":"https:\/\/cbf.ca\/fr\/wp-json\/wp\/v2\/comments?post=3466"}],"version-history":[{"count":92,"href":"https:\/\/cbf.ca\/fr\/wp-json\/wp\/v2\/pages\/3466\/revisions"}],"predecessor-version":[{"id":36841,"href":"https:\/\/cbf.ca\/fr\/wp-json\/wp\/v2\/pages\/3466\/revisions\/36841"}],"up":[{"embeddable":true,"href":"https:\/\/cbf.ca\/fr\/wp-json\/wp\/v2\/pages\/3462"}],"wp:attachment":[{"href":"https:\/\/cbf.ca\/fr\/wp-json\/wp\/v2\/media?parent=3466"}],"curies":[{"name":"wp","href":"https:\/\/api.w.org\/{rel}","templated":true}]}}