{"id":3464,"date":"2014-09-13T23:10:10","date_gmt":"2014-09-13T19:10:10","guid":{"rendered":"http:\/\/cbf.ca\/?page_id=3464"},"modified":"2025-10-14T17:44:48","modified_gmt":"2025-10-14T13:44:48","slug":"equipes-feminines-cwtc","status":"publish","type":"page","link":"https:\/\/cbf.ca\/fr\/evenements\/championnats-canadiens-de-bridge\/equipes-feminines-cwtc\/","title":{"rendered":"CHAMPIONNAT CANADIEN DES \u00c9QUIPES F\u00c9MININES (CWTC)"},"content":{"rendered":"<div id=\"attachment_796\" style=\"width: 188px\" class=\"wp-caption alignright\"><a class=\"lightbox\" href=\"https:\/\/cbf.ca\/wp-content\/uploads\/2016\/06\/20160524_065725.jpg\"><img loading=\"lazy\" decoding=\"async\" aria-describedby=\"caption-attachment-796\" class=\"wp-image-796 \" src=\"https:\/\/cbf.ca\/wp-content\/uploads\/2016\/06\/20160524_065725.jpg\" alt=\"Troph\u00e9e Ruth Gold\" width=\"178\" height=\"199\" \/><\/a><p id=\"caption-attachment-796\" class=\"wp-caption-text\">Troph\u00e9e Ruth Gold<\/p><\/div>\n<p class=\"p1\" style=\"text-align: justify;\"><span class=\"s1\">Le Championnat canadien des \u00e9quipes f\u00e9minines (CWTC) est ouvert \u00e0 toutes les femmes membres en r\u00e8gle de la FCB.<\/span><\/p>\n<p class=\"p1\" style=\"text-align: justify;\"><span class=\"s1\">Le premier CWTC s\u2019est tenu \u00e0 Vancouver en 1984 (en 1980, il y avait eu une qualification pour s\u00e9lectionner l\u2019\u00e9quipe f\u00e9minine qui irait aux Olympiades mondiales des \u00e9quipes f\u00e9minines).\u00a0<\/span><span class=\"s1\">Avant 1998, le CWTC \u00e9tait tenu comme un \u00e9v\u00e9nement autonome. <\/span><span class=\"s1\">Depuis 1998, \u00e0 l&rsquo;exception de 2014, le CWTC est int\u00e9gr\u00e9 dans les \u00e9v\u00e9nements des Championnats canadiens de bridge.<\/span><\/p>\n<p><span style=\"color: #993366;\">NOTE: Toutes les personnes doivent obtenir (ou acheter) leur qualification pour participer au Championnat des \u00e9quipes CNTC-A, CSTC, CWTC, CMTC<\/span>, <span style=\"color: #993366;\"><span style=\"color: #000000;\">pour \u00eatre admissible \u00e0 jouer au tournoi \u00e0 la ronde des ces championnats. Des parties de qualification sont tenues dans les clubs sanctionn\u00e9s, de septembre \u00e0 d\u00e9cembre. L<\/span><span style=\"color: #000000;\">a FCB tiendra des parties en ligne \u00e0 l&rsquo;automne 2025 qui serviront de qualification pour ces \u00e9v\u00e9nements en \u00e9quipes. [<a href=\"https:\/\/cbf.ca\/fr\/evenements\/parties-fcb-qualifications-ccb-en-ligne\/\" target=\"_blank\" rel=\"noreferrer noopener\">Parties FCB &#8211; Qualifications CCB<\/a>]. Un joueur se qualifie en tant qu&rsquo;individu. Une qualification en \u00e9quipe est valide pour tout championnat par \u00e9quipes.<\/span><\/span><\/p>\n<p class=\"p1\" style=\"text-align: justify;\">Les \u00e9quipes doivent <strong>s\u2019inscrire au pr\u00e9alable <\/strong>pour le Championnat canadien, et payer les frais d&rsquo;inscription <em>non remboursables<\/em> pour le tournoi \u00e0 la ronde au plus tard \u00e0 la date limite indiqu\u00e9e dans la documentation.<\/p>\n<div id=\"attachment_796\" style=\"width: 188px\" class=\"wp-caption alignright\"><a class=\"lightbox\" href=\"https:\/\/cbf.ca\/wp-content\/uploads\/2014\/09\/TobiMitchellTrophy.png\"><img loading=\"lazy\" decoding=\"async\" aria-describedby=\"caption-attachment-796\" class=\"wp-image-796 size-full\" src=\"https:\/\/cbf.ca\/wp-content\/uploads\/2014\/09\/TobiMitchellTrophy.png\" alt=\"Troph\u00e9e Tobi Mitchell\" width=\"178\" height=\"288\" \/><\/a><p id=\"caption-attachment-796\" class=\"wp-caption-text\">Troph\u00e9e Tobi Mitchell<\/p><\/div>\n<p class=\"p1\" style=\"text-align: justify;\"><span class=\"s1\">Les gagnantes du CWTC se voient attribuer le <b>Troph\u00e9e Ruth Gold<\/b>, cr\u00e9\u00e9 en 2016.\u00a0Ruth Gold a \u00e9t\u00e9 une joueuse, enseignante, directrice de tournoi et une mentor qui a toujours \u00e9t\u00e9 bonne pour les nouveaux joueurs, en leur donnant l&rsquo;avantage de ses connaissances.<\/span><\/p>\n<p class=\"p1\" style=\"text-align: justify;\"><span class=\"s1\"> Avant 2016, les gagnantes du CWTC ont re\u00e7u le\u00a0<strong>Troph\u00e9e Tobi Mitchell<\/strong>. Tobi Mitchell \u00e9tait\u00a0une joueuse de Regina, SK, et a \u00e9t\u00e9 une des premi\u00e8res ma\u00eetres \u00e0 vie en Saskatchewan.<\/span><\/p>\n<p class=\"p1\" style=\"text-align: justify;\"><span class=\"s1\">Apr\u00e8s ratification par le CA de la FCB, l\u2019\u00e9quipe gagnante re\u00e7oit une subvention pour repr\u00e9senter le Canada aux Championnats du monde des \u00e9quipes f\u00e9minines de l\u2019ann\u00e9e en cours.<\/span><\/p>\n<p><a href=\"https:\/\/cbf.ca\/BWeek\/26files\/index.shtml\" class=\"btn bluth red btn- \" target=\"_self\"> Cliquer ici <\/a> <strong>\u00a0Site des Championnats canadiens de bridge 2026 :<\/strong><\/p>\n<p style=\"padding-left: 40px;\">&#8211; R\u00e8glements g\u00e9raux et R\u00e8glements compl\u00e9mentaires<br \/>&#8211; Dates, Endroit, C\u00e9dule, \u00c9quipes, R\u00e9sultats, et plus<\/p>\n<h2><strong>LES GAGNANTES DU CWTC<\/strong><\/h2>\n<h3>Cliquez sur l\u2019ann\u00e9e pour acc\u00e9der aux archives du championnat.<\/h3>\n\n\n<figure class=\"wp-block-table\"><table><tbody><tr><td><a href=\"https:\/\/cbf.ca\/BWeek\/25files\/standings.shtml\" target=\"_blank\" rel=\"noreferrer noopener\"><strong>2025<\/strong><\/a><\/td><td>Yuan Chen, Lisa Chen, Weijun Chen, Xia Hong, Rose Hou, Jingyuan Gong<\/td><\/tr><tr><td><a href=\"https:\/\/cbf.ca\/BWeek\/24files\/standings.shtml\" target=\"_blank\" rel=\"noreferrer noopener\"><strong>2024<\/strong><\/a><\/td><td>Lesley Thomson, Barbara Shnier, Linda Wynston, Hazel Wolpert, Ina Demme, Roisin O&rsquo;hara<\/td><\/tr><tr><td><a href=\"https:\/\/cbf.ca\/BWeek\/23files\/standings.shtml\" target=\"_blank\" rel=\"noreferrer noopener\"><strong>2023<\/strong><\/a><\/td><td>Kismet Fung, Susan Culham, Louise Berthiaume, Sondra Blank<\/td><\/tr><tr><td><a href=\"https:\/\/cbf.ca\/BWeek\/22files\/standings.shtml\" target=\"_blank\" rel=\"noreferrer noopener\"><strong>2022<\/strong><\/a><\/td><td>Lucy He, Xia Hong, Xiufang Jia, Yanping Zhang, Wenmin Chen<\/td><\/tr><tr><td><a href=\"https:\/\/cbf.ca\/BWeek\/21files\/standings.shtml\" target=\"_blank\" rel=\"noreferrer noopener\"><strong>2021<\/strong><\/a><\/td><td>Pamela Nisbet, Brenda Bryant, Julie Smith, Judy Harris<\/td><\/tr><tr><td><strong><a href=\"https:\/\/cbf.ca\/BWeek\/20files\/standings.shtml\"><strong>2020<\/strong><\/a>&nbsp;<\/strong><\/td><td>Pamela Nisbet, Brenda Bryant, Julie Smith, Judy Harris<\/td><\/tr><tr><td><strong><a href=\"https:\/\/cbf.ca\/BWeek\/19files\/standings.shtml\"><strong>2019<\/strong><\/a><\/strong><\/td><td>Sondra Blank, Hazel Wolpert, Brenda Bryant, Pamela Nisbet<\/td><\/tr><tr><td><strong><a href=\"https:\/\/cbf.ca\/BWeek\/18files\/standings.shtml\"><strong>2018<\/strong><\/a>&nbsp;<\/strong><\/td><td>Pas de comp\u00e9tition<\/td><\/tr><tr><td><strong><\/strong><strong><a href=\"https:\/\/cbf.ca\/BWeek\/17files\/standings.shtml\">2017<\/a><\/strong><\/td><td>Pamela Nisbet, Brenda Bryant, Hazel Wolpert, Linda Wynston, Rhonda Foster, Lorna McDonald<\/td><\/tr><tr><td><strong><\/strong><strong><a href=\"https:\/\/cbf.ca\/BWeek\/16files\/\" target=\"_blank\" rel=\"noreferrer noopener\">2016<\/a><\/strong><\/td><td>Joan Eaton, Karen Cumpstone, Katie Thorpe, Sondra Blank, Lesley Thomson, Ina Demme<\/td><\/tr><tr><td><strong><\/strong><strong><a href=\"https:\/\/cbf.ca\/BWeek\/15files\/\" target=\"_blank\" rel=\"noreferrer noopener\">2015<\/a><\/strong><\/td><td>Pas de comp\u00e9tition<\/td><\/tr><tr><td><strong><\/strong><strong><a href=\"https:\/\/cbf.ca\/BWeek\/14files\/\" target=\"_blank\" rel=\"noreferrer noopener\">2014<\/a><\/strong><\/td><td>Isabelle Brisebois, Sandra Fraser, Kismet Fung, Francine Cimon<\/td><\/tr><tr><td><strong><\/strong><strong><a href=\"https:\/\/www.cbf.ca\/BWeek\/13files\/\" target=\"_blank\" rel=\"noreferrer noopener\">2013<\/a><\/strong><\/td><td>Ina Demme, Karen Cumpstone, Joan Eaton, Sondra Blank, Sylvia Caley, Katie Thorpe<\/td><\/tr><tr><td><strong><a href=\"https:\/\/cbf.ca\/BWeek\/12files\/\" target=\"_blank\" rel=\"noreferrer noopener\"><strong>2012<\/strong><\/a><\/strong><\/td><td>Ina Demme, Hazel Wolpert, Linda Wynston, Lesley Thomson, Debbie Bennett, Pamela Nisbet<\/td><\/tr><tr><td><strong><\/strong><strong><a href=\"https:\/\/www.cbf.ca\/BWeek\/11files\/\">2011<\/a><\/strong><\/td><td>Joan Eaton, Karen Cumpstone, Katrin Litwin, Sandra Fraser<\/td><\/tr><tr><td><strong><a href=\"https:\/\/www.cbf.ca\/BWeek\/10files\/\"><strong>2010<\/strong><\/a><\/strong><\/td><td>Susan Culham, Pamela Nisbet, Francine Cimon, Kismet Fung, Sondra Blank, Isabelle Smith<\/td><\/tr><tr><td><strong><\/strong><strong><a href=\"https:\/\/www.cbf.ca\/BWeek\/09files\/\">2009<\/a><\/strong><\/td><td>Pamela Nisbet, Karen Cumpstone, Joan Eaton, Barbara Clinton, Kismet Fung, Susan Culham<\/td><\/tr><tr><td><strong><\/strong><strong><a href=\"https:\/\/www.cbf.ca\/BWeek\/08files\/\">2008<\/a><\/strong><\/td><td>Pamela Nisbet, Karen Cumpstone, Martine Lacroix, Pascale Gaudreault, Susan Culham, Kismet Fung<\/td><\/tr><tr><td><strong><a href=\"https:\/\/www.cbf.ca\/BWeek\/07files\/\"><strong>2007<\/strong><\/a><\/strong><\/td><td>Sylvia Caley, Isabelle Smith, Julie Fajgelzon, Pamela Nisbet<\/td><\/tr><tr><td><strong><a href=\"https:\/\/www.cbf.ca\/BWeek\/BWeek06.html\"><strong>2006<\/strong><\/a><\/strong><\/td><td>Rhonda Foster, Marcia Christie, Heather Pecket, Pamela Nisbet<\/td><\/tr><tr><td><strong><\/strong><strong><a href=\"https:\/\/www.cbf.ca\/BWeek\/BWeek05.html\">2005<\/a><\/strong><\/td><td>Francine Cimon, Linda Lee, Beverley Kraft, Joan Eaton, Dianna Gordon, Barbara Clinton<\/td><\/tr><tr><td><strong><a href=\"https:\/\/www.cbf.ca\/BWeek\/BWeek04.html\">2004<\/a><\/strong><\/td><td>Ina Demme, Hazel Wolpert, Irene Hodgson, Linda Lee<\/td><\/tr><tr><td><strong><\/strong><strong><a href=\"https:\/\/www.cbf.ca\/BWeek\/BWeek03.html\">2003<\/a><\/strong><\/td><td>Beverly Kraft, Brenda Bryant, Dianna Gordon, Joan Eaton, Barbara Clinton, Francine Cimon<\/td><\/tr><tr><td><strong><\/strong><strong><a href=\"https:\/\/www.cbf.ca\/BWeek\/BWeek02.html\">2002<\/a><\/strong><\/td><td>Bob Crosby (NPC), Pat Lopushinsky, Susan Culham, Lorna McDonald, Kismet Fung<\/td><\/tr><tr><td><strong><\/strong><strong><a href=\"https:\/\/www.cbf.ca\/BWeek\/BWeek01.html\">2001<\/a><\/strong><\/td><td>Solange Bouchard, Lise Lapointe, Patricia Gagnon, Marcelle Tremblay, Pascale Gaudreault, Martine Lacroix<\/td><\/tr><tr><td><strong><\/strong><strong><a href=\"https:\/\/www.cbf.ca\/BWeek\/00results\/index.html\">2000<\/a><\/strong><\/td><td>Jim Green (NPC), Dianna Gordon, Katie Thorpe, Beverly Kraft, Francine Cimon, Martine Lacroix, Rhoda Habert<\/td><\/tr><tr><td><strong><\/strong><strong><a href=\"https:\/\/www.cbf.ca\/BWeek\/99results\/99CNC.html\">1999<\/a><\/strong><\/td><td>Dianna Gordon, Katie Thorpe, Beverly Kraft, Francine Cimon, Martine Lacroix, Rhoda Habert<\/td><\/tr><tr><td><strong><\/strong><strong><a href=\"https:\/\/www.cbf.ca\/BWeek\/98results\/98CNC.html\">1998<\/a><\/strong><\/td><td>Dianna Gordon, Sheri Winestock, Beverly Kraft, Rhoda Habert, Francine Cimon, Barbara Saltsman<\/td><\/tr><tr><td><strong>1997<\/strong><\/td><td>June Pocock, Mary Lou Bert, Kathy Adachi, Leslie Gold<\/td><\/tr><tr><td><strong>1996<\/strong><\/td><td>George Holland (NPC), Sharyn Reus, Dianna Gordon, Barbara Saltsman, Beverly Kraft, Rhoda Habert, Francine Cimon<\/td><\/tr><tr><td><strong>1995<\/strong><\/td><td>George Holland (NPC), Sharyn Reus, Dianna Gordon, Barbara Saltsman, Beverly Kraf, Rhoda Habert, Francine Cimon<\/td><\/tr><tr><td><strong>1994<\/strong><\/td><td>Gloria Silverman &#8211; Joan Eaton &#8211; Roisin O&rsquo;Hara &#8211; Barbara Clinton<\/td><\/tr><tr><td><strong>1993<\/strong><\/td><td>Judy Harris &#8211; Barbara Kupkee &#8211; Anne Pilon &#8211; Diane Christianson<\/td><\/tr><tr><td><strong>1992<\/strong><\/td><td>Sharyn Reus &#8211; Dianna Gordon &#8211; Beverly Kraft &#8211; Rhoda Habert<\/td><\/tr><tr><td><strong>1991<\/strong><\/td><td>John Carruthers (NPC) &#8211; Mary Paul &#8211; Francine Cimon &#8211; Katie Thorpe &#8211; Gloria Silverman &#8211; Sharyn Reus &#8211; Dianna Gordon<\/td><\/tr><tr><td><strong>1990<\/strong><\/td><td>Mary Paul &#8211; Francine Cimon &#8211; Katie Thorpe &#8211; Gloria Silverman &#8211; Sharyn Reus &#8211; Dianna Gordon<\/td><\/tr><tr><td><strong>1989<\/strong><\/td><td>Kathy Adachi &#8211; Ina Anderson &#8211; Pat Landau &#8211; Joyce Peters &#8211; Marge Neate &#8211; Alison Dorosh<\/td><\/tr><tr><td><strong>1988<\/strong><\/td><td>George Mittelman (NPC) &#8211; Mary Paul &#8211; Francine Cimon &#8211; Katie Thorpe &#8211; Gloria Silverman &#8211; Sharyn Reus &#8211; Dianna Gordon<\/td><\/tr><tr><td><strong>1987<\/strong><\/td><td>George Mittelman (NPC) &#8211; Mary Paul &#8211; Francine Cimon &#8211; Katie Thorpe &#8211; Gloria Silverman &#8211; Sharyn Reus &#8211; Dianna Gordon<\/td><\/tr><tr><td><strong>1986<\/strong><\/td><td>Mary Paul &#8211; Francine Cimon &#8211; Katie Thorpe &#8211; Gloria Silverman &#8211; Sharyn Reus &#8211; Dianna Gordon<\/td><\/tr><tr><td><strong>1985<\/strong><\/td><td>Anna Boivin &#8211; Rene Mancuso &#8211; Rhoda Habert &#8211; Beverly Kraft &#8211; Nancy Koffler &#8211; Barbara Saltsman<\/td><\/tr><tr><td><strong>1984<\/strong><\/td><td>George Mittelman (NPC) &#8211; Dianna Gordon &#8211; Sharyn Kokish &#8211; Francine Cimon &#8211; Sandra Fraser &#8211; Katie Thorpe &#8211;&nbsp;Mary Paul<\/td><\/tr><tr><td><strong>1980<\/strong><\/td><td>George Hannia (NPC) &#8211; Karen Allison &#8211; Pam Bridson &#8211; Francine Cimon &#8211; Dianna Gordon -Sharon Kokish &#8211; Mary Paul<\/td><\/tr><\/tbody><\/table><\/figure>\n","protected":false},"excerpt":{"rendered":"<p>Le Championnat canadien des \u00e9quipes f\u00e9minines (CWTC) est ouvert \u00e0 toutes les femmes membres en r\u00e8gle de la FCB. Le premier CWTC s\u2019est tenu \u00e0 Vancouver en 1984 (en 1980, il y avait eu une qualification pour s\u00e9lectionner l\u2019\u00e9quipe f\u00e9minine qui irait aux Olympiades mondiales des \u00e9quipes f\u00e9minines).\u00a0Avant 1998, le CWTC \u00e9tait tenu comme un<br><a class=\"moretag signature-animation\" href=\"https:\/\/cbf.ca\/fr\/evenements\/championnats-canadiens-de-bridge\/equipes-feminines-cwtc\/\">CONTINUER LA LECTURE<\/a>","protected":false},"author":1,"featured_media":0,"parent":3462,"menu_order":0,"comment_status":"closed","ping_status":"closed","template":"","meta":{"footnotes":""},"yoast_head":"<!-- This site is optimized with the Yoast SEO plugin v22.3 - https:\/\/yoast.com\/wordpress\/plugins\/seo\/ -->\n<title>CHAMPIONNAT CANADIEN DES \u00c9QUIPES F\u00c9MININES (CWTC) - Canadian Bridge Federation<\/title>\n<meta name=\"robots\" content=\"index, follow, max-snippet:-1, max-image-preview:large, max-video-preview:-1\" \/>\n<link rel=\"canonical\" href=\"https:\/\/cbf.ca\/fr\/evenements\/championnats-canadiens-de-bridge\/equipes-feminines-cwtc\/\" \/>\n<meta property=\"og:locale\" content=\"fr_FR\" \/>\n<meta property=\"og:type\" content=\"article\" \/>\n<meta property=\"og:title\" content=\"CHAMPIONNAT CANADIEN DES \u00c9QUIPES F\u00c9MININES (CWTC) - Canadian Bridge Federation\" \/>\n<meta property=\"og:description\" content=\"Le Championnat canadien des \u00e9quipes f\u00e9minines (CWTC) est ouvert \u00e0 toutes les femmes membres en r\u00e8gle de la FCB. Le premier CWTC s\u2019est tenu \u00e0 Vancouver en 1984 (en 1980, il y avait eu une qualification pour s\u00e9lectionner l\u2019\u00e9quipe f\u00e9minine qui irait aux Olympiades mondiales des \u00e9quipes f\u00e9minines).\u00a0Avant 1998, le CWTC \u00e9tait tenu comme un\" \/>\n<meta property=\"og:url\" content=\"https:\/\/cbf.ca\/fr\/evenements\/championnats-canadiens-de-bridge\/equipes-feminines-cwtc\/\" \/>\n<meta property=\"og:site_name\" content=\"Canadian Bridge Federation\" \/>\n<meta property=\"article:publisher\" content=\"https:\/\/www.facebook.com\/Canadian.Bridge.Federation\/\" \/>\n<meta property=\"article:modified_time\" content=\"2025-10-14T13:44:48+00:00\" \/>\n<meta property=\"og:image\" content=\"https:\/\/cbf.ca\/wp-content\/uploads\/2016\/06\/20160524_065725.jpg\" \/>\n<meta name=\"twitter:label1\" content=\"Dur\u00e9e de lecture estim\u00e9e\" \/>\n\t<meta name=\"twitter:data1\" content=\"5 minutes\" \/>\n<script type=\"application\/ld+json\" class=\"yoast-schema-graph\">{\"@context\":\"https:\/\/schema.org\",\"@graph\":[{\"@type\":\"WebPage\",\"@id\":\"https:\/\/cbf.ca\/fr\/evenements\/championnats-canadiens-de-bridge\/equipes-feminines-cwtc\/\",\"url\":\"https:\/\/cbf.ca\/fr\/evenements\/championnats-canadiens-de-bridge\/equipes-feminines-cwtc\/\",\"name\":\"CHAMPIONNAT CANADIEN DES \u00c9QUIPES F\u00c9MININES (CWTC) - Canadian Bridge Federation\",\"isPartOf\":{\"@id\":\"https:\/\/cbf.ca\/#website\"},\"primaryImageOfPage\":{\"@id\":\"https:\/\/cbf.ca\/fr\/evenements\/championnats-canadiens-de-bridge\/equipes-feminines-cwtc\/#primaryimage\"},\"image\":{\"@id\":\"https:\/\/cbf.ca\/fr\/evenements\/championnats-canadiens-de-bridge\/equipes-feminines-cwtc\/#primaryimage\"},\"thumbnailUrl\":\"https:\/\/cbf.ca\/wp-content\/uploads\/2016\/06\/20160524_065725.jpg\",\"datePublished\":\"2014-09-13T19:10:10+00:00\",\"dateModified\":\"2025-10-14T13:44:48+00:00\",\"breadcrumb\":{\"@id\":\"https:\/\/cbf.ca\/fr\/evenements\/championnats-canadiens-de-bridge\/equipes-feminines-cwtc\/#breadcrumb\"},\"inLanguage\":\"fr-FR\",\"potentialAction\":[{\"@type\":\"ReadAction\",\"target\":[\"https:\/\/cbf.ca\/fr\/evenements\/championnats-canadiens-de-bridge\/equipes-feminines-cwtc\/\"]}]},{\"@type\":\"ImageObject\",\"inLanguage\":\"fr-FR\",\"@id\":\"https:\/\/cbf.ca\/fr\/evenements\/championnats-canadiens-de-bridge\/equipes-feminines-cwtc\/#primaryimage\",\"url\":\"https:\/\/cbf.ca\/wp-content\/uploads\/2016\/06\/20160524_065725.jpg\",\"contentUrl\":\"https:\/\/cbf.ca\/wp-content\/uploads\/2016\/06\/20160524_065725.jpg\",\"width\":2682,\"height\":2988},{\"@type\":\"BreadcrumbList\",\"@id\":\"https:\/\/cbf.ca\/fr\/evenements\/championnats-canadiens-de-bridge\/equipes-feminines-cwtc\/#breadcrumb\",\"itemListElement\":[{\"@type\":\"ListItem\",\"position\":1,\"name\":\"Home\",\"item\":\"https:\/\/cbf.ca\/\"},{\"@type\":\"ListItem\",\"position\":2,\"name\":\"\u00c9v\u00e9nements\",\"item\":\"https:\/\/cbf.ca\/fr\/evenements\/\"},{\"@type\":\"ListItem\",\"position\":3,\"name\":\"Championnats canadiens de bridge\",\"item\":\"https:\/\/cbf.ca\/fr\/evenements\/championnats-canadiens-de-bridge\/\"},{\"@type\":\"ListItem\",\"position\":4,\"name\":\"CHAMPIONNAT CANADIEN DES \u00c9QUIPES F\u00c9MININES (CWTC)\"}]},{\"@type\":\"WebSite\",\"@id\":\"https:\/\/cbf.ca\/#website\",\"url\":\"https:\/\/cbf.ca\/\",\"name\":\"Canadian Bridge Federation\",\"description\":\"F\u00e9d\u00e9ration canadienne de bridge\",\"potentialAction\":[{\"@type\":\"SearchAction\",\"target\":{\"@type\":\"EntryPoint\",\"urlTemplate\":\"https:\/\/cbf.ca\/?s={search_term_string}\"},\"query-input\":\"required name=search_term_string\"}],\"inLanguage\":\"fr-FR\"}]}<\/script>\n<!-- \/ Yoast SEO plugin. -->","yoast_head_json":{"title":"CHAMPIONNAT CANADIEN DES \u00c9QUIPES F\u00c9MININES (CWTC) - Canadian Bridge Federation","robots":{"index":"index","follow":"follow","max-snippet":"max-snippet:-1","max-image-preview":"max-image-preview:large","max-video-preview":"max-video-preview:-1"},"canonical":"https:\/\/cbf.ca\/fr\/evenements\/championnats-canadiens-de-bridge\/equipes-feminines-cwtc\/","og_locale":"fr_FR","og_type":"article","og_title":"CHAMPIONNAT CANADIEN DES \u00c9QUIPES F\u00c9MININES (CWTC) - Canadian Bridge Federation","og_description":"Le Championnat canadien des \u00e9quipes f\u00e9minines (CWTC) est ouvert \u00e0 toutes les femmes membres en r\u00e8gle de la FCB. Le premier CWTC s\u2019est tenu \u00e0 Vancouver en 1984 (en 1980, il y avait eu une qualification pour s\u00e9lectionner l\u2019\u00e9quipe f\u00e9minine qui irait aux Olympiades mondiales des \u00e9quipes f\u00e9minines).\u00a0Avant 1998, le CWTC \u00e9tait tenu comme un","og_url":"https:\/\/cbf.ca\/fr\/evenements\/championnats-canadiens-de-bridge\/equipes-feminines-cwtc\/","og_site_name":"Canadian Bridge Federation","article_publisher":"https:\/\/www.facebook.com\/Canadian.Bridge.Federation\/","article_modified_time":"2025-10-14T13:44:48+00:00","og_image":[{"url":"https:\/\/cbf.ca\/wp-content\/uploads\/2016\/06\/20160524_065725.jpg"}],"twitter_misc":{"Dur\u00e9e de lecture estim\u00e9e":"5 minutes"},"schema":{"@context":"https:\/\/schema.org","@graph":[{"@type":"WebPage","@id":"https:\/\/cbf.ca\/fr\/evenements\/championnats-canadiens-de-bridge\/equipes-feminines-cwtc\/","url":"https:\/\/cbf.ca\/fr\/evenements\/championnats-canadiens-de-bridge\/equipes-feminines-cwtc\/","name":"CHAMPIONNAT CANADIEN DES \u00c9QUIPES F\u00c9MININES (CWTC) - Canadian Bridge Federation","isPartOf":{"@id":"https:\/\/cbf.ca\/#website"},"primaryImageOfPage":{"@id":"https:\/\/cbf.ca\/fr\/evenements\/championnats-canadiens-de-bridge\/equipes-feminines-cwtc\/#primaryimage"},"image":{"@id":"https:\/\/cbf.ca\/fr\/evenements\/championnats-canadiens-de-bridge\/equipes-feminines-cwtc\/#primaryimage"},"thumbnailUrl":"https:\/\/cbf.ca\/wp-content\/uploads\/2016\/06\/20160524_065725.jpg","datePublished":"2014-09-13T19:10:10+00:00","dateModified":"2025-10-14T13:44:48+00:00","breadcrumb":{"@id":"https:\/\/cbf.ca\/fr\/evenements\/championnats-canadiens-de-bridge\/equipes-feminines-cwtc\/#breadcrumb"},"inLanguage":"fr-FR","potentialAction":[{"@type":"ReadAction","target":["https:\/\/cbf.ca\/fr\/evenements\/championnats-canadiens-de-bridge\/equipes-feminines-cwtc\/"]}]},{"@type":"ImageObject","inLanguage":"fr-FR","@id":"https:\/\/cbf.ca\/fr\/evenements\/championnats-canadiens-de-bridge\/equipes-feminines-cwtc\/#primaryimage","url":"https:\/\/cbf.ca\/wp-content\/uploads\/2016\/06\/20160524_065725.jpg","contentUrl":"https:\/\/cbf.ca\/wp-content\/uploads\/2016\/06\/20160524_065725.jpg","width":2682,"height":2988},{"@type":"BreadcrumbList","@id":"https:\/\/cbf.ca\/fr\/evenements\/championnats-canadiens-de-bridge\/equipes-feminines-cwtc\/#breadcrumb","itemListElement":[{"@type":"ListItem","position":1,"name":"Home","item":"https:\/\/cbf.ca\/"},{"@type":"ListItem","position":2,"name":"\u00c9v\u00e9nements","item":"https:\/\/cbf.ca\/fr\/evenements\/"},{"@type":"ListItem","position":3,"name":"Championnats canadiens de bridge","item":"https:\/\/cbf.ca\/fr\/evenements\/championnats-canadiens-de-bridge\/"},{"@type":"ListItem","position":4,"name":"CHAMPIONNAT CANADIEN DES \u00c9QUIPES F\u00c9MININES (CWTC)"}]},{"@type":"WebSite","@id":"https:\/\/cbf.ca\/#website","url":"https:\/\/cbf.ca\/","name":"Canadian Bridge Federation","description":"F\u00e9d\u00e9ration canadienne de bridge","potentialAction":[{"@type":"SearchAction","target":{"@type":"EntryPoint","urlTemplate":"https:\/\/cbf.ca\/?s={search_term_string}"},"query-input":"required name=search_term_string"}],"inLanguage":"fr-FR"}]}},"_links":{"self":[{"href":"https:\/\/cbf.ca\/fr\/wp-json\/wp\/v2\/pages\/3464"}],"collection":[{"href":"https:\/\/cbf.ca\/fr\/wp-json\/wp\/v2\/pages"}],"about":[{"href":"https:\/\/cbf.ca\/fr\/wp-json\/wp\/v2\/types\/page"}],"author":[{"embeddable":true,"href":"https:\/\/cbf.ca\/fr\/wp-json\/wp\/v2\/users\/1"}],"replies":[{"embeddable":true,"href":"https:\/\/cbf.ca\/fr\/wp-json\/wp\/v2\/comments?post=3464"}],"version-history":[{"count":73,"href":"https:\/\/cbf.ca\/fr\/wp-json\/wp\/v2\/pages\/3464\/revisions"}],"predecessor-version":[{"id":34786,"href":"https:\/\/cbf.ca\/fr\/wp-json\/wp\/v2\/pages\/3464\/revisions\/34786"}],"up":[{"embeddable":true,"href":"https:\/\/cbf.ca\/fr\/wp-json\/wp\/v2\/pages\/3462"}],"wp:attachment":[{"href":"https:\/\/cbf.ca\/fr\/wp-json\/wp\/v2\/media?parent=3464"}],"curies":[{"name":"wp","href":"https:\/\/api.w.org\/{rel}","templated":true}]}}