{"id":3462,"date":"2014-09-03T23:27:43","date_gmt":"2014-09-03T19:27:43","guid":{"rendered":"http:\/\/cbf.ca\/?page_id=3462"},"modified":"2026-01-18T23:14:50","modified_gmt":"2026-01-18T19:14:50","slug":"championnats-canadiens-de-bridge","status":"publish","type":"page","link":"https:\/\/cbf.ca\/fr\/evenements\/championnats-canadiens-de-bridge\/","title":{"rendered":"Championnats canadiens de bridge"},"content":{"rendered":"<p>Les Championnats canadiens de bridge (CCB), anciennement appel\u00e9s \u00ab\u00a0Bridge Week\u00a0\u00bb, sont un tournoi annuel qui se tient g\u00e9n\u00e9ralement en mai et met en vedette plusieurs comp\u00e9titions nationales.<\/p>\n<p>Toutes les informations des Championnats canadiens sont sur le site sp\u00e9cifique \u00e0 ces championnats: informations g\u00e9n\u00e9rales, \u00e9quipes, horaire, r\u00e9sultats, gagnants, etc. Ce site est accessible en cliquant sur le lien ci-contre, ou le bouton rouge \u00e0 la gauche de l&rsquo;\u00e9cran d&rsquo;accueil (ou en bas de cet \u00e9cran sur un petit appareil \u00e9lectronique).<\/p>\n<p><a href=\"https:\/\/cbf.ca\/BWeek\/26files\/index.shtml\" class=\"btn bluth red btn- \" target=\"_self\"> Cliquer ici<\/a> <strong>\u00a0<\/strong>pour voir toutes les informations relatives aux Championnats canadiens 2026.<\/p>\n<p>Les membres de la FCB de partout au Canada, et de tous les niveaux de jeu, se rassemblent pour tenter de remporter le titre de champion canadien dans l\u2019une des cat\u00e9gories suivantes:<\/p>\n<ul>\n<li>Championnat canadien par \u00e9quipes \u2013 Groupe Open (CNTC-A) | <a href=\"https:\/\/cbf.ca\/fr\/evenements\/championnats-canadiens-de-bridge\/equipes-open-classe-a-cntc-a\/\">Plus d\u2019informations ici<\/a><\/li>\n<li>Championnat canadien par \u00e9quipes \u2013 Groupe B (CNTC-B) | <a href=\"https:\/\/cbf.ca\/fr\/evenements\/championnats-canadiens-de-bridge\/equipes-open-classe-b-cntc-b\/\" target=\"_blank\" rel=\"noopener\">Plus d\u2019informations ici<\/a><\/li>\n<li>Championnat canadien par \u00e9quipes \u2013 Groupe C (CNTC-C) | <a href=\"https:\/\/cbf.ca\/fr\/evenements\/championnats-canadiens-de-bridge\/equipes-open-classe-c-cntc-c\/\" target=\"_blank\" rel=\"noopener\">Plus d\u2019informations ici<\/a><\/li>\n<li>Championnat canadien des \u00e9quipes f\u00e9minines (CWTC) | <a href=\"https:\/\/cbf.ca\/fr\/evenements\/championnats-canadiens-de-bridge\/equipes-feminines-cwtc\/\" target=\"_blank\" rel=\"noopener\">Plus d\u2019informations ici<\/a><\/li>\n<li>Championnat canadien\u00a0des \u00e9quipes seniors\u00a0(CSTC) | <a href=\"https:\/\/cbf.ca\/fr\/evenements\/championnats-canadiens-de-bridge\/equipes-seniors-cstc\/\" target=\"_blank\" rel=\"noopener\">Plus d\u2019informations ici<\/a><\/li>\n<li>Championnat canadien\u00a0des \u00e9quipes mixtes (CMTC) |\u00a0<a href=\"https:\/\/cbf.ca\/fr\/evenements\/championnats-canadiens-de-bridge\/championnat-canadien-des-equipes-mixtes-cmtc\/\" target=\"_blank\" rel=\"noopener\">Plus d\u2019informations ici<\/a><\/li>\n<li>Championnat canadien\u00a0de paires Open\u00a0(COPC) | <a href=\"https:\/\/cbf.ca\/fr\/evenements\/championnats-canadiens-de-bridge\/paires-open-copc\/\" target=\"_blank\" rel=\"noopener\">Plus d\u2019informations ici<\/a><\/li>\n<li>Championnat canadien\u00a0de paires IMP (CIPC) | <a href=\"https:\/\/cbf.ca\/fr\/evenements\/championnats-canadiens-de-bridge\/paires-imp-cipc\/\" target=\"_blank\" rel=\"noopener\">Plus d\u2019informations ici<\/a><\/li>\n<\/ul>\n<p style=\"text-align: justify;\">Les championnats\u00a0CNTC-A, CWTC,\u00a0CSTC et CMTC\u00a0offrent aux participants\u00a0la possibilit\u00e9\u00a0de repr\u00e9senter le Canada au Championnat mondial correspondant, tandis que les autres \u00e9v\u00e9nements offrent des prix en argent. Pour plus de d\u00e9tails sur chacun des championnats et les conditions de participation, svp vous r\u00e9f\u00e9rer \u00e0 la page sp\u00e9cifique du championnat.<strong><br \/>\n<\/strong><\/p>\n<p><span style=\"color: #0000ff;\"><strong>CHAMPIONNATS CANADIENS DE BRIDGE PR\u00c9C\u00c9DENTS &#8211; 1998 \u00e0 2025<\/strong><\/span><\/p>\n<figure class=\"wp-block-table\">\n<table style=\"height: 264px;\" width=\"736\">\n<tbody>\n<tr>\n<td style=\"text-align: center;\" width=\"100\"><a href=\"https:\/\/cbf.ca\/BWeek\/25files\/standings.shtml\" target=\"_blank\" rel=\"noopener\">2025<\/a><\/td>\n<td style=\"text-align: center;\" width=\"100\"><a href=\"https:\/\/cbf.ca\/BWeek\/24files\/standings.shtml\" target=\"_blank\" rel=\"noopener\">2024<\/a><\/td>\n<td style=\"text-align: center;\" width=\"100\"><a href=\"https:\/\/cbf.ca\/BWeek\/23files\/standings.shtml\" target=\"_blank\" rel=\"noopener\">2023<\/a><\/td>\n<td style=\"text-align: center;\" width=\"100\"><a href=\"https:\/\/cbf.ca\/BWeek\/22files\/standings.shtml\" target=\"_blank\" rel=\"noopener\">2022<\/a><\/td>\n<td style=\"text-align: center;\" width=\"100\"><a href=\"https:\/\/cbf.ca\/BWeek\/21files\/standings.shtml\" target=\"_blank\" rel=\"noopener\">2021<\/a><\/td>\n<\/tr>\n<tr>\n<td style=\"text-align: center;\"><a href=\"https:\/\/cbf.ca\/BWeek\/20files\/standings.shtml\" target=\"_blank\" rel=\"noopener\">2020<\/a><\/td>\n<td style=\"text-align: center;\"><a href=\"https:\/\/cbf.ca\/BWeek\/19files\/standings.shtml\" target=\"_blank\" rel=\"noopener\">2019<\/a><\/td>\n<td style=\"text-align: center;\"><a href=\"https:\/\/cbf.ca\/BWeek\/18files\/standings.shtml\" target=\"_blank\" rel=\"noopener\">2018<\/a><\/td>\n<td style=\"text-align: center;\"><a href=\"https:\/\/cbf.ca\/BWeek\/17files\/standings.shtml\" target=\"_blank\" rel=\"noopener\">2017<\/a><\/td>\n<td style=\"text-align: center;\"><a href=\"https:\/\/cbf.ca\/BWeek\/16files\/standings.shtml\" target=\"_blank\" rel=\"noopener\">2016<\/a><\/td>\n<\/tr>\n<tr>\n<td style=\"text-align: center;\"><a href=\"https:\/\/cbf.ca\/BWeek\/15files\/standings.shtml\" target=\"_blank\" rel=\"noopener\">2015<\/a><\/td>\n<td style=\"text-align: center;\"><a href=\"https:\/\/cbf.ca\/BWeek\/14files\/\" target=\"_blank\" rel=\"noopener\">2014<\/a><\/td>\n<td style=\"text-align: center;\"><a href=\"https:\/\/cbf.ca\/BWeek\/13files\/\" target=\"_blank\" rel=\"noopener\">2013<\/a><\/td>\n<td style=\"text-align: center;\"><a href=\"https:\/\/cbf.ca\/BWeek\/12files\/\" target=\"_blank\" rel=\"noopener\">2012<\/a><\/td>\n<td style=\"text-align: center;\"><a href=\"https:\/\/cbf.ca\/BWeek\/11files\/\" target=\"_blank\" rel=\"noopener\">2011<\/a><\/td>\n<\/tr>\n<tr>\n<td style=\"text-align: center;\"><a href=\"https:\/\/cbf.ca\/BWeek\/10files\/\" target=\"_blank\" rel=\"noopener\">2010<\/a><\/td>\n<td style=\"text-align: center;\"><a href=\"https:\/\/cbf.ca\/BWeek\/09files\/\" target=\"_blank\" rel=\"noopener\">2009<\/a><\/td>\n<td style=\"text-align: center;\"><a href=\"https:\/\/cbf.ca\/BWeek\/08files\/\" target=\"_blank\" rel=\"noopener\">2008<\/a><\/td>\n<td style=\"text-align: center;\"><a href=\"https:\/\/cbf.ca\/BWeek\/07files\/\" target=\"_blank\" rel=\"noopener\">2007<\/a><\/td>\n<td style=\"text-align: center;\"><a href=\"https:\/\/www.cbf.ca\/BWeek\/BWeek06.html\" target=\"_blank\" rel=\"noopener\">2006<\/a><\/td>\n<\/tr>\n<tr>\n<td style=\"text-align: center;\"><a href=\"https:\/\/www.cbf.ca\/BWeek\/BWeek05.html\" target=\"_blank\" rel=\"noopener\">2005<\/a><\/td>\n<td style=\"text-align: center;\"><a href=\"https:\/\/www.cbf.ca\/BWeek\/BWeek04.html\" target=\"_blank\" rel=\"noopener\">2004<\/a><\/td>\n<td style=\"text-align: center;\"><a href=\"https:\/\/www.cbf.ca\/BWeek\/BWeek03.html\" target=\"_blank\" rel=\"noopener\">2003<\/a><\/td>\n<td style=\"text-align: center;\"><a href=\"https:\/\/www.cbf.ca\/BWeek\/BWeek02.html\" target=\"_blank\" rel=\"noopener\">2002<\/a><\/td>\n<td style=\"text-align: center;\"><a href=\"https:\/\/www.cbf.ca\/BWeek\/BWeek01.html\" target=\"_blank\" rel=\"noopener\">2001<\/a><\/td>\n<\/tr>\n<tr>\n<td style=\"text-align: center;\"><a href=\"https:\/\/www.cbf.ca\/BWeek\/00results\/index.html\" target=\"_blank\" rel=\"noopener\">2000<\/a><\/td>\n<td style=\"text-align: center;\"><a href=\"https:\/\/www.cbf.ca\/BWeek\/99results\/99CNC.html\" target=\"_blank\" rel=\"noopener\">1999<\/a><\/td>\n<td style=\"text-align: center;\"><a href=\"https:\/\/www.cbf.ca\/BWeek\/98results\/98CNC.html\" target=\"_blank\" rel=\"noopener\">1998<\/a><\/td>\n<td style=\"text-align: center;\"><\/td>\n<td style=\"text-align: center;\"><\/td>\n<\/tr>\n<\/tbody>\n<\/table>\n<\/figure>\n","protected":false},"excerpt":{"rendered":"<p>Les Championnats canadiens de bridge (CCB), anciennement appel\u00e9s \u00ab\u00a0Bridge Week\u00a0\u00bb, sont un tournoi annuel qui se tient g\u00e9n\u00e9ralement en mai et met en vedette plusieurs comp\u00e9titions nationales. Toutes les informations des Championnats canadiens sont sur le site sp\u00e9cifique \u00e0 ces championnats: informations g\u00e9n\u00e9rales, \u00e9quipes, horaire, r\u00e9sultats, gagnants, etc. Ce site est accessible en cliquant sur<br><a class=\"moretag signature-animation\" href=\"https:\/\/cbf.ca\/fr\/evenements\/championnats-canadiens-de-bridge\/\">CONTINUER LA LECTURE<\/a>","protected":false},"author":1,"featured_media":0,"parent":3451,"menu_order":0,"comment_status":"closed","ping_status":"closed","template":"","meta":{"footnotes":""},"yoast_head":"<!-- This site is optimized with the Yoast SEO plugin v22.3 - https:\/\/yoast.com\/wordpress\/plugins\/seo\/ -->\n<title>Championnats canadiens de bridge - Canadian Bridge Federation<\/title>\n<meta name=\"robots\" content=\"index, follow, max-snippet:-1, max-image-preview:large, max-video-preview:-1\" \/>\n<link rel=\"canonical\" href=\"https:\/\/cbf.ca\/fr\/evenements\/championnats-canadiens-de-bridge\/\" \/>\n<meta property=\"og:locale\" content=\"fr_FR\" \/>\n<meta property=\"og:type\" content=\"article\" \/>\n<meta property=\"og:title\" content=\"Championnats canadiens de bridge - Canadian Bridge Federation\" \/>\n<meta property=\"og:description\" content=\"Les Championnats canadiens de bridge (CCB), anciennement appel\u00e9s \u00ab\u00a0Bridge Week\u00a0\u00bb, sont un tournoi annuel qui se tient g\u00e9n\u00e9ralement en mai et met en vedette plusieurs comp\u00e9titions nationales. Toutes les informations des Championnats canadiens sont sur le site sp\u00e9cifique \u00e0 ces championnats: informations g\u00e9n\u00e9rales, \u00e9quipes, horaire, r\u00e9sultats, gagnants, etc. Ce site est accessible en cliquant sur\" \/>\n<meta property=\"og:url\" content=\"https:\/\/cbf.ca\/fr\/evenements\/championnats-canadiens-de-bridge\/\" \/>\n<meta property=\"og:site_name\" content=\"Canadian Bridge Federation\" \/>\n<meta property=\"article:publisher\" content=\"https:\/\/www.facebook.com\/Canadian.Bridge.Federation\/\" \/>\n<meta property=\"article:modified_time\" content=\"2026-01-18T19:14:50+00:00\" \/>\n<meta name=\"twitter:label1\" content=\"Dur\u00e9e de lecture estim\u00e9e\" \/>\n\t<meta name=\"twitter:data1\" content=\"2 minutes\" \/>\n<script type=\"application\/ld+json\" class=\"yoast-schema-graph\">{\"@context\":\"https:\/\/schema.org\",\"@graph\":[{\"@type\":\"WebPage\",\"@id\":\"https:\/\/cbf.ca\/fr\/evenements\/championnats-canadiens-de-bridge\/\",\"url\":\"https:\/\/cbf.ca\/fr\/evenements\/championnats-canadiens-de-bridge\/\",\"name\":\"Championnats canadiens de bridge - Canadian Bridge Federation\",\"isPartOf\":{\"@id\":\"https:\/\/cbf.ca\/#website\"},\"datePublished\":\"2014-09-03T19:27:43+00:00\",\"dateModified\":\"2026-01-18T19:14:50+00:00\",\"breadcrumb\":{\"@id\":\"https:\/\/cbf.ca\/fr\/evenements\/championnats-canadiens-de-bridge\/#breadcrumb\"},\"inLanguage\":\"fr-FR\",\"potentialAction\":[{\"@type\":\"ReadAction\",\"target\":[\"https:\/\/cbf.ca\/fr\/evenements\/championnats-canadiens-de-bridge\/\"]}]},{\"@type\":\"BreadcrumbList\",\"@id\":\"https:\/\/cbf.ca\/fr\/evenements\/championnats-canadiens-de-bridge\/#breadcrumb\",\"itemListElement\":[{\"@type\":\"ListItem\",\"position\":1,\"name\":\"Home\",\"item\":\"https:\/\/cbf.ca\/\"},{\"@type\":\"ListItem\",\"position\":2,\"name\":\"\u00c9v\u00e9nements\",\"item\":\"https:\/\/cbf.ca\/fr\/evenements\/\"},{\"@type\":\"ListItem\",\"position\":3,\"name\":\"Championnats canadiens de bridge\"}]},{\"@type\":\"WebSite\",\"@id\":\"https:\/\/cbf.ca\/#website\",\"url\":\"https:\/\/cbf.ca\/\",\"name\":\"Canadian Bridge Federation\",\"description\":\"F\u00e9d\u00e9ration canadienne de bridge\",\"potentialAction\":[{\"@type\":\"SearchAction\",\"target\":{\"@type\":\"EntryPoint\",\"urlTemplate\":\"https:\/\/cbf.ca\/?s={search_term_string}\"},\"query-input\":\"required name=search_term_string\"}],\"inLanguage\":\"fr-FR\"}]}<\/script>\n<!-- \/ Yoast SEO plugin. -->","yoast_head_json":{"title":"Championnats canadiens de bridge - Canadian Bridge Federation","robots":{"index":"index","follow":"follow","max-snippet":"max-snippet:-1","max-image-preview":"max-image-preview:large","max-video-preview":"max-video-preview:-1"},"canonical":"https:\/\/cbf.ca\/fr\/evenements\/championnats-canadiens-de-bridge\/","og_locale":"fr_FR","og_type":"article","og_title":"Championnats canadiens de bridge - Canadian Bridge Federation","og_description":"Les Championnats canadiens de bridge (CCB), anciennement appel\u00e9s \u00ab\u00a0Bridge Week\u00a0\u00bb, sont un tournoi annuel qui se tient g\u00e9n\u00e9ralement en mai et met en vedette plusieurs comp\u00e9titions nationales. Toutes les informations des Championnats canadiens sont sur le site sp\u00e9cifique \u00e0 ces championnats: informations g\u00e9n\u00e9rales, \u00e9quipes, horaire, r\u00e9sultats, gagnants, etc. Ce site est accessible en cliquant sur","og_url":"https:\/\/cbf.ca\/fr\/evenements\/championnats-canadiens-de-bridge\/","og_site_name":"Canadian Bridge Federation","article_publisher":"https:\/\/www.facebook.com\/Canadian.Bridge.Federation\/","article_modified_time":"2026-01-18T19:14:50+00:00","twitter_misc":{"Dur\u00e9e de lecture estim\u00e9e":"2 minutes"},"schema":{"@context":"https:\/\/schema.org","@graph":[{"@type":"WebPage","@id":"https:\/\/cbf.ca\/fr\/evenements\/championnats-canadiens-de-bridge\/","url":"https:\/\/cbf.ca\/fr\/evenements\/championnats-canadiens-de-bridge\/","name":"Championnats canadiens de bridge - Canadian Bridge Federation","isPartOf":{"@id":"https:\/\/cbf.ca\/#website"},"datePublished":"2014-09-03T19:27:43+00:00","dateModified":"2026-01-18T19:14:50+00:00","breadcrumb":{"@id":"https:\/\/cbf.ca\/fr\/evenements\/championnats-canadiens-de-bridge\/#breadcrumb"},"inLanguage":"fr-FR","potentialAction":[{"@type":"ReadAction","target":["https:\/\/cbf.ca\/fr\/evenements\/championnats-canadiens-de-bridge\/"]}]},{"@type":"BreadcrumbList","@id":"https:\/\/cbf.ca\/fr\/evenements\/championnats-canadiens-de-bridge\/#breadcrumb","itemListElement":[{"@type":"ListItem","position":1,"name":"Home","item":"https:\/\/cbf.ca\/"},{"@type":"ListItem","position":2,"name":"\u00c9v\u00e9nements","item":"https:\/\/cbf.ca\/fr\/evenements\/"},{"@type":"ListItem","position":3,"name":"Championnats canadiens de bridge"}]},{"@type":"WebSite","@id":"https:\/\/cbf.ca\/#website","url":"https:\/\/cbf.ca\/","name":"Canadian Bridge Federation","description":"F\u00e9d\u00e9ration canadienne de bridge","potentialAction":[{"@type":"SearchAction","target":{"@type":"EntryPoint","urlTemplate":"https:\/\/cbf.ca\/?s={search_term_string}"},"query-input":"required name=search_term_string"}],"inLanguage":"fr-FR"}]}},"_links":{"self":[{"href":"https:\/\/cbf.ca\/fr\/wp-json\/wp\/v2\/pages\/3462"}],"collection":[{"href":"https:\/\/cbf.ca\/fr\/wp-json\/wp\/v2\/pages"}],"about":[{"href":"https:\/\/cbf.ca\/fr\/wp-json\/wp\/v2\/types\/page"}],"author":[{"embeddable":true,"href":"https:\/\/cbf.ca\/fr\/wp-json\/wp\/v2\/users\/1"}],"replies":[{"embeddable":true,"href":"https:\/\/cbf.ca\/fr\/wp-json\/wp\/v2\/comments?post=3462"}],"version-history":[{"count":150,"href":"https:\/\/cbf.ca\/fr\/wp-json\/wp\/v2\/pages\/3462\/revisions"}],"predecessor-version":[{"id":37171,"href":"https:\/\/cbf.ca\/fr\/wp-json\/wp\/v2\/pages\/3462\/revisions\/37171"}],"up":[{"embeddable":true,"href":"https:\/\/cbf.ca\/fr\/wp-json\/wp\/v2\/pages\/3451"}],"wp:attachment":[{"href":"https:\/\/cbf.ca\/fr\/wp-json\/wp\/v2\/media?parent=3462"}],"curies":[{"name":"wp","href":"https:\/\/api.w.org\/{rel}","templated":true}]}}