{"id":3460,"date":"2014-09-03T23:29:56","date_gmt":"2014-09-03T19:29:56","guid":{"rendered":"http:\/\/cbf.ca\/?page_id=3460"},"modified":"2026-04-04T00:11:33","modified_gmt":"2026-04-03T20:11:33","slug":"tournois-maitres-novices-old","status":"publish","type":"page","link":"https:\/\/cbf.ca\/fr\/evenements\/tournois-maitres-novices-old\/","title":{"rendered":"Tounois canadiens ma\u00eetres-novices"},"content":{"rendered":"<h2><strong>Tournois canadiens Ma\u00eetes-Novices<\/strong><\/h2>\n<p style=\"text-align: justify;\">Les tournois canadiens ma\u00eetres-novices ont lieu deux fois par ann\u00e9e, au printemps et \u00e0 l&rsquo;automne, dans des clubs partout au Canada. Au moins une personne\u00a0de chaque paire doit avoir moins de 100 points de ma\u00eetre pour y jouer.<\/p>\n<p style=\"text-align: justify;\"><strong>Helen Shields<\/strong> est le tournoi ma\u00eetres-novices du printemps. Le tournoi est nomm\u00e9 en l\u2019honneur d\u2019Helen Shields, de Thunder Bay, qui a \u00e9t\u00e9 pr\u00e9sidente de la F\u00e9d\u00e9ration canadienne de bridge. Helen \u00e9tait tr\u00e8s active dans l\u2019enseignement et dans l\u2019initiation de nouveaux joueurs au bridge duplicata. Le premier tournoi Helen Shields a eu lieu en 1995.<\/p>\n<p style=\"text-align: justify;\"><strong>Erin Berry<\/strong> est le tournoi ma\u00eetres-novices de l\u2019automne. Le tournoi est nomm\u00e9 en l\u2019honneur d&rsquo;Erin Berry, une \u00e9tudiante et joueuse de bridge dou\u00e9e qui est d\u00e9c\u00e9d\u00e9e tragiquement dans un accident de voiture le 30 Janvier 1998, trois jours avant son 17\u00e8 anniversaire. <a style=\"pointer-events: none;\" href=\"https:\/\/cbf.ca\/fr\/fonds-commemoratif-erin-berry\/la-vie-derin-berry\/\" target=\"_blank\" rel=\"noopener\">La vie d&rsquo;Erin Berry<\/a>. <a href=\"https:\/\/cbf.ca\/fr\/fonds-commemoratif-erin-berry\/\" target=\"_blank\" rel=\"noopener\">Fonds comm\u00e9moratif Erin Berry<\/a>.<\/p>\n<p style=\"text-align: justify;\">Un \u00ab novice \u00bb est un joueur avec peu d\u2019exp\u00e9rience au duplicata. Bien qu\u2019on utilise la norme de moins de 100 points de ma\u00eetre, notre objectif est que le joueur soit assez nouveau au bridge duplicata. Les joueurs qui ont laiss\u00e9 aller leur adh\u00e9sion \u00e0 l\u2019ACBL ou dont les points n&rsquo;ont pas \u00e9t\u00e9 enregistr\u00e9s ou avec exp\u00e9rience ne correspondent pas n\u00e9cessairement \u00e0 la d\u00e9finition de \u00ab novice \u00bb. Les g\u00e9rants de clubs ou les directeurs de tournoi peuvent interdire \u00e0 une paire de jouer dans cette comp\u00e9tition, s\u2019ils estiment que le partenariat n\u2019inclut pas un joueur qui correspond \u00e0 la d\u00e9finition de \u00ab novice \u00bb.<\/p>\n<p>Tous les participants \u00e0 travers le Canada jouent les m\u00eames mains. Une analyse des mains est pr\u00e9par\u00e9e par des joueurs canadiens de haut niveau, et disponible apr\u00e8s la partie.\u00a0La paire avec le meilleur pourcentage au Canada est d\u00e9clar\u00e9e Gagnante nationale et re\u00e7oit un troph\u00e9e. Les paires avec le meilleur pourcentage dans chaque zone re\u00e7oivent une plaque, alors que les champions de club re\u00e7oivent un certificat.<\/p>\n<h2><strong>Tournois Ma\u00eetes-Novices en 2026<\/strong><\/h2>\n<ul>\n<li><b>TOURNOI MA\u00ceTRES-NOVICES HELEN SHIELDS\u00a0 \u00a0 \u00a0 13 avril (Lundi) &#8211; dans les clubs<\/b><\/li>\n<li><b>TOURNOI MA\u00ceTRES-NOVICES ERIN BERRY\u00a0 \u00a0 \u00a0 \u00a0 \u00a0 \u00a0 13 octobre (Mardi) &#8211; dans les clubs<\/b><\/li>\n<\/ul>\n<h2><strong>Inscription des clubs<\/strong><\/h2>\n<p>Veuillez <a style=\"pointer-events: none;\" href=\"https:\/\/cbf.ca\/fr\/gerants-de-clubs\/parties-maitre-non-maitre-canadiennes\/\" target=\"_blank\" rel=\"noopener\">cliquer ici<\/a> pour lire les instructions et compl\u00e9ter le formulaire d&rsquo;application.<\/p>\n<h2><strong>Histoire des tournois canadiens ma\u00eetres-novices<\/strong><\/h2>\n<p style=\"text-align: justify;\">Le premier tournoi canadien ma\u00eetres-novices a eu lieu en 1982, avec la participation de 5 clubs. En 1995 l\u2019\u00e9v\u00e9nement a \u00e9t\u00e9 renomm\u00e9 la \u00ab Tournoi canadien ma\u00eetres-novices Helen Shields \u00bb en m\u00e9moire de l\u2019ancienne directrice et pr\u00e9sidente de la FCB, Helen Shields de Thunder Bay, et un deuxi\u00e8me tournoi ma\u00eetres-novices annuel, le \u00ab Tournoi canadien ma\u00eetres-novices de l\u2019automne \u00bb, a \u00e9t\u00e9 ajout\u00e9. En 1998 le tournoi de l\u2019automne fut renomm\u00e9 le \u00ab Tournoi canadien ma\u00eetres-novices Erin Berry \u00bb en m\u00e9moire d\u2019une jeune joueuse prometteuse, Erin Berry, morte tragiquement dans un accident de voiture.<\/p>\n<p style=\"text-align: justify;\">\u00c0 l\u2019origine, un novice a \u00e9t\u00e9 d\u00e9fini comme un joueur avec moins de 5 points de ma\u00eetre. \u00c0 la fin des ann\u00e9es 1980, cela a \u00e9t\u00e9 chang\u00e9 pour 20 points de ma\u00eetre. En 2006, d\u00e9butant avec le tournoi ma\u00eetres-novices Erin Berry, la ligne de coupure pour les novices a \u00e9t\u00e9 port\u00e9e \u00e0 50 points de ma\u00eetre, et \u00e0 100 points de ma\u00eetre en mai 2019.<\/p>\n<h2><strong>Analyse des donnes<\/strong><\/h2>\n<p>Apr\u00e8s la partie d&rsquo;un tournoi ma\u00eetres-novices, l&rsquo;analyse des mains jou\u00e9es au cours de la session est remise aux participants. Cette analyse est r\u00e9alis\u00e9e par un expert canadien. Voici les analyses des derni\u00e8res ann\u00e9es.<\/p>\n<div style=\"overflow-x: auto;\">\n<table style=\"height: 155px;\" width=\"725\">\n<tbody>\n<tr>\n<td style=\"text-align: center;\" width=\"350\"><strong>Helen Shields<\/strong><\/td>\n<td style=\"text-align: center;\" width=\"375\"><strong>Erin Berry<\/strong><\/td>\n<\/tr>\n<tr>\n<td style=\"text-align: left;\"><a href=\"https:\/\/cbf.ca\/wp-content\/uploads\/2026\/01\/RookieMaster_2025-Avril2-French.pdf\" target=\"_blank\" rel=\"noopener\">Avril 2025<\/a> &#8211; Analyse par Terry Du<\/td>\n<td style=\"text-align: left;\"><a href=\"https:\/\/cbf.ca\/wp-content\/uploads\/2026\/01\/Erin-Berry2025_Analyse-French.pdf\" target=\"_blank\" rel=\"noopener\">Octobre 2025<\/a> &#8211; Analyse par Mike Hargreaves<\/td>\n<\/tr>\n<tr>\n<td style=\"text-align: left;\"><a href=\"https:\/\/cbf.ca\/wp-content\/uploads\/2026\/01\/2024_HelenShields_240402-French.pdf\" target=\"_blank\" rel=\"noopener\">Avril 2024<\/a> &#8211; Analyse par Ron Bishop<\/td>\n<td style=\"text-align: left;\"><a href=\"https:\/\/cbf.ca\/wp-content\/uploads\/2026\/01\/2024-Erin-Berry_French_31Aug2024.pdf\" target=\"_blank\" rel=\"noopener\">Octobre 2024<\/a> &#8211; Analyse par Neil Kimelman<\/td>\n<\/tr>\n<tr>\n<td style=\"text-align: left;\"><a href=\"https:\/\/cbf.ca\/wp-content\/uploads\/2026\/01\/hs2023-analysis-March13-French.pdf\" target=\"_blank\" rel=\"noopener\">Avril 2023<\/a> &#8211; Analyse par Neil Kimelman<\/td>\n<td style=\"text-align: left;\"><a href=\"https:\/\/cbf.ca\/wp-content\/uploads\/2026\/01\/2023-Erin-Berry_French_230926.pdf\" target=\"_blank\" rel=\"noopener\">Octobre 2023<\/a> &#8211; Analyse par\u00a0Bill Treble<\/td>\n<\/tr>\n<\/tbody>\n<\/table>\n<\/div>\n\n\n<h2 class=\"wp-block-heading\"><strong>Gagnants par ann\u00e9e<\/strong><\/h2>\n\n\n<p>En cliquant sur les liens, vous pourrez voir les noms des gagnants nationaux (les 10 meilleurs), ainsi que les gagnants par zone et par club.<\/p>\n<div style=\"overflow-x: auto;\">\n<table style=\"height: 1131px;\" width=\"835\">\n<thead>\n<tr>\n<td><strong>Ann\u00e9e<\/strong><\/td>\n<td><strong>\u00c9v\u00e9nement<\/strong><\/td>\n<td><strong>Gagnants<\/strong><\/td>\n<\/tr>\n<\/thead>\n<tbody>\n<tr>\n<td rowspan=\"2\">2025<\/td>\n<td><a href=\"https:\/\/cbf.ca\/wp-content\/uploads\/2025\/04\/HelenShields2025-Results-Report-Final.pdf\" target=\"_blank\" rel=\"noopener\">Helen Shields<\/a><\/td>\n<td><strong><span data-olk-copy-source=\"MessageBody\">Boyd Wells &#8211; Margie Hutt<\/span><\/strong>\u00a0(<span data-olk-copy-source=\"MessageBody\">Truro DBC<\/span>)<\/td>\n<\/tr>\n<tr>\n<td><a href=\"https:\/\/cbf.ca\/wp-content\/uploads\/2025\/10\/2025-EBerry_All-Categories.pdf\" target=\"_blank\" rel=\"noopener\">Erin Berry<\/a><\/td>\n<td><strong>Rick Jenkins \u2013 Cheryl Forth<\/strong>\u00a0(MO Community Bridge Club)<\/td>\n<\/tr>\n<tr>\n<td rowspan=\"2\">2024<\/td>\n<td><a href=\"https:\/\/cbf.ca\/wp-content\/uploads\/2024\/04\/2024HelenShieldsResultsb.pdf\" target=\"_blank\" rel=\"noopener\">Helen Shields<\/a><\/td>\n<td><strong>Gary Parker &#8211; Pat MacCrimmon (Bridge Manitoba)<\/strong><\/td>\n<\/tr>\n<tr>\n<td><a href=\"https:\/\/cbf.ca\/wp-content\/uploads\/2024\/10\/ErinBerry2024-Results-Canada-wide.pdf\" target=\"_blank\" rel=\"noopener\">Erin Berry<\/a><\/td>\n<td><strong>Rich Grieman &#8211; Mark Cherry<\/strong> (Regina Bridge Club)<\/td>\n<\/tr>\n<tr>\n<td rowspan=\"2\">2023<\/td>\n<td><a style=\"pointer-events: none;\" href=\"https:\/\/cbf.ca\/wp-content\/uploads\/2023\/09\/HS2023-Canada-Zone.pdf\" target=\"_blank\" rel=\"noreferrer noopener\">Helen Shields<\/a><\/td>\n<td><strong>Audrey Moffat &#8211; Kit Hilton<\/strong> (Peterborough Bridge Club)<\/td>\n<\/tr>\n<tr>\n<td><a href=\"https:\/\/cbf.ca\/wp-content\/uploads\/2023\/10\/ErinBerry2023-Top25Canada_Top5Zones.pdf\" target=\"_blank\" rel=\"noopener\">Erin Berry<\/a><\/td>\n<td><strong>Trevor Dundas &#8211; Al Locklin<\/strong> (Peterborough Bridge Club)<\/td>\n<\/tr>\n<tr>\n<td rowspan=\"2\">2019<\/td>\n<td><a style=\"pointer-events: none;\" href=\"https:\/\/cbf.ca\/wp-content\/uploads\/2023\/09\/HS2019-Canada-Zone-Clubs.pdf\" target=\"_blank\" rel=\"noopener\">Helen Shields<\/a><\/td>\n<td><strong>Ganesan Sekhar &#8211; Signy Stewart <\/strong>(Bridge Manitoba)<\/td>\n<\/tr>\n<tr>\n<td><a style=\"pointer-events: none;\" href=\"https:\/\/cbf.ca\/wp-content\/uploads\/2019\/11\/Canada-Wide-Result-EB2019v2.pdf\" target=\"_blank\" rel=\"noopener\">Erin Berry<\/a><\/td>\n<td><strong>Michael Levine &#8211; Oscar Schon<\/strong> (Hart House Bridge Club)<\/td>\n<\/tr>\n<tr>\n<td rowspan=\"2\">2018<\/td>\n<td><a style=\"pointer-events: none;\" href=\"https:\/\/cbf.ca\/wp-content\/uploads\/2023\/09\/HS2018-Canada-Zone-Club.pdf\" target=\"_blank\" rel=\"noreferrer noopener\">Helen Shields<\/a><\/td>\n<td><strong>Yu Li &#8211; Dorian Shillinglord<\/strong> (Hart House Bridge Club)<\/td>\n<\/tr>\n<tr>\n<td><a style=\"pointer-events: none;\" href=\"https:\/\/cbf.ca\/wp-content\/uploads\/2023\/09\/EB2018-Canada-Zone-Club.pdf\" target=\"_blank\" rel=\"noreferrer noopener\">Erin Berry<\/a><\/td>\n<td><strong>Linda Connell &#8211; Gary Naugler <\/strong>(Saskatoon Bridge Club)<\/td>\n<\/tr>\n<tr>\n<td rowspan=\"2\">2017<\/td>\n<td><a style=\"pointer-events: none;\" href=\"https:\/\/cbf.ca\/wp-content\/uploads\/2023\/09\/HS2017-Canada-Zone.pdf\" target=\"_blank\" rel=\"noreferrer noopener\">Helen Shields<\/a><\/td>\n<td><strong>Tony Thickett &#8211; Annie McKenzie<\/strong> (Powell River Duplicate BC)<br \/><strong>Gail Fennell &#8211; Jeanette Zagwyn<\/strong> (Powell River Duplicate BC)<\/td>\n<\/tr>\n<tr>\n<td><a style=\"pointer-events: none;\" href=\"https:\/\/cbf.ca\/wp-content\/uploads\/2023\/09\/EB2017-Canada-Zone.pdf\" target=\"_blank\" rel=\"noreferrer noopener\">Erin Berry<\/a><\/td>\n<td><strong>Roy Landry &#8211; Paul\u00a0Huber <\/strong>(Halifax Bridge World NS)<\/td>\n<\/tr>\n<tr>\n<td rowspan=\"2\">2016<\/td>\n<td><a style=\"pointer-events: none;\" href=\"https:\/\/cbf.ca\/wp-content\/uploads\/2016\/06\/2016-Helen-Shields.pdf\">Helen Shields<\/a><\/td>\n<td><strong>Charlie MacIntyre\u00a0&#8211; Wayne Hines <\/strong>(Truro Club ON)<\/td>\n<\/tr>\n<tr>\n<td><a style=\"pointer-events: none;\" href=\"https:\/\/cbf.ca\/wp-content\/uploads\/2016\/11\/EBClubInfo2016.pdf\">Erin Berry<\/a><\/td>\n<td><strong>Kathy Chapman &#8211; Keith Taylor <\/strong>(Halifax Bridge World NS)<\/td>\n<\/tr>\n<tr>\n<td rowspan=\"2\">2015<\/td>\n<td><a style=\"pointer-events: none;\" href=\"https:\/\/cbf.ca\/wp-content\/uploads\/2015\/12\/HS2015results.pdf\">Helen Shields<\/a><\/td>\n<td><strong>Gord Pippy &#8211; Jim Pietryk<\/strong> (Bridge Manitoba MB)<\/td>\n<\/tr>\n<tr>\n<td><a style=\"pointer-events: none;\" href=\"https:\/\/cbf.ca\/wp-content\/uploads\/2015\/12\/EB2015Results.pdf\">Erin Berry<\/a><\/td>\n<td><strong>Robert Jarvis &#8211; Nora Sypes<\/strong> (Bridge Centre of Niagara ON)<\/td>\n<\/tr>\n<tr>\n<td rowspan=\"2\">2014<\/td>\n<td><a style=\"pointer-events: none;\" href=\"https:\/\/cbf.ca\/wp-content\/uploads\/2023\/09\/HS2014.pdf\" target=\"_blank\" rel=\"noopener\">Helen Shields<\/a><\/td>\n<td><strong>Aubrey Ford &#8211; Steve Burns<\/strong> (Orillia DBC ON)<\/td>\n<\/tr>\n<tr>\n<td><a style=\"pointer-events: none;\" href=\"https:\/\/cbf.ca\/wp-content\/uploads\/2023\/09\/EB2014Results.pdf\" target=\"_blank\" rel=\"noopener\">Erin Berry<\/a><\/td>\n<td><strong>Janet Corkum &#8211; Helen Prowse <\/strong>(Halifax Bridge World NS)<\/td>\n<\/tr>\n<tr>\n<td rowspan=\"2\">2013<\/td>\n<td><a style=\"pointer-events: none;\" href=\"https:\/\/cbf.ca\/wp-content\/uploads\/2023\/09\/HS2013results.pdf\" target=\"_blank\" rel=\"noopener\">Helen Shields<\/a><\/td>\n<td><strong>Jean Brach &#8211; John Silver <\/strong>(Powell River Duplicate BC)<\/td>\n<\/tr>\n<tr>\n<td>Erin Berry<\/td>\n<td><strong>Diane Desroches &#8211; Mireille Maisonneuve<\/strong> (Gatineau QC)<\/td>\n<\/tr>\n<tr>\n<td rowspan=\"2\">2012<\/td>\n<td>Helen Shields<\/td>\n<td><strong>Connie Glube &#8211; Joeanne Coffey<\/strong> (Maritime Cards &amp; Games NS)<\/td>\n<\/tr>\n<tr>\n<td><a style=\"pointer-events: none;\" href=\"https:\/\/cbf.ca\/wp-content\/uploads\/2023\/09\/EB2012results.pdf\" target=\"_blank\" rel=\"noopener\">Erin Berry<\/a><\/td>\n<td><strong>Karen Wood &#8211; Bette Gallander<\/strong> (Capital City BC)<\/td>\n<\/tr>\n<tr>\n<td rowspan=\"2\">2011<\/td>\n<td>Helen Shields<\/td>\n<td><strong>Sheila Marcantonio &#8211; Jeremy Smee<\/strong> (St. Catharines ON)<\/td>\n<\/tr>\n<tr>\n<td><a style=\"pointer-events: none;\" href=\"https:\/\/cbf.ca\/wp-content\/uploads\/2023\/09\/EB2011results.pdf\" target=\"_blank\" rel=\"noopener\">Erin Berry<\/a><\/td>\n<td><strong>Elaine Crocker &amp; Lynne Monar <\/strong>(Saskatoon SK)<\/td>\n<\/tr>\n<tr>\n<td rowspan=\"2\">2010<\/td>\n<td><a style=\"pointer-events: none;\" href=\"https:\/\/cbf.ca\/wp-content\/uploads\/2023\/09\/HS2010results_rev.pdf\" target=\"_blank\" rel=\"noopener\">Helen Shields<\/a><\/td>\n<td><strong>Gilles Berthiaume &#8211; Stephane Leblanc<\/strong> (Du Parc QC)<\/td>\n<\/tr>\n<tr>\n<td><a style=\"pointer-events: none;\" href=\"https:\/\/cbf.ca\/wp-content\/uploads\/2023\/09\/EB2010results.pdf\" target=\"_blank\" rel=\"noopener\">Erin Berry<\/a><\/td>\n<td><strong>Bill Wang &#8211; Huan Zhao<\/strong> (Vancouver BC)<\/td>\n<\/tr>\n<tr>\n<td rowspan=\"2\">2009<\/td>\n<td><a style=\"pointer-events: none;\" href=\"https:\/\/cbf.ca\/wp-content\/uploads\/2023\/09\/HS2009-results.pdf\" target=\"_blank\" rel=\"noopener\">Helen Shields<\/a><\/td>\n<td><strong>Laurie Montgomery &#8211; Leigh Ives<\/strong> (Barrie BC)<\/td>\n<\/tr>\n<tr>\n<td><a style=\"pointer-events: none;\" href=\"https:\/\/cbf.ca\/wp-content\/uploads\/2023\/09\/EB2009results-CP.htm\" target=\"_blank\" rel=\"noopener\">Erin Berry<\/a><\/td>\n<td><strong>Marianne Johnson &#8211; Deloris Ankrom<\/strong> (Tuxedo BC)<\/td>\n<\/tr>\n<tr>\n<td rowspan=\"2\">2008<\/td>\n<td><a style=\"pointer-events: none;\" href=\"https:\/\/cbf.ca\/wp-content\/uploads\/2023\/09\/HS2008results-CP.htm\" target=\"_blank\" rel=\"noopener\">Helen Shields<\/a><\/td>\n<td><strong>Edgar Wolman &#8211; Alan Stern<\/strong> (Halifax Bridge World NS)<\/td>\n<\/tr>\n<tr>\n<td><a style=\"pointer-events: none;\" href=\"https:\/\/cbf.ca\/wp-content\/uploads\/2023\/09\/EB2008-Reults-CP.html\" target=\"_blank\" rel=\"noopener\">Erin Berry<\/a><\/td>\n<td><strong>Warren Hulme &#8211; Jean Brett<\/strong> (Rideau BC)<\/td>\n<\/tr>\n<tr>\n<td rowspan=\"2\">2007<\/td>\n<td><a style=\"pointer-events: none;\" href=\"https:\/\/cbf.ca\/wp-content\/uploads\/2023\/09\/HS2007results-CP.pdf\" target=\"_blank\" rel=\"noopener\">Helen Shields<\/a><\/td>\n<td>J<strong>ames Duffus &#8211; Edith Vehrs<\/strong> (Tillsonburg ON)<\/td>\n<\/tr>\n<tr>\n<td><a style=\"pointer-events: none;\" href=\"https:\/\/cbf.ca\/wp-content\/uploads\/2023\/09\/EB2007results-CP.pdf\" target=\"_blank\" rel=\"noopener\">Erin Berry<\/a><\/td>\n<td><strong>Lyse Seguin &#8211; Carole Berry<\/strong> (Rideau BC)<\/td>\n<\/tr>\n<tr>\n<td rowspan=\"2\">2006<\/td>\n<td><a style=\"pointer-events: none;\" href=\"https:\/\/cbf.ca\/wp-content\/uploads\/2023\/09\/HS2006results-CP.pdf\" target=\"_blank\" rel=\"noopener\">Helen Shields<\/a><\/td>\n<td><strong>Lionel Carriere &amp; Catherine Marko<\/strong> (Ottawa Bridge Centre)<\/td>\n<\/tr>\n<tr>\n<td><a style=\"pointer-events: none;\" href=\"https:\/\/cbf.ca\/wp-content\/uploads\/2023\/09\/EB2006results-CP.pdf\" target=\"_blank\" rel=\"noopener\">Erin Berry<\/a><\/td>\n<td><strong>Lois Dalflyen &#8211; Glenda McGrath<\/strong> (Campbell River B)<\/td>\n<\/tr>\n<tr>\n<td rowspan=\"2\">2005<\/td>\n<td><a style=\"pointer-events: none;\" href=\"https:\/\/cbf.ca\/wp-content\/uploads\/2023\/09\/HS2005results-CP.pdf\" target=\"_blank\" rel=\"noopener\">Helen Shields<\/a><\/td>\n<td><strong>Jean Pollischuk &#8211; Dorothy Erickson<\/strong> (Bridge Centre of Niagara)<\/td>\n<\/tr>\n<tr>\n<td><a style=\"pointer-events: none;\" href=\"https:\/\/cbf.ca\/wp-content\/uploads\/2023\/09\/EB2005results-CP.pdf\" target=\"_blank\" rel=\"noopener\">Erin Berry<\/a><\/td>\n<td><strong>M. Kearsly &#8211; John Valliant<\/strong> (Ottawa Bridge Center)<\/td>\n<\/tr>\n<tr>\n<td rowspan=\"2\">2004<\/td>\n<td><a style=\"pointer-events: none;\" href=\"https:\/\/cbf.ca\/wp-content\/uploads\/2023\/09\/HS2004results-CP.pdf\" target=\"_blank\" rel=\"noopener\">Helen Shields<\/a><\/td>\n<td><strong>Louise Eastwood &#8211; Stuart Eastwood<\/strong> (Maritime Cards &amp; Games)_<\/td>\n<\/tr>\n<tr>\n<td><a style=\"pointer-events: none;\" href=\"https:\/\/cbf.ca\/wp-content\/uploads\/2023\/09\/EB2004results-CP.pdf\" target=\"_blank\" rel=\"noopener\">Erin Berry<\/a><\/td>\n<td><strong>A. Berlanguet &#8211; Sheila Carnegie<\/strong> (Red Deer DBC)<\/td>\n<\/tr>\n<\/tbody>\n<\/table>\n<\/div>","protected":false},"excerpt":{"rendered":"<p>Tournois canadiens Ma\u00eetes-Novices Les tournois canadiens ma\u00eetres-novices ont lieu deux fois par ann\u00e9e, au printemps et \u00e0 l&rsquo;automne, dans des clubs partout au Canada. Au moins une personne\u00a0de chaque paire doit avoir moins de 100 points de ma\u00eetre pour y jouer. Helen Shields est le tournoi ma\u00eetres-novices du printemps. Le tournoi est nomm\u00e9 en l\u2019honneur<br><a class=\"moretag signature-animation\" href=\"https:\/\/cbf.ca\/fr\/evenements\/tournois-maitres-novices-old\/\">CONTINUER LA LECTURE<\/a>","protected":false},"author":1,"featured_media":0,"parent":3451,"menu_order":0,"comment_status":"closed","ping_status":"closed","template":"","meta":{"footnotes":""},"yoast_head":"<!-- This site is optimized with the Yoast SEO plugin v22.3 - https:\/\/yoast.com\/wordpress\/plugins\/seo\/ -->\n<title>Tounois canadiens ma\u00eetres-novices - Canadian Bridge Federation<\/title>\n<meta name=\"robots\" content=\"index, follow, max-snippet:-1, max-image-preview:large, max-video-preview:-1\" \/>\n<link rel=\"canonical\" href=\"https:\/\/cbf.ca\/fr\/evenements\/tournois-maitres-novices-old\/\" \/>\n<meta property=\"og:locale\" content=\"fr_FR\" \/>\n<meta property=\"og:type\" content=\"article\" \/>\n<meta property=\"og:title\" content=\"Tounois canadiens ma\u00eetres-novices - Canadian Bridge Federation\" \/>\n<meta property=\"og:description\" content=\"Tournois canadiens Ma\u00eetes-Novices Les tournois canadiens ma\u00eetres-novices ont lieu deux fois par ann\u00e9e, au printemps et \u00e0 l&rsquo;automne, dans des clubs partout au Canada. Au moins une personne\u00a0de chaque paire doit avoir moins de 100 points de ma\u00eetre pour y jouer. Helen Shields est le tournoi ma\u00eetres-novices du printemps. Le tournoi est nomm\u00e9 en l\u2019honneur\" \/>\n<meta property=\"og:url\" content=\"https:\/\/cbf.ca\/fr\/evenements\/tournois-maitres-novices-old\/\" \/>\n<meta property=\"og:site_name\" content=\"Canadian Bridge Federation\" \/>\n<meta property=\"article:publisher\" content=\"https:\/\/www.facebook.com\/Canadian.Bridge.Federation\/\" \/>\n<meta property=\"article:modified_time\" content=\"2026-04-03T20:11:33+00:00\" \/>\n<meta name=\"twitter:label1\" content=\"Dur\u00e9e de lecture estim\u00e9e\" \/>\n\t<meta name=\"twitter:data1\" content=\"5 minutes\" \/>\n<script type=\"application\/ld+json\" class=\"yoast-schema-graph\">{\"@context\":\"https:\/\/schema.org\",\"@graph\":[{\"@type\":\"WebPage\",\"@id\":\"https:\/\/cbf.ca\/fr\/evenements\/tournois-maitres-novices-old\/\",\"url\":\"https:\/\/cbf.ca\/fr\/evenements\/tournois-maitres-novices-old\/\",\"name\":\"Tounois canadiens ma\u00eetres-novices - Canadian Bridge Federation\",\"isPartOf\":{\"@id\":\"https:\/\/cbf.ca\/#website\"},\"datePublished\":\"2014-09-03T19:29:56+00:00\",\"dateModified\":\"2026-04-03T20:11:33+00:00\",\"breadcrumb\":{\"@id\":\"https:\/\/cbf.ca\/fr\/evenements\/tournois-maitres-novices-old\/#breadcrumb\"},\"inLanguage\":\"fr-FR\",\"potentialAction\":[{\"@type\":\"ReadAction\",\"target\":[\"https:\/\/cbf.ca\/fr\/evenements\/tournois-maitres-novices-old\/\"]}]},{\"@type\":\"BreadcrumbList\",\"@id\":\"https:\/\/cbf.ca\/fr\/evenements\/tournois-maitres-novices-old\/#breadcrumb\",\"itemListElement\":[{\"@type\":\"ListItem\",\"position\":1,\"name\":\"Home\",\"item\":\"https:\/\/cbf.ca\/\"},{\"@type\":\"ListItem\",\"position\":2,\"name\":\"\u00c9v\u00e9nements\",\"item\":\"https:\/\/cbf.ca\/fr\/evenements\/\"},{\"@type\":\"ListItem\",\"position\":3,\"name\":\"Tounois canadiens ma\u00eetres-novices\"}]},{\"@type\":\"WebSite\",\"@id\":\"https:\/\/cbf.ca\/#website\",\"url\":\"https:\/\/cbf.ca\/\",\"name\":\"Canadian Bridge Federation\",\"description\":\"F\u00e9d\u00e9ration canadienne de bridge\",\"potentialAction\":[{\"@type\":\"SearchAction\",\"target\":{\"@type\":\"EntryPoint\",\"urlTemplate\":\"https:\/\/cbf.ca\/?s={search_term_string}\"},\"query-input\":\"required name=search_term_string\"}],\"inLanguage\":\"fr-FR\"}]}<\/script>\n<!-- \/ Yoast SEO plugin. -->","yoast_head_json":{"title":"Tounois canadiens ma\u00eetres-novices - Canadian Bridge Federation","robots":{"index":"index","follow":"follow","max-snippet":"max-snippet:-1","max-image-preview":"max-image-preview:large","max-video-preview":"max-video-preview:-1"},"canonical":"https:\/\/cbf.ca\/fr\/evenements\/tournois-maitres-novices-old\/","og_locale":"fr_FR","og_type":"article","og_title":"Tounois canadiens ma\u00eetres-novices - Canadian Bridge Federation","og_description":"Tournois canadiens Ma\u00eetes-Novices Les tournois canadiens ma\u00eetres-novices ont lieu deux fois par ann\u00e9e, au printemps et \u00e0 l&rsquo;automne, dans des clubs partout au Canada. Au moins une personne\u00a0de chaque paire doit avoir moins de 100 points de ma\u00eetre pour y jouer. Helen Shields est le tournoi ma\u00eetres-novices du printemps. Le tournoi est nomm\u00e9 en l\u2019honneur","og_url":"https:\/\/cbf.ca\/fr\/evenements\/tournois-maitres-novices-old\/","og_site_name":"Canadian Bridge Federation","article_publisher":"https:\/\/www.facebook.com\/Canadian.Bridge.Federation\/","article_modified_time":"2026-04-03T20:11:33+00:00","twitter_misc":{"Dur\u00e9e de lecture estim\u00e9e":"5 minutes"},"schema":{"@context":"https:\/\/schema.org","@graph":[{"@type":"WebPage","@id":"https:\/\/cbf.ca\/fr\/evenements\/tournois-maitres-novices-old\/","url":"https:\/\/cbf.ca\/fr\/evenements\/tournois-maitres-novices-old\/","name":"Tounois canadiens ma\u00eetres-novices - Canadian Bridge Federation","isPartOf":{"@id":"https:\/\/cbf.ca\/#website"},"datePublished":"2014-09-03T19:29:56+00:00","dateModified":"2026-04-03T20:11:33+00:00","breadcrumb":{"@id":"https:\/\/cbf.ca\/fr\/evenements\/tournois-maitres-novices-old\/#breadcrumb"},"inLanguage":"fr-FR","potentialAction":[{"@type":"ReadAction","target":["https:\/\/cbf.ca\/fr\/evenements\/tournois-maitres-novices-old\/"]}]},{"@type":"BreadcrumbList","@id":"https:\/\/cbf.ca\/fr\/evenements\/tournois-maitres-novices-old\/#breadcrumb","itemListElement":[{"@type":"ListItem","position":1,"name":"Home","item":"https:\/\/cbf.ca\/"},{"@type":"ListItem","position":2,"name":"\u00c9v\u00e9nements","item":"https:\/\/cbf.ca\/fr\/evenements\/"},{"@type":"ListItem","position":3,"name":"Tounois canadiens ma\u00eetres-novices"}]},{"@type":"WebSite","@id":"https:\/\/cbf.ca\/#website","url":"https:\/\/cbf.ca\/","name":"Canadian Bridge Federation","description":"F\u00e9d\u00e9ration canadienne de bridge","potentialAction":[{"@type":"SearchAction","target":{"@type":"EntryPoint","urlTemplate":"https:\/\/cbf.ca\/?s={search_term_string}"},"query-input":"required name=search_term_string"}],"inLanguage":"fr-FR"}]}},"_links":{"self":[{"href":"https:\/\/cbf.ca\/fr\/wp-json\/wp\/v2\/pages\/3460"}],"collection":[{"href":"https:\/\/cbf.ca\/fr\/wp-json\/wp\/v2\/pages"}],"about":[{"href":"https:\/\/cbf.ca\/fr\/wp-json\/wp\/v2\/types\/page"}],"author":[{"embeddable":true,"href":"https:\/\/cbf.ca\/fr\/wp-json\/wp\/v2\/users\/1"}],"replies":[{"embeddable":true,"href":"https:\/\/cbf.ca\/fr\/wp-json\/wp\/v2\/comments?post=3460"}],"version-history":[{"count":124,"href":"https:\/\/cbf.ca\/fr\/wp-json\/wp\/v2\/pages\/3460\/revisions"}],"predecessor-version":[{"id":37899,"href":"https:\/\/cbf.ca\/fr\/wp-json\/wp\/v2\/pages\/3460\/revisions\/37899"}],"up":[{"embeddable":true,"href":"https:\/\/cbf.ca\/fr\/wp-json\/wp\/v2\/pages\/3451"}],"wp:attachment":[{"href":"https:\/\/cbf.ca\/fr\/wp-json\/wp\/v2\/media?parent=3460"}],"curies":[{"name":"wp","href":"https:\/\/api.w.org\/{rel}","templated":true}]}}