{"id":3458,"date":"2014-09-03T23:30:15","date_gmt":"2014-09-03T19:30:15","guid":{"rendered":"http:\/\/cbf.ca\/?page_id=3458"},"modified":"2026-02-24T22:46:43","modified_gmt":"2026-02-24T18:46:43","slug":"stac-pancanadien-de-la-fcb","status":"publish","type":"page","link":"https:\/\/cbf.ca\/fr\/evenements\/parties-de-club\/stac-pancanadien-de-la-fcb\/","title":{"rendered":"STaC pancanadien de la FCB"},"content":{"rendered":"<p style=\"text-align: justify;\">STaC est l\u2019acronyme de Tournoi sectionnel dans les clubs (Sectional at Clubs), un type particulier de tournoi sectionnel. Il est cot\u00e9 comme sectionnel et se joue sur une p\u00e9riode de plusieurs jours dans un certain nombre de clubs d\u2019une r\u00e9gion sp\u00e9cifique. Les points de ma\u00eetre attribu\u00e9s \u00e0 ce type de tournoi sont des points d\u2019argent.<\/p>\n<p style=\"text-align: justify;\">Les r\u00e9sultats de toutes les parties sont envoy\u00e9s au directeur responsable de l\u2019\u00e9v\u00e9nement. Les r\u00e9sultats de section sont d\u00e9termin\u00e9s en comparant les r\u00e9sultats du jeu \u00e0 l\u2019int\u00e9rieur de chaque club. Les gagnants globaux d\u2019une \u00e9preuve de paires sont d\u00e9termin\u00e9s en comparant les r\u00e9sultats de toutes les parties effectu\u00e9es lors d\u2019une session particuli\u00e8re, comme si toutes les parties avaient \u00e9t\u00e9 jou\u00e9es au m\u00eame endroit. Les r\u00e9sultats du STaC sont t\u00e9l\u00e9charg\u00e9s directement sur la page de r\u00e9sultats de l\u2019ACBL. Par cons\u00e9quent, les r\u00e9sultats sont disponibles rapidement et les mises \u00e0 jour sont automatiques.<\/p>\n<p>Le STaC PanCanadien de la FCB est jou\u00e9 partout au pays dans des clubs qui s&rsquo;y inscrivent, et il\u00a0se d\u00e9roule habituellement \u00e0 la mi-f\u00e9vrier.<\/p>\n<h3><strong><span style=\"color: #008000;\">STaC 2026 &#8211; 16-22 f\u00e9vrier 2026 <\/span><\/strong><\/h3>\n<p style=\"padding-left: 40px;\">Clubs participants &#8211; R\u00e9sultats : <a href=\"https:\/\/tournaments.acbl.org\/schedule.php?sanction=2602506\" target=\"_blank\" rel=\"noopener\"><strong>Lien au site de l&rsquo;ACBL<\/strong><\/a><\/p>\n<h3><strong>Ann\u00e9es pass\u00e9es<\/strong><\/h3>\n<p><span style=\"color: #ff0000;\"><strong>STaC 2026<\/strong><\/span> &#8211; 16 au 22 f\u00e9vrier 2026 &#8211; <a href=\"https:\/\/tournaments.acbl.org\/schedule.php?sanction=2602506\" target=\"_blank\" rel=\"noopener\">R\u00e9sultats<\/a><\/p>\n<p><span style=\"color: #ff0000;\"><strong>STaC 2025<\/strong><\/span> &#8211; 17 au 23 f\u00e9vrier 2025 &#8211; <a href=\"https:\/\/tournaments.acbl.org\/schedule.php?sanction=2502510#schedule\" target=\"_blank\" rel=\"noopener\">R\u00e9sultats<\/a><\/p>\n<p><span style=\"color: #ff0000;\"><strong>STaC 2024<\/strong><\/span> &#8211; 12 au 18 f\u00e9vrier 2024 &#8211; <a href=\"https:\/\/tournaments.acbl.org\/schedule.php?sanction=2402501\" target=\"_blank\" rel=\"noopener\">R\u00e9sultats<\/a><\/p>\n<p><span style=\"color: #ff0000;\"><strong>STaC 2023<\/strong><\/span> &#8211; 13 au 19 f\u00e9vrier 2023 &#8211; <a href=\"https:\/\/tournaments.acbl.org\/schedule.php?sanction=2302504\" target=\"_blank\" rel=\"noopener\">R\u00e9sultats<\/a><\/p>\n<p><span style=\"color: #ff0000;\"><strong>STaC 2022<\/strong><\/span> &#8211; 14 au 20 f\u00e9vrier 2022<\/p>\n<p><span style=\"color: #ff0000;\"><strong>STaC 2021<\/strong><\/span> &#8211; 8 au 14 f\u00e9vrier 2021 &#8211; Annul\u00e9<\/p>\n<p><span style=\"color: #ff0000;\"><strong>STaC 2020<span style=\"color: #000000;\"> &#8211; <\/span><\/strong><\/span>10 au 16 f\u00e9vrier 2020 &#8211; <a href=\"https:\/\/tournaments.acbl.org\/schedule.php?sanction=2002502#schedule\" target=\"_blank\" rel=\"noopener\">R\u00e9sultats<\/a><\/p>\n<p><span style=\"color: #ff0000;\"><strong>STaC 2019<\/strong><\/span>\u00a0&#8211; 11 au 17 f\u00e9vrier 2019 &#8211; <a href=\"https:\/\/tournaments.acbl.org\/schedule.php?sanction=1902045#schedule\" target=\"_blank\" rel=\"noopener\">R\u00e9sultats<\/a><\/p>\n","protected":false},"excerpt":{"rendered":"<p>STaC est l\u2019acronyme de Tournoi sectionnel dans les clubs (Sectional at Clubs), un type particulier de tournoi sectionnel. Il est cot\u00e9 comme sectionnel et se joue sur une p\u00e9riode de plusieurs jours dans un certain nombre de clubs d\u2019une r\u00e9gion sp\u00e9cifique. Les points de ma\u00eetre attribu\u00e9s \u00e0 ce type de tournoi sont des points d\u2019argent.<br><a class=\"moretag signature-animation\" href=\"https:\/\/cbf.ca\/fr\/evenements\/parties-de-club\/stac-pancanadien-de-la-fcb\/\">CONTINUER LA LECTURE<\/a>","protected":false},"author":1,"featured_media":0,"parent":3453,"menu_order":0,"comment_status":"closed","ping_status":"closed","template":"","meta":{"footnotes":""},"yoast_head":"<!-- This site is optimized with the Yoast SEO plugin v22.3 - https:\/\/yoast.com\/wordpress\/plugins\/seo\/ -->\n<title>STaC pancanadien de la FCB - Canadian Bridge Federation<\/title>\n<meta name=\"robots\" content=\"index, follow, max-snippet:-1, max-image-preview:large, max-video-preview:-1\" \/>\n<link rel=\"canonical\" href=\"https:\/\/cbf.ca\/fr\/evenements\/parties-de-club\/stac-pancanadien-de-la-fcb\/\" \/>\n<meta property=\"og:locale\" content=\"fr_FR\" \/>\n<meta property=\"og:type\" content=\"article\" \/>\n<meta property=\"og:title\" content=\"STaC pancanadien de la FCB - Canadian Bridge Federation\" \/>\n<meta property=\"og:description\" content=\"STaC est l\u2019acronyme de Tournoi sectionnel dans les clubs (Sectional at Clubs), un type particulier de tournoi sectionnel. Il est cot\u00e9 comme sectionnel et se joue sur une p\u00e9riode de plusieurs jours dans un certain nombre de clubs d\u2019une r\u00e9gion sp\u00e9cifique. Les points de ma\u00eetre attribu\u00e9s \u00e0 ce type de tournoi sont des points d\u2019argent.\" \/>\n<meta property=\"og:url\" content=\"https:\/\/cbf.ca\/fr\/evenements\/parties-de-club\/stac-pancanadien-de-la-fcb\/\" \/>\n<meta property=\"og:site_name\" content=\"Canadian Bridge Federation\" \/>\n<meta property=\"article:publisher\" content=\"https:\/\/www.facebook.com\/Canadian.Bridge.Federation\/\" \/>\n<meta property=\"article:modified_time\" content=\"2026-02-24T18:46:43+00:00\" \/>\n<meta name=\"twitter:label1\" content=\"Dur\u00e9e de lecture estim\u00e9e\" \/>\n\t<meta name=\"twitter:data1\" content=\"2 minutes\" \/>\n<script type=\"application\/ld+json\" class=\"yoast-schema-graph\">{\"@context\":\"https:\/\/schema.org\",\"@graph\":[{\"@type\":\"WebPage\",\"@id\":\"https:\/\/cbf.ca\/fr\/evenements\/parties-de-club\/stac-pancanadien-de-la-fcb\/\",\"url\":\"https:\/\/cbf.ca\/fr\/evenements\/parties-de-club\/stac-pancanadien-de-la-fcb\/\",\"name\":\"STaC pancanadien de la FCB - Canadian Bridge Federation\",\"isPartOf\":{\"@id\":\"https:\/\/cbf.ca\/#website\"},\"datePublished\":\"2014-09-03T19:30:15+00:00\",\"dateModified\":\"2026-02-24T18:46:43+00:00\",\"breadcrumb\":{\"@id\":\"https:\/\/cbf.ca\/fr\/evenements\/parties-de-club\/stac-pancanadien-de-la-fcb\/#breadcrumb\"},\"inLanguage\":\"fr-FR\",\"potentialAction\":[{\"@type\":\"ReadAction\",\"target\":[\"https:\/\/cbf.ca\/fr\/evenements\/parties-de-club\/stac-pancanadien-de-la-fcb\/\"]}]},{\"@type\":\"BreadcrumbList\",\"@id\":\"https:\/\/cbf.ca\/fr\/evenements\/parties-de-club\/stac-pancanadien-de-la-fcb\/#breadcrumb\",\"itemListElement\":[{\"@type\":\"ListItem\",\"position\":1,\"name\":\"Home\",\"item\":\"https:\/\/cbf.ca\/\"},{\"@type\":\"ListItem\",\"position\":2,\"name\":\"\u00c9v\u00e9nements\",\"item\":\"https:\/\/cbf.ca\/fr\/evenements\/\"},{\"@type\":\"ListItem\",\"position\":3,\"name\":\"Parties de club\",\"item\":\"https:\/\/cbf.ca\/fr\/evenements\/parties-de-club\/\"},{\"@type\":\"ListItem\",\"position\":4,\"name\":\"STaC pancanadien de la FCB\"}]},{\"@type\":\"WebSite\",\"@id\":\"https:\/\/cbf.ca\/#website\",\"url\":\"https:\/\/cbf.ca\/\",\"name\":\"Canadian Bridge Federation\",\"description\":\"F\u00e9d\u00e9ration canadienne de bridge\",\"potentialAction\":[{\"@type\":\"SearchAction\",\"target\":{\"@type\":\"EntryPoint\",\"urlTemplate\":\"https:\/\/cbf.ca\/?s={search_term_string}\"},\"query-input\":\"required name=search_term_string\"}],\"inLanguage\":\"fr-FR\"}]}<\/script>\n<!-- \/ Yoast SEO plugin. -->","yoast_head_json":{"title":"STaC pancanadien de la FCB - Canadian Bridge Federation","robots":{"index":"index","follow":"follow","max-snippet":"max-snippet:-1","max-image-preview":"max-image-preview:large","max-video-preview":"max-video-preview:-1"},"canonical":"https:\/\/cbf.ca\/fr\/evenements\/parties-de-club\/stac-pancanadien-de-la-fcb\/","og_locale":"fr_FR","og_type":"article","og_title":"STaC pancanadien de la FCB - Canadian Bridge Federation","og_description":"STaC est l\u2019acronyme de Tournoi sectionnel dans les clubs (Sectional at Clubs), un type particulier de tournoi sectionnel. Il est cot\u00e9 comme sectionnel et se joue sur une p\u00e9riode de plusieurs jours dans un certain nombre de clubs d\u2019une r\u00e9gion sp\u00e9cifique. Les points de ma\u00eetre attribu\u00e9s \u00e0 ce type de tournoi sont des points d\u2019argent.","og_url":"https:\/\/cbf.ca\/fr\/evenements\/parties-de-club\/stac-pancanadien-de-la-fcb\/","og_site_name":"Canadian Bridge Federation","article_publisher":"https:\/\/www.facebook.com\/Canadian.Bridge.Federation\/","article_modified_time":"2026-02-24T18:46:43+00:00","twitter_misc":{"Dur\u00e9e de lecture estim\u00e9e":"2 minutes"},"schema":{"@context":"https:\/\/schema.org","@graph":[{"@type":"WebPage","@id":"https:\/\/cbf.ca\/fr\/evenements\/parties-de-club\/stac-pancanadien-de-la-fcb\/","url":"https:\/\/cbf.ca\/fr\/evenements\/parties-de-club\/stac-pancanadien-de-la-fcb\/","name":"STaC pancanadien de la FCB - Canadian Bridge Federation","isPartOf":{"@id":"https:\/\/cbf.ca\/#website"},"datePublished":"2014-09-03T19:30:15+00:00","dateModified":"2026-02-24T18:46:43+00:00","breadcrumb":{"@id":"https:\/\/cbf.ca\/fr\/evenements\/parties-de-club\/stac-pancanadien-de-la-fcb\/#breadcrumb"},"inLanguage":"fr-FR","potentialAction":[{"@type":"ReadAction","target":["https:\/\/cbf.ca\/fr\/evenements\/parties-de-club\/stac-pancanadien-de-la-fcb\/"]}]},{"@type":"BreadcrumbList","@id":"https:\/\/cbf.ca\/fr\/evenements\/parties-de-club\/stac-pancanadien-de-la-fcb\/#breadcrumb","itemListElement":[{"@type":"ListItem","position":1,"name":"Home","item":"https:\/\/cbf.ca\/"},{"@type":"ListItem","position":2,"name":"\u00c9v\u00e9nements","item":"https:\/\/cbf.ca\/fr\/evenements\/"},{"@type":"ListItem","position":3,"name":"Parties de club","item":"https:\/\/cbf.ca\/fr\/evenements\/parties-de-club\/"},{"@type":"ListItem","position":4,"name":"STaC pancanadien de la FCB"}]},{"@type":"WebSite","@id":"https:\/\/cbf.ca\/#website","url":"https:\/\/cbf.ca\/","name":"Canadian Bridge Federation","description":"F\u00e9d\u00e9ration canadienne de bridge","potentialAction":[{"@type":"SearchAction","target":{"@type":"EntryPoint","urlTemplate":"https:\/\/cbf.ca\/?s={search_term_string}"},"query-input":"required name=search_term_string"}],"inLanguage":"fr-FR"}]}},"_links":{"self":[{"href":"https:\/\/cbf.ca\/fr\/wp-json\/wp\/v2\/pages\/3458"}],"collection":[{"href":"https:\/\/cbf.ca\/fr\/wp-json\/wp\/v2\/pages"}],"about":[{"href":"https:\/\/cbf.ca\/fr\/wp-json\/wp\/v2\/types\/page"}],"author":[{"embeddable":true,"href":"https:\/\/cbf.ca\/fr\/wp-json\/wp\/v2\/users\/1"}],"replies":[{"embeddable":true,"href":"https:\/\/cbf.ca\/fr\/wp-json\/wp\/v2\/comments?post=3458"}],"version-history":[{"count":35,"href":"https:\/\/cbf.ca\/fr\/wp-json\/wp\/v2\/pages\/3458\/revisions"}],"predecessor-version":[{"id":37721,"href":"https:\/\/cbf.ca\/fr\/wp-json\/wp\/v2\/pages\/3458\/revisions\/37721"}],"up":[{"embeddable":true,"href":"https:\/\/cbf.ca\/fr\/wp-json\/wp\/v2\/pages\/3453"}],"wp:attachment":[{"href":"https:\/\/cbf.ca\/fr\/wp-json\/wp\/v2\/media?parent=3458"}],"curies":[{"name":"wp","href":"https:\/\/api.w.org\/{rel}","templated":true}]}}