{"id":3432,"date":"2014-09-03T23:57:25","date_gmt":"2014-09-03T19:57:25","guid":{"rendered":"http:\/\/cbf.ca\/?page_id=3432"},"modified":"2026-01-18T20:05:34","modified_gmt":"2026-01-18T16:05:34","slug":"reglements-de-la-fcb","status":"publish","type":"page","link":"https:\/\/cbf.ca\/fr\/propos-de-la-cbf\/reglements-de-la-fcb\/","title":{"rendered":"Statuts de la FCB"},"content":{"rendered":"\n\n\n<div class=\"cbf-policy-card\">\n  <div class=\"cbf-policy-header\">\n    <span class=\"cbf-policy-badge\">Gouvernance de la FCB<\/span>\n    <h2>R\u00e8glements de la F\u00e9d\u00e9ration canadienne de bridge<\/h2>\n    <p class=\"cbf-policy-meta\">Derni\u00e8re mise \u00e0 jour : <strong>2025<\/strong><\/p>\n  <\/div>\n\n  <div class=\"cbf-policy-body\">\n    <p>\n      Ces r\u00e8glements r\u00e9gissent la structure, la gouvernance et les activit\u00e9s de la F\u00e9d\u00e9ration canadienne de bridge, y compris le conseil d\u2019administration, l\u2019adh\u00e9sion, les proc\u00e9dures de vote et les comit\u00e9s.\n    <\/p>\n\n    <div class=\"cbf-policy-actions\">\n      <a href=\"https:\/\/cbf.ca\/wp-content\/uploads\/2026\/01\/ByLaws3_FR-Revised-2025.pdf\" class=\"cbf-policy-btn\" target=\"_blank\" rel=\"noopener\">\n         Lire en ligne\n      <\/a>\n\n      <a href=\"https:\/\/cbf.ca\/wp-content\/uploads\/2026\/01\/ByLaws3_FR-Revised-2025.pdf\" class=\"cbf-policy-btn cbf-policy-btn--outline\" download>\n        \u2b07\ufe0f T\u00e9l\u00e9charger le PDF\n      <\/a>\n    <\/div>\n  <\/div>\n<\/div>\n\n\n\n\n<style>\n\n.cbf-policy-card {\n  background:#ffffff;\n  border:1px solid #e6e6e6;\n  border-left:6px solid #C9A43B;\n  border-radius:14px;\n  padding:32px;\n  max-width:900px;\n  margin:40px auto 30px;\n  box-shadow:0 10px 28px rgba(0,0,0,.05);\n}\n\n.cbf-policy-header h2 {\n  font-family:Poppins, sans-serif;\n  margin:10px 0 6px;\n  font-size:1.7rem;\n  color:#111;\n}\n\n.cbf-policy-meta {\n  color:#777;\n  font-size:0.95rem;\n}\n\n.cbf-policy-badge {\n  display:inline-block;\n  background:#111;\n  color:#C9A43B;\n  padding:6px 12px;\n  border-radius:999px;\n  font-size:0.7rem;\n  letter-spacing:0.05em;\n  text-transform:uppercase;\n}\n\n.cbf-policy-body p {\n  margin:20px 0 28px;\n  line-height:1.7;\n  font-size:1.05rem;\n}\n\n.cbf-policy-btn {\n  display:inline-block;\n  background:#c00000;\n  color:#fff;\n  padding:14px 32px;\n  border-radius:30px;\n  font-weight:600;\n  text-decoration:none;\n  transition:.2s ease;\n}\n\n.cbf-policy-btn:hover {\n  background:#a00000;\n}\n\n\/* PDF Viewer *\/\n.cbf-pdf-wrap {\n  max-width:1000px;\n  margin:0 auto 60px;\n}\n\n.cbf-pdf-wrap iframe {\n  width:100%;\n  height:900px;\n  border:1px solid #ddd;\n  border-radius:12px;\n}\n<\/style>\n\n","protected":false},"excerpt":{"rendered":"<p>Gouvernance de la FCB R\u00e8glements de la F\u00e9d\u00e9ration canadienne de bridge Derni\u00e8re mise \u00e0 jour : 2025 Ces r\u00e8glements r\u00e9gissent la structure, la gouvernance et les activit\u00e9s de la F\u00e9d\u00e9ration canadienne de bridge, y compris le conseil d\u2019administration, l\u2019adh\u00e9sion, les proc\u00e9dures de vote et les comit\u00e9s. Lire en ligne \u2b07\ufe0f T\u00e9l\u00e9charger le PDF<br><a class=\"moretag signature-animation\" href=\"https:\/\/cbf.ca\/fr\/propos-de-la-cbf\/reglements-de-la-fcb\/\">CONTINUER LA LECTURE<\/a>","protected":false},"author":1,"featured_media":0,"parent":1975,"menu_order":0,"comment_status":"closed","ping_status":"closed","template":"","meta":{"footnotes":""},"yoast_head":"<!-- This site is optimized with the Yoast SEO plugin v22.3 - https:\/\/yoast.com\/wordpress\/plugins\/seo\/ -->\n<title>R\u00e8glements de la F\u00e9d\u00e9ration canadienne de bridge (2024) | Gouvernance FCB<\/title>\n<meta name=\"description\" content=\"R\u00e8glements officiels 2024 de la F\u00e9d\u00e9ration canadienne de bridge (FCB), r\u00e9gissant l\u2019adh\u00e9sion, les administrateurs, les votes et la gouvernance. T\u00e9l\u00e9charger ou lire en ligne.\" \/>\n<meta name=\"robots\" content=\"index, follow, max-snippet:-1, max-image-preview:large, max-video-preview:-1\" \/>\n<link rel=\"canonical\" href=\"https:\/\/cbf.ca\/fr\/propos-de-la-cbf\/reglements-de-la-fcb\/\" \/>\n<meta property=\"og:locale\" content=\"fr_FR\" \/>\n<meta property=\"og:type\" content=\"article\" \/>\n<meta property=\"og:title\" content=\"R\u00e8glements de la F\u00e9d\u00e9ration canadienne de bridge (2024) | Gouvernance FCB\" \/>\n<meta property=\"og:description\" content=\"R\u00e8glements officiels 2024 de la F\u00e9d\u00e9ration canadienne de bridge (FCB), r\u00e9gissant l\u2019adh\u00e9sion, les administrateurs, les votes et la gouvernance. T\u00e9l\u00e9charger ou lire en ligne.\" \/>\n<meta property=\"og:url\" content=\"https:\/\/cbf.ca\/fr\/propos-de-la-cbf\/reglements-de-la-fcb\/\" \/>\n<meta property=\"og:site_name\" content=\"Canadian Bridge Federation\" \/>\n<meta property=\"article:publisher\" content=\"https:\/\/www.facebook.com\/Canadian.Bridge.Federation\/\" \/>\n<meta property=\"article:modified_time\" content=\"2026-01-18T16:05:34+00:00\" \/>\n<meta name=\"twitter:label1\" content=\"Dur\u00e9e de lecture estim\u00e9e\" \/>\n\t<meta name=\"twitter:data1\" content=\"1 minute\" \/>\n<script type=\"application\/ld+json\" class=\"yoast-schema-graph\">{\"@context\":\"https:\/\/schema.org\",\"@graph\":[{\"@type\":\"WebPage\",\"@id\":\"https:\/\/cbf.ca\/fr\/propos-de-la-cbf\/reglements-de-la-fcb\/\",\"url\":\"https:\/\/cbf.ca\/fr\/propos-de-la-cbf\/reglements-de-la-fcb\/\",\"name\":\"R\u00e8glements de la F\u00e9d\u00e9ration canadienne de bridge (2024) | Gouvernance FCB\",\"isPartOf\":{\"@id\":\"https:\/\/cbf.ca\/#website\"},\"datePublished\":\"2014-09-03T19:57:25+00:00\",\"dateModified\":\"2026-01-18T16:05:34+00:00\",\"description\":\"R\u00e8glements officiels 2024 de la F\u00e9d\u00e9ration canadienne de bridge (FCB), r\u00e9gissant l\u2019adh\u00e9sion, les administrateurs, les votes et la gouvernance. T\u00e9l\u00e9charger ou lire en ligne.\",\"breadcrumb\":{\"@id\":\"https:\/\/cbf.ca\/fr\/propos-de-la-cbf\/reglements-de-la-fcb\/#breadcrumb\"},\"inLanguage\":\"fr-FR\",\"potentialAction\":[{\"@type\":\"ReadAction\",\"target\":[\"https:\/\/cbf.ca\/fr\/propos-de-la-cbf\/reglements-de-la-fcb\/\"]}]},{\"@type\":\"BreadcrumbList\",\"@id\":\"https:\/\/cbf.ca\/fr\/propos-de-la-cbf\/reglements-de-la-fcb\/#breadcrumb\",\"itemListElement\":[{\"@type\":\"ListItem\",\"position\":1,\"name\":\"Home\",\"item\":\"https:\/\/cbf.ca\/\"},{\"@type\":\"ListItem\",\"position\":2,\"name\":\"A propos de la FCB\",\"item\":\"https:\/\/cbf.ca\/fr\/propos-de-la-cbf\/\"},{\"@type\":\"ListItem\",\"position\":3,\"name\":\"Statuts de la FCB\"}]},{\"@type\":\"WebSite\",\"@id\":\"https:\/\/cbf.ca\/#website\",\"url\":\"https:\/\/cbf.ca\/\",\"name\":\"Canadian Bridge Federation\",\"description\":\"F\u00e9d\u00e9ration canadienne de bridge\",\"potentialAction\":[{\"@type\":\"SearchAction\",\"target\":{\"@type\":\"EntryPoint\",\"urlTemplate\":\"https:\/\/cbf.ca\/?s={search_term_string}\"},\"query-input\":\"required name=search_term_string\"}],\"inLanguage\":\"fr-FR\"}]}<\/script>\n<!-- \/ Yoast SEO plugin. -->","yoast_head_json":{"title":"R\u00e8glements de la F\u00e9d\u00e9ration canadienne de bridge (2024) | Gouvernance FCB","description":"R\u00e8glements officiels 2024 de la F\u00e9d\u00e9ration canadienne de bridge (FCB), r\u00e9gissant l\u2019adh\u00e9sion, les administrateurs, les votes et la gouvernance. T\u00e9l\u00e9charger ou lire en ligne.","robots":{"index":"index","follow":"follow","max-snippet":"max-snippet:-1","max-image-preview":"max-image-preview:large","max-video-preview":"max-video-preview:-1"},"canonical":"https:\/\/cbf.ca\/fr\/propos-de-la-cbf\/reglements-de-la-fcb\/","og_locale":"fr_FR","og_type":"article","og_title":"R\u00e8glements de la F\u00e9d\u00e9ration canadienne de bridge (2024) | Gouvernance FCB","og_description":"R\u00e8glements officiels 2024 de la F\u00e9d\u00e9ration canadienne de bridge (FCB), r\u00e9gissant l\u2019adh\u00e9sion, les administrateurs, les votes et la gouvernance. T\u00e9l\u00e9charger ou lire en ligne.","og_url":"https:\/\/cbf.ca\/fr\/propos-de-la-cbf\/reglements-de-la-fcb\/","og_site_name":"Canadian Bridge Federation","article_publisher":"https:\/\/www.facebook.com\/Canadian.Bridge.Federation\/","article_modified_time":"2026-01-18T16:05:34+00:00","twitter_misc":{"Dur\u00e9e de lecture estim\u00e9e":"1 minute"},"schema":{"@context":"https:\/\/schema.org","@graph":[{"@type":"WebPage","@id":"https:\/\/cbf.ca\/fr\/propos-de-la-cbf\/reglements-de-la-fcb\/","url":"https:\/\/cbf.ca\/fr\/propos-de-la-cbf\/reglements-de-la-fcb\/","name":"R\u00e8glements de la F\u00e9d\u00e9ration canadienne de bridge (2024) | Gouvernance FCB","isPartOf":{"@id":"https:\/\/cbf.ca\/#website"},"datePublished":"2014-09-03T19:57:25+00:00","dateModified":"2026-01-18T16:05:34+00:00","description":"R\u00e8glements officiels 2024 de la F\u00e9d\u00e9ration canadienne de bridge (FCB), r\u00e9gissant l\u2019adh\u00e9sion, les administrateurs, les votes et la gouvernance. T\u00e9l\u00e9charger ou lire en ligne.","breadcrumb":{"@id":"https:\/\/cbf.ca\/fr\/propos-de-la-cbf\/reglements-de-la-fcb\/#breadcrumb"},"inLanguage":"fr-FR","potentialAction":[{"@type":"ReadAction","target":["https:\/\/cbf.ca\/fr\/propos-de-la-cbf\/reglements-de-la-fcb\/"]}]},{"@type":"BreadcrumbList","@id":"https:\/\/cbf.ca\/fr\/propos-de-la-cbf\/reglements-de-la-fcb\/#breadcrumb","itemListElement":[{"@type":"ListItem","position":1,"name":"Home","item":"https:\/\/cbf.ca\/"},{"@type":"ListItem","position":2,"name":"A propos de la FCB","item":"https:\/\/cbf.ca\/fr\/propos-de-la-cbf\/"},{"@type":"ListItem","position":3,"name":"Statuts de la FCB"}]},{"@type":"WebSite","@id":"https:\/\/cbf.ca\/#website","url":"https:\/\/cbf.ca\/","name":"Canadian Bridge Federation","description":"F\u00e9d\u00e9ration canadienne de bridge","potentialAction":[{"@type":"SearchAction","target":{"@type":"EntryPoint","urlTemplate":"https:\/\/cbf.ca\/?s={search_term_string}"},"query-input":"required name=search_term_string"}],"inLanguage":"fr-FR"}]}},"_links":{"self":[{"href":"https:\/\/cbf.ca\/fr\/wp-json\/wp\/v2\/pages\/3432"}],"collection":[{"href":"https:\/\/cbf.ca\/fr\/wp-json\/wp\/v2\/pages"}],"about":[{"href":"https:\/\/cbf.ca\/fr\/wp-json\/wp\/v2\/types\/page"}],"author":[{"embeddable":true,"href":"https:\/\/cbf.ca\/fr\/wp-json\/wp\/v2\/users\/1"}],"replies":[{"embeddable":true,"href":"https:\/\/cbf.ca\/fr\/wp-json\/wp\/v2\/comments?post=3432"}],"version-history":[{"count":16,"href":"https:\/\/cbf.ca\/fr\/wp-json\/wp\/v2\/pages\/3432\/revisions"}],"predecessor-version":[{"id":37169,"href":"https:\/\/cbf.ca\/fr\/wp-json\/wp\/v2\/pages\/3432\/revisions\/37169"}],"up":[{"embeddable":true,"href":"https:\/\/cbf.ca\/fr\/wp-json\/wp\/v2\/pages\/1975"}],"wp:attachment":[{"href":"https:\/\/cbf.ca\/fr\/wp-json\/wp\/v2\/media?parent=3432"}],"curies":[{"name":"wp","href":"https:\/\/api.w.org\/{rel}","templated":true}]}}