{"id":3424,"date":"2014-09-03T23:56:26","date_gmt":"2014-09-03T19:56:26","guid":{"rendered":"http:\/\/cbf.ca\/?page_id=3424"},"modified":"2025-11-12T19:54:54","modified_gmt":"2025-11-12T15:54:54","slug":"avantages-membres-fcb","status":"publish","type":"page","link":"https:\/\/cbf.ca\/fr\/section-membres\/avantages-membres-fcb\/","title":{"rendered":"Avantages des membres de la FCB"},"content":{"rendered":"<h3>L\u2019adh\u00e9sion \u00e0 la FCB est 25$ par ann\u00e9e, 50$ pour 2 ans et 65$ pour 3 ans<\/h3>\n<p>Joueurs de 25 ans et moins: les frais d\u2019adh\u00e9sion sont 10 $ par ann\u00e9e. Ceci s\u2019applique au moment de joindre ou de renouveler l\u2019adh\u00e9sion sur le site de la FCB, en utilisant le code promo JUNIOR.<\/p>\n<p style=\"padding-left: 30px;\"><b><strong><span style=\"text-decoration: underline;\"><a style=\"text-decoration: underline;\" href=\"https:\/\/cbf.ca\/fr\/adhesion-a-la-fcb\/joindre-la-fcb\/\">Cliquer ici pour joindre la FCB<\/a><\/span><br \/>\n<span style=\"text-decoration: underline;\"><a style=\"text-decoration: underline;\" href=\"https:\/\/cbf.ca\/fr\/section-exclusive-aux-membres\/renouvellement-de-ladhesion\/#id=167&amp;cid=1042&amp;wid=7501\" target=\"_blank\" rel=\"noopener\">Cliquer ici pour renouveler votre adh\u00e9sion<\/a><\/span><br \/>\n<\/strong><\/b><\/p>\n<h3>Les avantages des membres<\/h3>\n<ul>\n<li>Acc\u00e8s au magazine en ligne\u00a0<em>Bridge Canada<\/em>, publi\u00e9 4 fois par ann\u00e9e. Le magazine pr\u00e9sente des rapports sur les Championnats canadiens, et le Concours canadien d&rsquo;ench\u00e8res. Il y a \u00e9galement des articles pour des joueurs de diff\u00e9rents niveaux d&rsquo;exp\u00e9rience. Les anciens num\u00e9ros remontant jusqu&rsquo;\u00e0 1969 sont disponibles pour les membres.<\/li>\n<li>Admissibilit\u00e9 \u00e0 participer au match mensuel pancanadien sur BBO.<\/li>\n<li>Admissibilit\u00e9 \u00e0 participer \u00e0 divers \u00e9v\u00e9nements canadiens:\n<ul>\n<li>Lors de nos Championnats canadiens annuels de bridge:\n<ul>\n<li>les Championnats canadiens par \u00e9quipes (Open, B et C),<\/li>\n<li>le Championnat canadien des \u00e9quipes f\u00e9minines (CWTC)<\/li>\n<li>le Championnat canadien des \u00e9quipes seniors (CSTC),<\/li>\n<li>le Championnat canadien des \u00e9quipes mixes (CMTC),<\/li>\n<li>le Championnat canadien des paires open (COPC),\u00a0et<\/li>\n<li>le Championnat canadien des paires IMP (CIPC)<\/li>\n<\/ul>\n<\/li>\n<li>Ligue des \u00e9quipes en ligne de la FCB<\/li>\n<li>Duplicata &#8211; Paires canadiennes en ligne<\/li>\n<\/ul>\n<\/li>\n<li>Chaque ann\u00e9e, nous organisons la course au troph\u00e9e Richmond et aux troph\u00e9es Mini-Richmond, et nous reconnaissons les joueurs qui ont obtenu le plus de points de ma\u00eetre pour toutes les cat\u00e9gories de joueurs.<\/li>\n<li>Nous avons un programme junior tr\u00e8s actif et en pleine expansion, pour les joueurs de moins de 26 ans. Nous finan\u00e7ons diff\u00e9rents niveaux d&rsquo;\u00e2ge junior pour repr\u00e9senter le Canada aux Championnats du monde.<\/li>\n<li>Possibilit\u00e9 de participer \u00e0 des \u00e9v\u00e9nements mondiaux.<\/li>\n<\/ul>\n<h3>Autres initiatives de la FCB<\/h3>\n<ul>\n<li>Chaque ann\u00e9e, nous organisons deux s\u00e9ances Rookie-Master dans des clubs: le Erin Berry \u00e0 l&rsquo;automne et le Helen Shields au printemps, pour aider les nouveaux joueurs \u00e0 apprendre en jouant avec des membres plus exp\u00e9riment\u00e9s.<\/li>\n<li>Nous organisons un tournoi de section pancanadien dans les clubs locaux (STAC).<\/li>\n<li>Nous organisons chaque ann\u00e9e deux tournois r\u00e9gionaux de la FCB auxquels peuvent participer les joueurs de tous les niveaux.<\/li>\n<li>Nous administrons le Fonds de bienfaisance de la FCB et veillons \u00e0 ce que tous les fonds recueillis pour des \u0153uvres de bienfaisance au Canada soient vers\u00e9s \u00e0 des organismes de bienfaisance canadiens, y compris un \u00e9v\u00e9nement annuel de collecte de fonds pour la Soci\u00e9t\u00e9 Alzheimer canadienne.<\/li>\n<li>Nous administrons le Fonds comm\u00e9moratif Erin Berry, qui aide les joueurs de moins de 19 ans \u00e0 participer \u00e0 des \u00e9v\u00e9nements de bridge.<\/li>\n<li>Nous administrons le Temple de la renomm\u00e9e canadien qui reconna\u00eet les r\u00e9alisations des joueurs canadiens.<\/li>\n<li>Notre site web contient des nouvelles des \u00e9v\u00e9nements au Canada et dans le monde.<\/li>\n<li>La FBC subventionne les frais de participation aux Championnats du monde pour les \u00e9quipes qui repr\u00e9sentent le Canada.<\/li>\n<\/ul>\n<p style=\"text-align: center;\"><b><strong>Les canadiens adorent montrer leur patriotisme.<br \/>\nSoutenez votre f\u00e9d\u00e9ration canadienne de bridge et aidez-nous \u00e0 servir le bridge canadien.<\/strong><\/b><\/p>\n<h4 style=\"text-align: center;\"><a href=\"https:\/\/cbf.ca\/fr\/adhesion-a-la-fcb\/joindre-la-fcb\/\">Cliquez ici pour joindre la FCB aujourd&rsquo;hui<\/a><\/h4>\n","protected":false},"excerpt":{"rendered":"<p>L\u2019adh\u00e9sion \u00e0 la FCB est 25$ par ann\u00e9e, 50$ pour 2 ans et 65$ pour 3 ans Joueurs de 25 ans et moins: les frais d\u2019adh\u00e9sion sont 10 $ par ann\u00e9e. Ceci s\u2019applique au moment de joindre ou de renouveler l\u2019adh\u00e9sion sur le site de la FCB, en utilisant le code promo JUNIOR. Cliquer ici<br><a class=\"moretag signature-animation\" href=\"https:\/\/cbf.ca\/fr\/section-membres\/avantages-membres-fcb\/\">CONTINUER LA LECTURE<\/a>","protected":false},"author":1,"featured_media":0,"parent":4532,"menu_order":0,"comment_status":"closed","ping_status":"closed","template":"","meta":{"footnotes":""},"yoast_head":"<!-- This site is optimized with the Yoast SEO plugin v22.3 - https:\/\/yoast.com\/wordpress\/plugins\/seo\/ -->\n<title>Avantages des membres de la FCB - Canadian Bridge Federation<\/title>\n<meta name=\"robots\" content=\"index, follow, max-snippet:-1, max-image-preview:large, max-video-preview:-1\" \/>\n<link rel=\"canonical\" href=\"https:\/\/cbf.ca\/fr\/section-membres\/avantages-membres-fcb\/\" \/>\n<meta property=\"og:locale\" content=\"fr_FR\" \/>\n<meta property=\"og:type\" content=\"article\" \/>\n<meta property=\"og:title\" content=\"Avantages des membres de la FCB - Canadian Bridge Federation\" \/>\n<meta property=\"og:description\" content=\"L\u2019adh\u00e9sion \u00e0 la FCB est 25$ par ann\u00e9e, 50$ pour 2 ans et 65$ pour 3 ans Joueurs de 25 ans et moins: les frais d\u2019adh\u00e9sion sont 10 $ par ann\u00e9e. Ceci s\u2019applique au moment de joindre ou de renouveler l\u2019adh\u00e9sion sur le site de la FCB, en utilisant le code promo JUNIOR. Cliquer ici\" \/>\n<meta property=\"og:url\" content=\"https:\/\/cbf.ca\/fr\/section-membres\/avantages-membres-fcb\/\" \/>\n<meta property=\"og:site_name\" content=\"Canadian Bridge Federation\" \/>\n<meta property=\"article:publisher\" content=\"https:\/\/www.facebook.com\/Canadian.Bridge.Federation\/\" \/>\n<meta property=\"article:modified_time\" content=\"2025-11-12T15:54:54+00:00\" \/>\n<meta name=\"twitter:label1\" content=\"Dur\u00e9e de lecture estim\u00e9e\" \/>\n\t<meta name=\"twitter:data1\" content=\"3 minutes\" \/>\n<script type=\"application\/ld+json\" class=\"yoast-schema-graph\">{\"@context\":\"https:\/\/schema.org\",\"@graph\":[{\"@type\":\"WebPage\",\"@id\":\"https:\/\/cbf.ca\/fr\/section-membres\/avantages-membres-fcb\/\",\"url\":\"https:\/\/cbf.ca\/fr\/section-membres\/avantages-membres-fcb\/\",\"name\":\"Avantages des membres de la FCB - Canadian Bridge Federation\",\"isPartOf\":{\"@id\":\"https:\/\/cbf.ca\/#website\"},\"datePublished\":\"2014-09-03T19:56:26+00:00\",\"dateModified\":\"2025-11-12T15:54:54+00:00\",\"breadcrumb\":{\"@id\":\"https:\/\/cbf.ca\/fr\/section-membres\/avantages-membres-fcb\/#breadcrumb\"},\"inLanguage\":\"fr-FR\",\"potentialAction\":[{\"@type\":\"ReadAction\",\"target\":[\"https:\/\/cbf.ca\/fr\/section-membres\/avantages-membres-fcb\/\"]}]},{\"@type\":\"BreadcrumbList\",\"@id\":\"https:\/\/cbf.ca\/fr\/section-membres\/avantages-membres-fcb\/#breadcrumb\",\"itemListElement\":[{\"@type\":\"ListItem\",\"position\":1,\"name\":\"Home\",\"item\":\"https:\/\/cbf.ca\/\"},{\"@type\":\"ListItem\",\"position\":2,\"name\":\"Section membres\",\"item\":\"https:\/\/cbf.ca\/fr\/section-membres\/\"},{\"@type\":\"ListItem\",\"position\":3,\"name\":\"Avantages des membres de la FCB\"}]},{\"@type\":\"WebSite\",\"@id\":\"https:\/\/cbf.ca\/#website\",\"url\":\"https:\/\/cbf.ca\/\",\"name\":\"Canadian Bridge Federation\",\"description\":\"F\u00e9d\u00e9ration canadienne de bridge\",\"potentialAction\":[{\"@type\":\"SearchAction\",\"target\":{\"@type\":\"EntryPoint\",\"urlTemplate\":\"https:\/\/cbf.ca\/?s={search_term_string}\"},\"query-input\":\"required name=search_term_string\"}],\"inLanguage\":\"fr-FR\"}]}<\/script>\n<!-- \/ Yoast SEO plugin. -->","yoast_head_json":{"title":"Avantages des membres de la FCB - Canadian Bridge Federation","robots":{"index":"index","follow":"follow","max-snippet":"max-snippet:-1","max-image-preview":"max-image-preview:large","max-video-preview":"max-video-preview:-1"},"canonical":"https:\/\/cbf.ca\/fr\/section-membres\/avantages-membres-fcb\/","og_locale":"fr_FR","og_type":"article","og_title":"Avantages des membres de la FCB - Canadian Bridge Federation","og_description":"L\u2019adh\u00e9sion \u00e0 la FCB est 25$ par ann\u00e9e, 50$ pour 2 ans et 65$ pour 3 ans Joueurs de 25 ans et moins: les frais d\u2019adh\u00e9sion sont 10 $ par ann\u00e9e. Ceci s\u2019applique au moment de joindre ou de renouveler l\u2019adh\u00e9sion sur le site de la FCB, en utilisant le code promo JUNIOR. Cliquer ici","og_url":"https:\/\/cbf.ca\/fr\/section-membres\/avantages-membres-fcb\/","og_site_name":"Canadian Bridge Federation","article_publisher":"https:\/\/www.facebook.com\/Canadian.Bridge.Federation\/","article_modified_time":"2025-11-12T15:54:54+00:00","twitter_misc":{"Dur\u00e9e de lecture estim\u00e9e":"3 minutes"},"schema":{"@context":"https:\/\/schema.org","@graph":[{"@type":"WebPage","@id":"https:\/\/cbf.ca\/fr\/section-membres\/avantages-membres-fcb\/","url":"https:\/\/cbf.ca\/fr\/section-membres\/avantages-membres-fcb\/","name":"Avantages des membres de la FCB - Canadian Bridge Federation","isPartOf":{"@id":"https:\/\/cbf.ca\/#website"},"datePublished":"2014-09-03T19:56:26+00:00","dateModified":"2025-11-12T15:54:54+00:00","breadcrumb":{"@id":"https:\/\/cbf.ca\/fr\/section-membres\/avantages-membres-fcb\/#breadcrumb"},"inLanguage":"fr-FR","potentialAction":[{"@type":"ReadAction","target":["https:\/\/cbf.ca\/fr\/section-membres\/avantages-membres-fcb\/"]}]},{"@type":"BreadcrumbList","@id":"https:\/\/cbf.ca\/fr\/section-membres\/avantages-membres-fcb\/#breadcrumb","itemListElement":[{"@type":"ListItem","position":1,"name":"Home","item":"https:\/\/cbf.ca\/"},{"@type":"ListItem","position":2,"name":"Section membres","item":"https:\/\/cbf.ca\/fr\/section-membres\/"},{"@type":"ListItem","position":3,"name":"Avantages des membres de la FCB"}]},{"@type":"WebSite","@id":"https:\/\/cbf.ca\/#website","url":"https:\/\/cbf.ca\/","name":"Canadian Bridge Federation","description":"F\u00e9d\u00e9ration canadienne de bridge","potentialAction":[{"@type":"SearchAction","target":{"@type":"EntryPoint","urlTemplate":"https:\/\/cbf.ca\/?s={search_term_string}"},"query-input":"required name=search_term_string"}],"inLanguage":"fr-FR"}]}},"_links":{"self":[{"href":"https:\/\/cbf.ca\/fr\/wp-json\/wp\/v2\/pages\/3424"}],"collection":[{"href":"https:\/\/cbf.ca\/fr\/wp-json\/wp\/v2\/pages"}],"about":[{"href":"https:\/\/cbf.ca\/fr\/wp-json\/wp\/v2\/types\/page"}],"author":[{"embeddable":true,"href":"https:\/\/cbf.ca\/fr\/wp-json\/wp\/v2\/users\/1"}],"replies":[{"embeddable":true,"href":"https:\/\/cbf.ca\/fr\/wp-json\/wp\/v2\/comments?post=3424"}],"version-history":[{"count":53,"href":"https:\/\/cbf.ca\/fr\/wp-json\/wp\/v2\/pages\/3424\/revisions"}],"predecessor-version":[{"id":35360,"href":"https:\/\/cbf.ca\/fr\/wp-json\/wp\/v2\/pages\/3424\/revisions\/35360"}],"up":[{"embeddable":true,"href":"https:\/\/cbf.ca\/fr\/wp-json\/wp\/v2\/pages\/4532"}],"wp:attachment":[{"href":"https:\/\/cbf.ca\/fr\/wp-json\/wp\/v2\/media?parent=3424"}],"curies":[{"name":"wp","href":"https:\/\/api.w.org\/{rel}","templated":true}]}}