{"id":3422,"date":"2014-09-14T05:35:54","date_gmt":"2014-09-14T01:35:54","guid":{"rendered":"http:\/\/cbf.ca\/?page_id=3422"},"modified":"2025-03-18T18:39:41","modified_gmt":"2025-03-18T14:39:41","slug":"reglements-lapparence-lhygiene-et-le-comportement","status":"publish","type":"page","link":"https:\/\/cbf.ca\/fr\/politiques-de-la-fcb\/reglements-lapparence-lhygiene-et-le-comportement\/","title":{"rendered":"R\u00e8glements sur l&rsquo;apparence, l&rsquo;hygi\u00e8ne et le comportement"},"content":{"rendered":"<p>On s\u2019attend \u00e0 ce que les joueurs se conforment aux directives g\u00e9n\u00e9rales suivantes lorsqu\u2019ils participent \u00e0 tout \u00e9v\u00e9nement organis\u00e9 par la F\u00e9d\u00e9ration canadienne de bridge.<\/p>\n<p><strong>Hygi\u00e8ne<\/strong><br \/>\nUn joueur doit \u00eatre propre et bien mis.<\/p>\n<p><strong>Habillement<\/strong><br \/>\nLes joueurs doivent se conformer aux standards prescrits dans la comp\u00e9tition \u00e0 laquelle ils participent.<\/p>\n<p><strong>Comportement<\/strong><br \/>\nUn joueur ne doit pas se pr\u00e9senter en public ou pr\u00e8s des lieux de la comp\u00e9tition sous l\u2019effet de l\u2019alcool ou d\u2019autres substances alt\u00e9rant l&rsquo;esprit. Il\/elle ne doit pas user de propos blasph\u00e9matoires, obsc\u00e8nes, ou socialement inacceptables \u00e0 la table de jeu ou dans les environs de l\u2019\u00e9v\u00e9nement. Il\/elle doit maintenir en tout temps un haut niveau de biens\u00e9ance.<\/p>\n","protected":false},"excerpt":{"rendered":"<p>On s\u2019attend \u00e0 ce que les joueurs se conforment aux directives g\u00e9n\u00e9rales suivantes lorsqu\u2019ils participent \u00e0 tout \u00e9v\u00e9nement organis\u00e9 par la F\u00e9d\u00e9ration canadienne de bridge. Hygi\u00e8ne Un joueur doit \u00eatre propre et bien mis. Habillement Les joueurs doivent se conformer aux standards prescrits dans la comp\u00e9tition \u00e0 laquelle ils participent. Comportement Un joueur ne doit<br><a class=\"moretag signature-animation\" href=\"https:\/\/cbf.ca\/fr\/politiques-de-la-fcb\/reglements-lapparence-lhygiene-et-le-comportement\/\">CONTINUER LA LECTURE<\/a>","protected":false},"author":1,"featured_media":0,"parent":3408,"menu_order":0,"comment_status":"closed","ping_status":"closed","template":"","meta":{"footnotes":""},"yoast_head":"<!-- This site is optimized with the Yoast SEO plugin v22.3 - https:\/\/yoast.com\/wordpress\/plugins\/seo\/ -->\n<title>R\u00e8glements sur l&#039;apparence, l&#039;hygi\u00e8ne et le comportement - Canadian Bridge Federation<\/title>\n<meta name=\"robots\" content=\"index, follow, max-snippet:-1, max-image-preview:large, max-video-preview:-1\" \/>\n<link rel=\"canonical\" href=\"https:\/\/cbf.ca\/fr\/politiques-de-la-fcb\/reglements-lapparence-lhygiene-et-le-comportement\/\" \/>\n<meta property=\"og:locale\" content=\"fr_FR\" \/>\n<meta property=\"og:type\" content=\"article\" \/>\n<meta property=\"og:title\" content=\"R\u00e8glements sur l&#039;apparence, l&#039;hygi\u00e8ne et le comportement - Canadian Bridge Federation\" \/>\n<meta property=\"og:description\" content=\"On s\u2019attend \u00e0 ce que les joueurs se conforment aux directives g\u00e9n\u00e9rales suivantes lorsqu\u2019ils participent \u00e0 tout \u00e9v\u00e9nement organis\u00e9 par la F\u00e9d\u00e9ration canadienne de bridge. Hygi\u00e8ne Un joueur doit \u00eatre propre et bien mis. Habillement Les joueurs doivent se conformer aux standards prescrits dans la comp\u00e9tition \u00e0 laquelle ils participent. Comportement Un joueur ne doit\" \/>\n<meta property=\"og:url\" content=\"https:\/\/cbf.ca\/fr\/politiques-de-la-fcb\/reglements-lapparence-lhygiene-et-le-comportement\/\" \/>\n<meta property=\"og:site_name\" content=\"Canadian Bridge Federation\" \/>\n<meta property=\"article:publisher\" content=\"https:\/\/www.facebook.com\/Canadian.Bridge.Federation\/\" \/>\n<meta property=\"article:modified_time\" content=\"2025-03-18T14:39:41+00:00\" \/>\n<meta name=\"twitter:label1\" content=\"Dur\u00e9e de lecture estim\u00e9e\" \/>\n\t<meta name=\"twitter:data1\" content=\"1 minute\" \/>\n<script type=\"application\/ld+json\" class=\"yoast-schema-graph\">{\"@context\":\"https:\/\/schema.org\",\"@graph\":[{\"@type\":\"WebPage\",\"@id\":\"https:\/\/cbf.ca\/fr\/politiques-de-la-fcb\/reglements-lapparence-lhygiene-et-le-comportement\/\",\"url\":\"https:\/\/cbf.ca\/fr\/politiques-de-la-fcb\/reglements-lapparence-lhygiene-et-le-comportement\/\",\"name\":\"R\u00e8glements sur l'apparence, l'hygi\u00e8ne et le comportement - Canadian Bridge Federation\",\"isPartOf\":{\"@id\":\"https:\/\/cbf.ca\/#website\"},\"datePublished\":\"2014-09-14T01:35:54+00:00\",\"dateModified\":\"2025-03-18T14:39:41+00:00\",\"breadcrumb\":{\"@id\":\"https:\/\/cbf.ca\/fr\/politiques-de-la-fcb\/reglements-lapparence-lhygiene-et-le-comportement\/#breadcrumb\"},\"inLanguage\":\"fr-FR\",\"potentialAction\":[{\"@type\":\"ReadAction\",\"target\":[\"https:\/\/cbf.ca\/fr\/politiques-de-la-fcb\/reglements-lapparence-lhygiene-et-le-comportement\/\"]}]},{\"@type\":\"BreadcrumbList\",\"@id\":\"https:\/\/cbf.ca\/fr\/politiques-de-la-fcb\/reglements-lapparence-lhygiene-et-le-comportement\/#breadcrumb\",\"itemListElement\":[{\"@type\":\"ListItem\",\"position\":1,\"name\":\"Home\",\"item\":\"https:\/\/cbf.ca\/\"},{\"@type\":\"ListItem\",\"position\":2,\"name\":\"Politiques de la FCB\",\"item\":\"https:\/\/cbf.ca\/fr\/politiques-de-la-fcb\/\"},{\"@type\":\"ListItem\",\"position\":3,\"name\":\"R\u00e8glements sur l&#8217;apparence, l&#8217;hygi\u00e8ne et le comportement\"}]},{\"@type\":\"WebSite\",\"@id\":\"https:\/\/cbf.ca\/#website\",\"url\":\"https:\/\/cbf.ca\/\",\"name\":\"Canadian Bridge Federation\",\"description\":\"F\u00e9d\u00e9ration canadienne de bridge\",\"potentialAction\":[{\"@type\":\"SearchAction\",\"target\":{\"@type\":\"EntryPoint\",\"urlTemplate\":\"https:\/\/cbf.ca\/?s={search_term_string}\"},\"query-input\":\"required name=search_term_string\"}],\"inLanguage\":\"fr-FR\"}]}<\/script>\n<!-- \/ Yoast SEO plugin. -->","yoast_head_json":{"title":"R\u00e8glements sur l'apparence, l'hygi\u00e8ne et le comportement - Canadian Bridge Federation","robots":{"index":"index","follow":"follow","max-snippet":"max-snippet:-1","max-image-preview":"max-image-preview:large","max-video-preview":"max-video-preview:-1"},"canonical":"https:\/\/cbf.ca\/fr\/politiques-de-la-fcb\/reglements-lapparence-lhygiene-et-le-comportement\/","og_locale":"fr_FR","og_type":"article","og_title":"R\u00e8glements sur l'apparence, l'hygi\u00e8ne et le comportement - Canadian Bridge Federation","og_description":"On s\u2019attend \u00e0 ce que les joueurs se conforment aux directives g\u00e9n\u00e9rales suivantes lorsqu\u2019ils participent \u00e0 tout \u00e9v\u00e9nement organis\u00e9 par la F\u00e9d\u00e9ration canadienne de bridge. Hygi\u00e8ne Un joueur doit \u00eatre propre et bien mis. Habillement Les joueurs doivent se conformer aux standards prescrits dans la comp\u00e9tition \u00e0 laquelle ils participent. Comportement Un joueur ne doit","og_url":"https:\/\/cbf.ca\/fr\/politiques-de-la-fcb\/reglements-lapparence-lhygiene-et-le-comportement\/","og_site_name":"Canadian Bridge Federation","article_publisher":"https:\/\/www.facebook.com\/Canadian.Bridge.Federation\/","article_modified_time":"2025-03-18T14:39:41+00:00","twitter_misc":{"Dur\u00e9e de lecture estim\u00e9e":"1 minute"},"schema":{"@context":"https:\/\/schema.org","@graph":[{"@type":"WebPage","@id":"https:\/\/cbf.ca\/fr\/politiques-de-la-fcb\/reglements-lapparence-lhygiene-et-le-comportement\/","url":"https:\/\/cbf.ca\/fr\/politiques-de-la-fcb\/reglements-lapparence-lhygiene-et-le-comportement\/","name":"R\u00e8glements sur l'apparence, l'hygi\u00e8ne et le comportement - Canadian Bridge Federation","isPartOf":{"@id":"https:\/\/cbf.ca\/#website"},"datePublished":"2014-09-14T01:35:54+00:00","dateModified":"2025-03-18T14:39:41+00:00","breadcrumb":{"@id":"https:\/\/cbf.ca\/fr\/politiques-de-la-fcb\/reglements-lapparence-lhygiene-et-le-comportement\/#breadcrumb"},"inLanguage":"fr-FR","potentialAction":[{"@type":"ReadAction","target":["https:\/\/cbf.ca\/fr\/politiques-de-la-fcb\/reglements-lapparence-lhygiene-et-le-comportement\/"]}]},{"@type":"BreadcrumbList","@id":"https:\/\/cbf.ca\/fr\/politiques-de-la-fcb\/reglements-lapparence-lhygiene-et-le-comportement\/#breadcrumb","itemListElement":[{"@type":"ListItem","position":1,"name":"Home","item":"https:\/\/cbf.ca\/"},{"@type":"ListItem","position":2,"name":"Politiques de la FCB","item":"https:\/\/cbf.ca\/fr\/politiques-de-la-fcb\/"},{"@type":"ListItem","position":3,"name":"R\u00e8glements sur l&#8217;apparence, l&#8217;hygi\u00e8ne et le comportement"}]},{"@type":"WebSite","@id":"https:\/\/cbf.ca\/#website","url":"https:\/\/cbf.ca\/","name":"Canadian Bridge Federation","description":"F\u00e9d\u00e9ration canadienne de bridge","potentialAction":[{"@type":"SearchAction","target":{"@type":"EntryPoint","urlTemplate":"https:\/\/cbf.ca\/?s={search_term_string}"},"query-input":"required name=search_term_string"}],"inLanguage":"fr-FR"}]}},"_links":{"self":[{"href":"https:\/\/cbf.ca\/fr\/wp-json\/wp\/v2\/pages\/3422"}],"collection":[{"href":"https:\/\/cbf.ca\/fr\/wp-json\/wp\/v2\/pages"}],"about":[{"href":"https:\/\/cbf.ca\/fr\/wp-json\/wp\/v2\/types\/page"}],"author":[{"embeddable":true,"href":"https:\/\/cbf.ca\/fr\/wp-json\/wp\/v2\/users\/1"}],"replies":[{"embeddable":true,"href":"https:\/\/cbf.ca\/fr\/wp-json\/wp\/v2\/comments?post=3422"}],"version-history":[{"count":4,"href":"https:\/\/cbf.ca\/fr\/wp-json\/wp\/v2\/pages\/3422\/revisions"}],"predecessor-version":[{"id":21602,"href":"https:\/\/cbf.ca\/fr\/wp-json\/wp\/v2\/pages\/3422\/revisions\/21602"}],"up":[{"embeddable":true,"href":"https:\/\/cbf.ca\/fr\/wp-json\/wp\/v2\/pages\/3408"}],"wp:attachment":[{"href":"https:\/\/cbf.ca\/fr\/wp-json\/wp\/v2\/media?parent=3422"}],"curies":[{"name":"wp","href":"https:\/\/api.w.org\/{rel}","templated":true}]}}