{"id":3420,"date":"2014-09-14T05:34:54","date_gmt":"2014-09-14T05:34:54","guid":{"rendered":"http:\/\/cbf.ca\/?page_id=3420"},"modified":"2017-09-30T17:51:34","modified_gmt":"2017-09-30T17:51:34","slug":"politique-de-la-fcb-sur-la-tolerance-zero","status":"publish","type":"page","link":"https:\/\/cbf.ca\/fr\/politiques-de-la-fcb\/politique-de-la-fcb-sur-la-tolerance-zero\/","title":{"rendered":"Politique de la FCB sur la Tol\u00e9rance Z\u00e9ro"},"content":{"rendered":"<h2><strong>Objectif de la politique<\/strong><\/h2>\n<p>La FCB s\u2019engage \u00e0 promouvoir un comportement exemplaire des joueurs en tout temps. Le but ultime de la Politique de Tol\u00e9rance Z\u00e9ro est de procurer \u00e0 tous et chacun une atmosph\u00e8re des plus agr\u00e9ables dans nos Championnats canadiens de bridge.<\/p>\n<h2><strong>Comportement attendu<\/strong><\/h2>\n<p>La FCB promeut activement un comportement acceptable des joueurs en tout temps. Un comportement d\u00e9rangeant, des remarques embarrassantes ou tout autre comportement qui pourrait interf\u00e9rer avec le plaisir du jeu sont express\u00e9ment interdits par l&rsquo;article\u00a074A des r\u00e8glements de bridge.<\/p>\n<p>Conform\u00e9ment aux articles 74, 80F et 81C4 (Lois du\u00a0bridge duplicata \/ Laws of Duplicate Bridge), la politique suivante d\u00e9crit ce qu\u2019on attend de tous les joueurs lors des Championnats canadiens de bridge, y compris dans l&rsquo;aire de jeu avant et apr\u00e8s chaque s\u00e9ance. Tous les participants, capitaines et autres personnes pr\u00e9sentes sur le site sont cens\u00e9s se comporter de mani\u00e8re respectueuse envers toutes les autres personnes pr\u00e9sentes.<\/p>\n<p>Voici, \u00e0 titre non exhaustif, des comportements sp\u00e9cifiques susceptibles de sanction\u00a0:<\/p>\n<ul>\n<li>Hausser la voix au point de g\u00eaner le plaisir ou la concentration des autres<\/li>\n<li>Refuser d\u2019obtemp\u00e9rer \u00e0 la demande de rester tranquille quand les autres matchs ne sont pas termin\u00e9s<\/li>\n<li>Harc\u00e8lement, rudesse, insultes, intimidation, menaces ou violence<\/li>\n<li>Commentaires n\u00e9gatifs portant sur le jeu ou les ench\u00e8res des adversaires ou du partenaire<\/li>\n<li>Le\u00e7ons constantes et gratuites, ou analyses \u00e0 la table.<\/li>\n<\/ul>\n<p>Toute personne pr\u00e9sente dans l\u2019aire de jeu a le <em><strong>droit<\/strong> <\/em>et le <em><strong>devoir <\/strong><\/em>de veiller \u00e0 ce que les comportements inacceptables soient proscrits de l\u2019aire de jeu.<\/p>\n<h2><strong>Proc\u00e9dures lors d&rsquo;infractions<\/strong><\/h2>\n<ol>\n<li>Avant le d\u00e9but de toute \u00e9preuve des Championnats canadiens de bridge, un repr\u00e9sentant de la FCB mettra le directeur\u00a0en chef et son \u00e9quipe au courant de cette politique, leur indiquant notamment le nom des membres du Comit\u00e9 disciplinaire de la FCB (CDFCB).<\/li>\n<li>Avant le d\u00e9but d\u2019une \u00e9preuve par \u00e9quipes,\u00a0un repr\u00e9sentant de la FCB insistera sur\u00a0l\u2019application de cette politique lors de la r\u00e9union des capitaines.<\/li>\n<li>Au d\u00e9but de chaque \u00e9preuve, le Directeur\u00a0fera une annonce pour indiquer que le tournoi respectera la r\u00e8gle \u00e9dict\u00e9e par la FCB sur la Tol\u00e9rance Z\u00e9ro concernant les comportements inacceptables. On <strong>insiste fermement <\/strong>pour que le Directeur\u00a0soit appel\u00e9 d\u00e8s qu&rsquo;un\u00a0comportement contrevient\u00a0aux recommandations de la FCB.<\/li>\n<li>Le Directeur, lorsqu&rsquo;appel\u00e9 sur les lieux d\u2019une infraction, devra prendre en note les faits pertinents, incluant les all\u00e9gations, les noms des participants et des t\u00e9moins. Il pr\u00e9sentera <strong>sans d\u00e9lai indu<\/strong> l\u2019information \u00e0 un membre du CDFCB.<\/li>\n<li>Le CDFCB, en temps opportun, se rencontrera pour d\u00e9cider de la p\u00e9nalit\u00e9 appropri\u00e9e, s\u2019il y a lieu. Les participants et les t\u00e9moins pourraient \u00eatre invit\u00e9s \u00e0 se pr\u00e9senter\u00a0devant le Comit\u00e9. Toutes les parties impliqu\u00e9es, incluant le Directeur, seront inform\u00e9es de toute p\u00e9nalit\u00e9 impos\u00e9e par le CDFCB. Ces p\u00e9nalit\u00e9s pourraient inclure, \u00e0 titre non exhaustif\u00a0:\n<ol>\n<li>La perte d\u2019IMPs ou de points de match<\/li>\n<li>L\u2019expulsion de l\u2019\u00e9preuve (sans remboursement ni points de ma\u00eetre)<\/li>\n<li>L\u2019expulsion des lieux pour le(s) spectateur(s)<\/li>\n<li>La suspension ou la mise en probation de l\u2019adh\u00e9sion \u00e0 la FCB<\/li>\n<\/ol>\n<\/li>\n<li>En conformit\u00e9 avec les Lois du bridge duplicata, la d\u00e9cision d\u2019imposer une p\u00e9nalit\u00e9 disciplinaire est sans appel.<\/li>\n<\/ol>\n","protected":false},"excerpt":{"rendered":"<p>Objectif de la politique La FCB s\u2019engage \u00e0 promouvoir un comportement exemplaire des joueurs en tout temps. Le but ultime de la Politique de Tol\u00e9rance Z\u00e9ro est de procurer \u00e0 tous et chacun une atmosph\u00e8re des plus agr\u00e9ables dans nos Championnats canadiens de bridge. Comportement attendu La FCB promeut activement un comportement acceptable des joueurs<br><a class=\"moretag signature-animation\" href=\"https:\/\/cbf.ca\/fr\/politiques-de-la-fcb\/politique-de-la-fcb-sur-la-tolerance-zero\/\">CONTINUER LA LECTURE<\/a>","protected":false},"author":1,"featured_media":0,"parent":3408,"menu_order":0,"comment_status":"closed","ping_status":"closed","template":"","meta":{"footnotes":""},"yoast_head":"<!-- This site is optimized with the Yoast SEO plugin v22.3 - https:\/\/yoast.com\/wordpress\/plugins\/seo\/ -->\n<title>Politique de la FCB sur la Tol\u00e9rance Z\u00e9ro - Canadian Bridge Federation<\/title>\n<meta name=\"robots\" content=\"index, follow, max-snippet:-1, max-image-preview:large, max-video-preview:-1\" \/>\n<link rel=\"canonical\" href=\"https:\/\/cbf.ca\/fr\/politiques-de-la-fcb\/politique-de-la-fcb-sur-la-tolerance-zero\/\" \/>\n<meta property=\"og:locale\" content=\"fr_FR\" \/>\n<meta property=\"og:type\" content=\"article\" \/>\n<meta property=\"og:title\" content=\"Politique de la FCB sur la Tol\u00e9rance Z\u00e9ro - Canadian Bridge Federation\" \/>\n<meta property=\"og:description\" content=\"Objectif de la politique La FCB s\u2019engage \u00e0 promouvoir un comportement exemplaire des joueurs en tout temps. Le but ultime de la Politique de Tol\u00e9rance Z\u00e9ro est de procurer \u00e0 tous et chacun une atmosph\u00e8re des plus agr\u00e9ables dans nos Championnats canadiens de bridge. Comportement attendu La FCB promeut activement un comportement acceptable des joueurs\" \/>\n<meta property=\"og:url\" content=\"https:\/\/cbf.ca\/fr\/politiques-de-la-fcb\/politique-de-la-fcb-sur-la-tolerance-zero\/\" \/>\n<meta property=\"og:site_name\" content=\"Canadian Bridge Federation\" \/>\n<meta property=\"article:publisher\" content=\"https:\/\/www.facebook.com\/Canadian.Bridge.Federation\/\" \/>\n<meta property=\"article:modified_time\" content=\"2017-09-30T17:51:34+00:00\" \/>\n<meta name=\"twitter:label1\" content=\"Dur\u00e9e de lecture estim\u00e9e\" \/>\n\t<meta name=\"twitter:data1\" content=\"3 minutes\" \/>\n<script type=\"application\/ld+json\" class=\"yoast-schema-graph\">{\"@context\":\"https:\/\/schema.org\",\"@graph\":[{\"@type\":\"WebPage\",\"@id\":\"https:\/\/cbf.ca\/fr\/politiques-de-la-fcb\/politique-de-la-fcb-sur-la-tolerance-zero\/\",\"url\":\"https:\/\/cbf.ca\/fr\/politiques-de-la-fcb\/politique-de-la-fcb-sur-la-tolerance-zero\/\",\"name\":\"Politique de la FCB sur la Tol\u00e9rance Z\u00e9ro - Canadian Bridge Federation\",\"isPartOf\":{\"@id\":\"https:\/\/cbf.ca\/#website\"},\"datePublished\":\"2014-09-14T05:34:54+00:00\",\"dateModified\":\"2017-09-30T17:51:34+00:00\",\"breadcrumb\":{\"@id\":\"https:\/\/cbf.ca\/fr\/politiques-de-la-fcb\/politique-de-la-fcb-sur-la-tolerance-zero\/#breadcrumb\"},\"inLanguage\":\"fr-FR\",\"potentialAction\":[{\"@type\":\"ReadAction\",\"target\":[\"https:\/\/cbf.ca\/fr\/politiques-de-la-fcb\/politique-de-la-fcb-sur-la-tolerance-zero\/\"]}]},{\"@type\":\"BreadcrumbList\",\"@id\":\"https:\/\/cbf.ca\/fr\/politiques-de-la-fcb\/politique-de-la-fcb-sur-la-tolerance-zero\/#breadcrumb\",\"itemListElement\":[{\"@type\":\"ListItem\",\"position\":1,\"name\":\"Home\",\"item\":\"https:\/\/cbf.ca\/\"},{\"@type\":\"ListItem\",\"position\":2,\"name\":\"Politiques de la FCB\",\"item\":\"https:\/\/cbf.ca\/fr\/politiques-de-la-fcb\/\"},{\"@type\":\"ListItem\",\"position\":3,\"name\":\"Politique de la FCB sur la Tol\u00e9rance Z\u00e9ro\"}]},{\"@type\":\"WebSite\",\"@id\":\"https:\/\/cbf.ca\/#website\",\"url\":\"https:\/\/cbf.ca\/\",\"name\":\"Canadian Bridge Federation\",\"description\":\"F\u00e9d\u00e9ration canadienne de bridge\",\"potentialAction\":[{\"@type\":\"SearchAction\",\"target\":{\"@type\":\"EntryPoint\",\"urlTemplate\":\"https:\/\/cbf.ca\/?s={search_term_string}\"},\"query-input\":\"required name=search_term_string\"}],\"inLanguage\":\"fr-FR\"}]}<\/script>\n<!-- \/ Yoast SEO plugin. -->","yoast_head_json":{"title":"Politique de la FCB sur la Tol\u00e9rance Z\u00e9ro - Canadian Bridge Federation","robots":{"index":"index","follow":"follow","max-snippet":"max-snippet:-1","max-image-preview":"max-image-preview:large","max-video-preview":"max-video-preview:-1"},"canonical":"https:\/\/cbf.ca\/fr\/politiques-de-la-fcb\/politique-de-la-fcb-sur-la-tolerance-zero\/","og_locale":"fr_FR","og_type":"article","og_title":"Politique de la FCB sur la Tol\u00e9rance Z\u00e9ro - Canadian Bridge Federation","og_description":"Objectif de la politique La FCB s\u2019engage \u00e0 promouvoir un comportement exemplaire des joueurs en tout temps. Le but ultime de la Politique de Tol\u00e9rance Z\u00e9ro est de procurer \u00e0 tous et chacun une atmosph\u00e8re des plus agr\u00e9ables dans nos Championnats canadiens de bridge. Comportement attendu La FCB promeut activement un comportement acceptable des joueurs","og_url":"https:\/\/cbf.ca\/fr\/politiques-de-la-fcb\/politique-de-la-fcb-sur-la-tolerance-zero\/","og_site_name":"Canadian Bridge Federation","article_publisher":"https:\/\/www.facebook.com\/Canadian.Bridge.Federation\/","article_modified_time":"2017-09-30T17:51:34+00:00","twitter_misc":{"Dur\u00e9e de lecture estim\u00e9e":"3 minutes"},"schema":{"@context":"https:\/\/schema.org","@graph":[{"@type":"WebPage","@id":"https:\/\/cbf.ca\/fr\/politiques-de-la-fcb\/politique-de-la-fcb-sur-la-tolerance-zero\/","url":"https:\/\/cbf.ca\/fr\/politiques-de-la-fcb\/politique-de-la-fcb-sur-la-tolerance-zero\/","name":"Politique de la FCB sur la Tol\u00e9rance Z\u00e9ro - Canadian Bridge Federation","isPartOf":{"@id":"https:\/\/cbf.ca\/#website"},"datePublished":"2014-09-14T05:34:54+00:00","dateModified":"2017-09-30T17:51:34+00:00","breadcrumb":{"@id":"https:\/\/cbf.ca\/fr\/politiques-de-la-fcb\/politique-de-la-fcb-sur-la-tolerance-zero\/#breadcrumb"},"inLanguage":"fr-FR","potentialAction":[{"@type":"ReadAction","target":["https:\/\/cbf.ca\/fr\/politiques-de-la-fcb\/politique-de-la-fcb-sur-la-tolerance-zero\/"]}]},{"@type":"BreadcrumbList","@id":"https:\/\/cbf.ca\/fr\/politiques-de-la-fcb\/politique-de-la-fcb-sur-la-tolerance-zero\/#breadcrumb","itemListElement":[{"@type":"ListItem","position":1,"name":"Home","item":"https:\/\/cbf.ca\/"},{"@type":"ListItem","position":2,"name":"Politiques de la FCB","item":"https:\/\/cbf.ca\/fr\/politiques-de-la-fcb\/"},{"@type":"ListItem","position":3,"name":"Politique de la FCB sur la Tol\u00e9rance Z\u00e9ro"}]},{"@type":"WebSite","@id":"https:\/\/cbf.ca\/#website","url":"https:\/\/cbf.ca\/","name":"Canadian Bridge Federation","description":"F\u00e9d\u00e9ration canadienne de bridge","potentialAction":[{"@type":"SearchAction","target":{"@type":"EntryPoint","urlTemplate":"https:\/\/cbf.ca\/?s={search_term_string}"},"query-input":"required name=search_term_string"}],"inLanguage":"fr-FR"}]}},"_links":{"self":[{"href":"https:\/\/cbf.ca\/fr\/wp-json\/wp\/v2\/pages\/3420"}],"collection":[{"href":"https:\/\/cbf.ca\/fr\/wp-json\/wp\/v2\/pages"}],"about":[{"href":"https:\/\/cbf.ca\/fr\/wp-json\/wp\/v2\/types\/page"}],"author":[{"embeddable":true,"href":"https:\/\/cbf.ca\/fr\/wp-json\/wp\/v2\/users\/1"}],"replies":[{"embeddable":true,"href":"https:\/\/cbf.ca\/fr\/wp-json\/wp\/v2\/comments?post=3420"}],"version-history":[{"count":6,"href":"https:\/\/cbf.ca\/fr\/wp-json\/wp\/v2\/pages\/3420\/revisions"}],"predecessor-version":[{"id":7275,"href":"https:\/\/cbf.ca\/fr\/wp-json\/wp\/v2\/pages\/3420\/revisions\/7275"}],"up":[{"embeddable":true,"href":"https:\/\/cbf.ca\/fr\/wp-json\/wp\/v2\/pages\/3408"}],"wp:attachment":[{"href":"https:\/\/cbf.ca\/fr\/wp-json\/wp\/v2\/media?parent=3420"}],"curies":[{"name":"wp","href":"https:\/\/api.w.org\/{rel}","templated":true}]}}