{"id":3412,"date":"2014-09-14T05:36:41","date_gmt":"2014-09-14T01:36:41","guid":{"rendered":"http:\/\/cbf.ca\/?page_id=3412"},"modified":"2020-05-03T21:54:17","modified_gmt":"2020-05-03T21:54:17","slug":"eligibilite-a-representer-le-canada","status":"publish","type":"page","link":"https:\/\/cbf.ca\/fr\/politiques-de-la-fcb\/eligibilite-a-representer-le-canada\/","title":{"rendered":"\u00c9ligibilit\u00e9 \u00e0 repr\u00e9senter le Canada"},"content":{"rendered":"<ol>\n<li>Tous les joueurs qui satisfont aux crit\u00e8res de participation ont le <strong>droit<\/strong> de participer aux Championnats nationaux canadiens par \u00e9quipes. Cependant, repr\u00e9senter le Canada sur la sc\u00e8ne internationale n\u2019est pas un droit, mais un <strong>privil\u00e8ge, qui peut \u00eatre accord\u00e9 ou refus\u00e9<\/strong>.<\/li>\n<\/ol>\n<ol start=\"2\">\n<li>La F\u00e9d\u00e9ration canadienne de bridge (FCB) se r\u00e9serve le droit d\u2019\u00e9carter de la comp\u00e9tition internationale tout joueur, toute paire ou toute \u00e9quipe, peu importe sa performance, pour des raisons d\u2019hygi\u00e8ne personnelle, de tenue vestimentaire, de comportement, de statut dans la FCB ou de manquement \u00e0 l\u2019\u00e9thique.<\/li>\n<\/ol>\n<ol start=\"3\">\n<li><strong>Adh\u00e9sion \u00e0 la FCB<\/strong>\n<ol>\n<li>Pour \u00eatre \u00e9ligible \u00e0 repr\u00e9senter le Canada sur la sc\u00e8ne internationale, un joueur doit \u00eatre membre en r\u00e8gle de la FCB.<\/li>\n<li>Le joueur n\u2019a pas cess\u00e9 d\u2019\u00eatre membre de la FCB pendant plus de quatre (4) mois depuis le 1<sup>er<\/sup> janvier de l\u2019ann\u00e9e de calendrier pr\u00e9c\u00e9dant les Championnats canadiens. <strong>Cependant<\/strong>, <strong>un<\/strong> <strong>joueur ne satisfaisant pas \u00e0 cette condition pour la premi\u00e8re fois sera \u00e9ligible \u00e0 repr\u00e9senter le Canada sur paiement d\u2019une p\u00e9nalit\u00e9 de 200$, avant le d\u00e9but des Championnats canadiens. Si l\u2019\u00e9quipe de ce joueur est s\u00e9lectionn\u00e9e pour repr\u00e9senter le Canada, la subvention totale de la FCB donn\u00e9e \u00e0 l\u2019\u00e9quipe sera r\u00e9duite de 5%.<\/strong><\/li>\n<li>Les nouveaux membres de la FCB sont exempt\u00e9s de la condition de l\u2019article 3.2 ci-dessus. La d\u00e9termination du statut de nouveau membre est enti\u00e8rement \u00e0 la discr\u00e9tion du Conseil d\u2019administration de la FCB.<\/li>\n<\/ol>\n<\/li>\n<\/ol>\n<ol start=\"4\">\n<li><strong>Composition de l\u2019\u00e9quipe<\/strong>\n<ol>\n<li>L\u2019\u00e9quipe gagnante des Championnat canadiens\u00a0qui veut repr\u00e9senter le Canada sur la sc\u00e8ne internationale doit retenir un minimum de 4 joueurs issus de l\u2019\u00e9quipe initiale. Sinon, elle devra c\u00e9der sa place \u00e0 l\u2019\u00e9quipe finaliste suivante qui est \u00e9ligible, et ainsi de suite, s\u2019il y a lieu. Pour les\u00a0\u00e9quipes class\u00e9es 3\u00e8\/4\u00e8, celle ayant termin\u00e9 avant l&rsquo;autre au tournoi\u00a0\u00e0 la ronde aura pr\u00e9s\u00e9ance.<\/li>\n<li>Les \u00e9quipes qui repr\u00e9sentent le Canada aux <em>Jeux mondiaux de bridge<\/em> (auparavant les Olympiades mondiales par \u00e9quipes) ou aux <em>Championnats mondiaux de bridge par \u00e9quipes<\/em> (Bermuda Bowl, Venice Cup et Troph\u00e9e D\u2019Orsi Senior) doivent \u00eatre constitu\u00e9es de six joueurs plus un capitaine non-joueur (CNJ). Si une \u00e9quipe comprenant 4 ou 5 joueurs devient \u00e9ligible pour repr\u00e9senter le Canada \u00e0 l\u2019un de ces championnats mondiaux, cette \u00e9quipe devra passer \u00e0 6 joueurs.<br \/>\nSauf dans des circonstances exceptionnelles, avec l&rsquo;approbation du Conseil d\u2019administration de la FCB, les joueurs qui seront ajout\u00e9s devront remplir l&rsquo;unde des deux conditions suivantes:\n<ul>\n<li>avoir jou\u00e9 dans la phase finale nationale de l&rsquo;un des quatre grands championnats canadiens par \u00e9quipes (CNTC-A, CWTC, CSTC ou CMTC) qualifiant les \u00e9quipes pour ce championnat mondial, OU<\/li>\n<li>avoir particip\u00e9 \u00e0 la phase finale nationale de l&rsquo;un des quatre grands championnats canadiens par \u00e9quipes dans 3 des 5 derniers championnats canadiens de bridge.<\/li>\n<\/ul>\n<\/li>\n<\/ol>\n<\/li>\n<\/ol>\n<ol start=\"5\">\n<li><strong>Joueurs Ind\u00e9sirables<\/strong>\n<ol>\n<li>Un joueur admissible au championnat, mais inadmissible \u00e0 la comp\u00e9tition pour laquelle cette finale qualifie une \u00e9quipe, est consid\u00e9r\u00e9 comme un joueur \u00ab\u00a0ind\u00e9sirable\u00a0\u00bb. Des raisons possibles de cet \u00e9tat incluent\n<ol>\n<li>Un joueur qui a repr\u00e9sent\u00e9 un autre pays que le Canada dans une comp\u00e9tition de la WBF (F\u00e9d\u00e9ration mondiale de bridge) ne peut repr\u00e9senter le Canada dans un \u00e9v\u00e9nement de la WBF pendant une p\u00e9riode de temps sp\u00e9cifi\u00e9e dans les Lois et r\u00e8glements de la WBF. Un tel joueur est \u00ab\u00a0ind\u00e9sirable\u00a0\u00bb dans les ann\u00e9es o\u00f9 la Finale nationale qualifie une \u00e9quipe pour participer aux championnats de la WBF.<\/li>\n<li>Un joueur en probation \u00e0 l\u2019ACBL n\u2019est pas \u00e9ligible \u00e0 repr\u00e9senter le Canada sur la sc\u00e8ne internationale et est donc \u00ab\u00a0ind\u00e9sirable\u00a0\u00bb, sauf si la proc\u00e9dure d\u2019appel au Conseil d\u2019administration de l\u2019ACBL a permis de lever la sanction contre lui.<\/li>\n<li>Un joueur qui ne satisfait pas aux exigences de la\u00a0WBF (telles qu\u2019expliqu\u00e9es au point 3 ci-dessus) est consid\u00e9r\u00e9 \u00ab\u00a0ind\u00e9sirable\u00a0\u00bb.<\/li>\n<\/ol>\n<\/li>\n<li>Une \u00e9quipe qui autrement serait admissible et qui s\u2019inscrit <strong>sciemment<\/strong> Championnat avec un ou plusieurs joueurs \u00ab\u00a0ind\u00e9sirables\u00a0\u00bb peut jouer dans le Championnat, mais ne pourra pas repr\u00e9senter le Canada.<\/li>\n<li>Lorsqu\u2019un cas d\u2019\u00ab\u00a0ind\u00e9sirable\u00a0\u00bb se produit durant le d\u00e9roulement du Championnat canadien impliquant un joueur sur une \u00e9quipe auparavant sans probl\u00e8me, l\u2019\u00e9quipe affect\u00e9e pourra choisir\u00a0:\n<ol>\n<li>de continuer la comp\u00e9tition avec le ou les joueurs \u00ab\u00a0ind\u00e9sirables\u00a0\u00bb, auquel cas elle pourra gagner le Championnat canadien, mais ne pourra pas repr\u00e9senter le Canada dans les comp\u00e9titions interdites \u00e0 un de ces joueurs \u00ab\u00a0ind\u00e9sirables\u00a0\u00bb.<\/li>\n<li>de continuer la comp\u00e9tition sans ce(s) joueur(s), en rempla\u00e7ant un ou tous ces joueurs, au choix de l\u2019\u00e9quipe (\u00e0 condition toutefois qu\u2019il reste au moins deux membres originaux de l\u2019\u00e9quipe), ou<\/li>\n<li>de se retirer de la comp\u00e9tition (mais cette option ne peut \u00eatre choisie si, dans l\u2019opinion du Coordonnateur national, cela pourrait bouleverser le mouvement du tournoi pendant le Championnat canadien).<\/li>\n<\/ol>\n<\/li>\n<li>Lorsqu&rsquo;une \u00e9quipe n&rsquo;est pas admissible \u00e0 repr\u00e9senter le Canada, son rang dans le classement g\u00e9n\u00e9ral du championnat est attribu\u00e9 \u00e0 l&rsquo;\u00e9quipe qui la suit au classement, et ce uniquement pour les fins de la repr\u00e9sentation.\u00a0Dans tous les cas, le Conseil d\u2019administration de la FCB sera l\u2019instance ultime qui d\u00e9cidera de la repr\u00e9sentation canadienne.<\/li>\n<\/ol>\n<\/li>\n<\/ol>\n<p>&nbsp;<\/p>\n<p>&nbsp;<\/p>\n","protected":false},"excerpt":{"rendered":"<p>Tous les joueurs qui satisfont aux crit\u00e8res de participation ont le droit de participer aux Championnats nationaux canadiens par \u00e9quipes. Cependant, repr\u00e9senter le Canada sur la sc\u00e8ne internationale n\u2019est pas un droit, mais un privil\u00e8ge, qui peut \u00eatre accord\u00e9 ou refus\u00e9. La F\u00e9d\u00e9ration canadienne de bridge (FCB) se r\u00e9serve le droit d\u2019\u00e9carter de la comp\u00e9tition<br><a class=\"moretag signature-animation\" href=\"https:\/\/cbf.ca\/fr\/politiques-de-la-fcb\/eligibilite-a-representer-le-canada\/\">CONTINUER LA LECTURE<\/a>","protected":false},"author":1,"featured_media":0,"parent":3408,"menu_order":0,"comment_status":"closed","ping_status":"closed","template":"","meta":{"footnotes":""},"yoast_head":"<!-- This site is optimized with the Yoast SEO plugin v22.3 - https:\/\/yoast.com\/wordpress\/plugins\/seo\/ -->\n<title>\u00c9ligibilit\u00e9 \u00e0 repr\u00e9senter le Canada - Canadian Bridge Federation<\/title>\n<meta name=\"robots\" content=\"index, follow, max-snippet:-1, max-image-preview:large, max-video-preview:-1\" \/>\n<link rel=\"canonical\" href=\"https:\/\/cbf.ca\/fr\/politiques-de-la-fcb\/eligibilite-a-representer-le-canada\/\" \/>\n<meta property=\"og:locale\" content=\"fr_FR\" \/>\n<meta property=\"og:type\" content=\"article\" \/>\n<meta property=\"og:title\" content=\"\u00c9ligibilit\u00e9 \u00e0 repr\u00e9senter le Canada - Canadian Bridge Federation\" \/>\n<meta property=\"og:description\" content=\"Tous les joueurs qui satisfont aux crit\u00e8res de participation ont le droit de participer aux Championnats nationaux canadiens par \u00e9quipes. Cependant, repr\u00e9senter le Canada sur la sc\u00e8ne internationale n\u2019est pas un droit, mais un privil\u00e8ge, qui peut \u00eatre accord\u00e9 ou refus\u00e9. La F\u00e9d\u00e9ration canadienne de bridge (FCB) se r\u00e9serve le droit d\u2019\u00e9carter de la comp\u00e9tition\" \/>\n<meta property=\"og:url\" content=\"https:\/\/cbf.ca\/fr\/politiques-de-la-fcb\/eligibilite-a-representer-le-canada\/\" \/>\n<meta property=\"og:site_name\" content=\"Canadian Bridge Federation\" \/>\n<meta property=\"article:publisher\" content=\"https:\/\/www.facebook.com\/Canadian.Bridge.Federation\/\" \/>\n<meta property=\"article:modified_time\" content=\"2020-05-03T21:54:17+00:00\" \/>\n<meta name=\"twitter:label1\" content=\"Dur\u00e9e de lecture estim\u00e9e\" \/>\n\t<meta name=\"twitter:data1\" content=\"4 minutes\" \/>\n<script type=\"application\/ld+json\" class=\"yoast-schema-graph\">{\"@context\":\"https:\/\/schema.org\",\"@graph\":[{\"@type\":\"WebPage\",\"@id\":\"https:\/\/cbf.ca\/fr\/politiques-de-la-fcb\/eligibilite-a-representer-le-canada\/\",\"url\":\"https:\/\/cbf.ca\/fr\/politiques-de-la-fcb\/eligibilite-a-representer-le-canada\/\",\"name\":\"\u00c9ligibilit\u00e9 \u00e0 repr\u00e9senter le Canada - Canadian Bridge Federation\",\"isPartOf\":{\"@id\":\"https:\/\/cbf.ca\/#website\"},\"datePublished\":\"2014-09-14T01:36:41+00:00\",\"dateModified\":\"2020-05-03T21:54:17+00:00\",\"breadcrumb\":{\"@id\":\"https:\/\/cbf.ca\/fr\/politiques-de-la-fcb\/eligibilite-a-representer-le-canada\/#breadcrumb\"},\"inLanguage\":\"fr-FR\",\"potentialAction\":[{\"@type\":\"ReadAction\",\"target\":[\"https:\/\/cbf.ca\/fr\/politiques-de-la-fcb\/eligibilite-a-representer-le-canada\/\"]}]},{\"@type\":\"BreadcrumbList\",\"@id\":\"https:\/\/cbf.ca\/fr\/politiques-de-la-fcb\/eligibilite-a-representer-le-canada\/#breadcrumb\",\"itemListElement\":[{\"@type\":\"ListItem\",\"position\":1,\"name\":\"Home\",\"item\":\"https:\/\/cbf.ca\/\"},{\"@type\":\"ListItem\",\"position\":2,\"name\":\"Politiques de la FCB\",\"item\":\"https:\/\/cbf.ca\/fr\/politiques-de-la-fcb\/\"},{\"@type\":\"ListItem\",\"position\":3,\"name\":\"\u00c9ligibilit\u00e9 \u00e0 repr\u00e9senter le Canada\"}]},{\"@type\":\"WebSite\",\"@id\":\"https:\/\/cbf.ca\/#website\",\"url\":\"https:\/\/cbf.ca\/\",\"name\":\"Canadian Bridge Federation\",\"description\":\"F\u00e9d\u00e9ration canadienne de bridge\",\"potentialAction\":[{\"@type\":\"SearchAction\",\"target\":{\"@type\":\"EntryPoint\",\"urlTemplate\":\"https:\/\/cbf.ca\/?s={search_term_string}\"},\"query-input\":\"required name=search_term_string\"}],\"inLanguage\":\"fr-FR\"}]}<\/script>\n<!-- \/ Yoast SEO plugin. -->","yoast_head_json":{"title":"\u00c9ligibilit\u00e9 \u00e0 repr\u00e9senter le Canada - Canadian Bridge Federation","robots":{"index":"index","follow":"follow","max-snippet":"max-snippet:-1","max-image-preview":"max-image-preview:large","max-video-preview":"max-video-preview:-1"},"canonical":"https:\/\/cbf.ca\/fr\/politiques-de-la-fcb\/eligibilite-a-representer-le-canada\/","og_locale":"fr_FR","og_type":"article","og_title":"\u00c9ligibilit\u00e9 \u00e0 repr\u00e9senter le Canada - Canadian Bridge Federation","og_description":"Tous les joueurs qui satisfont aux crit\u00e8res de participation ont le droit de participer aux Championnats nationaux canadiens par \u00e9quipes. Cependant, repr\u00e9senter le Canada sur la sc\u00e8ne internationale n\u2019est pas un droit, mais un privil\u00e8ge, qui peut \u00eatre accord\u00e9 ou refus\u00e9. La F\u00e9d\u00e9ration canadienne de bridge (FCB) se r\u00e9serve le droit d\u2019\u00e9carter de la comp\u00e9tition","og_url":"https:\/\/cbf.ca\/fr\/politiques-de-la-fcb\/eligibilite-a-representer-le-canada\/","og_site_name":"Canadian Bridge Federation","article_publisher":"https:\/\/www.facebook.com\/Canadian.Bridge.Federation\/","article_modified_time":"2020-05-03T21:54:17+00:00","twitter_misc":{"Dur\u00e9e de lecture estim\u00e9e":"4 minutes"},"schema":{"@context":"https:\/\/schema.org","@graph":[{"@type":"WebPage","@id":"https:\/\/cbf.ca\/fr\/politiques-de-la-fcb\/eligibilite-a-representer-le-canada\/","url":"https:\/\/cbf.ca\/fr\/politiques-de-la-fcb\/eligibilite-a-representer-le-canada\/","name":"\u00c9ligibilit\u00e9 \u00e0 repr\u00e9senter le Canada - Canadian Bridge Federation","isPartOf":{"@id":"https:\/\/cbf.ca\/#website"},"datePublished":"2014-09-14T01:36:41+00:00","dateModified":"2020-05-03T21:54:17+00:00","breadcrumb":{"@id":"https:\/\/cbf.ca\/fr\/politiques-de-la-fcb\/eligibilite-a-representer-le-canada\/#breadcrumb"},"inLanguage":"fr-FR","potentialAction":[{"@type":"ReadAction","target":["https:\/\/cbf.ca\/fr\/politiques-de-la-fcb\/eligibilite-a-representer-le-canada\/"]}]},{"@type":"BreadcrumbList","@id":"https:\/\/cbf.ca\/fr\/politiques-de-la-fcb\/eligibilite-a-representer-le-canada\/#breadcrumb","itemListElement":[{"@type":"ListItem","position":1,"name":"Home","item":"https:\/\/cbf.ca\/"},{"@type":"ListItem","position":2,"name":"Politiques de la FCB","item":"https:\/\/cbf.ca\/fr\/politiques-de-la-fcb\/"},{"@type":"ListItem","position":3,"name":"\u00c9ligibilit\u00e9 \u00e0 repr\u00e9senter le Canada"}]},{"@type":"WebSite","@id":"https:\/\/cbf.ca\/#website","url":"https:\/\/cbf.ca\/","name":"Canadian Bridge Federation","description":"F\u00e9d\u00e9ration canadienne de bridge","potentialAction":[{"@type":"SearchAction","target":{"@type":"EntryPoint","urlTemplate":"https:\/\/cbf.ca\/?s={search_term_string}"},"query-input":"required name=search_term_string"}],"inLanguage":"fr-FR"}]}},"_links":{"self":[{"href":"https:\/\/cbf.ca\/fr\/wp-json\/wp\/v2\/pages\/3412"}],"collection":[{"href":"https:\/\/cbf.ca\/fr\/wp-json\/wp\/v2\/pages"}],"about":[{"href":"https:\/\/cbf.ca\/fr\/wp-json\/wp\/v2\/types\/page"}],"author":[{"embeddable":true,"href":"https:\/\/cbf.ca\/fr\/wp-json\/wp\/v2\/users\/1"}],"replies":[{"embeddable":true,"href":"https:\/\/cbf.ca\/fr\/wp-json\/wp\/v2\/comments?post=3412"}],"version-history":[{"count":9,"href":"https:\/\/cbf.ca\/fr\/wp-json\/wp\/v2\/pages\/3412\/revisions"}],"predecessor-version":[{"id":13742,"href":"https:\/\/cbf.ca\/fr\/wp-json\/wp\/v2\/pages\/3412\/revisions\/13742"}],"up":[{"embeddable":true,"href":"https:\/\/cbf.ca\/fr\/wp-json\/wp\/v2\/pages\/3408"}],"wp:attachment":[{"href":"https:\/\/cbf.ca\/fr\/wp-json\/wp\/v2\/media?parent=3412"}],"curies":[{"name":"wp","href":"https:\/\/api.w.org\/{rel}","templated":true}]}}