{"id":3410,"date":"2014-09-14T05:35:29","date_gmt":"2014-09-14T01:35:29","guid":{"rendered":"http:\/\/cbf.ca\/?page_id=3410"},"modified":"2021-09-17T08:13:12","modified_gmt":"2021-09-17T04:13:12","slug":"politique-sur-les-appareils-electroniques","status":"publish","type":"page","link":"https:\/\/cbf.ca\/fr\/politiques-de-la-fcb\/politique-sur-les-appareils-electroniques\/","title":{"rendered":"Politique sur les appareils \u00e9lectroniques"},"content":{"rendered":"<p>Aucun appareil \u00e9lectronique (sauf pour raison m\u00e9dicale) n\u2019est permis dans la salle de jeu ou dans les environs (incluant les toilettes). Les directeurs de tournoi g\u00e9reront les situations de communications d\u2019urgence ou importantes au cas par cas, selon leur jugement.<\/p>\n<p>Les p\u00e9nalit\u00e9s suivantes seront appliqu\u00e9es si un joueur se trouve dans la salle de jeu ou dans les environs en possession d\u2019un appareil \u00e9lectronique\u00a0:<\/p>\n<ul>\n<li>Si c\u2019est au cours du tournoi \u00e0 la ronde d&rsquo;un match par \u00e9quipes, l\u2019\u00e9quipe du joueur sera p\u00e9nalis\u00e9e de 2 points de victoire.<\/li>\n<li>Si c\u2019est au cours d\u2019un match KO par \u00e9quipes, l\u2019\u00e9quipe du joueur sera p\u00e9nalis\u00e9e de 6 IMP.<\/li>\n<li>Si c\u2019est au cours d\u2019un tournoi de paires en IMP, la paire sera p\u00e9nalis\u00e9e de 6 IMP.<\/li>\n<li>Si c\u2019est au cours d\u2019un tournoi par paires, la paire sera p\u00e9nalis\u00e9e 25% d\u2019un \u00e9tui.<\/li>\n<\/ul>\n<p>Les spectateurs violant cette politique seront expuls\u00e9s de la salle de jeu pour le reste de la s\u00e9ance.<\/p>\n<p>&nbsp;<\/p>\n<p>&nbsp;<\/p>\n","protected":false},"excerpt":{"rendered":"<p>Aucun appareil \u00e9lectronique (sauf pour raison m\u00e9dicale) n\u2019est permis dans la salle de jeu ou dans les environs (incluant les toilettes). Les directeurs de tournoi g\u00e9reront les situations de communications d\u2019urgence ou importantes au cas par cas, selon leur jugement. Les p\u00e9nalit\u00e9s suivantes seront appliqu\u00e9es si un joueur se trouve dans la salle de jeu<br><a class=\"moretag signature-animation\" href=\"https:\/\/cbf.ca\/fr\/politiques-de-la-fcb\/politique-sur-les-appareils-electroniques\/\">CONTINUER LA LECTURE<\/a>","protected":false},"author":1,"featured_media":0,"parent":3408,"menu_order":0,"comment_status":"closed","ping_status":"closed","template":"","meta":{"footnotes":""},"yoast_head":"<!-- This site is optimized with the Yoast SEO plugin v22.3 - https:\/\/yoast.com\/wordpress\/plugins\/seo\/ -->\n<title>Politique sur les appareils \u00e9lectroniques - Canadian Bridge Federation<\/title>\n<meta name=\"robots\" content=\"index, follow, max-snippet:-1, max-image-preview:large, max-video-preview:-1\" \/>\n<link rel=\"canonical\" href=\"https:\/\/cbf.ca\/fr\/politiques-de-la-fcb\/politique-sur-les-appareils-electroniques\/\" \/>\n<meta property=\"og:locale\" content=\"fr_FR\" \/>\n<meta property=\"og:type\" content=\"article\" \/>\n<meta property=\"og:title\" content=\"Politique sur les appareils \u00e9lectroniques - Canadian Bridge Federation\" \/>\n<meta property=\"og:description\" content=\"Aucun appareil \u00e9lectronique (sauf pour raison m\u00e9dicale) n\u2019est permis dans la salle de jeu ou dans les environs (incluant les toilettes). Les directeurs de tournoi g\u00e9reront les situations de communications d\u2019urgence ou importantes au cas par cas, selon leur jugement. Les p\u00e9nalit\u00e9s suivantes seront appliqu\u00e9es si un joueur se trouve dans la salle de jeu\" \/>\n<meta property=\"og:url\" content=\"https:\/\/cbf.ca\/fr\/politiques-de-la-fcb\/politique-sur-les-appareils-electroniques\/\" \/>\n<meta property=\"og:site_name\" content=\"Canadian Bridge Federation\" \/>\n<meta property=\"article:publisher\" content=\"https:\/\/www.facebook.com\/Canadian.Bridge.Federation\/\" \/>\n<meta property=\"article:modified_time\" content=\"2021-09-17T04:13:12+00:00\" \/>\n<meta name=\"twitter:label1\" content=\"Dur\u00e9e de lecture estim\u00e9e\" \/>\n\t<meta name=\"twitter:data1\" content=\"1 minute\" \/>\n<script type=\"application\/ld+json\" class=\"yoast-schema-graph\">{\"@context\":\"https:\/\/schema.org\",\"@graph\":[{\"@type\":\"WebPage\",\"@id\":\"https:\/\/cbf.ca\/fr\/politiques-de-la-fcb\/politique-sur-les-appareils-electroniques\/\",\"url\":\"https:\/\/cbf.ca\/fr\/politiques-de-la-fcb\/politique-sur-les-appareils-electroniques\/\",\"name\":\"Politique sur les appareils \u00e9lectroniques - Canadian Bridge Federation\",\"isPartOf\":{\"@id\":\"https:\/\/cbf.ca\/#website\"},\"datePublished\":\"2014-09-14T01:35:29+00:00\",\"dateModified\":\"2021-09-17T04:13:12+00:00\",\"breadcrumb\":{\"@id\":\"https:\/\/cbf.ca\/fr\/politiques-de-la-fcb\/politique-sur-les-appareils-electroniques\/#breadcrumb\"},\"inLanguage\":\"fr-FR\",\"potentialAction\":[{\"@type\":\"ReadAction\",\"target\":[\"https:\/\/cbf.ca\/fr\/politiques-de-la-fcb\/politique-sur-les-appareils-electroniques\/\"]}]},{\"@type\":\"BreadcrumbList\",\"@id\":\"https:\/\/cbf.ca\/fr\/politiques-de-la-fcb\/politique-sur-les-appareils-electroniques\/#breadcrumb\",\"itemListElement\":[{\"@type\":\"ListItem\",\"position\":1,\"name\":\"Home\",\"item\":\"https:\/\/cbf.ca\/\"},{\"@type\":\"ListItem\",\"position\":2,\"name\":\"Politiques de la FCB\",\"item\":\"https:\/\/cbf.ca\/fr\/politiques-de-la-fcb\/\"},{\"@type\":\"ListItem\",\"position\":3,\"name\":\"Politique sur les appareils \u00e9lectroniques\"}]},{\"@type\":\"WebSite\",\"@id\":\"https:\/\/cbf.ca\/#website\",\"url\":\"https:\/\/cbf.ca\/\",\"name\":\"Canadian Bridge Federation\",\"description\":\"F\u00e9d\u00e9ration canadienne de bridge\",\"potentialAction\":[{\"@type\":\"SearchAction\",\"target\":{\"@type\":\"EntryPoint\",\"urlTemplate\":\"https:\/\/cbf.ca\/?s={search_term_string}\"},\"query-input\":\"required name=search_term_string\"}],\"inLanguage\":\"fr-FR\"}]}<\/script>\n<!-- \/ Yoast SEO plugin. -->","yoast_head_json":{"title":"Politique sur les appareils \u00e9lectroniques - Canadian Bridge Federation","robots":{"index":"index","follow":"follow","max-snippet":"max-snippet:-1","max-image-preview":"max-image-preview:large","max-video-preview":"max-video-preview:-1"},"canonical":"https:\/\/cbf.ca\/fr\/politiques-de-la-fcb\/politique-sur-les-appareils-electroniques\/","og_locale":"fr_FR","og_type":"article","og_title":"Politique sur les appareils \u00e9lectroniques - Canadian Bridge Federation","og_description":"Aucun appareil \u00e9lectronique (sauf pour raison m\u00e9dicale) n\u2019est permis dans la salle de jeu ou dans les environs (incluant les toilettes). Les directeurs de tournoi g\u00e9reront les situations de communications d\u2019urgence ou importantes au cas par cas, selon leur jugement. Les p\u00e9nalit\u00e9s suivantes seront appliqu\u00e9es si un joueur se trouve dans la salle de jeu","og_url":"https:\/\/cbf.ca\/fr\/politiques-de-la-fcb\/politique-sur-les-appareils-electroniques\/","og_site_name":"Canadian Bridge Federation","article_publisher":"https:\/\/www.facebook.com\/Canadian.Bridge.Federation\/","article_modified_time":"2021-09-17T04:13:12+00:00","twitter_misc":{"Dur\u00e9e de lecture estim\u00e9e":"1 minute"},"schema":{"@context":"https:\/\/schema.org","@graph":[{"@type":"WebPage","@id":"https:\/\/cbf.ca\/fr\/politiques-de-la-fcb\/politique-sur-les-appareils-electroniques\/","url":"https:\/\/cbf.ca\/fr\/politiques-de-la-fcb\/politique-sur-les-appareils-electroniques\/","name":"Politique sur les appareils \u00e9lectroniques - Canadian Bridge Federation","isPartOf":{"@id":"https:\/\/cbf.ca\/#website"},"datePublished":"2014-09-14T01:35:29+00:00","dateModified":"2021-09-17T04:13:12+00:00","breadcrumb":{"@id":"https:\/\/cbf.ca\/fr\/politiques-de-la-fcb\/politique-sur-les-appareils-electroniques\/#breadcrumb"},"inLanguage":"fr-FR","potentialAction":[{"@type":"ReadAction","target":["https:\/\/cbf.ca\/fr\/politiques-de-la-fcb\/politique-sur-les-appareils-electroniques\/"]}]},{"@type":"BreadcrumbList","@id":"https:\/\/cbf.ca\/fr\/politiques-de-la-fcb\/politique-sur-les-appareils-electroniques\/#breadcrumb","itemListElement":[{"@type":"ListItem","position":1,"name":"Home","item":"https:\/\/cbf.ca\/"},{"@type":"ListItem","position":2,"name":"Politiques de la FCB","item":"https:\/\/cbf.ca\/fr\/politiques-de-la-fcb\/"},{"@type":"ListItem","position":3,"name":"Politique sur les appareils \u00e9lectroniques"}]},{"@type":"WebSite","@id":"https:\/\/cbf.ca\/#website","url":"https:\/\/cbf.ca\/","name":"Canadian Bridge Federation","description":"F\u00e9d\u00e9ration canadienne de bridge","potentialAction":[{"@type":"SearchAction","target":{"@type":"EntryPoint","urlTemplate":"https:\/\/cbf.ca\/?s={search_term_string}"},"query-input":"required name=search_term_string"}],"inLanguage":"fr-FR"}]}},"_links":{"self":[{"href":"https:\/\/cbf.ca\/fr\/wp-json\/wp\/v2\/pages\/3410"}],"collection":[{"href":"https:\/\/cbf.ca\/fr\/wp-json\/wp\/v2\/pages"}],"about":[{"href":"https:\/\/cbf.ca\/fr\/wp-json\/wp\/v2\/types\/page"}],"author":[{"embeddable":true,"href":"https:\/\/cbf.ca\/fr\/wp-json\/wp\/v2\/users\/1"}],"replies":[{"embeddable":true,"href":"https:\/\/cbf.ca\/fr\/wp-json\/wp\/v2\/comments?post=3410"}],"version-history":[{"count":7,"href":"https:\/\/cbf.ca\/fr\/wp-json\/wp\/v2\/pages\/3410\/revisions"}],"predecessor-version":[{"id":17754,"href":"https:\/\/cbf.ca\/fr\/wp-json\/wp\/v2\/pages\/3410\/revisions\/17754"}],"up":[{"embeddable":true,"href":"https:\/\/cbf.ca\/fr\/wp-json\/wp\/v2\/pages\/3408"}],"wp:attachment":[{"href":"https:\/\/cbf.ca\/fr\/wp-json\/wp\/v2\/media?parent=3410"}],"curies":[{"name":"wp","href":"https:\/\/api.w.org\/{rel}","templated":true}]}}