{"id":3408,"date":"2014-09-03T23:30:28","date_gmt":"2014-09-03T23:30:28","guid":{"rendered":"http:\/\/cbf.ca\/?page_id=3408"},"modified":"2021-02-24T13:37:20","modified_gmt":"2021-02-24T13:37:20","slug":"politiques-de-la-fcb","status":"publish","type":"page","link":"https:\/\/cbf.ca\/fr\/politiques-de-la-fcb\/","title":{"rendered":"Politiques de la FCB"},"content":{"rendered":"<p>Dans cette section, vous trouverez les politiques de la FCB suivantes<\/p>\n<p style=\"padding-left: 60px;\"><a href=\"http:\/\/cbf.ca\/fr\/politiques-de-la-fcb\/politique-de-la-fcb-sur-la-tolerance-zero\/\">Politique de la FCB sur la tol\u00e9rance z\u00e9ro<\/a><\/p>\n<p style=\"padding-left: 60px;\"><a href=\"http:\/\/cbf.ca\/fr\/politiques-de-la-fcb\/reglements-sur-la-lenteur-excessive\/\">R\u00e8glement sur la lenteur excessive<\/a><\/p>\n<p style=\"padding-left: 60px;\"><a href=\"https:\/\/cbf.ca\/fr\/politiques-de-la-fcb\/politique-du-jeu-lent-en-ligne\/\" target=\"_blank\">Politique sur le jeu lent en ligne<\/a><\/p>\n<p style=\"padding-left: 60px;\"><a href=\"http:\/\/cbf.ca\/fr\/politiques-de-la-fcb\/politique-sur-les-appareils-electroniques\/\">Politique sur les appareils \u00e9lectroniques<\/a><\/p>\n<p style=\"padding-left: 60px;\"><a href=\"http:\/\/cbf.ca\/fr\/politiques-de-la-fcb\/politique-pour-lapparence-lhygiene-et-le-comportement\/\">Politique pour l&rsquo;apparence, l&rsquo;hygi\u00e8ne et le comportement<\/a><\/p>\n<p style=\"padding-left: 60px;\"><a href=\"http:\/\/cbf.ca\/fr\/politiques-de-la-fcb\/politique-sur-le-tabac\/\">Politique sur le tabac<\/a><\/p>\n<p style=\"padding-left: 60px;\"><a href=\"http:\/\/cbf.ca\/fr\/politiques-de-la-fcb\/scent-free-policy\/\">Tournois sans parfum<\/a><\/p>\n<p style=\"padding-left: 60px;\"><a href=\"http:\/\/cbf.ca\/fr\/politiques-de-la-fcb\/eligibilite-a-representer-le-canada\/\">\u00c9ligibilit\u00e9 \u00e0 repr\u00e9senter le Canada<\/a><\/p>\n<p style=\"padding-left: 60px;\"><a href=\"http:\/\/cbf.ca\/fr\/politiques-de-la-fcb\/code-de-conduite\/\">Code de conduite<\/a><\/p>\n<p style=\"padding-left: 60px;\"><a href=\"http:\/\/cbf.ca\/fr\/politiques-de-la-fcb\/politiques-specifiques-et-directives-pour-proteger-les-joueurs-mineurs-et-les-juniors\/\">Politiques sp\u00e9cifiques et directives pour prot\u00e9ger les joueurs mineurs et les juniors<\/a><\/p>\n","protected":false},"excerpt":{"rendered":"<p>Dans cette section, vous trouverez les politiques de la FCB suivantes Politique de la FCB sur la tol\u00e9rance z\u00e9ro R\u00e8glement sur la lenteur excessive Politique sur le jeu lent en ligne Politique sur les appareils \u00e9lectroniques Politique pour l&rsquo;apparence, l&rsquo;hygi\u00e8ne et le comportement Politique sur le tabac Tournois sans parfum \u00c9ligibilit\u00e9 \u00e0 repr\u00e9senter le Canada<br><a class=\"moretag signature-animation\" href=\"https:\/\/cbf.ca\/fr\/politiques-de-la-fcb\/\">CONTINUER LA LECTURE<\/a>","protected":false},"author":1,"featured_media":0,"parent":0,"menu_order":0,"comment_status":"closed","ping_status":"closed","template":"","meta":{"footnotes":""},"yoast_head":"<!-- This site is optimized with the Yoast SEO plugin v22.3 - https:\/\/yoast.com\/wordpress\/plugins\/seo\/ -->\n<title>Politiques de la FCB - Canadian Bridge Federation<\/title>\n<meta name=\"robots\" content=\"index, follow, max-snippet:-1, max-image-preview:large, max-video-preview:-1\" \/>\n<link rel=\"canonical\" href=\"https:\/\/cbf.ca\/fr\/politiques-de-la-fcb\/\" \/>\n<meta property=\"og:locale\" content=\"fr_FR\" \/>\n<meta property=\"og:type\" content=\"article\" \/>\n<meta property=\"og:title\" content=\"Politiques de la FCB - Canadian Bridge Federation\" \/>\n<meta property=\"og:description\" content=\"Dans cette section, vous trouverez les politiques de la FCB suivantes Politique de la FCB sur la tol\u00e9rance z\u00e9ro R\u00e8glement sur la lenteur excessive Politique sur le jeu lent en ligne Politique sur les appareils \u00e9lectroniques Politique pour l&rsquo;apparence, l&rsquo;hygi\u00e8ne et le comportement Politique sur le tabac Tournois sans parfum \u00c9ligibilit\u00e9 \u00e0 repr\u00e9senter le Canada\" \/>\n<meta property=\"og:url\" content=\"https:\/\/cbf.ca\/fr\/politiques-de-la-fcb\/\" \/>\n<meta property=\"og:site_name\" content=\"Canadian Bridge Federation\" \/>\n<meta property=\"article:publisher\" content=\"https:\/\/www.facebook.com\/Canadian.Bridge.Federation\/\" \/>\n<meta property=\"article:modified_time\" content=\"2021-02-24T13:37:20+00:00\" \/>\n<script type=\"application\/ld+json\" class=\"yoast-schema-graph\">{\"@context\":\"https:\/\/schema.org\",\"@graph\":[{\"@type\":\"WebPage\",\"@id\":\"https:\/\/cbf.ca\/fr\/politiques-de-la-fcb\/\",\"url\":\"https:\/\/cbf.ca\/fr\/politiques-de-la-fcb\/\",\"name\":\"Politiques de la FCB - Canadian Bridge Federation\",\"isPartOf\":{\"@id\":\"https:\/\/cbf.ca\/#website\"},\"datePublished\":\"2014-09-03T23:30:28+00:00\",\"dateModified\":\"2021-02-24T13:37:20+00:00\",\"breadcrumb\":{\"@id\":\"https:\/\/cbf.ca\/fr\/politiques-de-la-fcb\/#breadcrumb\"},\"inLanguage\":\"fr-FR\",\"potentialAction\":[{\"@type\":\"ReadAction\",\"target\":[\"https:\/\/cbf.ca\/fr\/politiques-de-la-fcb\/\"]}]},{\"@type\":\"BreadcrumbList\",\"@id\":\"https:\/\/cbf.ca\/fr\/politiques-de-la-fcb\/#breadcrumb\",\"itemListElement\":[{\"@type\":\"ListItem\",\"position\":1,\"name\":\"Home\",\"item\":\"https:\/\/cbf.ca\/\"},{\"@type\":\"ListItem\",\"position\":2,\"name\":\"Politiques de la FCB\"}]},{\"@type\":\"WebSite\",\"@id\":\"https:\/\/cbf.ca\/#website\",\"url\":\"https:\/\/cbf.ca\/\",\"name\":\"Canadian Bridge Federation\",\"description\":\"F\u00e9d\u00e9ration canadienne de bridge\",\"potentialAction\":[{\"@type\":\"SearchAction\",\"target\":{\"@type\":\"EntryPoint\",\"urlTemplate\":\"https:\/\/cbf.ca\/?s={search_term_string}\"},\"query-input\":\"required name=search_term_string\"}],\"inLanguage\":\"fr-FR\"}]}<\/script>\n<!-- \/ Yoast SEO plugin. -->","yoast_head_json":{"title":"Politiques de la FCB - Canadian Bridge Federation","robots":{"index":"index","follow":"follow","max-snippet":"max-snippet:-1","max-image-preview":"max-image-preview:large","max-video-preview":"max-video-preview:-1"},"canonical":"https:\/\/cbf.ca\/fr\/politiques-de-la-fcb\/","og_locale":"fr_FR","og_type":"article","og_title":"Politiques de la FCB - Canadian Bridge Federation","og_description":"Dans cette section, vous trouverez les politiques de la FCB suivantes Politique de la FCB sur la tol\u00e9rance z\u00e9ro R\u00e8glement sur la lenteur excessive Politique sur le jeu lent en ligne Politique sur les appareils \u00e9lectroniques Politique pour l&rsquo;apparence, l&rsquo;hygi\u00e8ne et le comportement Politique sur le tabac Tournois sans parfum \u00c9ligibilit\u00e9 \u00e0 repr\u00e9senter le Canada","og_url":"https:\/\/cbf.ca\/fr\/politiques-de-la-fcb\/","og_site_name":"Canadian Bridge Federation","article_publisher":"https:\/\/www.facebook.com\/Canadian.Bridge.Federation\/","article_modified_time":"2021-02-24T13:37:20+00:00","schema":{"@context":"https:\/\/schema.org","@graph":[{"@type":"WebPage","@id":"https:\/\/cbf.ca\/fr\/politiques-de-la-fcb\/","url":"https:\/\/cbf.ca\/fr\/politiques-de-la-fcb\/","name":"Politiques de la FCB - Canadian Bridge Federation","isPartOf":{"@id":"https:\/\/cbf.ca\/#website"},"datePublished":"2014-09-03T23:30:28+00:00","dateModified":"2021-02-24T13:37:20+00:00","breadcrumb":{"@id":"https:\/\/cbf.ca\/fr\/politiques-de-la-fcb\/#breadcrumb"},"inLanguage":"fr-FR","potentialAction":[{"@type":"ReadAction","target":["https:\/\/cbf.ca\/fr\/politiques-de-la-fcb\/"]}]},{"@type":"BreadcrumbList","@id":"https:\/\/cbf.ca\/fr\/politiques-de-la-fcb\/#breadcrumb","itemListElement":[{"@type":"ListItem","position":1,"name":"Home","item":"https:\/\/cbf.ca\/"},{"@type":"ListItem","position":2,"name":"Politiques de la FCB"}]},{"@type":"WebSite","@id":"https:\/\/cbf.ca\/#website","url":"https:\/\/cbf.ca\/","name":"Canadian Bridge Federation","description":"F\u00e9d\u00e9ration canadienne de bridge","potentialAction":[{"@type":"SearchAction","target":{"@type":"EntryPoint","urlTemplate":"https:\/\/cbf.ca\/?s={search_term_string}"},"query-input":"required name=search_term_string"}],"inLanguage":"fr-FR"}]}},"_links":{"self":[{"href":"https:\/\/cbf.ca\/fr\/wp-json\/wp\/v2\/pages\/3408"}],"collection":[{"href":"https:\/\/cbf.ca\/fr\/wp-json\/wp\/v2\/pages"}],"about":[{"href":"https:\/\/cbf.ca\/fr\/wp-json\/wp\/v2\/types\/page"}],"author":[{"embeddable":true,"href":"https:\/\/cbf.ca\/fr\/wp-json\/wp\/v2\/users\/1"}],"replies":[{"embeddable":true,"href":"https:\/\/cbf.ca\/fr\/wp-json\/wp\/v2\/comments?post=3408"}],"version-history":[{"count":6,"href":"https:\/\/cbf.ca\/fr\/wp-json\/wp\/v2\/pages\/3408\/revisions"}],"predecessor-version":[{"id":16384,"href":"https:\/\/cbf.ca\/fr\/wp-json\/wp\/v2\/pages\/3408\/revisions\/16384"}],"wp:attachment":[{"href":"https:\/\/cbf.ca\/fr\/wp-json\/wp\/v2\/media?parent=3408"}],"curies":[{"name":"wp","href":"https:\/\/api.w.org\/{rel}","templated":true}]}}