{"id":3406,"date":"2014-09-14T05:37:04","date_gmt":"2014-09-14T01:37:04","guid":{"rendered":"http:\/\/cbf.ca\/?page_id=3406"},"modified":"2023-06-13T05:55:30","modified_gmt":"2023-06-13T01:55:30","slug":"code-de-conduite","status":"publish","type":"page","link":"https:\/\/cbf.ca\/fr\/politiques-de-la-fcb\/code-de-conduite\/","title":{"rendered":"Code de conduite"},"content":{"rendered":"<h3><strong>CODE DE CONDUITE R\u00c9GISSANT TOUS LES JOUEURS REPR\u00c9SENTANT LE CANADA SOUS LES AUSPICES DE LA F\u00c9D\u00c9RATION CANADIENNE DE BRIDGE (FCB)<\/strong><\/h3>\n<p>(R\u00e9vision Janvier 2022 &amp; Juin 2023)<\/p>\n<p>Le <em>Code de conduite <\/em>d\u00e9finit les normes de comportement attendu de tous les repr\u00e9sentants de la FCB, y compris les joueurs, les entra\u00eeneurs, les capitaines, les parents, les directeurs, les b\u00e9n\u00e9voles et les employ\u00e9s. Toute personne qui accepte une responsabilit\u00e9 \u00e0 la FCB ou qui fait partie d\u2019une \u00e9quipe de la FCB est r\u00e9put\u00e9e avoir accept\u00e9 de se conformer \u00e0 ces normes. Tout manquement au pr\u00e9sent Code de conduite peut faire l&rsquo;objet de mesures disciplinaires de la part de la FBC. Ces mesures peuvent entra\u00eener la perte du droit de repr\u00e9senter la FCB. La FCB d\u00e9terminera, \u00e0 sa seule discr\u00e9tion, s&rsquo;il y a eu violation dau pr\u00e9sent Code de conduite et imposera toute sanction appropri\u00e9e.<\/p>\n<ol>\n<li>La FCB s&rsquo;engage \u00e0 offrir aux joueurs de bridge un environnement dans lequel toutes les personnes sont trait\u00e9es avec respect.<\/li>\n<li>Les repr\u00e9sentants de la FCB doivent se comporter \u00e0 tout moment\u00a0de mani\u00e8re juste et responsable.<\/li>\n<li>Les repr\u00e9sentants doivent s&rsquo;abstenir de tout commentaire ou comportement irrespectueux, offensant, abusif, raciste ou sexiste. En particulier, les comportements qui constituent un harc\u00e8lement ou un abus ne seront pas tol\u00e9r\u00e9s par la FCB.<\/li>\n<li>Au cours de toute activit\u00e9 ou \u00e9v\u00e9nement, les repr\u00e9sentants de la FCB doivent \u00e9viter tout comportement susceptible de porter atteinte \u00e0 la r\u00e9putation de la FCB ou au bridge, y compris, mais sans s&rsquo;y limiter, la consommation abusive d&rsquo;alcool et\/ou de drogues non m\u00e9dicales.<\/li>\n<li>La FCB reconna\u00eet la <em>Politique canadienne contre le dopage dans le sport<\/em>. Ses repr\u00e9sentants ne doivent pas faire usage de drogues illicites, de narcotiques, de drogues ou de m\u00e9thodes visant \u00e0 am\u00e9liorer la performance, et doivent accepter de se soumettre aux contr\u00f4les antidopage qui peuvent \u00eatre exig\u00e9s par les r\u00e8gles du Comit\u00e9 international olympique (CIO), de la F\u00e9d\u00e9ration mondiale de bridge (FMB) ou de tout autre organisme organisateur d&rsquo;un \u00e9v\u00e9nement auquel ils participent.<\/li>\n<li>Les repr\u00e9sentants de la FCB doivent \u00e0 tout moment adh\u00e9rer aux politiques et proc\u00e9dures op\u00e9rationnelles de la FCB, ainsi qu&rsquo;aux r\u00e8gles r\u00e9gissant les comp\u00e9titions auxquelles le repr\u00e9sentant participe au nom de la FCB.<\/li>\n<li>Les\u00a0repr\u00e9sentants de la FCB ne doivent s&rsquo;engager dans aucune activit\u00e9 ou comportement qui interf\u00e8re avec une comp\u00e9tition ou avec la pr\u00e9paration d&rsquo;un joueur pour une comp\u00e9tition, ou qui met en danger la s\u00e9curit\u00e9 d&rsquo;autrui.<\/li>\n<li>Le refus d&rsquo;un ou de plusieurs joueurs de jouer contre un ou plusieurs autres joueurs lorsqu&rsquo;ils repr\u00e9sentent la FCB entra\u00eenera la disqualification du ou des joueurs en cause, qui ne pourront plus participer \u00e0 l&rsquo;\u00e9preuve, ainsi que la perte de tous les prix ou points de ma\u00eetre gagn\u00e9s pr\u00e9c\u00e9demment dans l&rsquo;\u00e9preuve et la possibilit\u00e9 d&rsquo;une action disciplinaire suppl\u00e9mentaire de la part de la FCB.<\/li>\n<li>Les concurrents repr\u00e9sentant la FCB sont tenus de jouer pour gagner chaque match ou donne.<\/li>\n<li>Il est sp\u00e9cifiquement interdit de parier sur les r\u00e9sultats d&rsquo;un \u00e9v\u00e9nement de la FCB, de laWBF, de l&rsquo;ACBL, de l&rsquo;EBL ou de tout autre \u00e9v\u00e9nement sanctionn\u00e9 lorsque l&rsquo;on repr\u00e9sente la FCB. Tout membre reconnu coupable d&rsquo;une forme quelconque de pari dans un match ou un tournoi est passible d&rsquo;une sanction disciplinaire s\u00e9v\u00e8re.<\/li>\n<li>Toute personne qui commet u acte ill\u00e9gal alors qu&rsquo;elle repr\u00e9sente la FCB est r\u00e9put\u00e9s avoir enfreint \u00e9galement le Code de conduite de la FCB.<\/li>\n<li>Un membre qui d\u00e9missionne ou qui a \u00e9t\u00e9 suspendu de la FCB ne peut par la suite participer ou repr\u00e9senter la FCB dans tout autre \u00e9v\u00e9nement de la FCB ou international jusqu&rsquo;\u00e0 ce qu&rsquo;il soit r\u00e9admis en tant que membre ou que la suspension soit devenue caduque. Tout membre qui a d\u00e9missionn\u00e9 ne peut \u00eatre r\u00e9admis que par le conseil d&rsquo;administration, qui peut imposer les conditions de r\u00e9admission qu&rsquo;il juge appropri\u00e9es.<\/li>\n<li>Les conversations priv\u00e9es (\u00e0 l&rsquo;exclusion des accusations de conduite contraire \u00e0 l&rsquo;\u00e9thique de la part de tiers) ne rel\u00e8vent pas de la comp\u00e9tence de la FCB, m\u00eame si elles ont lieu sur le site d&rsquo;un tournoi.<\/li>\n<li><strong><\/strong><strong><\/strong><strong>Mesures disciplinaires de la FCB:<br \/>\n<\/strong>Veuillez vous r\u00e9f\u00e9rer au <a href=\"https:\/\/cbf.ca\/wp-content\/uploads\/2021\/05\/CBF-Code-of-Disciplinary-Regs-May-28-2021v2FR.pdf\" target=\"_blank\" rel=\"noopener\">Code des r\u00e8glements disciplinaires<\/a> \u00e0 la page <a href=\"https:\/\/cbf.ca\/fr\/plaintes-et-reglements\/\" target=\"_blank\" rel=\"noopener\">R\u00e8glements et proc\u00e9dures de plainte<\/a> de ce site.<\/li>\n<\/ol>\n<p><a href=\"https:\/\/cbf.ca\/wp-content\/uploads\/2023\/06\/Code-of-Conduct-French2022_June2023.pdf\" class=\"btn bluth red btn- \" target=\"_self\">Cliquez ici<\/a>\u00a0 pour t\u00e9l\u00e9charger le document <strong>Code de\u00a0conduite<\/strong><\/p>\n<p><a href=\"https:\/\/cbf.ca\/wp-content\/uploads\/2014\/09\/Standard-Release-Form-French.pdf\" class=\"btn bluth red btn- \" target=\"_self\">Cliquez ici<\/a>\u00a0\u00a0 pour t\u00e9l\u00e9charger le\u00a0<strong>Formulaire g\u00e9n\u00e9ral d&rsquo;exon\u00e9ration de responsabilit\u00e9s<\/strong><\/p>\n<p><strong><u>\u00a0<\/u><\/strong><\/p>\n","protected":false},"excerpt":{"rendered":"<p>CODE DE CONDUITE R\u00c9GISSANT TOUS LES JOUEURS REPR\u00c9SENTANT LE CANADA SOUS LES AUSPICES DE LA F\u00c9D\u00c9RATION CANADIENNE DE BRIDGE (FCB) (R\u00e9vision Janvier 2022 &amp; Juin 2023) Le Code de conduite d\u00e9finit les normes de comportement attendu de tous les repr\u00e9sentants de la FCB, y compris les joueurs, les entra\u00eeneurs, les capitaines, les parents, les directeurs,<br><a class=\"moretag signature-animation\" href=\"https:\/\/cbf.ca\/fr\/politiques-de-la-fcb\/code-de-conduite\/\">CONTINUER LA LECTURE<\/a>","protected":false},"author":1,"featured_media":0,"parent":3408,"menu_order":0,"comment_status":"closed","ping_status":"closed","template":"","meta":{"footnotes":""},"yoast_head":"<!-- This site is optimized with the Yoast SEO plugin v22.3 - https:\/\/yoast.com\/wordpress\/plugins\/seo\/ -->\n<title>Code de conduite - Canadian Bridge Federation<\/title>\n<meta name=\"robots\" content=\"index, follow, max-snippet:-1, max-image-preview:large, max-video-preview:-1\" \/>\n<link rel=\"canonical\" href=\"https:\/\/cbf.ca\/fr\/politiques-de-la-fcb\/code-de-conduite\/\" \/>\n<meta property=\"og:locale\" content=\"fr_FR\" \/>\n<meta property=\"og:type\" content=\"article\" \/>\n<meta property=\"og:title\" content=\"Code de conduite - Canadian Bridge Federation\" \/>\n<meta property=\"og:description\" content=\"CODE DE CONDUITE R\u00c9GISSANT TOUS LES JOUEURS REPR\u00c9SENTANT LE CANADA SOUS LES AUSPICES DE LA F\u00c9D\u00c9RATION CANADIENNE DE BRIDGE (FCB) (R\u00e9vision Janvier 2022 &amp; Juin 2023) Le Code de conduite d\u00e9finit les normes de comportement attendu de tous les repr\u00e9sentants de la FCB, y compris les joueurs, les entra\u00eeneurs, les capitaines, les parents, les directeurs,\" \/>\n<meta property=\"og:url\" content=\"https:\/\/cbf.ca\/fr\/politiques-de-la-fcb\/code-de-conduite\/\" \/>\n<meta property=\"og:site_name\" content=\"Canadian Bridge Federation\" \/>\n<meta property=\"article:publisher\" content=\"https:\/\/www.facebook.com\/Canadian.Bridge.Federation\/\" \/>\n<meta property=\"article:modified_time\" content=\"2023-06-13T01:55:30+00:00\" \/>\n<meta name=\"twitter:label1\" content=\"Dur\u00e9e de lecture estim\u00e9e\" \/>\n\t<meta name=\"twitter:data1\" content=\"4 minutes\" \/>\n<script type=\"application\/ld+json\" class=\"yoast-schema-graph\">{\"@context\":\"https:\/\/schema.org\",\"@graph\":[{\"@type\":\"WebPage\",\"@id\":\"https:\/\/cbf.ca\/fr\/politiques-de-la-fcb\/code-de-conduite\/\",\"url\":\"https:\/\/cbf.ca\/fr\/politiques-de-la-fcb\/code-de-conduite\/\",\"name\":\"Code de conduite - Canadian Bridge Federation\",\"isPartOf\":{\"@id\":\"https:\/\/cbf.ca\/#website\"},\"datePublished\":\"2014-09-14T01:37:04+00:00\",\"dateModified\":\"2023-06-13T01:55:30+00:00\",\"breadcrumb\":{\"@id\":\"https:\/\/cbf.ca\/fr\/politiques-de-la-fcb\/code-de-conduite\/#breadcrumb\"},\"inLanguage\":\"fr-FR\",\"potentialAction\":[{\"@type\":\"ReadAction\",\"target\":[\"https:\/\/cbf.ca\/fr\/politiques-de-la-fcb\/code-de-conduite\/\"]}]},{\"@type\":\"BreadcrumbList\",\"@id\":\"https:\/\/cbf.ca\/fr\/politiques-de-la-fcb\/code-de-conduite\/#breadcrumb\",\"itemListElement\":[{\"@type\":\"ListItem\",\"position\":1,\"name\":\"Home\",\"item\":\"https:\/\/cbf.ca\/\"},{\"@type\":\"ListItem\",\"position\":2,\"name\":\"Politiques de la FCB\",\"item\":\"https:\/\/cbf.ca\/fr\/politiques-de-la-fcb\/\"},{\"@type\":\"ListItem\",\"position\":3,\"name\":\"Code de conduite\"}]},{\"@type\":\"WebSite\",\"@id\":\"https:\/\/cbf.ca\/#website\",\"url\":\"https:\/\/cbf.ca\/\",\"name\":\"Canadian Bridge Federation\",\"description\":\"F\u00e9d\u00e9ration canadienne de bridge\",\"potentialAction\":[{\"@type\":\"SearchAction\",\"target\":{\"@type\":\"EntryPoint\",\"urlTemplate\":\"https:\/\/cbf.ca\/?s={search_term_string}\"},\"query-input\":\"required name=search_term_string\"}],\"inLanguage\":\"fr-FR\"}]}<\/script>\n<!-- \/ Yoast SEO plugin. -->","yoast_head_json":{"title":"Code de conduite - Canadian Bridge Federation","robots":{"index":"index","follow":"follow","max-snippet":"max-snippet:-1","max-image-preview":"max-image-preview:large","max-video-preview":"max-video-preview:-1"},"canonical":"https:\/\/cbf.ca\/fr\/politiques-de-la-fcb\/code-de-conduite\/","og_locale":"fr_FR","og_type":"article","og_title":"Code de conduite - Canadian Bridge Federation","og_description":"CODE DE CONDUITE R\u00c9GISSANT TOUS LES JOUEURS REPR\u00c9SENTANT LE CANADA SOUS LES AUSPICES DE LA F\u00c9D\u00c9RATION CANADIENNE DE BRIDGE (FCB) (R\u00e9vision Janvier 2022 &amp; Juin 2023) Le Code de conduite d\u00e9finit les normes de comportement attendu de tous les repr\u00e9sentants de la FCB, y compris les joueurs, les entra\u00eeneurs, les capitaines, les parents, les directeurs,","og_url":"https:\/\/cbf.ca\/fr\/politiques-de-la-fcb\/code-de-conduite\/","og_site_name":"Canadian Bridge Federation","article_publisher":"https:\/\/www.facebook.com\/Canadian.Bridge.Federation\/","article_modified_time":"2023-06-13T01:55:30+00:00","twitter_misc":{"Dur\u00e9e de lecture estim\u00e9e":"4 minutes"},"schema":{"@context":"https:\/\/schema.org","@graph":[{"@type":"WebPage","@id":"https:\/\/cbf.ca\/fr\/politiques-de-la-fcb\/code-de-conduite\/","url":"https:\/\/cbf.ca\/fr\/politiques-de-la-fcb\/code-de-conduite\/","name":"Code de conduite - Canadian Bridge Federation","isPartOf":{"@id":"https:\/\/cbf.ca\/#website"},"datePublished":"2014-09-14T01:37:04+00:00","dateModified":"2023-06-13T01:55:30+00:00","breadcrumb":{"@id":"https:\/\/cbf.ca\/fr\/politiques-de-la-fcb\/code-de-conduite\/#breadcrumb"},"inLanguage":"fr-FR","potentialAction":[{"@type":"ReadAction","target":["https:\/\/cbf.ca\/fr\/politiques-de-la-fcb\/code-de-conduite\/"]}]},{"@type":"BreadcrumbList","@id":"https:\/\/cbf.ca\/fr\/politiques-de-la-fcb\/code-de-conduite\/#breadcrumb","itemListElement":[{"@type":"ListItem","position":1,"name":"Home","item":"https:\/\/cbf.ca\/"},{"@type":"ListItem","position":2,"name":"Politiques de la FCB","item":"https:\/\/cbf.ca\/fr\/politiques-de-la-fcb\/"},{"@type":"ListItem","position":3,"name":"Code de conduite"}]},{"@type":"WebSite","@id":"https:\/\/cbf.ca\/#website","url":"https:\/\/cbf.ca\/","name":"Canadian Bridge Federation","description":"F\u00e9d\u00e9ration canadienne de bridge","potentialAction":[{"@type":"SearchAction","target":{"@type":"EntryPoint","urlTemplate":"https:\/\/cbf.ca\/?s={search_term_string}"},"query-input":"required name=search_term_string"}],"inLanguage":"fr-FR"}]}},"_links":{"self":[{"href":"https:\/\/cbf.ca\/fr\/wp-json\/wp\/v2\/pages\/3406"}],"collection":[{"href":"https:\/\/cbf.ca\/fr\/wp-json\/wp\/v2\/pages"}],"about":[{"href":"https:\/\/cbf.ca\/fr\/wp-json\/wp\/v2\/types\/page"}],"author":[{"embeddable":true,"href":"https:\/\/cbf.ca\/fr\/wp-json\/wp\/v2\/users\/1"}],"replies":[{"embeddable":true,"href":"https:\/\/cbf.ca\/fr\/wp-json\/wp\/v2\/comments?post=3406"}],"version-history":[{"count":20,"href":"https:\/\/cbf.ca\/fr\/wp-json\/wp\/v2\/pages\/3406\/revisions"}],"predecessor-version":[{"id":26330,"href":"https:\/\/cbf.ca\/fr\/wp-json\/wp\/v2\/pages\/3406\/revisions\/26330"}],"up":[{"embeddable":true,"href":"https:\/\/cbf.ca\/fr\/wp-json\/wp\/v2\/pages\/3408"}],"wp:attachment":[{"href":"https:\/\/cbf.ca\/fr\/wp-json\/wp\/v2\/media?parent=3406"}],"curies":[{"name":"wp","href":"https:\/\/api.w.org\/{rel}","templated":true}]}}