{"id":33643,"date":"2025-08-13T05:43:30","date_gmt":"2025-08-13T01:43:30","guid":{"rendered":"https:\/\/cbf.ca\/?page_id=33643"},"modified":"2026-02-09T23:14:00","modified_gmt":"2026-02-09T19:14:00","slug":"magazine-bridge-canada-numeros-2020-aujourdhui","status":"publish","type":"page","link":"https:\/\/cbf.ca\/fr\/bridge-canada-magazine\/magazine-bridge-canada-numeros-2020-aujourdhui\/","title":{"rendered":"Magazine Bridge Canada &#8211; Num\u00e9ros 2020 \u00e0 aujourd&rsquo;hui"},"content":{"rendered":"<figure class=\"wp-block-table\">\n<div style=\"overflow-x: auto;\">\n<table>\n<tbody>\n<tr>\n<td valign=\"top\" width=\"320\"><\/td>\n<td valign=\"top\" width=\"320\"><\/td>\n<td valign=\"top\" width=\"320\"><strong>December 2025<\/strong><br \/>\n<a href=\"https:\/\/cbf.ca\/wp-content\/uploads\/2025\/11\/BCCanadaFrenchDecember2025-1.pdf\" target=\"_blank\" rel=\"noopener\"><img loading=\"lazy\" decoding=\"async\" class=\"alignnone wp-image-7681 size-full\" src=\"https:\/\/cbf.ca\/wp-content\/uploads\/2025\/11\/2025-December-Cover-French.png\" width=\"300\" height=\"425\" \/><\/a><\/td>\n<\/tr>\n<tr>\n<td valign=\"top\" width=\"320\"><strong>Septembre 2025<\/strong><br \/>\n<a href=\"https:\/\/cbf.ca\/wp-content\/uploads\/2025\/08\/BCCanadaFrenchSeptember2025-1.pdf\" target=\"_blank\" rel=\"noopener\"><img loading=\"lazy\" decoding=\"async\" class=\"alignnone wp-image-7681 \" src=\"https:\/\/cbf.ca\/wp-content\/uploads\/2025\/08\/September2025_Cover_French.jpg\" width=\"254\" height=\"368\" \/><\/a><\/td>\n<td valign=\"top\" width=\"320\"><strong>Juin 2025<\/strong><br \/>\n<a href=\"https:\/\/cbf.ca\/wp-content\/uploads\/2025\/05\/BCCanadaFrenchJune2025-opt.pdf\" target=\"_blank\" rel=\"noopener\"><img loading=\"lazy\" decoding=\"async\" class=\"alignnone wp-image-7681 \" src=\"https:\/\/cbf.ca\/wp-content\/uploads\/2025\/05\/BCanadaJune2025-Cover-French.png\" width=\"254\" height=\"368\" \/><\/a><\/td>\n<td valign=\"top\" width=\"320\"><strong>Mars 2025<\/strong><br \/>\n<a href=\"https:\/\/cbf.ca\/wp-content\/uploads\/2025\/03\/BCCanadaFrenchMarch2025Final.pdf\" target=\"_blank\" rel=\"noopener\"><img loading=\"lazy\" decoding=\"async\" class=\"alignnone wp-image-7681 \" src=\"https:\/\/cbf.ca\/wp-content\/uploads\/2025\/03\/2025-March_Cover-Fr.png\" width=\"249\" height=\"351\" \/><\/a><\/td>\n<\/tr>\n<tr>\n<td valign=\"top\" width=\"320\"><strong>D\u00e9cembre 2024<\/strong><br \/>\n<a href=\"https:\/\/cbf.ca\/wp-content\/uploads\/2024\/12\/BCCanadaFrenchDecember2024-Final-2.pdf\" target=\"_blank\" rel=\"noopener\"><img loading=\"lazy\" decoding=\"async\" class=\"alignnone wp-image-7681 size-full\" src=\"https:\/\/cbf.ca\/wp-content\/uploads\/2024\/12\/2024-December-Cover-French-2.png\" width=\"300\" height=\"425\" \/><\/a><\/td>\n<td valign=\"top\" width=\"320\"><strong>Septembre 2024<\/strong><br \/>\n<a href=\"https:\/\/cbf.ca\/wp-content\/uploads\/2024\/08\/BCCanadaFrenchSeptember2024Final1.pdf\" target=\"_blank\" rel=\"noopener\"><img loading=\"lazy\" decoding=\"async\" class=\"alignnone wp-image-7681 size-full\" src=\"https:\/\/cbf.ca\/wp-content\/uploads\/2024\/08\/2024September-French-Cover.png\" width=\"300\" height=\"425\" \/><\/a><\/td>\n<td valign=\"top\" width=\"320\"><strong>Juin 2024<\/strong><br \/>\n<a href=\"https:\/\/cbf.ca\/wp-content\/uploads\/2024\/08\/BCCanadaFrenchJune2024.pdf\" target=\"_blank\" rel=\"noopener\"><img loading=\"lazy\" decoding=\"async\" class=\"alignnone wp-image-7681 size-full\" src=\"https:\/\/cbf.ca\/wp-content\/uploads\/2024\/08\/2024-June-French-Cover.png\" width=\"300\" height=\"425\" \/><\/a><\/td>\n<\/tr>\n<tr>\n<td valign=\"top\" width=\"320\"><strong>Mars 2024<\/strong><br \/>\n<a href=\"https:\/\/cbf.ca\/wp-content\/uploads\/2024\/04\/BCCanadaFrenchMarch2024.pdf\" target=\"_blank\" rel=\"noopener\"><img loading=\"lazy\" decoding=\"async\" class=\"alignnone wp-image-7681 size-full\" src=\"https:\/\/cbf.ca\/wp-content\/uploads\/2024\/03\/2024-March-Cover-French.png\" width=\"300\" height=\"425\" \/><\/a><\/td>\n<td valign=\"top\" width=\"320\"><strong>Octobre 2023<\/strong><br \/>\n<a href=\"https:\/\/cbf.ca\/wp-content\/uploads\/2023\/10\/BCCanadaFrenchOctober2023-V2.pdf\" target=\"_blank\" rel=\"noopener\"><img loading=\"lazy\" decoding=\"async\" class=\"alignnone wp-image-7681 size-full\" src=\"https:\/\/cbf.ca\/wp-content\/uploads\/2023\/09\/2023-October-Cover-French.png\" width=\"300\" height=\"425\" \/><\/a><\/td>\n<td valign=\"top\" width=\"320\"><strong>Ao\u00fbt 2023<\/strong><br \/>\n<a href=\"https:\/\/cbf.ca\/wp-content\/uploads\/2023\/07\/2023-August-BCanada-French.pdf\" target=\"_blank\" rel=\"noopener\"><img loading=\"lazy\" decoding=\"async\" class=\"alignnone wp-image-7681 size-full\" src=\"https:\/\/cbf.ca\/wp-content\/uploads\/2023\/07\/2023-August-Cover-Fr.png\" width=\"300\" height=\"425\" \/><\/a><\/td>\n<\/tr>\n<tr>\n<td width=\"320\"><strong>Juin 2023<\/strong><br \/>\n<a href=\"https:\/\/cbf.ca\/wp-content\/uploads\/2023\/05\/2023-June-BCanada-French-op.pdf\" target=\"_blank\" rel=\"noopener\"><img loading=\"lazy\" decoding=\"async\" class=\"alignnone wp-image-7681 size-full\" src=\"https:\/\/cbf.ca\/wp-content\/uploads\/2023\/05\/2023-June-Cover_French.png\" width=\"300\" height=\"425\" \/><\/a><\/td>\n<td width=\"320\"><strong>Avril 2023<\/strong><br \/>\n<a href=\"https:\/\/cbf.ca\/wp-content\/uploads\/2023\/03\/2023-April-BCCanada-French_v2.pdf\" target=\"_blank\" rel=\"noopener\"><img loading=\"lazy\" decoding=\"async\" class=\"alignnone wp-image-7681 size-full\" src=\"https:\/\/cbf.ca\/wp-content\/uploads\/2023\/03\/2023-April-BCanada-Cover-Fr.png\" width=\"300\" height=\"425\" \/><\/a><\/td>\n<td width=\"320\"><strong>F\u00e9vrier 2023<\/strong><br \/>\n<a href=\"https:\/\/cbf.ca\/wp-content\/uploads\/2023\/01\/2023-Feb-BridgeCanada-Final-Fr.pdf\" target=\"_blank\" rel=\"noopener\"><img loading=\"lazy\" decoding=\"async\" class=\"alignnone wp-image-7681 size-full\" src=\"https:\/\/cbf.ca\/wp-content\/uploads\/2023\/01\/2023-Feb-Cover-Fr.png\" width=\"300\" height=\"425\" \/><\/a><\/td>\n<\/tr>\n<\/tbody>\n<\/table>\n<\/div>\n<\/figure>\n<h3><strong>2022<\/strong><\/h3>\n<figure class=\"wp-block-table\">\n<div style=\"overflow-x: auto;\">\n<table>\n<tbody>\n<tr>\n<td><strong>D\u00e9cembre<\/strong><br \/>\n<a href=\"https:\/\/cbf.ca\/wp-content\/uploads\/2022\/11\/BCCanadaDec2022_FR.pdf\" target=\"_blank\" rel=\"noopener\"><img loading=\"lazy\" decoding=\"async\" class=\"alignnone wp-image-7681 \" src=\"https:\/\/cbf.ca\/wp-content\/uploads\/2022\/11\/2022-Dec-BCanada-Cover-French.png\" width=\"300\" height=\"425\" \/><\/a><\/td>\n<td><strong>Octobre<\/strong><br \/>\n<a href=\"https:\/\/cbf.ca\/wp-content\/uploads\/2022\/09\/BCCanadaOct2022-FR.pdf\" target=\"_blank\" rel=\"noopener\"><img loading=\"lazy\" decoding=\"async\" class=\"alignnone wp-image-7681 \" src=\"https:\/\/cbf.ca\/wp-content\/uploads\/2022\/09\/2022-Oct-Cover-FR.png\" width=\"300\" height=\"425\" \/><\/a><\/td>\n<td><strong>Ao\u00fbt<\/strong><br \/>\n<a href=\"https:\/\/cbf.ca\/wp-content\/uploads\/2022\/07\/BCCanadaAugust2022-FR.pdf\" target=\"_blank\" rel=\"noopener\"><img loading=\"lazy\" decoding=\"async\" class=\"alignnone wp-image-7681 \" src=\"https:\/\/cbf.ca\/wp-content\/uploads\/2022\/07\/August2022-BCCanada-Cover-FR.png\" width=\"300\" height=\"425\" \/><\/a><\/td>\n<\/tr>\n<tr>\n<td><strong>Juin<\/strong><br \/>\n<a href=\"https:\/\/cbf.ca\/wp-content\/uploads\/2022\/06\/BCCanadaJune2022-Final-FR-June2.pdf\" target=\"_blank\" rel=\"noopener\"><img loading=\"lazy\" decoding=\"async\" class=\"alignnone wp-image-7681 \" src=\"https:\/\/cbf.ca\/wp-content\/uploads\/2022\/05\/2022-BCCanadaJune-Cover-FR.png\" width=\"300\" height=\"425\" \/><\/a><\/td>\n<td><strong>Avril<\/strong><br \/>\n<a href=\"https:\/\/cbf.ca\/wp-content\/uploads\/2022\/03\/2022-BCCanadaApril-FR.pdf\" target=\"_blank\" rel=\"noopener\"><img loading=\"lazy\" decoding=\"async\" class=\"alignnone wp-image-7681 size-full\" src=\"https:\/\/cbf.ca\/wp-content\/uploads\/2022\/03\/2022-BCCanadaApr-Cover-FR.png\" width=\"300\" height=\"425\" \/><\/a><\/td>\n<td><strong>F\u00e9vrier<\/strong><br \/>\n<a href=\"https:\/\/cbf.ca\/wp-content\/uploads\/2022\/02\/BCCanadaFeb2022-FR.pdf\" target=\"_blank\" rel=\"noopener\"><img loading=\"lazy\" decoding=\"async\" class=\"alignnone wp-image-7681 size-full\" src=\"https:\/\/cbf.ca\/wp-content\/uploads\/2022\/01\/BCCanadaFeb2022-Cover-FR.png\" width=\"300\" height=\"425\" \/><\/a><\/td>\n<\/tr>\n<\/tbody>\n<\/table>\n<\/div>\n<\/figure>\n<h3><strong>2021<\/strong><\/h3>\n<figure class=\"wp-block-table\">\n<div style=\"overflow-x: auto;\">\n<table>\n<tbody>\n<tr>\n<td><strong>D\u00e9cembre<\/strong><br \/>\n<a href=\"https:\/\/cbf.ca\/wp-content\/uploads\/2021\/11\/2021_BCCanadaDecember-FR-F.pdf\"><img loading=\"lazy\" decoding=\"async\" class=\"alignnone wp-image-7681 size-full\" src=\"https:\/\/cbf.ca\/wp-content\/uploads\/2021\/11\/2021_BC-Dec-FR.png\" width=\"300\" height=\"425\" \/><\/a><\/td>\n<td><strong>Octobre<\/strong><br \/>\n<a href=\"https:\/\/cbf.ca\/wp-content\/uploads\/2021\/09\/2021_BCCanadaOctober-FR.pdf\"><img loading=\"lazy\" decoding=\"async\" class=\"alignnone wp-image-7681 \" src=\"https:\/\/cbf.ca\/wp-content\/uploads\/2021\/09\/2021-October_FR.png\" width=\"300\" height=\"420\" \/><\/a><\/td>\n<td><strong>Ao\u00fbt<\/strong><br \/>\n<a href=\"https:\/\/cbf.ca\/wp-content\/uploads\/2021\/07\/2021_BCCanada-August-FR.pdf\"><img loading=\"lazy\" decoding=\"async\" class=\"alignnone wp-image-7681 size-full\" src=\"https:\/\/cbf.ca\/wp-content\/uploads\/2021\/07\/2021-August-Cover-FR.png\" width=\"300\" height=\"425\" \/><\/a><\/td>\n<\/tr>\n<tr>\n<td><strong>Juin<\/strong><br \/>\n<a href=\"https:\/\/cbf.ca\/wp-content\/uploads\/2021\/05\/2021_BCCanada-June-FR.pdf\"><img loading=\"lazy\" decoding=\"async\" class=\"alignnone wp-image-7681 size-full\" src=\"https:\/\/cbf.ca\/wp-content\/uploads\/2021\/05\/2021-June_FR.png\" width=\"300\" height=\"425\" \/><\/a><\/td>\n<td><strong>Avril<\/strong><br \/>\n<a href=\"https:\/\/cbf.ca\/wp-content\/uploads\/2021\/03\/BCCanadaApril2021-French.pdf\"><img loading=\"lazy\" decoding=\"async\" class=\"alignnone wp-image-7681 size-full\" src=\"https:\/\/cbf.ca\/wp-content\/uploads\/2021\/03\/2021-April-Cover-FR.png\" width=\"300\" height=\"425\" \/><\/a><\/td>\n<td><strong>F\u00e9vrier<\/strong><br \/>\n<a href=\"https:\/\/cbf.ca\/wp-content\/uploads\/2021\/01\/BCCanadaFeb2021French.pdf\"><img loading=\"lazy\" decoding=\"async\" class=\"alignnone wp-image-7681 size-full\" src=\"https:\/\/cbf.ca\/wp-content\/uploads\/2021\/01\/2021-February_Fr.png\" width=\"300\" height=\"425\" \/><\/a><\/td>\n<\/tr>\n<\/tbody>\n<\/table>\n<\/div>\n<\/figure>\n<h3><strong>2020<\/strong><\/h3>\n<figure class=\"wp-block-table\">\n<div style=\"overflow-x: auto;\">\n<table>\n<tbody>\n<tr>\n<td><strong>D\u00e9cembre<\/strong><br \/>\n<a href=\"https:\/\/cbf.ca\/wp-content\/uploads\/2020\/12\/2020December_BCCanada_FRENCH.pdf\"><img loading=\"lazy\" decoding=\"async\" class=\"alignnone wp-image-7681 size-full\" src=\"https:\/\/cbf.ca\/wp-content\/uploads\/2020\/11\/2020December_FR_Cover.jpg\" width=\"300\" height=\"425\" \/><\/a><\/td>\n<td><strong>Octobre<\/strong><br \/>\n<a href=\"https:\/\/cbf.ca\/wp-content\/uploads\/2020\/09\/BCCanadaOct2020-French-Oct1.pdf\"><img loading=\"lazy\" decoding=\"async\" class=\"alignnone wp-image-7681 size-full\" src=\"https:\/\/cbf.ca\/wp-content\/uploads\/2020\/09\/Oct-2020_Fr-Cover.png\" width=\"300\" height=\"425\" \/><\/a><\/td>\n<td><strong>Ao\u00fbt<\/strong><br \/>\n<a href=\"https:\/\/cbf.ca\/wp-content\/uploads\/2020\/08\/BCCanadaAug2020Frenchv2.pdf\"><img loading=\"lazy\" decoding=\"async\" class=\"alignnone wp-image-7681 size-full\" src=\"https:\/\/cbf.ca\/wp-content\/uploads\/2020\/07\/August-2020_FR_Cover.png\" width=\"300\" height=\"425\" \/><\/a><\/td>\n<\/tr>\n<tr>\n<td><strong>Juin<\/strong><br \/>\n<a href=\"https:\/\/cbf.ca\/wp-content\/uploads\/2020\/05\/BCCanadaJune2020FrenchFinal-opt.pdf\"><img loading=\"lazy\" decoding=\"async\" class=\"alignnone wp-image-7681 size-full\" src=\"https:\/\/cbf.ca\/wp-content\/uploads\/2020\/05\/June-2020_FR_Cover.png\" width=\"300\" height=\"425\" \/><\/a><\/td>\n<td><strong>Avril<\/strong><br \/>\n<a href=\"https:\/\/cbf.ca\/wp-content\/uploads\/2020\/03\/BCCanadaAprilFR-Final.pdf\"><img loading=\"lazy\" decoding=\"async\" class=\"alignnone wp-image-7681 size-full\" src=\"https:\/\/cbf.ca\/wp-content\/uploads\/2020\/03\/BCanada_April2020_CoverFR.png\" width=\"300\" height=\"425\" \/><\/a><\/td>\n<td><strong>F\u00e9vrier<\/strong><br \/>\n<a href=\"https:\/\/cbf.ca\/wp-content\/uploads\/2020\/02\/BCCanadaFeb2020FR.pdf\"><img loading=\"lazy\" decoding=\"async\" class=\"alignnone wp-image-7681 size-full\" src=\"https:\/\/cbf.ca\/wp-content\/uploads\/2020\/02\/Feb-2020_FR_Cover.png\" width=\"300\" height=\"425\" \/><\/a><\/td>\n<\/tr>\n<\/tbody>\n<\/table>\n<\/div>\n<\/figure>\n","protected":false},"excerpt":{"rendered":"<p>December 2025 Septembre 2025 Juin 2025 Mars 2025 D\u00e9cembre 2024 Septembre 2024 Juin 2024 Mars 2024 Octobre 2023 Ao\u00fbt 2023 Juin 2023 Avril 2023 F\u00e9vrier 2023 2022 D\u00e9cembre Octobre Ao\u00fbt Juin Avril F\u00e9vrier 2021 D\u00e9cembre Octobre Ao\u00fbt Juin Avril F\u00e9vrier 2020 D\u00e9cembre Octobre Ao\u00fbt Juin Avril F\u00e9vrier<br><a class=\"moretag signature-animation\" href=\"https:\/\/cbf.ca\/fr\/bridge-canada-magazine\/magazine-bridge-canada-numeros-2020-aujourdhui\/\">CONTINUER LA LECTURE<\/a>","protected":false},"author":1,"featured_media":0,"parent":4537,"menu_order":0,"comment_status":"closed","ping_status":"closed","template":"","meta":{"footnotes":""},"yoast_head":"<!-- This site is optimized with the Yoast SEO plugin v22.3 - https:\/\/yoast.com\/wordpress\/plugins\/seo\/ -->\n<title>Magazine Bridge Canada - Num\u00e9ros 2020 \u00e0 aujourd&#039;hui - Canadian Bridge Federation<\/title>\n<meta name=\"robots\" content=\"index, follow, max-snippet:-1, max-image-preview:large, max-video-preview:-1\" \/>\n<link rel=\"canonical\" href=\"https:\/\/cbf.ca\/fr\/bridge-canada-magazine\/magazine-bridge-canada-numeros-2020-aujourdhui\/\" \/>\n<meta property=\"og:locale\" content=\"fr_FR\" \/>\n<meta property=\"og:type\" content=\"article\" \/>\n<meta property=\"og:title\" content=\"Magazine Bridge Canada - Num\u00e9ros 2020 \u00e0 aujourd&#039;hui - Canadian Bridge Federation\" \/>\n<meta property=\"og:description\" content=\"December 2025 Septembre 2025 Juin 2025 Mars 2025 D\u00e9cembre 2024 Septembre 2024 Juin 2024 Mars 2024 Octobre 2023 Ao\u00fbt 2023 Juin 2023 Avril 2023 F\u00e9vrier 2023 2022 D\u00e9cembre Octobre Ao\u00fbt Juin Avril F\u00e9vrier 2021 D\u00e9cembre Octobre Ao\u00fbt Juin Avril F\u00e9vrier 2020 D\u00e9cembre Octobre Ao\u00fbt Juin Avril F\u00e9vrier\" \/>\n<meta property=\"og:url\" content=\"https:\/\/cbf.ca\/fr\/bridge-canada-magazine\/magazine-bridge-canada-numeros-2020-aujourdhui\/\" \/>\n<meta property=\"og:site_name\" content=\"Canadian Bridge Federation\" \/>\n<meta property=\"article:publisher\" content=\"https:\/\/www.facebook.com\/Canadian.Bridge.Federation\/\" \/>\n<meta property=\"article:modified_time\" content=\"2026-02-09T19:14:00+00:00\" \/>\n<meta property=\"og:image\" content=\"https:\/\/cbf.ca\/wp-content\/uploads\/2025\/11\/2025-December-Cover-French.png\" \/>\n<meta name=\"twitter:label1\" content=\"Dur\u00e9e de lecture estim\u00e9e\" \/>\n\t<meta name=\"twitter:data1\" content=\"7 minutes\" \/>\n<script type=\"application\/ld+json\" class=\"yoast-schema-graph\">{\"@context\":\"https:\/\/schema.org\",\"@graph\":[{\"@type\":\"WebPage\",\"@id\":\"https:\/\/cbf.ca\/fr\/bridge-canada-magazine\/magazine-bridge-canada-numeros-2020-aujourdhui\/\",\"url\":\"https:\/\/cbf.ca\/fr\/bridge-canada-magazine\/magazine-bridge-canada-numeros-2020-aujourdhui\/\",\"name\":\"Magazine Bridge Canada - Num\u00e9ros 2020 \u00e0 aujourd'hui - Canadian Bridge Federation\",\"isPartOf\":{\"@id\":\"https:\/\/cbf.ca\/#website\"},\"primaryImageOfPage\":{\"@id\":\"https:\/\/cbf.ca\/fr\/bridge-canada-magazine\/magazine-bridge-canada-numeros-2020-aujourdhui\/#primaryimage\"},\"image\":{\"@id\":\"https:\/\/cbf.ca\/fr\/bridge-canada-magazine\/magazine-bridge-canada-numeros-2020-aujourdhui\/#primaryimage\"},\"thumbnailUrl\":\"https:\/\/cbf.ca\/wp-content\/uploads\/2025\/11\/2025-December-Cover-French.png\",\"datePublished\":\"2025-08-13T01:43:30+00:00\",\"dateModified\":\"2026-02-09T19:14:00+00:00\",\"breadcrumb\":{\"@id\":\"https:\/\/cbf.ca\/fr\/bridge-canada-magazine\/magazine-bridge-canada-numeros-2020-aujourdhui\/#breadcrumb\"},\"inLanguage\":\"fr-FR\",\"potentialAction\":[{\"@type\":\"ReadAction\",\"target\":[\"https:\/\/cbf.ca\/fr\/bridge-canada-magazine\/magazine-bridge-canada-numeros-2020-aujourdhui\/\"]}]},{\"@type\":\"ImageObject\",\"inLanguage\":\"fr-FR\",\"@id\":\"https:\/\/cbf.ca\/fr\/bridge-canada-magazine\/magazine-bridge-canada-numeros-2020-aujourdhui\/#primaryimage\",\"url\":\"https:\/\/cbf.ca\/wp-content\/uploads\/2025\/11\/2025-December-Cover-French.png\",\"contentUrl\":\"https:\/\/cbf.ca\/wp-content\/uploads\/2025\/11\/2025-December-Cover-French.png\",\"width\":1364,\"height\":1948},{\"@type\":\"BreadcrumbList\",\"@id\":\"https:\/\/cbf.ca\/fr\/bridge-canada-magazine\/magazine-bridge-canada-numeros-2020-aujourdhui\/#breadcrumb\",\"itemListElement\":[{\"@type\":\"ListItem\",\"position\":1,\"name\":\"Home\",\"item\":\"https:\/\/cbf.ca\/\"},{\"@type\":\"ListItem\",\"position\":2,\"name\":\"Magazine Bridge Canada\",\"item\":\"https:\/\/cbf.ca\/fr\/bridge-canada-magazine\/\"},{\"@type\":\"ListItem\",\"position\":3,\"name\":\"Magazine Bridge Canada &#8211; Num\u00e9ros 2020 \u00e0 aujourd&#8217;hui\"}]},{\"@type\":\"WebSite\",\"@id\":\"https:\/\/cbf.ca\/#website\",\"url\":\"https:\/\/cbf.ca\/\",\"name\":\"Canadian Bridge Federation\",\"description\":\"F\u00e9d\u00e9ration canadienne de bridge\",\"potentialAction\":[{\"@type\":\"SearchAction\",\"target\":{\"@type\":\"EntryPoint\",\"urlTemplate\":\"https:\/\/cbf.ca\/?s={search_term_string}\"},\"query-input\":\"required name=search_term_string\"}],\"inLanguage\":\"fr-FR\"}]}<\/script>\n<!-- \/ Yoast SEO plugin. -->","yoast_head_json":{"title":"Magazine Bridge Canada - Num\u00e9ros 2020 \u00e0 aujourd'hui - Canadian Bridge Federation","robots":{"index":"index","follow":"follow","max-snippet":"max-snippet:-1","max-image-preview":"max-image-preview:large","max-video-preview":"max-video-preview:-1"},"canonical":"https:\/\/cbf.ca\/fr\/bridge-canada-magazine\/magazine-bridge-canada-numeros-2020-aujourdhui\/","og_locale":"fr_FR","og_type":"article","og_title":"Magazine Bridge Canada - Num\u00e9ros 2020 \u00e0 aujourd'hui - Canadian Bridge Federation","og_description":"December 2025 Septembre 2025 Juin 2025 Mars 2025 D\u00e9cembre 2024 Septembre 2024 Juin 2024 Mars 2024 Octobre 2023 Ao\u00fbt 2023 Juin 2023 Avril 2023 F\u00e9vrier 2023 2022 D\u00e9cembre Octobre Ao\u00fbt Juin Avril F\u00e9vrier 2021 D\u00e9cembre Octobre Ao\u00fbt Juin Avril F\u00e9vrier 2020 D\u00e9cembre Octobre Ao\u00fbt Juin Avril F\u00e9vrier","og_url":"https:\/\/cbf.ca\/fr\/bridge-canada-magazine\/magazine-bridge-canada-numeros-2020-aujourdhui\/","og_site_name":"Canadian Bridge Federation","article_publisher":"https:\/\/www.facebook.com\/Canadian.Bridge.Federation\/","article_modified_time":"2026-02-09T19:14:00+00:00","og_image":[{"url":"https:\/\/cbf.ca\/wp-content\/uploads\/2025\/11\/2025-December-Cover-French.png"}],"twitter_misc":{"Dur\u00e9e de lecture estim\u00e9e":"7 minutes"},"schema":{"@context":"https:\/\/schema.org","@graph":[{"@type":"WebPage","@id":"https:\/\/cbf.ca\/fr\/bridge-canada-magazine\/magazine-bridge-canada-numeros-2020-aujourdhui\/","url":"https:\/\/cbf.ca\/fr\/bridge-canada-magazine\/magazine-bridge-canada-numeros-2020-aujourdhui\/","name":"Magazine Bridge Canada - Num\u00e9ros 2020 \u00e0 aujourd'hui - Canadian Bridge Federation","isPartOf":{"@id":"https:\/\/cbf.ca\/#website"},"primaryImageOfPage":{"@id":"https:\/\/cbf.ca\/fr\/bridge-canada-magazine\/magazine-bridge-canada-numeros-2020-aujourdhui\/#primaryimage"},"image":{"@id":"https:\/\/cbf.ca\/fr\/bridge-canada-magazine\/magazine-bridge-canada-numeros-2020-aujourdhui\/#primaryimage"},"thumbnailUrl":"https:\/\/cbf.ca\/wp-content\/uploads\/2025\/11\/2025-December-Cover-French.png","datePublished":"2025-08-13T01:43:30+00:00","dateModified":"2026-02-09T19:14:00+00:00","breadcrumb":{"@id":"https:\/\/cbf.ca\/fr\/bridge-canada-magazine\/magazine-bridge-canada-numeros-2020-aujourdhui\/#breadcrumb"},"inLanguage":"fr-FR","potentialAction":[{"@type":"ReadAction","target":["https:\/\/cbf.ca\/fr\/bridge-canada-magazine\/magazine-bridge-canada-numeros-2020-aujourdhui\/"]}]},{"@type":"ImageObject","inLanguage":"fr-FR","@id":"https:\/\/cbf.ca\/fr\/bridge-canada-magazine\/magazine-bridge-canada-numeros-2020-aujourdhui\/#primaryimage","url":"https:\/\/cbf.ca\/wp-content\/uploads\/2025\/11\/2025-December-Cover-French.png","contentUrl":"https:\/\/cbf.ca\/wp-content\/uploads\/2025\/11\/2025-December-Cover-French.png","width":1364,"height":1948},{"@type":"BreadcrumbList","@id":"https:\/\/cbf.ca\/fr\/bridge-canada-magazine\/magazine-bridge-canada-numeros-2020-aujourdhui\/#breadcrumb","itemListElement":[{"@type":"ListItem","position":1,"name":"Home","item":"https:\/\/cbf.ca\/"},{"@type":"ListItem","position":2,"name":"Magazine Bridge Canada","item":"https:\/\/cbf.ca\/fr\/bridge-canada-magazine\/"},{"@type":"ListItem","position":3,"name":"Magazine Bridge Canada &#8211; Num\u00e9ros 2020 \u00e0 aujourd&#8217;hui"}]},{"@type":"WebSite","@id":"https:\/\/cbf.ca\/#website","url":"https:\/\/cbf.ca\/","name":"Canadian Bridge Federation","description":"F\u00e9d\u00e9ration canadienne de bridge","potentialAction":[{"@type":"SearchAction","target":{"@type":"EntryPoint","urlTemplate":"https:\/\/cbf.ca\/?s={search_term_string}"},"query-input":"required name=search_term_string"}],"inLanguage":"fr-FR"}]}},"_links":{"self":[{"href":"https:\/\/cbf.ca\/fr\/wp-json\/wp\/v2\/pages\/33643"}],"collection":[{"href":"https:\/\/cbf.ca\/fr\/wp-json\/wp\/v2\/pages"}],"about":[{"href":"https:\/\/cbf.ca\/fr\/wp-json\/wp\/v2\/types\/page"}],"author":[{"embeddable":true,"href":"https:\/\/cbf.ca\/fr\/wp-json\/wp\/v2\/users\/1"}],"replies":[{"embeddable":true,"href":"https:\/\/cbf.ca\/fr\/wp-json\/wp\/v2\/comments?post=33643"}],"version-history":[{"count":11,"href":"https:\/\/cbf.ca\/fr\/wp-json\/wp\/v2\/pages\/33643\/revisions"}],"predecessor-version":[{"id":37492,"href":"https:\/\/cbf.ca\/fr\/wp-json\/wp\/v2\/pages\/33643\/revisions\/37492"}],"up":[{"embeddable":true,"href":"https:\/\/cbf.ca\/fr\/wp-json\/wp\/v2\/pages\/4537"}],"wp:attachment":[{"href":"https:\/\/cbf.ca\/fr\/wp-json\/wp\/v2\/media?parent=33643"}],"curies":[{"name":"wp","href":"https:\/\/api.w.org\/{rel}","templated":true}]}}