{"id":33613,"date":"2025-08-13T04:07:37","date_gmt":"2025-08-13T00:07:37","guid":{"rendered":"https:\/\/cbf.ca\/?page_id=33613"},"modified":"2026-03-22T20:01:34","modified_gmt":"2026-03-22T16:01:34","slug":"messages-de-la-presidente","status":"publish","type":"page","link":"https:\/\/cbf.ca\/fr\/administration\/messages-de-la-presidente\/","title":{"rendered":"Messages de la pr\u00e9sidente"},"content":{"rendered":"<div id=\"attachment_831\" style=\"width: 170px\" class=\"wp-caption alignright\"><a class=\"lightbox\" href=\"https:\/\/cbf.ca\/wp-content\/uploads\/2025\/08\/shelley_pic.jpg\"><img loading=\"lazy\" decoding=\"async\" aria-describedby=\"caption-attachment-831\" class=\"wp-image-1405 \" src=\"https:\/\/cbf.ca\/wp-content\/uploads\/2025\/08\/shelley_pic.jpg\" alt=\"Shelley Burns\" width=\"160\" height=\"191\" \/><\/a><p id=\"caption-attachment-831\" class=\"wp-caption-text\">Shelley Burns &#8211; Pr\u00e9sidente<\/p><\/div>\n<p>La pr\u00e9sidente de la F\u00e9d\u00e9ration canadienne de bridge signe un message publi\u00e9 dans le magazine <em>Bridge Canada<\/em>, lors de sa parution trimestrielle. D&rsquo;autres messages peuvent aussi \u00eatre publi\u00e9s par la direction de la FCB \u00e0 des moments opportuns.<\/p>\n<p>Nous vous invitons \u00e0 prendre connaissance des messages publi\u00e9s.<\/p>\n<ul>\n<li><a href=\"https:\/\/cbf.ca\/fr\/mot-de-la-presidente-mars-2026\/\" target=\"_blank\" rel=\"noopener\">Mot de la pr\u00e9sidente &#8211; Mars 2026<\/a> &#8211; Shelley Burns<\/li>\n<li><a href=\"https:\/\/cbf.ca\/fr\/message-presidente-septembre-2025\/\" target=\"_blank\" rel=\"noopener\">Message de la pr\u00e9sidente &#8211; Septembre 2025<\/a> &#8211; Shelley Burns<\/li>\n<li><a href=\"https:\/\/cbf.ca\/fr\/message-presidente-juin-2025\/\" target=\"_blank\" rel=\"noopener\">Message de la pr\u00e9sidente &#8211; Juin 2025<\/a> &#8211; Shelley Burns<\/li>\n<li><a href=\"https:\/\/cbf.ca\/fr\/message-de-la-presidente\/\" target=\"_blank\" rel=\"noopener\">Message de la pr\u00e9sidente &#8211; Mars 2025<\/a> &#8211; Shelley Burns<\/li>\n<li><a href=\"https:\/\/cbf.ca\/cbf-update-members-december-2024\/\" target=\"_blank\" rel=\"noopener\">Mise \u00e0 jour de la FCB &#8211; D\u00e9cembre 2024<\/a> &#8211; Conseil d&rsquo;administration<\/li>\n<\/ul>\n<p>Bonne lecture !<\/p>\n\n\n\n","protected":false},"excerpt":{"rendered":"<p>La pr\u00e9sidente de la F\u00e9d\u00e9ration canadienne de bridge signe un message publi\u00e9 dans le magazine Bridge Canada, lors de sa parution trimestrielle. D&rsquo;autres messages peuvent aussi \u00eatre publi\u00e9s par la direction de la FCB \u00e0 des moments opportuns. Nous vous invitons \u00e0 prendre connaissance des messages publi\u00e9s. Mot de la pr\u00e9sidente &#8211; Mars 2026 &#8211;<br><a class=\"moretag signature-animation\" href=\"https:\/\/cbf.ca\/fr\/administration\/messages-de-la-presidente\/\">CONTINUER LA LECTURE<\/a>","protected":false},"author":1,"featured_media":0,"parent":3435,"menu_order":0,"comment_status":"closed","ping_status":"closed","template":"","meta":{"footnotes":""},"yoast_head":"<!-- This site is optimized with the Yoast SEO plugin v22.3 - https:\/\/yoast.com\/wordpress\/plugins\/seo\/ -->\n<title>Messages de la pr\u00e9sidente - Canadian Bridge Federation<\/title>\n<meta name=\"robots\" content=\"index, follow, max-snippet:-1, max-image-preview:large, max-video-preview:-1\" \/>\n<link rel=\"canonical\" href=\"https:\/\/cbf.ca\/fr\/administration\/messages-de-la-presidente\/\" \/>\n<meta property=\"og:locale\" content=\"fr_FR\" \/>\n<meta property=\"og:type\" content=\"article\" \/>\n<meta property=\"og:title\" content=\"Messages de la pr\u00e9sidente - Canadian Bridge Federation\" \/>\n<meta property=\"og:description\" content=\"La pr\u00e9sidente de la F\u00e9d\u00e9ration canadienne de bridge signe un message publi\u00e9 dans le magazine Bridge Canada, lors de sa parution trimestrielle. D&rsquo;autres messages peuvent aussi \u00eatre publi\u00e9s par la direction de la FCB \u00e0 des moments opportuns. Nous vous invitons \u00e0 prendre connaissance des messages publi\u00e9s. Mot de la pr\u00e9sidente &#8211; Mars 2026 &#8211;\" \/>\n<meta property=\"og:url\" content=\"https:\/\/cbf.ca\/fr\/administration\/messages-de-la-presidente\/\" \/>\n<meta property=\"og:site_name\" content=\"Canadian Bridge Federation\" \/>\n<meta property=\"article:publisher\" content=\"https:\/\/www.facebook.com\/Canadian.Bridge.Federation\/\" \/>\n<meta property=\"article:modified_time\" content=\"2026-03-22T16:01:34+00:00\" \/>\n<meta property=\"og:image\" content=\"https:\/\/cbf.ca\/wp-content\/uploads\/2025\/08\/shelley_pic.jpg\" \/>\n<meta name=\"twitter:label1\" content=\"Dur\u00e9e de lecture estim\u00e9e\" \/>\n\t<meta name=\"twitter:data1\" content=\"1 minute\" \/>\n<script type=\"application\/ld+json\" class=\"yoast-schema-graph\">{\"@context\":\"https:\/\/schema.org\",\"@graph\":[{\"@type\":\"WebPage\",\"@id\":\"https:\/\/cbf.ca\/fr\/administration\/messages-de-la-presidente\/\",\"url\":\"https:\/\/cbf.ca\/fr\/administration\/messages-de-la-presidente\/\",\"name\":\"Messages de la pr\u00e9sidente - Canadian Bridge Federation\",\"isPartOf\":{\"@id\":\"https:\/\/cbf.ca\/#website\"},\"primaryImageOfPage\":{\"@id\":\"https:\/\/cbf.ca\/fr\/administration\/messages-de-la-presidente\/#primaryimage\"},\"image\":{\"@id\":\"https:\/\/cbf.ca\/fr\/administration\/messages-de-la-presidente\/#primaryimage\"},\"thumbnailUrl\":\"https:\/\/cbf.ca\/wp-content\/uploads\/2025\/08\/shelley_pic.jpg\",\"datePublished\":\"2025-08-13T00:07:37+00:00\",\"dateModified\":\"2026-03-22T16:01:34+00:00\",\"breadcrumb\":{\"@id\":\"https:\/\/cbf.ca\/fr\/administration\/messages-de-la-presidente\/#breadcrumb\"},\"inLanguage\":\"fr-FR\",\"potentialAction\":[{\"@type\":\"ReadAction\",\"target\":[\"https:\/\/cbf.ca\/fr\/administration\/messages-de-la-presidente\/\"]}]},{\"@type\":\"ImageObject\",\"inLanguage\":\"fr-FR\",\"@id\":\"https:\/\/cbf.ca\/fr\/administration\/messages-de-la-presidente\/#primaryimage\",\"url\":\"https:\/\/cbf.ca\/wp-content\/uploads\/2025\/08\/shelley_pic.jpg\",\"contentUrl\":\"https:\/\/cbf.ca\/wp-content\/uploads\/2025\/08\/shelley_pic.jpg\",\"width\":713,\"height\":851},{\"@type\":\"BreadcrumbList\",\"@id\":\"https:\/\/cbf.ca\/fr\/administration\/messages-de-la-presidente\/#breadcrumb\",\"itemListElement\":[{\"@type\":\"ListItem\",\"position\":1,\"name\":\"Home\",\"item\":\"https:\/\/cbf.ca\/\"},{\"@type\":\"ListItem\",\"position\":2,\"name\":\"Administration\",\"item\":\"https:\/\/cbf.ca\/fr\/administration\/\"},{\"@type\":\"ListItem\",\"position\":3,\"name\":\"Messages de la pr\u00e9sidente\"}]},{\"@type\":\"WebSite\",\"@id\":\"https:\/\/cbf.ca\/#website\",\"url\":\"https:\/\/cbf.ca\/\",\"name\":\"Canadian Bridge Federation\",\"description\":\"F\u00e9d\u00e9ration canadienne de bridge\",\"potentialAction\":[{\"@type\":\"SearchAction\",\"target\":{\"@type\":\"EntryPoint\",\"urlTemplate\":\"https:\/\/cbf.ca\/?s={search_term_string}\"},\"query-input\":\"required name=search_term_string\"}],\"inLanguage\":\"fr-FR\"}]}<\/script>\n<!-- \/ Yoast SEO plugin. -->","yoast_head_json":{"title":"Messages de la pr\u00e9sidente - Canadian Bridge Federation","robots":{"index":"index","follow":"follow","max-snippet":"max-snippet:-1","max-image-preview":"max-image-preview:large","max-video-preview":"max-video-preview:-1"},"canonical":"https:\/\/cbf.ca\/fr\/administration\/messages-de-la-presidente\/","og_locale":"fr_FR","og_type":"article","og_title":"Messages de la pr\u00e9sidente - Canadian Bridge Federation","og_description":"La pr\u00e9sidente de la F\u00e9d\u00e9ration canadienne de bridge signe un message publi\u00e9 dans le magazine Bridge Canada, lors de sa parution trimestrielle. D&rsquo;autres messages peuvent aussi \u00eatre publi\u00e9s par la direction de la FCB \u00e0 des moments opportuns. Nous vous invitons \u00e0 prendre connaissance des messages publi\u00e9s. Mot de la pr\u00e9sidente &#8211; Mars 2026 &#8211;","og_url":"https:\/\/cbf.ca\/fr\/administration\/messages-de-la-presidente\/","og_site_name":"Canadian Bridge Federation","article_publisher":"https:\/\/www.facebook.com\/Canadian.Bridge.Federation\/","article_modified_time":"2026-03-22T16:01:34+00:00","og_image":[{"url":"https:\/\/cbf.ca\/wp-content\/uploads\/2025\/08\/shelley_pic.jpg"}],"twitter_misc":{"Dur\u00e9e de lecture estim\u00e9e":"1 minute"},"schema":{"@context":"https:\/\/schema.org","@graph":[{"@type":"WebPage","@id":"https:\/\/cbf.ca\/fr\/administration\/messages-de-la-presidente\/","url":"https:\/\/cbf.ca\/fr\/administration\/messages-de-la-presidente\/","name":"Messages de la pr\u00e9sidente - Canadian Bridge Federation","isPartOf":{"@id":"https:\/\/cbf.ca\/#website"},"primaryImageOfPage":{"@id":"https:\/\/cbf.ca\/fr\/administration\/messages-de-la-presidente\/#primaryimage"},"image":{"@id":"https:\/\/cbf.ca\/fr\/administration\/messages-de-la-presidente\/#primaryimage"},"thumbnailUrl":"https:\/\/cbf.ca\/wp-content\/uploads\/2025\/08\/shelley_pic.jpg","datePublished":"2025-08-13T00:07:37+00:00","dateModified":"2026-03-22T16:01:34+00:00","breadcrumb":{"@id":"https:\/\/cbf.ca\/fr\/administration\/messages-de-la-presidente\/#breadcrumb"},"inLanguage":"fr-FR","potentialAction":[{"@type":"ReadAction","target":["https:\/\/cbf.ca\/fr\/administration\/messages-de-la-presidente\/"]}]},{"@type":"ImageObject","inLanguage":"fr-FR","@id":"https:\/\/cbf.ca\/fr\/administration\/messages-de-la-presidente\/#primaryimage","url":"https:\/\/cbf.ca\/wp-content\/uploads\/2025\/08\/shelley_pic.jpg","contentUrl":"https:\/\/cbf.ca\/wp-content\/uploads\/2025\/08\/shelley_pic.jpg","width":713,"height":851},{"@type":"BreadcrumbList","@id":"https:\/\/cbf.ca\/fr\/administration\/messages-de-la-presidente\/#breadcrumb","itemListElement":[{"@type":"ListItem","position":1,"name":"Home","item":"https:\/\/cbf.ca\/"},{"@type":"ListItem","position":2,"name":"Administration","item":"https:\/\/cbf.ca\/fr\/administration\/"},{"@type":"ListItem","position":3,"name":"Messages de la pr\u00e9sidente"}]},{"@type":"WebSite","@id":"https:\/\/cbf.ca\/#website","url":"https:\/\/cbf.ca\/","name":"Canadian Bridge Federation","description":"F\u00e9d\u00e9ration canadienne de bridge","potentialAction":[{"@type":"SearchAction","target":{"@type":"EntryPoint","urlTemplate":"https:\/\/cbf.ca\/?s={search_term_string}"},"query-input":"required name=search_term_string"}],"inLanguage":"fr-FR"}]}},"_links":{"self":[{"href":"https:\/\/cbf.ca\/fr\/wp-json\/wp\/v2\/pages\/33613"}],"collection":[{"href":"https:\/\/cbf.ca\/fr\/wp-json\/wp\/v2\/pages"}],"about":[{"href":"https:\/\/cbf.ca\/fr\/wp-json\/wp\/v2\/types\/page"}],"author":[{"embeddable":true,"href":"https:\/\/cbf.ca\/fr\/wp-json\/wp\/v2\/users\/1"}],"replies":[{"embeddable":true,"href":"https:\/\/cbf.ca\/fr\/wp-json\/wp\/v2\/comments?post=33613"}],"version-history":[{"count":6,"href":"https:\/\/cbf.ca\/fr\/wp-json\/wp\/v2\/pages\/33613\/revisions"}],"predecessor-version":[{"id":38199,"href":"https:\/\/cbf.ca\/fr\/wp-json\/wp\/v2\/pages\/33613\/revisions\/38199"}],"up":[{"embeddable":true,"href":"https:\/\/cbf.ca\/fr\/wp-json\/wp\/v2\/pages\/3435"}],"wp:attachment":[{"href":"https:\/\/cbf.ca\/fr\/wp-json\/wp\/v2\/media?parent=33613"}],"curies":[{"name":"wp","href":"https:\/\/api.w.org\/{rel}","templated":true}]}}