{"id":33054,"date":"2025-07-01T02:14:47","date_gmt":"2025-06-30T22:14:47","guid":{"rendered":"https:\/\/cbf.ca\/?page_id=33054"},"modified":"2025-12-10T22:18:34","modified_gmt":"2025-12-10T18:18:34","slug":"neil-kimelman","status":"publish","type":"page","link":"https:\/\/cbf.ca\/fr\/recompenses\/neil-kimelman\/","title":{"rendered":"Neil Kimelman"},"content":{"rendered":"<p><a href=\"https:\/\/cbf.ca\/wp-content\/uploads\/2025\/07\/NeilKimelman-2025-LAA-ceremony.jpg\"><img loading=\"lazy\" decoding=\"async\" class=\"alignright  wp-image-5878\" title=\"jan-anderson\" src=\"https:\/\/cbf.ca\/wp-content\/uploads\/2025\/07\/NeilKimelman-2025-LAA-ceremony.jpg\" width=\"149\" height=\"176\" \/><\/a><strong>Prix d&rsquo;excellence pour services remarquables &#8211; 2025<\/strong><\/p>\n<p>Neil Kimelman est au service de la communaut\u00e9 canadienne de bridge depuis pr\u00e8s de 50 ans, notamment dans les activit\u00e9s et fonctions suivantes :<\/p>\n<ul>\n<li>Douze ans (2010 &#8211; 2021) : membre du conseil d&rsquo;administration de la F\u00e9d\u00e9ration canadienne de bridge, dont deux mandats en tant que pr\u00e9sident de la FCB <span style=\"font-size: revert; color: initial;\">(2016-2017 and 2020-2021)<\/span>.<\/li>\n<li>Treize ans (2013 \u00e0 ce jour) : r\u00e9dacteur en chef de Bridge Canada, le magazine de la FCB.<\/li>\n<li>Treize ans (1977-1989) : membre du conseil d&rsquo;administration de l&rsquo;unit\u00e9 181 de l&rsquo;ACBL (sud du Manitoba).<\/li>\n<li>Auteur de trois livres de bridge acclam\u00e9s par la critique : Improve Your Bidding Judgement ; The Thin Red Line ; The Right Bid at the Right Time.<\/li>\n<li>Quarante-deux ans en tant que contributeur prodigieux d&rsquo;articles \u00e0 une vari\u00e9t\u00e9 de publications de bridge.<\/li>\n<li>Mentor et professeur de bridge.<\/li>\n<li>Participant r\u00e9gulier aux championnats de la FCB, avec de nombreuses places d&rsquo;honneur, y compris la victoire du CNTC A en 2017.<\/li>\n<\/ul>\n\n\n\n","protected":false},"excerpt":{"rendered":"<p>Prix d&rsquo;excellence pour services remarquables &#8211; 2025 Neil Kimelman est au service de la communaut\u00e9 canadienne de bridge depuis pr\u00e8s de 50 ans, notamment dans les activit\u00e9s et fonctions suivantes : Douze ans (2010 &#8211; 2021) : membre du conseil d&rsquo;administration de la F\u00e9d\u00e9ration canadienne de bridge, dont deux mandats en tant que pr\u00e9sident de<br><a class=\"moretag signature-animation\" href=\"https:\/\/cbf.ca\/fr\/recompenses\/neil-kimelman\/\">CONTINUER LA LECTURE<\/a>","protected":false},"author":1,"featured_media":0,"parent":24429,"menu_order":0,"comment_status":"closed","ping_status":"closed","template":"","meta":{"footnotes":""},"yoast_head":"<!-- This site is optimized with the Yoast SEO plugin v22.3 - https:\/\/yoast.com\/wordpress\/plugins\/seo\/ -->\n<title>Neil Kimelman - Canadian Bridge Federation<\/title>\n<meta name=\"robots\" content=\"index, follow, max-snippet:-1, max-image-preview:large, max-video-preview:-1\" \/>\n<link rel=\"canonical\" href=\"https:\/\/cbf.ca\/fr\/recompenses\/neil-kimelman\/\" \/>\n<meta property=\"og:locale\" content=\"fr_FR\" \/>\n<meta property=\"og:type\" content=\"article\" \/>\n<meta property=\"og:title\" content=\"Neil Kimelman - Canadian Bridge Federation\" \/>\n<meta property=\"og:description\" content=\"Prix d&rsquo;excellence pour services remarquables &#8211; 2025 Neil Kimelman est au service de la communaut\u00e9 canadienne de bridge depuis pr\u00e8s de 50 ans, notamment dans les activit\u00e9s et fonctions suivantes : Douze ans (2010 &#8211; 2021) : membre du conseil d&rsquo;administration de la F\u00e9d\u00e9ration canadienne de bridge, dont deux mandats en tant que pr\u00e9sident de\" \/>\n<meta property=\"og:url\" content=\"https:\/\/cbf.ca\/fr\/recompenses\/neil-kimelman\/\" \/>\n<meta property=\"og:site_name\" content=\"Canadian Bridge Federation\" \/>\n<meta property=\"article:publisher\" content=\"https:\/\/www.facebook.com\/Canadian.Bridge.Federation\/\" \/>\n<meta property=\"article:modified_time\" content=\"2025-12-10T18:18:34+00:00\" \/>\n<meta property=\"og:image\" content=\"https:\/\/cbf.ca\/wp-content\/uploads\/2025\/07\/NeilKimelman-2025-LAA-ceremony.jpg\" \/>\n<meta name=\"twitter:label1\" content=\"Dur\u00e9e de lecture estim\u00e9e\" \/>\n\t<meta name=\"twitter:data1\" content=\"1 minute\" \/>\n<script type=\"application\/ld+json\" class=\"yoast-schema-graph\">{\"@context\":\"https:\/\/schema.org\",\"@graph\":[{\"@type\":\"WebPage\",\"@id\":\"https:\/\/cbf.ca\/fr\/recompenses\/neil-kimelman\/\",\"url\":\"https:\/\/cbf.ca\/fr\/recompenses\/neil-kimelman\/\",\"name\":\"Neil Kimelman - Canadian Bridge Federation\",\"isPartOf\":{\"@id\":\"https:\/\/cbf.ca\/#website\"},\"primaryImageOfPage\":{\"@id\":\"https:\/\/cbf.ca\/fr\/recompenses\/neil-kimelman\/#primaryimage\"},\"image\":{\"@id\":\"https:\/\/cbf.ca\/fr\/recompenses\/neil-kimelman\/#primaryimage\"},\"thumbnailUrl\":\"https:\/\/cbf.ca\/wp-content\/uploads\/2025\/07\/NeilKimelman-2025-LAA-ceremony.jpg\",\"datePublished\":\"2025-06-30T22:14:47+00:00\",\"dateModified\":\"2025-12-10T18:18:34+00:00\",\"breadcrumb\":{\"@id\":\"https:\/\/cbf.ca\/fr\/recompenses\/neil-kimelman\/#breadcrumb\"},\"inLanguage\":\"fr-FR\",\"potentialAction\":[{\"@type\":\"ReadAction\",\"target\":[\"https:\/\/cbf.ca\/fr\/recompenses\/neil-kimelman\/\"]}]},{\"@type\":\"ImageObject\",\"inLanguage\":\"fr-FR\",\"@id\":\"https:\/\/cbf.ca\/fr\/recompenses\/neil-kimelman\/#primaryimage\",\"url\":\"https:\/\/cbf.ca\/wp-content\/uploads\/2025\/07\/NeilKimelman-2025-LAA-ceremony.jpg\",\"contentUrl\":\"https:\/\/cbf.ca\/wp-content\/uploads\/2025\/07\/NeilKimelman-2025-LAA-ceremony.jpg\",\"width\":603,\"height\":713},{\"@type\":\"BreadcrumbList\",\"@id\":\"https:\/\/cbf.ca\/fr\/recompenses\/neil-kimelman\/#breadcrumb\",\"itemListElement\":[{\"@type\":\"ListItem\",\"position\":1,\"name\":\"Home\",\"item\":\"https:\/\/cbf.ca\/\"},{\"@type\":\"ListItem\",\"position\":2,\"name\":\"R\u00e9compenses\",\"item\":\"https:\/\/cbf.ca\/recompenses\/\"},{\"@type\":\"ListItem\",\"position\":3,\"name\":\"Neil Kimelman\"}]},{\"@type\":\"WebSite\",\"@id\":\"https:\/\/cbf.ca\/#website\",\"url\":\"https:\/\/cbf.ca\/\",\"name\":\"Canadian Bridge Federation\",\"description\":\"F\u00e9d\u00e9ration canadienne de bridge\",\"potentialAction\":[{\"@type\":\"SearchAction\",\"target\":{\"@type\":\"EntryPoint\",\"urlTemplate\":\"https:\/\/cbf.ca\/?s={search_term_string}\"},\"query-input\":\"required name=search_term_string\"}],\"inLanguage\":\"fr-FR\"}]}<\/script>\n<!-- \/ Yoast SEO plugin. -->","yoast_head_json":{"title":"Neil Kimelman - Canadian Bridge Federation","robots":{"index":"index","follow":"follow","max-snippet":"max-snippet:-1","max-image-preview":"max-image-preview:large","max-video-preview":"max-video-preview:-1"},"canonical":"https:\/\/cbf.ca\/fr\/recompenses\/neil-kimelman\/","og_locale":"fr_FR","og_type":"article","og_title":"Neil Kimelman - Canadian Bridge Federation","og_description":"Prix d&rsquo;excellence pour services remarquables &#8211; 2025 Neil Kimelman est au service de la communaut\u00e9 canadienne de bridge depuis pr\u00e8s de 50 ans, notamment dans les activit\u00e9s et fonctions suivantes : Douze ans (2010 &#8211; 2021) : membre du conseil d&rsquo;administration de la F\u00e9d\u00e9ration canadienne de bridge, dont deux mandats en tant que pr\u00e9sident de","og_url":"https:\/\/cbf.ca\/fr\/recompenses\/neil-kimelman\/","og_site_name":"Canadian Bridge Federation","article_publisher":"https:\/\/www.facebook.com\/Canadian.Bridge.Federation\/","article_modified_time":"2025-12-10T18:18:34+00:00","og_image":[{"url":"https:\/\/cbf.ca\/wp-content\/uploads\/2025\/07\/NeilKimelman-2025-LAA-ceremony.jpg"}],"twitter_misc":{"Dur\u00e9e de lecture estim\u00e9e":"1 minute"},"schema":{"@context":"https:\/\/schema.org","@graph":[{"@type":"WebPage","@id":"https:\/\/cbf.ca\/fr\/recompenses\/neil-kimelman\/","url":"https:\/\/cbf.ca\/fr\/recompenses\/neil-kimelman\/","name":"Neil Kimelman - Canadian Bridge Federation","isPartOf":{"@id":"https:\/\/cbf.ca\/#website"},"primaryImageOfPage":{"@id":"https:\/\/cbf.ca\/fr\/recompenses\/neil-kimelman\/#primaryimage"},"image":{"@id":"https:\/\/cbf.ca\/fr\/recompenses\/neil-kimelman\/#primaryimage"},"thumbnailUrl":"https:\/\/cbf.ca\/wp-content\/uploads\/2025\/07\/NeilKimelman-2025-LAA-ceremony.jpg","datePublished":"2025-06-30T22:14:47+00:00","dateModified":"2025-12-10T18:18:34+00:00","breadcrumb":{"@id":"https:\/\/cbf.ca\/fr\/recompenses\/neil-kimelman\/#breadcrumb"},"inLanguage":"fr-FR","potentialAction":[{"@type":"ReadAction","target":["https:\/\/cbf.ca\/fr\/recompenses\/neil-kimelman\/"]}]},{"@type":"ImageObject","inLanguage":"fr-FR","@id":"https:\/\/cbf.ca\/fr\/recompenses\/neil-kimelman\/#primaryimage","url":"https:\/\/cbf.ca\/wp-content\/uploads\/2025\/07\/NeilKimelman-2025-LAA-ceremony.jpg","contentUrl":"https:\/\/cbf.ca\/wp-content\/uploads\/2025\/07\/NeilKimelman-2025-LAA-ceremony.jpg","width":603,"height":713},{"@type":"BreadcrumbList","@id":"https:\/\/cbf.ca\/fr\/recompenses\/neil-kimelman\/#breadcrumb","itemListElement":[{"@type":"ListItem","position":1,"name":"Home","item":"https:\/\/cbf.ca\/"},{"@type":"ListItem","position":2,"name":"R\u00e9compenses","item":"https:\/\/cbf.ca\/recompenses\/"},{"@type":"ListItem","position":3,"name":"Neil Kimelman"}]},{"@type":"WebSite","@id":"https:\/\/cbf.ca\/#website","url":"https:\/\/cbf.ca\/","name":"Canadian Bridge Federation","description":"F\u00e9d\u00e9ration canadienne de bridge","potentialAction":[{"@type":"SearchAction","target":{"@type":"EntryPoint","urlTemplate":"https:\/\/cbf.ca\/?s={search_term_string}"},"query-input":"required name=search_term_string"}],"inLanguage":"fr-FR"}]}},"_links":{"self":[{"href":"https:\/\/cbf.ca\/fr\/wp-json\/wp\/v2\/pages\/33054"}],"collection":[{"href":"https:\/\/cbf.ca\/fr\/wp-json\/wp\/v2\/pages"}],"about":[{"href":"https:\/\/cbf.ca\/fr\/wp-json\/wp\/v2\/types\/page"}],"author":[{"embeddable":true,"href":"https:\/\/cbf.ca\/fr\/wp-json\/wp\/v2\/users\/1"}],"replies":[{"embeddable":true,"href":"https:\/\/cbf.ca\/fr\/wp-json\/wp\/v2\/comments?post=33054"}],"version-history":[{"count":5,"href":"https:\/\/cbf.ca\/fr\/wp-json\/wp\/v2\/pages\/33054\/revisions"}],"predecessor-version":[{"id":35873,"href":"https:\/\/cbf.ca\/fr\/wp-json\/wp\/v2\/pages\/33054\/revisions\/35873"}],"up":[{"embeddable":true,"href":"https:\/\/cbf.ca\/fr\/wp-json\/wp\/v2\/pages\/24429"}],"wp:attachment":[{"href":"https:\/\/cbf.ca\/fr\/wp-json\/wp\/v2\/media?parent=33054"}],"curies":[{"name":"wp","href":"https:\/\/api.w.org\/{rel}","templated":true}]}}