{"id":3270,"date":"2014-09-03T23:56:08","date_gmt":"2014-09-03T19:56:08","guid":{"rendered":"http:\/\/cbf.ca\/?page_id=3270"},"modified":"2026-03-31T07:30:33","modified_gmt":"2026-03-31T03:30:33","slug":"directeurs-de-zone-precedents-de-la-fcb","status":"publish","type":"page","link":"https:\/\/cbf.ca\/fr\/administration\/directeurs-de-zone-precedents-de-la-fcb\/","title":{"rendered":"Directeurs de zones &#8211; Actuels et pr\u00e9c\u00e9dents"},"content":{"rendered":"<div style=\"overflow-x: auto;\">\n<table style=\"height: 479px;\" width=\"750\">\n<thead>\n<tr>\n<td colspan=\"2\"><strong>Zone I<\/strong><\/td>\n<\/tr>\n<\/thead>\n<tbody>\n<tr>\n<td colspan=\"2\">(Nouvelle-\u00c9cosse, Nouveau-Brunswick, \u00cele du Prince \u00c9douard &amp; Terre-Neuve)<\/td>\n<\/tr>\n<tr>\n<td>2025 &#8211; Actuel<\/td>\n<td>Allan Callard, Charlottetown, IPE<\/td>\n<\/tr>\n<tr>\n<td>2019 &#8211; 2025<\/td>\n<td>Kathie Macnab, Halifax, N\u00c9<\/td>\n<\/tr>\n<tr>\n<td>2019 &#8211; 2020<\/td>\n<td>Wade Short, Pointe du chene, NB<\/td>\n<\/tr>\n<tr>\n<td>2010 &#8211; 2018<\/td>\n<td>Kathie Macnab, Halifax, N\u00c9<\/td>\n<\/tr>\n<tr>\n<td>2004 &#8211; 2009<\/td>\n<td>Michael Hartop, Ammon, NB<\/td>\n<\/tr>\n<tr>\n<td>2001 &#8211; 2003<\/td>\n<td>Mary Moulton, Halifax, N\u00c9<\/td>\n<\/tr>\n<tr>\n<td>1998 &#8211; 2000<\/td>\n<td>Leo Weniger, Halifax, N\u00c9<\/td>\n<\/tr>\n<tr>\n<td>1992 &#8211; 1997<\/td>\n<td>George Holland, Dartmouth, N\u00c9<\/td>\n<\/tr>\n<tr>\n<td>1989 &#8211; 1991<\/td>\n<td>John Goldberg, Halifax, N\u00c9<\/td>\n<\/tr>\n<tr>\n<td>1986 &#8211; 1988<\/td>\n<td>\u00a0George Colter, Fredericton, NB<\/td>\n<\/tr>\n<tr>\n<td>1983 &#8211; 1985<\/td>\n<td>Victor Goldberg, Halifax, N\u00c9<\/td>\n<\/tr>\n<tr>\n<td>1977 &#8211; 1982<\/td>\n<td>James D. Harper, Fredericton, NB<\/td>\n<\/tr>\n<tr>\n<td>1975<\/td>\n<td>Robert Hambly, Halifax, N\u00c9<\/td>\n<\/tr>\n<tr>\n<td>1974 &#8211; 1976<\/td>\n<td>Richard Brown, Halifax, N\u00c9<\/td>\n<\/tr>\n<tr>\n<td>1972 &#8211; 1974<\/td>\n<td>Karl Hicks, Dominion, N\u00c9<\/td>\n<\/tr>\n<tr>\n<td>1970 &#8211; 1971<\/td>\n<td>Richard Glube, Halifax, N\u00c9<\/td>\n<\/tr>\n<tr>\n<td width=\"25%\">1966 &#8211; 1969<\/td>\n<td>Donald W. Dobson, Halifax, N\u00c9<\/td>\n<\/tr>\n<\/tbody>\n<\/table>\n<\/div>\n<div style=\"overflow-x: auto;\">\n<table style=\"height: 472px;\" width=\"750\">\n<thead>\n<tr>\n<td colspan=\"2\"><strong>Zone II<\/strong><\/td>\n<\/tr>\n<\/thead>\n<tbody>\n<tr>\n<td colspan=\"2\">(Qu\u00e9bec et Est de l\u2019Ontario)<\/td>\n<\/tr>\n<tr>\n<td>2026 &#8211; Present<\/td>\n<td>Xavier Combey, Montr\u00e9al, QC<\/td>\n<\/tr>\n<tr>\n<td>2025<\/td>\n<td>Deborah Harper, O2022 &#8211; 2024ttawa, ON<\/td>\n<\/tr>\n<tr>\n<td>2022 &#8211; 2024<\/td>\n<td>Howard Huynh, Ottawa, ON<\/td>\n<\/tr>\n<tr>\n<td>2021 &#8211; 2021<\/td>\n<td>Ronald Carri\u00e8re, Kirkland QC<\/td>\n<\/tr>\n<tr>\n<td>2019 &#8211; 2020<\/td>\n<td>Hugues Boisvert, Montr\u00e9al, QC<\/td>\n<\/tr>\n<tr>\n<td>2017 &#8211; 2018<\/td>\n<td>Marc Lachapelle, Montr\u00e9al, QC<\/td>\n<\/tr>\n<tr>\n<td>2014 &#8211; 2017<\/td>\n<td>Andr\u00e9 Chartrand, Montr\u00e9al, QC<\/td>\n<\/tr>\n<tr>\n<td>2003 &#8211; 2014<\/td>\n<td>Jean Castonguay, Ville de L\u00e9ry, QC<\/td>\n<\/tr>\n<tr>\n<td>2003<\/td>\n<td>George Retek, Montr\u00e9al, QC (Ao\u00fbt \u00e0 Septembre)<\/td>\n<\/tr>\n<tr>\n<td>2003<\/td>\n<td>Doug Heron, Ottawa, ON (Janvier \u00e0 Ao\u00fbt)<\/td>\n<\/tr>\n<tr>\n<td>2002<\/td>\n<td>Marc Fiset, Chicoutimi, QC<\/td>\n<\/tr>\n<tr>\n<td>1990 &#8211; 2001<\/td>\n<td>Doug Heron, Ottawa, ON<\/td>\n<\/tr>\n<tr>\n<td>1986 &#8211; 1989<\/td>\n<td>Douglas Fraser, Ville Mont Royal, QC<\/td>\n<\/tr>\n<tr>\n<td>1983 &#8211; 1985<\/td>\n<td>Michael Kenny, Montr\u00e9al, QC<\/td>\n<\/tr>\n<tr>\n<td>1981 &#8211; 1982<\/td>\n<td>Anna Boivin, Montr\u00e9al, QC<\/td>\n<\/tr>\n<tr>\n<td>1977 &#8211; 1980<\/td>\n<td>Eric Kokish, Montr\u00e9al, QC<\/td>\n<\/tr>\n<tr>\n<td>1975 &#8211; 1976<\/td>\n<td>Jean La Traverse, Montr\u00e9al, QC<\/td>\n<\/tr>\n<tr>\n<td>1970 &#8211; 1974<\/td>\n<td>Sam Maltin, Montr\u00e9al, QC<\/td>\n<\/tr>\n<tr>\n<td width=\"25%\">1966 &#8211; 1969<\/td>\n<td>Aaron Goodman, Montr\u00e9al, QC<\/td>\n<\/tr>\n<\/tbody>\n<\/table>\n<\/div>\n<div style=\"overflow-x: auto;\">\n<table style=\"height: 333px;\" width=\"750\">\n<thead>\n<tr>\n<td colspan=\"2\"><strong>Zone III<\/strong><\/td>\n<\/tr>\n<\/thead>\n<tbody>\n<tr>\n<td colspan=\"2\">(Centre de l&rsquo;Ontario)<\/td>\n<\/tr>\n<tr>\n<td>2024 &#8211; Actuel<\/td>\n<td>Terry Du, Maple, ON<\/td>\n<\/tr>\n<tr>\n<td>2021 &#8211; 2023<\/td>\n<td>Stephen Laufer, Toronto, ON<\/td>\n<\/tr>\n<tr>\n<td>2021 &#8211; 2021<\/td>\n<td>Susan Cooper, Toronto, ON<\/td>\n<\/tr>\n<tr>\n<td>2006 &#8211; 2020<\/td>\n<td>Nader Hanna, Toronto, ON<\/td>\n<\/tr>\n<tr>\n<td>2002 &#8211; 2005<\/td>\n<td>James Priebe, Toronto, ON<\/td>\n<\/tr>\n<tr>\n<td>1999 &#8211; 2002<\/td>\n<td>Ray Lee, Toronto, ON<\/td>\n<\/tr>\n<tr>\n<td>1997 &#8211; 1999<\/td>\n<td>Eric Sutherland, Toronto, ON<\/td>\n<\/tr>\n<tr>\n<td>1994 &#8211; 1996<\/td>\n<td>John Carruthers, Toronto, ON<\/td>\n<\/tr>\n<tr>\n<td>1987 &#8211; 1993<\/td>\n<td>Katie Thorpe, Toronto, ON<\/td>\n<\/tr>\n<tr>\n<td>1985 &#8211; 1987<\/td>\n<td>David Lindop, Toronto, ON<\/td>\n<\/tr>\n<tr>\n<td>1982 &#8211; 1984<\/td>\n<td>Karen Alison, Toronto, ON<\/td>\n<\/tr>\n<tr>\n<td>1979 &#8211; 1981<\/td>\n<td>Andy Altay, Toronto, ON<\/td>\n<\/tr>\n<tr>\n<td>1976 &#8211; 1978<\/td>\n<td>Alex F. Kisin, Toronto, ON<\/td>\n<\/tr>\n<tr>\n<td>1969 &#8211; 1975<\/td>\n<td>William a. Robinson, Toronto, ON<\/td>\n<\/tr>\n<tr>\n<td>1966 &#8211; 1967<\/td>\n<td>Charles D. Jane, Woodstock, ON<\/td>\n<\/tr>\n<tr>\n<td width=\"25%\">1965 &#8211; 1969<\/td>\n<td>Eric R Murray, Toronto, ON<\/td>\n<\/tr>\n<\/tbody>\n<\/table>\n<\/div>\n<div style=\"overflow-x: auto;\">\n<table style=\"height: 226px;\" width=\"750\">\n<thead>\n<tr>\n<td colspan=\"2\"><strong>Zone IV<\/strong><\/td>\n<\/tr>\n<\/thead>\n<tbody>\n<tr>\n<td colspan=\"2\">(Nord-Ouest et Ouest de l&rsquo;Ontario &amp; Sud du Manitoba)<\/td>\n<\/tr>\n<tr>\n<td>2025 &#8211; Actuel<\/td>\n<td>Marielle Decelles-Brentnall, Winnipeg, MB<\/td>\n<\/tr>\n<tr>\n<td>2022 &#8211; 2025<\/td>\n<td>Freddie Mykytyshyn, Winnipeg, MB<\/td>\n<\/tr>\n<tr>\n<td>2010 &#8211; 2021<\/td>\n<td>Neil Kimelman, Winnipeg, MB<\/td>\n<\/tr>\n<tr>\n<td>2004 &#8211; 2009<\/td>\n<td>Francis Gaudino, Thunder Bay, ON<\/td>\n<\/tr>\n<tr>\n<td>1995 &#8211; 2003<\/td>\n<td>Bill Treble, Winnipeg, MB<\/td>\n<\/tr>\n<tr>\n<td>1994<\/td>\n<td>Harris, Sudbury, ON<\/td>\n<\/tr>\n<tr>\n<td>1989 &#8211; 1994<\/td>\n<td>Gim Ong, Winnipeg, MB<\/td>\n<\/tr>\n<tr>\n<td>1985 &#8211; 1988<\/td>\n<td>Douglas J. Cannell, Winnipeg, MB<\/td>\n<\/tr>\n<tr>\n<td>1976 &#8211; 1984<\/td>\n<td>Helen Shields, Thunder Bay, ON<\/td>\n<\/tr>\n<tr>\n<td width=\"25%\">1965 &#8211; 1975<\/td>\n<td>Douglas J. Cannell, Winnipeg, MB<\/td>\n<\/tr>\n<\/tbody>\n<\/table>\n<\/div>\n<div style=\"overflow-x: auto;\">\n<table style=\"height: 365px;\" width=\"750\">\n<thead>\n<tr>\n<td colspan=\"2\"><strong>Zone V<\/strong><\/td>\n<\/tr>\n<\/thead>\n<tbody>\n<tr>\n<td colspan=\"2\">(Nord du Manitoba, Saskatchewan &amp; Alberta)<\/td>\n<\/tr>\n<tr>\n<td>2025 &#8211; Actuel<\/td>\n<td>Lois Matton, Calgary, AB<\/td>\n<\/tr>\n<tr>\n<td>2024<\/td>\n<td>Marcia Andreychuk, Calgary, AB<\/td>\n<\/tr>\n<tr>\n<td>2023<\/td>\n<td>Nicholas Gartaganis, Calgary, AB<\/td>\n<\/tr>\n<tr>\n<td>2011 &#8211; Actuel<\/td>\n<td>Jerry Mamer, Saskatoon, SK<\/td>\n<\/tr>\n<tr>\n<td>2006 &#8211; 2010<\/td>\n<td>Alex Fowlie, Edmonton, AB<\/td>\n<\/tr>\n<tr>\n<td>2005<\/td>\n<td>Joe Kerger, Saskatoon, SK<\/td>\n<\/tr>\n<tr>\n<td>2002 &#8211; 2004<\/td>\n<td>Claire Jones, Regina, SK<\/td>\n<\/tr>\n<tr>\n<td>1999 &#8211; 2001<\/td>\n<td>Nicholas Gartaganis, Calgary, AB<\/td>\n<\/tr>\n<tr>\n<td>1997 &#8211; 1998<\/td>\n<td>Jerry Mamer, Stoughton, SK<\/td>\n<\/tr>\n<tr>\n<td>1993 &#8211; 1997<\/td>\n<td>Gary Mitchell, Regina, SK<\/td>\n<\/tr>\n<tr>\n<td>1991 &#8211; 1992<\/td>\n<td>Allan Simon, Calgary, AB<\/td>\n<\/tr>\n<tr>\n<td>1981 &#8211; 1991<\/td>\n<td>Richard G. Anderson, Regina, SK<\/td>\n<\/tr>\n<tr>\n<td width=\"25%\">1971 &#8211; 1980<\/td>\n<td>Jack Murphy, Calgary, AB<\/td>\n<\/tr>\n<\/tbody>\n<\/table>\n<\/div>\n<div style=\"overflow-x: auto;\">\n<table style=\"height: 329px;\" width=\"750\">\n<thead>\n<tr>\n<td colspan=\"2\"><strong>Zone VI<\/strong><\/td>\n<\/tr>\n<\/thead>\n<tbody>\n<tr>\n<td colspan=\"2\">(Colombie-Britannique)<\/td>\n<\/tr>\n<tr>\n<td>2021 &#8211; Actuel<\/td>\n<td>Shelley Burns, Vancouver, BC<\/td>\n<\/tr>\n<tr>\n<td>2015 &#8211; 2020<\/td>\n<td>Angela Fenton, Vancouver, CB<\/td>\n<\/tr>\n<tr>\n<td>2006 &#8211; 2014<\/td>\n<td>Peter Morse, Victoria, CB<\/td>\n<\/tr>\n<tr>\n<td>2003 &#8211; 2005<\/td>\n<td>Douglas Fraser, Victoria, CB<\/td>\n<\/tr>\n<tr>\n<td>2000 &#8211; 2002<\/td>\n<td>Jennifer Ballantyne, Vancouver, CB<\/td>\n<\/tr>\n<tr>\n<td>1985 &#8211; 2000<\/td>\n<td>Aidan Ballantyne, Vancouver, CB<\/td>\n<\/tr>\n<tr>\n<td>1984<\/td>\n<td>Leslie Gold, Vancouver, CB<\/td>\n<\/tr>\n<tr>\n<td>1980 &#8211; 1984<\/td>\n<td>Douglas Andrews, Vancouver, CB<\/td>\n<\/tr>\n<tr>\n<td>1977 &#8211; 1980<\/td>\n<td>Sandra Borg, Vancouver, CB<\/td>\n<\/tr>\n<tr>\n<td width=\"25%\">1966 &#8211; 1976<\/td>\n<td>Henry Smilie, Vancouver, CB<\/td>\n<\/tr>\n<\/tbody>\n<\/table>\n<\/div>\n","protected":false},"excerpt":{"rendered":"<p>Zone I (Nouvelle-\u00c9cosse, Nouveau-Brunswick, \u00cele du Prince \u00c9douard &amp; Terre-Neuve) 2025 &#8211; Actuel Allan Callard, Charlottetown, IPE 2019 &#8211; 2025 Kathie Macnab, Halifax, N\u00c9 2019 &#8211; 2020 Wade Short, Pointe du chene, NB 2010 &#8211; 2018 Kathie Macnab, Halifax, N\u00c9 2004 &#8211; 2009 Michael Hartop, Ammon, NB 2001 &#8211; 2003 Mary Moulton, Halifax, N\u00c9 1998<br><a class=\"moretag signature-animation\" href=\"https:\/\/cbf.ca\/fr\/administration\/directeurs-de-zone-precedents-de-la-fcb\/\">CONTINUER LA LECTURE<\/a>","protected":false},"author":1,"featured_media":0,"parent":3435,"menu_order":0,"comment_status":"closed","ping_status":"closed","template":"","meta":{"footnotes":""},"yoast_head":"<!-- This site is optimized with the Yoast SEO plugin v22.3 - https:\/\/yoast.com\/wordpress\/plugins\/seo\/ -->\n<title>Directeurs de zones - Actuels et pr\u00e9c\u00e9dents - Canadian Bridge Federation<\/title>\n<meta name=\"robots\" content=\"index, follow, max-snippet:-1, max-image-preview:large, max-video-preview:-1\" \/>\n<link rel=\"canonical\" href=\"https:\/\/cbf.ca\/fr\/administration\/directeurs-de-zone-precedents-de-la-fcb\/\" \/>\n<meta property=\"og:locale\" content=\"fr_FR\" \/>\n<meta property=\"og:type\" content=\"article\" \/>\n<meta property=\"og:title\" content=\"Directeurs de zones - Actuels et pr\u00e9c\u00e9dents - Canadian Bridge Federation\" \/>\n<meta property=\"og:description\" content=\"Zone I (Nouvelle-\u00c9cosse, Nouveau-Brunswick, \u00cele du Prince \u00c9douard &amp; Terre-Neuve) 2025 &#8211; Actuel Allan Callard, Charlottetown, IPE 2019 &#8211; 2025 Kathie Macnab, Halifax, N\u00c9 2019 &#8211; 2020 Wade Short, Pointe du chene, NB 2010 &#8211; 2018 Kathie Macnab, Halifax, N\u00c9 2004 &#8211; 2009 Michael Hartop, Ammon, NB 2001 &#8211; 2003 Mary Moulton, Halifax, N\u00c9 1998\" \/>\n<meta property=\"og:url\" content=\"https:\/\/cbf.ca\/fr\/administration\/directeurs-de-zone-precedents-de-la-fcb\/\" \/>\n<meta property=\"og:site_name\" content=\"Canadian Bridge Federation\" \/>\n<meta property=\"article:publisher\" content=\"https:\/\/www.facebook.com\/Canadian.Bridge.Federation\/\" \/>\n<meta property=\"article:modified_time\" content=\"2026-03-31T03:30:33+00:00\" \/>\n<meta name=\"twitter:label1\" content=\"Dur\u00e9e de lecture estim\u00e9e\" \/>\n\t<meta name=\"twitter:data1\" content=\"3 minutes\" \/>\n<script type=\"application\/ld+json\" class=\"yoast-schema-graph\">{\"@context\":\"https:\/\/schema.org\",\"@graph\":[{\"@type\":\"WebPage\",\"@id\":\"https:\/\/cbf.ca\/fr\/administration\/directeurs-de-zone-precedents-de-la-fcb\/\",\"url\":\"https:\/\/cbf.ca\/fr\/administration\/directeurs-de-zone-precedents-de-la-fcb\/\",\"name\":\"Directeurs de zones - Actuels et pr\u00e9c\u00e9dents - Canadian Bridge Federation\",\"isPartOf\":{\"@id\":\"https:\/\/cbf.ca\/#website\"},\"datePublished\":\"2014-09-03T19:56:08+00:00\",\"dateModified\":\"2026-03-31T03:30:33+00:00\",\"breadcrumb\":{\"@id\":\"https:\/\/cbf.ca\/fr\/administration\/directeurs-de-zone-precedents-de-la-fcb\/#breadcrumb\"},\"inLanguage\":\"fr-FR\",\"potentialAction\":[{\"@type\":\"ReadAction\",\"target\":[\"https:\/\/cbf.ca\/fr\/administration\/directeurs-de-zone-precedents-de-la-fcb\/\"]}]},{\"@type\":\"BreadcrumbList\",\"@id\":\"https:\/\/cbf.ca\/fr\/administration\/directeurs-de-zone-precedents-de-la-fcb\/#breadcrumb\",\"itemListElement\":[{\"@type\":\"ListItem\",\"position\":1,\"name\":\"Home\",\"item\":\"https:\/\/cbf.ca\/\"},{\"@type\":\"ListItem\",\"position\":2,\"name\":\"Administration\",\"item\":\"https:\/\/cbf.ca\/fr\/administration\/\"},{\"@type\":\"ListItem\",\"position\":3,\"name\":\"Directeurs de zones &#8211; Actuels et pr\u00e9c\u00e9dents\"}]},{\"@type\":\"WebSite\",\"@id\":\"https:\/\/cbf.ca\/#website\",\"url\":\"https:\/\/cbf.ca\/\",\"name\":\"Canadian Bridge Federation\",\"description\":\"F\u00e9d\u00e9ration canadienne de bridge\",\"potentialAction\":[{\"@type\":\"SearchAction\",\"target\":{\"@type\":\"EntryPoint\",\"urlTemplate\":\"https:\/\/cbf.ca\/?s={search_term_string}\"},\"query-input\":\"required name=search_term_string\"}],\"inLanguage\":\"fr-FR\"}]}<\/script>\n<!-- \/ Yoast SEO plugin. -->","yoast_head_json":{"title":"Directeurs de zones - Actuels et pr\u00e9c\u00e9dents - Canadian Bridge Federation","robots":{"index":"index","follow":"follow","max-snippet":"max-snippet:-1","max-image-preview":"max-image-preview:large","max-video-preview":"max-video-preview:-1"},"canonical":"https:\/\/cbf.ca\/fr\/administration\/directeurs-de-zone-precedents-de-la-fcb\/","og_locale":"fr_FR","og_type":"article","og_title":"Directeurs de zones - Actuels et pr\u00e9c\u00e9dents - Canadian Bridge Federation","og_description":"Zone I (Nouvelle-\u00c9cosse, Nouveau-Brunswick, \u00cele du Prince \u00c9douard &amp; Terre-Neuve) 2025 &#8211; Actuel Allan Callard, Charlottetown, IPE 2019 &#8211; 2025 Kathie Macnab, Halifax, N\u00c9 2019 &#8211; 2020 Wade Short, Pointe du chene, NB 2010 &#8211; 2018 Kathie Macnab, Halifax, N\u00c9 2004 &#8211; 2009 Michael Hartop, Ammon, NB 2001 &#8211; 2003 Mary Moulton, Halifax, N\u00c9 1998","og_url":"https:\/\/cbf.ca\/fr\/administration\/directeurs-de-zone-precedents-de-la-fcb\/","og_site_name":"Canadian Bridge Federation","article_publisher":"https:\/\/www.facebook.com\/Canadian.Bridge.Federation\/","article_modified_time":"2026-03-31T03:30:33+00:00","twitter_misc":{"Dur\u00e9e de lecture estim\u00e9e":"3 minutes"},"schema":{"@context":"https:\/\/schema.org","@graph":[{"@type":"WebPage","@id":"https:\/\/cbf.ca\/fr\/administration\/directeurs-de-zone-precedents-de-la-fcb\/","url":"https:\/\/cbf.ca\/fr\/administration\/directeurs-de-zone-precedents-de-la-fcb\/","name":"Directeurs de zones - Actuels et pr\u00e9c\u00e9dents - Canadian Bridge Federation","isPartOf":{"@id":"https:\/\/cbf.ca\/#website"},"datePublished":"2014-09-03T19:56:08+00:00","dateModified":"2026-03-31T03:30:33+00:00","breadcrumb":{"@id":"https:\/\/cbf.ca\/fr\/administration\/directeurs-de-zone-precedents-de-la-fcb\/#breadcrumb"},"inLanguage":"fr-FR","potentialAction":[{"@type":"ReadAction","target":["https:\/\/cbf.ca\/fr\/administration\/directeurs-de-zone-precedents-de-la-fcb\/"]}]},{"@type":"BreadcrumbList","@id":"https:\/\/cbf.ca\/fr\/administration\/directeurs-de-zone-precedents-de-la-fcb\/#breadcrumb","itemListElement":[{"@type":"ListItem","position":1,"name":"Home","item":"https:\/\/cbf.ca\/"},{"@type":"ListItem","position":2,"name":"Administration","item":"https:\/\/cbf.ca\/fr\/administration\/"},{"@type":"ListItem","position":3,"name":"Directeurs de zones &#8211; Actuels et pr\u00e9c\u00e9dents"}]},{"@type":"WebSite","@id":"https:\/\/cbf.ca\/#website","url":"https:\/\/cbf.ca\/","name":"Canadian Bridge Federation","description":"F\u00e9d\u00e9ration canadienne de bridge","potentialAction":[{"@type":"SearchAction","target":{"@type":"EntryPoint","urlTemplate":"https:\/\/cbf.ca\/?s={search_term_string}"},"query-input":"required name=search_term_string"}],"inLanguage":"fr-FR"}]}},"_links":{"self":[{"href":"https:\/\/cbf.ca\/fr\/wp-json\/wp\/v2\/pages\/3270"}],"collection":[{"href":"https:\/\/cbf.ca\/fr\/wp-json\/wp\/v2\/pages"}],"about":[{"href":"https:\/\/cbf.ca\/fr\/wp-json\/wp\/v2\/types\/page"}],"author":[{"embeddable":true,"href":"https:\/\/cbf.ca\/fr\/wp-json\/wp\/v2\/users\/1"}],"replies":[{"embeddable":true,"href":"https:\/\/cbf.ca\/fr\/wp-json\/wp\/v2\/comments?post=3270"}],"version-history":[{"count":38,"href":"https:\/\/cbf.ca\/fr\/wp-json\/wp\/v2\/pages\/3270\/revisions"}],"predecessor-version":[{"id":38434,"href":"https:\/\/cbf.ca\/fr\/wp-json\/wp\/v2\/pages\/3270\/revisions\/38434"}],"up":[{"embeddable":true,"href":"https:\/\/cbf.ca\/fr\/wp-json\/wp\/v2\/pages\/3435"}],"wp:attachment":[{"href":"https:\/\/cbf.ca\/fr\/wp-json\/wp\/v2\/media?parent=3270"}],"curies":[{"name":"wp","href":"https:\/\/api.w.org\/{rel}","templated":true}]}}