{"id":3268,"date":"2014-09-03T23:55:53","date_gmt":"2014-09-03T19:55:53","guid":{"rendered":"http:\/\/cbf.ca\/?page_id=3268"},"modified":"2026-03-31T07:34:40","modified_gmt":"2026-03-31T03:34:40","slug":"presidents-precedents","status":"publish","type":"page","link":"https:\/\/cbf.ca\/fr\/administration\/presidents-precedents\/","title":{"rendered":"Pr\u00e9sidents de la FCB &#8211; Actuel et pr\u00e9c\u00e9dents"},"content":{"rendered":"<div class=\"row\"><div class=\"col-md-8 col-sm-8\"><table style=\"height: 822px;\" width=\"540\">\n<tbody>\n<tr>\n<td width=\"125\"><\/td>\n<td width=\"325\"><\/td>\n<\/tr>\n<tr>\n<td width=\"125\">2021 &#8211; 2021<\/td>\n<td width=\"325\">Ronald Carri\u00e8re, Montr\u00e9al<\/td>\n<\/tr>\n<tr>\n<td width=\"125\">2020 &#8211; 2021<\/td>\n<td width=\"325\">Neil Kimelman, Winnipeg<\/td>\n<\/tr>\n<tr>\n<td width=\"125\">2017 &#8211; 2020<\/td>\n<td width=\"325\">Nader Hanna, Toronto<\/td>\n<\/tr>\n<tr>\n<td width=\"125\">2016 &#8211; 2017<\/td>\n<td width=\"325\">Neil Kimelman, Winnipeg<\/td>\n<\/tr>\n<tr>\n<td width=\"125\">2009 &#8211; 2016<\/td>\n<td width=\"325\">Nader Hanna, Toronto<\/td>\n<\/tr>\n<tr>\n<td width=\"125\">2006 &#8211; 2009<\/td>\n<td width=\"325\">Michael Hartop, Ammon<\/td>\n<\/tr>\n<tr>\n<td width=\"125\">2004 &#8211; 2005<\/td>\n<td width=\"325\">Douglas Fraser, Victoria<\/td>\n<\/tr>\n<tr>\n<td width=\"125\">2004<\/td>\n<td width=\"325\">Claire Jones, Regina<\/td>\n<\/tr>\n<tr>\n<td width=\"125\">2002 &#8211; 2004<\/td>\n<td width=\"325\">James Priebe, Mississauga<\/td>\n<\/tr>\n<tr>\n<td width=\"125\">2001 &#8211; 2002<\/td>\n<td width=\"325\">Ray Lee, Toronto<\/td>\n<\/tr>\n<tr>\n<td width=\"125\">2000 &#8211; 2001<\/td>\n<td width=\"325\">Nicholas Gartaganis, Calgary<\/td>\n<\/tr>\n<tr>\n<td width=\"125\">1998 &#8211; 2000<\/td>\n<td width=\"325\">Doug Heron, Ottawa<\/td>\n<\/tr>\n<tr>\n<td width=\"125\">1997 &#8211; 1998<\/td>\n<td width=\"325\">Bill Treble, Winnipeg<\/td>\n<\/tr>\n<tr>\n<td width=\"125\">1994 &#8211; 1996<\/td>\n<td width=\"325\">George Holland, Dartmouth<\/td>\n<\/tr>\n<tr>\n<td width=\"125\">1992 &#8211; 1993<\/td>\n<td width=\"325\">Doug Heron, Ottawa<\/td>\n<\/tr>\n<tr>\n<td width=\"125\">1990 &#8211; 1991<\/td>\n<td width=\"325\">Katie Thorpe, Toronto<\/td>\n<\/tr>\n<tr>\n<td width=\"125\">1987 &#8211; 1989<\/td>\n<td width=\"325\">Aidan Ballantyne, Vancouver<\/td>\n<\/tr>\n<tr>\n<td width=\"125\">1985 &#8211; 1986<\/td>\n<td width=\"325\">Victor Goldberg, Halifax<\/td>\n<\/tr>\n<tr>\n<td width=\"125\">1982 &#8211; 1984<\/td>\n<td width=\"325\">Richard G. Anderson, Regina<\/td>\n<\/tr>\n<tr>\n<td width=\"125\">1981<\/td>\n<td width=\"325\">Helen Shields, Thunder Bay<\/td>\n<\/tr>\n<tr>\n<td width=\"125\">1979 &#8211; 1980<\/td>\n<td width=\"325\">James D. Harper, Fredericton<\/td>\n<\/tr>\n<tr>\n<td width=\"125\">1977 &#8211; 1978<\/td>\n<td width=\"325\">Alex F. Kisin, Toronto<\/td>\n<\/tr>\n<tr>\n<td width=\"125\">1974 &#8211; 1976<\/td>\n<td width=\"325\">Jack Murphy, Calgary<\/td>\n<\/tr>\n<tr>\n<td width=\"125\">1971 &#8211; 1973<\/td>\n<td width=\"325\">William A. Robinson, Toronto<\/td>\n<\/tr>\n<tr>\n<td width=\"125\">1970<\/td>\n<td width=\"325\">Richard Glube, Halifax<\/td>\n<\/tr>\n<tr>\n<td width=\"125\">1968 &#8211; 1969<\/td>\n<td width=\"325\">Douglas J. Cannell, Winnipeg<\/td>\n<\/tr>\n<tr>\n<td width=\"125\">1966 &#8211; 1967<\/td>\n<td width=\"325\">Eric R. Murray, Toronto<\/td>\n<\/tr>\n<\/tbody>\n<\/table>\n<\/div><div class=\"col-md-4 col-sm-4\">\n<p><div id=\"attachment_1566\" style=\"width: 488px\" class=\"wp-caption alignleft\"><a class=\"lightbox\" href=\"https:\/\/cbf.ca\/wp-content\/uploads\/2014\/09\/Presidentsplaque.jpg\"><img loading=\"lazy\" decoding=\"async\" aria-describedby=\"caption-attachment-1566\" class=\"size-full wp-image-1566\" src=\"https:\/\/cbf.ca\/wp-content\/uploads\/2014\/09\/Presidentsplaque.jpg\" alt=\"CBF President's plaque\" width=\"478\" height=\"700\"\/><\/a><p id=\"caption-attachment-1566\" class=\"wp-caption-text\">CBF President&rsquo;s plaque<\/p><\/div><\/p>\n<\/div><\/div>\n","protected":false},"excerpt":{"rendered":"<br><a class=\"moretag signature-animation\" href=\"https:\/\/cbf.ca\/fr\/administration\/presidents-precedents\/\">CONTINUER LA LECTURE<\/a>","protected":false},"author":1,"featured_media":0,"parent":3435,"menu_order":0,"comment_status":"closed","ping_status":"closed","template":"","meta":{"footnotes":""},"yoast_head":"<!-- This site is optimized with the Yoast SEO plugin v22.3 - https:\/\/yoast.com\/wordpress\/plugins\/seo\/ -->\n<title>Pr\u00e9sidents de la FCB - Actuel et pr\u00e9c\u00e9dents - Canadian Bridge Federation<\/title>\n<meta name=\"robots\" content=\"index, follow, max-snippet:-1, max-image-preview:large, max-video-preview:-1\" \/>\n<link rel=\"canonical\" href=\"https:\/\/cbf.ca\/fr\/administration\/presidents-precedents\/\" \/>\n<meta property=\"og:locale\" content=\"fr_FR\" \/>\n<meta property=\"og:type\" content=\"article\" \/>\n<meta property=\"og:title\" content=\"Pr\u00e9sidents de la FCB - Actuel et pr\u00e9c\u00e9dents - Canadian Bridge Federation\" \/>\n<meta property=\"og:url\" content=\"https:\/\/cbf.ca\/fr\/administration\/presidents-precedents\/\" \/>\n<meta property=\"og:site_name\" content=\"Canadian Bridge Federation\" \/>\n<meta property=\"article:publisher\" content=\"https:\/\/www.facebook.com\/Canadian.Bridge.Federation\/\" \/>\n<meta property=\"article:modified_time\" content=\"2026-03-31T03:34:40+00:00\" \/>\n<meta property=\"og:image\" content=\"https:\/\/cbf.ca\/wp-content\/uploads\/2014\/09\/Presidentsplaque.jpg\" \/>\n<meta name=\"twitter:label1\" content=\"Dur\u00e9e de lecture estim\u00e9e\" \/>\n\t<meta name=\"twitter:data1\" content=\"1 minute\" \/>\n<script type=\"application\/ld+json\" class=\"yoast-schema-graph\">{\"@context\":\"https:\/\/schema.org\",\"@graph\":[{\"@type\":\"WebPage\",\"@id\":\"https:\/\/cbf.ca\/fr\/administration\/presidents-precedents\/\",\"url\":\"https:\/\/cbf.ca\/fr\/administration\/presidents-precedents\/\",\"name\":\"Pr\u00e9sidents de la FCB - Actuel et pr\u00e9c\u00e9dents - Canadian Bridge Federation\",\"isPartOf\":{\"@id\":\"https:\/\/cbf.ca\/#website\"},\"primaryImageOfPage\":{\"@id\":\"https:\/\/cbf.ca\/fr\/administration\/presidents-precedents\/#primaryimage\"},\"image\":{\"@id\":\"https:\/\/cbf.ca\/fr\/administration\/presidents-precedents\/#primaryimage\"},\"thumbnailUrl\":\"https:\/\/cbf.ca\/wp-content\/uploads\/2014\/09\/Presidentsplaque.jpg\",\"datePublished\":\"2014-09-03T19:55:53+00:00\",\"dateModified\":\"2026-03-31T03:34:40+00:00\",\"breadcrumb\":{\"@id\":\"https:\/\/cbf.ca\/fr\/administration\/presidents-precedents\/#breadcrumb\"},\"inLanguage\":\"fr-FR\",\"potentialAction\":[{\"@type\":\"ReadAction\",\"target\":[\"https:\/\/cbf.ca\/fr\/administration\/presidents-precedents\/\"]}]},{\"@type\":\"ImageObject\",\"inLanguage\":\"fr-FR\",\"@id\":\"https:\/\/cbf.ca\/fr\/administration\/presidents-precedents\/#primaryimage\",\"url\":\"https:\/\/cbf.ca\/wp-content\/uploads\/2014\/09\/Presidentsplaque.jpg\",\"contentUrl\":\"https:\/\/cbf.ca\/wp-content\/uploads\/2014\/09\/Presidentsplaque.jpg\",\"width\":478,\"height\":700,\"caption\":\"CBF President's plaque\"},{\"@type\":\"BreadcrumbList\",\"@id\":\"https:\/\/cbf.ca\/fr\/administration\/presidents-precedents\/#breadcrumb\",\"itemListElement\":[{\"@type\":\"ListItem\",\"position\":1,\"name\":\"Home\",\"item\":\"https:\/\/cbf.ca\/\"},{\"@type\":\"ListItem\",\"position\":2,\"name\":\"Administration\",\"item\":\"https:\/\/cbf.ca\/fr\/administration\/\"},{\"@type\":\"ListItem\",\"position\":3,\"name\":\"Pr\u00e9sidents de la FCB &#8211; Actuel et pr\u00e9c\u00e9dents\"}]},{\"@type\":\"WebSite\",\"@id\":\"https:\/\/cbf.ca\/#website\",\"url\":\"https:\/\/cbf.ca\/\",\"name\":\"Canadian Bridge Federation\",\"description\":\"F\u00e9d\u00e9ration canadienne de bridge\",\"potentialAction\":[{\"@type\":\"SearchAction\",\"target\":{\"@type\":\"EntryPoint\",\"urlTemplate\":\"https:\/\/cbf.ca\/?s={search_term_string}\"},\"query-input\":\"required name=search_term_string\"}],\"inLanguage\":\"fr-FR\"}]}<\/script>\n<!-- \/ Yoast SEO plugin. -->","yoast_head_json":{"title":"Pr\u00e9sidents de la FCB - Actuel et pr\u00e9c\u00e9dents - Canadian Bridge Federation","robots":{"index":"index","follow":"follow","max-snippet":"max-snippet:-1","max-image-preview":"max-image-preview:large","max-video-preview":"max-video-preview:-1"},"canonical":"https:\/\/cbf.ca\/fr\/administration\/presidents-precedents\/","og_locale":"fr_FR","og_type":"article","og_title":"Pr\u00e9sidents de la FCB - Actuel et pr\u00e9c\u00e9dents - Canadian Bridge Federation","og_url":"https:\/\/cbf.ca\/fr\/administration\/presidents-precedents\/","og_site_name":"Canadian Bridge Federation","article_publisher":"https:\/\/www.facebook.com\/Canadian.Bridge.Federation\/","article_modified_time":"2026-03-31T03:34:40+00:00","og_image":[{"url":"https:\/\/cbf.ca\/wp-content\/uploads\/2014\/09\/Presidentsplaque.jpg"}],"twitter_misc":{"Dur\u00e9e de lecture estim\u00e9e":"1 minute"},"schema":{"@context":"https:\/\/schema.org","@graph":[{"@type":"WebPage","@id":"https:\/\/cbf.ca\/fr\/administration\/presidents-precedents\/","url":"https:\/\/cbf.ca\/fr\/administration\/presidents-precedents\/","name":"Pr\u00e9sidents de la FCB - Actuel et pr\u00e9c\u00e9dents - Canadian Bridge Federation","isPartOf":{"@id":"https:\/\/cbf.ca\/#website"},"primaryImageOfPage":{"@id":"https:\/\/cbf.ca\/fr\/administration\/presidents-precedents\/#primaryimage"},"image":{"@id":"https:\/\/cbf.ca\/fr\/administration\/presidents-precedents\/#primaryimage"},"thumbnailUrl":"https:\/\/cbf.ca\/wp-content\/uploads\/2014\/09\/Presidentsplaque.jpg","datePublished":"2014-09-03T19:55:53+00:00","dateModified":"2026-03-31T03:34:40+00:00","breadcrumb":{"@id":"https:\/\/cbf.ca\/fr\/administration\/presidents-precedents\/#breadcrumb"},"inLanguage":"fr-FR","potentialAction":[{"@type":"ReadAction","target":["https:\/\/cbf.ca\/fr\/administration\/presidents-precedents\/"]}]},{"@type":"ImageObject","inLanguage":"fr-FR","@id":"https:\/\/cbf.ca\/fr\/administration\/presidents-precedents\/#primaryimage","url":"https:\/\/cbf.ca\/wp-content\/uploads\/2014\/09\/Presidentsplaque.jpg","contentUrl":"https:\/\/cbf.ca\/wp-content\/uploads\/2014\/09\/Presidentsplaque.jpg","width":478,"height":700,"caption":"CBF President's plaque"},{"@type":"BreadcrumbList","@id":"https:\/\/cbf.ca\/fr\/administration\/presidents-precedents\/#breadcrumb","itemListElement":[{"@type":"ListItem","position":1,"name":"Home","item":"https:\/\/cbf.ca\/"},{"@type":"ListItem","position":2,"name":"Administration","item":"https:\/\/cbf.ca\/fr\/administration\/"},{"@type":"ListItem","position":3,"name":"Pr\u00e9sidents de la FCB &#8211; Actuel et pr\u00e9c\u00e9dents"}]},{"@type":"WebSite","@id":"https:\/\/cbf.ca\/#website","url":"https:\/\/cbf.ca\/","name":"Canadian Bridge Federation","description":"F\u00e9d\u00e9ration canadienne de bridge","potentialAction":[{"@type":"SearchAction","target":{"@type":"EntryPoint","urlTemplate":"https:\/\/cbf.ca\/?s={search_term_string}"},"query-input":"required name=search_term_string"}],"inLanguage":"fr-FR"}]}},"_links":{"self":[{"href":"https:\/\/cbf.ca\/fr\/wp-json\/wp\/v2\/pages\/3268"}],"collection":[{"href":"https:\/\/cbf.ca\/fr\/wp-json\/wp\/v2\/pages"}],"about":[{"href":"https:\/\/cbf.ca\/fr\/wp-json\/wp\/v2\/types\/page"}],"author":[{"embeddable":true,"href":"https:\/\/cbf.ca\/fr\/wp-json\/wp\/v2\/users\/1"}],"replies":[{"embeddable":true,"href":"https:\/\/cbf.ca\/fr\/wp-json\/wp\/v2\/comments?post=3268"}],"version-history":[{"count":22,"href":"https:\/\/cbf.ca\/fr\/wp-json\/wp\/v2\/pages\/3268\/revisions"}],"predecessor-version":[{"id":38437,"href":"https:\/\/cbf.ca\/fr\/wp-json\/wp\/v2\/pages\/3268\/revisions\/38437"}],"up":[{"embeddable":true,"href":"https:\/\/cbf.ca\/fr\/wp-json\/wp\/v2\/pages\/3435"}],"wp:attachment":[{"href":"https:\/\/cbf.ca\/fr\/wp-json\/wp\/v2\/media?parent=3268"}],"curies":[{"name":"wp","href":"https:\/\/api.w.org\/{rel}","templated":true}]}}