{"id":3265,"date":"2015-03-31T17:30:30","date_gmt":"2015-03-31T13:30:30","guid":{"rendered":"http:\/\/cbf.ca\/propos-de-la-cbf\/cbf-youth-programs\/"},"modified":"2026-02-07T07:52:52","modified_gmt":"2026-02-07T03:52:52","slug":"cbf-programmes-juniors","status":"publish","type":"page","link":"https:\/\/cbf.ca\/fr\/cbf-programmes-juniors\/","title":{"rendered":"Programmes de la FCB pour les juniors"},"content":{"rendered":"<p><span style=\"color: #0000ff;\" data-olk-copy-source=\"MessageBody\">Le programme junior de la FCB accueille tous les joueurs \u00e7ag\u00e9s de 10 \u00e0 25 ans. Nous nous r\u00e9unissons r\u00e9guli\u00e8rement en ligne le dimanche soir, \u00e0 18hoo HE pour jouer quelques donnes sur BBO.<\/span><span style=\"color: #0000ff; font-size: revert;\">Ensuite, sur Zoom, nous discutons et analysons les donnes avec un joueur expert \u00e0 des fins d&rsquo;apprentissage.<br \/>\n<\/span><span data-olk-copy-source=\"MessageBody\">Pour information, veuillez contacter Andy Stark \u00e0 <\/span><a title=\"mailto:andystark@cbf.ca\" href=\"mailto:andystark@cbf.ca\" data-linkindex=\"0\">andystark@cbf.ca<\/a> ou Casper Gu \u00e0 <a title=\"mailto:casbridge705@gmail.com\" href=\"mailto:casbridge705@gmail.com\" data-linkindex=\"1\">casbridge705@gmail.com<\/a><\/p>\n<h2>Andy Stark &#8211; Coordonnateur des joueurs juniors<\/h2>\n<div id=\"attachment_831\" style=\"width: 150px\" class=\"wp-caption alignleft\"><a class=\"lightbox\" href=\"https:\/\/cbf.ca\/wp-content\/uploads\/2023\/02\/AndyStark-Feb2023-scaled.jpg\"><img loading=\"lazy\" decoding=\"async\" aria-describedby=\"caption-attachment-831\" class=\"wp-image-831 \" src=\"https:\/\/cbf.ca\/wp-content\/uploads\/2023\/02\/AndyStark-Feb2023-scaled.jpg\" alt=\"Andy Stark\" width=\"140\" height=\"192\" \/><\/a><p id=\"caption-attachment-831\" class=\"wp-caption-text\">Andy Stark<\/p><\/div>\n<p>Je suis ravi de prendre la rel\u00e8ve de Nader Hanna qui, pendant des ann\u00e9es, a coordonn\u00e9 diverses \u00e9quipes juniors, s&rsquo;assurant que nous envoyions nos meilleurs \u00e9l\u00e9ments aux championnats du mtout onde pour repr\u00e9senter le Canada.<\/p>\n<p>Nous devrons d&rsquo;abord relever certains d\u00e9fis pour reconstituer un noyau de juniors, et je suis convaincu que nous pouvons d\u00e9velopper un groupe de joueurs enthousiastes et talentueux. Nous y parviendrons gr\u00e2ce au mentorat et \u00e0 l&rsquo;entra\u00eenement en ligne.<\/p>\n<p>Je joue au bridge en duplicata depuis 1989 et j&rsquo;enseigne le bridge depuis 1990. J&rsquo;ai tr\u00e8s h\u00e2te de partager avec les juniors tout ce que j&rsquo;ai appris et tout ce que j&rsquo;aime de notre grand jeu.<\/p>\n<p>A bient\u00f4t, Andy (<a href=\"mailto:juniors@cbf.ca\" target=\"_blank\" rel=\"noopener\">andystark@cbf.ca<\/a>)<\/p>\n<h2>La FCB et les juniors<\/h2>\n<p>C\u2019est notre conviction que les jeunes sont essentiels \u00e0 la survie et \u00e0 la croissance du bridge, et qu\u2019il est tr\u00e8s important non seulement d\u2019accueillir les jeunes joueurs mais \u00e9galement de les soutenir et leur faciliter l\u2019apprentissage de ce beau jeu, en plus de leur en permettre l\u2019appr\u00e9ciation.<\/p>\n<p>\u00c0 cette fin, la FCB prend en charge les jeunes joueurs canadiens de diverses fa\u00e7ons:<\/p>\n<ol>\n<li>La cotisation annuelle \u00e0 la FCB est r\u00e9duite \u00e0 10$ pour les joueurs jusqu\u2019\u00e0 et incluant l&rsquo;\u00e2ge de 25 ans (en vigueur au 1er janvier 2021 et maintenu le 1er juillet 2023).<\/li>\n<li>Les frais d\u2019entr\u00e9e \u00e0 un championnat canadien de bridge sont r\u00e9duits de 50% pour tout joueur de 25 ans et moins qui y participe. Utiliser le code de promotion JUNIOR pour obtenir le rabais.<\/li>\n<li><span style=\"text-decoration: underline;\"><a style=\"text-decoration: underline;\" title=\"Erin Berry Memorial Fund\" href=\"https:\/\/cbf.ca\/fr\/charite\/fonds-commemoratif-erin-berry\/\">Le Fonds comm\u00e9moratif Erin Berry<\/a><\/span> aide les juniors de 19 ans et moins pour les d\u00e9penses encourues pour participer \u00e0 des \u00e9v\u00e9nements de bridge.<\/li>\n<\/ol>\n<p style=\"text-align: justify;\">De plus, le Programme Junior de la FCB fournit mentorat et coaching pour d\u00e9velopper les joueurs juniors int\u00e9ress\u00e9s, dans le but de s\u00e9lectionner des \u00e9quipes pour repr\u00e9senter le Canada, \u00e0 tous les deux ans, aux Championnats mondiaux par \u00e9quipes pour les jeunes et, parfois, au \u00ab World University Bridge Championship \u00bb. Les \u00e9quipes repr\u00e9sentant le Canada \u00e0 ces \u00e9v\u00e9nements sont choisies par un comit\u00e9 de s\u00e9lection, parmi les joueurs inscrits au Programme Junior. Les joueurs sont s\u00e9lectionn\u00e9s\u00a0pour leur engagement \u00e0 l\u2019\u00e9gard de l\u2019apprentissage et des pratiques, ainsi que leurs capacit\u00e9s au bridge. Les \u00e9quipes repr\u00e9sentant le Canada \u00e0 ces championnats mondiaux sont enti\u00e8rement subventionn\u00e9es par la FCB. Vous pouvez contribuer \u00e0 nos efforts de d\u00e9veloppement de la jeunesse en faisant un don au Fonds Junior de la FCB. Pour faire un don <span style=\"text-decoration: underline;\"><a style=\"text-decoration: underline;\" href=\"https:\/\/cbf.ca\/donations\/#id=165&amp;cid=1042&amp;wid=7201\/\">cliquez ici<\/a><\/span>.<\/p>\n<p style=\"text-align: justify;\">Si vous \u00eates un joueur junior de moins de 25 ans et \u00eates int\u00e9ress\u00e9 \u00e0 joindre la FCB et\/ou le Programme Junior de la FCB, veuillez envoyer les informations suivantes \u00e0 <span style=\"text-decoration: underline;\"><a style=\"text-decoration: underline;\" href=\"mailto:juniors@cbf.ca\" target=\"_blank\" rel=\"noopener\">juniors@cbf.ca<\/a><\/span> : nom, date de naissance, coordonn\u00e9es et num\u00e9ro de l\u2019ACBL (si vous \u00eates membre de l\u2019ACBL). Veuillez noter que vous devez \u00eatre r\u00e9sident du Canada pour participer au programme. Notre coordinateur pour les juniors est Andy Stark et vous pouvez communiquer avec lui \u00e0 <a href=\"mailto:andystark@cbf.ca\" target=\"_blank\" rel=\"noopener\">andystark@cbf.ca<\/a> pour toute question relative au programme junior.<\/p>\n<h2>Souvenirs des s\u00e9lections 2020<\/h2>\n<p><strong>2020 &#8211; Essais tenus \u00e0 Toronto en mars 2020<\/strong><br \/>\nU21 : Martin Zhao &amp; Jacob Freeman et Olivia Laufer &amp; Albena Vassileva<br \/>\nU16: Samuel Li &amp; Han Wu and Katherine Yang &amp; Yolanda Ling<br \/>\n<a href=\"https:\/\/cbf.ca\/wp-content\/uploads\/2020\/03\/Youth-Trials-6-e1584505856250.jpg\" target=\"_blank\" rel=\"noopener\">Image 1<\/a>\u00a0 \u00a0 <a href=\"https:\/\/cbf.ca\/wp-content\/uploads\/2020\/03\/Youth-Trials-1-e1584503614130.jpg\" target=\"_blank\" rel=\"noopener\">Image 2<\/a>\u00a0 \u00a0<a href=\"https:\/\/cbf.ca\/wp-content\/uploads\/2020\/03\/U16-1-e1584502953888.jpg\" target=\"_blank\" rel=\"noopener\">Image 3<\/a>\u00a0 \u00a0<a href=\"https:\/\/cbf.ca\/wp-content\/uploads\/2020\/03\/U21-3rd-e1584502976808.jpg\" target=\"_blank\" rel=\"noopener\">Image 4<\/a>\u00a0 \u00a0<a href=\"https:\/\/cbf.ca\/wp-content\/uploads\/2020\/03\/U21-2nd-e1584502995791.jpg\" target=\"_blank\" rel=\"noopener\">Image 5<\/a>\u00a0 \u00a0<a href=\"https:\/\/cbf.ca\/wp-content\/uploads\/2020\/03\/U21-1st-e1584503015925.jpg\" target=\"_blank\" rel=\"noopener\">Image 6<\/a>\u00a0 \u00a0<a href=\"https:\/\/cbf.ca\/wp-content\/uploads\/2020\/03\/U21-1-e1584502461973.jpg\" target=\"_blank\" rel=\"noopener\">Image 7<\/a><\/p>\n","protected":false},"excerpt":{"rendered":"<p>Le programme junior de la FCB accueille tous les joueurs \u00e7ag\u00e9s de 10 \u00e0 25 ans. Nous nous r\u00e9unissons r\u00e9guli\u00e8rement en ligne le dimanche soir, \u00e0 18hoo HE pour jouer quelques donnes sur BBO.Ensuite, sur Zoom, nous discutons et analysons les donnes avec un joueur expert \u00e0 des fins d&rsquo;apprentissage. Pour information, veuillez contacter Andy<br><a class=\"moretag signature-animation\" href=\"https:\/\/cbf.ca\/fr\/cbf-programmes-juniors\/\">CONTINUER LA LECTURE<\/a>","protected":false},"author":1,"featured_media":0,"parent":0,"menu_order":0,"comment_status":"closed","ping_status":"closed","template":"","meta":{"footnotes":""},"yoast_head":"<!-- This site is optimized with the Yoast SEO plugin v22.3 - https:\/\/yoast.com\/wordpress\/plugins\/seo\/ -->\n<title>Programmes de la FCB pour les juniors - Canadian Bridge Federation<\/title>\n<meta name=\"robots\" content=\"index, follow, max-snippet:-1, max-image-preview:large, max-video-preview:-1\" \/>\n<link rel=\"canonical\" href=\"https:\/\/cbf.ca\/fr\/cbf-programmes-juniors\/\" \/>\n<meta property=\"og:locale\" content=\"fr_FR\" \/>\n<meta property=\"og:type\" content=\"article\" \/>\n<meta property=\"og:title\" content=\"Programmes de la FCB pour les juniors - Canadian Bridge Federation\" \/>\n<meta property=\"og:description\" content=\"Le programme junior de la FCB accueille tous les joueurs \u00e7ag\u00e9s de 10 \u00e0 25 ans. Nous nous r\u00e9unissons r\u00e9guli\u00e8rement en ligne le dimanche soir, \u00e0 18hoo HE pour jouer quelques donnes sur BBO.Ensuite, sur Zoom, nous discutons et analysons les donnes avec un joueur expert \u00e0 des fins d&rsquo;apprentissage. Pour information, veuillez contacter Andy\" \/>\n<meta property=\"og:url\" content=\"https:\/\/cbf.ca\/fr\/cbf-programmes-juniors\/\" \/>\n<meta property=\"og:site_name\" content=\"Canadian Bridge Federation\" \/>\n<meta property=\"article:publisher\" content=\"https:\/\/www.facebook.com\/Canadian.Bridge.Federation\/\" \/>\n<meta property=\"article:modified_time\" content=\"2026-02-07T03:52:52+00:00\" \/>\n<meta property=\"og:image\" content=\"https:\/\/cbf.ca\/wp-content\/uploads\/2023\/02\/AndyStark-Feb2023-scaled.jpg\" \/>\n<meta name=\"twitter:label1\" content=\"Dur\u00e9e de lecture estim\u00e9e\" \/>\n\t<meta name=\"twitter:data1\" content=\"3 minutes\" \/>\n<script type=\"application\/ld+json\" class=\"yoast-schema-graph\">{\"@context\":\"https:\/\/schema.org\",\"@graph\":[{\"@type\":\"WebPage\",\"@id\":\"https:\/\/cbf.ca\/fr\/cbf-programmes-juniors\/\",\"url\":\"https:\/\/cbf.ca\/fr\/cbf-programmes-juniors\/\",\"name\":\"Programmes de la FCB pour les juniors - Canadian Bridge Federation\",\"isPartOf\":{\"@id\":\"https:\/\/cbf.ca\/#website\"},\"primaryImageOfPage\":{\"@id\":\"https:\/\/cbf.ca\/fr\/cbf-programmes-juniors\/#primaryimage\"},\"image\":{\"@id\":\"https:\/\/cbf.ca\/fr\/cbf-programmes-juniors\/#primaryimage\"},\"thumbnailUrl\":\"https:\/\/cbf.ca\/wp-content\/uploads\/2023\/02\/AndyStark-Feb2023-scaled.jpg\",\"datePublished\":\"2015-03-31T13:30:30+00:00\",\"dateModified\":\"2026-02-07T03:52:52+00:00\",\"breadcrumb\":{\"@id\":\"https:\/\/cbf.ca\/fr\/cbf-programmes-juniors\/#breadcrumb\"},\"inLanguage\":\"fr-FR\",\"potentialAction\":[{\"@type\":\"ReadAction\",\"target\":[\"https:\/\/cbf.ca\/fr\/cbf-programmes-juniors\/\"]}]},{\"@type\":\"ImageObject\",\"inLanguage\":\"fr-FR\",\"@id\":\"https:\/\/cbf.ca\/fr\/cbf-programmes-juniors\/#primaryimage\",\"url\":\"https:\/\/cbf.ca\/wp-content\/uploads\/2023\/02\/AndyStark-Feb2023-scaled.jpg\",\"contentUrl\":\"https:\/\/cbf.ca\/wp-content\/uploads\/2023\/02\/AndyStark-Feb2023-scaled.jpg\",\"width\":1873,\"height\":2560},{\"@type\":\"BreadcrumbList\",\"@id\":\"https:\/\/cbf.ca\/fr\/cbf-programmes-juniors\/#breadcrumb\",\"itemListElement\":[{\"@type\":\"ListItem\",\"position\":1,\"name\":\"Home\",\"item\":\"https:\/\/cbf.ca\/\"},{\"@type\":\"ListItem\",\"position\":2,\"name\":\"Programmes de la FCB pour les juniors\"}]},{\"@type\":\"WebSite\",\"@id\":\"https:\/\/cbf.ca\/#website\",\"url\":\"https:\/\/cbf.ca\/\",\"name\":\"Canadian Bridge Federation\",\"description\":\"F\u00e9d\u00e9ration canadienne de bridge\",\"potentialAction\":[{\"@type\":\"SearchAction\",\"target\":{\"@type\":\"EntryPoint\",\"urlTemplate\":\"https:\/\/cbf.ca\/?s={search_term_string}\"},\"query-input\":\"required name=search_term_string\"}],\"inLanguage\":\"fr-FR\"}]}<\/script>\n<!-- \/ Yoast SEO plugin. -->","yoast_head_json":{"title":"Programmes de la FCB pour les juniors - Canadian Bridge Federation","robots":{"index":"index","follow":"follow","max-snippet":"max-snippet:-1","max-image-preview":"max-image-preview:large","max-video-preview":"max-video-preview:-1"},"canonical":"https:\/\/cbf.ca\/fr\/cbf-programmes-juniors\/","og_locale":"fr_FR","og_type":"article","og_title":"Programmes de la FCB pour les juniors - Canadian Bridge Federation","og_description":"Le programme junior de la FCB accueille tous les joueurs \u00e7ag\u00e9s de 10 \u00e0 25 ans. Nous nous r\u00e9unissons r\u00e9guli\u00e8rement en ligne le dimanche soir, \u00e0 18hoo HE pour jouer quelques donnes sur BBO.Ensuite, sur Zoom, nous discutons et analysons les donnes avec un joueur expert \u00e0 des fins d&rsquo;apprentissage. Pour information, veuillez contacter Andy","og_url":"https:\/\/cbf.ca\/fr\/cbf-programmes-juniors\/","og_site_name":"Canadian Bridge Federation","article_publisher":"https:\/\/www.facebook.com\/Canadian.Bridge.Federation\/","article_modified_time":"2026-02-07T03:52:52+00:00","og_image":[{"url":"https:\/\/cbf.ca\/wp-content\/uploads\/2023\/02\/AndyStark-Feb2023-scaled.jpg"}],"twitter_misc":{"Dur\u00e9e de lecture estim\u00e9e":"3 minutes"},"schema":{"@context":"https:\/\/schema.org","@graph":[{"@type":"WebPage","@id":"https:\/\/cbf.ca\/fr\/cbf-programmes-juniors\/","url":"https:\/\/cbf.ca\/fr\/cbf-programmes-juniors\/","name":"Programmes de la FCB pour les juniors - Canadian Bridge Federation","isPartOf":{"@id":"https:\/\/cbf.ca\/#website"},"primaryImageOfPage":{"@id":"https:\/\/cbf.ca\/fr\/cbf-programmes-juniors\/#primaryimage"},"image":{"@id":"https:\/\/cbf.ca\/fr\/cbf-programmes-juniors\/#primaryimage"},"thumbnailUrl":"https:\/\/cbf.ca\/wp-content\/uploads\/2023\/02\/AndyStark-Feb2023-scaled.jpg","datePublished":"2015-03-31T13:30:30+00:00","dateModified":"2026-02-07T03:52:52+00:00","breadcrumb":{"@id":"https:\/\/cbf.ca\/fr\/cbf-programmes-juniors\/#breadcrumb"},"inLanguage":"fr-FR","potentialAction":[{"@type":"ReadAction","target":["https:\/\/cbf.ca\/fr\/cbf-programmes-juniors\/"]}]},{"@type":"ImageObject","inLanguage":"fr-FR","@id":"https:\/\/cbf.ca\/fr\/cbf-programmes-juniors\/#primaryimage","url":"https:\/\/cbf.ca\/wp-content\/uploads\/2023\/02\/AndyStark-Feb2023-scaled.jpg","contentUrl":"https:\/\/cbf.ca\/wp-content\/uploads\/2023\/02\/AndyStark-Feb2023-scaled.jpg","width":1873,"height":2560},{"@type":"BreadcrumbList","@id":"https:\/\/cbf.ca\/fr\/cbf-programmes-juniors\/#breadcrumb","itemListElement":[{"@type":"ListItem","position":1,"name":"Home","item":"https:\/\/cbf.ca\/"},{"@type":"ListItem","position":2,"name":"Programmes de la FCB pour les juniors"}]},{"@type":"WebSite","@id":"https:\/\/cbf.ca\/#website","url":"https:\/\/cbf.ca\/","name":"Canadian Bridge Federation","description":"F\u00e9d\u00e9ration canadienne de bridge","potentialAction":[{"@type":"SearchAction","target":{"@type":"EntryPoint","urlTemplate":"https:\/\/cbf.ca\/?s={search_term_string}"},"query-input":"required name=search_term_string"}],"inLanguage":"fr-FR"}]}},"_links":{"self":[{"href":"https:\/\/cbf.ca\/fr\/wp-json\/wp\/v2\/pages\/3265"}],"collection":[{"href":"https:\/\/cbf.ca\/fr\/wp-json\/wp\/v2\/pages"}],"about":[{"href":"https:\/\/cbf.ca\/fr\/wp-json\/wp\/v2\/types\/page"}],"author":[{"embeddable":true,"href":"https:\/\/cbf.ca\/fr\/wp-json\/wp\/v2\/users\/1"}],"replies":[{"embeddable":true,"href":"https:\/\/cbf.ca\/fr\/wp-json\/wp\/v2\/comments?post=3265"}],"version-history":[{"count":48,"href":"https:\/\/cbf.ca\/fr\/wp-json\/wp\/v2\/pages\/3265\/revisions"}],"predecessor-version":[{"id":37439,"href":"https:\/\/cbf.ca\/fr\/wp-json\/wp\/v2\/pages\/3265\/revisions\/37439"}],"wp:attachment":[{"href":"https:\/\/cbf.ca\/fr\/wp-json\/wp\/v2\/media?parent=3265"}],"curies":[{"name":"wp","href":"https:\/\/api.w.org\/{rel}","templated":true}]}}