{"id":3262,"date":"2014-09-03T23:55:37","date_gmt":"2014-09-03T19:55:37","guid":{"rendered":"http:\/\/cbf.ca\/?page_id=3262"},"modified":"2026-04-06T01:38:00","modified_gmt":"2026-04-05T21:38:00","slug":"zones-de-la-federation-canadienne-de-bridge","status":"publish","type":"page","link":"https:\/\/cbf.ca\/fr\/propos-de-la-cbf\/zones-de-la-federation-canadienne-de-bridge\/","title":{"rendered":"Zones de la FCB"},"content":{"rendered":"<p>La FCB est form\u00e9e de six zones g\u00e9ographiques, chacune repr\u00e9sent\u00e9e sur le Conseil d\u2019administration de la FCB par un Directeur de zone.<\/p>\n<p>Chaque zone de la FCB englobe les unit\u00e9s canadiennes de l\u2019ACBL de sa r\u00e9gion g\u00e9ographique, comme suit\u00a0:<\/p>\n<p><strong>ZONE I (ACBL District 1)\u00a0\u00a0\u00a0\u00a0\u00a0\u00a0\u00a0\u00a0\u00a0\u00a0\u00a0\u00a0\u00a0\u00a0\u00a0\u00a0\u00a0\u00a0\u00a0\u00a0\u00a0\u00a0\u00a0\u00a0\u00a0\u00a0\u00a0\u00a0\u00a0\u00a0\u00a0\u00a0\u00a0\u00a0 \u00a0\u00a0\u00a0\u00a0\u00a0\u00a0 \u00a0ZONE II (ACBL District 1)<\/strong><\/p>\n<p>Unit\u00e9 194 \u2013 Canada Maritimes\u00a0\u00a0\u00a0\u00a0\u00a0\u00a0\u00a0\u00a0\u00a0\u00a0\u00a0\u00a0\u00a0\u00a0\u00a0\u00a0\u00a0\u00a0\u00a0\u00a0\u00a0\u00a0\u00a0\u00a0 \u00a0\u00a0\u00a0\u00a0\u00a0\u00a0\u00a0\u00a0 Unit\u00e9 151 \u2013 Montr\u00e9al<br \/>\nUnit\u00e9 230 \u2013 Acadie\u00a0\u00a0\u00a0\u00a0\u00a0\u00a0\u00a0\u00a0\u00a0\u00a0\u00a0\u00a0\u00a0\u00a0\u00a0\u00a0\u00a0\u00a0\u00a0\u00a0\u00a0\u00a0\u00a0\u00a0\u00a0\u00a0\u00a0\u00a0\u00a0\u00a0\u00a0\u00a0\u00a0\u00a0\u00a0\u00a0\u00a0\u00a0\u00a0\u00a0\u00a0\u00a0\u00a0\u00a0 \u00a0\u00a0\u00a0\u00a0\u00a0\u00a0\u00a0 \u00a0Unit\u00e9 152 \u2013 Qu\u00e9bec<br \/>\nUnit\u00e9 192 \u2013 Est Ontario<br \/>\nUnit\u00e9 199 \u2013 Saguenay<\/p>\n<p><strong>ZONE III (ACBL District 2)\u00a0\u00a0\u00a0\u00a0\u00a0\u00a0\u00a0\u00a0\u00a0\u00a0\u00a0\u00a0\u00a0\u00a0\u00a0\u00a0\u00a0\u00a0\u00a0\u00a0\u00a0\u00a0\u00a0\u00a0\u00a0\u00a0\u00a0\u00a0\u00a0\u00a0 \u00a0\u00a0\u00a0\u00a0\u00a0\u00a0 \u00a0 ZONE IV (ACBL District 2)<\/strong><\/p>\n<p>Unit\u00e9 166 \u2013 Ontario\u00a0\u00a0\u00a0\u00a0\u00a0\u00a0\u00a0\u00a0\u00a0\u00a0\u00a0\u00a0\u00a0\u00a0\u00a0\u00a0\u00a0\u00a0\u00a0\u00a0\u00a0\u00a0\u00a0\u00a0\u00a0\u00a0\u00a0\u00a0\u00a0\u00a0\u00a0\u00a0\u00a0\u00a0\u00a0\u00a0\u00a0\u00a0\u00a0\u00a0\u00a0\u00a0 \u00a0\u00a0\u00a0\u00a0\u00a0\u00a0 \u00a0 Unit\u00e9 181 \u2013 Winnipeg<br \/>\nUnit\u00e9 246 \u2013 Trent Valley\u00a0\u00a0\u00a0\u00a0\u00a0\u00a0\u00a0\u00a0\u00a0\u00a0\u00a0\u00a0\u00a0\u00a0\u00a0\u00a0\u00a0\u00a0\u00a0\u00a0\u00a0\u00a0\u00a0\u00a0\u00a0\u00a0\u00a0\u00a0\u00a0\u00a0\u00a0\u00a0\u00a0\u00a0 \u00a0\u00a0 \u00a0\u00a0\u00a0 \u00a0 Unit\u00e9 212 \u2013 Sault International<br \/>\nUnit\u00e9 249 \u2013 S.O. Ontario\u00a0\u00a0\u00a0\u00a0\u00a0\u00a0\u00a0\u00a0\u00a0\u00a0\u00a0\u00a0\u00a0\u00a0\u00a0\u00a0\u00a0\u00a0\u00a0\u00a0\u00a0\u00a0\u00a0\u00a0\u00a0\u00a0\u00a0\u00a0\u00a0\u00a0\u00a0\u00a0\u00a0\u00a0 \u00a0\u00a0\u00a0\u00a0\u00a0\u00a0\u00a0 \u00a0Unit\u00e9 228 \u2013 N.O. Ontario<br \/>\nUnit\u00e9 255 \u2013 Niagara \u00a0 \u00a0 \u00a0 \u00a0 \u00a0 \u00a0 \u00a0 \u00a0 \u00a0 \u00a0 \u00a0 \u00a0 \u00a0 \u00a0 \u00a0 \u00a0 \u00a0 \u00a0 \u00a0 \u00a0 \u00a0 \u00a0 \u00a0 \u00a0 \u00a0 Unit\u00e9 238 \u2013 Quonta<\/p>\n<p><strong>ZONE V (ACBL District 18)\u00a0\u00a0\u00a0\u00a0\u00a0\u00a0\u00a0\u00a0\u00a0\u00a0\u00a0\u00a0\u00a0\u00a0\u00a0\u00a0\u00a0\u00a0\u00a0\u00a0\u00a0\u00a0\u00a0\u00a0\u00a0\u00a0\u00a0\u00a0 \u00a0\u00a0\u00a0\u00a0\u00a0 \u00a0 \u00a0ZONE VI (ACBL District 19)<\/strong><\/p>\n<p>Unit\u00e9 248 \u2013 Red Deer\u00a0\u00a0\u00a0\u00a0\u00a0\u00a0\u00a0\u00a0\u00a0\u00a0\u00a0\u00a0\u00a0\u00a0\u00a0\u00a0\u00a0\u00a0\u00a0\u00a0\u00a0\u00a0\u00a0\u00a0\u00a0\u00a0\u00a0\u00a0\u00a0\u00a0\u00a0\u00a0\u00a0\u00a0\u00a0\u00a0\u00a0 \u00a0\u00a0\u00a0\u00a0 \u00a0 \u00a0\u00a0 Unit\u00e9 429 \u2013 Parksville<br \/>\nUnit\u00e9 390 \u2013 Calgary\u00a0\u00a0\u00a0\u00a0\u00a0\u00a0\u00a0\u00a0\u00a0\u00a0\u00a0\u00a0\u00a0\u00a0\u00a0\u00a0\u00a0\u00a0\u00a0\u00a0\u00a0\u00a0\u00a0\u00a0\u00a0\u00a0\u00a0\u00a0\u00a0\u00a0\u00a0\u00a0\u00a0\u00a0\u00a0\u00a0\u00a0\u00a0\u00a0\u00a0 \u00a0\u00a0\u00a0\u00a0\u00a0\u00a0 \u00a0\u00a0 Unit\u00e9 430 \u2013 Vancouver<br \/>\nUnit\u00e9 391 \u2013 N. Alberta\u00a0\u00a0\u00a0\u00a0\u00a0\u00a0\u00a0\u00a0\u00a0\u00a0\u00a0\u00a0\u00a0\u00a0\u00a0\u00a0\u00a0\u00a0\u00a0\u00a0\u00a0\u00a0\u00a0\u00a0\u00a0\u00a0\u00a0\u00a0\u00a0\u00a0\u00a0\u00a0\u00a0\u00a0\u00a0\u00a0\u00a0\u00a0\u00a0\u00a0\u00a0\u00a0\u00a0\u00a0 \u00a0 Unit\u00e9 431 \u2013 Victoria<br \/>\nUnit\u00e9 392 \u2013 Lethbridge\u00a0\u00a0\u00a0\u00a0\u00a0\u00a0\u00a0\u00a0\u00a0\u00a0\u00a0\u00a0\u00a0\u00a0\u00a0\u00a0\u00a0\u00a0\u00a0\u00a0\u00a0\u00a0\u00a0\u00a0\u00a0\u00a0\u00a0\u00a0\u00a0\u00a0\u00a0\u00a0\u00a0\u00a0 \u00a0\u00a0\u00a0\u00a0\u00a0\u00a0\u00a0\u00a0\u00a0 \u00a0Unit\u00e9 456 \u2013 Quesnel<br \/>\nUnit\u00e9 393 \u2013 Medicine Hat\u00a0\u00a0\u00a0\u00a0\u00a0\u00a0\u00a0\u00a0\u00a0\u00a0\u00a0\u00a0\u00a0\u00a0\u00a0\u00a0\u00a0\u00a0\u00a0\u00a0\u00a0\u00a0\u00a0\u00a0\u00a0\u00a0\u00a0\u00a0\u00a0\u00a0\u00a0\u00a0\u00a0\u00a0 \u00a0\u00a0\u00a0\u00a0 \u00a0 Unit\u00e9 571 \u2013 Okanagan<br \/>\nUnit\u00e9 573 \u2013 S. Saskatchewan\u00a0\u00a0\u00a0\u00a0\u00a0\u00a0\u00a0\u00a0\u00a0\u00a0\u00a0\u00a0\u00a0\u00a0\u00a0\u00a0\u00a0\u00a0\u00a0\u00a0\u00a0\u00a0\u00a0\u00a0\u00a0 \u00a0\u00a0\u00a0\u00a0\u00a0 \u00a0\u00a0 Unit\u00e9 574 \u2013 Kootenay<br \/>\nUnit\u00e9 575 \u2013 N. Saskatchewan \/ N. Manitoba<\/p>\n<h3><strong>LE R\u00d4LE DU DIRECTEUR DE ZONE<\/strong><\/h3>\n<p>En tant que membre du Conseil d\u2019administration de la FCB, le Directeur de zone joue un r\u00f4le cl\u00e9 dans les affaires de la FCB. Les t\u00e2ches du Directeur de zone incluent\u00a0:<\/p>\n<ul>\n<li>Participer activement \u00e0 l\u2019\u00e9tablissement des politiques de la FCB, et cr\u00e9er des programmes et services pour servir les besoins des membres de la FCB et promouvoir la FCB.<\/li>\n<li>S\u2019assurer que les opinions de sa zone sont entendues et consid\u00e9r\u00e9es pour tous les sujets discut\u00e9s par le CA.<\/li>\n<li>S\u2019assurer que les membres et les unit\u00e9s de sa zone sont inform\u00e9s des d\u00e9cisions de la FCB et des raisons qui les justifient.<\/li>\n<li>\u00c9tablir le budget annuel de l\u2019organisation.<\/li>\n<li>Promouvoir la FCB et la participation de sa zone aux \u00e9v\u00e9nements de la FCB.<\/li>\n<li>Surveiller l\u2019organisation et s\u2019assurer du succ\u00e8s des Championnats canadiens de bridge ou du R\u00e9gional pour le Fonds international de la FCB pr\u00e9sent\u00e9s dans sa Zone.<\/li>\n<li>Si\u00e9ger comme administrateur \u00e0 la Fondation caritative de la FCB et participer \u00e0 la rencontre ou la conf\u00e9rence t\u00e9l\u00e9phonique annuelle des administrateurs. Le Directeur de zone est responsable d\u2019attribuer, \u00e0 des \u0153uvres caritatives de sa zone, sa subvention discr\u00e9tionnaire du Fonds caritatif.<\/li>\n<li>Participer \u00e0 la rencontre annuelle du Conseil d\u2019administration de la FCB ainsi qu\u2019aux conf\u00e9rences t\u00e9l\u00e9phoniques tenues au cours de l\u2019ann\u00e9e pour les affaires n\u00e9cessitant une attention imm\u00e9diate.<\/li>\n<li>Servir sur diff\u00e9rents comit\u00e9s de la FCB.<\/li>\n<\/ul>\n<h3><strong>\u00c9LECTION DES DIRECTEURS DE ZONE<\/strong><\/h3>\n<p>Les Directeurs de zone sont \u00e9lus pour un terme de trois ans d\u00e9butant en janvier. Les \u00e9lections sont tenues au cours de la derni\u00e8re ann\u00e9e du terme du Directeur de zone. Les nominations pour le poste de directeur de zone doivent \u00eatre re\u00e7ues par le responsable des \u00e9lections de la FCB au plus tard le 15 septembre de l\u2019ann\u00e9e de l\u2019\u00e9lection.<\/p>\n<p>Les unit\u00e9s de la zone votent pour le directeur de zone. Les unit\u00e9s re\u00e7oivent un vote par tranche de dix membres (arrondi au chiffre sup\u00e9rieur) des membres de l\u2019unit\u00e9 inscrits au 1<sup>er<\/sup> mai de l\u2019ann\u00e9e de l\u2019\u00e9lection. Les bulletins de vote doivent \u00eatre retourn\u00e9s au responsable des \u00e9lections au plus tard le 5 d\u00e9cembre de l\u2019ann\u00e9e du vote, ou \u00e0 une date ant\u00e9rieure telle que sp\u00e9cifi\u00e9e par le responsable des \u00e9lections. Le directeur de zone \u00e9lu entre en fonction le 1<sup>er<\/sup> janvier de l\u2019ann\u00e9e suivante.<\/p>\n<p><a href=\"https:\/\/cbf.ca\/wp-content\/uploads\/2026\/04\/2026-FCB_Procedure-Election-Zones.pdf\" target=\"_blank\" rel=\"noopener\"><strong>PROC\u00c9DURE D&rsquo;\u00c9LECTION DE ZONE<\/strong><\/a> : <strong>Instructions pour l&rsquo;\u00e9lection des directeurs de zone de la FCB<\/strong>\u00a0(R\u00e9vision en mars 2026).<\/p>\n","protected":false},"excerpt":{"rendered":"<p>La FCB est form\u00e9e de six zones g\u00e9ographiques, chacune repr\u00e9sent\u00e9e sur le Conseil d\u2019administration de la FCB par un Directeur de zone. Chaque zone de la FCB englobe les unit\u00e9s canadiennes de l\u2019ACBL de sa r\u00e9gion g\u00e9ographique, comme suit\u00a0: ZONE I (ACBL District 1)\u00a0\u00a0\u00a0\u00a0\u00a0\u00a0\u00a0\u00a0\u00a0\u00a0\u00a0\u00a0\u00a0\u00a0\u00a0\u00a0\u00a0\u00a0\u00a0\u00a0\u00a0\u00a0\u00a0\u00a0\u00a0\u00a0\u00a0\u00a0\u00a0\u00a0\u00a0\u00a0\u00a0\u00a0 \u00a0\u00a0\u00a0\u00a0\u00a0\u00a0 \u00a0ZONE II (ACBL District 1) Unit\u00e9 194 \u2013 Canada Maritimes\u00a0\u00a0\u00a0\u00a0\u00a0\u00a0\u00a0\u00a0\u00a0\u00a0\u00a0\u00a0\u00a0\u00a0\u00a0\u00a0\u00a0\u00a0\u00a0\u00a0\u00a0\u00a0\u00a0\u00a0<br><a class=\"moretag signature-animation\" href=\"https:\/\/cbf.ca\/fr\/propos-de-la-cbf\/zones-de-la-federation-canadienne-de-bridge\/\">CONTINUER LA LECTURE<\/a>","protected":false},"author":1,"featured_media":0,"parent":1975,"menu_order":0,"comment_status":"closed","ping_status":"closed","template":"","meta":{"footnotes":""},"yoast_head":"<!-- This site is optimized with the Yoast SEO plugin v22.3 - https:\/\/yoast.com\/wordpress\/plugins\/seo\/ -->\n<title>Zones de la FCB - Canadian Bridge Federation<\/title>\n<meta name=\"robots\" content=\"index, follow, max-snippet:-1, max-image-preview:large, max-video-preview:-1\" \/>\n<link rel=\"canonical\" href=\"https:\/\/cbf.ca\/fr\/propos-de-la-cbf\/zones-de-la-federation-canadienne-de-bridge\/\" \/>\n<meta property=\"og:locale\" content=\"fr_FR\" \/>\n<meta property=\"og:type\" content=\"article\" \/>\n<meta property=\"og:title\" content=\"Zones de la FCB - Canadian Bridge Federation\" \/>\n<meta property=\"og:description\" content=\"La FCB est form\u00e9e de six zones g\u00e9ographiques, chacune repr\u00e9sent\u00e9e sur le Conseil d\u2019administration de la FCB par un Directeur de zone. Chaque zone de la FCB englobe les unit\u00e9s canadiennes de l\u2019ACBL de sa r\u00e9gion g\u00e9ographique, comme suit\u00a0: ZONE I (ACBL District 1)\u00a0\u00a0\u00a0\u00a0\u00a0\u00a0\u00a0\u00a0\u00a0\u00a0\u00a0\u00a0\u00a0\u00a0\u00a0\u00a0\u00a0\u00a0\u00a0\u00a0\u00a0\u00a0\u00a0\u00a0\u00a0\u00a0\u00a0\u00a0\u00a0\u00a0\u00a0\u00a0\u00a0\u00a0 \u00a0\u00a0\u00a0\u00a0\u00a0\u00a0 \u00a0ZONE II (ACBL District 1) Unit\u00e9 194 \u2013 Canada Maritimes\u00a0\u00a0\u00a0\u00a0\u00a0\u00a0\u00a0\u00a0\u00a0\u00a0\u00a0\u00a0\u00a0\u00a0\u00a0\u00a0\u00a0\u00a0\u00a0\u00a0\u00a0\u00a0\u00a0\u00a0\" \/>\n<meta property=\"og:url\" content=\"https:\/\/cbf.ca\/fr\/propos-de-la-cbf\/zones-de-la-federation-canadienne-de-bridge\/\" \/>\n<meta property=\"og:site_name\" content=\"Canadian Bridge Federation\" \/>\n<meta property=\"article:publisher\" content=\"https:\/\/www.facebook.com\/Canadian.Bridge.Federation\/\" \/>\n<meta property=\"article:modified_time\" content=\"2026-04-05T21:38:00+00:00\" \/>\n<meta name=\"twitter:label1\" content=\"Dur\u00e9e de lecture estim\u00e9e\" \/>\n\t<meta name=\"twitter:data1\" content=\"3 minutes\" \/>\n<script type=\"application\/ld+json\" class=\"yoast-schema-graph\">{\"@context\":\"https:\/\/schema.org\",\"@graph\":[{\"@type\":\"WebPage\",\"@id\":\"https:\/\/cbf.ca\/fr\/propos-de-la-cbf\/zones-de-la-federation-canadienne-de-bridge\/\",\"url\":\"https:\/\/cbf.ca\/fr\/propos-de-la-cbf\/zones-de-la-federation-canadienne-de-bridge\/\",\"name\":\"Zones de la FCB - Canadian Bridge Federation\",\"isPartOf\":{\"@id\":\"https:\/\/cbf.ca\/#website\"},\"datePublished\":\"2014-09-03T19:55:37+00:00\",\"dateModified\":\"2026-04-05T21:38:00+00:00\",\"breadcrumb\":{\"@id\":\"https:\/\/cbf.ca\/fr\/propos-de-la-cbf\/zones-de-la-federation-canadienne-de-bridge\/#breadcrumb\"},\"inLanguage\":\"fr-FR\",\"potentialAction\":[{\"@type\":\"ReadAction\",\"target\":[\"https:\/\/cbf.ca\/fr\/propos-de-la-cbf\/zones-de-la-federation-canadienne-de-bridge\/\"]}]},{\"@type\":\"BreadcrumbList\",\"@id\":\"https:\/\/cbf.ca\/fr\/propos-de-la-cbf\/zones-de-la-federation-canadienne-de-bridge\/#breadcrumb\",\"itemListElement\":[{\"@type\":\"ListItem\",\"position\":1,\"name\":\"Home\",\"item\":\"https:\/\/cbf.ca\/\"},{\"@type\":\"ListItem\",\"position\":2,\"name\":\"A propos de la FCB\",\"item\":\"https:\/\/cbf.ca\/fr\/propos-de-la-cbf\/\"},{\"@type\":\"ListItem\",\"position\":3,\"name\":\"Zones de la FCB\"}]},{\"@type\":\"WebSite\",\"@id\":\"https:\/\/cbf.ca\/#website\",\"url\":\"https:\/\/cbf.ca\/\",\"name\":\"Canadian Bridge Federation\",\"description\":\"F\u00e9d\u00e9ration canadienne de bridge\",\"potentialAction\":[{\"@type\":\"SearchAction\",\"target\":{\"@type\":\"EntryPoint\",\"urlTemplate\":\"https:\/\/cbf.ca\/?s={search_term_string}\"},\"query-input\":\"required name=search_term_string\"}],\"inLanguage\":\"fr-FR\"}]}<\/script>\n<!-- \/ Yoast SEO plugin. -->","yoast_head_json":{"title":"Zones de la FCB - Canadian Bridge Federation","robots":{"index":"index","follow":"follow","max-snippet":"max-snippet:-1","max-image-preview":"max-image-preview:large","max-video-preview":"max-video-preview:-1"},"canonical":"https:\/\/cbf.ca\/fr\/propos-de-la-cbf\/zones-de-la-federation-canadienne-de-bridge\/","og_locale":"fr_FR","og_type":"article","og_title":"Zones de la FCB - Canadian Bridge Federation","og_description":"La FCB est form\u00e9e de six zones g\u00e9ographiques, chacune repr\u00e9sent\u00e9e sur le Conseil d\u2019administration de la FCB par un Directeur de zone. Chaque zone de la FCB englobe les unit\u00e9s canadiennes de l\u2019ACBL de sa r\u00e9gion g\u00e9ographique, comme suit\u00a0: ZONE I (ACBL District 1)\u00a0\u00a0\u00a0\u00a0\u00a0\u00a0\u00a0\u00a0\u00a0\u00a0\u00a0\u00a0\u00a0\u00a0\u00a0\u00a0\u00a0\u00a0\u00a0\u00a0\u00a0\u00a0\u00a0\u00a0\u00a0\u00a0\u00a0\u00a0\u00a0\u00a0\u00a0\u00a0\u00a0\u00a0 \u00a0\u00a0\u00a0\u00a0\u00a0\u00a0 \u00a0ZONE II (ACBL District 1) Unit\u00e9 194 \u2013 Canada Maritimes\u00a0\u00a0\u00a0\u00a0\u00a0\u00a0\u00a0\u00a0\u00a0\u00a0\u00a0\u00a0\u00a0\u00a0\u00a0\u00a0\u00a0\u00a0\u00a0\u00a0\u00a0\u00a0\u00a0\u00a0","og_url":"https:\/\/cbf.ca\/fr\/propos-de-la-cbf\/zones-de-la-federation-canadienne-de-bridge\/","og_site_name":"Canadian Bridge Federation","article_publisher":"https:\/\/www.facebook.com\/Canadian.Bridge.Federation\/","article_modified_time":"2026-04-05T21:38:00+00:00","twitter_misc":{"Dur\u00e9e de lecture estim\u00e9e":"3 minutes"},"schema":{"@context":"https:\/\/schema.org","@graph":[{"@type":"WebPage","@id":"https:\/\/cbf.ca\/fr\/propos-de-la-cbf\/zones-de-la-federation-canadienne-de-bridge\/","url":"https:\/\/cbf.ca\/fr\/propos-de-la-cbf\/zones-de-la-federation-canadienne-de-bridge\/","name":"Zones de la FCB - Canadian Bridge Federation","isPartOf":{"@id":"https:\/\/cbf.ca\/#website"},"datePublished":"2014-09-03T19:55:37+00:00","dateModified":"2026-04-05T21:38:00+00:00","breadcrumb":{"@id":"https:\/\/cbf.ca\/fr\/propos-de-la-cbf\/zones-de-la-federation-canadienne-de-bridge\/#breadcrumb"},"inLanguage":"fr-FR","potentialAction":[{"@type":"ReadAction","target":["https:\/\/cbf.ca\/fr\/propos-de-la-cbf\/zones-de-la-federation-canadienne-de-bridge\/"]}]},{"@type":"BreadcrumbList","@id":"https:\/\/cbf.ca\/fr\/propos-de-la-cbf\/zones-de-la-federation-canadienne-de-bridge\/#breadcrumb","itemListElement":[{"@type":"ListItem","position":1,"name":"Home","item":"https:\/\/cbf.ca\/"},{"@type":"ListItem","position":2,"name":"A propos de la FCB","item":"https:\/\/cbf.ca\/fr\/propos-de-la-cbf\/"},{"@type":"ListItem","position":3,"name":"Zones de la FCB"}]},{"@type":"WebSite","@id":"https:\/\/cbf.ca\/#website","url":"https:\/\/cbf.ca\/","name":"Canadian Bridge Federation","description":"F\u00e9d\u00e9ration canadienne de bridge","potentialAction":[{"@type":"SearchAction","target":{"@type":"EntryPoint","urlTemplate":"https:\/\/cbf.ca\/?s={search_term_string}"},"query-input":"required name=search_term_string"}],"inLanguage":"fr-FR"}]}},"_links":{"self":[{"href":"https:\/\/cbf.ca\/fr\/wp-json\/wp\/v2\/pages\/3262"}],"collection":[{"href":"https:\/\/cbf.ca\/fr\/wp-json\/wp\/v2\/pages"}],"about":[{"href":"https:\/\/cbf.ca\/fr\/wp-json\/wp\/v2\/types\/page"}],"author":[{"embeddable":true,"href":"https:\/\/cbf.ca\/fr\/wp-json\/wp\/v2\/users\/1"}],"replies":[{"embeddable":true,"href":"https:\/\/cbf.ca\/fr\/wp-json\/wp\/v2\/comments?post=3262"}],"version-history":[{"count":17,"href":"https:\/\/cbf.ca\/fr\/wp-json\/wp\/v2\/pages\/3262\/revisions"}],"predecessor-version":[{"id":38586,"href":"https:\/\/cbf.ca\/fr\/wp-json\/wp\/v2\/pages\/3262\/revisions\/38586"}],"up":[{"embeddable":true,"href":"https:\/\/cbf.ca\/fr\/wp-json\/wp\/v2\/pages\/1975"}],"wp:attachment":[{"href":"https:\/\/cbf.ca\/fr\/wp-json\/wp\/v2\/media?parent=3262"}],"curies":[{"name":"wp","href":"https:\/\/api.w.org\/{rel}","templated":true}]}}